{"id":21027,"date":"2023-01-18T10:06:00","date_gmt":"2023-01-18T09:06:00","guid":{"rendered":"https:\/\/eurotrail.info\/producten\/mount-baker-btc-air-gonflable\/"},"modified":"2023-07-27T14:24:23","modified_gmt":"2023-07-27T13:24:23","slug":"mount-baker-btc-air-gonflable","status":"publish","type":"product","link":"https:\/\/eurotrail.info\/fr\/producten\/tentes\/tentes-respirantes-btc\/mount-baker-btc-air-gonflable\/","title":{"rendered":"MOUNT BAKER BTC Air gonflable"},"content":{"rendered":"<p><span lang=\"FR\">Le Mount Baker BTC est fabriqu\u00e9 en polyester\/coton respirant et convient pour 5 personnes. Tr\u00e8s grand espace de vie pratique avec de grandes fen\u00eatres verrouillables tout autour et une belle vue panoramique. Porte lat\u00e9rale avec auvent anti-pluie et porte en filet suppl\u00e9mentaire pour une bonne ventilation. Le Mount Baker Air est \u00e9quip\u00e9 du syst\u00e8me de gonflage AirTube pour une mise en place simple et rapide. Le salon offre beaucoup d&#8217;espace pour table, chaises et bagages. L&#8217;auvent avant fixe profond avec fen\u00eatres vous offre une zone ombrag\u00e9e parfaite pour vous asseoir et vous d\u00e9tendre. La grande tente int\u00e9rieure avec s\u00e9parateur peut \u00eatre divis\u00e9e en une cabine spacieuse pour 3 et 2 personnes et dispose \u00e9galement d&#8217;un organisateur pratique dans la paroi avant et de poches en filet \u00e0 l&#8217;int\u00e9rieur. Le tapis de sol enti\u00e8rement fixe garantit que la salet\u00e9 et la vermine restent \u00e0 l&#8217;ext\u00e9rieur.<\/span><\/p>\n<p><a href=\"https:\/\/youtu.be\/f5YfeBcPHA4\">YouTube manuel Mount Baker Air<\/a><\/p>\n<p>Tissu ext\u00e9rieur : Polyester\/coton 65\/35% respirant<br \/>\nTente int\u00e9rieure : 100 % polyester<br \/>\nBas : 100% polyester Oxford min.5000mm<br \/>\nTubes \u00e0 air : \u00d8 12 cm<br \/>\nM\u00e2t de canop\u00e9e : \u00d8 9,5 mm + m\u00e2t en aluminium \u00d8 7,9 mm<br \/>\nDimensions : 710x360x210cm<br \/>\nHauteur : 210cm<br \/>\nPoids : 43 kg<br \/>\nEmball\u00e9 : 90x70x50cm<\/p>\n","protected":false},"excerpt":{"rendered":"<p>Le Mount Baker BTC est fabriqu\u00e9 en polyester\/coton respirant et convient pour 5 personnes. Tr\u00e8s grand espace de vie pratique avec de grandes fen\u00eatres verrouillables&hellip;<\/p>\n","protected":false},"featured_media":21021,"comment_status":"open","ping_status":"closed","template":"","meta":{"_acf_changed":false},"product_brand":[],"product_cat":[275,276,277],"product_tag":[],"class_list":{"0":"post-21027","1":"product","2":"type-product","3":"status-publish","4":"has-post-thumbnail","6":"product_cat-tentes","7":"product_cat-tentes-gonflables-airtube","8":"product_cat-tentes-respirantes-btc","10":"first","11":"instock","12":"shipping-taxable","13":"product-type-simple"},"acf":[],"yoast_head":"<!-- This site is optimized with the Yoast SEO plugin v27.4 - https:\/\/yoast.com\/product\/yoast-seo-wordpress\/ -->\n<title>MOUNT BAKER BTC Air gonflable - Eurotrail | The way we camp!<\/title>\n<meta name=\"robots\" content=\"index, follow, max-snippet:-1, max-image-preview:large, max-video-preview:-1\" \/>\n<link rel=\"canonical\" href=\"https:\/\/eurotrail.info\/fr\/producten\/tentes\/tentes-respirantes-btc\/mount-baker-btc-air-gonflable\/\" \/>\n<meta property=\"og:locale\" content=\"fr_FR\" \/>\n<meta property=\"og:type\" content=\"article\" \/>\n<meta property=\"og:title\" content=\"MOUNT BAKER BTC Air gonflable - Eurotrail | The way we camp!\" \/>\n<meta property=\"og:description\" content=\"Le Mount Baker BTC est fabriqu\u00e9 en polyester\/coton respirant et convient pour 5 personnes. Tr\u00e8s grand espace de vie pratique avec de grandes fen\u00eatres verrouillables&hellip;\" \/>\n<meta property=\"og:url\" content=\"https:\/\/eurotrail.info\/fr\/producten\/tentes\/tentes-respirantes-btc\/mount-baker-btc-air-gonflable\/\" \/>\n<meta property=\"og:site_name\" content=\"Eurotrail | The way we camp!\" \/>\n<meta property=\"article:modified_time\" content=\"2023-07-27T13:24:23+00:00\" \/>\n<meta property=\"og:image\" content=\"https:\/\/eurotrail.info\/wp\/wp-content\/uploads\/2023\/01\/ETTE1131_Mount-Baker-Air_sfeer-scaled.jpg\" \/>\n\t<meta property=\"og:image:width\" content=\"2560\" \/>\n\t<meta property=\"og:image:height\" content=\"1707\" \/>\n\t<meta property=\"og:image:type\" content=\"image\/jpeg\" \/>\n<meta name=\"twitter:card\" content=\"summary_large_image\" \/>\n<meta name=\"twitter:label1\" content=\"Dur\u00e9e de lecture estim\u00e9e\" \/>\n\t<meta name=\"twitter:data1\" content=\"1 minute\" \/>\n<script type=\"application\/ld+json\" class=\"yoast-schema-graph\">{\"@context\":\"https:\\\/\\\/schema.org\",\"@graph\":[{\"@type\":\"WebPage\",\"@id\":\"https:\\\/\\\/eurotrail.info\\\/fr\\\/producten\\\/tentes\\\/tentes-respirantes-btc\\\/mount-baker-btc-air-gonflable\\\/\",\"url\":\"https:\\\/\\\/eurotrail.info\\\/fr\\\/producten\\\/tentes\\\/tentes-respirantes-btc\\\/mount-baker-btc-air-gonflable\\\/\",\"name\":\"MOUNT BAKER BTC Air gonflable - Eurotrail | The way we camp!\",\"isPartOf\":{\"@id\":\"https:\\\/\\\/eurotrail.info\\\/#website\"},\"primaryImageOfPage\":{\"@id\":\"https:\\\/\\\/eurotrail.info\\\/fr\\\/producten\\\/tentes\\\/tentes-respirantes-btc\\\/mount-baker-btc-air-gonflable\\\/#primaryimage\"},\"image\":{\"@id\":\"https:\\\/\\\/eurotrail.info\\\/fr\\\/producten\\\/tentes\\\/tentes-respirantes-btc\\\/mount-baker-btc-air-gonflable\\\/#primaryimage\"},\"thumbnailUrl\":\"https:\\\/\\\/eurotrail.info\\\/wp\\\/wp-content\\\/uploads\\\/2023\\\/01\\\/ETTE1131_Mount-Baker-Air_sfeer-scaled.jpg\",\"datePublished\":\"2023-01-18T09:06:00+00:00\",\"dateModified\":\"2023-07-27T13:24:23+00:00\",\"breadcrumb\":{\"@id\":\"https:\\\/\\\/eurotrail.info\\\/fr\\\/producten\\\/tentes\\\/tentes-respirantes-btc\\\/mount-baker-btc-air-gonflable\\\/#breadcrumb\"},\"inLanguage\":\"fr-FR\",\"potentialAction\":[{\"@type\":\"ReadAction\",\"target\":[\"https:\\\/\\\/eurotrail.info\\\/fr\\\/producten\\\/tentes\\\/tentes-respirantes-btc\\\/mount-baker-btc-air-gonflable\\\/\"]}]},{\"@type\":\"ImageObject\",\"inLanguage\":\"fr-FR\",\"@id\":\"https:\\\/\\\/eurotrail.info\\\/fr\\\/producten\\\/tentes\\\/tentes-respirantes-btc\\\/mount-baker-btc-air-gonflable\\\/#primaryimage\",\"url\":\"https:\\\/\\\/eurotrail.info\\\/wp\\\/wp-content\\\/uploads\\\/2023\\\/01\\\/ETTE1131_Mount-Baker-Air_sfeer-scaled.jpg\",\"contentUrl\":\"https:\\\/\\\/eurotrail.info\\\/wp\\\/wp-content\\\/uploads\\\/2023\\\/01\\\/ETTE1131_Mount-Baker-Air_sfeer-scaled.jpg\",\"width\":2560,\"height\":1707,\"caption\":\"Eurotrail Kentucky BTC AIR familietent\"},{\"@type\":\"BreadcrumbList\",\"@id\":\"https:\\\/\\\/eurotrail.info\\\/fr\\\/producten\\\/tentes\\\/tentes-respirantes-btc\\\/mount-baker-btc-air-gonflable\\\/#breadcrumb\",\"itemListElement\":[{\"@type\":\"ListItem\",\"position\":1,\"name\":\"Home\",\"item\":\"https:\\\/\\\/eurotrail.info\\\/fr\\\/\"},{\"@type\":\"ListItem\",\"position\":2,\"name\":\"Produits\",\"item\":\"https:\\\/\\\/eurotrail.info\\\/fr\\\/produits\\\/\"},{\"@type\":\"ListItem\",\"position\":3,\"name\":\"MOUNT BAKER BTC Air gonflable\"}]},{\"@type\":\"WebSite\",\"@id\":\"https:\\\/\\\/eurotrail.info\\\/#website\",\"url\":\"https:\\\/\\\/eurotrail.info\\\/\",\"name\":\"Eurotrail | The way we camp!\",\"description\":\"\",\"publisher\":{\"@id\":\"https:\\\/\\\/eurotrail.info\\\/#organization\"},\"potentialAction\":[{\"@type\":\"SearchAction\",\"target\":{\"@type\":\"EntryPoint\",\"urlTemplate\":\"https:\\\/\\\/eurotrail.info\\\/?s={search_term_string}\"},\"query-input\":{\"@type\":\"PropertyValueSpecification\",\"valueRequired\":true,\"valueName\":\"search_term_string\"}}],\"inLanguage\":\"fr-FR\"},{\"@type\":\"Organization\",\"@id\":\"https:\\\/\\\/eurotrail.info\\\/#organization\",\"name\":\"Eurotrail | The way we camp!\",\"url\":\"https:\\\/\\\/eurotrail.info\\\/\",\"logo\":{\"@type\":\"ImageObject\",\"inLanguage\":\"fr-FR\",\"@id\":\"https:\\\/\\\/eurotrail.info\\\/#\\\/schema\\\/logo\\\/image\\\/\",\"url\":\"https:\\\/\\\/eurotrail.info\\\/wp\\\/wp-content\\\/uploads\\\/2023\\\/07\\\/ET-logo-quote_NL-scaled.jpg\",\"contentUrl\":\"https:\\\/\\\/eurotrail.info\\\/wp\\\/wp-content\\\/uploads\\\/2023\\\/07\\\/ET-logo-quote_NL-scaled.jpg\",\"width\":2560,\"height\":675,\"caption\":\"Eurotrail | The way we camp!\"},\"image\":{\"@id\":\"https:\\\/\\\/eurotrail.info\\\/#\\\/schema\\\/logo\\\/image\\\/\"}}]}<\/script>\n<!-- \/ Yoast SEO plugin. -->","yoast_head_json":{"title":"MOUNT BAKER BTC Air gonflable - Eurotrail | The way we camp!","robots":{"index":"index","follow":"follow","max-snippet":"max-snippet:-1","max-image-preview":"max-image-preview:large","max-video-preview":"max-video-preview:-1"},"canonical":"https:\/\/eurotrail.info\/fr\/producten\/tentes\/tentes-respirantes-btc\/mount-baker-btc-air-gonflable\/","og_locale":"fr_FR","og_type":"article","og_title":"MOUNT BAKER BTC Air gonflable - Eurotrail | The way we camp!","og_description":"Le Mount Baker BTC est fabriqu\u00e9 en polyester\/coton respirant et convient pour 5 personnes. Tr\u00e8s grand espace de vie pratique avec de grandes fen\u00eatres verrouillables&hellip;","og_url":"https:\/\/eurotrail.info\/fr\/producten\/tentes\/tentes-respirantes-btc\/mount-baker-btc-air-gonflable\/","og_site_name":"Eurotrail | The way we camp!","article_modified_time":"2023-07-27T13:24:23+00:00","og_image":[{"width":2560,"height":1707,"url":"https:\/\/eurotrail.info\/wp\/wp-content\/uploads\/2023\/01\/ETTE1131_Mount-Baker-Air_sfeer-scaled.jpg","type":"image\/jpeg"}],"twitter_card":"summary_large_image","twitter_misc":{"Dur\u00e9e de lecture estim\u00e9e":"1 minute"},"schema":{"@context":"https:\/\/schema.org","@graph":[{"@type":"WebPage","@id":"https:\/\/eurotrail.info\/fr\/producten\/tentes\/tentes-respirantes-btc\/mount-baker-btc-air-gonflable\/","url":"https:\/\/eurotrail.info\/fr\/producten\/tentes\/tentes-respirantes-btc\/mount-baker-btc-air-gonflable\/","name":"MOUNT BAKER BTC Air gonflable - Eurotrail | The way we camp!","isPartOf":{"@id":"https:\/\/eurotrail.info\/#website"},"primaryImageOfPage":{"@id":"https:\/\/eurotrail.info\/fr\/producten\/tentes\/tentes-respirantes-btc\/mount-baker-btc-air-gonflable\/#primaryimage"},"image":{"@id":"https:\/\/eurotrail.info\/fr\/producten\/tentes\/tentes-respirantes-btc\/mount-baker-btc-air-gonflable\/#primaryimage"},"thumbnailUrl":"https:\/\/eurotrail.info\/wp\/wp-content\/uploads\/2023\/01\/ETTE1131_Mount-Baker-Air_sfeer-scaled.jpg","datePublished":"2023-01-18T09:06:00+00:00","dateModified":"2023-07-27T13:24:23+00:00","breadcrumb":{"@id":"https:\/\/eurotrail.info\/fr\/producten\/tentes\/tentes-respirantes-btc\/mount-baker-btc-air-gonflable\/#breadcrumb"},"inLanguage":"fr-FR","potentialAction":[{"@type":"ReadAction","target":["https:\/\/eurotrail.info\/fr\/producten\/tentes\/tentes-respirantes-btc\/mount-baker-btc-air-gonflable\/"]}]},{"@type":"ImageObject","inLanguage":"fr-FR","@id":"https:\/\/eurotrail.info\/fr\/producten\/tentes\/tentes-respirantes-btc\/mount-baker-btc-air-gonflable\/#primaryimage","url":"https:\/\/eurotrail.info\/wp\/wp-content\/uploads\/2023\/01\/ETTE1131_Mount-Baker-Air_sfeer-scaled.jpg","contentUrl":"https:\/\/eurotrail.info\/wp\/wp-content\/uploads\/2023\/01\/ETTE1131_Mount-Baker-Air_sfeer-scaled.jpg","width":2560,"height":1707,"caption":"Eurotrail Kentucky BTC AIR familietent"},{"@type":"BreadcrumbList","@id":"https:\/\/eurotrail.info\/fr\/producten\/tentes\/tentes-respirantes-btc\/mount-baker-btc-air-gonflable\/#breadcrumb","itemListElement":[{"@type":"ListItem","position":1,"name":"Home","item":"https:\/\/eurotrail.info\/fr\/"},{"@type":"ListItem","position":2,"name":"Produits","item":"https:\/\/eurotrail.info\/fr\/produits\/"},{"@type":"ListItem","position":3,"name":"MOUNT BAKER BTC Air gonflable"}]},{"@type":"WebSite","@id":"https:\/\/eurotrail.info\/#website","url":"https:\/\/eurotrail.info\/","name":"Eurotrail | The way we camp!","description":"","publisher":{"@id":"https:\/\/eurotrail.info\/#organization"},"potentialAction":[{"@type":"SearchAction","target":{"@type":"EntryPoint","urlTemplate":"https:\/\/eurotrail.info\/?s={search_term_string}"},"query-input":{"@type":"PropertyValueSpecification","valueRequired":true,"valueName":"search_term_string"}}],"inLanguage":"fr-FR"},{"@type":"Organization","@id":"https:\/\/eurotrail.info\/#organization","name":"Eurotrail | The way we camp!","url":"https:\/\/eurotrail.info\/","logo":{"@type":"ImageObject","inLanguage":"fr-FR","@id":"https:\/\/eurotrail.info\/#\/schema\/logo\/image\/","url":"https:\/\/eurotrail.info\/wp\/wp-content\/uploads\/2023\/07\/ET-logo-quote_NL-scaled.jpg","contentUrl":"https:\/\/eurotrail.info\/wp\/wp-content\/uploads\/2023\/07\/ET-logo-quote_NL-scaled.jpg","width":2560,"height":675,"caption":"Eurotrail | The way we camp!"},"image":{"@id":"https:\/\/eurotrail.info\/#\/schema\/logo\/image\/"}}]}},"_links":{"self":[{"href":"https:\/\/eurotrail.info\/fr\/wp-json\/wp\/v2\/product\/21027","targetHints":{"allow":["GET"]}}],"collection":[{"href":"https:\/\/eurotrail.info\/fr\/wp-json\/wp\/v2\/product"}],"about":[{"href":"https:\/\/eurotrail.info\/fr\/wp-json\/wp\/v2\/types\/product"}],"replies":[{"embeddable":true,"href":"https:\/\/eurotrail.info\/fr\/wp-json\/wp\/v2\/comments?post=21027"}],"wp:featuredmedia":[{"embeddable":true,"href":"https:\/\/eurotrail.info\/fr\/wp-json\/wp\/v2\/media\/21021"}],"wp:attachment":[{"href":"https:\/\/eurotrail.info\/fr\/wp-json\/wp\/v2\/media?parent=21027"}],"wp:term":[{"taxonomy":"product_brand","embeddable":true,"href":"https:\/\/eurotrail.info\/fr\/wp-json\/wp\/v2\/product_brand?post=21027"},{"taxonomy":"product_cat","embeddable":true,"href":"https:\/\/eurotrail.info\/fr\/wp-json\/wp\/v2\/product_cat?post=21027"},{"taxonomy":"product_tag","embeddable":true,"href":"https:\/\/eurotrail.info\/fr\/wp-json\/wp\/v2\/product_tag?post=21027"}],"curies":[{"name":"wp","href":"https:\/\/api.w.org\/{rel}","templated":true}]}}