{"id":21077,"date":"2023-01-18T10:27:15","date_gmt":"2023-01-18T09:27:15","guid":{"rendered":"https:\/\/eurotrail.info\/producten\/iowa-btc-air-gonflable\/"},"modified":"2023-07-27T16:15:32","modified_gmt":"2023-07-27T15:15:32","slug":"iowa-btc-air-gonflable","status":"publish","type":"product","link":"https:\/\/eurotrail.info\/fr\/producten\/tentes\/tentes-respirantes-btc\/iowa-btc-air-gonflable\/","title":{"rendered":"IOWA BTC Air gonflable"},"content":{"rendered":"<p><span lang=\"FR\">L&#8217;Iowa BTC Air est une tente pour 3 personnes avec un espace de vie spacieux. Le double-toit est en polyester\/coton respirant pour un climat parfait dans la tente. L&#8217;Iowa est livr\u00e9 avec le syst\u00e8me de gonflage AirTube pour un montage simple et rapide de la tente. La tente int\u00e9rieure offre suffisamment d&#8217;espace pour 3 personnes et est \u00e9quip\u00e9e de poches de rangement. Le salon est \u00e0 hauteur d&#8217;homme et offre suffisamment d&#8217;espace pour une table et des chaises. De grandes fen\u00eatres avec couverture et \u00e0 c\u00f4t\u00e9 de l&#8217;entr\u00e9e principale il y a aussi une porte lat\u00e9rale qui a une porte en filet suppl\u00e9mentaire pour la ventilation. Le tapis de sol fixe emp\u00eache l&#8217;eau et la vermine d&#8217;entrer. L&#8217;auvent offre un endroit id\u00e9al pour s&#8217;asseoir \u00e0 l&#8217;abri du soleil ou de la pluie.<\/span><\/p>\n<p><a href=\"https:\/\/youtu.be\/kF6QduBW0Vk\">YouTube manuel Iowa Air<\/a><\/p>\n<p><strong>Iowa Aluminium\u00a0<\/strong><br \/>\nCe mod\u00e8le est \u00e9galement disponible avec des arceaux en aluminium \u00d8 13 mm ! (ETTE1111 Iowa BTC Alu, poids 16,5 kg.)<\/p>\n<p>Tissu ext\u00e9rieur : polyester\/coton 65\/35 % mati\u00e8re respirante<br \/>\nTente int\u00e9rieure : 100 % polyester<br \/>\nBas : 100% polyester Oxford min.5000mm<br \/>\nTubes \u00e0 air : \u00d8 10 cm<br \/>\nM\u00e2t de verri\u00e8re : aluminium \u00d8 7,9 mm<br \/>\nTaille : 490x240x190cm<br \/>\nHauteur : 190cm<br \/>\nPoids : 21,8 kg.<br \/>\nEmball\u00e9 : 80x50x35cm<\/p>\n","protected":false},"excerpt":{"rendered":"<p>L&#8217;Iowa BTC Air est une tente pour 3 personnes avec un espace de vie spacieux. Le double-toit est en polyester\/coton respirant pour un climat parfait&hellip;<\/p>\n","protected":false},"featured_media":21067,"comment_status":"open","ping_status":"closed","template":"","meta":{"_acf_changed":false},"product_brand":[],"product_cat":[275,276,277],"product_tag":[],"class_list":{"0":"post-21077","1":"product","2":"type-product","3":"status-publish","4":"has-post-thumbnail","6":"product_cat-tentes","7":"product_cat-tentes-gonflables-airtube","8":"product_cat-tentes-respirantes-btc","10":"first","11":"instock","12":"shipping-taxable","13":"product-type-simple"},"acf":[],"yoast_head":"<!-- This site is optimized with the Yoast SEO plugin v27.4 - https:\/\/yoast.com\/product\/yoast-seo-wordpress\/ -->\n<title>IOWA BTC Air gonflable - Eurotrail | The way we camp!<\/title>\n<meta name=\"robots\" content=\"index, follow, max-snippet:-1, max-image-preview:large, max-video-preview:-1\" \/>\n<link rel=\"canonical\" href=\"https:\/\/eurotrail.info\/fr\/producten\/tentes\/tentes-respirantes-btc\/iowa-btc-air-gonflable\/\" \/>\n<meta property=\"og:locale\" content=\"fr_FR\" \/>\n<meta property=\"og:type\" content=\"article\" \/>\n<meta property=\"og:title\" content=\"IOWA BTC Air gonflable - Eurotrail | The way we camp!\" \/>\n<meta property=\"og:description\" content=\"L&#8217;Iowa BTC Air est une tente pour 3 personnes avec un espace de vie spacieux. Le double-toit est en polyester\/coton respirant pour un climat parfait&hellip;\" \/>\n<meta property=\"og:url\" content=\"https:\/\/eurotrail.info\/fr\/producten\/tentes\/tentes-respirantes-btc\/iowa-btc-air-gonflable\/\" \/>\n<meta property=\"og:site_name\" content=\"Eurotrail | The way we camp!\" \/>\n<meta property=\"article:modified_time\" content=\"2023-07-27T15:15:32+00:00\" \/>\n<meta property=\"og:image\" content=\"https:\/\/eurotrail.info\/wp\/wp-content\/uploads\/2023\/01\/ETTE1121-Iowa-Air_sfeer-scaled.jpg\" \/>\n\t<meta property=\"og:image:width\" content=\"2560\" \/>\n\t<meta property=\"og:image:height\" content=\"1707\" \/>\n\t<meta property=\"og:image:type\" content=\"image\/jpeg\" \/>\n<meta name=\"twitter:card\" content=\"summary_large_image\" \/>\n<meta name=\"twitter:label1\" content=\"Dur\u00e9e de lecture estim\u00e9e\" \/>\n\t<meta name=\"twitter:data1\" content=\"1 minute\" \/>\n<script type=\"application\/ld+json\" class=\"yoast-schema-graph\">{\"@context\":\"https:\\\/\\\/schema.org\",\"@graph\":[{\"@type\":\"WebPage\",\"@id\":\"https:\\\/\\\/eurotrail.info\\\/fr\\\/producten\\\/tentes\\\/tentes-respirantes-btc\\\/iowa-btc-air-gonflable\\\/\",\"url\":\"https:\\\/\\\/eurotrail.info\\\/fr\\\/producten\\\/tentes\\\/tentes-respirantes-btc\\\/iowa-btc-air-gonflable\\\/\",\"name\":\"IOWA BTC Air gonflable - Eurotrail | The way we camp!\",\"isPartOf\":{\"@id\":\"https:\\\/\\\/eurotrail.info\\\/#website\"},\"primaryImageOfPage\":{\"@id\":\"https:\\\/\\\/eurotrail.info\\\/fr\\\/producten\\\/tentes\\\/tentes-respirantes-btc\\\/iowa-btc-air-gonflable\\\/#primaryimage\"},\"image\":{\"@id\":\"https:\\\/\\\/eurotrail.info\\\/fr\\\/producten\\\/tentes\\\/tentes-respirantes-btc\\\/iowa-btc-air-gonflable\\\/#primaryimage\"},\"thumbnailUrl\":\"https:\\\/\\\/eurotrail.info\\\/wp\\\/wp-content\\\/uploads\\\/2023\\\/01\\\/ETTE1121-Iowa-Air_sfeer-scaled.jpg\",\"datePublished\":\"2023-01-18T09:27:15+00:00\",\"dateModified\":\"2023-07-27T15:15:32+00:00\",\"breadcrumb\":{\"@id\":\"https:\\\/\\\/eurotrail.info\\\/fr\\\/producten\\\/tentes\\\/tentes-respirantes-btc\\\/iowa-btc-air-gonflable\\\/#breadcrumb\"},\"inLanguage\":\"fr-FR\",\"potentialAction\":[{\"@type\":\"ReadAction\",\"target\":[\"https:\\\/\\\/eurotrail.info\\\/fr\\\/producten\\\/tentes\\\/tentes-respirantes-btc\\\/iowa-btc-air-gonflable\\\/\"]}]},{\"@type\":\"ImageObject\",\"inLanguage\":\"fr-FR\",\"@id\":\"https:\\\/\\\/eurotrail.info\\\/fr\\\/producten\\\/tentes\\\/tentes-respirantes-btc\\\/iowa-btc-air-gonflable\\\/#primaryimage\",\"url\":\"https:\\\/\\\/eurotrail.info\\\/wp\\\/wp-content\\\/uploads\\\/2023\\\/01\\\/ETTE1121-Iowa-Air_sfeer-scaled.jpg\",\"contentUrl\":\"https:\\\/\\\/eurotrail.info\\\/wp\\\/wp-content\\\/uploads\\\/2023\\\/01\\\/ETTE1121-Iowa-Air_sfeer-scaled.jpg\",\"width\":2560,\"height\":1707,\"caption\":\"Eurotrail Iowa Air familietent\"},{\"@type\":\"BreadcrumbList\",\"@id\":\"https:\\\/\\\/eurotrail.info\\\/fr\\\/producten\\\/tentes\\\/tentes-respirantes-btc\\\/iowa-btc-air-gonflable\\\/#breadcrumb\",\"itemListElement\":[{\"@type\":\"ListItem\",\"position\":1,\"name\":\"Home\",\"item\":\"https:\\\/\\\/eurotrail.info\\\/fr\\\/\"},{\"@type\":\"ListItem\",\"position\":2,\"name\":\"Produits\",\"item\":\"https:\\\/\\\/eurotrail.info\\\/fr\\\/produits\\\/\"},{\"@type\":\"ListItem\",\"position\":3,\"name\":\"IOWA BTC Air gonflable\"}]},{\"@type\":\"WebSite\",\"@id\":\"https:\\\/\\\/eurotrail.info\\\/#website\",\"url\":\"https:\\\/\\\/eurotrail.info\\\/\",\"name\":\"Eurotrail | The way we camp!\",\"description\":\"\",\"publisher\":{\"@id\":\"https:\\\/\\\/eurotrail.info\\\/#organization\"},\"potentialAction\":[{\"@type\":\"SearchAction\",\"target\":{\"@type\":\"EntryPoint\",\"urlTemplate\":\"https:\\\/\\\/eurotrail.info\\\/?s={search_term_string}\"},\"query-input\":{\"@type\":\"PropertyValueSpecification\",\"valueRequired\":true,\"valueName\":\"search_term_string\"}}],\"inLanguage\":\"fr-FR\"},{\"@type\":\"Organization\",\"@id\":\"https:\\\/\\\/eurotrail.info\\\/#organization\",\"name\":\"Eurotrail | The way we camp!\",\"url\":\"https:\\\/\\\/eurotrail.info\\\/\",\"logo\":{\"@type\":\"ImageObject\",\"inLanguage\":\"fr-FR\",\"@id\":\"https:\\\/\\\/eurotrail.info\\\/#\\\/schema\\\/logo\\\/image\\\/\",\"url\":\"https:\\\/\\\/eurotrail.info\\\/wp\\\/wp-content\\\/uploads\\\/2023\\\/07\\\/ET-logo-quote_NL-scaled.jpg\",\"contentUrl\":\"https:\\\/\\\/eurotrail.info\\\/wp\\\/wp-content\\\/uploads\\\/2023\\\/07\\\/ET-logo-quote_NL-scaled.jpg\",\"width\":2560,\"height\":675,\"caption\":\"Eurotrail | The way we camp!\"},\"image\":{\"@id\":\"https:\\\/\\\/eurotrail.info\\\/#\\\/schema\\\/logo\\\/image\\\/\"}}]}<\/script>\n<!-- \/ Yoast SEO plugin. -->","yoast_head_json":{"title":"IOWA BTC Air gonflable - Eurotrail | The way we camp!","robots":{"index":"index","follow":"follow","max-snippet":"max-snippet:-1","max-image-preview":"max-image-preview:large","max-video-preview":"max-video-preview:-1"},"canonical":"https:\/\/eurotrail.info\/fr\/producten\/tentes\/tentes-respirantes-btc\/iowa-btc-air-gonflable\/","og_locale":"fr_FR","og_type":"article","og_title":"IOWA BTC Air gonflable - Eurotrail | The way we camp!","og_description":"L&#8217;Iowa BTC Air est une tente pour 3 personnes avec un espace de vie spacieux. Le double-toit est en polyester\/coton respirant pour un climat parfait&hellip;","og_url":"https:\/\/eurotrail.info\/fr\/producten\/tentes\/tentes-respirantes-btc\/iowa-btc-air-gonflable\/","og_site_name":"Eurotrail | The way we camp!","article_modified_time":"2023-07-27T15:15:32+00:00","og_image":[{"width":2560,"height":1707,"url":"https:\/\/eurotrail.info\/wp\/wp-content\/uploads\/2023\/01\/ETTE1121-Iowa-Air_sfeer-scaled.jpg","type":"image\/jpeg"}],"twitter_card":"summary_large_image","twitter_misc":{"Dur\u00e9e de lecture estim\u00e9e":"1 minute"},"schema":{"@context":"https:\/\/schema.org","@graph":[{"@type":"WebPage","@id":"https:\/\/eurotrail.info\/fr\/producten\/tentes\/tentes-respirantes-btc\/iowa-btc-air-gonflable\/","url":"https:\/\/eurotrail.info\/fr\/producten\/tentes\/tentes-respirantes-btc\/iowa-btc-air-gonflable\/","name":"IOWA BTC Air gonflable - Eurotrail | The way we camp!","isPartOf":{"@id":"https:\/\/eurotrail.info\/#website"},"primaryImageOfPage":{"@id":"https:\/\/eurotrail.info\/fr\/producten\/tentes\/tentes-respirantes-btc\/iowa-btc-air-gonflable\/#primaryimage"},"image":{"@id":"https:\/\/eurotrail.info\/fr\/producten\/tentes\/tentes-respirantes-btc\/iowa-btc-air-gonflable\/#primaryimage"},"thumbnailUrl":"https:\/\/eurotrail.info\/wp\/wp-content\/uploads\/2023\/01\/ETTE1121-Iowa-Air_sfeer-scaled.jpg","datePublished":"2023-01-18T09:27:15+00:00","dateModified":"2023-07-27T15:15:32+00:00","breadcrumb":{"@id":"https:\/\/eurotrail.info\/fr\/producten\/tentes\/tentes-respirantes-btc\/iowa-btc-air-gonflable\/#breadcrumb"},"inLanguage":"fr-FR","potentialAction":[{"@type":"ReadAction","target":["https:\/\/eurotrail.info\/fr\/producten\/tentes\/tentes-respirantes-btc\/iowa-btc-air-gonflable\/"]}]},{"@type":"ImageObject","inLanguage":"fr-FR","@id":"https:\/\/eurotrail.info\/fr\/producten\/tentes\/tentes-respirantes-btc\/iowa-btc-air-gonflable\/#primaryimage","url":"https:\/\/eurotrail.info\/wp\/wp-content\/uploads\/2023\/01\/ETTE1121-Iowa-Air_sfeer-scaled.jpg","contentUrl":"https:\/\/eurotrail.info\/wp\/wp-content\/uploads\/2023\/01\/ETTE1121-Iowa-Air_sfeer-scaled.jpg","width":2560,"height":1707,"caption":"Eurotrail Iowa Air familietent"},{"@type":"BreadcrumbList","@id":"https:\/\/eurotrail.info\/fr\/producten\/tentes\/tentes-respirantes-btc\/iowa-btc-air-gonflable\/#breadcrumb","itemListElement":[{"@type":"ListItem","position":1,"name":"Home","item":"https:\/\/eurotrail.info\/fr\/"},{"@type":"ListItem","position":2,"name":"Produits","item":"https:\/\/eurotrail.info\/fr\/produits\/"},{"@type":"ListItem","position":3,"name":"IOWA BTC Air gonflable"}]},{"@type":"WebSite","@id":"https:\/\/eurotrail.info\/#website","url":"https:\/\/eurotrail.info\/","name":"Eurotrail | The way we camp!","description":"","publisher":{"@id":"https:\/\/eurotrail.info\/#organization"},"potentialAction":[{"@type":"SearchAction","target":{"@type":"EntryPoint","urlTemplate":"https:\/\/eurotrail.info\/?s={search_term_string}"},"query-input":{"@type":"PropertyValueSpecification","valueRequired":true,"valueName":"search_term_string"}}],"inLanguage":"fr-FR"},{"@type":"Organization","@id":"https:\/\/eurotrail.info\/#organization","name":"Eurotrail | The way we camp!","url":"https:\/\/eurotrail.info\/","logo":{"@type":"ImageObject","inLanguage":"fr-FR","@id":"https:\/\/eurotrail.info\/#\/schema\/logo\/image\/","url":"https:\/\/eurotrail.info\/wp\/wp-content\/uploads\/2023\/07\/ET-logo-quote_NL-scaled.jpg","contentUrl":"https:\/\/eurotrail.info\/wp\/wp-content\/uploads\/2023\/07\/ET-logo-quote_NL-scaled.jpg","width":2560,"height":675,"caption":"Eurotrail | The way we camp!"},"image":{"@id":"https:\/\/eurotrail.info\/#\/schema\/logo\/image\/"}}]}},"_links":{"self":[{"href":"https:\/\/eurotrail.info\/fr\/wp-json\/wp\/v2\/product\/21077","targetHints":{"allow":["GET"]}}],"collection":[{"href":"https:\/\/eurotrail.info\/fr\/wp-json\/wp\/v2\/product"}],"about":[{"href":"https:\/\/eurotrail.info\/fr\/wp-json\/wp\/v2\/types\/product"}],"replies":[{"embeddable":true,"href":"https:\/\/eurotrail.info\/fr\/wp-json\/wp\/v2\/comments?post=21077"}],"wp:featuredmedia":[{"embeddable":true,"href":"https:\/\/eurotrail.info\/fr\/wp-json\/wp\/v2\/media\/21067"}],"wp:attachment":[{"href":"https:\/\/eurotrail.info\/fr\/wp-json\/wp\/v2\/media?parent=21077"}],"wp:term":[{"taxonomy":"product_brand","embeddable":true,"href":"https:\/\/eurotrail.info\/fr\/wp-json\/wp\/v2\/product_brand?post=21077"},{"taxonomy":"product_cat","embeddable":true,"href":"https:\/\/eurotrail.info\/fr\/wp-json\/wp\/v2\/product_cat?post=21077"},{"taxonomy":"product_tag","embeddable":true,"href":"https:\/\/eurotrail.info\/fr\/wp-json\/wp\/v2\/product_tag?post=21077"}],"curies":[{"name":"wp","href":"https:\/\/api.w.org\/{rel}","templated":true}]}}