{"id":21100,"date":"2023-01-23T12:11:14","date_gmt":"2023-01-23T11:23:44","guid":{"rendered":"https:\/\/eurotrail.info\/?post_type=product&#038;p=21100"},"modified":"2025-06-06T14:02:10","modified_gmt":"2025-06-06T13:02:10","slug":"iowa-btc-alu","status":"publish","type":"product","link":"https:\/\/eurotrail.info\/fr\/producten\/tentes\/tentes-respirantes-btc\/iowa-btc-alu\/","title":{"rendered":"Iowa BTC Alu"},"content":{"rendered":"<p>L&#8217;Iowa BTC Alu est une tente pour 3 personnes avec un espace de vie spacieux. Le tissu ext\u00e9rieur est constitu\u00e9 d&#8217;un polyester\/coton respirant pour un confort de vie optimal. L&#8217;Iowa a des poteaux en aluminium solides et l\u00e9gers pour un montage rapide et facile. La tente int\u00e9rieure offre suffisamment d&#8217;espace pour 3 personnes et dispose de poches de rangement pratiques. La zone de s\u00e9jour est \u00e0 hauteur d&#8217;homme et offre suffisamment de place pour une table et des chaises. De grandes fen\u00eatres verrouillables tout autour et, \u00e0 c\u00f4t\u00e9 de l&#8217;entr\u00e9e principale, une porte lat\u00e9rale avec une porte en moustiquaire pour une bonne ventilation. Le tapis de sol fixe emp\u00eache l&#8217;eau et la vermine d&#8217;entrer. L&#8217;auvent est un endroit id\u00e9al pour s&#8217;asseoir \u00e0 l&#8217;abri du soleil ou de la pluie.<\/p>\n<p><a href=\"https:\/\/youtu.be\/XaQILfKClqM\">YouTube manuel Iowa BTC Alu<\/a><\/p>\n<p>Tissu ext\u00e9rieur : Polyester\/coton 65\/35% tissu respirant<br \/>\nTente int\u00e9rieure : 100% Polyester<br \/>\nFond : 100% polyester Oxford min. 5000mm<br \/>\nPoteaux : 1 x \u00a0\u00d823mm <span style=\"font-size: 1rem;\">pr\u00e9-cintr\u00e9 poteaux alu \u00e0 l&#8217;avant, 2 x \u00d811.7mm et pour l&#8217;<\/span><span style=\"font-size: 1rem;\">auvent \u00d8 7,9mm.<\/span><\/p>\n<p>Taille : 490x240x190cm<br \/>\nHauteur : 190cm<br \/>\nPoids : 16,5 kg.<br \/>\nEmball\u00e9 : 80x40x30 cm<\/p>\n<p>Egalement disponible en version gonflable avec AirTubes !<\/p>\n<p>&nbsp;<\/p>\n","protected":false},"excerpt":{"rendered":"<p>L&#8217;Iowa BTC Alu est une tente pour 3 personnes avec un espace de vie spacieux. Le tissu ext\u00e9rieur est constitu\u00e9 d&#8217;un polyester\/coton respirant pour un&hellip;<\/p>\n","protected":false},"featured_media":21067,"comment_status":"open","ping_status":"closed","template":"","meta":{"_acf_changed":false},"product_brand":[],"product_cat":[275,277],"product_tag":[],"class_list":{"0":"post-21100","1":"product","2":"type-product","3":"status-publish","4":"has-post-thumbnail","6":"product_cat-tentes","7":"product_cat-tentes-respirantes-btc","9":"first","10":"instock","11":"shipping-taxable","12":"product-type-simple"},"acf":[],"yoast_head":"<!-- This site is optimized with the Yoast SEO plugin v27.4 - https:\/\/yoast.com\/product\/yoast-seo-wordpress\/ -->\n<title>Iowa BTC Alu - Eurotrail | The way we camp!<\/title>\n<meta name=\"description\" content=\"une tente pour 3 personnes avec un espace de vie spacieux. Le tissu ext\u00e9rieur est constitu\u00e9 d&#039;un polyester\/coton respirant pour un confort de vie optimal.\" \/>\n<meta name=\"robots\" content=\"index, follow, max-snippet:-1, max-image-preview:large, max-video-preview:-1\" \/>\n<link rel=\"canonical\" href=\"https:\/\/eurotrail.info\/fr\/producten\/tentes\/tentes-respirantes-btc\/iowa-btc-alu\/\" \/>\n<meta property=\"og:locale\" content=\"fr_FR\" \/>\n<meta property=\"og:type\" content=\"article\" \/>\n<meta property=\"og:title\" content=\"Iowa BTC Alu - Eurotrail | The way we camp!\" \/>\n<meta property=\"og:description\" content=\"une tente pour 3 personnes avec un espace de vie spacieux. Le tissu ext\u00e9rieur est constitu\u00e9 d&#039;un polyester\/coton respirant pour un confort de vie optimal.\" \/>\n<meta property=\"og:url\" content=\"https:\/\/eurotrail.info\/fr\/producten\/tentes\/tentes-respirantes-btc\/iowa-btc-alu\/\" \/>\n<meta property=\"og:site_name\" content=\"Eurotrail | The way we camp!\" \/>\n<meta property=\"article:modified_time\" content=\"2025-06-06T13:02:10+00:00\" \/>\n<meta property=\"og:image\" content=\"https:\/\/eurotrail.info\/wp\/wp-content\/uploads\/2023\/01\/ETTE1121-Iowa-Air_sfeer-scaled.jpg\" \/>\n\t<meta property=\"og:image:width\" content=\"2560\" \/>\n\t<meta property=\"og:image:height\" content=\"1707\" \/>\n\t<meta property=\"og:image:type\" content=\"image\/jpeg\" \/>\n<meta name=\"twitter:card\" content=\"summary_large_image\" \/>\n<meta name=\"twitter:label1\" content=\"Dur\u00e9e de lecture estim\u00e9e\" \/>\n\t<meta name=\"twitter:data1\" content=\"2 minutes\" \/>\n<script type=\"application\/ld+json\" class=\"yoast-schema-graph\">{\"@context\":\"https:\\\/\\\/schema.org\",\"@graph\":[{\"@type\":\"WebPage\",\"@id\":\"https:\\\/\\\/eurotrail.info\\\/fr\\\/producten\\\/tentes\\\/tentes-respirantes-btc\\\/iowa-btc-alu\\\/\",\"url\":\"https:\\\/\\\/eurotrail.info\\\/fr\\\/producten\\\/tentes\\\/tentes-respirantes-btc\\\/iowa-btc-alu\\\/\",\"name\":\"Iowa BTC Alu - Eurotrail | The way we camp!\",\"isPartOf\":{\"@id\":\"https:\\\/\\\/eurotrail.info\\\/#website\"},\"primaryImageOfPage\":{\"@id\":\"https:\\\/\\\/eurotrail.info\\\/fr\\\/producten\\\/tentes\\\/tentes-respirantes-btc\\\/iowa-btc-alu\\\/#primaryimage\"},\"image\":{\"@id\":\"https:\\\/\\\/eurotrail.info\\\/fr\\\/producten\\\/tentes\\\/tentes-respirantes-btc\\\/iowa-btc-alu\\\/#primaryimage\"},\"thumbnailUrl\":\"https:\\\/\\\/eurotrail.info\\\/wp\\\/wp-content\\\/uploads\\\/2023\\\/01\\\/ETTE1121-Iowa-Air_sfeer-scaled.jpg\",\"datePublished\":\"2023-01-23T11:23:44+00:00\",\"dateModified\":\"2025-06-06T13:02:10+00:00\",\"description\":\"une tente pour 3 personnes avec un espace de vie spacieux. Le tissu ext\u00e9rieur est constitu\u00e9 d'un polyester\\\/coton respirant pour un confort de vie optimal.\",\"breadcrumb\":{\"@id\":\"https:\\\/\\\/eurotrail.info\\\/fr\\\/producten\\\/tentes\\\/tentes-respirantes-btc\\\/iowa-btc-alu\\\/#breadcrumb\"},\"inLanguage\":\"fr-FR\",\"potentialAction\":[{\"@type\":\"ReadAction\",\"target\":[\"https:\\\/\\\/eurotrail.info\\\/fr\\\/producten\\\/tentes\\\/tentes-respirantes-btc\\\/iowa-btc-alu\\\/\"]}]},{\"@type\":\"ImageObject\",\"inLanguage\":\"fr-FR\",\"@id\":\"https:\\\/\\\/eurotrail.info\\\/fr\\\/producten\\\/tentes\\\/tentes-respirantes-btc\\\/iowa-btc-alu\\\/#primaryimage\",\"url\":\"https:\\\/\\\/eurotrail.info\\\/wp\\\/wp-content\\\/uploads\\\/2023\\\/01\\\/ETTE1121-Iowa-Air_sfeer-scaled.jpg\",\"contentUrl\":\"https:\\\/\\\/eurotrail.info\\\/wp\\\/wp-content\\\/uploads\\\/2023\\\/01\\\/ETTE1121-Iowa-Air_sfeer-scaled.jpg\",\"width\":2560,\"height\":1707,\"caption\":\"Eurotrail Iowa Air familietent\"},{\"@type\":\"BreadcrumbList\",\"@id\":\"https:\\\/\\\/eurotrail.info\\\/fr\\\/producten\\\/tentes\\\/tentes-respirantes-btc\\\/iowa-btc-alu\\\/#breadcrumb\",\"itemListElement\":[{\"@type\":\"ListItem\",\"position\":1,\"name\":\"Home\",\"item\":\"https:\\\/\\\/eurotrail.info\\\/fr\\\/\"},{\"@type\":\"ListItem\",\"position\":2,\"name\":\"Produits\",\"item\":\"https:\\\/\\\/eurotrail.info\\\/fr\\\/produits\\\/\"},{\"@type\":\"ListItem\",\"position\":3,\"name\":\"Iowa BTC Alu\"}]},{\"@type\":\"WebSite\",\"@id\":\"https:\\\/\\\/eurotrail.info\\\/#website\",\"url\":\"https:\\\/\\\/eurotrail.info\\\/\",\"name\":\"Eurotrail | The way we camp!\",\"description\":\"\",\"publisher\":{\"@id\":\"https:\\\/\\\/eurotrail.info\\\/#organization\"},\"potentialAction\":[{\"@type\":\"SearchAction\",\"target\":{\"@type\":\"EntryPoint\",\"urlTemplate\":\"https:\\\/\\\/eurotrail.info\\\/?s={search_term_string}\"},\"query-input\":{\"@type\":\"PropertyValueSpecification\",\"valueRequired\":true,\"valueName\":\"search_term_string\"}}],\"inLanguage\":\"fr-FR\"},{\"@type\":\"Organization\",\"@id\":\"https:\\\/\\\/eurotrail.info\\\/#organization\",\"name\":\"Eurotrail | The way we camp!\",\"url\":\"https:\\\/\\\/eurotrail.info\\\/\",\"logo\":{\"@type\":\"ImageObject\",\"inLanguage\":\"fr-FR\",\"@id\":\"https:\\\/\\\/eurotrail.info\\\/#\\\/schema\\\/logo\\\/image\\\/\",\"url\":\"https:\\\/\\\/eurotrail.info\\\/wp\\\/wp-content\\\/uploads\\\/2023\\\/07\\\/ET-logo-quote_NL-scaled.jpg\",\"contentUrl\":\"https:\\\/\\\/eurotrail.info\\\/wp\\\/wp-content\\\/uploads\\\/2023\\\/07\\\/ET-logo-quote_NL-scaled.jpg\",\"width\":2560,\"height\":675,\"caption\":\"Eurotrail | The way we camp!\"},\"image\":{\"@id\":\"https:\\\/\\\/eurotrail.info\\\/#\\\/schema\\\/logo\\\/image\\\/\"}}]}<\/script>\n<!-- \/ Yoast SEO plugin. -->","yoast_head_json":{"title":"Iowa BTC Alu - Eurotrail | The way we camp!","description":"une tente pour 3 personnes avec un espace de vie spacieux. Le tissu ext\u00e9rieur est constitu\u00e9 d'un polyester\/coton respirant pour un confort de vie optimal.","robots":{"index":"index","follow":"follow","max-snippet":"max-snippet:-1","max-image-preview":"max-image-preview:large","max-video-preview":"max-video-preview:-1"},"canonical":"https:\/\/eurotrail.info\/fr\/producten\/tentes\/tentes-respirantes-btc\/iowa-btc-alu\/","og_locale":"fr_FR","og_type":"article","og_title":"Iowa BTC Alu - Eurotrail | The way we camp!","og_description":"une tente pour 3 personnes avec un espace de vie spacieux. Le tissu ext\u00e9rieur est constitu\u00e9 d'un polyester\/coton respirant pour un confort de vie optimal.","og_url":"https:\/\/eurotrail.info\/fr\/producten\/tentes\/tentes-respirantes-btc\/iowa-btc-alu\/","og_site_name":"Eurotrail | The way we camp!","article_modified_time":"2025-06-06T13:02:10+00:00","og_image":[{"width":2560,"height":1707,"url":"https:\/\/eurotrail.info\/wp\/wp-content\/uploads\/2023\/01\/ETTE1121-Iowa-Air_sfeer-scaled.jpg","type":"image\/jpeg"}],"twitter_card":"summary_large_image","twitter_misc":{"Dur\u00e9e de lecture estim\u00e9e":"2 minutes"},"schema":{"@context":"https:\/\/schema.org","@graph":[{"@type":"WebPage","@id":"https:\/\/eurotrail.info\/fr\/producten\/tentes\/tentes-respirantes-btc\/iowa-btc-alu\/","url":"https:\/\/eurotrail.info\/fr\/producten\/tentes\/tentes-respirantes-btc\/iowa-btc-alu\/","name":"Iowa BTC Alu - Eurotrail | The way we camp!","isPartOf":{"@id":"https:\/\/eurotrail.info\/#website"},"primaryImageOfPage":{"@id":"https:\/\/eurotrail.info\/fr\/producten\/tentes\/tentes-respirantes-btc\/iowa-btc-alu\/#primaryimage"},"image":{"@id":"https:\/\/eurotrail.info\/fr\/producten\/tentes\/tentes-respirantes-btc\/iowa-btc-alu\/#primaryimage"},"thumbnailUrl":"https:\/\/eurotrail.info\/wp\/wp-content\/uploads\/2023\/01\/ETTE1121-Iowa-Air_sfeer-scaled.jpg","datePublished":"2023-01-23T11:23:44+00:00","dateModified":"2025-06-06T13:02:10+00:00","description":"une tente pour 3 personnes avec un espace de vie spacieux. Le tissu ext\u00e9rieur est constitu\u00e9 d'un polyester\/coton respirant pour un confort de vie optimal.","breadcrumb":{"@id":"https:\/\/eurotrail.info\/fr\/producten\/tentes\/tentes-respirantes-btc\/iowa-btc-alu\/#breadcrumb"},"inLanguage":"fr-FR","potentialAction":[{"@type":"ReadAction","target":["https:\/\/eurotrail.info\/fr\/producten\/tentes\/tentes-respirantes-btc\/iowa-btc-alu\/"]}]},{"@type":"ImageObject","inLanguage":"fr-FR","@id":"https:\/\/eurotrail.info\/fr\/producten\/tentes\/tentes-respirantes-btc\/iowa-btc-alu\/#primaryimage","url":"https:\/\/eurotrail.info\/wp\/wp-content\/uploads\/2023\/01\/ETTE1121-Iowa-Air_sfeer-scaled.jpg","contentUrl":"https:\/\/eurotrail.info\/wp\/wp-content\/uploads\/2023\/01\/ETTE1121-Iowa-Air_sfeer-scaled.jpg","width":2560,"height":1707,"caption":"Eurotrail Iowa Air familietent"},{"@type":"BreadcrumbList","@id":"https:\/\/eurotrail.info\/fr\/producten\/tentes\/tentes-respirantes-btc\/iowa-btc-alu\/#breadcrumb","itemListElement":[{"@type":"ListItem","position":1,"name":"Home","item":"https:\/\/eurotrail.info\/fr\/"},{"@type":"ListItem","position":2,"name":"Produits","item":"https:\/\/eurotrail.info\/fr\/produits\/"},{"@type":"ListItem","position":3,"name":"Iowa BTC Alu"}]},{"@type":"WebSite","@id":"https:\/\/eurotrail.info\/#website","url":"https:\/\/eurotrail.info\/","name":"Eurotrail | The way we camp!","description":"","publisher":{"@id":"https:\/\/eurotrail.info\/#organization"},"potentialAction":[{"@type":"SearchAction","target":{"@type":"EntryPoint","urlTemplate":"https:\/\/eurotrail.info\/?s={search_term_string}"},"query-input":{"@type":"PropertyValueSpecification","valueRequired":true,"valueName":"search_term_string"}}],"inLanguage":"fr-FR"},{"@type":"Organization","@id":"https:\/\/eurotrail.info\/#organization","name":"Eurotrail | The way we camp!","url":"https:\/\/eurotrail.info\/","logo":{"@type":"ImageObject","inLanguage":"fr-FR","@id":"https:\/\/eurotrail.info\/#\/schema\/logo\/image\/","url":"https:\/\/eurotrail.info\/wp\/wp-content\/uploads\/2023\/07\/ET-logo-quote_NL-scaled.jpg","contentUrl":"https:\/\/eurotrail.info\/wp\/wp-content\/uploads\/2023\/07\/ET-logo-quote_NL-scaled.jpg","width":2560,"height":675,"caption":"Eurotrail | The way we camp!"},"image":{"@id":"https:\/\/eurotrail.info\/#\/schema\/logo\/image\/"}}]}},"_links":{"self":[{"href":"https:\/\/eurotrail.info\/fr\/wp-json\/wp\/v2\/product\/21100","targetHints":{"allow":["GET"]}}],"collection":[{"href":"https:\/\/eurotrail.info\/fr\/wp-json\/wp\/v2\/product"}],"about":[{"href":"https:\/\/eurotrail.info\/fr\/wp-json\/wp\/v2\/types\/product"}],"replies":[{"embeddable":true,"href":"https:\/\/eurotrail.info\/fr\/wp-json\/wp\/v2\/comments?post=21100"}],"wp:featuredmedia":[{"embeddable":true,"href":"https:\/\/eurotrail.info\/fr\/wp-json\/wp\/v2\/media\/21067"}],"wp:attachment":[{"href":"https:\/\/eurotrail.info\/fr\/wp-json\/wp\/v2\/media?parent=21100"}],"wp:term":[{"taxonomy":"product_brand","embeddable":true,"href":"https:\/\/eurotrail.info\/fr\/wp-json\/wp\/v2\/product_brand?post=21100"},{"taxonomy":"product_cat","embeddable":true,"href":"https:\/\/eurotrail.info\/fr\/wp-json\/wp\/v2\/product_cat?post=21100"},{"taxonomy":"product_tag","embeddable":true,"href":"https:\/\/eurotrail.info\/fr\/wp-json\/wp\/v2\/product_tag?post=21100"}],"curies":[{"name":"wp","href":"https:\/\/api.w.org\/{rel}","templated":true}]}}