{"id":21107,"date":"2023-01-23T12:34:26","date_gmt":"2023-01-23T11:41:49","guid":{"rendered":"https:\/\/eurotrail.info\/?post_type=product&#038;p=21107"},"modified":"2023-07-27T09:23:54","modified_gmt":"2023-07-27T08:23:54","slug":"kentucky-btc-aluminium","status":"publish","type":"product","link":"https:\/\/eurotrail.info\/fr\/producten\/tentes\/tentes-respirantes-btc\/kentucky-btc-aluminium\/","title":{"rendered":"Kentucky BTC Aluminium"},"content":{"rendered":"<p>Tente familiale fabriqu\u00e9e en polyester\/coton respirant et pouvant accueillir 4 \u00e0 5 personnes. Le Kentucky alu a des poteaux stables en aluminium l\u00e9ger pour une installation facile et rapide. Le salon spacieux est dot\u00e9 de grandes fen\u00eatres fermables tout autour et offre une belle vue panoramique. La porte lat\u00e9rale est \u00e9quip\u00e9e d&#8217;un toit anti-pluie et d&#8217;une porte en filet suppl\u00e9mentaire pour une ventilation optimale. La tente dispose d&#8217;un auvent profond et fixe o\u00f9 vous pouvez vous asseoir \u00e0 l&#8217;abri du soleil. Il est dot\u00e9 d&#8217;un tapis de sol enti\u00e8rement cousu qui emp\u00eache l&#8217;eau et la salet\u00e9 de p\u00e9n\u00e9trer. La grande tente int\u00e9rieure est dot\u00e9e d&#8217;une cloison pour la diviser en 2 compartiments de couchage spacieux.<\/p>\n<p><a href=\"https:\/\/youtu.be\/_xoDX0HcUc0\">YouTube manual Kentucky BTC Alu<\/a><\/p>\n<p>Tissu ext\u00e9rieur : Polyester\/coton 65\/35% respirant<br \/>\nTente int\u00e9rieure : 100% Polyester<br \/>\nFond : 100% polyester Oxford min. 5000mm<br \/>\nPoteaux : poteaux en aluminium de \u00d8 13mm, poteau de l&#8217;auvent : aluminium de \u00d8 8,5mm<br \/>\nDimensions : 520x305cm<br \/>\nHauteur : 205cm<br \/>\nPoids : 24,5 kg<br \/>\nEmball\u00e9 : 90x45x35cm<\/p>\n<p>Egalement disponible en version gonflable avec AirTubes !<\/p>\n","protected":false},"excerpt":{"rendered":"<p>Tente familiale fabriqu\u00e9e en polyester\/coton respirant et pouvant accueillir 4 \u00e0 5 personnes. Le Kentucky alu a des poteaux stables en aluminium l\u00e9ger pour une&hellip;<\/p>\n","protected":false},"featured_media":21037,"comment_status":"open","ping_status":"closed","template":"","meta":{"_acf_changed":false},"product_brand":[],"product_cat":[275,277],"product_tag":[],"class_list":{"0":"post-21107","1":"product","2":"type-product","3":"status-publish","4":"has-post-thumbnail","6":"product_cat-tentes","7":"product_cat-tentes-respirantes-btc","9":"first","10":"instock","11":"shipping-taxable","12":"product-type-simple"},"acf":[],"yoast_head":"<!-- This site is optimized with the Yoast SEO plugin v27.4 - https:\/\/yoast.com\/product\/yoast-seo-wordpress\/ -->\n<title>Kentucky BTC Aluminium - Eurotrail | The way we camp!<\/title>\n<meta name=\"description\" content=\"4-5 pers. tente en polyester\/coton respirant. Le Kentucky alu a des poteaux stables en aluminium l\u00e9ger pour une installation facile et rapide.\" \/>\n<meta name=\"robots\" content=\"index, follow, max-snippet:-1, max-image-preview:large, max-video-preview:-1\" \/>\n<link rel=\"canonical\" href=\"https:\/\/eurotrail.info\/fr\/producten\/tentes\/tentes-respirantes-btc\/kentucky-btc-aluminium\/\" \/>\n<meta property=\"og:locale\" content=\"fr_FR\" \/>\n<meta property=\"og:type\" content=\"article\" \/>\n<meta property=\"og:title\" content=\"Kentucky BTC Aluminium - Eurotrail | The way we camp!\" \/>\n<meta property=\"og:description\" content=\"4-5 pers. tente en polyester\/coton respirant. Le Kentucky alu a des poteaux stables en aluminium l\u00e9ger pour une installation facile et rapide.\" \/>\n<meta property=\"og:url\" content=\"https:\/\/eurotrail.info\/fr\/producten\/tentes\/tentes-respirantes-btc\/kentucky-btc-aluminium\/\" \/>\n<meta property=\"og:site_name\" content=\"Eurotrail | The way we camp!\" \/>\n<meta property=\"article:modified_time\" content=\"2023-07-27T08:23:54+00:00\" \/>\n<meta property=\"og:image\" content=\"https:\/\/eurotrail.info\/wp\/wp-content\/uploads\/2023\/01\/ETTE1126_Kentucky-Air_sfeer-scaled.jpg\" \/>\n\t<meta property=\"og:image:width\" content=\"2560\" \/>\n\t<meta property=\"og:image:height\" content=\"1707\" \/>\n\t<meta property=\"og:image:type\" content=\"image\/jpeg\" \/>\n<meta name=\"twitter:card\" content=\"summary_large_image\" \/>\n<meta name=\"twitter:label1\" content=\"Dur\u00e9e de lecture estim\u00e9e\" \/>\n\t<meta name=\"twitter:data1\" content=\"1 minute\" \/>\n<script type=\"application\/ld+json\" class=\"yoast-schema-graph\">{\"@context\":\"https:\\\/\\\/schema.org\",\"@graph\":[{\"@type\":\"WebPage\",\"@id\":\"https:\\\/\\\/eurotrail.info\\\/fr\\\/producten\\\/tentes\\\/tentes-respirantes-btc\\\/kentucky-btc-aluminium\\\/\",\"url\":\"https:\\\/\\\/eurotrail.info\\\/fr\\\/producten\\\/tentes\\\/tentes-respirantes-btc\\\/kentucky-btc-aluminium\\\/\",\"name\":\"Kentucky BTC Aluminium - Eurotrail | The way we camp!\",\"isPartOf\":{\"@id\":\"https:\\\/\\\/eurotrail.info\\\/#website\"},\"primaryImageOfPage\":{\"@id\":\"https:\\\/\\\/eurotrail.info\\\/fr\\\/producten\\\/tentes\\\/tentes-respirantes-btc\\\/kentucky-btc-aluminium\\\/#primaryimage\"},\"image\":{\"@id\":\"https:\\\/\\\/eurotrail.info\\\/fr\\\/producten\\\/tentes\\\/tentes-respirantes-btc\\\/kentucky-btc-aluminium\\\/#primaryimage\"},\"thumbnailUrl\":\"https:\\\/\\\/eurotrail.info\\\/wp\\\/wp-content\\\/uploads\\\/2023\\\/01\\\/ETTE1126_Kentucky-Air_sfeer-scaled.jpg\",\"datePublished\":\"2023-01-23T11:41:49+00:00\",\"dateModified\":\"2023-07-27T08:23:54+00:00\",\"description\":\"4-5 pers. tente en polyester\\\/coton respirant. Le Kentucky alu a des poteaux stables en aluminium l\u00e9ger pour une installation facile et rapide.\",\"breadcrumb\":{\"@id\":\"https:\\\/\\\/eurotrail.info\\\/fr\\\/producten\\\/tentes\\\/tentes-respirantes-btc\\\/kentucky-btc-aluminium\\\/#breadcrumb\"},\"inLanguage\":\"fr-FR\",\"potentialAction\":[{\"@type\":\"ReadAction\",\"target\":[\"https:\\\/\\\/eurotrail.info\\\/fr\\\/producten\\\/tentes\\\/tentes-respirantes-btc\\\/kentucky-btc-aluminium\\\/\"]}]},{\"@type\":\"ImageObject\",\"inLanguage\":\"fr-FR\",\"@id\":\"https:\\\/\\\/eurotrail.info\\\/fr\\\/producten\\\/tentes\\\/tentes-respirantes-btc\\\/kentucky-btc-aluminium\\\/#primaryimage\",\"url\":\"https:\\\/\\\/eurotrail.info\\\/wp\\\/wp-content\\\/uploads\\\/2023\\\/01\\\/ETTE1126_Kentucky-Air_sfeer-scaled.jpg\",\"contentUrl\":\"https:\\\/\\\/eurotrail.info\\\/wp\\\/wp-content\\\/uploads\\\/2023\\\/01\\\/ETTE1126_Kentucky-Air_sfeer-scaled.jpg\",\"width\":2560,\"height\":1707,\"caption\":\"Eurotrail Kentucky Air familietent\"},{\"@type\":\"BreadcrumbList\",\"@id\":\"https:\\\/\\\/eurotrail.info\\\/fr\\\/producten\\\/tentes\\\/tentes-respirantes-btc\\\/kentucky-btc-aluminium\\\/#breadcrumb\",\"itemListElement\":[{\"@type\":\"ListItem\",\"position\":1,\"name\":\"Home\",\"item\":\"https:\\\/\\\/eurotrail.info\\\/fr\\\/\"},{\"@type\":\"ListItem\",\"position\":2,\"name\":\"Produits\",\"item\":\"https:\\\/\\\/eurotrail.info\\\/fr\\\/produits\\\/\"},{\"@type\":\"ListItem\",\"position\":3,\"name\":\"Kentucky BTC Aluminium\"}]},{\"@type\":\"WebSite\",\"@id\":\"https:\\\/\\\/eurotrail.info\\\/#website\",\"url\":\"https:\\\/\\\/eurotrail.info\\\/\",\"name\":\"Eurotrail | The way we camp!\",\"description\":\"\",\"publisher\":{\"@id\":\"https:\\\/\\\/eurotrail.info\\\/#organization\"},\"potentialAction\":[{\"@type\":\"SearchAction\",\"target\":{\"@type\":\"EntryPoint\",\"urlTemplate\":\"https:\\\/\\\/eurotrail.info\\\/?s={search_term_string}\"},\"query-input\":{\"@type\":\"PropertyValueSpecification\",\"valueRequired\":true,\"valueName\":\"search_term_string\"}}],\"inLanguage\":\"fr-FR\"},{\"@type\":\"Organization\",\"@id\":\"https:\\\/\\\/eurotrail.info\\\/#organization\",\"name\":\"Eurotrail | The way we camp!\",\"url\":\"https:\\\/\\\/eurotrail.info\\\/\",\"logo\":{\"@type\":\"ImageObject\",\"inLanguage\":\"fr-FR\",\"@id\":\"https:\\\/\\\/eurotrail.info\\\/#\\\/schema\\\/logo\\\/image\\\/\",\"url\":\"https:\\\/\\\/eurotrail.info\\\/wp\\\/wp-content\\\/uploads\\\/2023\\\/07\\\/ET-logo-quote_NL-scaled.jpg\",\"contentUrl\":\"https:\\\/\\\/eurotrail.info\\\/wp\\\/wp-content\\\/uploads\\\/2023\\\/07\\\/ET-logo-quote_NL-scaled.jpg\",\"width\":2560,\"height\":675,\"caption\":\"Eurotrail | The way we camp!\"},\"image\":{\"@id\":\"https:\\\/\\\/eurotrail.info\\\/#\\\/schema\\\/logo\\\/image\\\/\"}}]}<\/script>\n<!-- \/ Yoast SEO plugin. -->","yoast_head_json":{"title":"Kentucky BTC Aluminium - Eurotrail | The way we camp!","description":"4-5 pers. tente en polyester\/coton respirant. Le Kentucky alu a des poteaux stables en aluminium l\u00e9ger pour une installation facile et rapide.","robots":{"index":"index","follow":"follow","max-snippet":"max-snippet:-1","max-image-preview":"max-image-preview:large","max-video-preview":"max-video-preview:-1"},"canonical":"https:\/\/eurotrail.info\/fr\/producten\/tentes\/tentes-respirantes-btc\/kentucky-btc-aluminium\/","og_locale":"fr_FR","og_type":"article","og_title":"Kentucky BTC Aluminium - Eurotrail | The way we camp!","og_description":"4-5 pers. tente en polyester\/coton respirant. Le Kentucky alu a des poteaux stables en aluminium l\u00e9ger pour une installation facile et rapide.","og_url":"https:\/\/eurotrail.info\/fr\/producten\/tentes\/tentes-respirantes-btc\/kentucky-btc-aluminium\/","og_site_name":"Eurotrail | The way we camp!","article_modified_time":"2023-07-27T08:23:54+00:00","og_image":[{"width":2560,"height":1707,"url":"https:\/\/eurotrail.info\/wp\/wp-content\/uploads\/2023\/01\/ETTE1126_Kentucky-Air_sfeer-scaled.jpg","type":"image\/jpeg"}],"twitter_card":"summary_large_image","twitter_misc":{"Dur\u00e9e de lecture estim\u00e9e":"1 minute"},"schema":{"@context":"https:\/\/schema.org","@graph":[{"@type":"WebPage","@id":"https:\/\/eurotrail.info\/fr\/producten\/tentes\/tentes-respirantes-btc\/kentucky-btc-aluminium\/","url":"https:\/\/eurotrail.info\/fr\/producten\/tentes\/tentes-respirantes-btc\/kentucky-btc-aluminium\/","name":"Kentucky BTC Aluminium - Eurotrail | The way we camp!","isPartOf":{"@id":"https:\/\/eurotrail.info\/#website"},"primaryImageOfPage":{"@id":"https:\/\/eurotrail.info\/fr\/producten\/tentes\/tentes-respirantes-btc\/kentucky-btc-aluminium\/#primaryimage"},"image":{"@id":"https:\/\/eurotrail.info\/fr\/producten\/tentes\/tentes-respirantes-btc\/kentucky-btc-aluminium\/#primaryimage"},"thumbnailUrl":"https:\/\/eurotrail.info\/wp\/wp-content\/uploads\/2023\/01\/ETTE1126_Kentucky-Air_sfeer-scaled.jpg","datePublished":"2023-01-23T11:41:49+00:00","dateModified":"2023-07-27T08:23:54+00:00","description":"4-5 pers. tente en polyester\/coton respirant. Le Kentucky alu a des poteaux stables en aluminium l\u00e9ger pour une installation facile et rapide.","breadcrumb":{"@id":"https:\/\/eurotrail.info\/fr\/producten\/tentes\/tentes-respirantes-btc\/kentucky-btc-aluminium\/#breadcrumb"},"inLanguage":"fr-FR","potentialAction":[{"@type":"ReadAction","target":["https:\/\/eurotrail.info\/fr\/producten\/tentes\/tentes-respirantes-btc\/kentucky-btc-aluminium\/"]}]},{"@type":"ImageObject","inLanguage":"fr-FR","@id":"https:\/\/eurotrail.info\/fr\/producten\/tentes\/tentes-respirantes-btc\/kentucky-btc-aluminium\/#primaryimage","url":"https:\/\/eurotrail.info\/wp\/wp-content\/uploads\/2023\/01\/ETTE1126_Kentucky-Air_sfeer-scaled.jpg","contentUrl":"https:\/\/eurotrail.info\/wp\/wp-content\/uploads\/2023\/01\/ETTE1126_Kentucky-Air_sfeer-scaled.jpg","width":2560,"height":1707,"caption":"Eurotrail Kentucky Air familietent"},{"@type":"BreadcrumbList","@id":"https:\/\/eurotrail.info\/fr\/producten\/tentes\/tentes-respirantes-btc\/kentucky-btc-aluminium\/#breadcrumb","itemListElement":[{"@type":"ListItem","position":1,"name":"Home","item":"https:\/\/eurotrail.info\/fr\/"},{"@type":"ListItem","position":2,"name":"Produits","item":"https:\/\/eurotrail.info\/fr\/produits\/"},{"@type":"ListItem","position":3,"name":"Kentucky BTC Aluminium"}]},{"@type":"WebSite","@id":"https:\/\/eurotrail.info\/#website","url":"https:\/\/eurotrail.info\/","name":"Eurotrail | The way we camp!","description":"","publisher":{"@id":"https:\/\/eurotrail.info\/#organization"},"potentialAction":[{"@type":"SearchAction","target":{"@type":"EntryPoint","urlTemplate":"https:\/\/eurotrail.info\/?s={search_term_string}"},"query-input":{"@type":"PropertyValueSpecification","valueRequired":true,"valueName":"search_term_string"}}],"inLanguage":"fr-FR"},{"@type":"Organization","@id":"https:\/\/eurotrail.info\/#organization","name":"Eurotrail | The way we camp!","url":"https:\/\/eurotrail.info\/","logo":{"@type":"ImageObject","inLanguage":"fr-FR","@id":"https:\/\/eurotrail.info\/#\/schema\/logo\/image\/","url":"https:\/\/eurotrail.info\/wp\/wp-content\/uploads\/2023\/07\/ET-logo-quote_NL-scaled.jpg","contentUrl":"https:\/\/eurotrail.info\/wp\/wp-content\/uploads\/2023\/07\/ET-logo-quote_NL-scaled.jpg","width":2560,"height":675,"caption":"Eurotrail | The way we camp!"},"image":{"@id":"https:\/\/eurotrail.info\/#\/schema\/logo\/image\/"}}]}},"_links":{"self":[{"href":"https:\/\/eurotrail.info\/fr\/wp-json\/wp\/v2\/product\/21107","targetHints":{"allow":["GET"]}}],"collection":[{"href":"https:\/\/eurotrail.info\/fr\/wp-json\/wp\/v2\/product"}],"about":[{"href":"https:\/\/eurotrail.info\/fr\/wp-json\/wp\/v2\/types\/product"}],"replies":[{"embeddable":true,"href":"https:\/\/eurotrail.info\/fr\/wp-json\/wp\/v2\/comments?post=21107"}],"wp:featuredmedia":[{"embeddable":true,"href":"https:\/\/eurotrail.info\/fr\/wp-json\/wp\/v2\/media\/21037"}],"wp:attachment":[{"href":"https:\/\/eurotrail.info\/fr\/wp-json\/wp\/v2\/media?parent=21107"}],"wp:term":[{"taxonomy":"product_brand","embeddable":true,"href":"https:\/\/eurotrail.info\/fr\/wp-json\/wp\/v2\/product_brand?post=21107"},{"taxonomy":"product_cat","embeddable":true,"href":"https:\/\/eurotrail.info\/fr\/wp-json\/wp\/v2\/product_cat?post=21107"},{"taxonomy":"product_tag","embeddable":true,"href":"https:\/\/eurotrail.info\/fr\/wp-json\/wp\/v2\/product_tag?post=21107"}],"curies":[{"name":"wp","href":"https:\/\/api.w.org\/{rel}","templated":true}]}}