{"id":21139,"date":"2023-01-23T13:09:50","date_gmt":"2023-01-23T12:20:28","guid":{"rendered":"https:\/\/eurotrail.info\/?post_type=product&#038;p=21139"},"modified":"2023-07-25T13:51:30","modified_gmt":"2023-07-25T12:51:30","slug":"georgia-btc-alu","status":"publish","type":"product","link":"https:\/\/eurotrail.info\/fr\/producten\/tentes\/tentes-respirantes-btc\/georgia-btc-alu\/","title":{"rendered":"Georgia BTC Alu"},"content":{"rendered":"<p>Tente familiale spacieuse dot\u00e9e d&#8217;arceaux en aluminium robustes et stables, fabriqu\u00e9e en polyester\/coton respirant et adapt\u00e9e \u00e0 4 ou 5 personnes. Le grand salon offre beaucoup d&#8217;espace pour la table, les chaises et le mat\u00e9riel de camping. De grandes fen\u00eatres fermables tout autour offrent une belle vue panoramique. Les perches l\u00e9g\u00e8res en aluminium permettent une installation rapide et facile. Porte lat\u00e9rale avec auvent de pluie et porte grillag\u00e9e. L&#8217;auvent fixe profond est dot\u00e9 de grandes fen\u00eatres transparentes des deux c\u00f4t\u00e9s et offre un lieu de d\u00e9tente \u00e0 l&#8217;abri du soleil ou de la pluie avec un grand espace pour une table et des chaises. Tente int\u00e9rieure avec cloison de s\u00e9paration, peut \u00eatre utilis\u00e9e comme une grande cabine de couchage de 280x220cm ou comme 2 petites cabines de couchage de 140x220cm. \u00c9quip\u00e9 de divers compartiments de rangement pratiques. La tente est dot\u00e9e d&#8217;un tapis de sol enti\u00e8rement cousu et emp\u00eache l&#8217;eau et la salet\u00e9 d&#8217;entrer.<\/p>\n<p><a href=\"https:\/\/youtu.be\/3KiK9qt838Y\">YouTube manuel Georgia BTC Alu<\/a><\/p>\n<p>Tissu ext\u00e9rieur : Polyester\/coton 65\/35% tissu respirant<br \/>\nTente int\u00e9rieure : 100% Polyester<br \/>\nFond : 100% polyester Oxford min. 5000mm<br \/>\nPoteaux : poteaux en aluminium de \u00d8 13 mm, poteau d&#8217;auvent : aluminium de \u00d8 8,5 mm<br \/>\nDimensions : 620x300x210cm<br \/>\nHauteur : 200cm<br \/>\nPoids : 24,5 kg.<br \/>\nEmball\u00e9 : 70x35x30cm<\/p>\n<p>Egalement disponible en version gonflable (AirTubes) !<\/p>\n","protected":false},"excerpt":{"rendered":"<p>Tente familiale spacieuse dot\u00e9e d&#8217;arceaux en aluminium robustes et stables, fabriqu\u00e9e en polyester\/coton respirant et adapt\u00e9e \u00e0 4 ou 5 personnes. Le grand salon offre&hellip;<\/p>\n","protected":false},"featured_media":21111,"comment_status":"open","ping_status":"closed","template":"","meta":{"_acf_changed":false},"product_brand":[],"product_cat":[275,277],"product_tag":[],"class_list":{"0":"post-21139","1":"product","2":"type-product","3":"status-publish","4":"has-post-thumbnail","6":"product_cat-tentes","7":"product_cat-tentes-respirantes-btc","9":"first","10":"instock","11":"shipping-taxable","12":"product-type-simple"},"acf":[],"yoast_head":"<!-- This site is optimized with the Yoast SEO plugin v27.4 - https:\/\/yoast.com\/product\/yoast-seo-wordpress\/ -->\n<title>Georgia BTC Alu - Eurotrail | The way we camp!<\/title>\n<meta name=\"description\" content=\"4-5 pers. tente familiale dot\u00e9e d&#039;arceaux en aluminium, fabriqu\u00e9e en polyester\/coton respirant. Le salon offre beaucoup d&#039;espace pour la table et chaises.\" \/>\n<meta name=\"robots\" content=\"index, follow, max-snippet:-1, max-image-preview:large, max-video-preview:-1\" \/>\n<link rel=\"canonical\" href=\"https:\/\/eurotrail.info\/fr\/producten\/tentes\/tentes-respirantes-btc\/georgia-btc-alu\/\" \/>\n<meta property=\"og:locale\" content=\"fr_FR\" \/>\n<meta property=\"og:type\" content=\"article\" \/>\n<meta property=\"og:title\" content=\"Georgia BTC Alu - Eurotrail | The way we camp!\" \/>\n<meta property=\"og:description\" content=\"4-5 pers. tente familiale dot\u00e9e d&#039;arceaux en aluminium, fabriqu\u00e9e en polyester\/coton respirant. Le salon offre beaucoup d&#039;espace pour la table et chaises.\" \/>\n<meta property=\"og:url\" content=\"https:\/\/eurotrail.info\/fr\/producten\/tentes\/tentes-respirantes-btc\/georgia-btc-alu\/\" \/>\n<meta property=\"og:site_name\" content=\"Eurotrail | The way we camp!\" \/>\n<meta property=\"article:modified_time\" content=\"2023-07-25T12:51:30+00:00\" \/>\n<meta property=\"og:image\" content=\"https:\/\/eurotrail.info\/wp\/wp-content\/uploads\/2023\/01\/ETTE1131_Mount-Baker-Air_sfeer-1-scaled.jpg\" \/>\n\t<meta property=\"og:image:width\" content=\"2560\" \/>\n\t<meta property=\"og:image:height\" content=\"1707\" \/>\n\t<meta property=\"og:image:type\" content=\"image\/jpeg\" \/>\n<meta name=\"twitter:card\" content=\"summary_large_image\" \/>\n<meta name=\"twitter:label1\" content=\"Dur\u00e9e de lecture estim\u00e9e\" \/>\n\t<meta name=\"twitter:data1\" content=\"2 minutes\" \/>\n<script type=\"application\/ld+json\" class=\"yoast-schema-graph\">{\"@context\":\"https:\\\/\\\/schema.org\",\"@graph\":[{\"@type\":\"WebPage\",\"@id\":\"https:\\\/\\\/eurotrail.info\\\/fr\\\/producten\\\/tentes\\\/tentes-respirantes-btc\\\/georgia-btc-alu\\\/\",\"url\":\"https:\\\/\\\/eurotrail.info\\\/fr\\\/producten\\\/tentes\\\/tentes-respirantes-btc\\\/georgia-btc-alu\\\/\",\"name\":\"Georgia BTC Alu - Eurotrail | The way we camp!\",\"isPartOf\":{\"@id\":\"https:\\\/\\\/eurotrail.info\\\/#website\"},\"primaryImageOfPage\":{\"@id\":\"https:\\\/\\\/eurotrail.info\\\/fr\\\/producten\\\/tentes\\\/tentes-respirantes-btc\\\/georgia-btc-alu\\\/#primaryimage\"},\"image\":{\"@id\":\"https:\\\/\\\/eurotrail.info\\\/fr\\\/producten\\\/tentes\\\/tentes-respirantes-btc\\\/georgia-btc-alu\\\/#primaryimage\"},\"thumbnailUrl\":\"https:\\\/\\\/eurotrail.info\\\/wp\\\/wp-content\\\/uploads\\\/2023\\\/01\\\/ETTE1131_Mount-Baker-Air_sfeer-1-scaled.jpg\",\"datePublished\":\"2023-01-23T12:20:28+00:00\",\"dateModified\":\"2023-07-25T12:51:30+00:00\",\"description\":\"4-5 pers. tente familiale dot\u00e9e d'arceaux en aluminium, fabriqu\u00e9e en polyester\\\/coton respirant. Le salon offre beaucoup d'espace pour la table et chaises.\",\"breadcrumb\":{\"@id\":\"https:\\\/\\\/eurotrail.info\\\/fr\\\/producten\\\/tentes\\\/tentes-respirantes-btc\\\/georgia-btc-alu\\\/#breadcrumb\"},\"inLanguage\":\"fr-FR\",\"potentialAction\":[{\"@type\":\"ReadAction\",\"target\":[\"https:\\\/\\\/eurotrail.info\\\/fr\\\/producten\\\/tentes\\\/tentes-respirantes-btc\\\/georgia-btc-alu\\\/\"]}]},{\"@type\":\"ImageObject\",\"inLanguage\":\"fr-FR\",\"@id\":\"https:\\\/\\\/eurotrail.info\\\/fr\\\/producten\\\/tentes\\\/tentes-respirantes-btc\\\/georgia-btc-alu\\\/#primaryimage\",\"url\":\"https:\\\/\\\/eurotrail.info\\\/wp\\\/wp-content\\\/uploads\\\/2023\\\/01\\\/ETTE1131_Mount-Baker-Air_sfeer-1-scaled.jpg\",\"contentUrl\":\"https:\\\/\\\/eurotrail.info\\\/wp\\\/wp-content\\\/uploads\\\/2023\\\/01\\\/ETTE1131_Mount-Baker-Air_sfeer-1-scaled.jpg\",\"width\":2560,\"height\":1707,\"caption\":\"Eurotrail Georgia BTC Air opblaasbaar\"},{\"@type\":\"BreadcrumbList\",\"@id\":\"https:\\\/\\\/eurotrail.info\\\/fr\\\/producten\\\/tentes\\\/tentes-respirantes-btc\\\/georgia-btc-alu\\\/#breadcrumb\",\"itemListElement\":[{\"@type\":\"ListItem\",\"position\":1,\"name\":\"Home\",\"item\":\"https:\\\/\\\/eurotrail.info\\\/fr\\\/\"},{\"@type\":\"ListItem\",\"position\":2,\"name\":\"Produits\",\"item\":\"https:\\\/\\\/eurotrail.info\\\/fr\\\/produits\\\/\"},{\"@type\":\"ListItem\",\"position\":3,\"name\":\"Georgia BTC Alu\"}]},{\"@type\":\"WebSite\",\"@id\":\"https:\\\/\\\/eurotrail.info\\\/#website\",\"url\":\"https:\\\/\\\/eurotrail.info\\\/\",\"name\":\"Eurotrail | The way we camp!\",\"description\":\"\",\"publisher\":{\"@id\":\"https:\\\/\\\/eurotrail.info\\\/#organization\"},\"potentialAction\":[{\"@type\":\"SearchAction\",\"target\":{\"@type\":\"EntryPoint\",\"urlTemplate\":\"https:\\\/\\\/eurotrail.info\\\/?s={search_term_string}\"},\"query-input\":{\"@type\":\"PropertyValueSpecification\",\"valueRequired\":true,\"valueName\":\"search_term_string\"}}],\"inLanguage\":\"fr-FR\"},{\"@type\":\"Organization\",\"@id\":\"https:\\\/\\\/eurotrail.info\\\/#organization\",\"name\":\"Eurotrail | The way we camp!\",\"url\":\"https:\\\/\\\/eurotrail.info\\\/\",\"logo\":{\"@type\":\"ImageObject\",\"inLanguage\":\"fr-FR\",\"@id\":\"https:\\\/\\\/eurotrail.info\\\/#\\\/schema\\\/logo\\\/image\\\/\",\"url\":\"https:\\\/\\\/eurotrail.info\\\/wp\\\/wp-content\\\/uploads\\\/2023\\\/07\\\/ET-logo-quote_NL-scaled.jpg\",\"contentUrl\":\"https:\\\/\\\/eurotrail.info\\\/wp\\\/wp-content\\\/uploads\\\/2023\\\/07\\\/ET-logo-quote_NL-scaled.jpg\",\"width\":2560,\"height\":675,\"caption\":\"Eurotrail | The way we camp!\"},\"image\":{\"@id\":\"https:\\\/\\\/eurotrail.info\\\/#\\\/schema\\\/logo\\\/image\\\/\"}}]}<\/script>\n<!-- \/ Yoast SEO plugin. -->","yoast_head_json":{"title":"Georgia BTC Alu - Eurotrail | The way we camp!","description":"4-5 pers. tente familiale dot\u00e9e d'arceaux en aluminium, fabriqu\u00e9e en polyester\/coton respirant. Le salon offre beaucoup d'espace pour la table et chaises.","robots":{"index":"index","follow":"follow","max-snippet":"max-snippet:-1","max-image-preview":"max-image-preview:large","max-video-preview":"max-video-preview:-1"},"canonical":"https:\/\/eurotrail.info\/fr\/producten\/tentes\/tentes-respirantes-btc\/georgia-btc-alu\/","og_locale":"fr_FR","og_type":"article","og_title":"Georgia BTC Alu - Eurotrail | The way we camp!","og_description":"4-5 pers. tente familiale dot\u00e9e d'arceaux en aluminium, fabriqu\u00e9e en polyester\/coton respirant. Le salon offre beaucoup d'espace pour la table et chaises.","og_url":"https:\/\/eurotrail.info\/fr\/producten\/tentes\/tentes-respirantes-btc\/georgia-btc-alu\/","og_site_name":"Eurotrail | The way we camp!","article_modified_time":"2023-07-25T12:51:30+00:00","og_image":[{"width":2560,"height":1707,"url":"https:\/\/eurotrail.info\/wp\/wp-content\/uploads\/2023\/01\/ETTE1131_Mount-Baker-Air_sfeer-1-scaled.jpg","type":"image\/jpeg"}],"twitter_card":"summary_large_image","twitter_misc":{"Dur\u00e9e de lecture estim\u00e9e":"2 minutes"},"schema":{"@context":"https:\/\/schema.org","@graph":[{"@type":"WebPage","@id":"https:\/\/eurotrail.info\/fr\/producten\/tentes\/tentes-respirantes-btc\/georgia-btc-alu\/","url":"https:\/\/eurotrail.info\/fr\/producten\/tentes\/tentes-respirantes-btc\/georgia-btc-alu\/","name":"Georgia BTC Alu - Eurotrail | The way we camp!","isPartOf":{"@id":"https:\/\/eurotrail.info\/#website"},"primaryImageOfPage":{"@id":"https:\/\/eurotrail.info\/fr\/producten\/tentes\/tentes-respirantes-btc\/georgia-btc-alu\/#primaryimage"},"image":{"@id":"https:\/\/eurotrail.info\/fr\/producten\/tentes\/tentes-respirantes-btc\/georgia-btc-alu\/#primaryimage"},"thumbnailUrl":"https:\/\/eurotrail.info\/wp\/wp-content\/uploads\/2023\/01\/ETTE1131_Mount-Baker-Air_sfeer-1-scaled.jpg","datePublished":"2023-01-23T12:20:28+00:00","dateModified":"2023-07-25T12:51:30+00:00","description":"4-5 pers. tente familiale dot\u00e9e d'arceaux en aluminium, fabriqu\u00e9e en polyester\/coton respirant. Le salon offre beaucoup d'espace pour la table et chaises.","breadcrumb":{"@id":"https:\/\/eurotrail.info\/fr\/producten\/tentes\/tentes-respirantes-btc\/georgia-btc-alu\/#breadcrumb"},"inLanguage":"fr-FR","potentialAction":[{"@type":"ReadAction","target":["https:\/\/eurotrail.info\/fr\/producten\/tentes\/tentes-respirantes-btc\/georgia-btc-alu\/"]}]},{"@type":"ImageObject","inLanguage":"fr-FR","@id":"https:\/\/eurotrail.info\/fr\/producten\/tentes\/tentes-respirantes-btc\/georgia-btc-alu\/#primaryimage","url":"https:\/\/eurotrail.info\/wp\/wp-content\/uploads\/2023\/01\/ETTE1131_Mount-Baker-Air_sfeer-1-scaled.jpg","contentUrl":"https:\/\/eurotrail.info\/wp\/wp-content\/uploads\/2023\/01\/ETTE1131_Mount-Baker-Air_sfeer-1-scaled.jpg","width":2560,"height":1707,"caption":"Eurotrail Georgia BTC Air opblaasbaar"},{"@type":"BreadcrumbList","@id":"https:\/\/eurotrail.info\/fr\/producten\/tentes\/tentes-respirantes-btc\/georgia-btc-alu\/#breadcrumb","itemListElement":[{"@type":"ListItem","position":1,"name":"Home","item":"https:\/\/eurotrail.info\/fr\/"},{"@type":"ListItem","position":2,"name":"Produits","item":"https:\/\/eurotrail.info\/fr\/produits\/"},{"@type":"ListItem","position":3,"name":"Georgia BTC Alu"}]},{"@type":"WebSite","@id":"https:\/\/eurotrail.info\/#website","url":"https:\/\/eurotrail.info\/","name":"Eurotrail | The way we camp!","description":"","publisher":{"@id":"https:\/\/eurotrail.info\/#organization"},"potentialAction":[{"@type":"SearchAction","target":{"@type":"EntryPoint","urlTemplate":"https:\/\/eurotrail.info\/?s={search_term_string}"},"query-input":{"@type":"PropertyValueSpecification","valueRequired":true,"valueName":"search_term_string"}}],"inLanguage":"fr-FR"},{"@type":"Organization","@id":"https:\/\/eurotrail.info\/#organization","name":"Eurotrail | The way we camp!","url":"https:\/\/eurotrail.info\/","logo":{"@type":"ImageObject","inLanguage":"fr-FR","@id":"https:\/\/eurotrail.info\/#\/schema\/logo\/image\/","url":"https:\/\/eurotrail.info\/wp\/wp-content\/uploads\/2023\/07\/ET-logo-quote_NL-scaled.jpg","contentUrl":"https:\/\/eurotrail.info\/wp\/wp-content\/uploads\/2023\/07\/ET-logo-quote_NL-scaled.jpg","width":2560,"height":675,"caption":"Eurotrail | The way we camp!"},"image":{"@id":"https:\/\/eurotrail.info\/#\/schema\/logo\/image\/"}}]}},"_links":{"self":[{"href":"https:\/\/eurotrail.info\/fr\/wp-json\/wp\/v2\/product\/21139","targetHints":{"allow":["GET"]}}],"collection":[{"href":"https:\/\/eurotrail.info\/fr\/wp-json\/wp\/v2\/product"}],"about":[{"href":"https:\/\/eurotrail.info\/fr\/wp-json\/wp\/v2\/types\/product"}],"replies":[{"embeddable":true,"href":"https:\/\/eurotrail.info\/fr\/wp-json\/wp\/v2\/comments?post=21139"}],"wp:featuredmedia":[{"embeddable":true,"href":"https:\/\/eurotrail.info\/fr\/wp-json\/wp\/v2\/media\/21111"}],"wp:attachment":[{"href":"https:\/\/eurotrail.info\/fr\/wp-json\/wp\/v2\/media?parent=21139"}],"wp:term":[{"taxonomy":"product_brand","embeddable":true,"href":"https:\/\/eurotrail.info\/fr\/wp-json\/wp\/v2\/product_brand?post=21139"},{"taxonomy":"product_cat","embeddable":true,"href":"https:\/\/eurotrail.info\/fr\/wp-json\/wp\/v2\/product_cat?post=21139"},{"taxonomy":"product_tag","embeddable":true,"href":"https:\/\/eurotrail.info\/fr\/wp-json\/wp\/v2\/product_tag?post=21139"}],"curies":[{"name":"wp","href":"https:\/\/api.w.org\/{rel}","templated":true}]}}