{"id":21811,"date":"2023-12-06T08:45:49","date_gmt":"2023-12-06T07:50:46","guid":{"rendered":"https:\/\/eurotrail.info\/?post_type=product&#038;p=21811"},"modified":"2023-12-06T08:50:46","modified_gmt":"2023-12-06T07:50:46","slug":"kendal-beach-chaise-de-plage","status":"publish","type":"product","link":"https:\/\/eurotrail.info\/fr\/producten\/meubles\/chaises-de-camping\/kendal-beach-chaise-de-plage\/","title":{"rendered":"Kendal Beach chaise de plage"},"content":{"rendered":"<p>Chaise de plage confortable avec position allong\u00e9e. Le dossier r\u00e9glable (5 positions) peut \u00eatre compl\u00e8tement inclin\u00e9 vers l&#8217;arri\u00e8re, cr\u00e9ant ainsi une sorte de lit de plage. Le si\u00e8ge de ce Kendal Beach a une dimension confortable de 47&#215;36 cm et est bas par rapport au sol (25 cm). Fabriqu\u00e9 en polyester ripstop mesh rembourr\u00e9 associ\u00e9 \u00e0 un cadre en aluminium l\u00e9ger. Fourni avec un coussin et des bretelles pour un transport facile.<\/p>\n<p>Mat\u00e9riau : 100 % polyester air mesh rembourr\u00e9.<br \/>\nCadre : aluminium \u00d8 22\/19 mm.<br \/>\nDimensions : 59x50x88 cm.<br \/>\nPli\u00e9 : 80x59x16 cm.<br \/>\nPoids : 4,45 kg.<br \/>\nCharge maximale : 100 kg.<\/p>\n","protected":false},"excerpt":{"rendered":"<p>Chaise de plage confortable avec position allong\u00e9e. Le dossier r\u00e9glable (5 positions) peut \u00eatre compl\u00e8tement inclin\u00e9 vers l&#8217;arri\u00e8re, cr\u00e9ant ainsi une sorte de lit de&hellip;<\/p>\n","protected":false},"featured_media":21787,"comment_status":"open","ping_status":"closed","template":"","meta":{"_acf_changed":false},"product_brand":[],"product_cat":[254,256,253],"product_tag":[],"class_list":{"0":"post-21811","1":"product","2":"type-product","3":"status-publish","4":"has-post-thumbnail","6":"product_cat-chaises-de-camping","7":"product_cat-chaises-de-plage","8":"product_cat-meubles","10":"first","11":"instock","12":"shipping-taxable","13":"product-type-simple"},"acf":[],"yoast_head":"<!-- This site is optimized with the Yoast SEO plugin v27.4 - https:\/\/yoast.com\/product\/yoast-seo-wordpress\/ -->\n<title>Kendal Beach chaise de plage - Eurotrail | The way we camp!<\/title>\n<meta name=\"description\" content=\"Chaise de plage confortable avec position allong\u00e9e. Le dossier r\u00e9glable (5 positions) peut \u00eatre compl\u00e8tement inclin\u00e9 vers l&#039;arri\u00e8re, cr\u00e9ant ainsi une sorte de lit de plage\" \/>\n<meta name=\"robots\" content=\"index, follow, max-snippet:-1, max-image-preview:large, max-video-preview:-1\" \/>\n<link rel=\"canonical\" href=\"https:\/\/eurotrail.info\/fr\/producten\/meubles\/chaises-de-camping\/kendal-beach-chaise-de-plage\/\" \/>\n<meta property=\"og:locale\" content=\"fr_FR\" \/>\n<meta property=\"og:type\" content=\"article\" \/>\n<meta property=\"og:title\" content=\"Kendal Beach chaise de plage - Eurotrail | The way we camp!\" \/>\n<meta property=\"og:description\" content=\"Chaise de plage confortable avec position allong\u00e9e. Le dossier r\u00e9glable (5 positions) peut \u00eatre compl\u00e8tement inclin\u00e9 vers l&#039;arri\u00e8re, cr\u00e9ant ainsi une sorte de lit de plage\" \/>\n<meta property=\"og:url\" content=\"https:\/\/eurotrail.info\/fr\/producten\/meubles\/chaises-de-camping\/kendal-beach-chaise-de-plage\/\" \/>\n<meta property=\"og:site_name\" content=\"Eurotrail | The way we camp!\" \/>\n<meta property=\"og:image\" content=\"https:\/\/eurotrail.info\/wp\/wp-content\/uploads\/2023\/12\/beach-chair-2a-scaled.jpg\" \/>\n\t<meta property=\"og:image:width\" content=\"2141\" \/>\n\t<meta property=\"og:image:height\" content=\"2560\" \/>\n\t<meta property=\"og:image:type\" content=\"image\/jpeg\" \/>\n<meta name=\"twitter:card\" content=\"summary_large_image\" \/>\n<meta name=\"twitter:label1\" content=\"Dur\u00e9e de lecture estim\u00e9e\" \/>\n\t<meta name=\"twitter:data1\" content=\"1 minute\" \/>\n<script type=\"application\/ld+json\" class=\"yoast-schema-graph\">{\"@context\":\"https:\\\/\\\/schema.org\",\"@graph\":[{\"@type\":\"WebPage\",\"@id\":\"https:\\\/\\\/eurotrail.info\\\/fr\\\/producten\\\/meubles\\\/chaises-de-camping\\\/kendal-beach-chaise-de-plage\\\/\",\"url\":\"https:\\\/\\\/eurotrail.info\\\/fr\\\/producten\\\/meubles\\\/chaises-de-camping\\\/kendal-beach-chaise-de-plage\\\/\",\"name\":\"Kendal Beach chaise de plage - Eurotrail | The way we camp!\",\"isPartOf\":{\"@id\":\"https:\\\/\\\/eurotrail.info\\\/#website\"},\"primaryImageOfPage\":{\"@id\":\"https:\\\/\\\/eurotrail.info\\\/fr\\\/producten\\\/meubles\\\/chaises-de-camping\\\/kendal-beach-chaise-de-plage\\\/#primaryimage\"},\"image\":{\"@id\":\"https:\\\/\\\/eurotrail.info\\\/fr\\\/producten\\\/meubles\\\/chaises-de-camping\\\/kendal-beach-chaise-de-plage\\\/#primaryimage\"},\"thumbnailUrl\":\"https:\\\/\\\/eurotrail.info\\\/wp\\\/wp-content\\\/uploads\\\/2023\\\/12\\\/beach-chair-2a-scaled.jpg\",\"datePublished\":\"2023-12-06T07:50:46+00:00\",\"description\":\"Chaise de plage confortable avec position allong\u00e9e. Le dossier r\u00e9glable (5 positions) peut \u00eatre compl\u00e8tement inclin\u00e9 vers l'arri\u00e8re, cr\u00e9ant ainsi une sorte de lit de plage\",\"breadcrumb\":{\"@id\":\"https:\\\/\\\/eurotrail.info\\\/fr\\\/producten\\\/meubles\\\/chaises-de-camping\\\/kendal-beach-chaise-de-plage\\\/#breadcrumb\"},\"inLanguage\":\"fr-FR\",\"potentialAction\":[{\"@type\":\"ReadAction\",\"target\":[\"https:\\\/\\\/eurotrail.info\\\/fr\\\/producten\\\/meubles\\\/chaises-de-camping\\\/kendal-beach-chaise-de-plage\\\/\"]}]},{\"@type\":\"ImageObject\",\"inLanguage\":\"fr-FR\",\"@id\":\"https:\\\/\\\/eurotrail.info\\\/fr\\\/producten\\\/meubles\\\/chaises-de-camping\\\/kendal-beach-chaise-de-plage\\\/#primaryimage\",\"url\":\"https:\\\/\\\/eurotrail.info\\\/wp\\\/wp-content\\\/uploads\\\/2023\\\/12\\\/beach-chair-2a-scaled.jpg\",\"contentUrl\":\"https:\\\/\\\/eurotrail.info\\\/wp\\\/wp-content\\\/uploads\\\/2023\\\/12\\\/beach-chair-2a-scaled.jpg\",\"width\":2141,\"height\":2560,\"caption\":\"strandstoel met ligstand. Het verstelbare rugpand (5x) is helemaal naar achteren terug te zetten waardoor er een soort ligbed ontstaat.\"},{\"@type\":\"BreadcrumbList\",\"@id\":\"https:\\\/\\\/eurotrail.info\\\/fr\\\/producten\\\/meubles\\\/chaises-de-camping\\\/kendal-beach-chaise-de-plage\\\/#breadcrumb\",\"itemListElement\":[{\"@type\":\"ListItem\",\"position\":1,\"name\":\"Home\",\"item\":\"https:\\\/\\\/eurotrail.info\\\/fr\\\/\"},{\"@type\":\"ListItem\",\"position\":2,\"name\":\"Produits\",\"item\":\"https:\\\/\\\/eurotrail.info\\\/fr\\\/produits\\\/\"},{\"@type\":\"ListItem\",\"position\":3,\"name\":\"Kendal Beach chaise de plage\"}]},{\"@type\":\"WebSite\",\"@id\":\"https:\\\/\\\/eurotrail.info\\\/#website\",\"url\":\"https:\\\/\\\/eurotrail.info\\\/\",\"name\":\"Eurotrail | The way we camp!\",\"description\":\"\",\"publisher\":{\"@id\":\"https:\\\/\\\/eurotrail.info\\\/#organization\"},\"potentialAction\":[{\"@type\":\"SearchAction\",\"target\":{\"@type\":\"EntryPoint\",\"urlTemplate\":\"https:\\\/\\\/eurotrail.info\\\/?s={search_term_string}\"},\"query-input\":{\"@type\":\"PropertyValueSpecification\",\"valueRequired\":true,\"valueName\":\"search_term_string\"}}],\"inLanguage\":\"fr-FR\"},{\"@type\":\"Organization\",\"@id\":\"https:\\\/\\\/eurotrail.info\\\/#organization\",\"name\":\"Eurotrail | The way we camp!\",\"url\":\"https:\\\/\\\/eurotrail.info\\\/\",\"logo\":{\"@type\":\"ImageObject\",\"inLanguage\":\"fr-FR\",\"@id\":\"https:\\\/\\\/eurotrail.info\\\/#\\\/schema\\\/logo\\\/image\\\/\",\"url\":\"https:\\\/\\\/eurotrail.info\\\/wp\\\/wp-content\\\/uploads\\\/2023\\\/07\\\/ET-logo-quote_NL-scaled.jpg\",\"contentUrl\":\"https:\\\/\\\/eurotrail.info\\\/wp\\\/wp-content\\\/uploads\\\/2023\\\/07\\\/ET-logo-quote_NL-scaled.jpg\",\"width\":2560,\"height\":675,\"caption\":\"Eurotrail | The way we camp!\"},\"image\":{\"@id\":\"https:\\\/\\\/eurotrail.info\\\/#\\\/schema\\\/logo\\\/image\\\/\"}}]}<\/script>\n<!-- \/ Yoast SEO plugin. -->","yoast_head_json":{"title":"Kendal Beach chaise de plage - Eurotrail | The way we camp!","description":"Chaise de plage confortable avec position allong\u00e9e. Le dossier r\u00e9glable (5 positions) peut \u00eatre compl\u00e8tement inclin\u00e9 vers l'arri\u00e8re, cr\u00e9ant ainsi une sorte de lit de plage","robots":{"index":"index","follow":"follow","max-snippet":"max-snippet:-1","max-image-preview":"max-image-preview:large","max-video-preview":"max-video-preview:-1"},"canonical":"https:\/\/eurotrail.info\/fr\/producten\/meubles\/chaises-de-camping\/kendal-beach-chaise-de-plage\/","og_locale":"fr_FR","og_type":"article","og_title":"Kendal Beach chaise de plage - Eurotrail | The way we camp!","og_description":"Chaise de plage confortable avec position allong\u00e9e. Le dossier r\u00e9glable (5 positions) peut \u00eatre compl\u00e8tement inclin\u00e9 vers l'arri\u00e8re, cr\u00e9ant ainsi une sorte de lit de plage","og_url":"https:\/\/eurotrail.info\/fr\/producten\/meubles\/chaises-de-camping\/kendal-beach-chaise-de-plage\/","og_site_name":"Eurotrail | The way we camp!","og_image":[{"width":2141,"height":2560,"url":"https:\/\/eurotrail.info\/wp\/wp-content\/uploads\/2023\/12\/beach-chair-2a-scaled.jpg","type":"image\/jpeg"}],"twitter_card":"summary_large_image","twitter_misc":{"Dur\u00e9e de lecture estim\u00e9e":"1 minute"},"schema":{"@context":"https:\/\/schema.org","@graph":[{"@type":"WebPage","@id":"https:\/\/eurotrail.info\/fr\/producten\/meubles\/chaises-de-camping\/kendal-beach-chaise-de-plage\/","url":"https:\/\/eurotrail.info\/fr\/producten\/meubles\/chaises-de-camping\/kendal-beach-chaise-de-plage\/","name":"Kendal Beach chaise de plage - Eurotrail | The way we camp!","isPartOf":{"@id":"https:\/\/eurotrail.info\/#website"},"primaryImageOfPage":{"@id":"https:\/\/eurotrail.info\/fr\/producten\/meubles\/chaises-de-camping\/kendal-beach-chaise-de-plage\/#primaryimage"},"image":{"@id":"https:\/\/eurotrail.info\/fr\/producten\/meubles\/chaises-de-camping\/kendal-beach-chaise-de-plage\/#primaryimage"},"thumbnailUrl":"https:\/\/eurotrail.info\/wp\/wp-content\/uploads\/2023\/12\/beach-chair-2a-scaled.jpg","datePublished":"2023-12-06T07:50:46+00:00","description":"Chaise de plage confortable avec position allong\u00e9e. Le dossier r\u00e9glable (5 positions) peut \u00eatre compl\u00e8tement inclin\u00e9 vers l'arri\u00e8re, cr\u00e9ant ainsi une sorte de lit de plage","breadcrumb":{"@id":"https:\/\/eurotrail.info\/fr\/producten\/meubles\/chaises-de-camping\/kendal-beach-chaise-de-plage\/#breadcrumb"},"inLanguage":"fr-FR","potentialAction":[{"@type":"ReadAction","target":["https:\/\/eurotrail.info\/fr\/producten\/meubles\/chaises-de-camping\/kendal-beach-chaise-de-plage\/"]}]},{"@type":"ImageObject","inLanguage":"fr-FR","@id":"https:\/\/eurotrail.info\/fr\/producten\/meubles\/chaises-de-camping\/kendal-beach-chaise-de-plage\/#primaryimage","url":"https:\/\/eurotrail.info\/wp\/wp-content\/uploads\/2023\/12\/beach-chair-2a-scaled.jpg","contentUrl":"https:\/\/eurotrail.info\/wp\/wp-content\/uploads\/2023\/12\/beach-chair-2a-scaled.jpg","width":2141,"height":2560,"caption":"strandstoel met ligstand. Het verstelbare rugpand (5x) is helemaal naar achteren terug te zetten waardoor er een soort ligbed ontstaat."},{"@type":"BreadcrumbList","@id":"https:\/\/eurotrail.info\/fr\/producten\/meubles\/chaises-de-camping\/kendal-beach-chaise-de-plage\/#breadcrumb","itemListElement":[{"@type":"ListItem","position":1,"name":"Home","item":"https:\/\/eurotrail.info\/fr\/"},{"@type":"ListItem","position":2,"name":"Produits","item":"https:\/\/eurotrail.info\/fr\/produits\/"},{"@type":"ListItem","position":3,"name":"Kendal Beach chaise de plage"}]},{"@type":"WebSite","@id":"https:\/\/eurotrail.info\/#website","url":"https:\/\/eurotrail.info\/","name":"Eurotrail | The way we camp!","description":"","publisher":{"@id":"https:\/\/eurotrail.info\/#organization"},"potentialAction":[{"@type":"SearchAction","target":{"@type":"EntryPoint","urlTemplate":"https:\/\/eurotrail.info\/?s={search_term_string}"},"query-input":{"@type":"PropertyValueSpecification","valueRequired":true,"valueName":"search_term_string"}}],"inLanguage":"fr-FR"},{"@type":"Organization","@id":"https:\/\/eurotrail.info\/#organization","name":"Eurotrail | The way we camp!","url":"https:\/\/eurotrail.info\/","logo":{"@type":"ImageObject","inLanguage":"fr-FR","@id":"https:\/\/eurotrail.info\/#\/schema\/logo\/image\/","url":"https:\/\/eurotrail.info\/wp\/wp-content\/uploads\/2023\/07\/ET-logo-quote_NL-scaled.jpg","contentUrl":"https:\/\/eurotrail.info\/wp\/wp-content\/uploads\/2023\/07\/ET-logo-quote_NL-scaled.jpg","width":2560,"height":675,"caption":"Eurotrail | The way we camp!"},"image":{"@id":"https:\/\/eurotrail.info\/#\/schema\/logo\/image\/"}}]}},"_links":{"self":[{"href":"https:\/\/eurotrail.info\/fr\/wp-json\/wp\/v2\/product\/21811","targetHints":{"allow":["GET"]}}],"collection":[{"href":"https:\/\/eurotrail.info\/fr\/wp-json\/wp\/v2\/product"}],"about":[{"href":"https:\/\/eurotrail.info\/fr\/wp-json\/wp\/v2\/types\/product"}],"replies":[{"embeddable":true,"href":"https:\/\/eurotrail.info\/fr\/wp-json\/wp\/v2\/comments?post=21811"}],"wp:featuredmedia":[{"embeddable":true,"href":"https:\/\/eurotrail.info\/fr\/wp-json\/wp\/v2\/media\/21787"}],"wp:attachment":[{"href":"https:\/\/eurotrail.info\/fr\/wp-json\/wp\/v2\/media?parent=21811"}],"wp:term":[{"taxonomy":"product_brand","embeddable":true,"href":"https:\/\/eurotrail.info\/fr\/wp-json\/wp\/v2\/product_brand?post=21811"},{"taxonomy":"product_cat","embeddable":true,"href":"https:\/\/eurotrail.info\/fr\/wp-json\/wp\/v2\/product_cat?post=21811"},{"taxonomy":"product_tag","embeddable":true,"href":"https:\/\/eurotrail.info\/fr\/wp-json\/wp\/v2\/product_tag?post=21811"}],"curies":[{"name":"wp","href":"https:\/\/api.w.org\/{rel}","templated":true}]}}