{"id":21912,"date":"2023-12-06T09:05:29","date_gmt":"2023-12-06T08:17:57","guid":{"rendered":"https:\/\/eurotrail.info\/?post_type=product&#038;p=21912"},"modified":"2023-12-06T09:17:57","modified_gmt":"2023-12-06T08:17:57","slug":"perez-chaise-de-plage-recyclee","status":"publish","type":"product","link":"https:\/\/eurotrail.info\/fr\/producten\/meubles\/chaises-de-plage\/perez-chaise-de-plage-recyclee\/","title":{"rendered":"Perez Chaise de plage recycl\u00e9e"},"content":{"rendered":"<p>Ce transat de plage est fabriqu\u00e9 \u00e0 partir de polyester recycl\u00e9 et toutes les pi\u00e8ces en plastique sont \u00e9galement fabriqu\u00e9es \u00e0 partir de mat\u00e9riaux recycl\u00e9s. Transat confortable avec position allong\u00e9e. Le dossier r\u00e9glable (5 positions) peut \u00eatre compl\u00e8tement inclin\u00e9 vers l&#8217;arri\u00e8re, cr\u00e9ant ainsi une sorte de lit de plage. Le si\u00e8ge a une taille confortable de 48&#215;43 cm et est bas par rapport au sol (23 cm). Il est \u00e9quip\u00e9 d&#8217;une grande poche de rangement \u00e0 fermeture \u00e9clair \u00e0 l&#8217;arri\u00e8re, d&#8217;une poche lat\u00e9rale pratique, d&#8217;un oreiller et de sangles d&#8217;\u00e9paule pour un transport facile.<\/p>\n<p>Mat\u00e9riau : Polyester 600D 100% recycl\u00e9, pi\u00e8ces en plastique recycl\u00e9.<br \/>\nCadre : aluminium \u00d8 24 mm<br \/>\nDimensions : 62x55x75 cm<br \/>\nPli\u00e9 : 70x62x13 cm<br \/>\nPoids : 3,4 kg<br \/>\nCharge maximale : 100 kg<\/p>\n","protected":false},"excerpt":{"rendered":"<p>Ce transat de plage est fabriqu\u00e9 \u00e0 partir de polyester recycl\u00e9 et toutes les pi\u00e8ces en plastique sont \u00e9galement fabriqu\u00e9es \u00e0 partir de mat\u00e9riaux recycl\u00e9s.&hellip;<\/p>\n","protected":false},"featured_media":21867,"comment_status":"open","ping_status":"closed","template":"","meta":{"_acf_changed":false},"product_brand":[],"product_cat":[256,253],"product_tag":[],"class_list":{"0":"post-21912","1":"product","2":"type-product","3":"status-publish","4":"has-post-thumbnail","6":"product_cat-chaises-de-plage","7":"product_cat-meubles","9":"first","10":"instock","11":"shipping-taxable","12":"product-type-simple"},"acf":[],"yoast_head":"<!-- This site is optimized with the Yoast SEO plugin v27.4 - https:\/\/yoast.com\/product\/yoast-seo-wordpress\/ -->\n<title>Perez Chaise de plage recycl\u00e9e - Eurotrail | The way we camp!<\/title>\n<meta name=\"description\" content=\"Ce transat de plage est fabriqu\u00e9 \u00e0 partir de polyester recycl\u00e9 et toutes les pi\u00e8ces en plastique sont \u00e9galement fabriqu\u00e9es \u00e0 partir de mat\u00e9riaux recycl\u00e9s. Transat confortable avec position allong\u00e9e.\" \/>\n<meta name=\"robots\" content=\"index, follow, max-snippet:-1, max-image-preview:large, max-video-preview:-1\" \/>\n<link rel=\"canonical\" href=\"https:\/\/eurotrail.info\/fr\/producten\/meubles\/chaises-de-plage\/perez-chaise-de-plage-recyclee\/\" \/>\n<meta property=\"og:locale\" content=\"fr_FR\" \/>\n<meta property=\"og:type\" content=\"article\" \/>\n<meta property=\"og:title\" content=\"Perez Chaise de plage recycl\u00e9e - Eurotrail | The way we camp!\" \/>\n<meta property=\"og:description\" content=\"Ce transat de plage est fabriqu\u00e9 \u00e0 partir de polyester recycl\u00e9 et toutes les pi\u00e8ces en plastique sont \u00e9galement fabriqu\u00e9es \u00e0 partir de mat\u00e9riaux recycl\u00e9s. Transat confortable avec position allong\u00e9e.\" \/>\n<meta property=\"og:url\" content=\"https:\/\/eurotrail.info\/fr\/producten\/meubles\/chaises-de-plage\/perez-chaise-de-plage-recyclee\/\" \/>\n<meta property=\"og:site_name\" content=\"Eurotrail | The way we camp!\" \/>\n<meta property=\"og:image\" content=\"https:\/\/eurotrail.info\/wp\/wp-content\/uploads\/2023\/12\/beach-chair-1b-scaled.jpg\" \/>\n\t<meta property=\"og:image:width\" content=\"2347\" \/>\n\t<meta property=\"og:image:height\" content=\"2560\" \/>\n\t<meta property=\"og:image:type\" content=\"image\/jpeg\" \/>\n<meta name=\"twitter:card\" content=\"summary_large_image\" \/>\n<meta name=\"twitter:label1\" content=\"Dur\u00e9e de lecture estim\u00e9e\" \/>\n\t<meta name=\"twitter:data1\" content=\"1 minute\" \/>\n<script type=\"application\/ld+json\" class=\"yoast-schema-graph\">{\"@context\":\"https:\\\/\\\/schema.org\",\"@graph\":[{\"@type\":\"WebPage\",\"@id\":\"https:\\\/\\\/eurotrail.info\\\/fr\\\/producten\\\/meubles\\\/chaises-de-plage\\\/perez-chaise-de-plage-recyclee\\\/\",\"url\":\"https:\\\/\\\/eurotrail.info\\\/fr\\\/producten\\\/meubles\\\/chaises-de-plage\\\/perez-chaise-de-plage-recyclee\\\/\",\"name\":\"Perez Chaise de plage recycl\u00e9e - Eurotrail | The way we camp!\",\"isPartOf\":{\"@id\":\"https:\\\/\\\/eurotrail.info\\\/#website\"},\"primaryImageOfPage\":{\"@id\":\"https:\\\/\\\/eurotrail.info\\\/fr\\\/producten\\\/meubles\\\/chaises-de-plage\\\/perez-chaise-de-plage-recyclee\\\/#primaryimage\"},\"image\":{\"@id\":\"https:\\\/\\\/eurotrail.info\\\/fr\\\/producten\\\/meubles\\\/chaises-de-plage\\\/perez-chaise-de-plage-recyclee\\\/#primaryimage\"},\"thumbnailUrl\":\"https:\\\/\\\/eurotrail.info\\\/wp\\\/wp-content\\\/uploads\\\/2023\\\/12\\\/beach-chair-1b-scaled.jpg\",\"datePublished\":\"2023-12-06T08:17:57+00:00\",\"description\":\"Ce transat de plage est fabriqu\u00e9 \u00e0 partir de polyester recycl\u00e9 et toutes les pi\u00e8ces en plastique sont \u00e9galement fabriqu\u00e9es \u00e0 partir de mat\u00e9riaux recycl\u00e9s. Transat confortable avec position allong\u00e9e.\",\"breadcrumb\":{\"@id\":\"https:\\\/\\\/eurotrail.info\\\/fr\\\/producten\\\/meubles\\\/chaises-de-plage\\\/perez-chaise-de-plage-recyclee\\\/#breadcrumb\"},\"inLanguage\":\"fr-FR\",\"potentialAction\":[{\"@type\":\"ReadAction\",\"target\":[\"https:\\\/\\\/eurotrail.info\\\/fr\\\/producten\\\/meubles\\\/chaises-de-plage\\\/perez-chaise-de-plage-recyclee\\\/\"]}]},{\"@type\":\"ImageObject\",\"inLanguage\":\"fr-FR\",\"@id\":\"https:\\\/\\\/eurotrail.info\\\/fr\\\/producten\\\/meubles\\\/chaises-de-plage\\\/perez-chaise-de-plage-recyclee\\\/#primaryimage\",\"url\":\"https:\\\/\\\/eurotrail.info\\\/wp\\\/wp-content\\\/uploads\\\/2023\\\/12\\\/beach-chair-1b-scaled.jpg\",\"contentUrl\":\"https:\\\/\\\/eurotrail.info\\\/wp\\\/wp-content\\\/uploads\\\/2023\\\/12\\\/beach-chair-1b-scaled.jpg\",\"width\":2347,\"height\":2560,\"caption\":\"Deze strandstoel is vervaardigd van een gerecycled polyester materiaal en alle plastics onderdelen zijn tevens van gerecycled materiaal.\"},{\"@type\":\"BreadcrumbList\",\"@id\":\"https:\\\/\\\/eurotrail.info\\\/fr\\\/producten\\\/meubles\\\/chaises-de-plage\\\/perez-chaise-de-plage-recyclee\\\/#breadcrumb\",\"itemListElement\":[{\"@type\":\"ListItem\",\"position\":1,\"name\":\"Home\",\"item\":\"https:\\\/\\\/eurotrail.info\\\/fr\\\/\"},{\"@type\":\"ListItem\",\"position\":2,\"name\":\"Produits\",\"item\":\"https:\\\/\\\/eurotrail.info\\\/fr\\\/produits\\\/\"},{\"@type\":\"ListItem\",\"position\":3,\"name\":\"Perez Chaise de plage recycl\u00e9e\"}]},{\"@type\":\"WebSite\",\"@id\":\"https:\\\/\\\/eurotrail.info\\\/#website\",\"url\":\"https:\\\/\\\/eurotrail.info\\\/\",\"name\":\"Eurotrail | The way we camp!\",\"description\":\"\",\"publisher\":{\"@id\":\"https:\\\/\\\/eurotrail.info\\\/#organization\"},\"potentialAction\":[{\"@type\":\"SearchAction\",\"target\":{\"@type\":\"EntryPoint\",\"urlTemplate\":\"https:\\\/\\\/eurotrail.info\\\/?s={search_term_string}\"},\"query-input\":{\"@type\":\"PropertyValueSpecification\",\"valueRequired\":true,\"valueName\":\"search_term_string\"}}],\"inLanguage\":\"fr-FR\"},{\"@type\":\"Organization\",\"@id\":\"https:\\\/\\\/eurotrail.info\\\/#organization\",\"name\":\"Eurotrail | The way we camp!\",\"url\":\"https:\\\/\\\/eurotrail.info\\\/\",\"logo\":{\"@type\":\"ImageObject\",\"inLanguage\":\"fr-FR\",\"@id\":\"https:\\\/\\\/eurotrail.info\\\/#\\\/schema\\\/logo\\\/image\\\/\",\"url\":\"https:\\\/\\\/eurotrail.info\\\/wp\\\/wp-content\\\/uploads\\\/2023\\\/07\\\/ET-logo-quote_NL-scaled.jpg\",\"contentUrl\":\"https:\\\/\\\/eurotrail.info\\\/wp\\\/wp-content\\\/uploads\\\/2023\\\/07\\\/ET-logo-quote_NL-scaled.jpg\",\"width\":2560,\"height\":675,\"caption\":\"Eurotrail | The way we camp!\"},\"image\":{\"@id\":\"https:\\\/\\\/eurotrail.info\\\/#\\\/schema\\\/logo\\\/image\\\/\"}}]}<\/script>\n<!-- \/ Yoast SEO plugin. -->","yoast_head_json":{"title":"Perez Chaise de plage recycl\u00e9e - Eurotrail | The way we camp!","description":"Ce transat de plage est fabriqu\u00e9 \u00e0 partir de polyester recycl\u00e9 et toutes les pi\u00e8ces en plastique sont \u00e9galement fabriqu\u00e9es \u00e0 partir de mat\u00e9riaux recycl\u00e9s. Transat confortable avec position allong\u00e9e.","robots":{"index":"index","follow":"follow","max-snippet":"max-snippet:-1","max-image-preview":"max-image-preview:large","max-video-preview":"max-video-preview:-1"},"canonical":"https:\/\/eurotrail.info\/fr\/producten\/meubles\/chaises-de-plage\/perez-chaise-de-plage-recyclee\/","og_locale":"fr_FR","og_type":"article","og_title":"Perez Chaise de plage recycl\u00e9e - Eurotrail | The way we camp!","og_description":"Ce transat de plage est fabriqu\u00e9 \u00e0 partir de polyester recycl\u00e9 et toutes les pi\u00e8ces en plastique sont \u00e9galement fabriqu\u00e9es \u00e0 partir de mat\u00e9riaux recycl\u00e9s. Transat confortable avec position allong\u00e9e.","og_url":"https:\/\/eurotrail.info\/fr\/producten\/meubles\/chaises-de-plage\/perez-chaise-de-plage-recyclee\/","og_site_name":"Eurotrail | The way we camp!","og_image":[{"width":2347,"height":2560,"url":"https:\/\/eurotrail.info\/wp\/wp-content\/uploads\/2023\/12\/beach-chair-1b-scaled.jpg","type":"image\/jpeg"}],"twitter_card":"summary_large_image","twitter_misc":{"Dur\u00e9e de lecture estim\u00e9e":"1 minute"},"schema":{"@context":"https:\/\/schema.org","@graph":[{"@type":"WebPage","@id":"https:\/\/eurotrail.info\/fr\/producten\/meubles\/chaises-de-plage\/perez-chaise-de-plage-recyclee\/","url":"https:\/\/eurotrail.info\/fr\/producten\/meubles\/chaises-de-plage\/perez-chaise-de-plage-recyclee\/","name":"Perez Chaise de plage recycl\u00e9e - Eurotrail | The way we camp!","isPartOf":{"@id":"https:\/\/eurotrail.info\/#website"},"primaryImageOfPage":{"@id":"https:\/\/eurotrail.info\/fr\/producten\/meubles\/chaises-de-plage\/perez-chaise-de-plage-recyclee\/#primaryimage"},"image":{"@id":"https:\/\/eurotrail.info\/fr\/producten\/meubles\/chaises-de-plage\/perez-chaise-de-plage-recyclee\/#primaryimage"},"thumbnailUrl":"https:\/\/eurotrail.info\/wp\/wp-content\/uploads\/2023\/12\/beach-chair-1b-scaled.jpg","datePublished":"2023-12-06T08:17:57+00:00","description":"Ce transat de plage est fabriqu\u00e9 \u00e0 partir de polyester recycl\u00e9 et toutes les pi\u00e8ces en plastique sont \u00e9galement fabriqu\u00e9es \u00e0 partir de mat\u00e9riaux recycl\u00e9s. Transat confortable avec position allong\u00e9e.","breadcrumb":{"@id":"https:\/\/eurotrail.info\/fr\/producten\/meubles\/chaises-de-plage\/perez-chaise-de-plage-recyclee\/#breadcrumb"},"inLanguage":"fr-FR","potentialAction":[{"@type":"ReadAction","target":["https:\/\/eurotrail.info\/fr\/producten\/meubles\/chaises-de-plage\/perez-chaise-de-plage-recyclee\/"]}]},{"@type":"ImageObject","inLanguage":"fr-FR","@id":"https:\/\/eurotrail.info\/fr\/producten\/meubles\/chaises-de-plage\/perez-chaise-de-plage-recyclee\/#primaryimage","url":"https:\/\/eurotrail.info\/wp\/wp-content\/uploads\/2023\/12\/beach-chair-1b-scaled.jpg","contentUrl":"https:\/\/eurotrail.info\/wp\/wp-content\/uploads\/2023\/12\/beach-chair-1b-scaled.jpg","width":2347,"height":2560,"caption":"Deze strandstoel is vervaardigd van een gerecycled polyester materiaal en alle plastics onderdelen zijn tevens van gerecycled materiaal."},{"@type":"BreadcrumbList","@id":"https:\/\/eurotrail.info\/fr\/producten\/meubles\/chaises-de-plage\/perez-chaise-de-plage-recyclee\/#breadcrumb","itemListElement":[{"@type":"ListItem","position":1,"name":"Home","item":"https:\/\/eurotrail.info\/fr\/"},{"@type":"ListItem","position":2,"name":"Produits","item":"https:\/\/eurotrail.info\/fr\/produits\/"},{"@type":"ListItem","position":3,"name":"Perez Chaise de plage recycl\u00e9e"}]},{"@type":"WebSite","@id":"https:\/\/eurotrail.info\/#website","url":"https:\/\/eurotrail.info\/","name":"Eurotrail | The way we camp!","description":"","publisher":{"@id":"https:\/\/eurotrail.info\/#organization"},"potentialAction":[{"@type":"SearchAction","target":{"@type":"EntryPoint","urlTemplate":"https:\/\/eurotrail.info\/?s={search_term_string}"},"query-input":{"@type":"PropertyValueSpecification","valueRequired":true,"valueName":"search_term_string"}}],"inLanguage":"fr-FR"},{"@type":"Organization","@id":"https:\/\/eurotrail.info\/#organization","name":"Eurotrail | The way we camp!","url":"https:\/\/eurotrail.info\/","logo":{"@type":"ImageObject","inLanguage":"fr-FR","@id":"https:\/\/eurotrail.info\/#\/schema\/logo\/image\/","url":"https:\/\/eurotrail.info\/wp\/wp-content\/uploads\/2023\/07\/ET-logo-quote_NL-scaled.jpg","contentUrl":"https:\/\/eurotrail.info\/wp\/wp-content\/uploads\/2023\/07\/ET-logo-quote_NL-scaled.jpg","width":2560,"height":675,"caption":"Eurotrail | The way we camp!"},"image":{"@id":"https:\/\/eurotrail.info\/#\/schema\/logo\/image\/"}}]}},"_links":{"self":[{"href":"https:\/\/eurotrail.info\/fr\/wp-json\/wp\/v2\/product\/21912","targetHints":{"allow":["GET"]}}],"collection":[{"href":"https:\/\/eurotrail.info\/fr\/wp-json\/wp\/v2\/product"}],"about":[{"href":"https:\/\/eurotrail.info\/fr\/wp-json\/wp\/v2\/types\/product"}],"replies":[{"embeddable":true,"href":"https:\/\/eurotrail.info\/fr\/wp-json\/wp\/v2\/comments?post=21912"}],"wp:featuredmedia":[{"embeddable":true,"href":"https:\/\/eurotrail.info\/fr\/wp-json\/wp\/v2\/media\/21867"}],"wp:attachment":[{"href":"https:\/\/eurotrail.info\/fr\/wp-json\/wp\/v2\/media?parent=21912"}],"wp:term":[{"taxonomy":"product_brand","embeddable":true,"href":"https:\/\/eurotrail.info\/fr\/wp-json\/wp\/v2\/product_brand?post=21912"},{"taxonomy":"product_cat","embeddable":true,"href":"https:\/\/eurotrail.info\/fr\/wp-json\/wp\/v2\/product_cat?post=21912"},{"taxonomy":"product_tag","embeddable":true,"href":"https:\/\/eurotrail.info\/fr\/wp-json\/wp\/v2\/product_tag?post=21912"}],"curies":[{"name":"wp","href":"https:\/\/api.w.org\/{rel}","templated":true}]}}