{"id":21962,"date":"2023-12-06T09:37:27","date_gmt":"2023-12-06T08:40:32","guid":{"rendered":"https:\/\/eurotrail.info\/?post_type=product&#038;p=21962"},"modified":"2023-12-06T09:40:32","modified_gmt":"2023-12-06T08:40:32","slug":"chaise-caldaro-pliante-avec-accoudoirs","status":"publish","type":"product","link":"https:\/\/eurotrail.info\/fr\/producten\/meubles\/chaises-pliantes\/chaise-caldaro-pliante-avec-accoudoirs\/","title":{"rendered":"Caldaro"},"content":{"rendered":"<p>Chaise pliante confortable avec accoudoirs. Le Caldaro a une hauteur d&#8217;assise de 45 cm et un si\u00e8ge spacieux de 52&#215;46 cm. Avec le dossier haut (60 cm), la chaise offre un confort d&#8217;assise exceptionnel, m\u00eame \u00e0 table. Le cadre en acier stable se plie facilement dans un emballage pratique. Les grands pieds de soucoupe garantissent que vous ne vous enfoncez pas dans le sol. La chaise est livr\u00e9e dans une mallette de transport pratique.<\/p>\n<p>Couleurs disponibles : bleu\/gris, noir\/gris, azur\/noir<br \/>\nDimensions: 67x63x98cm<br \/>\nPli\u00e9 : 97x20x20cm<br \/>\nMat\u00e9riel: 100% polyester<br \/>\nStructure : acier<br \/>\nMax. capacit\u00e9 de charge 120 kg.<br \/>\nPoids : 5,3 kg.<\/p>\n","protected":false},"excerpt":{"rendered":"<p>Chaise pliante confortable avec accoudoirs. Le Caldaro a une hauteur d&#8217;assise de 45 cm et un si\u00e8ge spacieux de 52&#215;46 cm. Avec le dossier haut&hellip;<\/p>\n","protected":false},"featured_media":21923,"comment_status":"open","ping_status":"closed","template":"","meta":{"_acf_changed":false},"product_brand":[],"product_cat":[255,253],"product_tag":[],"class_list":{"0":"post-21962","1":"product","2":"type-product","3":"status-publish","4":"has-post-thumbnail","6":"product_cat-chaises-pliantes","7":"product_cat-meubles","9":"first","10":"instock","11":"shipping-taxable","12":"product-type-simple"},"acf":[],"yoast_head":"<!-- This site is optimized with the Yoast SEO plugin v27.3 - https:\/\/yoast.com\/product\/yoast-seo-wordpress\/ -->\n<title>Caldaro - Eurotrail | The way we camp!<\/title>\n<meta name=\"description\" content=\"Chaise pliante confortable avec accoudoirs. Le Caldaro a une hauteur d&#039;assise de 45 cm et un si\u00e8ge spacieux de 52x46 cm.\" \/>\n<meta name=\"robots\" content=\"index, follow, max-snippet:-1, max-image-preview:large, max-video-preview:-1\" \/>\n<link rel=\"canonical\" href=\"https:\/\/eurotrail.info\/fr\/producten\/meubles\/chaises-pliantes\/chaise-caldaro-pliante-avec-accoudoirs\/\" \/>\n<meta property=\"og:locale\" content=\"fr_FR\" \/>\n<meta property=\"og:type\" content=\"article\" \/>\n<meta property=\"og:title\" content=\"Caldaro - Eurotrail | The way we camp!\" \/>\n<meta property=\"og:description\" content=\"Chaise pliante confortable avec accoudoirs. Le Caldaro a une hauteur d&#039;assise de 45 cm et un si\u00e8ge spacieux de 52x46 cm.\" \/>\n<meta property=\"og:url\" content=\"https:\/\/eurotrail.info\/fr\/producten\/meubles\/chaises-pliantes\/chaise-caldaro-pliante-avec-accoudoirs\/\" \/>\n<meta property=\"og:site_name\" content=\"Eurotrail | The way we camp!\" \/>\n<meta property=\"og:image\" content=\"https:\/\/eurotrail.info\/wp\/wp-content\/uploads\/2023\/12\/ETCF1083-Caldaro-SeaGreen-Black-24-scaled.jpg\" \/>\n\t<meta property=\"og:image:width\" content=\"1727\" \/>\n\t<meta property=\"og:image:height\" content=\"2560\" \/>\n\t<meta property=\"og:image:type\" content=\"image\/jpeg\" \/>\n<meta name=\"twitter:card\" content=\"summary_large_image\" \/>\n<meta name=\"twitter:label1\" content=\"Dur\u00e9e de lecture estim\u00e9e\" \/>\n\t<meta name=\"twitter:data1\" content=\"1 minute\" \/>\n<script type=\"application\/ld+json\" class=\"yoast-schema-graph\">{\"@context\":\"https:\\\/\\\/schema.org\",\"@graph\":[{\"@type\":\"WebPage\",\"@id\":\"https:\\\/\\\/eurotrail.info\\\/fr\\\/producten\\\/meubles\\\/chaises-pliantes\\\/chaise-caldaro-pliante-avec-accoudoirs\\\/\",\"url\":\"https:\\\/\\\/eurotrail.info\\\/fr\\\/producten\\\/meubles\\\/chaises-pliantes\\\/chaise-caldaro-pliante-avec-accoudoirs\\\/\",\"name\":\"Caldaro - Eurotrail | The way we camp!\",\"isPartOf\":{\"@id\":\"https:\\\/\\\/eurotrail.info\\\/#website\"},\"primaryImageOfPage\":{\"@id\":\"https:\\\/\\\/eurotrail.info\\\/fr\\\/producten\\\/meubles\\\/chaises-pliantes\\\/chaise-caldaro-pliante-avec-accoudoirs\\\/#primaryimage\"},\"image\":{\"@id\":\"https:\\\/\\\/eurotrail.info\\\/fr\\\/producten\\\/meubles\\\/chaises-pliantes\\\/chaise-caldaro-pliante-avec-accoudoirs\\\/#primaryimage\"},\"thumbnailUrl\":\"https:\\\/\\\/eurotrail.info\\\/wp\\\/wp-content\\\/uploads\\\/2023\\\/12\\\/ETCF1083-Caldaro-SeaGreen-Black-24-scaled.jpg\",\"datePublished\":\"2023-12-06T08:40:32+00:00\",\"description\":\"Chaise pliante confortable avec accoudoirs. Le Caldaro a une hauteur d'assise de 45 cm et un si\u00e8ge spacieux de 52x46 cm.\",\"breadcrumb\":{\"@id\":\"https:\\\/\\\/eurotrail.info\\\/fr\\\/producten\\\/meubles\\\/chaises-pliantes\\\/chaise-caldaro-pliante-avec-accoudoirs\\\/#breadcrumb\"},\"inLanguage\":\"fr-FR\",\"potentialAction\":[{\"@type\":\"ReadAction\",\"target\":[\"https:\\\/\\\/eurotrail.info\\\/fr\\\/producten\\\/meubles\\\/chaises-pliantes\\\/chaise-caldaro-pliante-avec-accoudoirs\\\/\"]}]},{\"@type\":\"ImageObject\",\"inLanguage\":\"fr-FR\",\"@id\":\"https:\\\/\\\/eurotrail.info\\\/fr\\\/producten\\\/meubles\\\/chaises-pliantes\\\/chaise-caldaro-pliante-avec-accoudoirs\\\/#primaryimage\",\"url\":\"https:\\\/\\\/eurotrail.info\\\/wp\\\/wp-content\\\/uploads\\\/2023\\\/12\\\/ETCF1083-Caldaro-SeaGreen-Black-24-scaled.jpg\",\"contentUrl\":\"https:\\\/\\\/eurotrail.info\\\/wp\\\/wp-content\\\/uploads\\\/2023\\\/12\\\/ETCF1083-Caldaro-SeaGreen-Black-24-scaled.jpg\",\"width\":1727,\"height\":2560,\"caption\":\"Comfortabele vouwstoel met armsteunen.\"},{\"@type\":\"BreadcrumbList\",\"@id\":\"https:\\\/\\\/eurotrail.info\\\/fr\\\/producten\\\/meubles\\\/chaises-pliantes\\\/chaise-caldaro-pliante-avec-accoudoirs\\\/#breadcrumb\",\"itemListElement\":[{\"@type\":\"ListItem\",\"position\":1,\"name\":\"Home\",\"item\":\"https:\\\/\\\/eurotrail.info\\\/fr\\\/\"},{\"@type\":\"ListItem\",\"position\":2,\"name\":\"Produits\",\"item\":\"https:\\\/\\\/eurotrail.info\\\/fr\\\/produits\\\/\"},{\"@type\":\"ListItem\",\"position\":3,\"name\":\"Caldaro\"}]},{\"@type\":\"WebSite\",\"@id\":\"https:\\\/\\\/eurotrail.info\\\/#website\",\"url\":\"https:\\\/\\\/eurotrail.info\\\/\",\"name\":\"Eurotrail | The way we camp!\",\"description\":\"\",\"publisher\":{\"@id\":\"https:\\\/\\\/eurotrail.info\\\/#organization\"},\"potentialAction\":[{\"@type\":\"SearchAction\",\"target\":{\"@type\":\"EntryPoint\",\"urlTemplate\":\"https:\\\/\\\/eurotrail.info\\\/?s={search_term_string}\"},\"query-input\":{\"@type\":\"PropertyValueSpecification\",\"valueRequired\":true,\"valueName\":\"search_term_string\"}}],\"inLanguage\":\"fr-FR\"},{\"@type\":\"Organization\",\"@id\":\"https:\\\/\\\/eurotrail.info\\\/#organization\",\"name\":\"Eurotrail | The way we camp!\",\"url\":\"https:\\\/\\\/eurotrail.info\\\/\",\"logo\":{\"@type\":\"ImageObject\",\"inLanguage\":\"fr-FR\",\"@id\":\"https:\\\/\\\/eurotrail.info\\\/#\\\/schema\\\/logo\\\/image\\\/\",\"url\":\"https:\\\/\\\/eurotrail.info\\\/wp\\\/wp-content\\\/uploads\\\/2023\\\/07\\\/ET-logo-quote_NL-scaled.jpg\",\"contentUrl\":\"https:\\\/\\\/eurotrail.info\\\/wp\\\/wp-content\\\/uploads\\\/2023\\\/07\\\/ET-logo-quote_NL-scaled.jpg\",\"width\":2560,\"height\":675,\"caption\":\"Eurotrail | The way we camp!\"},\"image\":{\"@id\":\"https:\\\/\\\/eurotrail.info\\\/#\\\/schema\\\/logo\\\/image\\\/\"}}]}<\/script>\n<!-- \/ Yoast SEO plugin. -->","yoast_head_json":{"title":"Caldaro - Eurotrail | The way we camp!","description":"Chaise pliante confortable avec accoudoirs. Le Caldaro a une hauteur d'assise de 45 cm et un si\u00e8ge spacieux de 52x46 cm.","robots":{"index":"index","follow":"follow","max-snippet":"max-snippet:-1","max-image-preview":"max-image-preview:large","max-video-preview":"max-video-preview:-1"},"canonical":"https:\/\/eurotrail.info\/fr\/producten\/meubles\/chaises-pliantes\/chaise-caldaro-pliante-avec-accoudoirs\/","og_locale":"fr_FR","og_type":"article","og_title":"Caldaro - Eurotrail | The way we camp!","og_description":"Chaise pliante confortable avec accoudoirs. Le Caldaro a une hauteur d'assise de 45 cm et un si\u00e8ge spacieux de 52x46 cm.","og_url":"https:\/\/eurotrail.info\/fr\/producten\/meubles\/chaises-pliantes\/chaise-caldaro-pliante-avec-accoudoirs\/","og_site_name":"Eurotrail | The way we camp!","og_image":[{"width":1727,"height":2560,"url":"https:\/\/eurotrail.info\/wp\/wp-content\/uploads\/2023\/12\/ETCF1083-Caldaro-SeaGreen-Black-24-scaled.jpg","type":"image\/jpeg"}],"twitter_card":"summary_large_image","twitter_misc":{"Dur\u00e9e de lecture estim\u00e9e":"1 minute"},"schema":{"@context":"https:\/\/schema.org","@graph":[{"@type":"WebPage","@id":"https:\/\/eurotrail.info\/fr\/producten\/meubles\/chaises-pliantes\/chaise-caldaro-pliante-avec-accoudoirs\/","url":"https:\/\/eurotrail.info\/fr\/producten\/meubles\/chaises-pliantes\/chaise-caldaro-pliante-avec-accoudoirs\/","name":"Caldaro - Eurotrail | The way we camp!","isPartOf":{"@id":"https:\/\/eurotrail.info\/#website"},"primaryImageOfPage":{"@id":"https:\/\/eurotrail.info\/fr\/producten\/meubles\/chaises-pliantes\/chaise-caldaro-pliante-avec-accoudoirs\/#primaryimage"},"image":{"@id":"https:\/\/eurotrail.info\/fr\/producten\/meubles\/chaises-pliantes\/chaise-caldaro-pliante-avec-accoudoirs\/#primaryimage"},"thumbnailUrl":"https:\/\/eurotrail.info\/wp\/wp-content\/uploads\/2023\/12\/ETCF1083-Caldaro-SeaGreen-Black-24-scaled.jpg","datePublished":"2023-12-06T08:40:32+00:00","description":"Chaise pliante confortable avec accoudoirs. Le Caldaro a une hauteur d'assise de 45 cm et un si\u00e8ge spacieux de 52x46 cm.","breadcrumb":{"@id":"https:\/\/eurotrail.info\/fr\/producten\/meubles\/chaises-pliantes\/chaise-caldaro-pliante-avec-accoudoirs\/#breadcrumb"},"inLanguage":"fr-FR","potentialAction":[{"@type":"ReadAction","target":["https:\/\/eurotrail.info\/fr\/producten\/meubles\/chaises-pliantes\/chaise-caldaro-pliante-avec-accoudoirs\/"]}]},{"@type":"ImageObject","inLanguage":"fr-FR","@id":"https:\/\/eurotrail.info\/fr\/producten\/meubles\/chaises-pliantes\/chaise-caldaro-pliante-avec-accoudoirs\/#primaryimage","url":"https:\/\/eurotrail.info\/wp\/wp-content\/uploads\/2023\/12\/ETCF1083-Caldaro-SeaGreen-Black-24-scaled.jpg","contentUrl":"https:\/\/eurotrail.info\/wp\/wp-content\/uploads\/2023\/12\/ETCF1083-Caldaro-SeaGreen-Black-24-scaled.jpg","width":1727,"height":2560,"caption":"Comfortabele vouwstoel met armsteunen."},{"@type":"BreadcrumbList","@id":"https:\/\/eurotrail.info\/fr\/producten\/meubles\/chaises-pliantes\/chaise-caldaro-pliante-avec-accoudoirs\/#breadcrumb","itemListElement":[{"@type":"ListItem","position":1,"name":"Home","item":"https:\/\/eurotrail.info\/fr\/"},{"@type":"ListItem","position":2,"name":"Produits","item":"https:\/\/eurotrail.info\/fr\/produits\/"},{"@type":"ListItem","position":3,"name":"Caldaro"}]},{"@type":"WebSite","@id":"https:\/\/eurotrail.info\/#website","url":"https:\/\/eurotrail.info\/","name":"Eurotrail | The way we camp!","description":"","publisher":{"@id":"https:\/\/eurotrail.info\/#organization"},"potentialAction":[{"@type":"SearchAction","target":{"@type":"EntryPoint","urlTemplate":"https:\/\/eurotrail.info\/?s={search_term_string}"},"query-input":{"@type":"PropertyValueSpecification","valueRequired":true,"valueName":"search_term_string"}}],"inLanguage":"fr-FR"},{"@type":"Organization","@id":"https:\/\/eurotrail.info\/#organization","name":"Eurotrail | The way we camp!","url":"https:\/\/eurotrail.info\/","logo":{"@type":"ImageObject","inLanguage":"fr-FR","@id":"https:\/\/eurotrail.info\/#\/schema\/logo\/image\/","url":"https:\/\/eurotrail.info\/wp\/wp-content\/uploads\/2023\/07\/ET-logo-quote_NL-scaled.jpg","contentUrl":"https:\/\/eurotrail.info\/wp\/wp-content\/uploads\/2023\/07\/ET-logo-quote_NL-scaled.jpg","width":2560,"height":675,"caption":"Eurotrail | The way we camp!"},"image":{"@id":"https:\/\/eurotrail.info\/#\/schema\/logo\/image\/"}}]}},"_links":{"self":[{"href":"https:\/\/eurotrail.info\/fr\/wp-json\/wp\/v2\/product\/21962","targetHints":{"allow":["GET"]}}],"collection":[{"href":"https:\/\/eurotrail.info\/fr\/wp-json\/wp\/v2\/product"}],"about":[{"href":"https:\/\/eurotrail.info\/fr\/wp-json\/wp\/v2\/types\/product"}],"replies":[{"embeddable":true,"href":"https:\/\/eurotrail.info\/fr\/wp-json\/wp\/v2\/comments?post=21962"}],"wp:featuredmedia":[{"embeddable":true,"href":"https:\/\/eurotrail.info\/fr\/wp-json\/wp\/v2\/media\/21923"}],"wp:attachment":[{"href":"https:\/\/eurotrail.info\/fr\/wp-json\/wp\/v2\/media?parent=21962"}],"wp:term":[{"taxonomy":"product_brand","embeddable":true,"href":"https:\/\/eurotrail.info\/fr\/wp-json\/wp\/v2\/product_brand?post=21962"},{"taxonomy":"product_cat","embeddable":true,"href":"https:\/\/eurotrail.info\/fr\/wp-json\/wp\/v2\/product_cat?post=21962"},{"taxonomy":"product_tag","embeddable":true,"href":"https:\/\/eurotrail.info\/fr\/wp-json\/wp\/v2\/product_tag?post=21962"}],"curies":[{"name":"wp","href":"https:\/\/api.w.org\/{rel}","templated":true}]}}