{"id":22023,"date":"2023-12-06T15:19:07","date_gmt":"2023-12-06T14:19:07","guid":{"rendered":"https:\/\/eurotrail.info\/?post_type=product&#038;p=22023"},"modified":"2026-02-25T16:53:59","modified_gmt":"2026-02-25T15:53:59","slug":"poubelle-pliable-avec-capteur-de-mouvement","status":"publish","type":"product","link":"https:\/\/eurotrail.info\/fr\/producten\/articles-menagers\/articles-de-cuisine-pliants-en-silicone\/poubelle-pliable-avec-capteur-de-mouvement\/","title":{"rendered":"Poubelle pliable avec capteur"},"content":{"rendered":"<p>Poubelle pliable avec capteur pour camping-cars, caravanes et camping<\/p>\n<p>Gardez votre emplacement de camping, caravane ou camping-car propre et hygi\u00e9nique sans effort gr\u00e2ce \u00e0 cette poubelle pliable intelligente. Son capteur de mouvement int\u00e9gr\u00e9 ouvre automatiquement le couvercle lorsque vous approchez les mains. Id\u00e9al lorsque vous avez les mains prises ou pour jeter vos d\u00e9chets de mani\u00e8re hygi\u00e9nique sans contact.<\/p>\n<p>Compacte, l\u00e9g\u00e8re et enti\u00e8rement pliable, cette poubelle prend un minimum de place en voyage ou au rangement. D\u00e9pli\u00e9e, elle offre une capacit\u00e9 suffisante pour un usage quotidien, et pli\u00e9e, elle se glisse parfaitement dans les petits espaces comme un camping-car, une caravane ou une tente.<\/p>\n<p>Sa conception ing\u00e9nieuse assure une fermeture herm\u00e9tique des d\u00e9chets, pr\u00e9venant ainsi les odeurs et les insectes. Une solution pratique et moderne pour tous ceux qui privil\u00e9gient le confort et l&#8217;hygi\u00e8ne en camping ou en voyage.<\/p>\n<p>* Ouverture et fermeture automatiques gr\u00e2ce \u00e0 un d\u00e9tecteur de mouvement<br \/>\n* Hygi\u00e9nique : sans contact<br \/>\n* Pliable et peu encombrante<br \/>\n* L\u00e9g\u00e8re et facile \u00e0 transporter<br \/>\n* Id\u00e9ale pour les caravanes, camping-cars, bateaux ou tentes<\/p>\n<p>Une petite poubelle ultra-pratique pour un camping serein et sans souci.<\/p>\n<p><a style=\"background-color: #ffffff; font-size: 1rem;\" href=\"https:\/\/youtu.be\/vGqn57aQnGw\">Scannez le code GR du film Youtube ou cliquez ici !<\/a><\/p>\n<p>Mat\u00e9riaux : ABS, PP, TPR<br \/>\nDimensions : 25 x 25 x 30,5 cm<br \/>\nDimensions pli\u00e9 : 25 x 25 x 11,5 cm<br \/>\nCapacit\u00e9 : 8,5 litres<br \/>\nPoids : 1050 g<br \/>\nAlimentation : 2 piles AA (non fournies)<\/p>\n","protected":false},"excerpt":{"rendered":"<p>Poubelle pliable avec capteur pour camping-cars, caravanes et camping Gardez votre emplacement de camping, caravane ou camping-car propre et hygi\u00e9nique sans effort gr\u00e2ce \u00e0 cette&hellip;<\/p>\n","protected":false},"featured_media":21999,"comment_status":"open","ping_status":"closed","template":"","meta":{"_acf_changed":false},"product_brand":[],"product_cat":[249,243],"product_tag":[],"class_list":{"0":"post-22023","1":"product","2":"type-product","3":"status-publish","4":"has-post-thumbnail","6":"product_cat-articles-de-cuisine-pliants-en-silicone","7":"product_cat-articles-menagers","9":"first","10":"instock","11":"shipping-taxable","12":"product-type-simple"},"acf":[],"yoast_head":"<!-- This site is optimized with the Yoast SEO plugin v27.3 - https:\/\/yoast.com\/product\/yoast-seo-wordpress\/ -->\n<title>Poubelle pliable avec capteur - Eurotrail | The way we camp!<\/title>\n<meta name=\"description\" content=\"Pratique poubelle pliable avec un capteur de mouvement infrarouge. Celui-ci permet d&#039;ouvrir automatiquement la poubelle d\u00e8s que vous tenez votre main \u00e0 une distance de 20 cm, puis de se refermer apr\u00e8s 5 secondes.\" \/>\n<meta name=\"robots\" content=\"index, follow, max-snippet:-1, max-image-preview:large, max-video-preview:-1\" \/>\n<link rel=\"canonical\" href=\"https:\/\/eurotrail.info\/fr\/producten\/articles-menagers\/articles-de-cuisine-pliants-en-silicone\/poubelle-pliable-avec-capteur-de-mouvement\/\" \/>\n<meta property=\"og:locale\" content=\"fr_FR\" \/>\n<meta property=\"og:type\" content=\"article\" \/>\n<meta property=\"og:title\" content=\"Poubelle pliable avec capteur - Eurotrail | The way we camp!\" \/>\n<meta property=\"og:description\" content=\"Pratique poubelle pliable avec un capteur de mouvement infrarouge. Celui-ci permet d&#039;ouvrir automatiquement la poubelle d\u00e8s que vous tenez votre main \u00e0 une distance de 20 cm, puis de se refermer apr\u00e8s 5 secondes.\" \/>\n<meta property=\"og:url\" content=\"https:\/\/eurotrail.info\/fr\/producten\/articles-menagers\/articles-de-cuisine-pliants-en-silicone\/poubelle-pliable-avec-capteur-de-mouvement\/\" \/>\n<meta property=\"og:site_name\" content=\"Eurotrail | The way we camp!\" \/>\n<meta property=\"article:modified_time\" content=\"2026-02-25T15:53:59+00:00\" \/>\n<meta property=\"og:image\" content=\"https:\/\/eurotrail.info\/wp\/wp-content\/uploads\/2023\/12\/afvalbak-sensor-8-1-klein.jpg\" \/>\n\t<meta property=\"og:image:width\" content=\"1446\" \/>\n\t<meta property=\"og:image:height\" content=\"1591\" \/>\n\t<meta property=\"og:image:type\" content=\"image\/jpeg\" \/>\n<meta name=\"twitter:card\" content=\"summary_large_image\" \/>\n<meta name=\"twitter:label1\" content=\"Dur\u00e9e de lecture estim\u00e9e\" \/>\n\t<meta name=\"twitter:data1\" content=\"2 minutes\" \/>\n<script type=\"application\/ld+json\" class=\"yoast-schema-graph\">{\"@context\":\"https:\\\/\\\/schema.org\",\"@graph\":[{\"@type\":\"WebPage\",\"@id\":\"https:\\\/\\\/eurotrail.info\\\/fr\\\/producten\\\/articles-menagers\\\/articles-de-cuisine-pliants-en-silicone\\\/poubelle-pliable-avec-capteur-de-mouvement\\\/\",\"url\":\"https:\\\/\\\/eurotrail.info\\\/fr\\\/producten\\\/articles-menagers\\\/articles-de-cuisine-pliants-en-silicone\\\/poubelle-pliable-avec-capteur-de-mouvement\\\/\",\"name\":\"Poubelle pliable avec capteur - Eurotrail | The way we camp!\",\"isPartOf\":{\"@id\":\"https:\\\/\\\/eurotrail.info\\\/#website\"},\"primaryImageOfPage\":{\"@id\":\"https:\\\/\\\/eurotrail.info\\\/fr\\\/producten\\\/articles-menagers\\\/articles-de-cuisine-pliants-en-silicone\\\/poubelle-pliable-avec-capteur-de-mouvement\\\/#primaryimage\"},\"image\":{\"@id\":\"https:\\\/\\\/eurotrail.info\\\/fr\\\/producten\\\/articles-menagers\\\/articles-de-cuisine-pliants-en-silicone\\\/poubelle-pliable-avec-capteur-de-mouvement\\\/#primaryimage\"},\"thumbnailUrl\":\"https:\\\/\\\/eurotrail.info\\\/wp\\\/wp-content\\\/uploads\\\/2023\\\/12\\\/afvalbak-sensor-8-1-klein.jpg\",\"datePublished\":\"2023-12-06T14:19:07+00:00\",\"dateModified\":\"2026-02-25T15:53:59+00:00\",\"description\":\"Pratique poubelle pliable avec un capteur de mouvement infrarouge. Celui-ci permet d'ouvrir automatiquement la poubelle d\u00e8s que vous tenez votre main \u00e0 une distance de 20 cm, puis de se refermer apr\u00e8s 5 secondes.\",\"breadcrumb\":{\"@id\":\"https:\\\/\\\/eurotrail.info\\\/fr\\\/producten\\\/articles-menagers\\\/articles-de-cuisine-pliants-en-silicone\\\/poubelle-pliable-avec-capteur-de-mouvement\\\/#breadcrumb\"},\"inLanguage\":\"fr-FR\",\"potentialAction\":[{\"@type\":\"ReadAction\",\"target\":[\"https:\\\/\\\/eurotrail.info\\\/fr\\\/producten\\\/articles-menagers\\\/articles-de-cuisine-pliants-en-silicone\\\/poubelle-pliable-avec-capteur-de-mouvement\\\/\"]}]},{\"@type\":\"ImageObject\",\"inLanguage\":\"fr-FR\",\"@id\":\"https:\\\/\\\/eurotrail.info\\\/fr\\\/producten\\\/articles-menagers\\\/articles-de-cuisine-pliants-en-silicone\\\/poubelle-pliable-avec-capteur-de-mouvement\\\/#primaryimage\",\"url\":\"https:\\\/\\\/eurotrail.info\\\/wp\\\/wp-content\\\/uploads\\\/2023\\\/12\\\/afvalbak-sensor-8-1-klein.jpg\",\"contentUrl\":\"https:\\\/\\\/eurotrail.info\\\/wp\\\/wp-content\\\/uploads\\\/2023\\\/12\\\/afvalbak-sensor-8-1-klein.jpg\",\"width\":1446,\"height\":1591,\"caption\":\"Praktische opvouwbare afvalemmer met een infrarood bewegingssensor\"},{\"@type\":\"BreadcrumbList\",\"@id\":\"https:\\\/\\\/eurotrail.info\\\/fr\\\/producten\\\/articles-menagers\\\/articles-de-cuisine-pliants-en-silicone\\\/poubelle-pliable-avec-capteur-de-mouvement\\\/#breadcrumb\",\"itemListElement\":[{\"@type\":\"ListItem\",\"position\":1,\"name\":\"Home\",\"item\":\"https:\\\/\\\/eurotrail.info\\\/fr\\\/\"},{\"@type\":\"ListItem\",\"position\":2,\"name\":\"Produits\",\"item\":\"https:\\\/\\\/eurotrail.info\\\/fr\\\/produits\\\/\"},{\"@type\":\"ListItem\",\"position\":3,\"name\":\"Poubelle pliable avec capteur\"}]},{\"@type\":\"WebSite\",\"@id\":\"https:\\\/\\\/eurotrail.info\\\/#website\",\"url\":\"https:\\\/\\\/eurotrail.info\\\/\",\"name\":\"Eurotrail | The way we camp!\",\"description\":\"\",\"publisher\":{\"@id\":\"https:\\\/\\\/eurotrail.info\\\/#organization\"},\"potentialAction\":[{\"@type\":\"SearchAction\",\"target\":{\"@type\":\"EntryPoint\",\"urlTemplate\":\"https:\\\/\\\/eurotrail.info\\\/?s={search_term_string}\"},\"query-input\":{\"@type\":\"PropertyValueSpecification\",\"valueRequired\":true,\"valueName\":\"search_term_string\"}}],\"inLanguage\":\"fr-FR\"},{\"@type\":\"Organization\",\"@id\":\"https:\\\/\\\/eurotrail.info\\\/#organization\",\"name\":\"Eurotrail | The way we camp!\",\"url\":\"https:\\\/\\\/eurotrail.info\\\/\",\"logo\":{\"@type\":\"ImageObject\",\"inLanguage\":\"fr-FR\",\"@id\":\"https:\\\/\\\/eurotrail.info\\\/#\\\/schema\\\/logo\\\/image\\\/\",\"url\":\"https:\\\/\\\/eurotrail.info\\\/wp\\\/wp-content\\\/uploads\\\/2023\\\/07\\\/ET-logo-quote_NL-scaled.jpg\",\"contentUrl\":\"https:\\\/\\\/eurotrail.info\\\/wp\\\/wp-content\\\/uploads\\\/2023\\\/07\\\/ET-logo-quote_NL-scaled.jpg\",\"width\":2560,\"height\":675,\"caption\":\"Eurotrail | The way we camp!\"},\"image\":{\"@id\":\"https:\\\/\\\/eurotrail.info\\\/#\\\/schema\\\/logo\\\/image\\\/\"}}]}<\/script>\n<!-- \/ Yoast SEO plugin. -->","yoast_head_json":{"title":"Poubelle pliable avec capteur - Eurotrail | The way we camp!","description":"Pratique poubelle pliable avec un capteur de mouvement infrarouge. Celui-ci permet d'ouvrir automatiquement la poubelle d\u00e8s que vous tenez votre main \u00e0 une distance de 20 cm, puis de se refermer apr\u00e8s 5 secondes.","robots":{"index":"index","follow":"follow","max-snippet":"max-snippet:-1","max-image-preview":"max-image-preview:large","max-video-preview":"max-video-preview:-1"},"canonical":"https:\/\/eurotrail.info\/fr\/producten\/articles-menagers\/articles-de-cuisine-pliants-en-silicone\/poubelle-pliable-avec-capteur-de-mouvement\/","og_locale":"fr_FR","og_type":"article","og_title":"Poubelle pliable avec capteur - Eurotrail | The way we camp!","og_description":"Pratique poubelle pliable avec un capteur de mouvement infrarouge. Celui-ci permet d'ouvrir automatiquement la poubelle d\u00e8s que vous tenez votre main \u00e0 une distance de 20 cm, puis de se refermer apr\u00e8s 5 secondes.","og_url":"https:\/\/eurotrail.info\/fr\/producten\/articles-menagers\/articles-de-cuisine-pliants-en-silicone\/poubelle-pliable-avec-capteur-de-mouvement\/","og_site_name":"Eurotrail | The way we camp!","article_modified_time":"2026-02-25T15:53:59+00:00","og_image":[{"width":1446,"height":1591,"url":"https:\/\/eurotrail.info\/wp\/wp-content\/uploads\/2023\/12\/afvalbak-sensor-8-1-klein.jpg","type":"image\/jpeg"}],"twitter_card":"summary_large_image","twitter_misc":{"Dur\u00e9e de lecture estim\u00e9e":"2 minutes"},"schema":{"@context":"https:\/\/schema.org","@graph":[{"@type":"WebPage","@id":"https:\/\/eurotrail.info\/fr\/producten\/articles-menagers\/articles-de-cuisine-pliants-en-silicone\/poubelle-pliable-avec-capteur-de-mouvement\/","url":"https:\/\/eurotrail.info\/fr\/producten\/articles-menagers\/articles-de-cuisine-pliants-en-silicone\/poubelle-pliable-avec-capteur-de-mouvement\/","name":"Poubelle pliable avec capteur - Eurotrail | The way we camp!","isPartOf":{"@id":"https:\/\/eurotrail.info\/#website"},"primaryImageOfPage":{"@id":"https:\/\/eurotrail.info\/fr\/producten\/articles-menagers\/articles-de-cuisine-pliants-en-silicone\/poubelle-pliable-avec-capteur-de-mouvement\/#primaryimage"},"image":{"@id":"https:\/\/eurotrail.info\/fr\/producten\/articles-menagers\/articles-de-cuisine-pliants-en-silicone\/poubelle-pliable-avec-capteur-de-mouvement\/#primaryimage"},"thumbnailUrl":"https:\/\/eurotrail.info\/wp\/wp-content\/uploads\/2023\/12\/afvalbak-sensor-8-1-klein.jpg","datePublished":"2023-12-06T14:19:07+00:00","dateModified":"2026-02-25T15:53:59+00:00","description":"Pratique poubelle pliable avec un capteur de mouvement infrarouge. Celui-ci permet d'ouvrir automatiquement la poubelle d\u00e8s que vous tenez votre main \u00e0 une distance de 20 cm, puis de se refermer apr\u00e8s 5 secondes.","breadcrumb":{"@id":"https:\/\/eurotrail.info\/fr\/producten\/articles-menagers\/articles-de-cuisine-pliants-en-silicone\/poubelle-pliable-avec-capteur-de-mouvement\/#breadcrumb"},"inLanguage":"fr-FR","potentialAction":[{"@type":"ReadAction","target":["https:\/\/eurotrail.info\/fr\/producten\/articles-menagers\/articles-de-cuisine-pliants-en-silicone\/poubelle-pliable-avec-capteur-de-mouvement\/"]}]},{"@type":"ImageObject","inLanguage":"fr-FR","@id":"https:\/\/eurotrail.info\/fr\/producten\/articles-menagers\/articles-de-cuisine-pliants-en-silicone\/poubelle-pliable-avec-capteur-de-mouvement\/#primaryimage","url":"https:\/\/eurotrail.info\/wp\/wp-content\/uploads\/2023\/12\/afvalbak-sensor-8-1-klein.jpg","contentUrl":"https:\/\/eurotrail.info\/wp\/wp-content\/uploads\/2023\/12\/afvalbak-sensor-8-1-klein.jpg","width":1446,"height":1591,"caption":"Praktische opvouwbare afvalemmer met een infrarood bewegingssensor"},{"@type":"BreadcrumbList","@id":"https:\/\/eurotrail.info\/fr\/producten\/articles-menagers\/articles-de-cuisine-pliants-en-silicone\/poubelle-pliable-avec-capteur-de-mouvement\/#breadcrumb","itemListElement":[{"@type":"ListItem","position":1,"name":"Home","item":"https:\/\/eurotrail.info\/fr\/"},{"@type":"ListItem","position":2,"name":"Produits","item":"https:\/\/eurotrail.info\/fr\/produits\/"},{"@type":"ListItem","position":3,"name":"Poubelle pliable avec capteur"}]},{"@type":"WebSite","@id":"https:\/\/eurotrail.info\/#website","url":"https:\/\/eurotrail.info\/","name":"Eurotrail | The way we camp!","description":"","publisher":{"@id":"https:\/\/eurotrail.info\/#organization"},"potentialAction":[{"@type":"SearchAction","target":{"@type":"EntryPoint","urlTemplate":"https:\/\/eurotrail.info\/?s={search_term_string}"},"query-input":{"@type":"PropertyValueSpecification","valueRequired":true,"valueName":"search_term_string"}}],"inLanguage":"fr-FR"},{"@type":"Organization","@id":"https:\/\/eurotrail.info\/#organization","name":"Eurotrail | The way we camp!","url":"https:\/\/eurotrail.info\/","logo":{"@type":"ImageObject","inLanguage":"fr-FR","@id":"https:\/\/eurotrail.info\/#\/schema\/logo\/image\/","url":"https:\/\/eurotrail.info\/wp\/wp-content\/uploads\/2023\/07\/ET-logo-quote_NL-scaled.jpg","contentUrl":"https:\/\/eurotrail.info\/wp\/wp-content\/uploads\/2023\/07\/ET-logo-quote_NL-scaled.jpg","width":2560,"height":675,"caption":"Eurotrail | The way we camp!"},"image":{"@id":"https:\/\/eurotrail.info\/#\/schema\/logo\/image\/"}}]}},"_links":{"self":[{"href":"https:\/\/eurotrail.info\/fr\/wp-json\/wp\/v2\/product\/22023","targetHints":{"allow":["GET"]}}],"collection":[{"href":"https:\/\/eurotrail.info\/fr\/wp-json\/wp\/v2\/product"}],"about":[{"href":"https:\/\/eurotrail.info\/fr\/wp-json\/wp\/v2\/types\/product"}],"replies":[{"embeddable":true,"href":"https:\/\/eurotrail.info\/fr\/wp-json\/wp\/v2\/comments?post=22023"}],"wp:featuredmedia":[{"embeddable":true,"href":"https:\/\/eurotrail.info\/fr\/wp-json\/wp\/v2\/media\/21999"}],"wp:attachment":[{"href":"https:\/\/eurotrail.info\/fr\/wp-json\/wp\/v2\/media?parent=22023"}],"wp:term":[{"taxonomy":"product_brand","embeddable":true,"href":"https:\/\/eurotrail.info\/fr\/wp-json\/wp\/v2\/product_brand?post=22023"},{"taxonomy":"product_cat","embeddable":true,"href":"https:\/\/eurotrail.info\/fr\/wp-json\/wp\/v2\/product_cat?post=22023"},{"taxonomy":"product_tag","embeddable":true,"href":"https:\/\/eurotrail.info\/fr\/wp-json\/wp\/v2\/product_tag?post=22023"}],"curies":[{"name":"wp","href":"https:\/\/api.w.org\/{rel}","templated":true}]}}