{"id":22118,"date":"2023-12-06T15:48:13","date_gmt":"2023-12-06T14:49:53","guid":{"rendered":"https:\/\/eurotrail.info\/?post_type=product&#038;p=22118"},"modified":"2023-12-06T15:49:53","modified_gmt":"2023-12-06T14:49:53","slug":"evier-ovale-pliable-avec-bouchon","status":"publish","type":"product","link":"https:\/\/eurotrail.info\/fr\/producten\/articles-menagers\/articles-de-cuisine-pliants-en-silicone\/evier-ovale-pliable-avec-bouchon\/","title":{"rendered":"\u00c9vier ovale pliable avec bouchon"},"content":{"rendered":"<p>R\u00e9cipient en silicone pliable et pratique d&#8217;une capacit\u00e9 de 8 litres. Forme ovale avec poign\u00e9es. Id\u00e9al pour \u00eatre utilis\u00e9 comme \u00e9vier ou poubelle pour le camping ou \u00e0 la maison. Facile \u00e0 plier \u00e0 plat dans une taille pratique.<\/p>\n<p>Couleur: vert d&#8217;eau\/gris<br \/>\nMat\u00e9riel: TPR + PP<br \/>\nDimensions: 40&#215;31,5&#215;14,5<br \/>\nPli\u00e9 : 40x3cm<br \/>\nPoids : 510 gr.<\/p>\n","protected":false},"excerpt":{"rendered":"<p>R\u00e9cipient en silicone pliable et pratique d&#8217;une capacit\u00e9 de 8 litres. Forme ovale avec poign\u00e9es. Id\u00e9al pour \u00eatre utilis\u00e9 comme \u00e9vier ou poubelle pour le&hellip;<\/p>\n","protected":false},"featured_media":22114,"comment_status":"open","ping_status":"closed","template":"","meta":{"_acf_changed":false},"product_brand":[],"product_cat":[249,243],"product_tag":[],"class_list":{"0":"post-22118","1":"product","2":"type-product","3":"status-publish","4":"has-post-thumbnail","6":"product_cat-articles-de-cuisine-pliants-en-silicone","7":"product_cat-articles-menagers","9":"first","10":"instock","11":"shipping-taxable","12":"product-type-simple"},"acf":[],"yoast_head":"<!-- This site is optimized with the Yoast SEO plugin v27.3 - https:\/\/yoast.com\/product\/yoast-seo-wordpress\/ -->\n<title>\u00c9vier ovale pliable avec bouchon - Eurotrail | The way we camp!<\/title>\n<meta name=\"description\" content=\"R\u00e9cipient en silicone pliable et pratique d&#039;une capacit\u00e9 de 8 litres. Forme ovale avec poign\u00e9es. Id\u00e9al pour \u00eatre utilis\u00e9 comme \u00e9vier ou poubelle pour le camping ou \u00e0 la maison.\" \/>\n<meta name=\"robots\" content=\"index, follow, max-snippet:-1, max-image-preview:large, max-video-preview:-1\" \/>\n<link rel=\"canonical\" href=\"https:\/\/eurotrail.info\/producten\/huishoudelijk\/opvouwbare-boxen-keukenartikelen-siliconen\/opvouwbare-ovale-wasbak-met-stop\/\" \/>\n<meta property=\"og:locale\" content=\"fr_FR\" \/>\n<meta property=\"og:type\" content=\"article\" \/>\n<meta property=\"og:title\" content=\"\u00c9vier ovale pliable avec bouchon - Eurotrail | The way we camp!\" \/>\n<meta property=\"og:description\" content=\"R\u00e9cipient en silicone pliable et pratique d&#039;une capacit\u00e9 de 8 litres. Forme ovale avec poign\u00e9es. Id\u00e9al pour \u00eatre utilis\u00e9 comme \u00e9vier ou poubelle pour le camping ou \u00e0 la maison.\" \/>\n<meta property=\"og:url\" content=\"https:\/\/eurotrail.info\/producten\/huishoudelijk\/opvouwbare-boxen-keukenartikelen-siliconen\/opvouwbare-ovale-wasbak-met-stop\/\" \/>\n<meta property=\"og:site_name\" content=\"Eurotrail | The way we camp!\" \/>\n<meta property=\"og:image\" content=\"https:\/\/eurotrail.info\/wp\/wp-content\/uploads\/2023\/12\/opvouwbare-ovale-wasbak-4-scaled.jpg\" \/>\n\t<meta property=\"og:image:width\" content=\"2560\" \/>\n\t<meta property=\"og:image:height\" content=\"1882\" \/>\n\t<meta property=\"og:image:type\" content=\"image\/jpeg\" \/>\n<meta name=\"twitter:card\" content=\"summary_large_image\" \/>\n<meta name=\"twitter:label1\" content=\"Dur\u00e9e de lecture estim\u00e9e\" \/>\n\t<meta name=\"twitter:data1\" content=\"1 minute\" \/>\n<script type=\"application\/ld+json\" class=\"yoast-schema-graph\">{\"@context\":\"https:\\\/\\\/schema.org\",\"@graph\":[{\"@type\":\"WebPage\",\"@id\":\"https:\\\/\\\/eurotrail.info\\\/producten\\\/huishoudelijk\\\/opvouwbare-boxen-keukenartikelen-siliconen\\\/opvouwbare-ovale-wasbak-met-stop\\\/\",\"url\":\"https:\\\/\\\/eurotrail.info\\\/producten\\\/huishoudelijk\\\/opvouwbare-boxen-keukenartikelen-siliconen\\\/opvouwbare-ovale-wasbak-met-stop\\\/\",\"name\":\"\u00c9vier ovale pliable avec bouchon - Eurotrail | The way we camp!\",\"isPartOf\":{\"@id\":\"https:\\\/\\\/eurotrail.info\\\/#website\"},\"primaryImageOfPage\":{\"@id\":\"https:\\\/\\\/eurotrail.info\\\/producten\\\/huishoudelijk\\\/opvouwbare-boxen-keukenartikelen-siliconen\\\/opvouwbare-ovale-wasbak-met-stop\\\/#primaryimage\"},\"image\":{\"@id\":\"https:\\\/\\\/eurotrail.info\\\/producten\\\/huishoudelijk\\\/opvouwbare-boxen-keukenartikelen-siliconen\\\/opvouwbare-ovale-wasbak-met-stop\\\/#primaryimage\"},\"thumbnailUrl\":\"https:\\\/\\\/eurotrail.info\\\/wp\\\/wp-content\\\/uploads\\\/2023\\\/12\\\/opvouwbare-ovale-wasbak-4-scaled.jpg\",\"datePublished\":\"2023-12-06T14:49:53+00:00\",\"description\":\"R\u00e9cipient en silicone pliable et pratique d'une capacit\u00e9 de 8 litres. Forme ovale avec poign\u00e9es. Id\u00e9al pour \u00eatre utilis\u00e9 comme \u00e9vier ou poubelle pour le camping ou \u00e0 la maison.\",\"breadcrumb\":{\"@id\":\"https:\\\/\\\/eurotrail.info\\\/producten\\\/huishoudelijk\\\/opvouwbare-boxen-keukenartikelen-siliconen\\\/opvouwbare-ovale-wasbak-met-stop\\\/#breadcrumb\"},\"inLanguage\":\"fr-FR\",\"potentialAction\":[{\"@type\":\"ReadAction\",\"target\":[\"https:\\\/\\\/eurotrail.info\\\/producten\\\/huishoudelijk\\\/opvouwbare-boxen-keukenartikelen-siliconen\\\/opvouwbare-ovale-wasbak-met-stop\\\/\"]}]},{\"@type\":\"ImageObject\",\"inLanguage\":\"fr-FR\",\"@id\":\"https:\\\/\\\/eurotrail.info\\\/producten\\\/huishoudelijk\\\/opvouwbare-boxen-keukenartikelen-siliconen\\\/opvouwbare-ovale-wasbak-met-stop\\\/#primaryimage\",\"url\":\"https:\\\/\\\/eurotrail.info\\\/wp\\\/wp-content\\\/uploads\\\/2023\\\/12\\\/opvouwbare-ovale-wasbak-4-scaled.jpg\",\"contentUrl\":\"https:\\\/\\\/eurotrail.info\\\/wp\\\/wp-content\\\/uploads\\\/2023\\\/12\\\/opvouwbare-ovale-wasbak-4-scaled.jpg\",\"width\":2560,\"height\":1882,\"caption\":\"Handige opvouwbare silicone bak met een inhoud van 8 ltr. Ovale vorm met handgrepen.\"},{\"@type\":\"BreadcrumbList\",\"@id\":\"https:\\\/\\\/eurotrail.info\\\/producten\\\/huishoudelijk\\\/opvouwbare-boxen-keukenartikelen-siliconen\\\/opvouwbare-ovale-wasbak-met-stop\\\/#breadcrumb\",\"itemListElement\":[{\"@type\":\"ListItem\",\"position\":1,\"name\":\"Home\",\"item\":\"https:\\\/\\\/eurotrail.info\\\/fr\\\/\"},{\"@type\":\"ListItem\",\"position\":2,\"name\":\"Produits\",\"item\":\"https:\\\/\\\/eurotrail.info\\\/fr\\\/produits\\\/\"},{\"@type\":\"ListItem\",\"position\":3,\"name\":\"\u00c9vier ovale pliable avec bouchon\"}]},{\"@type\":\"WebSite\",\"@id\":\"https:\\\/\\\/eurotrail.info\\\/#website\",\"url\":\"https:\\\/\\\/eurotrail.info\\\/\",\"name\":\"Eurotrail | The way we camp!\",\"description\":\"\",\"publisher\":{\"@id\":\"https:\\\/\\\/eurotrail.info\\\/#organization\"},\"potentialAction\":[{\"@type\":\"SearchAction\",\"target\":{\"@type\":\"EntryPoint\",\"urlTemplate\":\"https:\\\/\\\/eurotrail.info\\\/?s={search_term_string}\"},\"query-input\":{\"@type\":\"PropertyValueSpecification\",\"valueRequired\":true,\"valueName\":\"search_term_string\"}}],\"inLanguage\":\"fr-FR\"},{\"@type\":\"Organization\",\"@id\":\"https:\\\/\\\/eurotrail.info\\\/#organization\",\"name\":\"Eurotrail | The way we camp!\",\"url\":\"https:\\\/\\\/eurotrail.info\\\/\",\"logo\":{\"@type\":\"ImageObject\",\"inLanguage\":\"fr-FR\",\"@id\":\"https:\\\/\\\/eurotrail.info\\\/#\\\/schema\\\/logo\\\/image\\\/\",\"url\":\"https:\\\/\\\/eurotrail.info\\\/wp\\\/wp-content\\\/uploads\\\/2023\\\/07\\\/ET-logo-quote_NL-scaled.jpg\",\"contentUrl\":\"https:\\\/\\\/eurotrail.info\\\/wp\\\/wp-content\\\/uploads\\\/2023\\\/07\\\/ET-logo-quote_NL-scaled.jpg\",\"width\":2560,\"height\":675,\"caption\":\"Eurotrail | The way we camp!\"},\"image\":{\"@id\":\"https:\\\/\\\/eurotrail.info\\\/#\\\/schema\\\/logo\\\/image\\\/\"}}]}<\/script>\n<!-- \/ Yoast SEO plugin. -->","yoast_head_json":{"title":"\u00c9vier ovale pliable avec bouchon - Eurotrail | The way we camp!","description":"R\u00e9cipient en silicone pliable et pratique d'une capacit\u00e9 de 8 litres. Forme ovale avec poign\u00e9es. Id\u00e9al pour \u00eatre utilis\u00e9 comme \u00e9vier ou poubelle pour le camping ou \u00e0 la maison.","robots":{"index":"index","follow":"follow","max-snippet":"max-snippet:-1","max-image-preview":"max-image-preview:large","max-video-preview":"max-video-preview:-1"},"canonical":"https:\/\/eurotrail.info\/producten\/huishoudelijk\/opvouwbare-boxen-keukenartikelen-siliconen\/opvouwbare-ovale-wasbak-met-stop\/","og_locale":"fr_FR","og_type":"article","og_title":"\u00c9vier ovale pliable avec bouchon - Eurotrail | The way we camp!","og_description":"R\u00e9cipient en silicone pliable et pratique d'une capacit\u00e9 de 8 litres. Forme ovale avec poign\u00e9es. Id\u00e9al pour \u00eatre utilis\u00e9 comme \u00e9vier ou poubelle pour le camping ou \u00e0 la maison.","og_url":"https:\/\/eurotrail.info\/producten\/huishoudelijk\/opvouwbare-boxen-keukenartikelen-siliconen\/opvouwbare-ovale-wasbak-met-stop\/","og_site_name":"Eurotrail | The way we camp!","og_image":[{"width":2560,"height":1882,"url":"https:\/\/eurotrail.info\/wp\/wp-content\/uploads\/2023\/12\/opvouwbare-ovale-wasbak-4-scaled.jpg","type":"image\/jpeg"}],"twitter_card":"summary_large_image","twitter_misc":{"Dur\u00e9e de lecture estim\u00e9e":"1 minute"},"schema":{"@context":"https:\/\/schema.org","@graph":[{"@type":"WebPage","@id":"https:\/\/eurotrail.info\/producten\/huishoudelijk\/opvouwbare-boxen-keukenartikelen-siliconen\/opvouwbare-ovale-wasbak-met-stop\/","url":"https:\/\/eurotrail.info\/producten\/huishoudelijk\/opvouwbare-boxen-keukenartikelen-siliconen\/opvouwbare-ovale-wasbak-met-stop\/","name":"\u00c9vier ovale pliable avec bouchon - Eurotrail | The way we camp!","isPartOf":{"@id":"https:\/\/eurotrail.info\/#website"},"primaryImageOfPage":{"@id":"https:\/\/eurotrail.info\/producten\/huishoudelijk\/opvouwbare-boxen-keukenartikelen-siliconen\/opvouwbare-ovale-wasbak-met-stop\/#primaryimage"},"image":{"@id":"https:\/\/eurotrail.info\/producten\/huishoudelijk\/opvouwbare-boxen-keukenartikelen-siliconen\/opvouwbare-ovale-wasbak-met-stop\/#primaryimage"},"thumbnailUrl":"https:\/\/eurotrail.info\/wp\/wp-content\/uploads\/2023\/12\/opvouwbare-ovale-wasbak-4-scaled.jpg","datePublished":"2023-12-06T14:49:53+00:00","description":"R\u00e9cipient en silicone pliable et pratique d'une capacit\u00e9 de 8 litres. Forme ovale avec poign\u00e9es. Id\u00e9al pour \u00eatre utilis\u00e9 comme \u00e9vier ou poubelle pour le camping ou \u00e0 la maison.","breadcrumb":{"@id":"https:\/\/eurotrail.info\/producten\/huishoudelijk\/opvouwbare-boxen-keukenartikelen-siliconen\/opvouwbare-ovale-wasbak-met-stop\/#breadcrumb"},"inLanguage":"fr-FR","potentialAction":[{"@type":"ReadAction","target":["https:\/\/eurotrail.info\/producten\/huishoudelijk\/opvouwbare-boxen-keukenartikelen-siliconen\/opvouwbare-ovale-wasbak-met-stop\/"]}]},{"@type":"ImageObject","inLanguage":"fr-FR","@id":"https:\/\/eurotrail.info\/producten\/huishoudelijk\/opvouwbare-boxen-keukenartikelen-siliconen\/opvouwbare-ovale-wasbak-met-stop\/#primaryimage","url":"https:\/\/eurotrail.info\/wp\/wp-content\/uploads\/2023\/12\/opvouwbare-ovale-wasbak-4-scaled.jpg","contentUrl":"https:\/\/eurotrail.info\/wp\/wp-content\/uploads\/2023\/12\/opvouwbare-ovale-wasbak-4-scaled.jpg","width":2560,"height":1882,"caption":"Handige opvouwbare silicone bak met een inhoud van 8 ltr. Ovale vorm met handgrepen."},{"@type":"BreadcrumbList","@id":"https:\/\/eurotrail.info\/producten\/huishoudelijk\/opvouwbare-boxen-keukenartikelen-siliconen\/opvouwbare-ovale-wasbak-met-stop\/#breadcrumb","itemListElement":[{"@type":"ListItem","position":1,"name":"Home","item":"https:\/\/eurotrail.info\/fr\/"},{"@type":"ListItem","position":2,"name":"Produits","item":"https:\/\/eurotrail.info\/fr\/produits\/"},{"@type":"ListItem","position":3,"name":"\u00c9vier ovale pliable avec bouchon"}]},{"@type":"WebSite","@id":"https:\/\/eurotrail.info\/#website","url":"https:\/\/eurotrail.info\/","name":"Eurotrail | The way we camp!","description":"","publisher":{"@id":"https:\/\/eurotrail.info\/#organization"},"potentialAction":[{"@type":"SearchAction","target":{"@type":"EntryPoint","urlTemplate":"https:\/\/eurotrail.info\/?s={search_term_string}"},"query-input":{"@type":"PropertyValueSpecification","valueRequired":true,"valueName":"search_term_string"}}],"inLanguage":"fr-FR"},{"@type":"Organization","@id":"https:\/\/eurotrail.info\/#organization","name":"Eurotrail | The way we camp!","url":"https:\/\/eurotrail.info\/","logo":{"@type":"ImageObject","inLanguage":"fr-FR","@id":"https:\/\/eurotrail.info\/#\/schema\/logo\/image\/","url":"https:\/\/eurotrail.info\/wp\/wp-content\/uploads\/2023\/07\/ET-logo-quote_NL-scaled.jpg","contentUrl":"https:\/\/eurotrail.info\/wp\/wp-content\/uploads\/2023\/07\/ET-logo-quote_NL-scaled.jpg","width":2560,"height":675,"caption":"Eurotrail | The way we camp!"},"image":{"@id":"https:\/\/eurotrail.info\/#\/schema\/logo\/image\/"}}]}},"_links":{"self":[{"href":"https:\/\/eurotrail.info\/fr\/wp-json\/wp\/v2\/product\/22118","targetHints":{"allow":["GET"]}}],"collection":[{"href":"https:\/\/eurotrail.info\/fr\/wp-json\/wp\/v2\/product"}],"about":[{"href":"https:\/\/eurotrail.info\/fr\/wp-json\/wp\/v2\/types\/product"}],"replies":[{"embeddable":true,"href":"https:\/\/eurotrail.info\/fr\/wp-json\/wp\/v2\/comments?post=22118"}],"wp:featuredmedia":[{"embeddable":true,"href":"https:\/\/eurotrail.info\/fr\/wp-json\/wp\/v2\/media\/22114"}],"wp:attachment":[{"href":"https:\/\/eurotrail.info\/fr\/wp-json\/wp\/v2\/media?parent=22118"}],"wp:term":[{"taxonomy":"product_brand","embeddable":true,"href":"https:\/\/eurotrail.info\/fr\/wp-json\/wp\/v2\/product_brand?post=22118"},{"taxonomy":"product_cat","embeddable":true,"href":"https:\/\/eurotrail.info\/fr\/wp-json\/wp\/v2\/product_cat?post=22118"},{"taxonomy":"product_tag","embeddable":true,"href":"https:\/\/eurotrail.info\/fr\/wp-json\/wp\/v2\/product_tag?post=22118"}],"curies":[{"name":"wp","href":"https:\/\/api.w.org\/{rel}","templated":true}]}}