{"id":22153,"date":"2023-12-06T16:03:41","date_gmt":"2023-12-06T15:03:41","guid":{"rendered":"https:\/\/eurotrail.info\/?post_type=product&#038;p=22153"},"modified":"2026-01-08T12:35:24","modified_gmt":"2026-01-08T11:35:24","slug":"percolateur-pour-6-9-tasses","status":"publish","type":"product","link":"https:\/\/eurotrail.info\/fr\/producten\/articles-menagers\/cafetiere-percolateur\/percolateur-pour-6-9-tasses\/","title":{"rendered":"Cunana cafeti\u00e8re \u00e0 percolation 3\/6\/9 tasses"},"content":{"rendered":"<p><span style=\"font-size: 1rem;\">Pr\u00e9parez le meilleur caf\u00e9 avec le percolateur Eurotrail. La frappante cafeti\u00e8re en aluminium octogonale est facile \u00e0 utiliser et pr\u00e9pare votre caf\u00e9 de mani\u00e8re authentique. <\/span><span style=\"font-size: 1rem;\">Remplissez le fond du r\u00e9servoir d&#8217;eau, mettez du caf\u00e9 moulu dans le filtre, vissez-le ensemble et placez-le sur une source de chaleur. L&#8217;eau remonte lentement \u00e0 travers le caf\u00e9, produisant un caf\u00e9 riche, d\u00e9licieux et aromatique en quelques minutes seulement. La cafeti\u00e8re en aluminium peut \u00eatre d\u00e9mont\u00e9e pour un nettoyage facile. Le percolateur est disponible pour 6 ou 9 petites tasses de caf\u00e9. La poign\u00e9e est ergonomiquement form\u00e9e. Le percolateur convient aux cuisini\u00e8res \u00e0 gaz, en c\u00e9ramique, \u00e9lectriques et \u00e0 induction halog\u00e8ne.<\/span><\/p>\n<p>Cubana Percolator 3\u00a0: 150\u00a0ml, \u00d8 9-16\u00a0cm x 16\u00a0cm, 299\u00a0g, 3 expressos (\u00b1 2 grands)<br \/>\nCubana Percolator 6\u00a0: 350\u00a0ml, \u00d8 10-17\u00a0cm x 20\u00a0cm, 425\u00a0g, 6 expressos (\u00b1 3 grands)<br \/>\nCubana Percolator 9\u00a0: 550\u00a0ml, \u00d8 11-19\u00a0cm x 22\u00a0cm, 580\u00a0g, 9 expressos (\u00b1 4 grands)<\/p>\n<p><a href=\"https:\/\/eurotrail.info\/wp\/wp-content\/uploads\/2023\/12\/ETKW5616-5621-Percolator-manual-24.pdf\">Manuel Percolateur<\/a><\/p>\n","protected":false},"excerpt":{"rendered":"<p>Pr\u00e9parez le meilleur caf\u00e9 avec le percolateur Eurotrail. La frappante cafeti\u00e8re en aluminium octogonale est facile \u00e0 utiliser et pr\u00e9pare votre caf\u00e9 de mani\u00e8re authentique.&hellip;<\/p>\n","protected":false},"featured_media":22124,"comment_status":"open","ping_status":"closed","template":"","meta":{"_acf_changed":false},"product_brand":[],"product_cat":[243,385],"product_tag":[],"class_list":{"0":"post-22153","1":"product","2":"type-product","3":"status-publish","4":"has-post-thumbnail","6":"product_cat-articles-menagers","7":"product_cat-cafetiere-percolateur","9":"first","10":"instock","11":"shipping-taxable","12":"product-type-simple"},"acf":[],"yoast_head":"<!-- This site is optimized with the Yoast SEO plugin v27.3 - https:\/\/yoast.com\/product\/yoast-seo-wordpress\/ -->\n<title>Cunana cafeti\u00e8re \u00e0 percolation 3\/6\/9 tasses - Eurotrail | The way we camp!<\/title>\n<meta name=\"description\" content=\"Pr\u00e9parez le meilleur caf\u00e9 avec le percolateur Eurotrail.La frappante cafeti\u00e8re en aluminium octogonale est facile \u00e0 utiliser et pr\u00e9pare votre caf\u00e9 de mani\u00e8re authentique\" \/>\n<meta name=\"robots\" content=\"index, follow, max-snippet:-1, max-image-preview:large, max-video-preview:-1\" \/>\n<link rel=\"canonical\" href=\"https:\/\/eurotrail.info\/fr\/producten\/articles-menagers\/cafetiere-percolateur\/percolateur-pour-6-9-tasses\/\" \/>\n<meta property=\"og:locale\" content=\"fr_FR\" \/>\n<meta property=\"og:type\" content=\"article\" \/>\n<meta property=\"og:title\" content=\"Cunana cafeti\u00e8re \u00e0 percolation 3\/6\/9 tasses - Eurotrail | The way we camp!\" \/>\n<meta property=\"og:description\" content=\"Pr\u00e9parez le meilleur caf\u00e9 avec le percolateur Eurotrail.La frappante cafeti\u00e8re en aluminium octogonale est facile \u00e0 utiliser et pr\u00e9pare votre caf\u00e9 de mani\u00e8re authentique\" \/>\n<meta property=\"og:url\" content=\"https:\/\/eurotrail.info\/fr\/producten\/articles-menagers\/cafetiere-percolateur\/percolateur-pour-6-9-tasses\/\" \/>\n<meta property=\"og:site_name\" content=\"Eurotrail | The way we camp!\" \/>\n<meta property=\"article:modified_time\" content=\"2026-01-08T11:35:24+00:00\" \/>\n<meta property=\"og:image\" content=\"https:\/\/eurotrail.info\/wp\/wp-content\/uploads\/2023\/12\/Cubana-percolator-B-1-1-scaled.jpg\" \/>\n\t<meta property=\"og:image:width\" content=\"1722\" \/>\n\t<meta property=\"og:image:height\" content=\"2560\" \/>\n\t<meta property=\"og:image:type\" content=\"image\/jpeg\" \/>\n<meta name=\"twitter:card\" content=\"summary_large_image\" \/>\n<meta name=\"twitter:label1\" content=\"Dur\u00e9e de lecture estim\u00e9e\" \/>\n\t<meta name=\"twitter:data1\" content=\"2 minutes\" \/>\n<script type=\"application\/ld+json\" class=\"yoast-schema-graph\">{\"@context\":\"https:\\\/\\\/schema.org\",\"@graph\":[{\"@type\":\"WebPage\",\"@id\":\"https:\\\/\\\/eurotrail.info\\\/fr\\\/producten\\\/articles-menagers\\\/cafetiere-percolateur\\\/percolateur-pour-6-9-tasses\\\/\",\"url\":\"https:\\\/\\\/eurotrail.info\\\/fr\\\/producten\\\/articles-menagers\\\/cafetiere-percolateur\\\/percolateur-pour-6-9-tasses\\\/\",\"name\":\"Cunana cafeti\u00e8re \u00e0 percolation 3\\\/6\\\/9 tasses - Eurotrail | The way we camp!\",\"isPartOf\":{\"@id\":\"https:\\\/\\\/eurotrail.info\\\/#website\"},\"primaryImageOfPage\":{\"@id\":\"https:\\\/\\\/eurotrail.info\\\/fr\\\/producten\\\/articles-menagers\\\/cafetiere-percolateur\\\/percolateur-pour-6-9-tasses\\\/#primaryimage\"},\"image\":{\"@id\":\"https:\\\/\\\/eurotrail.info\\\/fr\\\/producten\\\/articles-menagers\\\/cafetiere-percolateur\\\/percolateur-pour-6-9-tasses\\\/#primaryimage\"},\"thumbnailUrl\":\"https:\\\/\\\/eurotrail.info\\\/wp\\\/wp-content\\\/uploads\\\/2023\\\/12\\\/Cubana-percolator-B-1-1-scaled.jpg\",\"datePublished\":\"2023-12-06T15:03:41+00:00\",\"dateModified\":\"2026-01-08T11:35:24+00:00\",\"description\":\"Pr\u00e9parez le meilleur caf\u00e9 avec le percolateur Eurotrail.La frappante cafeti\u00e8re en aluminium octogonale est facile \u00e0 utiliser et pr\u00e9pare votre caf\u00e9 de mani\u00e8re authentique\",\"breadcrumb\":{\"@id\":\"https:\\\/\\\/eurotrail.info\\\/fr\\\/producten\\\/articles-menagers\\\/cafetiere-percolateur\\\/percolateur-pour-6-9-tasses\\\/#breadcrumb\"},\"inLanguage\":\"fr-FR\",\"potentialAction\":[{\"@type\":\"ReadAction\",\"target\":[\"https:\\\/\\\/eurotrail.info\\\/fr\\\/producten\\\/articles-menagers\\\/cafetiere-percolateur\\\/percolateur-pour-6-9-tasses\\\/\"]}]},{\"@type\":\"ImageObject\",\"inLanguage\":\"fr-FR\",\"@id\":\"https:\\\/\\\/eurotrail.info\\\/fr\\\/producten\\\/articles-menagers\\\/cafetiere-percolateur\\\/percolateur-pour-6-9-tasses\\\/#primaryimage\",\"url\":\"https:\\\/\\\/eurotrail.info\\\/wp\\\/wp-content\\\/uploads\\\/2023\\\/12\\\/Cubana-percolator-B-1-1-scaled.jpg\",\"contentUrl\":\"https:\\\/\\\/eurotrail.info\\\/wp\\\/wp-content\\\/uploads\\\/2023\\\/12\\\/Cubana-percolator-B-1-1-scaled.jpg\",\"width\":1722,\"height\":2560,\"caption\":\"De opvallende achthoekige aluminium kan is eenvoudig in gebruik en bereidt uw koffie op authentieke wijze.\"},{\"@type\":\"BreadcrumbList\",\"@id\":\"https:\\\/\\\/eurotrail.info\\\/fr\\\/producten\\\/articles-menagers\\\/cafetiere-percolateur\\\/percolateur-pour-6-9-tasses\\\/#breadcrumb\",\"itemListElement\":[{\"@type\":\"ListItem\",\"position\":1,\"name\":\"Home\",\"item\":\"https:\\\/\\\/eurotrail.info\\\/fr\\\/\"},{\"@type\":\"ListItem\",\"position\":2,\"name\":\"Produits\",\"item\":\"https:\\\/\\\/eurotrail.info\\\/fr\\\/produits\\\/\"},{\"@type\":\"ListItem\",\"position\":3,\"name\":\"Cunana cafeti\u00e8re \u00e0 percolation 3\\\/6\\\/9 tasses\"}]},{\"@type\":\"WebSite\",\"@id\":\"https:\\\/\\\/eurotrail.info\\\/#website\",\"url\":\"https:\\\/\\\/eurotrail.info\\\/\",\"name\":\"Eurotrail | The way we camp!\",\"description\":\"\",\"publisher\":{\"@id\":\"https:\\\/\\\/eurotrail.info\\\/#organization\"},\"potentialAction\":[{\"@type\":\"SearchAction\",\"target\":{\"@type\":\"EntryPoint\",\"urlTemplate\":\"https:\\\/\\\/eurotrail.info\\\/?s={search_term_string}\"},\"query-input\":{\"@type\":\"PropertyValueSpecification\",\"valueRequired\":true,\"valueName\":\"search_term_string\"}}],\"inLanguage\":\"fr-FR\"},{\"@type\":\"Organization\",\"@id\":\"https:\\\/\\\/eurotrail.info\\\/#organization\",\"name\":\"Eurotrail | The way we camp!\",\"url\":\"https:\\\/\\\/eurotrail.info\\\/\",\"logo\":{\"@type\":\"ImageObject\",\"inLanguage\":\"fr-FR\",\"@id\":\"https:\\\/\\\/eurotrail.info\\\/#\\\/schema\\\/logo\\\/image\\\/\",\"url\":\"https:\\\/\\\/eurotrail.info\\\/wp\\\/wp-content\\\/uploads\\\/2023\\\/07\\\/ET-logo-quote_NL-scaled.jpg\",\"contentUrl\":\"https:\\\/\\\/eurotrail.info\\\/wp\\\/wp-content\\\/uploads\\\/2023\\\/07\\\/ET-logo-quote_NL-scaled.jpg\",\"width\":2560,\"height\":675,\"caption\":\"Eurotrail | The way we camp!\"},\"image\":{\"@id\":\"https:\\\/\\\/eurotrail.info\\\/#\\\/schema\\\/logo\\\/image\\\/\"}}]}<\/script>\n<!-- \/ Yoast SEO plugin. -->","yoast_head_json":{"title":"Cunana cafeti\u00e8re \u00e0 percolation 3\/6\/9 tasses - Eurotrail | The way we camp!","description":"Pr\u00e9parez le meilleur caf\u00e9 avec le percolateur Eurotrail.La frappante cafeti\u00e8re en aluminium octogonale est facile \u00e0 utiliser et pr\u00e9pare votre caf\u00e9 de mani\u00e8re authentique","robots":{"index":"index","follow":"follow","max-snippet":"max-snippet:-1","max-image-preview":"max-image-preview:large","max-video-preview":"max-video-preview:-1"},"canonical":"https:\/\/eurotrail.info\/fr\/producten\/articles-menagers\/cafetiere-percolateur\/percolateur-pour-6-9-tasses\/","og_locale":"fr_FR","og_type":"article","og_title":"Cunana cafeti\u00e8re \u00e0 percolation 3\/6\/9 tasses - Eurotrail | The way we camp!","og_description":"Pr\u00e9parez le meilleur caf\u00e9 avec le percolateur Eurotrail.La frappante cafeti\u00e8re en aluminium octogonale est facile \u00e0 utiliser et pr\u00e9pare votre caf\u00e9 de mani\u00e8re authentique","og_url":"https:\/\/eurotrail.info\/fr\/producten\/articles-menagers\/cafetiere-percolateur\/percolateur-pour-6-9-tasses\/","og_site_name":"Eurotrail | The way we camp!","article_modified_time":"2026-01-08T11:35:24+00:00","og_image":[{"width":1722,"height":2560,"url":"https:\/\/eurotrail.info\/wp\/wp-content\/uploads\/2023\/12\/Cubana-percolator-B-1-1-scaled.jpg","type":"image\/jpeg"}],"twitter_card":"summary_large_image","twitter_misc":{"Dur\u00e9e de lecture estim\u00e9e":"2 minutes"},"schema":{"@context":"https:\/\/schema.org","@graph":[{"@type":"WebPage","@id":"https:\/\/eurotrail.info\/fr\/producten\/articles-menagers\/cafetiere-percolateur\/percolateur-pour-6-9-tasses\/","url":"https:\/\/eurotrail.info\/fr\/producten\/articles-menagers\/cafetiere-percolateur\/percolateur-pour-6-9-tasses\/","name":"Cunana cafeti\u00e8re \u00e0 percolation 3\/6\/9 tasses - Eurotrail | The way we camp!","isPartOf":{"@id":"https:\/\/eurotrail.info\/#website"},"primaryImageOfPage":{"@id":"https:\/\/eurotrail.info\/fr\/producten\/articles-menagers\/cafetiere-percolateur\/percolateur-pour-6-9-tasses\/#primaryimage"},"image":{"@id":"https:\/\/eurotrail.info\/fr\/producten\/articles-menagers\/cafetiere-percolateur\/percolateur-pour-6-9-tasses\/#primaryimage"},"thumbnailUrl":"https:\/\/eurotrail.info\/wp\/wp-content\/uploads\/2023\/12\/Cubana-percolator-B-1-1-scaled.jpg","datePublished":"2023-12-06T15:03:41+00:00","dateModified":"2026-01-08T11:35:24+00:00","description":"Pr\u00e9parez le meilleur caf\u00e9 avec le percolateur Eurotrail.La frappante cafeti\u00e8re en aluminium octogonale est facile \u00e0 utiliser et pr\u00e9pare votre caf\u00e9 de mani\u00e8re authentique","breadcrumb":{"@id":"https:\/\/eurotrail.info\/fr\/producten\/articles-menagers\/cafetiere-percolateur\/percolateur-pour-6-9-tasses\/#breadcrumb"},"inLanguage":"fr-FR","potentialAction":[{"@type":"ReadAction","target":["https:\/\/eurotrail.info\/fr\/producten\/articles-menagers\/cafetiere-percolateur\/percolateur-pour-6-9-tasses\/"]}]},{"@type":"ImageObject","inLanguage":"fr-FR","@id":"https:\/\/eurotrail.info\/fr\/producten\/articles-menagers\/cafetiere-percolateur\/percolateur-pour-6-9-tasses\/#primaryimage","url":"https:\/\/eurotrail.info\/wp\/wp-content\/uploads\/2023\/12\/Cubana-percolator-B-1-1-scaled.jpg","contentUrl":"https:\/\/eurotrail.info\/wp\/wp-content\/uploads\/2023\/12\/Cubana-percolator-B-1-1-scaled.jpg","width":1722,"height":2560,"caption":"De opvallende achthoekige aluminium kan is eenvoudig in gebruik en bereidt uw koffie op authentieke wijze."},{"@type":"BreadcrumbList","@id":"https:\/\/eurotrail.info\/fr\/producten\/articles-menagers\/cafetiere-percolateur\/percolateur-pour-6-9-tasses\/#breadcrumb","itemListElement":[{"@type":"ListItem","position":1,"name":"Home","item":"https:\/\/eurotrail.info\/fr\/"},{"@type":"ListItem","position":2,"name":"Produits","item":"https:\/\/eurotrail.info\/fr\/produits\/"},{"@type":"ListItem","position":3,"name":"Cunana cafeti\u00e8re \u00e0 percolation 3\/6\/9 tasses"}]},{"@type":"WebSite","@id":"https:\/\/eurotrail.info\/#website","url":"https:\/\/eurotrail.info\/","name":"Eurotrail | The way we camp!","description":"","publisher":{"@id":"https:\/\/eurotrail.info\/#organization"},"potentialAction":[{"@type":"SearchAction","target":{"@type":"EntryPoint","urlTemplate":"https:\/\/eurotrail.info\/?s={search_term_string}"},"query-input":{"@type":"PropertyValueSpecification","valueRequired":true,"valueName":"search_term_string"}}],"inLanguage":"fr-FR"},{"@type":"Organization","@id":"https:\/\/eurotrail.info\/#organization","name":"Eurotrail | The way we camp!","url":"https:\/\/eurotrail.info\/","logo":{"@type":"ImageObject","inLanguage":"fr-FR","@id":"https:\/\/eurotrail.info\/#\/schema\/logo\/image\/","url":"https:\/\/eurotrail.info\/wp\/wp-content\/uploads\/2023\/07\/ET-logo-quote_NL-scaled.jpg","contentUrl":"https:\/\/eurotrail.info\/wp\/wp-content\/uploads\/2023\/07\/ET-logo-quote_NL-scaled.jpg","width":2560,"height":675,"caption":"Eurotrail | The way we camp!"},"image":{"@id":"https:\/\/eurotrail.info\/#\/schema\/logo\/image\/"}}]}},"_links":{"self":[{"href":"https:\/\/eurotrail.info\/fr\/wp-json\/wp\/v2\/product\/22153","targetHints":{"allow":["GET"]}}],"collection":[{"href":"https:\/\/eurotrail.info\/fr\/wp-json\/wp\/v2\/product"}],"about":[{"href":"https:\/\/eurotrail.info\/fr\/wp-json\/wp\/v2\/types\/product"}],"replies":[{"embeddable":true,"href":"https:\/\/eurotrail.info\/fr\/wp-json\/wp\/v2\/comments?post=22153"}],"wp:featuredmedia":[{"embeddable":true,"href":"https:\/\/eurotrail.info\/fr\/wp-json\/wp\/v2\/media\/22124"}],"wp:attachment":[{"href":"https:\/\/eurotrail.info\/fr\/wp-json\/wp\/v2\/media?parent=22153"}],"wp:term":[{"taxonomy":"product_brand","embeddable":true,"href":"https:\/\/eurotrail.info\/fr\/wp-json\/wp\/v2\/product_brand?post=22153"},{"taxonomy":"product_cat","embeddable":true,"href":"https:\/\/eurotrail.info\/fr\/wp-json\/wp\/v2\/product_cat?post=22153"},{"taxonomy":"product_tag","embeddable":true,"href":"https:\/\/eurotrail.info\/fr\/wp-json\/wp\/v2\/product_tag?post=22153"}],"curies":[{"name":"wp","href":"https:\/\/api.w.org\/{rel}","templated":true}]}}