{"id":22188,"date":"2023-12-06T16:32:11","date_gmt":"2023-12-06T15:35:02","guid":{"rendered":"https:\/\/eurotrail.info\/?post_type=product&#038;p=22188"},"modified":"2023-12-06T16:57:59","modified_gmt":"2023-12-06T15:57:59","slug":"matelas-en-maille-3d","status":"publish","type":"product","link":"https:\/\/eurotrail.info\/fr\/producten\/matelas-auto-gonflables\/matelas-pneumatiques\/matelas-en-maille-3d\/","title":{"rendered":"Matelas en maille 3D"},"content":{"rendered":"<p>Matelas pneumatique gonflable avec tissu doux en maille 3D. Les matelas pneumatiques peuvent \u00eatre zipp\u00e9s ensemble pour cr\u00e9er un matelas pour 2 personnes. Le dessus du matelas est constitu\u00e9 d&#8217;un maillage d&#8217;air doux et respirant avec une section d&#8217;oreiller int\u00e9gr\u00e9e. Le matelas se range facilement dans le sac joint.<\/p>\n<p>Dimensions: 190x70x12<br \/>\nEmball\u00e9 : 38x30x11cm<br \/>\nMat\u00e9riau\u00a0: maille 3D, polyester Oxford 300D + PVC<br \/>\nPoids : 1,9 kg<\/p>\n","protected":false},"excerpt":{"rendered":"<p>Matelas pneumatique gonflable avec tissu doux en maille 3D. Les matelas pneumatiques peuvent \u00eatre zipp\u00e9s ensemble pour cr\u00e9er un matelas pour 2 personnes. Le dessus&hellip;<\/p>\n","protected":false},"featured_media":22164,"comment_status":"open","ping_status":"closed","template":"","meta":{"_acf_changed":false},"product_brand":[],"product_cat":[266,269],"product_tag":[],"class_list":{"0":"post-22188","1":"product","2":"type-product","3":"status-publish","4":"has-post-thumbnail","6":"product_cat-matelas-auto-gonflables","7":"product_cat-matelas-pneumatiques","9":"first","10":"instock","11":"shipping-taxable","12":"product-type-simple"},"acf":[],"yoast_head":"<!-- This site is optimized with the Yoast SEO plugin v27.4 - https:\/\/yoast.com\/product\/yoast-seo-wordpress\/ -->\n<title>Matelas en maille 3D - Eurotrail | The way we camp!<\/title>\n<meta name=\"description\" content=\"Matelas pneumatique gonflable avec tissu doux en maille 3D. Les matelas pneumatiques peuvent \u00eatre zipp\u00e9s ensemble pour cr\u00e9er un matelas pour 2 personnes.\" \/>\n<meta name=\"robots\" content=\"index, follow, max-snippet:-1, max-image-preview:large, max-video-preview:-1\" \/>\n<link rel=\"canonical\" href=\"https:\/\/eurotrail.info\/fr\/producten\/matelas-auto-gonflables\/matelas-pneumatiques\/matelas-en-maille-3d\/\" \/>\n<meta property=\"og:locale\" content=\"fr_FR\" \/>\n<meta property=\"og:type\" content=\"article\" \/>\n<meta property=\"og:title\" content=\"Matelas en maille 3D - Eurotrail | The way we camp!\" \/>\n<meta property=\"og:description\" content=\"Matelas pneumatique gonflable avec tissu doux en maille 3D. Les matelas pneumatiques peuvent \u00eatre zipp\u00e9s ensemble pour cr\u00e9er un matelas pour 2 personnes.\" \/>\n<meta property=\"og:url\" content=\"https:\/\/eurotrail.info\/fr\/producten\/matelas-auto-gonflables\/matelas-pneumatiques\/matelas-en-maille-3d\/\" \/>\n<meta property=\"og:site_name\" content=\"Eurotrail | The way we camp!\" \/>\n<meta property=\"article:modified_time\" content=\"2023-12-06T15:57:59+00:00\" \/>\n<meta property=\"og:image\" content=\"https:\/\/eurotrail.info\/wp\/wp-content\/uploads\/2023\/12\/Airbed-richtige-Farbe-scaled.jpg\" \/>\n\t<meta property=\"og:image:width\" content=\"2560\" \/>\n\t<meta property=\"og:image:height\" content=\"1379\" \/>\n\t<meta property=\"og:image:type\" content=\"image\/jpeg\" \/>\n<meta name=\"twitter:card\" content=\"summary_large_image\" \/>\n<meta name=\"twitter:label1\" content=\"Dur\u00e9e de lecture estim\u00e9e\" \/>\n\t<meta name=\"twitter:data1\" content=\"1 minute\" \/>\n<script type=\"application\/ld+json\" class=\"yoast-schema-graph\">{\"@context\":\"https:\\\/\\\/schema.org\",\"@graph\":[{\"@type\":\"WebPage\",\"@id\":\"https:\\\/\\\/eurotrail.info\\\/fr\\\/producten\\\/matelas-auto-gonflables\\\/matelas-pneumatiques\\\/matelas-en-maille-3d\\\/\",\"url\":\"https:\\\/\\\/eurotrail.info\\\/fr\\\/producten\\\/matelas-auto-gonflables\\\/matelas-pneumatiques\\\/matelas-en-maille-3d\\\/\",\"name\":\"Matelas en maille 3D - Eurotrail | The way we camp!\",\"isPartOf\":{\"@id\":\"https:\\\/\\\/eurotrail.info\\\/#website\"},\"primaryImageOfPage\":{\"@id\":\"https:\\\/\\\/eurotrail.info\\\/fr\\\/producten\\\/matelas-auto-gonflables\\\/matelas-pneumatiques\\\/matelas-en-maille-3d\\\/#primaryimage\"},\"image\":{\"@id\":\"https:\\\/\\\/eurotrail.info\\\/fr\\\/producten\\\/matelas-auto-gonflables\\\/matelas-pneumatiques\\\/matelas-en-maille-3d\\\/#primaryimage\"},\"thumbnailUrl\":\"https:\\\/\\\/eurotrail.info\\\/wp\\\/wp-content\\\/uploads\\\/2023\\\/12\\\/Airbed-richtige-Farbe-scaled.jpg\",\"datePublished\":\"2023-12-06T15:35:02+00:00\",\"dateModified\":\"2023-12-06T15:57:59+00:00\",\"description\":\"Matelas pneumatique gonflable avec tissu doux en maille 3D. Les matelas pneumatiques peuvent \u00eatre zipp\u00e9s ensemble pour cr\u00e9er un matelas pour 2 personnes.\",\"breadcrumb\":{\"@id\":\"https:\\\/\\\/eurotrail.info\\\/fr\\\/producten\\\/matelas-auto-gonflables\\\/matelas-pneumatiques\\\/matelas-en-maille-3d\\\/#breadcrumb\"},\"inLanguage\":\"fr-FR\",\"potentialAction\":[{\"@type\":\"ReadAction\",\"target\":[\"https:\\\/\\\/eurotrail.info\\\/fr\\\/producten\\\/matelas-auto-gonflables\\\/matelas-pneumatiques\\\/matelas-en-maille-3d\\\/\"]}]},{\"@type\":\"ImageObject\",\"inLanguage\":\"fr-FR\",\"@id\":\"https:\\\/\\\/eurotrail.info\\\/fr\\\/producten\\\/matelas-auto-gonflables\\\/matelas-pneumatiques\\\/matelas-en-maille-3d\\\/#primaryimage\",\"url\":\"https:\\\/\\\/eurotrail.info\\\/wp\\\/wp-content\\\/uploads\\\/2023\\\/12\\\/Airbed-richtige-Farbe-scaled.jpg\",\"contentUrl\":\"https:\\\/\\\/eurotrail.info\\\/wp\\\/wp-content\\\/uploads\\\/2023\\\/12\\\/Airbed-richtige-Farbe-scaled.jpg\",\"width\":2560,\"height\":1379,\"caption\":\"Opblaasbaar luchtbed voorzien van een 3-D mesh.\"},{\"@type\":\"BreadcrumbList\",\"@id\":\"https:\\\/\\\/eurotrail.info\\\/fr\\\/producten\\\/matelas-auto-gonflables\\\/matelas-pneumatiques\\\/matelas-en-maille-3d\\\/#breadcrumb\",\"itemListElement\":[{\"@type\":\"ListItem\",\"position\":1,\"name\":\"Home\",\"item\":\"https:\\\/\\\/eurotrail.info\\\/fr\\\/\"},{\"@type\":\"ListItem\",\"position\":2,\"name\":\"Produits\",\"item\":\"https:\\\/\\\/eurotrail.info\\\/fr\\\/produits\\\/\"},{\"@type\":\"ListItem\",\"position\":3,\"name\":\"Matelas en maille 3D\"}]},{\"@type\":\"WebSite\",\"@id\":\"https:\\\/\\\/eurotrail.info\\\/#website\",\"url\":\"https:\\\/\\\/eurotrail.info\\\/\",\"name\":\"Eurotrail | The way we camp!\",\"description\":\"\",\"publisher\":{\"@id\":\"https:\\\/\\\/eurotrail.info\\\/#organization\"},\"potentialAction\":[{\"@type\":\"SearchAction\",\"target\":{\"@type\":\"EntryPoint\",\"urlTemplate\":\"https:\\\/\\\/eurotrail.info\\\/?s={search_term_string}\"},\"query-input\":{\"@type\":\"PropertyValueSpecification\",\"valueRequired\":true,\"valueName\":\"search_term_string\"}}],\"inLanguage\":\"fr-FR\"},{\"@type\":\"Organization\",\"@id\":\"https:\\\/\\\/eurotrail.info\\\/#organization\",\"name\":\"Eurotrail | The way we camp!\",\"url\":\"https:\\\/\\\/eurotrail.info\\\/\",\"logo\":{\"@type\":\"ImageObject\",\"inLanguage\":\"fr-FR\",\"@id\":\"https:\\\/\\\/eurotrail.info\\\/#\\\/schema\\\/logo\\\/image\\\/\",\"url\":\"https:\\\/\\\/eurotrail.info\\\/wp\\\/wp-content\\\/uploads\\\/2023\\\/07\\\/ET-logo-quote_NL-scaled.jpg\",\"contentUrl\":\"https:\\\/\\\/eurotrail.info\\\/wp\\\/wp-content\\\/uploads\\\/2023\\\/07\\\/ET-logo-quote_NL-scaled.jpg\",\"width\":2560,\"height\":675,\"caption\":\"Eurotrail | The way we camp!\"},\"image\":{\"@id\":\"https:\\\/\\\/eurotrail.info\\\/#\\\/schema\\\/logo\\\/image\\\/\"}}]}<\/script>\n<!-- \/ Yoast SEO plugin. -->","yoast_head_json":{"title":"Matelas en maille 3D - Eurotrail | The way we camp!","description":"Matelas pneumatique gonflable avec tissu doux en maille 3D. Les matelas pneumatiques peuvent \u00eatre zipp\u00e9s ensemble pour cr\u00e9er un matelas pour 2 personnes.","robots":{"index":"index","follow":"follow","max-snippet":"max-snippet:-1","max-image-preview":"max-image-preview:large","max-video-preview":"max-video-preview:-1"},"canonical":"https:\/\/eurotrail.info\/fr\/producten\/matelas-auto-gonflables\/matelas-pneumatiques\/matelas-en-maille-3d\/","og_locale":"fr_FR","og_type":"article","og_title":"Matelas en maille 3D - Eurotrail | The way we camp!","og_description":"Matelas pneumatique gonflable avec tissu doux en maille 3D. Les matelas pneumatiques peuvent \u00eatre zipp\u00e9s ensemble pour cr\u00e9er un matelas pour 2 personnes.","og_url":"https:\/\/eurotrail.info\/fr\/producten\/matelas-auto-gonflables\/matelas-pneumatiques\/matelas-en-maille-3d\/","og_site_name":"Eurotrail | The way we camp!","article_modified_time":"2023-12-06T15:57:59+00:00","og_image":[{"width":2560,"height":1379,"url":"https:\/\/eurotrail.info\/wp\/wp-content\/uploads\/2023\/12\/Airbed-richtige-Farbe-scaled.jpg","type":"image\/jpeg"}],"twitter_card":"summary_large_image","twitter_misc":{"Dur\u00e9e de lecture estim\u00e9e":"1 minute"},"schema":{"@context":"https:\/\/schema.org","@graph":[{"@type":"WebPage","@id":"https:\/\/eurotrail.info\/fr\/producten\/matelas-auto-gonflables\/matelas-pneumatiques\/matelas-en-maille-3d\/","url":"https:\/\/eurotrail.info\/fr\/producten\/matelas-auto-gonflables\/matelas-pneumatiques\/matelas-en-maille-3d\/","name":"Matelas en maille 3D - Eurotrail | The way we camp!","isPartOf":{"@id":"https:\/\/eurotrail.info\/#website"},"primaryImageOfPage":{"@id":"https:\/\/eurotrail.info\/fr\/producten\/matelas-auto-gonflables\/matelas-pneumatiques\/matelas-en-maille-3d\/#primaryimage"},"image":{"@id":"https:\/\/eurotrail.info\/fr\/producten\/matelas-auto-gonflables\/matelas-pneumatiques\/matelas-en-maille-3d\/#primaryimage"},"thumbnailUrl":"https:\/\/eurotrail.info\/wp\/wp-content\/uploads\/2023\/12\/Airbed-richtige-Farbe-scaled.jpg","datePublished":"2023-12-06T15:35:02+00:00","dateModified":"2023-12-06T15:57:59+00:00","description":"Matelas pneumatique gonflable avec tissu doux en maille 3D. Les matelas pneumatiques peuvent \u00eatre zipp\u00e9s ensemble pour cr\u00e9er un matelas pour 2 personnes.","breadcrumb":{"@id":"https:\/\/eurotrail.info\/fr\/producten\/matelas-auto-gonflables\/matelas-pneumatiques\/matelas-en-maille-3d\/#breadcrumb"},"inLanguage":"fr-FR","potentialAction":[{"@type":"ReadAction","target":["https:\/\/eurotrail.info\/fr\/producten\/matelas-auto-gonflables\/matelas-pneumatiques\/matelas-en-maille-3d\/"]}]},{"@type":"ImageObject","inLanguage":"fr-FR","@id":"https:\/\/eurotrail.info\/fr\/producten\/matelas-auto-gonflables\/matelas-pneumatiques\/matelas-en-maille-3d\/#primaryimage","url":"https:\/\/eurotrail.info\/wp\/wp-content\/uploads\/2023\/12\/Airbed-richtige-Farbe-scaled.jpg","contentUrl":"https:\/\/eurotrail.info\/wp\/wp-content\/uploads\/2023\/12\/Airbed-richtige-Farbe-scaled.jpg","width":2560,"height":1379,"caption":"Opblaasbaar luchtbed voorzien van een 3-D mesh."},{"@type":"BreadcrumbList","@id":"https:\/\/eurotrail.info\/fr\/producten\/matelas-auto-gonflables\/matelas-pneumatiques\/matelas-en-maille-3d\/#breadcrumb","itemListElement":[{"@type":"ListItem","position":1,"name":"Home","item":"https:\/\/eurotrail.info\/fr\/"},{"@type":"ListItem","position":2,"name":"Produits","item":"https:\/\/eurotrail.info\/fr\/produits\/"},{"@type":"ListItem","position":3,"name":"Matelas en maille 3D"}]},{"@type":"WebSite","@id":"https:\/\/eurotrail.info\/#website","url":"https:\/\/eurotrail.info\/","name":"Eurotrail | The way we camp!","description":"","publisher":{"@id":"https:\/\/eurotrail.info\/#organization"},"potentialAction":[{"@type":"SearchAction","target":{"@type":"EntryPoint","urlTemplate":"https:\/\/eurotrail.info\/?s={search_term_string}"},"query-input":{"@type":"PropertyValueSpecification","valueRequired":true,"valueName":"search_term_string"}}],"inLanguage":"fr-FR"},{"@type":"Organization","@id":"https:\/\/eurotrail.info\/#organization","name":"Eurotrail | The way we camp!","url":"https:\/\/eurotrail.info\/","logo":{"@type":"ImageObject","inLanguage":"fr-FR","@id":"https:\/\/eurotrail.info\/#\/schema\/logo\/image\/","url":"https:\/\/eurotrail.info\/wp\/wp-content\/uploads\/2023\/07\/ET-logo-quote_NL-scaled.jpg","contentUrl":"https:\/\/eurotrail.info\/wp\/wp-content\/uploads\/2023\/07\/ET-logo-quote_NL-scaled.jpg","width":2560,"height":675,"caption":"Eurotrail | The way we camp!"},"image":{"@id":"https:\/\/eurotrail.info\/#\/schema\/logo\/image\/"}}]}},"_links":{"self":[{"href":"https:\/\/eurotrail.info\/fr\/wp-json\/wp\/v2\/product\/22188","targetHints":{"allow":["GET"]}}],"collection":[{"href":"https:\/\/eurotrail.info\/fr\/wp-json\/wp\/v2\/product"}],"about":[{"href":"https:\/\/eurotrail.info\/fr\/wp-json\/wp\/v2\/types\/product"}],"replies":[{"embeddable":true,"href":"https:\/\/eurotrail.info\/fr\/wp-json\/wp\/v2\/comments?post=22188"}],"wp:featuredmedia":[{"embeddable":true,"href":"https:\/\/eurotrail.info\/fr\/wp-json\/wp\/v2\/media\/22164"}],"wp:attachment":[{"href":"https:\/\/eurotrail.info\/fr\/wp-json\/wp\/v2\/media?parent=22188"}],"wp:term":[{"taxonomy":"product_brand","embeddable":true,"href":"https:\/\/eurotrail.info\/fr\/wp-json\/wp\/v2\/product_brand?post=22188"},{"taxonomy":"product_cat","embeddable":true,"href":"https:\/\/eurotrail.info\/fr\/wp-json\/wp\/v2\/product_cat?post=22188"},{"taxonomy":"product_tag","embeddable":true,"href":"https:\/\/eurotrail.info\/fr\/wp-json\/wp\/v2\/product_tag?post=22188"}],"curies":[{"name":"wp","href":"https:\/\/api.w.org\/{rel}","templated":true}]}}