{"id":22274,"date":"2023-12-06T16:48:40","date_gmt":"2023-12-06T15:52:59","guid":{"rendered":"https:\/\/eurotrail.info\/?post_type=product&#038;p=22274"},"modified":"2023-12-06T16:52:59","modified_gmt":"2023-12-06T15:52:59","slug":"roadster-air-bustent-gonflable","status":"publish","type":"product","link":"https:\/\/eurotrail.info\/fr\/producten\/caravane-camping-car-bus\/tentes-de-bus\/roadster-air-bustent-gonflable\/","title":{"rendered":"Roadster Air bustent gonflable"},"content":{"rendered":"<p>Bustent gonflable id\u00e9al (hauteur de connexion 180-210cm). Le Roadster est une tente autoportante compacte qui est install\u00e9e parall\u00e8lement au bus. La tente est gonflable, ce qui facilite consid\u00e9rablement l&#8217;installation. La tente a une grande fen\u00eatre lat\u00e9rale avec couverture et des deux c\u00f4t\u00e9s une porte d&#8217;entr\u00e9e avec moustiquaire pour la ventilation. Tapis de sol enti\u00e8rement fixe pour garder la salet\u00e9 et l&#8217;eau \u00e0 l&#8217;ext\u00e9rieur. Les petits auvents des deux c\u00f4t\u00e9s offrent une ombre suppl\u00e9mentaire et emp\u00eachent la pluie d&#8217;entrer dans la tente. La tente est facile \u00e0 fixer au bus avec un passepoil de 7 mm, des bandes velcro ou un m\u00e2t de toit. Cette partie peut \u00eatre zipp\u00e9e afin que vous puissiez facilement d\u00e9connecter la tente du bus. La tente est livr\u00e9e avec un tube temp\u00eate afin que la tente soit \u00e9galement robuste et stable par moins de temps.<\/p>\n<p>Mat\u00e9riau : polyester Oxford 150D, 3000 mm<br \/>\nDimensions : 230x280x205 cm<br \/>\nSangle : \u00d8 7,0 mm, longueur 235 cm<br \/>\nTube d&#8217;air :<br \/>\nTubes principaux : \u00d8 10 cm TPU<br \/>\nBarres : \u00d8 9,5 mm barre de toit en fibre de verre<br \/>\nEmball\u00e9 : 70x35x30 cm<br \/>\nPoids : 11.4 kg.<\/p>\n","protected":false},"excerpt":{"rendered":"<p>Bustent gonflable id\u00e9al (hauteur de connexion 180-210cm). Le Roadster est une tente autoportante compacte qui est install\u00e9e parall\u00e8lement au bus. La tente est gonflable, ce&hellip;<\/p>\n","protected":false},"featured_media":22269,"comment_status":"open","ping_status":"closed","template":"","meta":{"_acf_changed":false},"product_brand":[],"product_cat":[237,239],"product_tag":[],"class_list":{"0":"post-22274","1":"product","2":"type-product","3":"status-publish","4":"has-post-thumbnail","6":"product_cat-caravane-camping-car-bus","7":"product_cat-tentes-de-bus","9":"first","10":"instock","11":"shipping-taxable","12":"product-type-simple"},"acf":[],"yoast_head":"<!-- This site is optimized with the Yoast SEO plugin v27.4 - https:\/\/yoast.com\/product\/yoast-seo-wordpress\/ -->\n<title>Roadster Air bustent gonflable - Eurotrail | The way we camp!<\/title>\n<meta name=\"description\" content=\"Bustent gonflable id\u00e9al (hauteur de connexion 180-210cm). Le Roadster est une tente autoportante compacte qui est install\u00e9e parall\u00e8lement au bus.\" \/>\n<meta name=\"robots\" content=\"index, follow, max-snippet:-1, max-image-preview:large, max-video-preview:-1\" \/>\n<link rel=\"canonical\" href=\"https:\/\/eurotrail.info\/fr\/producten\/caravane-camping-car-bus\/tentes-de-bus\/roadster-air-bustent-gonflable\/\" \/>\n<meta property=\"og:locale\" content=\"fr_FR\" \/>\n<meta property=\"og:type\" content=\"article\" \/>\n<meta property=\"og:title\" content=\"Roadster Air bustent gonflable - Eurotrail | The way we camp!\" \/>\n<meta property=\"og:description\" content=\"Bustent gonflable id\u00e9al (hauteur de connexion 180-210cm). Le Roadster est une tente autoportante compacte qui est install\u00e9e parall\u00e8lement au bus.\" \/>\n<meta property=\"og:url\" content=\"https:\/\/eurotrail.info\/fr\/producten\/caravane-camping-car-bus\/tentes-de-bus\/roadster-air-bustent-gonflable\/\" \/>\n<meta property=\"og:site_name\" content=\"Eurotrail | The way we camp!\" \/>\n<meta property=\"og:image\" content=\"https:\/\/eurotrail.info\/wp\/wp-content\/uploads\/2023\/12\/ETCT0188-Roadster-Air-Set01-24-1280x917.jpg\" \/>\n\t<meta property=\"og:image:width\" content=\"1280\" \/>\n\t<meta property=\"og:image:height\" content=\"917\" \/>\n\t<meta property=\"og:image:type\" content=\"image\/jpeg\" \/>\n<meta name=\"twitter:card\" content=\"summary_large_image\" \/>\n<meta name=\"twitter:label1\" content=\"Dur\u00e9e de lecture estim\u00e9e\" \/>\n\t<meta name=\"twitter:data1\" content=\"1 minute\" \/>\n<script type=\"application\/ld+json\" class=\"yoast-schema-graph\">{\"@context\":\"https:\\\/\\\/schema.org\",\"@graph\":[{\"@type\":\"WebPage\",\"@id\":\"https:\\\/\\\/eurotrail.info\\\/fr\\\/producten\\\/caravane-camping-car-bus\\\/tentes-de-bus\\\/roadster-air-bustent-gonflable\\\/\",\"url\":\"https:\\\/\\\/eurotrail.info\\\/fr\\\/producten\\\/caravane-camping-car-bus\\\/tentes-de-bus\\\/roadster-air-bustent-gonflable\\\/\",\"name\":\"Roadster Air bustent gonflable - Eurotrail | The way we camp!\",\"isPartOf\":{\"@id\":\"https:\\\/\\\/eurotrail.info\\\/#website\"},\"primaryImageOfPage\":{\"@id\":\"https:\\\/\\\/eurotrail.info\\\/fr\\\/producten\\\/caravane-camping-car-bus\\\/tentes-de-bus\\\/roadster-air-bustent-gonflable\\\/#primaryimage\"},\"image\":{\"@id\":\"https:\\\/\\\/eurotrail.info\\\/fr\\\/producten\\\/caravane-camping-car-bus\\\/tentes-de-bus\\\/roadster-air-bustent-gonflable\\\/#primaryimage\"},\"thumbnailUrl\":\"https:\\\/\\\/eurotrail.info\\\/wp\\\/wp-content\\\/uploads\\\/2023\\\/12\\\/ETCT0188-Roadster-Air-Set01-24-scaled.jpg\",\"datePublished\":\"2023-12-06T15:52:59+00:00\",\"description\":\"Bustent gonflable id\u00e9al (hauteur de connexion 180-210cm). Le Roadster est une tente autoportante compacte qui est install\u00e9e parall\u00e8lement au bus.\",\"breadcrumb\":{\"@id\":\"https:\\\/\\\/eurotrail.info\\\/fr\\\/producten\\\/caravane-camping-car-bus\\\/tentes-de-bus\\\/roadster-air-bustent-gonflable\\\/#breadcrumb\"},\"inLanguage\":\"fr-FR\",\"potentialAction\":[{\"@type\":\"ReadAction\",\"target\":[\"https:\\\/\\\/eurotrail.info\\\/fr\\\/producten\\\/caravane-camping-car-bus\\\/tentes-de-bus\\\/roadster-air-bustent-gonflable\\\/\"]}]},{\"@type\":\"ImageObject\",\"inLanguage\":\"fr-FR\",\"@id\":\"https:\\\/\\\/eurotrail.info\\\/fr\\\/producten\\\/caravane-camping-car-bus\\\/tentes-de-bus\\\/roadster-air-bustent-gonflable\\\/#primaryimage\",\"url\":\"https:\\\/\\\/eurotrail.info\\\/wp\\\/wp-content\\\/uploads\\\/2023\\\/12\\\/ETCT0188-Roadster-Air-Set01-24-scaled.jpg\",\"contentUrl\":\"https:\\\/\\\/eurotrail.info\\\/wp\\\/wp-content\\\/uploads\\\/2023\\\/12\\\/ETCT0188-Roadster-Air-Set01-24-scaled.jpg\",\"width\":2560,\"height\":1833,\"caption\":\"). De Roadster is een compacte vrijstaande tent die parallel aan de bus wordt opgesteld\"},{\"@type\":\"BreadcrumbList\",\"@id\":\"https:\\\/\\\/eurotrail.info\\\/fr\\\/producten\\\/caravane-camping-car-bus\\\/tentes-de-bus\\\/roadster-air-bustent-gonflable\\\/#breadcrumb\",\"itemListElement\":[{\"@type\":\"ListItem\",\"position\":1,\"name\":\"Home\",\"item\":\"https:\\\/\\\/eurotrail.info\\\/fr\\\/\"},{\"@type\":\"ListItem\",\"position\":2,\"name\":\"Produits\",\"item\":\"https:\\\/\\\/eurotrail.info\\\/fr\\\/produits\\\/\"},{\"@type\":\"ListItem\",\"position\":3,\"name\":\"Roadster Air bustent gonflable\"}]},{\"@type\":\"WebSite\",\"@id\":\"https:\\\/\\\/eurotrail.info\\\/#website\",\"url\":\"https:\\\/\\\/eurotrail.info\\\/\",\"name\":\"Eurotrail | The way we camp!\",\"description\":\"\",\"publisher\":{\"@id\":\"https:\\\/\\\/eurotrail.info\\\/#organization\"},\"potentialAction\":[{\"@type\":\"SearchAction\",\"target\":{\"@type\":\"EntryPoint\",\"urlTemplate\":\"https:\\\/\\\/eurotrail.info\\\/?s={search_term_string}\"},\"query-input\":{\"@type\":\"PropertyValueSpecification\",\"valueRequired\":true,\"valueName\":\"search_term_string\"}}],\"inLanguage\":\"fr-FR\"},{\"@type\":\"Organization\",\"@id\":\"https:\\\/\\\/eurotrail.info\\\/#organization\",\"name\":\"Eurotrail | The way we camp!\",\"url\":\"https:\\\/\\\/eurotrail.info\\\/\",\"logo\":{\"@type\":\"ImageObject\",\"inLanguage\":\"fr-FR\",\"@id\":\"https:\\\/\\\/eurotrail.info\\\/#\\\/schema\\\/logo\\\/image\\\/\",\"url\":\"https:\\\/\\\/eurotrail.info\\\/wp\\\/wp-content\\\/uploads\\\/2023\\\/07\\\/ET-logo-quote_NL-scaled.jpg\",\"contentUrl\":\"https:\\\/\\\/eurotrail.info\\\/wp\\\/wp-content\\\/uploads\\\/2023\\\/07\\\/ET-logo-quote_NL-scaled.jpg\",\"width\":2560,\"height\":675,\"caption\":\"Eurotrail | The way we camp!\"},\"image\":{\"@id\":\"https:\\\/\\\/eurotrail.info\\\/#\\\/schema\\\/logo\\\/image\\\/\"}}]}<\/script>\n<!-- \/ Yoast SEO plugin. -->","yoast_head_json":{"title":"Roadster Air bustent gonflable - Eurotrail | The way we camp!","description":"Bustent gonflable id\u00e9al (hauteur de connexion 180-210cm). Le Roadster est une tente autoportante compacte qui est install\u00e9e parall\u00e8lement au bus.","robots":{"index":"index","follow":"follow","max-snippet":"max-snippet:-1","max-image-preview":"max-image-preview:large","max-video-preview":"max-video-preview:-1"},"canonical":"https:\/\/eurotrail.info\/fr\/producten\/caravane-camping-car-bus\/tentes-de-bus\/roadster-air-bustent-gonflable\/","og_locale":"fr_FR","og_type":"article","og_title":"Roadster Air bustent gonflable - Eurotrail | The way we camp!","og_description":"Bustent gonflable id\u00e9al (hauteur de connexion 180-210cm). Le Roadster est une tente autoportante compacte qui est install\u00e9e parall\u00e8lement au bus.","og_url":"https:\/\/eurotrail.info\/fr\/producten\/caravane-camping-car-bus\/tentes-de-bus\/roadster-air-bustent-gonflable\/","og_site_name":"Eurotrail | The way we camp!","og_image":[{"width":1280,"height":917,"url":"https:\/\/eurotrail.info\/wp\/wp-content\/uploads\/2023\/12\/ETCT0188-Roadster-Air-Set01-24-1280x917.jpg","type":"image\/jpeg"}],"twitter_card":"summary_large_image","twitter_misc":{"Dur\u00e9e de lecture estim\u00e9e":"1 minute"},"schema":{"@context":"https:\/\/schema.org","@graph":[{"@type":"WebPage","@id":"https:\/\/eurotrail.info\/fr\/producten\/caravane-camping-car-bus\/tentes-de-bus\/roadster-air-bustent-gonflable\/","url":"https:\/\/eurotrail.info\/fr\/producten\/caravane-camping-car-bus\/tentes-de-bus\/roadster-air-bustent-gonflable\/","name":"Roadster Air bustent gonflable - Eurotrail | The way we camp!","isPartOf":{"@id":"https:\/\/eurotrail.info\/#website"},"primaryImageOfPage":{"@id":"https:\/\/eurotrail.info\/fr\/producten\/caravane-camping-car-bus\/tentes-de-bus\/roadster-air-bustent-gonflable\/#primaryimage"},"image":{"@id":"https:\/\/eurotrail.info\/fr\/producten\/caravane-camping-car-bus\/tentes-de-bus\/roadster-air-bustent-gonflable\/#primaryimage"},"thumbnailUrl":"https:\/\/eurotrail.info\/wp\/wp-content\/uploads\/2023\/12\/ETCT0188-Roadster-Air-Set01-24-scaled.jpg","datePublished":"2023-12-06T15:52:59+00:00","description":"Bustent gonflable id\u00e9al (hauteur de connexion 180-210cm). Le Roadster est une tente autoportante compacte qui est install\u00e9e parall\u00e8lement au bus.","breadcrumb":{"@id":"https:\/\/eurotrail.info\/fr\/producten\/caravane-camping-car-bus\/tentes-de-bus\/roadster-air-bustent-gonflable\/#breadcrumb"},"inLanguage":"fr-FR","potentialAction":[{"@type":"ReadAction","target":["https:\/\/eurotrail.info\/fr\/producten\/caravane-camping-car-bus\/tentes-de-bus\/roadster-air-bustent-gonflable\/"]}]},{"@type":"ImageObject","inLanguage":"fr-FR","@id":"https:\/\/eurotrail.info\/fr\/producten\/caravane-camping-car-bus\/tentes-de-bus\/roadster-air-bustent-gonflable\/#primaryimage","url":"https:\/\/eurotrail.info\/wp\/wp-content\/uploads\/2023\/12\/ETCT0188-Roadster-Air-Set01-24-scaled.jpg","contentUrl":"https:\/\/eurotrail.info\/wp\/wp-content\/uploads\/2023\/12\/ETCT0188-Roadster-Air-Set01-24-scaled.jpg","width":2560,"height":1833,"caption":"). De Roadster is een compacte vrijstaande tent die parallel aan de bus wordt opgesteld"},{"@type":"BreadcrumbList","@id":"https:\/\/eurotrail.info\/fr\/producten\/caravane-camping-car-bus\/tentes-de-bus\/roadster-air-bustent-gonflable\/#breadcrumb","itemListElement":[{"@type":"ListItem","position":1,"name":"Home","item":"https:\/\/eurotrail.info\/fr\/"},{"@type":"ListItem","position":2,"name":"Produits","item":"https:\/\/eurotrail.info\/fr\/produits\/"},{"@type":"ListItem","position":3,"name":"Roadster Air bustent gonflable"}]},{"@type":"WebSite","@id":"https:\/\/eurotrail.info\/#website","url":"https:\/\/eurotrail.info\/","name":"Eurotrail | The way we camp!","description":"","publisher":{"@id":"https:\/\/eurotrail.info\/#organization"},"potentialAction":[{"@type":"SearchAction","target":{"@type":"EntryPoint","urlTemplate":"https:\/\/eurotrail.info\/?s={search_term_string}"},"query-input":{"@type":"PropertyValueSpecification","valueRequired":true,"valueName":"search_term_string"}}],"inLanguage":"fr-FR"},{"@type":"Organization","@id":"https:\/\/eurotrail.info\/#organization","name":"Eurotrail | The way we camp!","url":"https:\/\/eurotrail.info\/","logo":{"@type":"ImageObject","inLanguage":"fr-FR","@id":"https:\/\/eurotrail.info\/#\/schema\/logo\/image\/","url":"https:\/\/eurotrail.info\/wp\/wp-content\/uploads\/2023\/07\/ET-logo-quote_NL-scaled.jpg","contentUrl":"https:\/\/eurotrail.info\/wp\/wp-content\/uploads\/2023\/07\/ET-logo-quote_NL-scaled.jpg","width":2560,"height":675,"caption":"Eurotrail | The way we camp!"},"image":{"@id":"https:\/\/eurotrail.info\/#\/schema\/logo\/image\/"}}]}},"_links":{"self":[{"href":"https:\/\/eurotrail.info\/fr\/wp-json\/wp\/v2\/product\/22274","targetHints":{"allow":["GET"]}}],"collection":[{"href":"https:\/\/eurotrail.info\/fr\/wp-json\/wp\/v2\/product"}],"about":[{"href":"https:\/\/eurotrail.info\/fr\/wp-json\/wp\/v2\/types\/product"}],"replies":[{"embeddable":true,"href":"https:\/\/eurotrail.info\/fr\/wp-json\/wp\/v2\/comments?post=22274"}],"wp:featuredmedia":[{"embeddable":true,"href":"https:\/\/eurotrail.info\/fr\/wp-json\/wp\/v2\/media\/22269"}],"wp:attachment":[{"href":"https:\/\/eurotrail.info\/fr\/wp-json\/wp\/v2\/media?parent=22274"}],"wp:term":[{"taxonomy":"product_brand","embeddable":true,"href":"https:\/\/eurotrail.info\/fr\/wp-json\/wp\/v2\/product_brand?post=22274"},{"taxonomy":"product_cat","embeddable":true,"href":"https:\/\/eurotrail.info\/fr\/wp-json\/wp\/v2\/product_cat?post=22274"},{"taxonomy":"product_tag","embeddable":true,"href":"https:\/\/eurotrail.info\/fr\/wp-json\/wp\/v2\/product_tag?post=22274"}],"curies":[{"name":"wp","href":"https:\/\/api.w.org\/{rel}","templated":true}]}}