{"id":22296,"date":"2023-12-06T15:42:32","date_gmt":"2024-01-12T15:00:21","guid":{"rendered":"https:\/\/eurotrail.info\/?post_type=product&#038;p=22296"},"modified":"2024-01-12T16:00:21","modified_gmt":"2024-01-12T15:00:21","slug":"lampe-anti-moustique-rechargeable","status":"publish","type":"product","link":"https:\/\/eurotrail.info\/fr\/producten\/articles-menagers\/lampe-moustique\/lampe-anti-moustique-rechargeable\/","title":{"rendered":"Lampe anti-moustique rechargeable"},"content":{"rendered":"<p>Lampe anti-moustique compacte mais tr\u00e8s efficace. Cette lampe est rechargeable et apr\u00e8s une charge compl\u00e8te, la lampe fonctionne jusqu&#8217;\u00e0 16 heures. La lampe \u00e9met une forte lumi\u00e8re ultraviolette qui attire les moustiques dans une large zone. Il y a une grille de tension \u00e0 l&#8217;int\u00e9rieur qui \u00e9limine les moustiques. Il y a un bac de collecte amovible en bas. Enti\u00e8rement rechargeable avec le c\u00e2ble de chargement USB type C inclus.<\/p>\n<p>Mat\u00e9riel:ABS<br \/>\nLumi\u00e8re : tube LED UV-A<br \/>\nBatterie : 3,7 V 5 000 mAh, batterie au lithium 18650.<br \/>\nDimensions : \u00d8 12 x 25 cm<br \/>\nPoids : 550 gr.<br \/>\nRecharge : DC 5 V USB type C.<br \/>\nTemps d&#8217;utilisation : 14-16 heures.<br \/>\nTemps de charge : 5 \u00e0 7 heures.<\/p>\n","protected":false},"excerpt":{"rendered":"<p>Lampe anti-moustique compacte mais tr\u00e8s efficace. Cette lampe est rechargeable et apr\u00e8s une charge compl\u00e8te, la lampe fonctionne jusqu&#8217;\u00e0 16 heures. La lampe \u00e9met une&hellip;<\/p>\n","protected":false},"featured_media":22078,"comment_status":"open","ping_status":"closed","template":"","meta":{"_acf_changed":false},"product_brand":[],"product_cat":[243,246],"product_tag":[],"class_list":{"0":"post-22296","1":"product","2":"type-product","3":"status-publish","4":"has-post-thumbnail","6":"product_cat-articles-menagers","7":"product_cat-lampe-moustique","9":"first","10":"instock","11":"shipping-taxable","12":"product-type-simple"},"acf":[],"yoast_head":"<!-- This site is optimized with the Yoast SEO plugin v27.3 - https:\/\/yoast.com\/product\/yoast-seo-wordpress\/ -->\n<title>Lampe anti-moustique rechargeable - Eurotrail | The way we camp!<\/title>\n<meta name=\"description\" content=\"Lampe anti-moustique compacte mais tr\u00e8s efficace. Cette lampe est rechargeable et apr\u00e8s une charge compl\u00e8te, la lampe fonctionne jusqu&#039;\u00e0 16 heures.\" \/>\n<meta name=\"robots\" content=\"index, follow, max-snippet:-1, max-image-preview:large, max-video-preview:-1\" \/>\n<link rel=\"canonical\" href=\"https:\/\/eurotrail.info\/producten\/huishoudelijk\/muggenlamp-oplaadbaar-anti-muggen-killerlamp\/muggenlamp-oplaadbaar-2\/\" \/>\n<meta property=\"og:locale\" content=\"fr_FR\" \/>\n<meta property=\"og:type\" content=\"article\" \/>\n<meta property=\"og:title\" content=\"Lampe anti-moustique rechargeable - Eurotrail | The way we camp!\" \/>\n<meta property=\"og:description\" content=\"Lampe anti-moustique compacte mais tr\u00e8s efficace. Cette lampe est rechargeable et apr\u00e8s une charge compl\u00e8te, la lampe fonctionne jusqu&#039;\u00e0 16 heures.\" \/>\n<meta property=\"og:url\" content=\"https:\/\/eurotrail.info\/producten\/huishoudelijk\/muggenlamp-oplaadbaar-anti-muggen-killerlamp\/muggenlamp-oplaadbaar-2\/\" \/>\n<meta property=\"og:site_name\" content=\"Eurotrail | The way we camp!\" \/>\n<meta property=\"og:image\" content=\"https:\/\/eurotrail.info\/wp\/wp-content\/uploads\/2023\/12\/muggenlamp-b-scaled.jpg\" \/>\n\t<meta property=\"og:image:width\" content=\"1322\" \/>\n\t<meta property=\"og:image:height\" content=\"2560\" \/>\n\t<meta property=\"og:image:type\" content=\"image\/jpeg\" \/>\n<meta name=\"twitter:card\" content=\"summary_large_image\" \/>\n<meta name=\"twitter:label1\" content=\"Dur\u00e9e de lecture estim\u00e9e\" \/>\n\t<meta name=\"twitter:data1\" content=\"1 minute\" \/>\n<script type=\"application\/ld+json\" class=\"yoast-schema-graph\">{\"@context\":\"https:\\\/\\\/schema.org\",\"@graph\":[{\"@type\":\"WebPage\",\"@id\":\"https:\\\/\\\/eurotrail.info\\\/producten\\\/huishoudelijk\\\/muggenlamp-oplaadbaar-anti-muggen-killerlamp\\\/muggenlamp-oplaadbaar-2\\\/\",\"url\":\"https:\\\/\\\/eurotrail.info\\\/producten\\\/huishoudelijk\\\/muggenlamp-oplaadbaar-anti-muggen-killerlamp\\\/muggenlamp-oplaadbaar-2\\\/\",\"name\":\"Lampe anti-moustique rechargeable - Eurotrail | The way we camp!\",\"isPartOf\":{\"@id\":\"https:\\\/\\\/eurotrail.info\\\/#website\"},\"primaryImageOfPage\":{\"@id\":\"https:\\\/\\\/eurotrail.info\\\/producten\\\/huishoudelijk\\\/muggenlamp-oplaadbaar-anti-muggen-killerlamp\\\/muggenlamp-oplaadbaar-2\\\/#primaryimage\"},\"image\":{\"@id\":\"https:\\\/\\\/eurotrail.info\\\/producten\\\/huishoudelijk\\\/muggenlamp-oplaadbaar-anti-muggen-killerlamp\\\/muggenlamp-oplaadbaar-2\\\/#primaryimage\"},\"thumbnailUrl\":\"https:\\\/\\\/eurotrail.info\\\/wp\\\/wp-content\\\/uploads\\\/2023\\\/12\\\/muggenlamp-b-scaled.jpg\",\"datePublished\":\"2024-01-12T15:00:21+00:00\",\"description\":\"Lampe anti-moustique compacte mais tr\u00e8s efficace. Cette lampe est rechargeable et apr\u00e8s une charge compl\u00e8te, la lampe fonctionne jusqu'\u00e0 16 heures.\",\"breadcrumb\":{\"@id\":\"https:\\\/\\\/eurotrail.info\\\/producten\\\/huishoudelijk\\\/muggenlamp-oplaadbaar-anti-muggen-killerlamp\\\/muggenlamp-oplaadbaar-2\\\/#breadcrumb\"},\"inLanguage\":\"fr-FR\",\"potentialAction\":[{\"@type\":\"ReadAction\",\"target\":[\"https:\\\/\\\/eurotrail.info\\\/producten\\\/huishoudelijk\\\/muggenlamp-oplaadbaar-anti-muggen-killerlamp\\\/muggenlamp-oplaadbaar-2\\\/\"]}]},{\"@type\":\"ImageObject\",\"inLanguage\":\"fr-FR\",\"@id\":\"https:\\\/\\\/eurotrail.info\\\/producten\\\/huishoudelijk\\\/muggenlamp-oplaadbaar-anti-muggen-killerlamp\\\/muggenlamp-oplaadbaar-2\\\/#primaryimage\",\"url\":\"https:\\\/\\\/eurotrail.info\\\/wp\\\/wp-content\\\/uploads\\\/2023\\\/12\\\/muggenlamp-b-scaled.jpg\",\"contentUrl\":\"https:\\\/\\\/eurotrail.info\\\/wp\\\/wp-content\\\/uploads\\\/2023\\\/12\\\/muggenlamp-b-scaled.jpg\",\"width\":1322,\"height\":2560,\"caption\":\"Compact maar zeer effectieve muggenlamp.\"},{\"@type\":\"BreadcrumbList\",\"@id\":\"https:\\\/\\\/eurotrail.info\\\/producten\\\/huishoudelijk\\\/muggenlamp-oplaadbaar-anti-muggen-killerlamp\\\/muggenlamp-oplaadbaar-2\\\/#breadcrumb\",\"itemListElement\":[{\"@type\":\"ListItem\",\"position\":1,\"name\":\"Home\",\"item\":\"https:\\\/\\\/eurotrail.info\\\/fr\\\/\"},{\"@type\":\"ListItem\",\"position\":2,\"name\":\"Produits\",\"item\":\"https:\\\/\\\/eurotrail.info\\\/fr\\\/produits\\\/\"},{\"@type\":\"ListItem\",\"position\":3,\"name\":\"Lampe anti-moustique rechargeable\"}]},{\"@type\":\"WebSite\",\"@id\":\"https:\\\/\\\/eurotrail.info\\\/#website\",\"url\":\"https:\\\/\\\/eurotrail.info\\\/\",\"name\":\"Eurotrail | The way we camp!\",\"description\":\"\",\"publisher\":{\"@id\":\"https:\\\/\\\/eurotrail.info\\\/#organization\"},\"potentialAction\":[{\"@type\":\"SearchAction\",\"target\":{\"@type\":\"EntryPoint\",\"urlTemplate\":\"https:\\\/\\\/eurotrail.info\\\/?s={search_term_string}\"},\"query-input\":{\"@type\":\"PropertyValueSpecification\",\"valueRequired\":true,\"valueName\":\"search_term_string\"}}],\"inLanguage\":\"fr-FR\"},{\"@type\":\"Organization\",\"@id\":\"https:\\\/\\\/eurotrail.info\\\/#organization\",\"name\":\"Eurotrail | The way we camp!\",\"url\":\"https:\\\/\\\/eurotrail.info\\\/\",\"logo\":{\"@type\":\"ImageObject\",\"inLanguage\":\"fr-FR\",\"@id\":\"https:\\\/\\\/eurotrail.info\\\/#\\\/schema\\\/logo\\\/image\\\/\",\"url\":\"https:\\\/\\\/eurotrail.info\\\/wp\\\/wp-content\\\/uploads\\\/2023\\\/07\\\/ET-logo-quote_NL-scaled.jpg\",\"contentUrl\":\"https:\\\/\\\/eurotrail.info\\\/wp\\\/wp-content\\\/uploads\\\/2023\\\/07\\\/ET-logo-quote_NL-scaled.jpg\",\"width\":2560,\"height\":675,\"caption\":\"Eurotrail | The way we camp!\"},\"image\":{\"@id\":\"https:\\\/\\\/eurotrail.info\\\/#\\\/schema\\\/logo\\\/image\\\/\"}}]}<\/script>\n<!-- \/ Yoast SEO plugin. -->","yoast_head_json":{"title":"Lampe anti-moustique rechargeable - Eurotrail | The way we camp!","description":"Lampe anti-moustique compacte mais tr\u00e8s efficace. Cette lampe est rechargeable et apr\u00e8s une charge compl\u00e8te, la lampe fonctionne jusqu'\u00e0 16 heures.","robots":{"index":"index","follow":"follow","max-snippet":"max-snippet:-1","max-image-preview":"max-image-preview:large","max-video-preview":"max-video-preview:-1"},"canonical":"https:\/\/eurotrail.info\/producten\/huishoudelijk\/muggenlamp-oplaadbaar-anti-muggen-killerlamp\/muggenlamp-oplaadbaar-2\/","og_locale":"fr_FR","og_type":"article","og_title":"Lampe anti-moustique rechargeable - Eurotrail | The way we camp!","og_description":"Lampe anti-moustique compacte mais tr\u00e8s efficace. Cette lampe est rechargeable et apr\u00e8s une charge compl\u00e8te, la lampe fonctionne jusqu'\u00e0 16 heures.","og_url":"https:\/\/eurotrail.info\/producten\/huishoudelijk\/muggenlamp-oplaadbaar-anti-muggen-killerlamp\/muggenlamp-oplaadbaar-2\/","og_site_name":"Eurotrail | The way we camp!","og_image":[{"width":1322,"height":2560,"url":"https:\/\/eurotrail.info\/wp\/wp-content\/uploads\/2023\/12\/muggenlamp-b-scaled.jpg","type":"image\/jpeg"}],"twitter_card":"summary_large_image","twitter_misc":{"Dur\u00e9e de lecture estim\u00e9e":"1 minute"},"schema":{"@context":"https:\/\/schema.org","@graph":[{"@type":"WebPage","@id":"https:\/\/eurotrail.info\/producten\/huishoudelijk\/muggenlamp-oplaadbaar-anti-muggen-killerlamp\/muggenlamp-oplaadbaar-2\/","url":"https:\/\/eurotrail.info\/producten\/huishoudelijk\/muggenlamp-oplaadbaar-anti-muggen-killerlamp\/muggenlamp-oplaadbaar-2\/","name":"Lampe anti-moustique rechargeable - Eurotrail | The way we camp!","isPartOf":{"@id":"https:\/\/eurotrail.info\/#website"},"primaryImageOfPage":{"@id":"https:\/\/eurotrail.info\/producten\/huishoudelijk\/muggenlamp-oplaadbaar-anti-muggen-killerlamp\/muggenlamp-oplaadbaar-2\/#primaryimage"},"image":{"@id":"https:\/\/eurotrail.info\/producten\/huishoudelijk\/muggenlamp-oplaadbaar-anti-muggen-killerlamp\/muggenlamp-oplaadbaar-2\/#primaryimage"},"thumbnailUrl":"https:\/\/eurotrail.info\/wp\/wp-content\/uploads\/2023\/12\/muggenlamp-b-scaled.jpg","datePublished":"2024-01-12T15:00:21+00:00","description":"Lampe anti-moustique compacte mais tr\u00e8s efficace. Cette lampe est rechargeable et apr\u00e8s une charge compl\u00e8te, la lampe fonctionne jusqu'\u00e0 16 heures.","breadcrumb":{"@id":"https:\/\/eurotrail.info\/producten\/huishoudelijk\/muggenlamp-oplaadbaar-anti-muggen-killerlamp\/muggenlamp-oplaadbaar-2\/#breadcrumb"},"inLanguage":"fr-FR","potentialAction":[{"@type":"ReadAction","target":["https:\/\/eurotrail.info\/producten\/huishoudelijk\/muggenlamp-oplaadbaar-anti-muggen-killerlamp\/muggenlamp-oplaadbaar-2\/"]}]},{"@type":"ImageObject","inLanguage":"fr-FR","@id":"https:\/\/eurotrail.info\/producten\/huishoudelijk\/muggenlamp-oplaadbaar-anti-muggen-killerlamp\/muggenlamp-oplaadbaar-2\/#primaryimage","url":"https:\/\/eurotrail.info\/wp\/wp-content\/uploads\/2023\/12\/muggenlamp-b-scaled.jpg","contentUrl":"https:\/\/eurotrail.info\/wp\/wp-content\/uploads\/2023\/12\/muggenlamp-b-scaled.jpg","width":1322,"height":2560,"caption":"Compact maar zeer effectieve muggenlamp."},{"@type":"BreadcrumbList","@id":"https:\/\/eurotrail.info\/producten\/huishoudelijk\/muggenlamp-oplaadbaar-anti-muggen-killerlamp\/muggenlamp-oplaadbaar-2\/#breadcrumb","itemListElement":[{"@type":"ListItem","position":1,"name":"Home","item":"https:\/\/eurotrail.info\/fr\/"},{"@type":"ListItem","position":2,"name":"Produits","item":"https:\/\/eurotrail.info\/fr\/produits\/"},{"@type":"ListItem","position":3,"name":"Lampe anti-moustique rechargeable"}]},{"@type":"WebSite","@id":"https:\/\/eurotrail.info\/#website","url":"https:\/\/eurotrail.info\/","name":"Eurotrail | The way we camp!","description":"","publisher":{"@id":"https:\/\/eurotrail.info\/#organization"},"potentialAction":[{"@type":"SearchAction","target":{"@type":"EntryPoint","urlTemplate":"https:\/\/eurotrail.info\/?s={search_term_string}"},"query-input":{"@type":"PropertyValueSpecification","valueRequired":true,"valueName":"search_term_string"}}],"inLanguage":"fr-FR"},{"@type":"Organization","@id":"https:\/\/eurotrail.info\/#organization","name":"Eurotrail | The way we camp!","url":"https:\/\/eurotrail.info\/","logo":{"@type":"ImageObject","inLanguage":"fr-FR","@id":"https:\/\/eurotrail.info\/#\/schema\/logo\/image\/","url":"https:\/\/eurotrail.info\/wp\/wp-content\/uploads\/2023\/07\/ET-logo-quote_NL-scaled.jpg","contentUrl":"https:\/\/eurotrail.info\/wp\/wp-content\/uploads\/2023\/07\/ET-logo-quote_NL-scaled.jpg","width":2560,"height":675,"caption":"Eurotrail | The way we camp!"},"image":{"@id":"https:\/\/eurotrail.info\/#\/schema\/logo\/image\/"}}]}},"_links":{"self":[{"href":"https:\/\/eurotrail.info\/fr\/wp-json\/wp\/v2\/product\/22296","targetHints":{"allow":["GET"]}}],"collection":[{"href":"https:\/\/eurotrail.info\/fr\/wp-json\/wp\/v2\/product"}],"about":[{"href":"https:\/\/eurotrail.info\/fr\/wp-json\/wp\/v2\/types\/product"}],"replies":[{"embeddable":true,"href":"https:\/\/eurotrail.info\/fr\/wp-json\/wp\/v2\/comments?post=22296"}],"wp:featuredmedia":[{"embeddable":true,"href":"https:\/\/eurotrail.info\/fr\/wp-json\/wp\/v2\/media\/22078"}],"wp:attachment":[{"href":"https:\/\/eurotrail.info\/fr\/wp-json\/wp\/v2\/media?parent=22296"}],"wp:term":[{"taxonomy":"product_brand","embeddable":true,"href":"https:\/\/eurotrail.info\/fr\/wp-json\/wp\/v2\/product_brand?post=22296"},{"taxonomy":"product_cat","embeddable":true,"href":"https:\/\/eurotrail.info\/fr\/wp-json\/wp\/v2\/product_cat?post=22296"},{"taxonomy":"product_tag","embeddable":true,"href":"https:\/\/eurotrail.info\/fr\/wp-json\/wp\/v2\/product_tag?post=22296"}],"curies":[{"name":"wp","href":"https:\/\/api.w.org\/{rel}","templated":true}]}}