{"id":22354,"date":"2024-01-15T11:01:27","date_gmt":"2024-01-15T10:05:08","guid":{"rendered":"https:\/\/eurotrail.info\/?post_type=product&#038;p=22354"},"modified":"2026-01-14T09:24:53","modified_gmt":"2026-01-14T08:24:53","slug":"marbella-chaise-de-plage","status":"publish","type":"product","link":"https:\/\/eurotrail.info\/fr\/producten\/meubles\/chaises-de-plage\/marbella-chaise-de-plage\/","title":{"rendered":"Marbella chaise de plage"},"content":{"rendered":"<p>Chaise de plage basse inclinable \u2013 Lit de plage confortable en aluminium<\/p>\n<p>Cette chaise de plage basse inclinable est id\u00e9ale pour se d\u00e9tendre confortablement \u00e0 la plage, au camping ou dans le jardin. Gr\u00e2ce \u00e0 son dossier r\u00e9glable sur 5 positions, vous pouvez facilement l&#8217;incliner compl\u00e8tement et la transformer en un lit de plage ou une chaise longue confortable.<\/p>\n<p>Sa faible hauteur d&#8217;assise de 25 cm permet une position d\u00e9tendue pr\u00e8s du sol, tandis que son assise g\u00e9n\u00e9reuse de 47 x 36 cm offre un confort optimal. Fabriqu\u00e9e en Textil\u00e8ne r\u00e9sistant et respirant, et dot\u00e9e d&#8217;une structure en aluminium robuste et l\u00e9g\u00e8re, cette chaise de plage est facile \u00e0 transporter et durable.<\/p>\n<p>Pour un confort accru, elle est \u00e9quip\u00e9e d&#8217;un appui-t\u00eate. Gr\u00e2ce \u00e0 ses bretelles, vous pouvez facilement la transporter sur votre dos jusqu&#8217;\u00e0 la plage, au parc ou au camping. Id\u00e9ale pour les amateurs de soleil recherchant confort, praticit\u00e9 et qualit\u00e9.<\/p>\n<ul>\n<li>Chaise de plage basse enti\u00e8rement inclinable<\/li>\n<li>Dossier r\u00e9glable (5 positions)<\/li>\n<li>Utilisable comme chaise longue ou lit de plage<\/li>\n<li>Structure l\u00e9g\u00e8re en aluminium<\/li>\n<li>M\u00e9tal Textil\u00e8ne respirant<\/li>\n<li>Appui-t\u00eate inclus<\/li>\n<li>Bandouli\u00e8re pour un transport facile<\/li>\n<\/ul>\n<p>Composition\u00a0: 100\u00a0% Textil\u00e8ne<br \/>\nStructure\u00a0: Aluminium \u00d8 22\/19\u00a0mm<br \/>\nDimensions\u00a0: 59\u00a0x\u00a050\u00a0x\u00a088\u00a0cm<br \/>\nDimensions pli\u00e9e\u00a0: 80\u00a0x\u00a059\u00a0x\u00a016\u00a0cm<br \/>\nPoids\u00a0: 3,75\u00a0kg<br \/>\nCharge maximale\u00a0: 100\u00a0kg<\/p>\n","protected":false},"excerpt":{"rendered":"<p>Chaise de plage basse inclinable \u2013 Lit de plage confortable en aluminium Cette chaise de plage basse inclinable est id\u00e9ale pour se d\u00e9tendre confortablement \u00e0&hellip;<\/p>\n","protected":false},"featured_media":22348,"comment_status":"open","ping_status":"closed","template":"","meta":{"_acf_changed":false},"product_brand":[],"product_cat":[256,253],"product_tag":[],"class_list":{"0":"post-22354","1":"product","2":"type-product","3":"status-publish","4":"has-post-thumbnail","6":"product_cat-chaises-de-plage","7":"product_cat-meubles","9":"first","10":"instock","11":"shipping-taxable","12":"product-type-simple"},"acf":[],"yoast_head":"<!-- This site is optimized with the Yoast SEO plugin v27.4 - https:\/\/yoast.com\/product\/yoast-seo-wordpress\/ -->\n<title>Marbella chaise de plage - Eurotrail | The way we camp!<\/title>\n<meta name=\"description\" content=\"Chaise de plage confortable avec position inclinable. Le dossier r\u00e9glable (5 fois) peut \u00eatre r\u00e9gl\u00e9 compl\u00e8tement vers l&#039;arri\u00e8re, cr\u00e9ant ainsi une sorte de chaise longue.\" \/>\n<meta name=\"robots\" content=\"index, follow, max-snippet:-1, max-image-preview:large, max-video-preview:-1\" \/>\n<link rel=\"canonical\" href=\"https:\/\/eurotrail.info\/fr\/producten\/meubles\/chaises-de-plage\/marbella-chaise-de-plage\/\" \/>\n<meta property=\"og:locale\" content=\"fr_FR\" \/>\n<meta property=\"og:type\" content=\"article\" \/>\n<meta property=\"og:title\" content=\"Marbella chaise de plage - Eurotrail | The way we camp!\" \/>\n<meta property=\"og:description\" content=\"Chaise de plage confortable avec position inclinable. Le dossier r\u00e9glable (5 fois) peut \u00eatre r\u00e9gl\u00e9 compl\u00e8tement vers l&#039;arri\u00e8re, cr\u00e9ant ainsi une sorte de chaise longue.\" \/>\n<meta property=\"og:url\" content=\"https:\/\/eurotrail.info\/fr\/producten\/meubles\/chaises-de-plage\/marbella-chaise-de-plage\/\" \/>\n<meta property=\"og:site_name\" content=\"Eurotrail | The way we camp!\" \/>\n<meta property=\"article:modified_time\" content=\"2026-01-14T08:24:53+00:00\" \/>\n<meta property=\"og:image\" content=\"https:\/\/eurotrail.info\/wp\/wp-content\/uploads\/2024\/01\/ETCF5038-Marbella-5900-24-scaled.jpg\" \/>\n\t<meta property=\"og:image:width\" content=\"2096\" \/>\n\t<meta property=\"og:image:height\" content=\"2560\" \/>\n\t<meta property=\"og:image:type\" content=\"image\/jpeg\" \/>\n<meta name=\"twitter:card\" content=\"summary_large_image\" \/>\n<meta name=\"twitter:label1\" content=\"Dur\u00e9e de lecture estim\u00e9e\" \/>\n\t<meta name=\"twitter:data1\" content=\"2 minutes\" \/>\n<script type=\"application\/ld+json\" class=\"yoast-schema-graph\">{\"@context\":\"https:\\\/\\\/schema.org\",\"@graph\":[{\"@type\":\"WebPage\",\"@id\":\"https:\\\/\\\/eurotrail.info\\\/fr\\\/producten\\\/meubles\\\/chaises-de-plage\\\/marbella-chaise-de-plage\\\/\",\"url\":\"https:\\\/\\\/eurotrail.info\\\/fr\\\/producten\\\/meubles\\\/chaises-de-plage\\\/marbella-chaise-de-plage\\\/\",\"name\":\"Marbella chaise de plage - Eurotrail | The way we camp!\",\"isPartOf\":{\"@id\":\"https:\\\/\\\/eurotrail.info\\\/#website\"},\"primaryImageOfPage\":{\"@id\":\"https:\\\/\\\/eurotrail.info\\\/fr\\\/producten\\\/meubles\\\/chaises-de-plage\\\/marbella-chaise-de-plage\\\/#primaryimage\"},\"image\":{\"@id\":\"https:\\\/\\\/eurotrail.info\\\/fr\\\/producten\\\/meubles\\\/chaises-de-plage\\\/marbella-chaise-de-plage\\\/#primaryimage\"},\"thumbnailUrl\":\"https:\\\/\\\/eurotrail.info\\\/wp\\\/wp-content\\\/uploads\\\/2024\\\/01\\\/ETCF5038-Marbella-5900-24-scaled.jpg\",\"datePublished\":\"2024-01-15T10:05:08+00:00\",\"dateModified\":\"2026-01-14T08:24:53+00:00\",\"description\":\"Chaise de plage confortable avec position inclinable. Le dossier r\u00e9glable (5 fois) peut \u00eatre r\u00e9gl\u00e9 compl\u00e8tement vers l'arri\u00e8re, cr\u00e9ant ainsi une sorte de chaise longue.\",\"breadcrumb\":{\"@id\":\"https:\\\/\\\/eurotrail.info\\\/fr\\\/producten\\\/meubles\\\/chaises-de-plage\\\/marbella-chaise-de-plage\\\/#breadcrumb\"},\"inLanguage\":\"fr-FR\",\"potentialAction\":[{\"@type\":\"ReadAction\",\"target\":[\"https:\\\/\\\/eurotrail.info\\\/fr\\\/producten\\\/meubles\\\/chaises-de-plage\\\/marbella-chaise-de-plage\\\/\"]}]},{\"@type\":\"ImageObject\",\"inLanguage\":\"fr-FR\",\"@id\":\"https:\\\/\\\/eurotrail.info\\\/fr\\\/producten\\\/meubles\\\/chaises-de-plage\\\/marbella-chaise-de-plage\\\/#primaryimage\",\"url\":\"https:\\\/\\\/eurotrail.info\\\/wp\\\/wp-content\\\/uploads\\\/2024\\\/01\\\/ETCF5038-Marbella-5900-24-scaled.jpg\",\"contentUrl\":\"https:\\\/\\\/eurotrail.info\\\/wp\\\/wp-content\\\/uploads\\\/2024\\\/01\\\/ETCF5038-Marbella-5900-24-scaled.jpg\",\"width\":2096,\"height\":2560,\"caption\":\"Comfortabele strandstoel met ligstand.\"},{\"@type\":\"BreadcrumbList\",\"@id\":\"https:\\\/\\\/eurotrail.info\\\/fr\\\/producten\\\/meubles\\\/chaises-de-plage\\\/marbella-chaise-de-plage\\\/#breadcrumb\",\"itemListElement\":[{\"@type\":\"ListItem\",\"position\":1,\"name\":\"Home\",\"item\":\"https:\\\/\\\/eurotrail.info\\\/fr\\\/\"},{\"@type\":\"ListItem\",\"position\":2,\"name\":\"Produits\",\"item\":\"https:\\\/\\\/eurotrail.info\\\/fr\\\/produits\\\/\"},{\"@type\":\"ListItem\",\"position\":3,\"name\":\"Marbella chaise de plage\"}]},{\"@type\":\"WebSite\",\"@id\":\"https:\\\/\\\/eurotrail.info\\\/#website\",\"url\":\"https:\\\/\\\/eurotrail.info\\\/\",\"name\":\"Eurotrail | The way we camp!\",\"description\":\"\",\"publisher\":{\"@id\":\"https:\\\/\\\/eurotrail.info\\\/#organization\"},\"potentialAction\":[{\"@type\":\"SearchAction\",\"target\":{\"@type\":\"EntryPoint\",\"urlTemplate\":\"https:\\\/\\\/eurotrail.info\\\/?s={search_term_string}\"},\"query-input\":{\"@type\":\"PropertyValueSpecification\",\"valueRequired\":true,\"valueName\":\"search_term_string\"}}],\"inLanguage\":\"fr-FR\"},{\"@type\":\"Organization\",\"@id\":\"https:\\\/\\\/eurotrail.info\\\/#organization\",\"name\":\"Eurotrail | The way we camp!\",\"url\":\"https:\\\/\\\/eurotrail.info\\\/\",\"logo\":{\"@type\":\"ImageObject\",\"inLanguage\":\"fr-FR\",\"@id\":\"https:\\\/\\\/eurotrail.info\\\/#\\\/schema\\\/logo\\\/image\\\/\",\"url\":\"https:\\\/\\\/eurotrail.info\\\/wp\\\/wp-content\\\/uploads\\\/2023\\\/07\\\/ET-logo-quote_NL-scaled.jpg\",\"contentUrl\":\"https:\\\/\\\/eurotrail.info\\\/wp\\\/wp-content\\\/uploads\\\/2023\\\/07\\\/ET-logo-quote_NL-scaled.jpg\",\"width\":2560,\"height\":675,\"caption\":\"Eurotrail | The way we camp!\"},\"image\":{\"@id\":\"https:\\\/\\\/eurotrail.info\\\/#\\\/schema\\\/logo\\\/image\\\/\"}}]}<\/script>\n<!-- \/ Yoast SEO plugin. -->","yoast_head_json":{"title":"Marbella chaise de plage - Eurotrail | The way we camp!","description":"Chaise de plage confortable avec position inclinable. Le dossier r\u00e9glable (5 fois) peut \u00eatre r\u00e9gl\u00e9 compl\u00e8tement vers l'arri\u00e8re, cr\u00e9ant ainsi une sorte de chaise longue.","robots":{"index":"index","follow":"follow","max-snippet":"max-snippet:-1","max-image-preview":"max-image-preview:large","max-video-preview":"max-video-preview:-1"},"canonical":"https:\/\/eurotrail.info\/fr\/producten\/meubles\/chaises-de-plage\/marbella-chaise-de-plage\/","og_locale":"fr_FR","og_type":"article","og_title":"Marbella chaise de plage - Eurotrail | The way we camp!","og_description":"Chaise de plage confortable avec position inclinable. Le dossier r\u00e9glable (5 fois) peut \u00eatre r\u00e9gl\u00e9 compl\u00e8tement vers l'arri\u00e8re, cr\u00e9ant ainsi une sorte de chaise longue.","og_url":"https:\/\/eurotrail.info\/fr\/producten\/meubles\/chaises-de-plage\/marbella-chaise-de-plage\/","og_site_name":"Eurotrail | The way we camp!","article_modified_time":"2026-01-14T08:24:53+00:00","og_image":[{"width":2096,"height":2560,"url":"https:\/\/eurotrail.info\/wp\/wp-content\/uploads\/2024\/01\/ETCF5038-Marbella-5900-24-scaled.jpg","type":"image\/jpeg"}],"twitter_card":"summary_large_image","twitter_misc":{"Dur\u00e9e de lecture estim\u00e9e":"2 minutes"},"schema":{"@context":"https:\/\/schema.org","@graph":[{"@type":"WebPage","@id":"https:\/\/eurotrail.info\/fr\/producten\/meubles\/chaises-de-plage\/marbella-chaise-de-plage\/","url":"https:\/\/eurotrail.info\/fr\/producten\/meubles\/chaises-de-plage\/marbella-chaise-de-plage\/","name":"Marbella chaise de plage - Eurotrail | The way we camp!","isPartOf":{"@id":"https:\/\/eurotrail.info\/#website"},"primaryImageOfPage":{"@id":"https:\/\/eurotrail.info\/fr\/producten\/meubles\/chaises-de-plage\/marbella-chaise-de-plage\/#primaryimage"},"image":{"@id":"https:\/\/eurotrail.info\/fr\/producten\/meubles\/chaises-de-plage\/marbella-chaise-de-plage\/#primaryimage"},"thumbnailUrl":"https:\/\/eurotrail.info\/wp\/wp-content\/uploads\/2024\/01\/ETCF5038-Marbella-5900-24-scaled.jpg","datePublished":"2024-01-15T10:05:08+00:00","dateModified":"2026-01-14T08:24:53+00:00","description":"Chaise de plage confortable avec position inclinable. Le dossier r\u00e9glable (5 fois) peut \u00eatre r\u00e9gl\u00e9 compl\u00e8tement vers l'arri\u00e8re, cr\u00e9ant ainsi une sorte de chaise longue.","breadcrumb":{"@id":"https:\/\/eurotrail.info\/fr\/producten\/meubles\/chaises-de-plage\/marbella-chaise-de-plage\/#breadcrumb"},"inLanguage":"fr-FR","potentialAction":[{"@type":"ReadAction","target":["https:\/\/eurotrail.info\/fr\/producten\/meubles\/chaises-de-plage\/marbella-chaise-de-plage\/"]}]},{"@type":"ImageObject","inLanguage":"fr-FR","@id":"https:\/\/eurotrail.info\/fr\/producten\/meubles\/chaises-de-plage\/marbella-chaise-de-plage\/#primaryimage","url":"https:\/\/eurotrail.info\/wp\/wp-content\/uploads\/2024\/01\/ETCF5038-Marbella-5900-24-scaled.jpg","contentUrl":"https:\/\/eurotrail.info\/wp\/wp-content\/uploads\/2024\/01\/ETCF5038-Marbella-5900-24-scaled.jpg","width":2096,"height":2560,"caption":"Comfortabele strandstoel met ligstand."},{"@type":"BreadcrumbList","@id":"https:\/\/eurotrail.info\/fr\/producten\/meubles\/chaises-de-plage\/marbella-chaise-de-plage\/#breadcrumb","itemListElement":[{"@type":"ListItem","position":1,"name":"Home","item":"https:\/\/eurotrail.info\/fr\/"},{"@type":"ListItem","position":2,"name":"Produits","item":"https:\/\/eurotrail.info\/fr\/produits\/"},{"@type":"ListItem","position":3,"name":"Marbella chaise de plage"}]},{"@type":"WebSite","@id":"https:\/\/eurotrail.info\/#website","url":"https:\/\/eurotrail.info\/","name":"Eurotrail | The way we camp!","description":"","publisher":{"@id":"https:\/\/eurotrail.info\/#organization"},"potentialAction":[{"@type":"SearchAction","target":{"@type":"EntryPoint","urlTemplate":"https:\/\/eurotrail.info\/?s={search_term_string}"},"query-input":{"@type":"PropertyValueSpecification","valueRequired":true,"valueName":"search_term_string"}}],"inLanguage":"fr-FR"},{"@type":"Organization","@id":"https:\/\/eurotrail.info\/#organization","name":"Eurotrail | The way we camp!","url":"https:\/\/eurotrail.info\/","logo":{"@type":"ImageObject","inLanguage":"fr-FR","@id":"https:\/\/eurotrail.info\/#\/schema\/logo\/image\/","url":"https:\/\/eurotrail.info\/wp\/wp-content\/uploads\/2023\/07\/ET-logo-quote_NL-scaled.jpg","contentUrl":"https:\/\/eurotrail.info\/wp\/wp-content\/uploads\/2023\/07\/ET-logo-quote_NL-scaled.jpg","width":2560,"height":675,"caption":"Eurotrail | The way we camp!"},"image":{"@id":"https:\/\/eurotrail.info\/#\/schema\/logo\/image\/"}}]}},"_links":{"self":[{"href":"https:\/\/eurotrail.info\/fr\/wp-json\/wp\/v2\/product\/22354","targetHints":{"allow":["GET"]}}],"collection":[{"href":"https:\/\/eurotrail.info\/fr\/wp-json\/wp\/v2\/product"}],"about":[{"href":"https:\/\/eurotrail.info\/fr\/wp-json\/wp\/v2\/types\/product"}],"replies":[{"embeddable":true,"href":"https:\/\/eurotrail.info\/fr\/wp-json\/wp\/v2\/comments?post=22354"}],"wp:featuredmedia":[{"embeddable":true,"href":"https:\/\/eurotrail.info\/fr\/wp-json\/wp\/v2\/media\/22348"}],"wp:attachment":[{"href":"https:\/\/eurotrail.info\/fr\/wp-json\/wp\/v2\/media?parent=22354"}],"wp:term":[{"taxonomy":"product_brand","embeddable":true,"href":"https:\/\/eurotrail.info\/fr\/wp-json\/wp\/v2\/product_brand?post=22354"},{"taxonomy":"product_cat","embeddable":true,"href":"https:\/\/eurotrail.info\/fr\/wp-json\/wp\/v2\/product_cat?post=22354"},{"taxonomy":"product_tag","embeddable":true,"href":"https:\/\/eurotrail.info\/fr\/wp-json\/wp\/v2\/product_tag?post=22354"}],"curies":[{"name":"wp","href":"https:\/\/api.w.org\/{rel}","templated":true}]}}