{"id":22670,"date":"2025-01-27T13:12:05","date_gmt":"2025-01-27T12:16:48","guid":{"rendered":"https:\/\/eurotrail.info\/?post_type=product&#038;p=22670"},"modified":"2025-03-21T09:52:59","modified_gmt":"2025-03-21T08:52:59","slug":"autun-chaise-pliable-3d-mesh","status":"publish","type":"product","link":"https:\/\/eurotrail.info\/fr\/producten\/meubles\/chaises-pliantes\/autun-chaise-pliable-3d-mesh\/","title":{"rendered":"Autun chaise pliable 3D-Mesh"},"content":{"rendered":"<p>Chaise de camping pliable avec dossier r\u00e9glable<\/p>\n<p>Les amateurs de camping et d&#8217;activit\u00e9s de plein air doivent se m\u00e9fier : la derni\u00e8re chaise de camping pliable allie confort et fonctionnalit\u00e9 dans un design intelligent. Gr\u00e2ce au dossier r\u00e9glable, la chaise peut \u00eatre plac\u00e9e en position verticale ou inclin\u00e9e, ce qui est id\u00e9al dans toutes les situations &#8211; de l&#8217;assise active \u00e0 la relaxation ultime.<\/p>\n<p>La housse de l&#8217;assise est fabriqu\u00e9e \u00e0 partir d&#8217;un mat\u00e9riau en maille d&#8217;air rembourr\u00e9 de haute qualit\u00e9, garantissant une assise respirante et confortable, m\u00eame lorsqu&#8217;il fait chaud. La chaise est enti\u00e8rement pliable et est livr\u00e9e avec une pochette pratique munie d&#8217;une sangle de transport, ce qui permet de l&#8217;emporter facilement au camping, dans le jardin ou lors d&#8217;une excursion.<\/p>\n<p>Tissu : 100 % polyester mesh 3D<br \/>\nCadre : tube ovale en aluminium 32 x 20 mm<br \/>\nDimensions : 61 x 75 x 110 cm<br \/>\nPli\u00e9 : 91 x 24 x 13 cm<br \/>\nPoids : 4,6 kg.<br \/>\nCharge max. : 120 kg<\/p>\n","protected":false},"excerpt":{"rendered":"<p>Chaise de camping pliable avec dossier r\u00e9glable Les amateurs de camping et d&#8217;activit\u00e9s de plein air doivent se m\u00e9fier : la derni\u00e8re chaise de camping&hellip;<\/p>\n","protected":false},"featured_media":22636,"comment_status":"open","ping_status":"closed","template":"","meta":{"_acf_changed":false},"product_brand":[],"product_cat":[255,253],"product_tag":[],"class_list":{"0":"post-22670","1":"product","2":"type-product","3":"status-publish","4":"has-post-thumbnail","6":"product_cat-chaises-pliantes","7":"product_cat-meubles","9":"first","10":"instock","11":"shipping-taxable","12":"product-type-simple"},"acf":[],"yoast_head":"<!-- This site is optimized with the Yoast SEO plugin v27.3 - https:\/\/yoast.com\/product\/yoast-seo-wordpress\/ -->\n<title>Autun chaise pliable 3D-Mesh - Eurotrail | The way we camp!<\/title>\n<meta name=\"description\" content=\"Chaise de camping pliable avec filet 3D respirant. Le dossier haut est r\u00e9glable 5 fois pour obtenir la position assise souhait\u00e9e.\" \/>\n<meta name=\"robots\" content=\"index, follow, max-snippet:-1, max-image-preview:large, max-video-preview:-1\" \/>\n<link rel=\"canonical\" href=\"https:\/\/eurotrail.info\/fr\/producten\/meubles\/chaises-pliantes\/autun-chaise-pliable-3d-mesh\/\" \/>\n<meta property=\"og:locale\" content=\"fr_FR\" \/>\n<meta property=\"og:type\" content=\"article\" \/>\n<meta property=\"og:title\" content=\"Autun chaise pliable 3D-Mesh - Eurotrail | The way we camp!\" \/>\n<meta property=\"og:description\" content=\"Chaise de camping pliable avec filet 3D respirant. Le dossier haut est r\u00e9glable 5 fois pour obtenir la position assise souhait\u00e9e.\" \/>\n<meta property=\"og:url\" content=\"https:\/\/eurotrail.info\/fr\/producten\/meubles\/chaises-pliantes\/autun-chaise-pliable-3d-mesh\/\" \/>\n<meta property=\"og:site_name\" content=\"Eurotrail | The way we camp!\" \/>\n<meta property=\"article:modified_time\" content=\"2025-03-21T08:52:59+00:00\" \/>\n<meta property=\"og:image\" content=\"https:\/\/eurotrail.info\/wp\/wp-content\/uploads\/2025\/01\/ETCF1631-Autun-1-scaled.jpg\" \/>\n\t<meta property=\"og:image:width\" content=\"1646\" \/>\n\t<meta property=\"og:image:height\" content=\"2560\" \/>\n\t<meta property=\"og:image:type\" content=\"image\/jpeg\" \/>\n<meta name=\"twitter:card\" content=\"summary_large_image\" \/>\n<meta name=\"twitter:label1\" content=\"Dur\u00e9e de lecture estim\u00e9e\" \/>\n\t<meta name=\"twitter:data1\" content=\"1 minute\" \/>\n<script type=\"application\/ld+json\" class=\"yoast-schema-graph\">{\"@context\":\"https:\\\/\\\/schema.org\",\"@graph\":[{\"@type\":\"WebPage\",\"@id\":\"https:\\\/\\\/eurotrail.info\\\/fr\\\/producten\\\/meubles\\\/chaises-pliantes\\\/autun-chaise-pliable-3d-mesh\\\/\",\"url\":\"https:\\\/\\\/eurotrail.info\\\/fr\\\/producten\\\/meubles\\\/chaises-pliantes\\\/autun-chaise-pliable-3d-mesh\\\/\",\"name\":\"Autun chaise pliable 3D-Mesh - Eurotrail | The way we camp!\",\"isPartOf\":{\"@id\":\"https:\\\/\\\/eurotrail.info\\\/#website\"},\"primaryImageOfPage\":{\"@id\":\"https:\\\/\\\/eurotrail.info\\\/fr\\\/producten\\\/meubles\\\/chaises-pliantes\\\/autun-chaise-pliable-3d-mesh\\\/#primaryimage\"},\"image\":{\"@id\":\"https:\\\/\\\/eurotrail.info\\\/fr\\\/producten\\\/meubles\\\/chaises-pliantes\\\/autun-chaise-pliable-3d-mesh\\\/#primaryimage\"},\"thumbnailUrl\":\"https:\\\/\\\/eurotrail.info\\\/wp\\\/wp-content\\\/uploads\\\/2025\\\/01\\\/ETCF1631-Autun-1-scaled.jpg\",\"datePublished\":\"2025-01-27T12:16:48+00:00\",\"dateModified\":\"2025-03-21T08:52:59+00:00\",\"description\":\"Chaise de camping pliable avec filet 3D respirant. Le dossier haut est r\u00e9glable 5 fois pour obtenir la position assise souhait\u00e9e.\",\"breadcrumb\":{\"@id\":\"https:\\\/\\\/eurotrail.info\\\/fr\\\/producten\\\/meubles\\\/chaises-pliantes\\\/autun-chaise-pliable-3d-mesh\\\/#breadcrumb\"},\"inLanguage\":\"fr-FR\",\"potentialAction\":[{\"@type\":\"ReadAction\",\"target\":[\"https:\\\/\\\/eurotrail.info\\\/fr\\\/producten\\\/meubles\\\/chaises-pliantes\\\/autun-chaise-pliable-3d-mesh\\\/\"]}]},{\"@type\":\"ImageObject\",\"inLanguage\":\"fr-FR\",\"@id\":\"https:\\\/\\\/eurotrail.info\\\/fr\\\/producten\\\/meubles\\\/chaises-pliantes\\\/autun-chaise-pliable-3d-mesh\\\/#primaryimage\",\"url\":\"https:\\\/\\\/eurotrail.info\\\/wp\\\/wp-content\\\/uploads\\\/2025\\\/01\\\/ETCF1631-Autun-1-scaled.jpg\",\"contentUrl\":\"https:\\\/\\\/eurotrail.info\\\/wp\\\/wp-content\\\/uploads\\\/2025\\\/01\\\/ETCF1631-Autun-1-scaled.jpg\",\"width\":1646,\"height\":2560,\"caption\":\"Opvouwbare kampeerstoel voorzien van het ademende 3D mesh.\"},{\"@type\":\"BreadcrumbList\",\"@id\":\"https:\\\/\\\/eurotrail.info\\\/fr\\\/producten\\\/meubles\\\/chaises-pliantes\\\/autun-chaise-pliable-3d-mesh\\\/#breadcrumb\",\"itemListElement\":[{\"@type\":\"ListItem\",\"position\":1,\"name\":\"Home\",\"item\":\"https:\\\/\\\/eurotrail.info\\\/fr\\\/\"},{\"@type\":\"ListItem\",\"position\":2,\"name\":\"Produits\",\"item\":\"https:\\\/\\\/eurotrail.info\\\/fr\\\/produits\\\/\"},{\"@type\":\"ListItem\",\"position\":3,\"name\":\"Autun chaise pliable 3D-Mesh\"}]},{\"@type\":\"WebSite\",\"@id\":\"https:\\\/\\\/eurotrail.info\\\/#website\",\"url\":\"https:\\\/\\\/eurotrail.info\\\/\",\"name\":\"Eurotrail | The way we camp!\",\"description\":\"\",\"publisher\":{\"@id\":\"https:\\\/\\\/eurotrail.info\\\/#organization\"},\"potentialAction\":[{\"@type\":\"SearchAction\",\"target\":{\"@type\":\"EntryPoint\",\"urlTemplate\":\"https:\\\/\\\/eurotrail.info\\\/?s={search_term_string}\"},\"query-input\":{\"@type\":\"PropertyValueSpecification\",\"valueRequired\":true,\"valueName\":\"search_term_string\"}}],\"inLanguage\":\"fr-FR\"},{\"@type\":\"Organization\",\"@id\":\"https:\\\/\\\/eurotrail.info\\\/#organization\",\"name\":\"Eurotrail | The way we camp!\",\"url\":\"https:\\\/\\\/eurotrail.info\\\/\",\"logo\":{\"@type\":\"ImageObject\",\"inLanguage\":\"fr-FR\",\"@id\":\"https:\\\/\\\/eurotrail.info\\\/#\\\/schema\\\/logo\\\/image\\\/\",\"url\":\"https:\\\/\\\/eurotrail.info\\\/wp\\\/wp-content\\\/uploads\\\/2023\\\/07\\\/ET-logo-quote_NL-scaled.jpg\",\"contentUrl\":\"https:\\\/\\\/eurotrail.info\\\/wp\\\/wp-content\\\/uploads\\\/2023\\\/07\\\/ET-logo-quote_NL-scaled.jpg\",\"width\":2560,\"height\":675,\"caption\":\"Eurotrail | The way we camp!\"},\"image\":{\"@id\":\"https:\\\/\\\/eurotrail.info\\\/#\\\/schema\\\/logo\\\/image\\\/\"}}]}<\/script>\n<!-- \/ Yoast SEO plugin. -->","yoast_head_json":{"title":"Autun chaise pliable 3D-Mesh - Eurotrail | The way we camp!","description":"Chaise de camping pliable avec filet 3D respirant. Le dossier haut est r\u00e9glable 5 fois pour obtenir la position assise souhait\u00e9e.","robots":{"index":"index","follow":"follow","max-snippet":"max-snippet:-1","max-image-preview":"max-image-preview:large","max-video-preview":"max-video-preview:-1"},"canonical":"https:\/\/eurotrail.info\/fr\/producten\/meubles\/chaises-pliantes\/autun-chaise-pliable-3d-mesh\/","og_locale":"fr_FR","og_type":"article","og_title":"Autun chaise pliable 3D-Mesh - Eurotrail | The way we camp!","og_description":"Chaise de camping pliable avec filet 3D respirant. Le dossier haut est r\u00e9glable 5 fois pour obtenir la position assise souhait\u00e9e.","og_url":"https:\/\/eurotrail.info\/fr\/producten\/meubles\/chaises-pliantes\/autun-chaise-pliable-3d-mesh\/","og_site_name":"Eurotrail | The way we camp!","article_modified_time":"2025-03-21T08:52:59+00:00","og_image":[{"width":1646,"height":2560,"url":"https:\/\/eurotrail.info\/wp\/wp-content\/uploads\/2025\/01\/ETCF1631-Autun-1-scaled.jpg","type":"image\/jpeg"}],"twitter_card":"summary_large_image","twitter_misc":{"Dur\u00e9e de lecture estim\u00e9e":"1 minute"},"schema":{"@context":"https:\/\/schema.org","@graph":[{"@type":"WebPage","@id":"https:\/\/eurotrail.info\/fr\/producten\/meubles\/chaises-pliantes\/autun-chaise-pliable-3d-mesh\/","url":"https:\/\/eurotrail.info\/fr\/producten\/meubles\/chaises-pliantes\/autun-chaise-pliable-3d-mesh\/","name":"Autun chaise pliable 3D-Mesh - Eurotrail | The way we camp!","isPartOf":{"@id":"https:\/\/eurotrail.info\/#website"},"primaryImageOfPage":{"@id":"https:\/\/eurotrail.info\/fr\/producten\/meubles\/chaises-pliantes\/autun-chaise-pliable-3d-mesh\/#primaryimage"},"image":{"@id":"https:\/\/eurotrail.info\/fr\/producten\/meubles\/chaises-pliantes\/autun-chaise-pliable-3d-mesh\/#primaryimage"},"thumbnailUrl":"https:\/\/eurotrail.info\/wp\/wp-content\/uploads\/2025\/01\/ETCF1631-Autun-1-scaled.jpg","datePublished":"2025-01-27T12:16:48+00:00","dateModified":"2025-03-21T08:52:59+00:00","description":"Chaise de camping pliable avec filet 3D respirant. Le dossier haut est r\u00e9glable 5 fois pour obtenir la position assise souhait\u00e9e.","breadcrumb":{"@id":"https:\/\/eurotrail.info\/fr\/producten\/meubles\/chaises-pliantes\/autun-chaise-pliable-3d-mesh\/#breadcrumb"},"inLanguage":"fr-FR","potentialAction":[{"@type":"ReadAction","target":["https:\/\/eurotrail.info\/fr\/producten\/meubles\/chaises-pliantes\/autun-chaise-pliable-3d-mesh\/"]}]},{"@type":"ImageObject","inLanguage":"fr-FR","@id":"https:\/\/eurotrail.info\/fr\/producten\/meubles\/chaises-pliantes\/autun-chaise-pliable-3d-mesh\/#primaryimage","url":"https:\/\/eurotrail.info\/wp\/wp-content\/uploads\/2025\/01\/ETCF1631-Autun-1-scaled.jpg","contentUrl":"https:\/\/eurotrail.info\/wp\/wp-content\/uploads\/2025\/01\/ETCF1631-Autun-1-scaled.jpg","width":1646,"height":2560,"caption":"Opvouwbare kampeerstoel voorzien van het ademende 3D mesh."},{"@type":"BreadcrumbList","@id":"https:\/\/eurotrail.info\/fr\/producten\/meubles\/chaises-pliantes\/autun-chaise-pliable-3d-mesh\/#breadcrumb","itemListElement":[{"@type":"ListItem","position":1,"name":"Home","item":"https:\/\/eurotrail.info\/fr\/"},{"@type":"ListItem","position":2,"name":"Produits","item":"https:\/\/eurotrail.info\/fr\/produits\/"},{"@type":"ListItem","position":3,"name":"Autun chaise pliable 3D-Mesh"}]},{"@type":"WebSite","@id":"https:\/\/eurotrail.info\/#website","url":"https:\/\/eurotrail.info\/","name":"Eurotrail | The way we camp!","description":"","publisher":{"@id":"https:\/\/eurotrail.info\/#organization"},"potentialAction":[{"@type":"SearchAction","target":{"@type":"EntryPoint","urlTemplate":"https:\/\/eurotrail.info\/?s={search_term_string}"},"query-input":{"@type":"PropertyValueSpecification","valueRequired":true,"valueName":"search_term_string"}}],"inLanguage":"fr-FR"},{"@type":"Organization","@id":"https:\/\/eurotrail.info\/#organization","name":"Eurotrail | The way we camp!","url":"https:\/\/eurotrail.info\/","logo":{"@type":"ImageObject","inLanguage":"fr-FR","@id":"https:\/\/eurotrail.info\/#\/schema\/logo\/image\/","url":"https:\/\/eurotrail.info\/wp\/wp-content\/uploads\/2023\/07\/ET-logo-quote_NL-scaled.jpg","contentUrl":"https:\/\/eurotrail.info\/wp\/wp-content\/uploads\/2023\/07\/ET-logo-quote_NL-scaled.jpg","width":2560,"height":675,"caption":"Eurotrail | The way we camp!"},"image":{"@id":"https:\/\/eurotrail.info\/#\/schema\/logo\/image\/"}}]}},"_links":{"self":[{"href":"https:\/\/eurotrail.info\/fr\/wp-json\/wp\/v2\/product\/22670","targetHints":{"allow":["GET"]}}],"collection":[{"href":"https:\/\/eurotrail.info\/fr\/wp-json\/wp\/v2\/product"}],"about":[{"href":"https:\/\/eurotrail.info\/fr\/wp-json\/wp\/v2\/types\/product"}],"replies":[{"embeddable":true,"href":"https:\/\/eurotrail.info\/fr\/wp-json\/wp\/v2\/comments?post=22670"}],"wp:featuredmedia":[{"embeddable":true,"href":"https:\/\/eurotrail.info\/fr\/wp-json\/wp\/v2\/media\/22636"}],"wp:attachment":[{"href":"https:\/\/eurotrail.info\/fr\/wp-json\/wp\/v2\/media?parent=22670"}],"wp:term":[{"taxonomy":"product_brand","embeddable":true,"href":"https:\/\/eurotrail.info\/fr\/wp-json\/wp\/v2\/product_brand?post=22670"},{"taxonomy":"product_cat","embeddable":true,"href":"https:\/\/eurotrail.info\/fr\/wp-json\/wp\/v2\/product_cat?post=22670"},{"taxonomy":"product_tag","embeddable":true,"href":"https:\/\/eurotrail.info\/fr\/wp-json\/wp\/v2\/product_tag?post=22670"}],"curies":[{"name":"wp","href":"https:\/\/api.w.org\/{rel}","templated":true}]}}