{"id":22822,"date":"2025-01-27T15:26:53","date_gmt":"2025-01-27T14:29:54","guid":{"rendered":"https:\/\/eurotrail.info\/?post_type=product&#038;p=22822"},"modified":"2025-03-21T10:01:18","modified_gmt":"2025-03-21T09:01:18","slug":"rouen-table-pliante-en-aluminium","status":"publish","type":"product","link":"https:\/\/eurotrail.info\/fr\/producten\/meubles\/tables-de-camping\/rouen-table-pliante-en-aluminium\/","title":{"rendered":"Rouen table pliante en aluminium"},"content":{"rendered":"<p>Table de camping pliante &#8211; L\u00e9g\u00e8re, robuste et \u00e9tanche !<\/p>\n<p>Que vous partiez en camping, que vous organisiez un pique-nique ou que vous ayez besoin d&#8217;une table suppl\u00e9mentaire dans le jardin, cette table de camping pliante est la solution id\u00e9ale. Gr\u00e2ce \u00e0 son cadre et \u00e0 son plateau en aluminium l\u00e9ger, la table est solide, \u00e9tanche et r\u00e9sistante aux intemp\u00e9ries.<\/p>\n<p>Les pieds sont facilement r\u00e9glables en hauteur \u00e0 l&#8217;aide des vis de r\u00e9glage, de sorte que vous b\u00e9n\u00e9ficiez toujours d&#8217;une position stable, m\u00eame sur un sol in\u00e9gal. Lorsque vous avez termin\u00e9, vous pliez la table sans effort et l&#8217;emportez facilement avec vous gr\u00e2ce \u00e0 la poign\u00e9e int\u00e9gr\u00e9e. Le plateau en aluminium est non seulement l\u00e9ger, mais aussi facile \u00e0 entretenir et r\u00e9sistant \u00e0 l&#8217;humidit\u00e9 et \u00e0 la salet\u00e9.<\/p>\n<p>Que vous fassiez du camping ou que vous organisiez une f\u00eate dans le jardin, cette table pratique et robuste constitue toujours une base fiable. L\u00e9g\u00e8re, compacte et facile \u00e0 transporter &#8211; un must pour tous les amateurs de plein air !<\/p>\n<p>Dimensions : 90x60x70cm<br \/>\nPli\u00e9 : 90x60x7cm<br \/>\nMat\u00e9riau : panneau sup\u00e9rieur en aluminium<br \/>\nCadre : Aluminium<br \/>\nPoids : 4,6 kg.<\/p>\n","protected":false},"excerpt":{"rendered":"<p>Table de camping pliante &#8211; L\u00e9g\u00e8re, robuste et \u00e9tanche ! Que vous partiez en camping, que vous organisiez un pique-nique ou que vous ayez besoin&hellip;<\/p>\n","protected":false},"featured_media":22802,"comment_status":"open","ping_status":"closed","template":"","meta":{"_acf_changed":false},"product_brand":[],"product_cat":[253,257],"product_tag":[],"class_list":{"0":"post-22822","1":"product","2":"type-product","3":"status-publish","4":"has-post-thumbnail","6":"product_cat-meubles","7":"product_cat-tables-de-camping","9":"first","10":"instock","11":"shipping-taxable","12":"product-type-simple"},"acf":[],"yoast_head":"<!-- This site is optimized with the Yoast SEO plugin v27.3 - https:\/\/yoast.com\/product\/yoast-seo-wordpress\/ -->\n<title>Rouen table pliante en aluminium - Eurotrail | The way we camp!<\/title>\n<meta name=\"description\" content=\"Table l\u00e9g\u00e8re en aluminium avec pieds pliables, pieds r\u00e9glables (vis de r\u00e9glage). Facile \u00e0 utiliser et rapide \u00e0 mettre en place.\" \/>\n<meta name=\"robots\" content=\"index, follow, max-snippet:-1, max-image-preview:large, max-video-preview:-1\" \/>\n<link rel=\"canonical\" href=\"https:\/\/eurotrail.info\/fr\/producten\/meubles\/tables-de-camping\/rouen-table-pliante-en-aluminium\/\" \/>\n<meta property=\"og:locale\" content=\"fr_FR\" \/>\n<meta property=\"og:type\" content=\"article\" \/>\n<meta property=\"og:title\" content=\"Rouen table pliante en aluminium - Eurotrail | The way we camp!\" \/>\n<meta property=\"og:description\" content=\"Table l\u00e9g\u00e8re en aluminium avec pieds pliables, pieds r\u00e9glables (vis de r\u00e9glage). Facile \u00e0 utiliser et rapide \u00e0 mettre en place.\" \/>\n<meta property=\"og:url\" content=\"https:\/\/eurotrail.info\/fr\/producten\/meubles\/tables-de-camping\/rouen-table-pliante-en-aluminium\/\" \/>\n<meta property=\"og:site_name\" content=\"Eurotrail | The way we camp!\" \/>\n<meta property=\"article:modified_time\" content=\"2025-03-21T09:01:18+00:00\" \/>\n<meta property=\"og:image\" content=\"https:\/\/eurotrail.info\/wp\/wp-content\/uploads\/2025\/01\/ETCF1641-Rouen-Tisch-1.jpg\" \/>\n\t<meta property=\"og:image:width\" content=\"2308\" \/>\n\t<meta property=\"og:image:height\" content=\"2084\" \/>\n\t<meta property=\"og:image:type\" content=\"image\/jpeg\" \/>\n<meta name=\"twitter:card\" content=\"summary_large_image\" \/>\n<meta name=\"twitter:label1\" content=\"Dur\u00e9e de lecture estim\u00e9e\" \/>\n\t<meta name=\"twitter:data1\" content=\"2 minutes\" \/>\n<script type=\"application\/ld+json\" class=\"yoast-schema-graph\">{\"@context\":\"https:\\\/\\\/schema.org\",\"@graph\":[{\"@type\":\"WebPage\",\"@id\":\"https:\\\/\\\/eurotrail.info\\\/fr\\\/producten\\\/meubles\\\/tables-de-camping\\\/rouen-table-pliante-en-aluminium\\\/\",\"url\":\"https:\\\/\\\/eurotrail.info\\\/fr\\\/producten\\\/meubles\\\/tables-de-camping\\\/rouen-table-pliante-en-aluminium\\\/\",\"name\":\"Rouen table pliante en aluminium - Eurotrail | The way we camp!\",\"isPartOf\":{\"@id\":\"https:\\\/\\\/eurotrail.info\\\/#website\"},\"primaryImageOfPage\":{\"@id\":\"https:\\\/\\\/eurotrail.info\\\/fr\\\/producten\\\/meubles\\\/tables-de-camping\\\/rouen-table-pliante-en-aluminium\\\/#primaryimage\"},\"image\":{\"@id\":\"https:\\\/\\\/eurotrail.info\\\/fr\\\/producten\\\/meubles\\\/tables-de-camping\\\/rouen-table-pliante-en-aluminium\\\/#primaryimage\"},\"thumbnailUrl\":\"https:\\\/\\\/eurotrail.info\\\/wp\\\/wp-content\\\/uploads\\\/2025\\\/01\\\/ETCF1641-Rouen-Tisch-1.jpg\",\"datePublished\":\"2025-01-27T14:29:54+00:00\",\"dateModified\":\"2025-03-21T09:01:18+00:00\",\"description\":\"Table l\u00e9g\u00e8re en aluminium avec pieds pliables, pieds r\u00e9glables (vis de r\u00e9glage). Facile \u00e0 utiliser et rapide \u00e0 mettre en place.\",\"breadcrumb\":{\"@id\":\"https:\\\/\\\/eurotrail.info\\\/fr\\\/producten\\\/meubles\\\/tables-de-camping\\\/rouen-table-pliante-en-aluminium\\\/#breadcrumb\"},\"inLanguage\":\"fr-FR\",\"potentialAction\":[{\"@type\":\"ReadAction\",\"target\":[\"https:\\\/\\\/eurotrail.info\\\/fr\\\/producten\\\/meubles\\\/tables-de-camping\\\/rouen-table-pliante-en-aluminium\\\/\"]}]},{\"@type\":\"ImageObject\",\"inLanguage\":\"fr-FR\",\"@id\":\"https:\\\/\\\/eurotrail.info\\\/fr\\\/producten\\\/meubles\\\/tables-de-camping\\\/rouen-table-pliante-en-aluminium\\\/#primaryimage\",\"url\":\"https:\\\/\\\/eurotrail.info\\\/wp\\\/wp-content\\\/uploads\\\/2025\\\/01\\\/ETCF1641-Rouen-Tisch-1.jpg\",\"contentUrl\":\"https:\\\/\\\/eurotrail.info\\\/wp\\\/wp-content\\\/uploads\\\/2025\\\/01\\\/ETCF1641-Rouen-Tisch-1.jpg\",\"width\":2308,\"height\":2084,\"caption\":\"Rouen opvouwbare aluminium tafel\"},{\"@type\":\"BreadcrumbList\",\"@id\":\"https:\\\/\\\/eurotrail.info\\\/fr\\\/producten\\\/meubles\\\/tables-de-camping\\\/rouen-table-pliante-en-aluminium\\\/#breadcrumb\",\"itemListElement\":[{\"@type\":\"ListItem\",\"position\":1,\"name\":\"Home\",\"item\":\"https:\\\/\\\/eurotrail.info\\\/fr\\\/\"},{\"@type\":\"ListItem\",\"position\":2,\"name\":\"Produits\",\"item\":\"https:\\\/\\\/eurotrail.info\\\/fr\\\/produits\\\/\"},{\"@type\":\"ListItem\",\"position\":3,\"name\":\"Rouen table pliante en aluminium\"}]},{\"@type\":\"WebSite\",\"@id\":\"https:\\\/\\\/eurotrail.info\\\/#website\",\"url\":\"https:\\\/\\\/eurotrail.info\\\/\",\"name\":\"Eurotrail | The way we camp!\",\"description\":\"\",\"publisher\":{\"@id\":\"https:\\\/\\\/eurotrail.info\\\/#organization\"},\"potentialAction\":[{\"@type\":\"SearchAction\",\"target\":{\"@type\":\"EntryPoint\",\"urlTemplate\":\"https:\\\/\\\/eurotrail.info\\\/?s={search_term_string}\"},\"query-input\":{\"@type\":\"PropertyValueSpecification\",\"valueRequired\":true,\"valueName\":\"search_term_string\"}}],\"inLanguage\":\"fr-FR\"},{\"@type\":\"Organization\",\"@id\":\"https:\\\/\\\/eurotrail.info\\\/#organization\",\"name\":\"Eurotrail | The way we camp!\",\"url\":\"https:\\\/\\\/eurotrail.info\\\/\",\"logo\":{\"@type\":\"ImageObject\",\"inLanguage\":\"fr-FR\",\"@id\":\"https:\\\/\\\/eurotrail.info\\\/#\\\/schema\\\/logo\\\/image\\\/\",\"url\":\"https:\\\/\\\/eurotrail.info\\\/wp\\\/wp-content\\\/uploads\\\/2023\\\/07\\\/ET-logo-quote_NL-scaled.jpg\",\"contentUrl\":\"https:\\\/\\\/eurotrail.info\\\/wp\\\/wp-content\\\/uploads\\\/2023\\\/07\\\/ET-logo-quote_NL-scaled.jpg\",\"width\":2560,\"height\":675,\"caption\":\"Eurotrail | The way we camp!\"},\"image\":{\"@id\":\"https:\\\/\\\/eurotrail.info\\\/#\\\/schema\\\/logo\\\/image\\\/\"}}]}<\/script>\n<!-- \/ Yoast SEO plugin. -->","yoast_head_json":{"title":"Rouen table pliante en aluminium - Eurotrail | The way we camp!","description":"Table l\u00e9g\u00e8re en aluminium avec pieds pliables, pieds r\u00e9glables (vis de r\u00e9glage). Facile \u00e0 utiliser et rapide \u00e0 mettre en place.","robots":{"index":"index","follow":"follow","max-snippet":"max-snippet:-1","max-image-preview":"max-image-preview:large","max-video-preview":"max-video-preview:-1"},"canonical":"https:\/\/eurotrail.info\/fr\/producten\/meubles\/tables-de-camping\/rouen-table-pliante-en-aluminium\/","og_locale":"fr_FR","og_type":"article","og_title":"Rouen table pliante en aluminium - Eurotrail | The way we camp!","og_description":"Table l\u00e9g\u00e8re en aluminium avec pieds pliables, pieds r\u00e9glables (vis de r\u00e9glage). Facile \u00e0 utiliser et rapide \u00e0 mettre en place.","og_url":"https:\/\/eurotrail.info\/fr\/producten\/meubles\/tables-de-camping\/rouen-table-pliante-en-aluminium\/","og_site_name":"Eurotrail | The way we camp!","article_modified_time":"2025-03-21T09:01:18+00:00","og_image":[{"width":2308,"height":2084,"url":"https:\/\/eurotrail.info\/wp\/wp-content\/uploads\/2025\/01\/ETCF1641-Rouen-Tisch-1.jpg","type":"image\/jpeg"}],"twitter_card":"summary_large_image","twitter_misc":{"Dur\u00e9e de lecture estim\u00e9e":"2 minutes"},"schema":{"@context":"https:\/\/schema.org","@graph":[{"@type":"WebPage","@id":"https:\/\/eurotrail.info\/fr\/producten\/meubles\/tables-de-camping\/rouen-table-pliante-en-aluminium\/","url":"https:\/\/eurotrail.info\/fr\/producten\/meubles\/tables-de-camping\/rouen-table-pliante-en-aluminium\/","name":"Rouen table pliante en aluminium - Eurotrail | The way we camp!","isPartOf":{"@id":"https:\/\/eurotrail.info\/#website"},"primaryImageOfPage":{"@id":"https:\/\/eurotrail.info\/fr\/producten\/meubles\/tables-de-camping\/rouen-table-pliante-en-aluminium\/#primaryimage"},"image":{"@id":"https:\/\/eurotrail.info\/fr\/producten\/meubles\/tables-de-camping\/rouen-table-pliante-en-aluminium\/#primaryimage"},"thumbnailUrl":"https:\/\/eurotrail.info\/wp\/wp-content\/uploads\/2025\/01\/ETCF1641-Rouen-Tisch-1.jpg","datePublished":"2025-01-27T14:29:54+00:00","dateModified":"2025-03-21T09:01:18+00:00","description":"Table l\u00e9g\u00e8re en aluminium avec pieds pliables, pieds r\u00e9glables (vis de r\u00e9glage). Facile \u00e0 utiliser et rapide \u00e0 mettre en place.","breadcrumb":{"@id":"https:\/\/eurotrail.info\/fr\/producten\/meubles\/tables-de-camping\/rouen-table-pliante-en-aluminium\/#breadcrumb"},"inLanguage":"fr-FR","potentialAction":[{"@type":"ReadAction","target":["https:\/\/eurotrail.info\/fr\/producten\/meubles\/tables-de-camping\/rouen-table-pliante-en-aluminium\/"]}]},{"@type":"ImageObject","inLanguage":"fr-FR","@id":"https:\/\/eurotrail.info\/fr\/producten\/meubles\/tables-de-camping\/rouen-table-pliante-en-aluminium\/#primaryimage","url":"https:\/\/eurotrail.info\/wp\/wp-content\/uploads\/2025\/01\/ETCF1641-Rouen-Tisch-1.jpg","contentUrl":"https:\/\/eurotrail.info\/wp\/wp-content\/uploads\/2025\/01\/ETCF1641-Rouen-Tisch-1.jpg","width":2308,"height":2084,"caption":"Rouen opvouwbare aluminium tafel"},{"@type":"BreadcrumbList","@id":"https:\/\/eurotrail.info\/fr\/producten\/meubles\/tables-de-camping\/rouen-table-pliante-en-aluminium\/#breadcrumb","itemListElement":[{"@type":"ListItem","position":1,"name":"Home","item":"https:\/\/eurotrail.info\/fr\/"},{"@type":"ListItem","position":2,"name":"Produits","item":"https:\/\/eurotrail.info\/fr\/produits\/"},{"@type":"ListItem","position":3,"name":"Rouen table pliante en aluminium"}]},{"@type":"WebSite","@id":"https:\/\/eurotrail.info\/#website","url":"https:\/\/eurotrail.info\/","name":"Eurotrail | The way we camp!","description":"","publisher":{"@id":"https:\/\/eurotrail.info\/#organization"},"potentialAction":[{"@type":"SearchAction","target":{"@type":"EntryPoint","urlTemplate":"https:\/\/eurotrail.info\/?s={search_term_string}"},"query-input":{"@type":"PropertyValueSpecification","valueRequired":true,"valueName":"search_term_string"}}],"inLanguage":"fr-FR"},{"@type":"Organization","@id":"https:\/\/eurotrail.info\/#organization","name":"Eurotrail | The way we camp!","url":"https:\/\/eurotrail.info\/","logo":{"@type":"ImageObject","inLanguage":"fr-FR","@id":"https:\/\/eurotrail.info\/#\/schema\/logo\/image\/","url":"https:\/\/eurotrail.info\/wp\/wp-content\/uploads\/2023\/07\/ET-logo-quote_NL-scaled.jpg","contentUrl":"https:\/\/eurotrail.info\/wp\/wp-content\/uploads\/2023\/07\/ET-logo-quote_NL-scaled.jpg","width":2560,"height":675,"caption":"Eurotrail | The way we camp!"},"image":{"@id":"https:\/\/eurotrail.info\/#\/schema\/logo\/image\/"}}]}},"_links":{"self":[{"href":"https:\/\/eurotrail.info\/fr\/wp-json\/wp\/v2\/product\/22822","targetHints":{"allow":["GET"]}}],"collection":[{"href":"https:\/\/eurotrail.info\/fr\/wp-json\/wp\/v2\/product"}],"about":[{"href":"https:\/\/eurotrail.info\/fr\/wp-json\/wp\/v2\/types\/product"}],"replies":[{"embeddable":true,"href":"https:\/\/eurotrail.info\/fr\/wp-json\/wp\/v2\/comments?post=22822"}],"wp:featuredmedia":[{"embeddable":true,"href":"https:\/\/eurotrail.info\/fr\/wp-json\/wp\/v2\/media\/22802"}],"wp:attachment":[{"href":"https:\/\/eurotrail.info\/fr\/wp-json\/wp\/v2\/media?parent=22822"}],"wp:term":[{"taxonomy":"product_brand","embeddable":true,"href":"https:\/\/eurotrail.info\/fr\/wp-json\/wp\/v2\/product_brand?post=22822"},{"taxonomy":"product_cat","embeddable":true,"href":"https:\/\/eurotrail.info\/fr\/wp-json\/wp\/v2\/product_cat?post=22822"},{"taxonomy":"product_tag","embeddable":true,"href":"https:\/\/eurotrail.info\/fr\/wp-json\/wp\/v2\/product_tag?post=22822"}],"curies":[{"name":"wp","href":"https:\/\/api.w.org\/{rel}","templated":true}]}}