{"id":22879,"date":"2025-01-27T16:56:12","date_gmt":"2025-01-27T16:00:36","guid":{"rendered":"https:\/\/eurotrail.info\/?post_type=product&#038;p=22879"},"modified":"2025-01-27T17:00:36","modified_gmt":"2025-01-27T16:00:36","slug":"vienne-grace-a-son-poids-leger-et-a-son-design-compact","status":"publish","type":"product","link":"https:\/\/eurotrail.info\/fr\/producten\/meubles\/tables-de-camping\/vienne-grace-a-son-poids-leger-et-a-son-design-compact\/","title":{"rendered":"Vienne Table pliante en aluminium"},"content":{"rendered":"<p>Table pliante en aluminium<br \/>\nCette table pliante pratique en aluminium est id\u00e9ale pour tout voyage en camping. Gr\u00e2ce \u00e0 son poids l\u00e9ger et \u00e0 son design compact, elle est facile \u00e0 ranger et \u00e0 emporter partout avec vous.<br \/>\nLa table est facile \u00e0 utiliser et r\u00e9glable en deux hauteurs, 45 et 62 cm.<\/p>\n<p>Mat\u00e9riau : aluminium<br \/>\nStructure : aluminium<br \/>\nDimensions : 50x48x45\/62cm<br \/>\nPli\u00e9e : 52&#215;54.5&#215;6.5cm<br \/>\nPoids : 1,95 kg.<br \/>\nCharge maximale : 25 kg.<\/p>\n","protected":false},"excerpt":{"rendered":"<p>Table pliante en aluminium Cette table pliante pratique en aluminium est id\u00e9ale pour tout voyage en camping. Gr\u00e2ce \u00e0 son poids l\u00e9ger et \u00e0 son&hellip;<\/p>\n","protected":false},"featured_media":22868,"comment_status":"open","ping_status":"closed","template":"","meta":{"_acf_changed":false},"product_brand":[],"product_cat":[253,257],"product_tag":[],"class_list":{"0":"post-22879","1":"product","2":"type-product","3":"status-publish","4":"has-post-thumbnail","6":"product_cat-meubles","7":"product_cat-tables-de-camping","9":"first","10":"instock","11":"shipping-taxable","12":"product-type-simple"},"acf":[],"yoast_head":"<!-- This site is optimized with the Yoast SEO plugin v27.3 - https:\/\/yoast.com\/product\/yoast-seo-wordpress\/ -->\n<title>Vienne Table pliante en aluminium - Eurotrail | The way we camp!<\/title>\n<meta name=\"description\" content=\"Table pliante en aluminium id\u00e9ale pour tout voyage en camping. Gr\u00e2ce poids l\u00e9ger et \u00e0 son design compact, facile \u00e0 ranger et \u00e0 emporter partout avec vous.\" \/>\n<meta name=\"robots\" content=\"index, follow, max-snippet:-1, max-image-preview:large, max-video-preview:-1\" \/>\n<link rel=\"canonical\" href=\"https:\/\/eurotrail.info\/fr\/producten\/meubles\/tables-de-camping\/vienne-grace-a-son-poids-leger-et-a-son-design-compact\/\" \/>\n<meta property=\"og:locale\" content=\"fr_FR\" \/>\n<meta property=\"og:type\" content=\"article\" \/>\n<meta property=\"og:title\" content=\"Vienne Table pliante en aluminium - Eurotrail | The way we camp!\" \/>\n<meta property=\"og:description\" content=\"Table pliante en aluminium id\u00e9ale pour tout voyage en camping. Gr\u00e2ce poids l\u00e9ger et \u00e0 son design compact, facile \u00e0 ranger et \u00e0 emporter partout avec vous.\" \/>\n<meta property=\"og:url\" content=\"https:\/\/eurotrail.info\/fr\/producten\/meubles\/tables-de-camping\/vienne-grace-a-son-poids-leger-et-a-son-design-compact\/\" \/>\n<meta property=\"og:site_name\" content=\"Eurotrail | The way we camp!\" \/>\n<meta property=\"og:image\" content=\"https:\/\/eurotrail.info\/wp\/wp-content\/uploads\/2025\/01\/tafel-1f-scaled.jpg\" \/>\n\t<meta property=\"og:image:width\" content=\"1906\" \/>\n\t<meta property=\"og:image:height\" content=\"2560\" \/>\n\t<meta property=\"og:image:type\" content=\"image\/jpeg\" \/>\n<meta name=\"twitter:card\" content=\"summary_large_image\" \/>\n<meta name=\"twitter:label1\" content=\"Dur\u00e9e de lecture estim\u00e9e\" \/>\n\t<meta name=\"twitter:data1\" content=\"1 minute\" \/>\n<script type=\"application\/ld+json\" class=\"yoast-schema-graph\">{\"@context\":\"https:\\\/\\\/schema.org\",\"@graph\":[{\"@type\":\"WebPage\",\"@id\":\"https:\\\/\\\/eurotrail.info\\\/fr\\\/producten\\\/meubles\\\/tables-de-camping\\\/vienne-grace-a-son-poids-leger-et-a-son-design-compact\\\/\",\"url\":\"https:\\\/\\\/eurotrail.info\\\/fr\\\/producten\\\/meubles\\\/tables-de-camping\\\/vienne-grace-a-son-poids-leger-et-a-son-design-compact\\\/\",\"name\":\"Vienne Table pliante en aluminium - Eurotrail | The way we camp!\",\"isPartOf\":{\"@id\":\"https:\\\/\\\/eurotrail.info\\\/#website\"},\"primaryImageOfPage\":{\"@id\":\"https:\\\/\\\/eurotrail.info\\\/fr\\\/producten\\\/meubles\\\/tables-de-camping\\\/vienne-grace-a-son-poids-leger-et-a-son-design-compact\\\/#primaryimage\"},\"image\":{\"@id\":\"https:\\\/\\\/eurotrail.info\\\/fr\\\/producten\\\/meubles\\\/tables-de-camping\\\/vienne-grace-a-son-poids-leger-et-a-son-design-compact\\\/#primaryimage\"},\"thumbnailUrl\":\"https:\\\/\\\/eurotrail.info\\\/wp\\\/wp-content\\\/uploads\\\/2025\\\/01\\\/tafel-1f-scaled.jpg\",\"datePublished\":\"2025-01-27T16:00:36+00:00\",\"description\":\"Table pliante en aluminium id\u00e9ale pour tout voyage en camping. Gr\u00e2ce poids l\u00e9ger et \u00e0 son design compact, facile \u00e0 ranger et \u00e0 emporter partout avec vous.\",\"breadcrumb\":{\"@id\":\"https:\\\/\\\/eurotrail.info\\\/fr\\\/producten\\\/meubles\\\/tables-de-camping\\\/vienne-grace-a-son-poids-leger-et-a-son-design-compact\\\/#breadcrumb\"},\"inLanguage\":\"fr-FR\",\"potentialAction\":[{\"@type\":\"ReadAction\",\"target\":[\"https:\\\/\\\/eurotrail.info\\\/fr\\\/producten\\\/meubles\\\/tables-de-camping\\\/vienne-grace-a-son-poids-leger-et-a-son-design-compact\\\/\"]}]},{\"@type\":\"ImageObject\",\"inLanguage\":\"fr-FR\",\"@id\":\"https:\\\/\\\/eurotrail.info\\\/fr\\\/producten\\\/meubles\\\/tables-de-camping\\\/vienne-grace-a-son-poids-leger-et-a-son-design-compact\\\/#primaryimage\",\"url\":\"https:\\\/\\\/eurotrail.info\\\/wp\\\/wp-content\\\/uploads\\\/2025\\\/01\\\/tafel-1f-scaled.jpg\",\"contentUrl\":\"https:\\\/\\\/eurotrail.info\\\/wp\\\/wp-content\\\/uploads\\\/2025\\\/01\\\/tafel-1f-scaled.jpg\",\"width\":1906,\"height\":2560},{\"@type\":\"BreadcrumbList\",\"@id\":\"https:\\\/\\\/eurotrail.info\\\/fr\\\/producten\\\/meubles\\\/tables-de-camping\\\/vienne-grace-a-son-poids-leger-et-a-son-design-compact\\\/#breadcrumb\",\"itemListElement\":[{\"@type\":\"ListItem\",\"position\":1,\"name\":\"Home\",\"item\":\"https:\\\/\\\/eurotrail.info\\\/fr\\\/\"},{\"@type\":\"ListItem\",\"position\":2,\"name\":\"Produits\",\"item\":\"https:\\\/\\\/eurotrail.info\\\/fr\\\/produits\\\/\"},{\"@type\":\"ListItem\",\"position\":3,\"name\":\"Vienne Table pliante en aluminium\"}]},{\"@type\":\"WebSite\",\"@id\":\"https:\\\/\\\/eurotrail.info\\\/#website\",\"url\":\"https:\\\/\\\/eurotrail.info\\\/\",\"name\":\"Eurotrail | The way we camp!\",\"description\":\"\",\"publisher\":{\"@id\":\"https:\\\/\\\/eurotrail.info\\\/#organization\"},\"potentialAction\":[{\"@type\":\"SearchAction\",\"target\":{\"@type\":\"EntryPoint\",\"urlTemplate\":\"https:\\\/\\\/eurotrail.info\\\/?s={search_term_string}\"},\"query-input\":{\"@type\":\"PropertyValueSpecification\",\"valueRequired\":true,\"valueName\":\"search_term_string\"}}],\"inLanguage\":\"fr-FR\"},{\"@type\":\"Organization\",\"@id\":\"https:\\\/\\\/eurotrail.info\\\/#organization\",\"name\":\"Eurotrail | The way we camp!\",\"url\":\"https:\\\/\\\/eurotrail.info\\\/\",\"logo\":{\"@type\":\"ImageObject\",\"inLanguage\":\"fr-FR\",\"@id\":\"https:\\\/\\\/eurotrail.info\\\/#\\\/schema\\\/logo\\\/image\\\/\",\"url\":\"https:\\\/\\\/eurotrail.info\\\/wp\\\/wp-content\\\/uploads\\\/2023\\\/07\\\/ET-logo-quote_NL-scaled.jpg\",\"contentUrl\":\"https:\\\/\\\/eurotrail.info\\\/wp\\\/wp-content\\\/uploads\\\/2023\\\/07\\\/ET-logo-quote_NL-scaled.jpg\",\"width\":2560,\"height\":675,\"caption\":\"Eurotrail | The way we camp!\"},\"image\":{\"@id\":\"https:\\\/\\\/eurotrail.info\\\/#\\\/schema\\\/logo\\\/image\\\/\"}}]}<\/script>\n<!-- \/ Yoast SEO plugin. -->","yoast_head_json":{"title":"Vienne Table pliante en aluminium - Eurotrail | The way we camp!","description":"Table pliante en aluminium id\u00e9ale pour tout voyage en camping. Gr\u00e2ce poids l\u00e9ger et \u00e0 son design compact, facile \u00e0 ranger et \u00e0 emporter partout avec vous.","robots":{"index":"index","follow":"follow","max-snippet":"max-snippet:-1","max-image-preview":"max-image-preview:large","max-video-preview":"max-video-preview:-1"},"canonical":"https:\/\/eurotrail.info\/fr\/producten\/meubles\/tables-de-camping\/vienne-grace-a-son-poids-leger-et-a-son-design-compact\/","og_locale":"fr_FR","og_type":"article","og_title":"Vienne Table pliante en aluminium - Eurotrail | The way we camp!","og_description":"Table pliante en aluminium id\u00e9ale pour tout voyage en camping. Gr\u00e2ce poids l\u00e9ger et \u00e0 son design compact, facile \u00e0 ranger et \u00e0 emporter partout avec vous.","og_url":"https:\/\/eurotrail.info\/fr\/producten\/meubles\/tables-de-camping\/vienne-grace-a-son-poids-leger-et-a-son-design-compact\/","og_site_name":"Eurotrail | The way we camp!","og_image":[{"width":1906,"height":2560,"url":"https:\/\/eurotrail.info\/wp\/wp-content\/uploads\/2025\/01\/tafel-1f-scaled.jpg","type":"image\/jpeg"}],"twitter_card":"summary_large_image","twitter_misc":{"Dur\u00e9e de lecture estim\u00e9e":"1 minute"},"schema":{"@context":"https:\/\/schema.org","@graph":[{"@type":"WebPage","@id":"https:\/\/eurotrail.info\/fr\/producten\/meubles\/tables-de-camping\/vienne-grace-a-son-poids-leger-et-a-son-design-compact\/","url":"https:\/\/eurotrail.info\/fr\/producten\/meubles\/tables-de-camping\/vienne-grace-a-son-poids-leger-et-a-son-design-compact\/","name":"Vienne Table pliante en aluminium - Eurotrail | The way we camp!","isPartOf":{"@id":"https:\/\/eurotrail.info\/#website"},"primaryImageOfPage":{"@id":"https:\/\/eurotrail.info\/fr\/producten\/meubles\/tables-de-camping\/vienne-grace-a-son-poids-leger-et-a-son-design-compact\/#primaryimage"},"image":{"@id":"https:\/\/eurotrail.info\/fr\/producten\/meubles\/tables-de-camping\/vienne-grace-a-son-poids-leger-et-a-son-design-compact\/#primaryimage"},"thumbnailUrl":"https:\/\/eurotrail.info\/wp\/wp-content\/uploads\/2025\/01\/tafel-1f-scaled.jpg","datePublished":"2025-01-27T16:00:36+00:00","description":"Table pliante en aluminium id\u00e9ale pour tout voyage en camping. Gr\u00e2ce poids l\u00e9ger et \u00e0 son design compact, facile \u00e0 ranger et \u00e0 emporter partout avec vous.","breadcrumb":{"@id":"https:\/\/eurotrail.info\/fr\/producten\/meubles\/tables-de-camping\/vienne-grace-a-son-poids-leger-et-a-son-design-compact\/#breadcrumb"},"inLanguage":"fr-FR","potentialAction":[{"@type":"ReadAction","target":["https:\/\/eurotrail.info\/fr\/producten\/meubles\/tables-de-camping\/vienne-grace-a-son-poids-leger-et-a-son-design-compact\/"]}]},{"@type":"ImageObject","inLanguage":"fr-FR","@id":"https:\/\/eurotrail.info\/fr\/producten\/meubles\/tables-de-camping\/vienne-grace-a-son-poids-leger-et-a-son-design-compact\/#primaryimage","url":"https:\/\/eurotrail.info\/wp\/wp-content\/uploads\/2025\/01\/tafel-1f-scaled.jpg","contentUrl":"https:\/\/eurotrail.info\/wp\/wp-content\/uploads\/2025\/01\/tafel-1f-scaled.jpg","width":1906,"height":2560},{"@type":"BreadcrumbList","@id":"https:\/\/eurotrail.info\/fr\/producten\/meubles\/tables-de-camping\/vienne-grace-a-son-poids-leger-et-a-son-design-compact\/#breadcrumb","itemListElement":[{"@type":"ListItem","position":1,"name":"Home","item":"https:\/\/eurotrail.info\/fr\/"},{"@type":"ListItem","position":2,"name":"Produits","item":"https:\/\/eurotrail.info\/fr\/produits\/"},{"@type":"ListItem","position":3,"name":"Vienne Table pliante en aluminium"}]},{"@type":"WebSite","@id":"https:\/\/eurotrail.info\/#website","url":"https:\/\/eurotrail.info\/","name":"Eurotrail | The way we camp!","description":"","publisher":{"@id":"https:\/\/eurotrail.info\/#organization"},"potentialAction":[{"@type":"SearchAction","target":{"@type":"EntryPoint","urlTemplate":"https:\/\/eurotrail.info\/?s={search_term_string}"},"query-input":{"@type":"PropertyValueSpecification","valueRequired":true,"valueName":"search_term_string"}}],"inLanguage":"fr-FR"},{"@type":"Organization","@id":"https:\/\/eurotrail.info\/#organization","name":"Eurotrail | The way we camp!","url":"https:\/\/eurotrail.info\/","logo":{"@type":"ImageObject","inLanguage":"fr-FR","@id":"https:\/\/eurotrail.info\/#\/schema\/logo\/image\/","url":"https:\/\/eurotrail.info\/wp\/wp-content\/uploads\/2023\/07\/ET-logo-quote_NL-scaled.jpg","contentUrl":"https:\/\/eurotrail.info\/wp\/wp-content\/uploads\/2023\/07\/ET-logo-quote_NL-scaled.jpg","width":2560,"height":675,"caption":"Eurotrail | The way we camp!"},"image":{"@id":"https:\/\/eurotrail.info\/#\/schema\/logo\/image\/"}}]}},"_links":{"self":[{"href":"https:\/\/eurotrail.info\/fr\/wp-json\/wp\/v2\/product\/22879","targetHints":{"allow":["GET"]}}],"collection":[{"href":"https:\/\/eurotrail.info\/fr\/wp-json\/wp\/v2\/product"}],"about":[{"href":"https:\/\/eurotrail.info\/fr\/wp-json\/wp\/v2\/types\/product"}],"replies":[{"embeddable":true,"href":"https:\/\/eurotrail.info\/fr\/wp-json\/wp\/v2\/comments?post=22879"}],"wp:featuredmedia":[{"embeddable":true,"href":"https:\/\/eurotrail.info\/fr\/wp-json\/wp\/v2\/media\/22868"}],"wp:attachment":[{"href":"https:\/\/eurotrail.info\/fr\/wp-json\/wp\/v2\/media?parent=22879"}],"wp:term":[{"taxonomy":"product_brand","embeddable":true,"href":"https:\/\/eurotrail.info\/fr\/wp-json\/wp\/v2\/product_brand?post=22879"},{"taxonomy":"product_cat","embeddable":true,"href":"https:\/\/eurotrail.info\/fr\/wp-json\/wp\/v2\/product_cat?post=22879"},{"taxonomy":"product_tag","embeddable":true,"href":"https:\/\/eurotrail.info\/fr\/wp-json\/wp\/v2\/product_tag?post=22879"}],"curies":[{"name":"wp","href":"https:\/\/api.w.org\/{rel}","templated":true}]}}