{"id":22929,"date":"2025-01-29T13:47:15","date_gmt":"2025-01-29T12:48:27","guid":{"rendered":"https:\/\/eurotrail.info\/?post_type=product&#038;p=22929"},"modified":"2025-01-29T13:48:27","modified_gmt":"2025-01-29T12:48:27","slug":"bouilloire-sifflante-pliable","status":"publish","type":"product","link":"https:\/\/eurotrail.info\/fr\/producten\/articles-menagers\/articles-de-cuisine-pliants-en-silicone\/bouilloire-sifflante-pliable\/","title":{"rendered":"Bouilloire sifflante pliable"},"content":{"rendered":"<p>Cette bouilloire pratique avec sifflet est un choix id\u00e9al pour les campeurs et les voyageurs. La conception intelligente et pliable permet \u00e0 la bouilloire de se plier facilement dans une taille compacte et pratique, parfaite pour les d\u00e9placements. La bouilloire est adapt\u00e9e \u00e0 une utilisation au gaz et offre un moyen rapide et efficace de faire bouillir de l&#8217;eau. Gr\u00e2ce au sifflet int\u00e9gr\u00e9, vous savez exactement quand l&#8217;eau bout, ce qui rend son utilisation encore plus facile.<\/p>\n<p>Mat\u00e9riau : Acier inoxydable 430, silicone<br \/>\nContenu : 2L<br \/>\nDimensions : \u00f8 18,4 x 9-15 cm<br \/>\nPoids : 560g<\/p>\n","protected":false},"excerpt":{"rendered":"<p>Cette bouilloire pratique avec sifflet est un choix id\u00e9al pour les campeurs et les voyageurs. La conception intelligente et pliable permet \u00e0 la bouilloire de&hellip;<\/p>\n","protected":false},"featured_media":22909,"comment_status":"open","ping_status":"closed","template":"","meta":{"_acf_changed":false},"product_brand":[],"product_cat":[249,243],"product_tag":[],"class_list":{"0":"post-22929","1":"product","2":"type-product","3":"status-publish","4":"has-post-thumbnail","6":"product_cat-articles-de-cuisine-pliants-en-silicone","7":"product_cat-articles-menagers","9":"first","10":"instock","11":"shipping-taxable","12":"product-type-simple"},"acf":[],"yoast_head":"<!-- This site is optimized with the Yoast SEO plugin v27.3 - https:\/\/yoast.com\/product\/yoast-seo-wordpress\/ -->\n<title>Bouilloire sifflante pliable - Eurotrail | The way we camp!<\/title>\n<meta name=\"robots\" content=\"index, follow, max-snippet:-1, max-image-preview:large, max-video-preview:-1\" \/>\n<link rel=\"canonical\" href=\"https:\/\/eurotrail.info\/fr\/producten\/articles-menagers\/articles-de-cuisine-pliants-en-silicone\/bouilloire-sifflante-pliable\/\" \/>\n<meta property=\"og:locale\" content=\"fr_FR\" \/>\n<meta property=\"og:type\" content=\"article\" \/>\n<meta property=\"og:title\" content=\"Bouilloire sifflante pliable - Eurotrail | The way we camp!\" \/>\n<meta property=\"og:description\" content=\"Cette bouilloire pratique avec sifflet est un choix id\u00e9al pour les campeurs et les voyageurs. La conception intelligente et pliable permet \u00e0 la bouilloire de&hellip;\" \/>\n<meta property=\"og:url\" content=\"https:\/\/eurotrail.info\/fr\/producten\/articles-menagers\/articles-de-cuisine-pliants-en-silicone\/bouilloire-sifflante-pliable\/\" \/>\n<meta property=\"og:site_name\" content=\"Eurotrail | The way we camp!\" \/>\n<meta property=\"og:image\" content=\"https:\/\/eurotrail.info\/wp\/wp-content\/uploads\/2025\/01\/ketel-1b-scaled.jpg\" \/>\n\t<meta property=\"og:image:width\" content=\"1924\" \/>\n\t<meta property=\"og:image:height\" content=\"2560\" \/>\n\t<meta property=\"og:image:type\" content=\"image\/jpeg\" \/>\n<meta name=\"twitter:card\" content=\"summary_large_image\" \/>\n<meta name=\"twitter:label1\" content=\"Dur\u00e9e de lecture estim\u00e9e\" \/>\n\t<meta name=\"twitter:data1\" content=\"1 minute\" \/>\n<script type=\"application\/ld+json\" class=\"yoast-schema-graph\">{\"@context\":\"https:\\\/\\\/schema.org\",\"@graph\":[{\"@type\":\"WebPage\",\"@id\":\"https:\\\/\\\/eurotrail.info\\\/fr\\\/producten\\\/articles-menagers\\\/articles-de-cuisine-pliants-en-silicone\\\/bouilloire-sifflante-pliable\\\/\",\"url\":\"https:\\\/\\\/eurotrail.info\\\/fr\\\/producten\\\/articles-menagers\\\/articles-de-cuisine-pliants-en-silicone\\\/bouilloire-sifflante-pliable\\\/\",\"name\":\"Bouilloire sifflante pliable - Eurotrail | The way we camp!\",\"isPartOf\":{\"@id\":\"https:\\\/\\\/eurotrail.info\\\/#website\"},\"primaryImageOfPage\":{\"@id\":\"https:\\\/\\\/eurotrail.info\\\/fr\\\/producten\\\/articles-menagers\\\/articles-de-cuisine-pliants-en-silicone\\\/bouilloire-sifflante-pliable\\\/#primaryimage\"},\"image\":{\"@id\":\"https:\\\/\\\/eurotrail.info\\\/fr\\\/producten\\\/articles-menagers\\\/articles-de-cuisine-pliants-en-silicone\\\/bouilloire-sifflante-pliable\\\/#primaryimage\"},\"thumbnailUrl\":\"https:\\\/\\\/eurotrail.info\\\/wp\\\/wp-content\\\/uploads\\\/2025\\\/01\\\/ketel-1b-scaled.jpg\",\"datePublished\":\"2025-01-29T12:48:27+00:00\",\"breadcrumb\":{\"@id\":\"https:\\\/\\\/eurotrail.info\\\/fr\\\/producten\\\/articles-menagers\\\/articles-de-cuisine-pliants-en-silicone\\\/bouilloire-sifflante-pliable\\\/#breadcrumb\"},\"inLanguage\":\"fr-FR\",\"potentialAction\":[{\"@type\":\"ReadAction\",\"target\":[\"https:\\\/\\\/eurotrail.info\\\/fr\\\/producten\\\/articles-menagers\\\/articles-de-cuisine-pliants-en-silicone\\\/bouilloire-sifflante-pliable\\\/\"]}]},{\"@type\":\"ImageObject\",\"inLanguage\":\"fr-FR\",\"@id\":\"https:\\\/\\\/eurotrail.info\\\/fr\\\/producten\\\/articles-menagers\\\/articles-de-cuisine-pliants-en-silicone\\\/bouilloire-sifflante-pliable\\\/#primaryimage\",\"url\":\"https:\\\/\\\/eurotrail.info\\\/wp\\\/wp-content\\\/uploads\\\/2025\\\/01\\\/ketel-1b-scaled.jpg\",\"contentUrl\":\"https:\\\/\\\/eurotrail.info\\\/wp\\\/wp-content\\\/uploads\\\/2025\\\/01\\\/ketel-1b-scaled.jpg\",\"width\":1924,\"height\":2560,\"caption\":\"praktische waterketel met fluit is een ideale keuze voor kampeerders en reizigers\"},{\"@type\":\"BreadcrumbList\",\"@id\":\"https:\\\/\\\/eurotrail.info\\\/fr\\\/producten\\\/articles-menagers\\\/articles-de-cuisine-pliants-en-silicone\\\/bouilloire-sifflante-pliable\\\/#breadcrumb\",\"itemListElement\":[{\"@type\":\"ListItem\",\"position\":1,\"name\":\"Home\",\"item\":\"https:\\\/\\\/eurotrail.info\\\/fr\\\/\"},{\"@type\":\"ListItem\",\"position\":2,\"name\":\"Produits\",\"item\":\"https:\\\/\\\/eurotrail.info\\\/fr\\\/produits\\\/\"},{\"@type\":\"ListItem\",\"position\":3,\"name\":\"Bouilloire sifflante pliable\"}]},{\"@type\":\"WebSite\",\"@id\":\"https:\\\/\\\/eurotrail.info\\\/#website\",\"url\":\"https:\\\/\\\/eurotrail.info\\\/\",\"name\":\"Eurotrail | The way we camp!\",\"description\":\"\",\"publisher\":{\"@id\":\"https:\\\/\\\/eurotrail.info\\\/#organization\"},\"potentialAction\":[{\"@type\":\"SearchAction\",\"target\":{\"@type\":\"EntryPoint\",\"urlTemplate\":\"https:\\\/\\\/eurotrail.info\\\/?s={search_term_string}\"},\"query-input\":{\"@type\":\"PropertyValueSpecification\",\"valueRequired\":true,\"valueName\":\"search_term_string\"}}],\"inLanguage\":\"fr-FR\"},{\"@type\":\"Organization\",\"@id\":\"https:\\\/\\\/eurotrail.info\\\/#organization\",\"name\":\"Eurotrail | The way we camp!\",\"url\":\"https:\\\/\\\/eurotrail.info\\\/\",\"logo\":{\"@type\":\"ImageObject\",\"inLanguage\":\"fr-FR\",\"@id\":\"https:\\\/\\\/eurotrail.info\\\/#\\\/schema\\\/logo\\\/image\\\/\",\"url\":\"https:\\\/\\\/eurotrail.info\\\/wp\\\/wp-content\\\/uploads\\\/2023\\\/07\\\/ET-logo-quote_NL-scaled.jpg\",\"contentUrl\":\"https:\\\/\\\/eurotrail.info\\\/wp\\\/wp-content\\\/uploads\\\/2023\\\/07\\\/ET-logo-quote_NL-scaled.jpg\",\"width\":2560,\"height\":675,\"caption\":\"Eurotrail | The way we camp!\"},\"image\":{\"@id\":\"https:\\\/\\\/eurotrail.info\\\/#\\\/schema\\\/logo\\\/image\\\/\"}}]}<\/script>\n<!-- \/ Yoast SEO plugin. -->","yoast_head_json":{"title":"Bouilloire sifflante pliable - Eurotrail | The way we camp!","robots":{"index":"index","follow":"follow","max-snippet":"max-snippet:-1","max-image-preview":"max-image-preview:large","max-video-preview":"max-video-preview:-1"},"canonical":"https:\/\/eurotrail.info\/fr\/producten\/articles-menagers\/articles-de-cuisine-pliants-en-silicone\/bouilloire-sifflante-pliable\/","og_locale":"fr_FR","og_type":"article","og_title":"Bouilloire sifflante pliable - Eurotrail | The way we camp!","og_description":"Cette bouilloire pratique avec sifflet est un choix id\u00e9al pour les campeurs et les voyageurs. La conception intelligente et pliable permet \u00e0 la bouilloire de&hellip;","og_url":"https:\/\/eurotrail.info\/fr\/producten\/articles-menagers\/articles-de-cuisine-pliants-en-silicone\/bouilloire-sifflante-pliable\/","og_site_name":"Eurotrail | The way we camp!","og_image":[{"width":1924,"height":2560,"url":"https:\/\/eurotrail.info\/wp\/wp-content\/uploads\/2025\/01\/ketel-1b-scaled.jpg","type":"image\/jpeg"}],"twitter_card":"summary_large_image","twitter_misc":{"Dur\u00e9e de lecture estim\u00e9e":"1 minute"},"schema":{"@context":"https:\/\/schema.org","@graph":[{"@type":"WebPage","@id":"https:\/\/eurotrail.info\/fr\/producten\/articles-menagers\/articles-de-cuisine-pliants-en-silicone\/bouilloire-sifflante-pliable\/","url":"https:\/\/eurotrail.info\/fr\/producten\/articles-menagers\/articles-de-cuisine-pliants-en-silicone\/bouilloire-sifflante-pliable\/","name":"Bouilloire sifflante pliable - Eurotrail | The way we camp!","isPartOf":{"@id":"https:\/\/eurotrail.info\/#website"},"primaryImageOfPage":{"@id":"https:\/\/eurotrail.info\/fr\/producten\/articles-menagers\/articles-de-cuisine-pliants-en-silicone\/bouilloire-sifflante-pliable\/#primaryimage"},"image":{"@id":"https:\/\/eurotrail.info\/fr\/producten\/articles-menagers\/articles-de-cuisine-pliants-en-silicone\/bouilloire-sifflante-pliable\/#primaryimage"},"thumbnailUrl":"https:\/\/eurotrail.info\/wp\/wp-content\/uploads\/2025\/01\/ketel-1b-scaled.jpg","datePublished":"2025-01-29T12:48:27+00:00","breadcrumb":{"@id":"https:\/\/eurotrail.info\/fr\/producten\/articles-menagers\/articles-de-cuisine-pliants-en-silicone\/bouilloire-sifflante-pliable\/#breadcrumb"},"inLanguage":"fr-FR","potentialAction":[{"@type":"ReadAction","target":["https:\/\/eurotrail.info\/fr\/producten\/articles-menagers\/articles-de-cuisine-pliants-en-silicone\/bouilloire-sifflante-pliable\/"]}]},{"@type":"ImageObject","inLanguage":"fr-FR","@id":"https:\/\/eurotrail.info\/fr\/producten\/articles-menagers\/articles-de-cuisine-pliants-en-silicone\/bouilloire-sifflante-pliable\/#primaryimage","url":"https:\/\/eurotrail.info\/wp\/wp-content\/uploads\/2025\/01\/ketel-1b-scaled.jpg","contentUrl":"https:\/\/eurotrail.info\/wp\/wp-content\/uploads\/2025\/01\/ketel-1b-scaled.jpg","width":1924,"height":2560,"caption":"praktische waterketel met fluit is een ideale keuze voor kampeerders en reizigers"},{"@type":"BreadcrumbList","@id":"https:\/\/eurotrail.info\/fr\/producten\/articles-menagers\/articles-de-cuisine-pliants-en-silicone\/bouilloire-sifflante-pliable\/#breadcrumb","itemListElement":[{"@type":"ListItem","position":1,"name":"Home","item":"https:\/\/eurotrail.info\/fr\/"},{"@type":"ListItem","position":2,"name":"Produits","item":"https:\/\/eurotrail.info\/fr\/produits\/"},{"@type":"ListItem","position":3,"name":"Bouilloire sifflante pliable"}]},{"@type":"WebSite","@id":"https:\/\/eurotrail.info\/#website","url":"https:\/\/eurotrail.info\/","name":"Eurotrail | The way we camp!","description":"","publisher":{"@id":"https:\/\/eurotrail.info\/#organization"},"potentialAction":[{"@type":"SearchAction","target":{"@type":"EntryPoint","urlTemplate":"https:\/\/eurotrail.info\/?s={search_term_string}"},"query-input":{"@type":"PropertyValueSpecification","valueRequired":true,"valueName":"search_term_string"}}],"inLanguage":"fr-FR"},{"@type":"Organization","@id":"https:\/\/eurotrail.info\/#organization","name":"Eurotrail | The way we camp!","url":"https:\/\/eurotrail.info\/","logo":{"@type":"ImageObject","inLanguage":"fr-FR","@id":"https:\/\/eurotrail.info\/#\/schema\/logo\/image\/","url":"https:\/\/eurotrail.info\/wp\/wp-content\/uploads\/2023\/07\/ET-logo-quote_NL-scaled.jpg","contentUrl":"https:\/\/eurotrail.info\/wp\/wp-content\/uploads\/2023\/07\/ET-logo-quote_NL-scaled.jpg","width":2560,"height":675,"caption":"Eurotrail | The way we camp!"},"image":{"@id":"https:\/\/eurotrail.info\/#\/schema\/logo\/image\/"}}]}},"_links":{"self":[{"href":"https:\/\/eurotrail.info\/fr\/wp-json\/wp\/v2\/product\/22929","targetHints":{"allow":["GET"]}}],"collection":[{"href":"https:\/\/eurotrail.info\/fr\/wp-json\/wp\/v2\/product"}],"about":[{"href":"https:\/\/eurotrail.info\/fr\/wp-json\/wp\/v2\/types\/product"}],"replies":[{"embeddable":true,"href":"https:\/\/eurotrail.info\/fr\/wp-json\/wp\/v2\/comments?post=22929"}],"wp:featuredmedia":[{"embeddable":true,"href":"https:\/\/eurotrail.info\/fr\/wp-json\/wp\/v2\/media\/22909"}],"wp:attachment":[{"href":"https:\/\/eurotrail.info\/fr\/wp-json\/wp\/v2\/media?parent=22929"}],"wp:term":[{"taxonomy":"product_brand","embeddable":true,"href":"https:\/\/eurotrail.info\/fr\/wp-json\/wp\/v2\/product_brand?post=22929"},{"taxonomy":"product_cat","embeddable":true,"href":"https:\/\/eurotrail.info\/fr\/wp-json\/wp\/v2\/product_cat?post=22929"},{"taxonomy":"product_tag","embeddable":true,"href":"https:\/\/eurotrail.info\/fr\/wp-json\/wp\/v2\/product_tag?post=22929"}],"curies":[{"name":"wp","href":"https:\/\/api.w.org\/{rel}","templated":true}]}}