{"id":22964,"date":"2025-01-29T13:54:55","date_gmt":"2025-01-29T13:01:39","guid":{"rendered":"https:\/\/eurotrail.info\/?post_type=product&#038;p=22964"},"modified":"2025-01-29T14:01:39","modified_gmt":"2025-01-29T13:01:39","slug":"bouilloire-de-voyage-pliable","status":"publish","type":"product","link":"https:\/\/eurotrail.info\/fr\/producten\/articles-menagers\/appareils-de-cuisine-electriques\/bouilloire-de-voyage-pliable\/","title":{"rendered":"Bouilloire de voyage pliable"},"content":{"rendered":"<p>Cette nouvelle bouilloire pliable est une solution innovante pour tous ceux qui recherchent commodit\u00e9 et gain de place. Ce mod\u00e8le est facile \u00e0 utiliser et se plie de mani\u00e8re compacte, ce qui le rend id\u00e9al pour les petites cuisines, en d\u00e9placement ou au bureau. Avec une protection contre l&#8217;\u00e9bullition \u00e0 sec et une protection contre la surchauffe, cette bouilloire offre un moyen s\u00fbr et fiable de faire bouillir rapidement de l&#8217;eau. Que vous souhaitiez pr\u00e9parer du th\u00e9, du caf\u00e9 ou des repas instantan\u00e9s, cette bouilloire est con\u00e7ue pour r\u00e9pondre \u00e0 vos besoins, avec une attention particuli\u00e8re port\u00e9e \u00e0 la s\u00e9curit\u00e9 et \u00e0 la facilit\u00e9 d&#8217;utilisation.<\/p>\n<p>Mat\u00e9riau\u00a0: Silicone (sans danger pour les aliments, r\u00e9sistant aux hautes temp\u00e9ratures) et PP, SUS304<br \/>\nChauffage : \u00c9l\u00e9ment chauffant plat en acier inoxydable<br \/>\nTension d&#8217;entr\u00e9e : 220-240 V~ 50\/60 Hz, 600 W<br \/>\nContenu : 0,6 L<br \/>\nDimensions : \u00d8 14,5 x 8,5 cm<br \/>\nPoids : 616g<\/p>\n","protected":false},"excerpt":{"rendered":"<p>Cette nouvelle bouilloire pliable est une solution innovante pour tous ceux qui recherchent commodit\u00e9 et gain de place. Ce mod\u00e8le est facile \u00e0 utiliser et&hellip;<\/p>\n","protected":false},"featured_media":22959,"comment_status":"open","ping_status":"closed","template":"","meta":{"_acf_changed":false},"product_brand":[],"product_cat":[287,243],"product_tag":[],"class_list":{"0":"post-22964","1":"product","2":"type-product","3":"status-publish","4":"has-post-thumbnail","6":"product_cat-appareils-de-cuisine-electriques","7":"product_cat-articles-menagers","9":"first","10":"instock","11":"shipping-taxable","12":"product-type-simple"},"acf":[],"yoast_head":"<!-- This site is optimized with the Yoast SEO plugin v27.3 - https:\/\/yoast.com\/product\/yoast-seo-wordpress\/ -->\n<title>Bouilloire de voyage pliable - Eurotrail | The way we camp!<\/title>\n<meta name=\"description\" content=\"bouilloire pliable est une solution innovante pour tous ceux qui recherchent commodit\u00e9 et gain de place. Facile \u00e0 utiliser et se plie de mani\u00e8re compacte\" \/>\n<meta name=\"robots\" content=\"index, follow, max-snippet:-1, max-image-preview:large, max-video-preview:-1\" \/>\n<link rel=\"canonical\" href=\"https:\/\/eurotrail.info\/fr\/producten\/articles-menagers\/appareils-de-cuisine-electriques\/bouilloire-de-voyage-pliable\/\" \/>\n<meta property=\"og:locale\" content=\"fr_FR\" \/>\n<meta property=\"og:type\" content=\"article\" \/>\n<meta property=\"og:title\" content=\"Bouilloire de voyage pliable - Eurotrail | The way we camp!\" \/>\n<meta property=\"og:description\" content=\"bouilloire pliable est une solution innovante pour tous ceux qui recherchent commodit\u00e9 et gain de place. Facile \u00e0 utiliser et se plie de mani\u00e8re compacte\" \/>\n<meta property=\"og:url\" content=\"https:\/\/eurotrail.info\/fr\/producten\/articles-menagers\/appareils-de-cuisine-electriques\/bouilloire-de-voyage-pliable\/\" \/>\n<meta property=\"og:site_name\" content=\"Eurotrail | The way we camp!\" \/>\n<meta property=\"og:image\" content=\"https:\/\/eurotrail.info\/wp\/wp-content\/uploads\/2025\/01\/ETKW6012-Reisewasserkocher-6-scaled.jpg\" \/>\n\t<meta property=\"og:image:width\" content=\"2560\" \/>\n\t<meta property=\"og:image:height\" content=\"2013\" \/>\n\t<meta property=\"og:image:type\" content=\"image\/jpeg\" \/>\n<meta name=\"twitter:card\" content=\"summary_large_image\" \/>\n<meta name=\"twitter:label1\" content=\"Dur\u00e9e de lecture estim\u00e9e\" \/>\n\t<meta name=\"twitter:data1\" content=\"1 minute\" \/>\n<script type=\"application\/ld+json\" class=\"yoast-schema-graph\">{\"@context\":\"https:\\\/\\\/schema.org\",\"@graph\":[{\"@type\":\"WebPage\",\"@id\":\"https:\\\/\\\/eurotrail.info\\\/fr\\\/producten\\\/articles-menagers\\\/appareils-de-cuisine-electriques\\\/bouilloire-de-voyage-pliable\\\/\",\"url\":\"https:\\\/\\\/eurotrail.info\\\/fr\\\/producten\\\/articles-menagers\\\/appareils-de-cuisine-electriques\\\/bouilloire-de-voyage-pliable\\\/\",\"name\":\"Bouilloire de voyage pliable - Eurotrail | The way we camp!\",\"isPartOf\":{\"@id\":\"https:\\\/\\\/eurotrail.info\\\/#website\"},\"primaryImageOfPage\":{\"@id\":\"https:\\\/\\\/eurotrail.info\\\/fr\\\/producten\\\/articles-menagers\\\/appareils-de-cuisine-electriques\\\/bouilloire-de-voyage-pliable\\\/#primaryimage\"},\"image\":{\"@id\":\"https:\\\/\\\/eurotrail.info\\\/fr\\\/producten\\\/articles-menagers\\\/appareils-de-cuisine-electriques\\\/bouilloire-de-voyage-pliable\\\/#primaryimage\"},\"thumbnailUrl\":\"https:\\\/\\\/eurotrail.info\\\/wp\\\/wp-content\\\/uploads\\\/2025\\\/01\\\/ETKW6012-Reisewasserkocher-6-scaled.jpg\",\"datePublished\":\"2025-01-29T13:01:39+00:00\",\"description\":\"bouilloire pliable est une solution innovante pour tous ceux qui recherchent commodit\u00e9 et gain de place. Facile \u00e0 utiliser et se plie de mani\u00e8re compacte\",\"breadcrumb\":{\"@id\":\"https:\\\/\\\/eurotrail.info\\\/fr\\\/producten\\\/articles-menagers\\\/appareils-de-cuisine-electriques\\\/bouilloire-de-voyage-pliable\\\/#breadcrumb\"},\"inLanguage\":\"fr-FR\",\"potentialAction\":[{\"@type\":\"ReadAction\",\"target\":[\"https:\\\/\\\/eurotrail.info\\\/fr\\\/producten\\\/articles-menagers\\\/appareils-de-cuisine-electriques\\\/bouilloire-de-voyage-pliable\\\/\"]}]},{\"@type\":\"ImageObject\",\"inLanguage\":\"fr-FR\",\"@id\":\"https:\\\/\\\/eurotrail.info\\\/fr\\\/producten\\\/articles-menagers\\\/appareils-de-cuisine-electriques\\\/bouilloire-de-voyage-pliable\\\/#primaryimage\",\"url\":\"https:\\\/\\\/eurotrail.info\\\/wp\\\/wp-content\\\/uploads\\\/2025\\\/01\\\/ETKW6012-Reisewasserkocher-6-scaled.jpg\",\"contentUrl\":\"https:\\\/\\\/eurotrail.info\\\/wp\\\/wp-content\\\/uploads\\\/2025\\\/01\\\/ETKW6012-Reisewasserkocher-6-scaled.jpg\",\"width\":2560,\"height\":2013,\"caption\":\"eenvoudig in gebruik en kan compact worden opgevouwen\"},{\"@type\":\"BreadcrumbList\",\"@id\":\"https:\\\/\\\/eurotrail.info\\\/fr\\\/producten\\\/articles-menagers\\\/appareils-de-cuisine-electriques\\\/bouilloire-de-voyage-pliable\\\/#breadcrumb\",\"itemListElement\":[{\"@type\":\"ListItem\",\"position\":1,\"name\":\"Home\",\"item\":\"https:\\\/\\\/eurotrail.info\\\/fr\\\/\"},{\"@type\":\"ListItem\",\"position\":2,\"name\":\"Produits\",\"item\":\"https:\\\/\\\/eurotrail.info\\\/fr\\\/produits\\\/\"},{\"@type\":\"ListItem\",\"position\":3,\"name\":\"Bouilloire de voyage pliable\"}]},{\"@type\":\"WebSite\",\"@id\":\"https:\\\/\\\/eurotrail.info\\\/#website\",\"url\":\"https:\\\/\\\/eurotrail.info\\\/\",\"name\":\"Eurotrail | The way we camp!\",\"description\":\"\",\"publisher\":{\"@id\":\"https:\\\/\\\/eurotrail.info\\\/#organization\"},\"potentialAction\":[{\"@type\":\"SearchAction\",\"target\":{\"@type\":\"EntryPoint\",\"urlTemplate\":\"https:\\\/\\\/eurotrail.info\\\/?s={search_term_string}\"},\"query-input\":{\"@type\":\"PropertyValueSpecification\",\"valueRequired\":true,\"valueName\":\"search_term_string\"}}],\"inLanguage\":\"fr-FR\"},{\"@type\":\"Organization\",\"@id\":\"https:\\\/\\\/eurotrail.info\\\/#organization\",\"name\":\"Eurotrail | The way we camp!\",\"url\":\"https:\\\/\\\/eurotrail.info\\\/\",\"logo\":{\"@type\":\"ImageObject\",\"inLanguage\":\"fr-FR\",\"@id\":\"https:\\\/\\\/eurotrail.info\\\/#\\\/schema\\\/logo\\\/image\\\/\",\"url\":\"https:\\\/\\\/eurotrail.info\\\/wp\\\/wp-content\\\/uploads\\\/2023\\\/07\\\/ET-logo-quote_NL-scaled.jpg\",\"contentUrl\":\"https:\\\/\\\/eurotrail.info\\\/wp\\\/wp-content\\\/uploads\\\/2023\\\/07\\\/ET-logo-quote_NL-scaled.jpg\",\"width\":2560,\"height\":675,\"caption\":\"Eurotrail | The way we camp!\"},\"image\":{\"@id\":\"https:\\\/\\\/eurotrail.info\\\/#\\\/schema\\\/logo\\\/image\\\/\"}}]}<\/script>\n<!-- \/ Yoast SEO plugin. -->","yoast_head_json":{"title":"Bouilloire de voyage pliable - Eurotrail | The way we camp!","description":"bouilloire pliable est une solution innovante pour tous ceux qui recherchent commodit\u00e9 et gain de place. Facile \u00e0 utiliser et se plie de mani\u00e8re compacte","robots":{"index":"index","follow":"follow","max-snippet":"max-snippet:-1","max-image-preview":"max-image-preview:large","max-video-preview":"max-video-preview:-1"},"canonical":"https:\/\/eurotrail.info\/fr\/producten\/articles-menagers\/appareils-de-cuisine-electriques\/bouilloire-de-voyage-pliable\/","og_locale":"fr_FR","og_type":"article","og_title":"Bouilloire de voyage pliable - Eurotrail | The way we camp!","og_description":"bouilloire pliable est une solution innovante pour tous ceux qui recherchent commodit\u00e9 et gain de place. Facile \u00e0 utiliser et se plie de mani\u00e8re compacte","og_url":"https:\/\/eurotrail.info\/fr\/producten\/articles-menagers\/appareils-de-cuisine-electriques\/bouilloire-de-voyage-pliable\/","og_site_name":"Eurotrail | The way we camp!","og_image":[{"width":2560,"height":2013,"url":"https:\/\/eurotrail.info\/wp\/wp-content\/uploads\/2025\/01\/ETKW6012-Reisewasserkocher-6-scaled.jpg","type":"image\/jpeg"}],"twitter_card":"summary_large_image","twitter_misc":{"Dur\u00e9e de lecture estim\u00e9e":"1 minute"},"schema":{"@context":"https:\/\/schema.org","@graph":[{"@type":"WebPage","@id":"https:\/\/eurotrail.info\/fr\/producten\/articles-menagers\/appareils-de-cuisine-electriques\/bouilloire-de-voyage-pliable\/","url":"https:\/\/eurotrail.info\/fr\/producten\/articles-menagers\/appareils-de-cuisine-electriques\/bouilloire-de-voyage-pliable\/","name":"Bouilloire de voyage pliable - Eurotrail | The way we camp!","isPartOf":{"@id":"https:\/\/eurotrail.info\/#website"},"primaryImageOfPage":{"@id":"https:\/\/eurotrail.info\/fr\/producten\/articles-menagers\/appareils-de-cuisine-electriques\/bouilloire-de-voyage-pliable\/#primaryimage"},"image":{"@id":"https:\/\/eurotrail.info\/fr\/producten\/articles-menagers\/appareils-de-cuisine-electriques\/bouilloire-de-voyage-pliable\/#primaryimage"},"thumbnailUrl":"https:\/\/eurotrail.info\/wp\/wp-content\/uploads\/2025\/01\/ETKW6012-Reisewasserkocher-6-scaled.jpg","datePublished":"2025-01-29T13:01:39+00:00","description":"bouilloire pliable est une solution innovante pour tous ceux qui recherchent commodit\u00e9 et gain de place. Facile \u00e0 utiliser et se plie de mani\u00e8re compacte","breadcrumb":{"@id":"https:\/\/eurotrail.info\/fr\/producten\/articles-menagers\/appareils-de-cuisine-electriques\/bouilloire-de-voyage-pliable\/#breadcrumb"},"inLanguage":"fr-FR","potentialAction":[{"@type":"ReadAction","target":["https:\/\/eurotrail.info\/fr\/producten\/articles-menagers\/appareils-de-cuisine-electriques\/bouilloire-de-voyage-pliable\/"]}]},{"@type":"ImageObject","inLanguage":"fr-FR","@id":"https:\/\/eurotrail.info\/fr\/producten\/articles-menagers\/appareils-de-cuisine-electriques\/bouilloire-de-voyage-pliable\/#primaryimage","url":"https:\/\/eurotrail.info\/wp\/wp-content\/uploads\/2025\/01\/ETKW6012-Reisewasserkocher-6-scaled.jpg","contentUrl":"https:\/\/eurotrail.info\/wp\/wp-content\/uploads\/2025\/01\/ETKW6012-Reisewasserkocher-6-scaled.jpg","width":2560,"height":2013,"caption":"eenvoudig in gebruik en kan compact worden opgevouwen"},{"@type":"BreadcrumbList","@id":"https:\/\/eurotrail.info\/fr\/producten\/articles-menagers\/appareils-de-cuisine-electriques\/bouilloire-de-voyage-pliable\/#breadcrumb","itemListElement":[{"@type":"ListItem","position":1,"name":"Home","item":"https:\/\/eurotrail.info\/fr\/"},{"@type":"ListItem","position":2,"name":"Produits","item":"https:\/\/eurotrail.info\/fr\/produits\/"},{"@type":"ListItem","position":3,"name":"Bouilloire de voyage pliable"}]},{"@type":"WebSite","@id":"https:\/\/eurotrail.info\/#website","url":"https:\/\/eurotrail.info\/","name":"Eurotrail | The way we camp!","description":"","publisher":{"@id":"https:\/\/eurotrail.info\/#organization"},"potentialAction":[{"@type":"SearchAction","target":{"@type":"EntryPoint","urlTemplate":"https:\/\/eurotrail.info\/?s={search_term_string}"},"query-input":{"@type":"PropertyValueSpecification","valueRequired":true,"valueName":"search_term_string"}}],"inLanguage":"fr-FR"},{"@type":"Organization","@id":"https:\/\/eurotrail.info\/#organization","name":"Eurotrail | The way we camp!","url":"https:\/\/eurotrail.info\/","logo":{"@type":"ImageObject","inLanguage":"fr-FR","@id":"https:\/\/eurotrail.info\/#\/schema\/logo\/image\/","url":"https:\/\/eurotrail.info\/wp\/wp-content\/uploads\/2023\/07\/ET-logo-quote_NL-scaled.jpg","contentUrl":"https:\/\/eurotrail.info\/wp\/wp-content\/uploads\/2023\/07\/ET-logo-quote_NL-scaled.jpg","width":2560,"height":675,"caption":"Eurotrail | The way we camp!"},"image":{"@id":"https:\/\/eurotrail.info\/#\/schema\/logo\/image\/"}}]}},"_links":{"self":[{"href":"https:\/\/eurotrail.info\/fr\/wp-json\/wp\/v2\/product\/22964","targetHints":{"allow":["GET"]}}],"collection":[{"href":"https:\/\/eurotrail.info\/fr\/wp-json\/wp\/v2\/product"}],"about":[{"href":"https:\/\/eurotrail.info\/fr\/wp-json\/wp\/v2\/types\/product"}],"replies":[{"embeddable":true,"href":"https:\/\/eurotrail.info\/fr\/wp-json\/wp\/v2\/comments?post=22964"}],"wp:featuredmedia":[{"embeddable":true,"href":"https:\/\/eurotrail.info\/fr\/wp-json\/wp\/v2\/media\/22959"}],"wp:attachment":[{"href":"https:\/\/eurotrail.info\/fr\/wp-json\/wp\/v2\/media?parent=22964"}],"wp:term":[{"taxonomy":"product_brand","embeddable":true,"href":"https:\/\/eurotrail.info\/fr\/wp-json\/wp\/v2\/product_brand?post=22964"},{"taxonomy":"product_cat","embeddable":true,"href":"https:\/\/eurotrail.info\/fr\/wp-json\/wp\/v2\/product_cat?post=22964"},{"taxonomy":"product_tag","embeddable":true,"href":"https:\/\/eurotrail.info\/fr\/wp-json\/wp\/v2\/product_tag?post=22964"}],"curies":[{"name":"wp","href":"https:\/\/api.w.org\/{rel}","templated":true}]}}