{"id":22995,"date":"2025-01-29T14:16:43","date_gmt":"2025-01-29T13:16:43","guid":{"rendered":"https:\/\/eurotrail.info\/?post_type=product&#038;p=22995"},"modified":"2026-01-09T14:25:52","modified_gmt":"2026-01-09T13:25:52","slug":"relax-matelas-avec-pompe-integree","status":"publish","type":"product","link":"https:\/\/eurotrail.info\/fr\/producten\/matelas-auto-gonflables\/matelas-gonflables\/relax-matelas-avec-pompe-integree\/","title":{"rendered":"Relax Matelas avec pompe int\u00e9gr\u00e9e"},"content":{"rendered":"<p><strong>Matelas de couchage Eurotrail Relax &#8211; Confort et commodit\u00e9 ultimes<\/strong><\/p>\n<p>Profitez d&#8217;une merveilleuse nuit de sommeil avec le matelas de couchage Eurotrail Relax, disponible en 10 cm ou 15 cm d&#8217;\u00e9paisseur. Gr\u00e2ce \u00e0 la pompe int\u00e9gr\u00e9e, le matelas se gonfle et se d\u00e9gonfle automatiquement. Il vous suffit de l&#8217;enrouler.<\/p>\n<p>D&#8217;une taille confortable de 198 x 65 cm, ce matelas est id\u00e9al pour la maison et le camping. La housse de transport incluse facilite le transport. De plus, la pompe est multifonctionnelle et peut \u00e9galement \u00eatre utilis\u00e9e pour d&#8217;autres \u00e9quipements de camping gonflables. Super facile \u00e0 utiliser et toujours pr\u00eat \u00e0 se d\u00e9tendre !<\/p>\n<p><em><strong>Vous voulez voir comment \u00e7a marche ? Scannez le code QR ou <a href=\"https:\/\/youtu.be\/oA4ykNxJKtk\">cliquez ici.<\/a><\/strong><\/em><\/p>\n<p>Mati\u00e8re : tissu tricot\u00e9 30D + 0,08 mm TPU \/ 190T polyester pong\u00e9 + 0,08 mm TPU<br \/>\nPompe : pompe rechargeable de 0,73 PSI<br \/>\nMousse : densit\u00e9 19 kg, valeur R 5,9.<br \/>\nDimensions :<br \/>\nRelax Powerflow 10 : 198 x 65 x 10 cm, poids : 2,75 kg.<br \/>\nRelax Powerflow 15 : 198 x 65 x 15 cm, poids : 3,25 kg.<\/p>\n","protected":false},"excerpt":{"rendered":"<p>Matelas de couchage Eurotrail Relax &#8211; Confort et commodit\u00e9 ultimes Profitez d&#8217;une merveilleuse nuit de sommeil avec le matelas de couchage Eurotrail Relax, disponible en&hellip;<\/p>\n","protected":false},"featured_media":22975,"comment_status":"open","ping_status":"closed","template":"","meta":{"_acf_changed":false},"product_brand":[],"product_cat":[266,268],"product_tag":[],"class_list":{"0":"post-22995","1":"product","2":"type-product","3":"status-publish","4":"has-post-thumbnail","6":"product_cat-matelas-auto-gonflables","7":"product_cat-matelas-gonflables","9":"first","10":"instock","11":"shipping-taxable","12":"product-type-simple"},"acf":[],"yoast_head":"<!-- This site is optimized with the Yoast SEO plugin v27.4 - https:\/\/yoast.com\/product\/yoast-seo-wordpress\/ -->\n<title>Relax Matelas avec pompe int\u00e9gr\u00e9e - Eurotrail | The way we camp!<\/title>\n<meta name=\"description\" content=\"Matelas de couchage Relax, disponible en 10 cm ou 15 cm d&#039;\u00e9paisseur. Gr\u00e2ce \u00e0 la pompe int\u00e9gr\u00e9e, le matelas se gonfle et se d\u00e9gonfle automatiquement.\" \/>\n<meta name=\"robots\" content=\"index, follow, max-snippet:-1, max-image-preview:large, max-video-preview:-1\" \/>\n<link rel=\"canonical\" href=\"https:\/\/eurotrail.info\/fr\/producten\/matelas-auto-gonflables\/matelas-gonflables\/relax-matelas-avec-pompe-integree\/\" \/>\n<meta property=\"og:locale\" content=\"fr_FR\" \/>\n<meta property=\"og:type\" content=\"article\" \/>\n<meta property=\"og:title\" content=\"Relax Matelas avec pompe int\u00e9gr\u00e9e - Eurotrail | The way we camp!\" \/>\n<meta property=\"og:description\" content=\"Matelas de couchage Relax, disponible en 10 cm ou 15 cm d&#039;\u00e9paisseur. Gr\u00e2ce \u00e0 la pompe int\u00e9gr\u00e9e, le matelas se gonfle et se d\u00e9gonfle automatiquement.\" \/>\n<meta property=\"og:url\" content=\"https:\/\/eurotrail.info\/fr\/producten\/matelas-auto-gonflables\/matelas-gonflables\/relax-matelas-avec-pompe-integree\/\" \/>\n<meta property=\"og:site_name\" content=\"Eurotrail | The way we camp!\" \/>\n<meta property=\"article:modified_time\" content=\"2026-01-09T13:25:52+00:00\" \/>\n<meta property=\"og:image\" content=\"https:\/\/eurotrail.info\/wp\/wp-content\/uploads\/2025\/01\/ETIC0203-0204-Relax-Sleepingpad_3204_25-1-scaled.jpg\" \/>\n\t<meta property=\"og:image:width\" content=\"2560\" \/>\n\t<meta property=\"og:image:height\" content=\"1756\" \/>\n\t<meta property=\"og:image:type\" content=\"image\/jpeg\" \/>\n<meta name=\"twitter:card\" content=\"summary_large_image\" \/>\n<meta name=\"twitter:label1\" content=\"Dur\u00e9e de lecture estim\u00e9e\" \/>\n\t<meta name=\"twitter:data1\" content=\"2 minutes\" \/>\n<script type=\"application\/ld+json\" class=\"yoast-schema-graph\">{\"@context\":\"https:\\\/\\\/schema.org\",\"@graph\":[{\"@type\":\"WebPage\",\"@id\":\"https:\\\/\\\/eurotrail.info\\\/fr\\\/producten\\\/matelas-auto-gonflables\\\/matelas-gonflables\\\/relax-matelas-avec-pompe-integree\\\/\",\"url\":\"https:\\\/\\\/eurotrail.info\\\/fr\\\/producten\\\/matelas-auto-gonflables\\\/matelas-gonflables\\\/relax-matelas-avec-pompe-integree\\\/\",\"name\":\"Relax Matelas avec pompe int\u00e9gr\u00e9e - Eurotrail | The way we camp!\",\"isPartOf\":{\"@id\":\"https:\\\/\\\/eurotrail.info\\\/#website\"},\"primaryImageOfPage\":{\"@id\":\"https:\\\/\\\/eurotrail.info\\\/fr\\\/producten\\\/matelas-auto-gonflables\\\/matelas-gonflables\\\/relax-matelas-avec-pompe-integree\\\/#primaryimage\"},\"image\":{\"@id\":\"https:\\\/\\\/eurotrail.info\\\/fr\\\/producten\\\/matelas-auto-gonflables\\\/matelas-gonflables\\\/relax-matelas-avec-pompe-integree\\\/#primaryimage\"},\"thumbnailUrl\":\"https:\\\/\\\/eurotrail.info\\\/wp\\\/wp-content\\\/uploads\\\/2025\\\/01\\\/ETIC0203-0204-Relax-Sleepingpad_3204_25-1-scaled.jpg\",\"datePublished\":\"2025-01-29T13:16:43+00:00\",\"dateModified\":\"2026-01-09T13:25:52+00:00\",\"description\":\"Matelas de couchage Relax, disponible en 10 cm ou 15 cm d'\u00e9paisseur. Gr\u00e2ce \u00e0 la pompe int\u00e9gr\u00e9e, le matelas se gonfle et se d\u00e9gonfle automatiquement.\",\"breadcrumb\":{\"@id\":\"https:\\\/\\\/eurotrail.info\\\/fr\\\/producten\\\/matelas-auto-gonflables\\\/matelas-gonflables\\\/relax-matelas-avec-pompe-integree\\\/#breadcrumb\"},\"inLanguage\":\"fr-FR\",\"potentialAction\":[{\"@type\":\"ReadAction\",\"target\":[\"https:\\\/\\\/eurotrail.info\\\/fr\\\/producten\\\/matelas-auto-gonflables\\\/matelas-gonflables\\\/relax-matelas-avec-pompe-integree\\\/\"]}]},{\"@type\":\"ImageObject\",\"inLanguage\":\"fr-FR\",\"@id\":\"https:\\\/\\\/eurotrail.info\\\/fr\\\/producten\\\/matelas-auto-gonflables\\\/matelas-gonflables\\\/relax-matelas-avec-pompe-integree\\\/#primaryimage\",\"url\":\"https:\\\/\\\/eurotrail.info\\\/wp\\\/wp-content\\\/uploads\\\/2025\\\/01\\\/ETIC0203-0204-Relax-Sleepingpad_3204_25-1-scaled.jpg\",\"contentUrl\":\"https:\\\/\\\/eurotrail.info\\\/wp\\\/wp-content\\\/uploads\\\/2025\\\/01\\\/ETIC0203-0204-Relax-Sleepingpad_3204_25-1-scaled.jpg\",\"width\":2560,\"height\":1756,\"caption\":\"Slaapmat met een ingebouwde elektrische pomp. Leverbaar in 10 en 15 cm dikte.\"},{\"@type\":\"BreadcrumbList\",\"@id\":\"https:\\\/\\\/eurotrail.info\\\/fr\\\/producten\\\/matelas-auto-gonflables\\\/matelas-gonflables\\\/relax-matelas-avec-pompe-integree\\\/#breadcrumb\",\"itemListElement\":[{\"@type\":\"ListItem\",\"position\":1,\"name\":\"Home\",\"item\":\"https:\\\/\\\/eurotrail.info\\\/fr\\\/\"},{\"@type\":\"ListItem\",\"position\":2,\"name\":\"Produits\",\"item\":\"https:\\\/\\\/eurotrail.info\\\/fr\\\/produits\\\/\"},{\"@type\":\"ListItem\",\"position\":3,\"name\":\"Relax Matelas avec pompe int\u00e9gr\u00e9e\"}]},{\"@type\":\"WebSite\",\"@id\":\"https:\\\/\\\/eurotrail.info\\\/#website\",\"url\":\"https:\\\/\\\/eurotrail.info\\\/\",\"name\":\"Eurotrail | The way we camp!\",\"description\":\"\",\"publisher\":{\"@id\":\"https:\\\/\\\/eurotrail.info\\\/#organization\"},\"potentialAction\":[{\"@type\":\"SearchAction\",\"target\":{\"@type\":\"EntryPoint\",\"urlTemplate\":\"https:\\\/\\\/eurotrail.info\\\/?s={search_term_string}\"},\"query-input\":{\"@type\":\"PropertyValueSpecification\",\"valueRequired\":true,\"valueName\":\"search_term_string\"}}],\"inLanguage\":\"fr-FR\"},{\"@type\":\"Organization\",\"@id\":\"https:\\\/\\\/eurotrail.info\\\/#organization\",\"name\":\"Eurotrail | The way we camp!\",\"url\":\"https:\\\/\\\/eurotrail.info\\\/\",\"logo\":{\"@type\":\"ImageObject\",\"inLanguage\":\"fr-FR\",\"@id\":\"https:\\\/\\\/eurotrail.info\\\/#\\\/schema\\\/logo\\\/image\\\/\",\"url\":\"https:\\\/\\\/eurotrail.info\\\/wp\\\/wp-content\\\/uploads\\\/2023\\\/07\\\/ET-logo-quote_NL-scaled.jpg\",\"contentUrl\":\"https:\\\/\\\/eurotrail.info\\\/wp\\\/wp-content\\\/uploads\\\/2023\\\/07\\\/ET-logo-quote_NL-scaled.jpg\",\"width\":2560,\"height\":675,\"caption\":\"Eurotrail | The way we camp!\"},\"image\":{\"@id\":\"https:\\\/\\\/eurotrail.info\\\/#\\\/schema\\\/logo\\\/image\\\/\"}}]}<\/script>\n<!-- \/ Yoast SEO plugin. -->","yoast_head_json":{"title":"Relax Matelas avec pompe int\u00e9gr\u00e9e - Eurotrail | The way we camp!","description":"Matelas de couchage Relax, disponible en 10 cm ou 15 cm d'\u00e9paisseur. Gr\u00e2ce \u00e0 la pompe int\u00e9gr\u00e9e, le matelas se gonfle et se d\u00e9gonfle automatiquement.","robots":{"index":"index","follow":"follow","max-snippet":"max-snippet:-1","max-image-preview":"max-image-preview:large","max-video-preview":"max-video-preview:-1"},"canonical":"https:\/\/eurotrail.info\/fr\/producten\/matelas-auto-gonflables\/matelas-gonflables\/relax-matelas-avec-pompe-integree\/","og_locale":"fr_FR","og_type":"article","og_title":"Relax Matelas avec pompe int\u00e9gr\u00e9e - Eurotrail | The way we camp!","og_description":"Matelas de couchage Relax, disponible en 10 cm ou 15 cm d'\u00e9paisseur. Gr\u00e2ce \u00e0 la pompe int\u00e9gr\u00e9e, le matelas se gonfle et se d\u00e9gonfle automatiquement.","og_url":"https:\/\/eurotrail.info\/fr\/producten\/matelas-auto-gonflables\/matelas-gonflables\/relax-matelas-avec-pompe-integree\/","og_site_name":"Eurotrail | The way we camp!","article_modified_time":"2026-01-09T13:25:52+00:00","og_image":[{"width":2560,"height":1756,"url":"https:\/\/eurotrail.info\/wp\/wp-content\/uploads\/2025\/01\/ETIC0203-0204-Relax-Sleepingpad_3204_25-1-scaled.jpg","type":"image\/jpeg"}],"twitter_card":"summary_large_image","twitter_misc":{"Dur\u00e9e de lecture estim\u00e9e":"2 minutes"},"schema":{"@context":"https:\/\/schema.org","@graph":[{"@type":"WebPage","@id":"https:\/\/eurotrail.info\/fr\/producten\/matelas-auto-gonflables\/matelas-gonflables\/relax-matelas-avec-pompe-integree\/","url":"https:\/\/eurotrail.info\/fr\/producten\/matelas-auto-gonflables\/matelas-gonflables\/relax-matelas-avec-pompe-integree\/","name":"Relax Matelas avec pompe int\u00e9gr\u00e9e - Eurotrail | The way we camp!","isPartOf":{"@id":"https:\/\/eurotrail.info\/#website"},"primaryImageOfPage":{"@id":"https:\/\/eurotrail.info\/fr\/producten\/matelas-auto-gonflables\/matelas-gonflables\/relax-matelas-avec-pompe-integree\/#primaryimage"},"image":{"@id":"https:\/\/eurotrail.info\/fr\/producten\/matelas-auto-gonflables\/matelas-gonflables\/relax-matelas-avec-pompe-integree\/#primaryimage"},"thumbnailUrl":"https:\/\/eurotrail.info\/wp\/wp-content\/uploads\/2025\/01\/ETIC0203-0204-Relax-Sleepingpad_3204_25-1-scaled.jpg","datePublished":"2025-01-29T13:16:43+00:00","dateModified":"2026-01-09T13:25:52+00:00","description":"Matelas de couchage Relax, disponible en 10 cm ou 15 cm d'\u00e9paisseur. Gr\u00e2ce \u00e0 la pompe int\u00e9gr\u00e9e, le matelas se gonfle et se d\u00e9gonfle automatiquement.","breadcrumb":{"@id":"https:\/\/eurotrail.info\/fr\/producten\/matelas-auto-gonflables\/matelas-gonflables\/relax-matelas-avec-pompe-integree\/#breadcrumb"},"inLanguage":"fr-FR","potentialAction":[{"@type":"ReadAction","target":["https:\/\/eurotrail.info\/fr\/producten\/matelas-auto-gonflables\/matelas-gonflables\/relax-matelas-avec-pompe-integree\/"]}]},{"@type":"ImageObject","inLanguage":"fr-FR","@id":"https:\/\/eurotrail.info\/fr\/producten\/matelas-auto-gonflables\/matelas-gonflables\/relax-matelas-avec-pompe-integree\/#primaryimage","url":"https:\/\/eurotrail.info\/wp\/wp-content\/uploads\/2025\/01\/ETIC0203-0204-Relax-Sleepingpad_3204_25-1-scaled.jpg","contentUrl":"https:\/\/eurotrail.info\/wp\/wp-content\/uploads\/2025\/01\/ETIC0203-0204-Relax-Sleepingpad_3204_25-1-scaled.jpg","width":2560,"height":1756,"caption":"Slaapmat met een ingebouwde elektrische pomp. Leverbaar in 10 en 15 cm dikte."},{"@type":"BreadcrumbList","@id":"https:\/\/eurotrail.info\/fr\/producten\/matelas-auto-gonflables\/matelas-gonflables\/relax-matelas-avec-pompe-integree\/#breadcrumb","itemListElement":[{"@type":"ListItem","position":1,"name":"Home","item":"https:\/\/eurotrail.info\/fr\/"},{"@type":"ListItem","position":2,"name":"Produits","item":"https:\/\/eurotrail.info\/fr\/produits\/"},{"@type":"ListItem","position":3,"name":"Relax Matelas avec pompe int\u00e9gr\u00e9e"}]},{"@type":"WebSite","@id":"https:\/\/eurotrail.info\/#website","url":"https:\/\/eurotrail.info\/","name":"Eurotrail | The way we camp!","description":"","publisher":{"@id":"https:\/\/eurotrail.info\/#organization"},"potentialAction":[{"@type":"SearchAction","target":{"@type":"EntryPoint","urlTemplate":"https:\/\/eurotrail.info\/?s={search_term_string}"},"query-input":{"@type":"PropertyValueSpecification","valueRequired":true,"valueName":"search_term_string"}}],"inLanguage":"fr-FR"},{"@type":"Organization","@id":"https:\/\/eurotrail.info\/#organization","name":"Eurotrail | The way we camp!","url":"https:\/\/eurotrail.info\/","logo":{"@type":"ImageObject","inLanguage":"fr-FR","@id":"https:\/\/eurotrail.info\/#\/schema\/logo\/image\/","url":"https:\/\/eurotrail.info\/wp\/wp-content\/uploads\/2023\/07\/ET-logo-quote_NL-scaled.jpg","contentUrl":"https:\/\/eurotrail.info\/wp\/wp-content\/uploads\/2023\/07\/ET-logo-quote_NL-scaled.jpg","width":2560,"height":675,"caption":"Eurotrail | The way we camp!"},"image":{"@id":"https:\/\/eurotrail.info\/#\/schema\/logo\/image\/"}}]}},"_links":{"self":[{"href":"https:\/\/eurotrail.info\/fr\/wp-json\/wp\/v2\/product\/22995","targetHints":{"allow":["GET"]}}],"collection":[{"href":"https:\/\/eurotrail.info\/fr\/wp-json\/wp\/v2\/product"}],"about":[{"href":"https:\/\/eurotrail.info\/fr\/wp-json\/wp\/v2\/types\/product"}],"replies":[{"embeddable":true,"href":"https:\/\/eurotrail.info\/fr\/wp-json\/wp\/v2\/comments?post=22995"}],"wp:featuredmedia":[{"embeddable":true,"href":"https:\/\/eurotrail.info\/fr\/wp-json\/wp\/v2\/media\/22975"}],"wp:attachment":[{"href":"https:\/\/eurotrail.info\/fr\/wp-json\/wp\/v2\/media?parent=22995"}],"wp:term":[{"taxonomy":"product_brand","embeddable":true,"href":"https:\/\/eurotrail.info\/fr\/wp-json\/wp\/v2\/product_brand?post=22995"},{"taxonomy":"product_cat","embeddable":true,"href":"https:\/\/eurotrail.info\/fr\/wp-json\/wp\/v2\/product_cat?post=22995"},{"taxonomy":"product_tag","embeddable":true,"href":"https:\/\/eurotrail.info\/fr\/wp-json\/wp\/v2\/product_tag?post=22995"}],"curies":[{"name":"wp","href":"https:\/\/api.w.org\/{rel}","templated":true}]}}