{"id":23031,"date":"2025-01-29T14:45:18","date_gmt":"2025-01-29T13:52:02","guid":{"rendered":"https:\/\/eurotrail.info\/?post_type=product&#038;p=23031"},"modified":"2025-01-29T14:52:02","modified_gmt":"2025-01-29T13:52:02","slug":"sirius-lampe-de-table-rechargeable","status":"publish","type":"product","link":"https:\/\/eurotrail.info\/fr\/producten\/lampes-de-camping\/sirius-lampe-de-table-rechargeable\/","title":{"rendered":"Sirius lampe de table rechargeable"},"content":{"rendered":"<p>Cette lampe de table rechargeable est la solution d&#8217;\u00e9clairage id\u00e9ale pour le camping, le jardin ou le balcon. Gr\u00e2ce \u00e0 son design astucieux, la lampe peut \u00eatre utilis\u00e9e \u00e0 deux hauteurs, ce qui vous permet d&#8217;avoir toujours le bon \u00e9clairage dans toutes les situations. Vous avez le choix entre une lumi\u00e8re blanche brillante pour un \u00e9clairage fonctionnel et une lumi\u00e8re d&#8217;ambiance chaude pour une atmosph\u00e8re chaleureuse.<\/p>\n<p>La lampe est dot\u00e9e d&#8217;un variateur de lumi\u00e8re, ce qui vous permet de r\u00e9gler facilement l&#8217;intensit\u00e9 lumineuse en fonction de vos besoins. Gr\u00e2ce \u00e0 son socle en acier robuste, la lampe est toujours stable, m\u00eame sur des surfaces irr\u00e9guli\u00e8res. Gr\u00e2ce \u00e0 la batterie rechargeable, vous n&#8217;\u00eates pas tributaire d&#8217;une alimentation \u00e9lectrique et vous pouvez emporter la lampe partout.<\/p>\n<p>Que vous lisiez un livre sous la tente, que vous d\u00eeniez sous les \u00e9toiles ou que vous souhaitiez simplement profiter d&#8217;une soir\u00e9e de d\u00e9tente en plein air, cette lampe de table polyvalente cr\u00e9e toujours l&#8217;atmosph\u00e8re ad\u00e9quate !<\/p>\n<p>Inclus: Abat-jour + tige + base en m\u00e9tal pulv\u00e9ris\u00e9 + c\u00e2ble de chargement<br \/>\nDimensions : 12 x 20 x 35 cm<br \/>\nDimensions emball\u00e9 : 12,5 x 10 x 28,5 cm<br \/>\nPoids : 596g<br \/>\n\u00c9tanch\u00e9it\u00e9 : IP44 pour une utilisation int\u00e9rieure et ext\u00e9rieure<br \/>\nLED\u00a0: 3000K<br \/>\nLumens\u00a0: 200\u00a0LM<br \/>\nType de connexion : USB-C, avec c\u00e2ble de chargement<br \/>\nBatterie : 1 batterie Li-Ion 3,7 V 2 500 mAh.<\/p>\n","protected":false},"excerpt":{"rendered":"<p>Cette lampe de table rechargeable est la solution d&#8217;\u00e9clairage id\u00e9ale pour le camping, le jardin ou le balcon. Gr\u00e2ce \u00e0 son design astucieux, la lampe&hellip;<\/p>\n","protected":false},"featured_media":23227,"comment_status":"open","ping_status":"closed","template":"","meta":{"_acf_changed":false},"product_brand":[],"product_cat":[283],"product_tag":[],"class_list":{"0":"post-23031","1":"product","2":"type-product","3":"status-publish","4":"has-post-thumbnail","6":"product_cat-lampes-de-camping","8":"first","9":"instock","10":"shipping-taxable","11":"product-type-simple"},"acf":[],"yoast_head":"<!-- This site is optimized with the Yoast SEO plugin v27.3 - https:\/\/yoast.com\/product\/yoast-seo-wordpress\/ -->\n<title>Sirius lampe de table rechargeable - Eurotrail | The way we camp!<\/title>\n<meta name=\"description\" content=\"Lampe de table rechargeable est la solution d&#039;\u00e9clairage parfaite pour le camping, le jardin ou le balcon. Lumi\u00e8re blanche ou chaude \u00e0 intensit\u00e9 variable.\" \/>\n<meta name=\"robots\" content=\"index, follow, max-snippet:-1, max-image-preview:large, max-video-preview:-1\" \/>\n<link rel=\"canonical\" href=\"https:\/\/eurotrail.info\/fr\/producten\/lampes-de-camping\/sirius-lampe-de-table-rechargeable\/\" \/>\n<meta property=\"og:locale\" content=\"fr_FR\" \/>\n<meta property=\"og:type\" content=\"article\" \/>\n<meta property=\"og:title\" content=\"Sirius lampe de table rechargeable - Eurotrail | The way we camp!\" \/>\n<meta property=\"og:description\" content=\"Lampe de table rechargeable est la solution d&#039;\u00e9clairage parfaite pour le camping, le jardin ou le balcon. Lumi\u00e8re blanche ou chaude \u00e0 intensit\u00e9 variable.\" \/>\n<meta property=\"og:url\" content=\"https:\/\/eurotrail.info\/fr\/producten\/lampes-de-camping\/sirius-lampe-de-table-rechargeable\/\" \/>\n<meta property=\"og:site_name\" content=\"Eurotrail | The way we camp!\" \/>\n<meta property=\"og:image\" content=\"https:\/\/eurotrail.info\/wp\/wp-content\/uploads\/2025\/01\/ETLT1245-Sirius-11-scaled.jpg\" \/>\n\t<meta property=\"og:image:width\" content=\"2560\" \/>\n\t<meta property=\"og:image:height\" content=\"2533\" \/>\n\t<meta property=\"og:image:type\" content=\"image\/jpeg\" \/>\n<meta name=\"twitter:card\" content=\"summary_large_image\" \/>\n<meta name=\"twitter:label1\" content=\"Dur\u00e9e de lecture estim\u00e9e\" \/>\n\t<meta name=\"twitter:data1\" content=\"2 minutes\" \/>\n<script type=\"application\/ld+json\" class=\"yoast-schema-graph\">{\"@context\":\"https:\\\/\\\/schema.org\",\"@graph\":[{\"@type\":\"WebPage\",\"@id\":\"https:\\\/\\\/eurotrail.info\\\/fr\\\/producten\\\/lampes-de-camping\\\/sirius-lampe-de-table-rechargeable\\\/\",\"url\":\"https:\\\/\\\/eurotrail.info\\\/fr\\\/producten\\\/lampes-de-camping\\\/sirius-lampe-de-table-rechargeable\\\/\",\"name\":\"Sirius lampe de table rechargeable - Eurotrail | The way we camp!\",\"isPartOf\":{\"@id\":\"https:\\\/\\\/eurotrail.info\\\/#website\"},\"primaryImageOfPage\":{\"@id\":\"https:\\\/\\\/eurotrail.info\\\/fr\\\/producten\\\/lampes-de-camping\\\/sirius-lampe-de-table-rechargeable\\\/#primaryimage\"},\"image\":{\"@id\":\"https:\\\/\\\/eurotrail.info\\\/fr\\\/producten\\\/lampes-de-camping\\\/sirius-lampe-de-table-rechargeable\\\/#primaryimage\"},\"thumbnailUrl\":\"https:\\\/\\\/eurotrail.info\\\/wp\\\/wp-content\\\/uploads\\\/2025\\\/01\\\/ETLT1245-Sirius-11-scaled.jpg\",\"datePublished\":\"2025-01-29T13:52:02+00:00\",\"description\":\"Lampe de table rechargeable est la solution d'\u00e9clairage parfaite pour le camping, le jardin ou le balcon. Lumi\u00e8re blanche ou chaude \u00e0 intensit\u00e9 variable.\",\"breadcrumb\":{\"@id\":\"https:\\\/\\\/eurotrail.info\\\/fr\\\/producten\\\/lampes-de-camping\\\/sirius-lampe-de-table-rechargeable\\\/#breadcrumb\"},\"inLanguage\":\"fr-FR\",\"potentialAction\":[{\"@type\":\"ReadAction\",\"target\":[\"https:\\\/\\\/eurotrail.info\\\/fr\\\/producten\\\/lampes-de-camping\\\/sirius-lampe-de-table-rechargeable\\\/\"]}]},{\"@type\":\"ImageObject\",\"inLanguage\":\"fr-FR\",\"@id\":\"https:\\\/\\\/eurotrail.info\\\/fr\\\/producten\\\/lampes-de-camping\\\/sirius-lampe-de-table-rechargeable\\\/#primaryimage\",\"url\":\"https:\\\/\\\/eurotrail.info\\\/wp\\\/wp-content\\\/uploads\\\/2025\\\/01\\\/ETLT1245-Sirius-11-scaled.jpg\",\"contentUrl\":\"https:\\\/\\\/eurotrail.info\\\/wp\\\/wp-content\\\/uploads\\\/2025\\\/01\\\/ETLT1245-Sirius-11-scaled.jpg\",\"width\":2560,\"height\":2533,\"caption\":\"ETLT1245 Sirius oplaadbare tafellamp\"},{\"@type\":\"BreadcrumbList\",\"@id\":\"https:\\\/\\\/eurotrail.info\\\/fr\\\/producten\\\/lampes-de-camping\\\/sirius-lampe-de-table-rechargeable\\\/#breadcrumb\",\"itemListElement\":[{\"@type\":\"ListItem\",\"position\":1,\"name\":\"Home\",\"item\":\"https:\\\/\\\/eurotrail.info\\\/fr\\\/\"},{\"@type\":\"ListItem\",\"position\":2,\"name\":\"Produits\",\"item\":\"https:\\\/\\\/eurotrail.info\\\/fr\\\/produits\\\/\"},{\"@type\":\"ListItem\",\"position\":3,\"name\":\"Sirius lampe de table rechargeable\"}]},{\"@type\":\"WebSite\",\"@id\":\"https:\\\/\\\/eurotrail.info\\\/#website\",\"url\":\"https:\\\/\\\/eurotrail.info\\\/\",\"name\":\"Eurotrail | The way we camp!\",\"description\":\"\",\"publisher\":{\"@id\":\"https:\\\/\\\/eurotrail.info\\\/#organization\"},\"potentialAction\":[{\"@type\":\"SearchAction\",\"target\":{\"@type\":\"EntryPoint\",\"urlTemplate\":\"https:\\\/\\\/eurotrail.info\\\/?s={search_term_string}\"},\"query-input\":{\"@type\":\"PropertyValueSpecification\",\"valueRequired\":true,\"valueName\":\"search_term_string\"}}],\"inLanguage\":\"fr-FR\"},{\"@type\":\"Organization\",\"@id\":\"https:\\\/\\\/eurotrail.info\\\/#organization\",\"name\":\"Eurotrail | The way we camp!\",\"url\":\"https:\\\/\\\/eurotrail.info\\\/\",\"logo\":{\"@type\":\"ImageObject\",\"inLanguage\":\"fr-FR\",\"@id\":\"https:\\\/\\\/eurotrail.info\\\/#\\\/schema\\\/logo\\\/image\\\/\",\"url\":\"https:\\\/\\\/eurotrail.info\\\/wp\\\/wp-content\\\/uploads\\\/2023\\\/07\\\/ET-logo-quote_NL-scaled.jpg\",\"contentUrl\":\"https:\\\/\\\/eurotrail.info\\\/wp\\\/wp-content\\\/uploads\\\/2023\\\/07\\\/ET-logo-quote_NL-scaled.jpg\",\"width\":2560,\"height\":675,\"caption\":\"Eurotrail | The way we camp!\"},\"image\":{\"@id\":\"https:\\\/\\\/eurotrail.info\\\/#\\\/schema\\\/logo\\\/image\\\/\"}}]}<\/script>\n<!-- \/ Yoast SEO plugin. -->","yoast_head_json":{"title":"Sirius lampe de table rechargeable - Eurotrail | The way we camp!","description":"Lampe de table rechargeable est la solution d'\u00e9clairage parfaite pour le camping, le jardin ou le balcon. Lumi\u00e8re blanche ou chaude \u00e0 intensit\u00e9 variable.","robots":{"index":"index","follow":"follow","max-snippet":"max-snippet:-1","max-image-preview":"max-image-preview:large","max-video-preview":"max-video-preview:-1"},"canonical":"https:\/\/eurotrail.info\/fr\/producten\/lampes-de-camping\/sirius-lampe-de-table-rechargeable\/","og_locale":"fr_FR","og_type":"article","og_title":"Sirius lampe de table rechargeable - Eurotrail | The way we camp!","og_description":"Lampe de table rechargeable est la solution d'\u00e9clairage parfaite pour le camping, le jardin ou le balcon. Lumi\u00e8re blanche ou chaude \u00e0 intensit\u00e9 variable.","og_url":"https:\/\/eurotrail.info\/fr\/producten\/lampes-de-camping\/sirius-lampe-de-table-rechargeable\/","og_site_name":"Eurotrail | The way we camp!","og_image":[{"width":2560,"height":2533,"url":"https:\/\/eurotrail.info\/wp\/wp-content\/uploads\/2025\/01\/ETLT1245-Sirius-11-scaled.jpg","type":"image\/jpeg"}],"twitter_card":"summary_large_image","twitter_misc":{"Dur\u00e9e de lecture estim\u00e9e":"2 minutes"},"schema":{"@context":"https:\/\/schema.org","@graph":[{"@type":"WebPage","@id":"https:\/\/eurotrail.info\/fr\/producten\/lampes-de-camping\/sirius-lampe-de-table-rechargeable\/","url":"https:\/\/eurotrail.info\/fr\/producten\/lampes-de-camping\/sirius-lampe-de-table-rechargeable\/","name":"Sirius lampe de table rechargeable - Eurotrail | The way we camp!","isPartOf":{"@id":"https:\/\/eurotrail.info\/#website"},"primaryImageOfPage":{"@id":"https:\/\/eurotrail.info\/fr\/producten\/lampes-de-camping\/sirius-lampe-de-table-rechargeable\/#primaryimage"},"image":{"@id":"https:\/\/eurotrail.info\/fr\/producten\/lampes-de-camping\/sirius-lampe-de-table-rechargeable\/#primaryimage"},"thumbnailUrl":"https:\/\/eurotrail.info\/wp\/wp-content\/uploads\/2025\/01\/ETLT1245-Sirius-11-scaled.jpg","datePublished":"2025-01-29T13:52:02+00:00","description":"Lampe de table rechargeable est la solution d'\u00e9clairage parfaite pour le camping, le jardin ou le balcon. Lumi\u00e8re blanche ou chaude \u00e0 intensit\u00e9 variable.","breadcrumb":{"@id":"https:\/\/eurotrail.info\/fr\/producten\/lampes-de-camping\/sirius-lampe-de-table-rechargeable\/#breadcrumb"},"inLanguage":"fr-FR","potentialAction":[{"@type":"ReadAction","target":["https:\/\/eurotrail.info\/fr\/producten\/lampes-de-camping\/sirius-lampe-de-table-rechargeable\/"]}]},{"@type":"ImageObject","inLanguage":"fr-FR","@id":"https:\/\/eurotrail.info\/fr\/producten\/lampes-de-camping\/sirius-lampe-de-table-rechargeable\/#primaryimage","url":"https:\/\/eurotrail.info\/wp\/wp-content\/uploads\/2025\/01\/ETLT1245-Sirius-11-scaled.jpg","contentUrl":"https:\/\/eurotrail.info\/wp\/wp-content\/uploads\/2025\/01\/ETLT1245-Sirius-11-scaled.jpg","width":2560,"height":2533,"caption":"ETLT1245 Sirius oplaadbare tafellamp"},{"@type":"BreadcrumbList","@id":"https:\/\/eurotrail.info\/fr\/producten\/lampes-de-camping\/sirius-lampe-de-table-rechargeable\/#breadcrumb","itemListElement":[{"@type":"ListItem","position":1,"name":"Home","item":"https:\/\/eurotrail.info\/fr\/"},{"@type":"ListItem","position":2,"name":"Produits","item":"https:\/\/eurotrail.info\/fr\/produits\/"},{"@type":"ListItem","position":3,"name":"Sirius lampe de table rechargeable"}]},{"@type":"WebSite","@id":"https:\/\/eurotrail.info\/#website","url":"https:\/\/eurotrail.info\/","name":"Eurotrail | The way we camp!","description":"","publisher":{"@id":"https:\/\/eurotrail.info\/#organization"},"potentialAction":[{"@type":"SearchAction","target":{"@type":"EntryPoint","urlTemplate":"https:\/\/eurotrail.info\/?s={search_term_string}"},"query-input":{"@type":"PropertyValueSpecification","valueRequired":true,"valueName":"search_term_string"}}],"inLanguage":"fr-FR"},{"@type":"Organization","@id":"https:\/\/eurotrail.info\/#organization","name":"Eurotrail | The way we camp!","url":"https:\/\/eurotrail.info\/","logo":{"@type":"ImageObject","inLanguage":"fr-FR","@id":"https:\/\/eurotrail.info\/#\/schema\/logo\/image\/","url":"https:\/\/eurotrail.info\/wp\/wp-content\/uploads\/2023\/07\/ET-logo-quote_NL-scaled.jpg","contentUrl":"https:\/\/eurotrail.info\/wp\/wp-content\/uploads\/2023\/07\/ET-logo-quote_NL-scaled.jpg","width":2560,"height":675,"caption":"Eurotrail | The way we camp!"},"image":{"@id":"https:\/\/eurotrail.info\/#\/schema\/logo\/image\/"}}]}},"_links":{"self":[{"href":"https:\/\/eurotrail.info\/fr\/wp-json\/wp\/v2\/product\/23031","targetHints":{"allow":["GET"]}}],"collection":[{"href":"https:\/\/eurotrail.info\/fr\/wp-json\/wp\/v2\/product"}],"about":[{"href":"https:\/\/eurotrail.info\/fr\/wp-json\/wp\/v2\/types\/product"}],"replies":[{"embeddable":true,"href":"https:\/\/eurotrail.info\/fr\/wp-json\/wp\/v2\/comments?post=23031"}],"wp:featuredmedia":[{"embeddable":true,"href":"https:\/\/eurotrail.info\/fr\/wp-json\/wp\/v2\/media\/23227"}],"wp:attachment":[{"href":"https:\/\/eurotrail.info\/fr\/wp-json\/wp\/v2\/media?parent=23031"}],"wp:term":[{"taxonomy":"product_brand","embeddable":true,"href":"https:\/\/eurotrail.info\/fr\/wp-json\/wp\/v2\/product_brand?post=23031"},{"taxonomy":"product_cat","embeddable":true,"href":"https:\/\/eurotrail.info\/fr\/wp-json\/wp\/v2\/product_cat?post=23031"},{"taxonomy":"product_tag","embeddable":true,"href":"https:\/\/eurotrail.info\/fr\/wp-json\/wp\/v2\/product_tag?post=23031"}],"curies":[{"name":"wp","href":"https:\/\/api.w.org\/{rel}","templated":true}]}}