{"id":23048,"date":"2025-01-29T15:04:31","date_gmt":"2025-01-29T14:19:28","guid":{"rendered":"https:\/\/eurotrail.info\/?post_type=product&#038;p=23048"},"modified":"2025-01-29T15:29:44","modified_gmt":"2025-01-29T14:29:44","slug":"ventilateur-sur-pied-rechargeable","status":"publish","type":"product","link":"https:\/\/eurotrail.info\/fr\/producten\/articles-menagers\/ventilation\/ventilateur-sur-pied-rechargeable\/","title":{"rendered":"Ventilateur sur pied rechargeable"},"content":{"rendered":"<p>Profitez d&#8217;un rafra\u00eechissement agr\u00e9able o\u00f9 que vous soyez gr\u00e2ce \u00e0 ce ventilateur sur pied rechargeable. Gr\u00e2ce \u00e0 son tr\u00e9pied robuste, il tient debout de mani\u00e8re stable sur n&#8217;importe quelle surface et sa hauteur est facile \u00e0 r\u00e9gler. Le ventilateur dispose de plusieurs modes de ventilation, allant d&#8217;une brise l\u00e9g\u00e8re \u00e0 un flux d&#8217;air puissant, de sorte que vous obtenez toujours le refroidissement que vous souhaitez.<\/p>\n<p>Ce ventilateur est extr\u00eamement silencieux, ce qui le rend id\u00e9al pour une utilisation dans la chambre \u00e0 coucher ou dans l&#8217;auvent. De plus, il est \u00e9quip\u00e9 de lumi\u00e8res LED int\u00e9gr\u00e9es, de sorte qu&#8217;il fonctionne \u00e9galement comme une lumi\u00e8re d&#8217;ambiance. Gr\u00e2ce \u00e0 la batterie rechargeable USB-C, vous n&#8217;avez pas besoin de prise de courant et pouvez l&#8217;utiliser partout.<\/p>\n<p>Que vous ayez besoin de vous rafra\u00eechir pendant les nuits chaudes ou que vous souhaitiez une brise fra\u00eeche dans votre auvent, ce ventilateur polyvalent et silencieux offre la solution parfaite<\/p>\n<p>Dimensions : 85 cm &#8211; Ventilateur \u00d8 26 cm<br \/>\nPoids : 844g<br \/>\nVitesses du vent : 5<br \/>\nLED : 3 modes \u2013 DC 5 V 1 A (max), 4 W.<br \/>\nTemps d&#8217;utilisation : 3 \u00e0 7 heures<br \/>\nLumens\u00a0: 200\u00a0LM<br \/>\nType de connexion : USB-C<br \/>\nBatterie : 2000 mAh<br \/>\nMat\u00e9riau Plastique PP<\/p>\n","protected":false},"excerpt":{"rendered":"<p>Profitez d&#8217;un rafra\u00eechissement agr\u00e9able o\u00f9 que vous soyez gr\u00e2ce \u00e0 ce ventilateur sur pied rechargeable. Gr\u00e2ce \u00e0 son tr\u00e9pied robuste, il tient debout de mani\u00e8re&hellip;<\/p>\n","protected":false},"featured_media":23037,"comment_status":"open","ping_status":"closed","template":"","meta":{"_acf_changed":false},"product_brand":[],"product_cat":[243,245],"product_tag":[],"class_list":{"0":"post-23048","1":"product","2":"type-product","3":"status-publish","4":"has-post-thumbnail","6":"product_cat-articles-menagers","7":"product_cat-ventilation","9":"first","10":"instock","11":"shipping-taxable","12":"product-type-simple"},"acf":[],"yoast_head":"<!-- This site is optimized with the Yoast SEO plugin v27.4 - https:\/\/yoast.com\/product\/yoast-seo-wordpress\/ -->\n<title>Ventilateur sur pied rechargeable - Eurotrail | The way we camp!<\/title>\n<meta name=\"description\" content=\"Ventilateur rechargeable avec tr\u00e9pied stable, utilisable partout. Diff\u00e9rents modes de vent, \u00e9clairage d&#039;ambiance LED, souris silencieuse.\" \/>\n<meta name=\"robots\" content=\"index, follow, max-snippet:-1, max-image-preview:large, max-video-preview:-1\" \/>\n<link rel=\"canonical\" href=\"https:\/\/eurotrail.info\/fr\/producten\/articles-menagers\/ventilation\/ventilateur-sur-pied-rechargeable\/\" \/>\n<meta property=\"og:locale\" content=\"fr_FR\" \/>\n<meta property=\"og:type\" content=\"article\" \/>\n<meta property=\"og:title\" content=\"Ventilateur sur pied rechargeable - Eurotrail | The way we camp!\" \/>\n<meta property=\"og:description\" content=\"Ventilateur rechargeable avec tr\u00e9pied stable, utilisable partout. Diff\u00e9rents modes de vent, \u00e9clairage d&#039;ambiance LED, souris silencieuse.\" \/>\n<meta property=\"og:url\" content=\"https:\/\/eurotrail.info\/fr\/producten\/articles-menagers\/ventilation\/ventilateur-sur-pied-rechargeable\/\" \/>\n<meta property=\"og:site_name\" content=\"Eurotrail | The way we camp!\" \/>\n<meta property=\"article:modified_time\" content=\"2025-01-29T14:29:44+00:00\" \/>\n<meta property=\"og:image\" content=\"https:\/\/eurotrail.info\/wp\/wp-content\/uploads\/2025\/01\/ETLT1446-Ventilator-1-scaled.jpg\" \/>\n\t<meta property=\"og:image:width\" content=\"1220\" \/>\n\t<meta property=\"og:image:height\" content=\"2560\" \/>\n\t<meta property=\"og:image:type\" content=\"image\/jpeg\" \/>\n<meta name=\"twitter:card\" content=\"summary_large_image\" \/>\n<meta name=\"twitter:label1\" content=\"Dur\u00e9e de lecture estim\u00e9e\" \/>\n\t<meta name=\"twitter:data1\" content=\"2 minutes\" \/>\n<script type=\"application\/ld+json\" class=\"yoast-schema-graph\">{\"@context\":\"https:\\\/\\\/schema.org\",\"@graph\":[{\"@type\":\"WebPage\",\"@id\":\"https:\\\/\\\/eurotrail.info\\\/fr\\\/producten\\\/articles-menagers\\\/ventilation\\\/ventilateur-sur-pied-rechargeable\\\/\",\"url\":\"https:\\\/\\\/eurotrail.info\\\/fr\\\/producten\\\/articles-menagers\\\/ventilation\\\/ventilateur-sur-pied-rechargeable\\\/\",\"name\":\"Ventilateur sur pied rechargeable - Eurotrail | The way we camp!\",\"isPartOf\":{\"@id\":\"https:\\\/\\\/eurotrail.info\\\/#website\"},\"primaryImageOfPage\":{\"@id\":\"https:\\\/\\\/eurotrail.info\\\/fr\\\/producten\\\/articles-menagers\\\/ventilation\\\/ventilateur-sur-pied-rechargeable\\\/#primaryimage\"},\"image\":{\"@id\":\"https:\\\/\\\/eurotrail.info\\\/fr\\\/producten\\\/articles-menagers\\\/ventilation\\\/ventilateur-sur-pied-rechargeable\\\/#primaryimage\"},\"thumbnailUrl\":\"https:\\\/\\\/eurotrail.info\\\/wp\\\/wp-content\\\/uploads\\\/2025\\\/01\\\/ETLT1446-Ventilator-1-scaled.jpg\",\"datePublished\":\"2025-01-29T14:19:28+00:00\",\"dateModified\":\"2025-01-29T14:29:44+00:00\",\"description\":\"Ventilateur rechargeable avec tr\u00e9pied stable, utilisable partout. Diff\u00e9rents modes de vent, \u00e9clairage d'ambiance LED, souris silencieuse.\",\"breadcrumb\":{\"@id\":\"https:\\\/\\\/eurotrail.info\\\/fr\\\/producten\\\/articles-menagers\\\/ventilation\\\/ventilateur-sur-pied-rechargeable\\\/#breadcrumb\"},\"inLanguage\":\"fr-FR\",\"potentialAction\":[{\"@type\":\"ReadAction\",\"target\":[\"https:\\\/\\\/eurotrail.info\\\/fr\\\/producten\\\/articles-menagers\\\/ventilation\\\/ventilateur-sur-pied-rechargeable\\\/\"]}]},{\"@type\":\"ImageObject\",\"inLanguage\":\"fr-FR\",\"@id\":\"https:\\\/\\\/eurotrail.info\\\/fr\\\/producten\\\/articles-menagers\\\/ventilation\\\/ventilateur-sur-pied-rechargeable\\\/#primaryimage\",\"url\":\"https:\\\/\\\/eurotrail.info\\\/wp\\\/wp-content\\\/uploads\\\/2025\\\/01\\\/ETLT1446-Ventilator-1-scaled.jpg\",\"contentUrl\":\"https:\\\/\\\/eurotrail.info\\\/wp\\\/wp-content\\\/uploads\\\/2025\\\/01\\\/ETLT1446-Ventilator-1-scaled.jpg\",\"width\":1220,\"height\":2560},{\"@type\":\"BreadcrumbList\",\"@id\":\"https:\\\/\\\/eurotrail.info\\\/fr\\\/producten\\\/articles-menagers\\\/ventilation\\\/ventilateur-sur-pied-rechargeable\\\/#breadcrumb\",\"itemListElement\":[{\"@type\":\"ListItem\",\"position\":1,\"name\":\"Home\",\"item\":\"https:\\\/\\\/eurotrail.info\\\/fr\\\/\"},{\"@type\":\"ListItem\",\"position\":2,\"name\":\"Produits\",\"item\":\"https:\\\/\\\/eurotrail.info\\\/fr\\\/produits\\\/\"},{\"@type\":\"ListItem\",\"position\":3,\"name\":\"Ventilateur sur pied rechargeable\"}]},{\"@type\":\"WebSite\",\"@id\":\"https:\\\/\\\/eurotrail.info\\\/#website\",\"url\":\"https:\\\/\\\/eurotrail.info\\\/\",\"name\":\"Eurotrail | The way we camp!\",\"description\":\"\",\"publisher\":{\"@id\":\"https:\\\/\\\/eurotrail.info\\\/#organization\"},\"potentialAction\":[{\"@type\":\"SearchAction\",\"target\":{\"@type\":\"EntryPoint\",\"urlTemplate\":\"https:\\\/\\\/eurotrail.info\\\/?s={search_term_string}\"},\"query-input\":{\"@type\":\"PropertyValueSpecification\",\"valueRequired\":true,\"valueName\":\"search_term_string\"}}],\"inLanguage\":\"fr-FR\"},{\"@type\":\"Organization\",\"@id\":\"https:\\\/\\\/eurotrail.info\\\/#organization\",\"name\":\"Eurotrail | The way we camp!\",\"url\":\"https:\\\/\\\/eurotrail.info\\\/\",\"logo\":{\"@type\":\"ImageObject\",\"inLanguage\":\"fr-FR\",\"@id\":\"https:\\\/\\\/eurotrail.info\\\/#\\\/schema\\\/logo\\\/image\\\/\",\"url\":\"https:\\\/\\\/eurotrail.info\\\/wp\\\/wp-content\\\/uploads\\\/2023\\\/07\\\/ET-logo-quote_NL-scaled.jpg\",\"contentUrl\":\"https:\\\/\\\/eurotrail.info\\\/wp\\\/wp-content\\\/uploads\\\/2023\\\/07\\\/ET-logo-quote_NL-scaled.jpg\",\"width\":2560,\"height\":675,\"caption\":\"Eurotrail | The way we camp!\"},\"image\":{\"@id\":\"https:\\\/\\\/eurotrail.info\\\/#\\\/schema\\\/logo\\\/image\\\/\"}}]}<\/script>\n<!-- \/ Yoast SEO plugin. -->","yoast_head_json":{"title":"Ventilateur sur pied rechargeable - Eurotrail | The way we camp!","description":"Ventilateur rechargeable avec tr\u00e9pied stable, utilisable partout. Diff\u00e9rents modes de vent, \u00e9clairage d'ambiance LED, souris silencieuse.","robots":{"index":"index","follow":"follow","max-snippet":"max-snippet:-1","max-image-preview":"max-image-preview:large","max-video-preview":"max-video-preview:-1"},"canonical":"https:\/\/eurotrail.info\/fr\/producten\/articles-menagers\/ventilation\/ventilateur-sur-pied-rechargeable\/","og_locale":"fr_FR","og_type":"article","og_title":"Ventilateur sur pied rechargeable - Eurotrail | The way we camp!","og_description":"Ventilateur rechargeable avec tr\u00e9pied stable, utilisable partout. Diff\u00e9rents modes de vent, \u00e9clairage d'ambiance LED, souris silencieuse.","og_url":"https:\/\/eurotrail.info\/fr\/producten\/articles-menagers\/ventilation\/ventilateur-sur-pied-rechargeable\/","og_site_name":"Eurotrail | The way we camp!","article_modified_time":"2025-01-29T14:29:44+00:00","og_image":[{"width":1220,"height":2560,"url":"https:\/\/eurotrail.info\/wp\/wp-content\/uploads\/2025\/01\/ETLT1446-Ventilator-1-scaled.jpg","type":"image\/jpeg"}],"twitter_card":"summary_large_image","twitter_misc":{"Dur\u00e9e de lecture estim\u00e9e":"2 minutes"},"schema":{"@context":"https:\/\/schema.org","@graph":[{"@type":"WebPage","@id":"https:\/\/eurotrail.info\/fr\/producten\/articles-menagers\/ventilation\/ventilateur-sur-pied-rechargeable\/","url":"https:\/\/eurotrail.info\/fr\/producten\/articles-menagers\/ventilation\/ventilateur-sur-pied-rechargeable\/","name":"Ventilateur sur pied rechargeable - Eurotrail | The way we camp!","isPartOf":{"@id":"https:\/\/eurotrail.info\/#website"},"primaryImageOfPage":{"@id":"https:\/\/eurotrail.info\/fr\/producten\/articles-menagers\/ventilation\/ventilateur-sur-pied-rechargeable\/#primaryimage"},"image":{"@id":"https:\/\/eurotrail.info\/fr\/producten\/articles-menagers\/ventilation\/ventilateur-sur-pied-rechargeable\/#primaryimage"},"thumbnailUrl":"https:\/\/eurotrail.info\/wp\/wp-content\/uploads\/2025\/01\/ETLT1446-Ventilator-1-scaled.jpg","datePublished":"2025-01-29T14:19:28+00:00","dateModified":"2025-01-29T14:29:44+00:00","description":"Ventilateur rechargeable avec tr\u00e9pied stable, utilisable partout. Diff\u00e9rents modes de vent, \u00e9clairage d'ambiance LED, souris silencieuse.","breadcrumb":{"@id":"https:\/\/eurotrail.info\/fr\/producten\/articles-menagers\/ventilation\/ventilateur-sur-pied-rechargeable\/#breadcrumb"},"inLanguage":"fr-FR","potentialAction":[{"@type":"ReadAction","target":["https:\/\/eurotrail.info\/fr\/producten\/articles-menagers\/ventilation\/ventilateur-sur-pied-rechargeable\/"]}]},{"@type":"ImageObject","inLanguage":"fr-FR","@id":"https:\/\/eurotrail.info\/fr\/producten\/articles-menagers\/ventilation\/ventilateur-sur-pied-rechargeable\/#primaryimage","url":"https:\/\/eurotrail.info\/wp\/wp-content\/uploads\/2025\/01\/ETLT1446-Ventilator-1-scaled.jpg","contentUrl":"https:\/\/eurotrail.info\/wp\/wp-content\/uploads\/2025\/01\/ETLT1446-Ventilator-1-scaled.jpg","width":1220,"height":2560},{"@type":"BreadcrumbList","@id":"https:\/\/eurotrail.info\/fr\/producten\/articles-menagers\/ventilation\/ventilateur-sur-pied-rechargeable\/#breadcrumb","itemListElement":[{"@type":"ListItem","position":1,"name":"Home","item":"https:\/\/eurotrail.info\/fr\/"},{"@type":"ListItem","position":2,"name":"Produits","item":"https:\/\/eurotrail.info\/fr\/produits\/"},{"@type":"ListItem","position":3,"name":"Ventilateur sur pied rechargeable"}]},{"@type":"WebSite","@id":"https:\/\/eurotrail.info\/#website","url":"https:\/\/eurotrail.info\/","name":"Eurotrail | The way we camp!","description":"","publisher":{"@id":"https:\/\/eurotrail.info\/#organization"},"potentialAction":[{"@type":"SearchAction","target":{"@type":"EntryPoint","urlTemplate":"https:\/\/eurotrail.info\/?s={search_term_string}"},"query-input":{"@type":"PropertyValueSpecification","valueRequired":true,"valueName":"search_term_string"}}],"inLanguage":"fr-FR"},{"@type":"Organization","@id":"https:\/\/eurotrail.info\/#organization","name":"Eurotrail | The way we camp!","url":"https:\/\/eurotrail.info\/","logo":{"@type":"ImageObject","inLanguage":"fr-FR","@id":"https:\/\/eurotrail.info\/#\/schema\/logo\/image\/","url":"https:\/\/eurotrail.info\/wp\/wp-content\/uploads\/2023\/07\/ET-logo-quote_NL-scaled.jpg","contentUrl":"https:\/\/eurotrail.info\/wp\/wp-content\/uploads\/2023\/07\/ET-logo-quote_NL-scaled.jpg","width":2560,"height":675,"caption":"Eurotrail | The way we camp!"},"image":{"@id":"https:\/\/eurotrail.info\/#\/schema\/logo\/image\/"}}]}},"_links":{"self":[{"href":"https:\/\/eurotrail.info\/fr\/wp-json\/wp\/v2\/product\/23048","targetHints":{"allow":["GET"]}}],"collection":[{"href":"https:\/\/eurotrail.info\/fr\/wp-json\/wp\/v2\/product"}],"about":[{"href":"https:\/\/eurotrail.info\/fr\/wp-json\/wp\/v2\/types\/product"}],"replies":[{"embeddable":true,"href":"https:\/\/eurotrail.info\/fr\/wp-json\/wp\/v2\/comments?post=23048"}],"wp:featuredmedia":[{"embeddable":true,"href":"https:\/\/eurotrail.info\/fr\/wp-json\/wp\/v2\/media\/23037"}],"wp:attachment":[{"href":"https:\/\/eurotrail.info\/fr\/wp-json\/wp\/v2\/media?parent=23048"}],"wp:term":[{"taxonomy":"product_brand","embeddable":true,"href":"https:\/\/eurotrail.info\/fr\/wp-json\/wp\/v2\/product_brand?post=23048"},{"taxonomy":"product_cat","embeddable":true,"href":"https:\/\/eurotrail.info\/fr\/wp-json\/wp\/v2\/product_cat?post=23048"},{"taxonomy":"product_tag","embeddable":true,"href":"https:\/\/eurotrail.info\/fr\/wp-json\/wp\/v2\/product_tag?post=23048"}],"curies":[{"name":"wp","href":"https:\/\/api.w.org\/{rel}","templated":true}]}}