{"id":23071,"date":"2025-01-29T15:37:21","date_gmt":"2025-01-29T14:55:54","guid":{"rendered":"https:\/\/eurotrail.info\/?post_type=product&#038;p=23071"},"modified":"2025-01-29T15:55:55","modified_gmt":"2025-01-29T14:55:55","slug":"marchepied-pliant-pour-caravane","status":"publish","type":"product","link":"https:\/\/eurotrail.info\/fr\/producten\/caravane-camping-car-bus\/accessoires-caravane\/marchepied-pliant-pour-caravane\/","title":{"rendered":"Marchepied pliant pour caravane"},"content":{"rendered":"<p>Montez dans votre caravane facilement et en toute s\u00e9curit\u00e9 gr\u00e2ce \u00e0 ce marchepied pliant. Gr\u00e2ce \u00e0 sa hauteur parfaite de 23 cm, il offre un confort optimal lors de l&#8217;entr\u00e9e et de la sortie. La construction robuste est \u00e9quip\u00e9e d&#8217;une couche sup\u00e9rieure antid\u00e9rapante s\u00fbre, de sorte que vous restez toujours stable, m\u00eame par temps humide.<\/p>\n<p>Le marchepied est enti\u00e8rement pliable, ce qui le rend peu encombrant et facile \u00e0 transporter. Il est \u00e9galement inspect\u00e9 et conforme \u00e0 la norme EN4183, ce qui garantit sa s\u00e9curit\u00e9 et sa fiabilit\u00e9.<\/p>\n<p>Que vous soyez en camping ou sur la route, ce marchepied pour caravane est un accessoire indispensable pour une exp\u00e9rience de camping confortable et s\u00fbre !<\/p>\n<p>Dimensions : 36,5 x 31 x 23 cm<br \/>\nPlateforme : 34 x 30 cm<br \/>\nPoids\u00a0:\u00a02\u00a0kg<br \/>\nPoids transport\u00e9 : maximum 120 kg<br \/>\nMat\u00e9riel: PP<\/p>\n","protected":false},"excerpt":{"rendered":"<p>Montez dans votre caravane facilement et en toute s\u00e9curit\u00e9 gr\u00e2ce \u00e0 ce marchepied pliant. Gr\u00e2ce \u00e0 sa hauteur parfaite de 23 cm, il offre un&hellip;<\/p>\n","protected":false},"featured_media":23056,"comment_status":"open","ping_status":"closed","template":"","meta":{"_acf_changed":false},"product_brand":[],"product_cat":[242,237],"product_tag":[],"class_list":{"0":"post-23071","1":"product","2":"type-product","3":"status-publish","4":"has-post-thumbnail","6":"product_cat-accessoires-caravane","7":"product_cat-caravane-camping-car-bus","9":"first","10":"instock","11":"shipping-taxable","12":"product-type-simple"},"acf":[],"yoast_head":"<!-- This site is optimized with the Yoast SEO plugin v27.4 - https:\/\/yoast.com\/product\/yoast-seo-wordpress\/ -->\n<title>Marchepied pliant pour caravane - Eurotrail | The way we camp!<\/title>\n<meta name=\"description\" content=\"Marche pliable avec couche antid\u00e9rapante. D&#039;une hauteur de 23 cm, elle offre un confort optimal pour entrer et sortir de la caravane. Conforme EN4183.\" \/>\n<meta name=\"robots\" content=\"index, follow, max-snippet:-1, max-image-preview:large, max-video-preview:-1\" \/>\n<link rel=\"canonical\" href=\"https:\/\/eurotrail.info\/fr\/producten\/caravane-camping-car-bus\/accessoires-caravane\/marchepied-pliant-pour-caravane\/\" \/>\n<meta property=\"og:locale\" content=\"fr_FR\" \/>\n<meta property=\"og:type\" content=\"article\" \/>\n<meta property=\"og:title\" content=\"Marchepied pliant pour caravane - Eurotrail | The way we camp!\" \/>\n<meta property=\"og:description\" content=\"Marche pliable avec couche antid\u00e9rapante. D&#039;une hauteur de 23 cm, elle offre un confort optimal pour entrer et sortir de la caravane. Conforme EN4183.\" \/>\n<meta property=\"og:url\" content=\"https:\/\/eurotrail.info\/fr\/producten\/caravane-camping-car-bus\/accessoires-caravane\/marchepied-pliant-pour-caravane\/\" \/>\n<meta property=\"og:site_name\" content=\"Eurotrail | The way we camp!\" \/>\n<meta property=\"article:modified_time\" content=\"2025-01-29T14:55:55+00:00\" \/>\n<meta property=\"og:image\" content=\"https:\/\/eurotrail.info\/wp\/wp-content\/uploads\/2025\/01\/ETCF0923-Trittstufe-Anti-Rutsch-1-1152x1024.jpg\" \/>\n\t<meta property=\"og:image:width\" content=\"1152\" \/>\n\t<meta property=\"og:image:height\" content=\"1024\" \/>\n\t<meta property=\"og:image:type\" content=\"image\/jpeg\" \/>\n<meta name=\"twitter:card\" content=\"summary_large_image\" \/>\n<meta name=\"twitter:label1\" content=\"Dur\u00e9e de lecture estim\u00e9e\" \/>\n\t<meta name=\"twitter:data1\" content=\"1 minute\" \/>\n<script type=\"application\/ld+json\" class=\"yoast-schema-graph\">{\"@context\":\"https:\\\/\\\/schema.org\",\"@graph\":[{\"@type\":\"WebPage\",\"@id\":\"https:\\\/\\\/eurotrail.info\\\/fr\\\/producten\\\/caravane-camping-car-bus\\\/accessoires-caravane\\\/marchepied-pliant-pour-caravane\\\/\",\"url\":\"https:\\\/\\\/eurotrail.info\\\/fr\\\/producten\\\/caravane-camping-car-bus\\\/accessoires-caravane\\\/marchepied-pliant-pour-caravane\\\/\",\"name\":\"Marchepied pliant pour caravane - Eurotrail | The way we camp!\",\"isPartOf\":{\"@id\":\"https:\\\/\\\/eurotrail.info\\\/#website\"},\"primaryImageOfPage\":{\"@id\":\"https:\\\/\\\/eurotrail.info\\\/fr\\\/producten\\\/caravane-camping-car-bus\\\/accessoires-caravane\\\/marchepied-pliant-pour-caravane\\\/#primaryimage\"},\"image\":{\"@id\":\"https:\\\/\\\/eurotrail.info\\\/fr\\\/producten\\\/caravane-camping-car-bus\\\/accessoires-caravane\\\/marchepied-pliant-pour-caravane\\\/#primaryimage\"},\"thumbnailUrl\":\"https:\\\/\\\/eurotrail.info\\\/wp\\\/wp-content\\\/uploads\\\/2025\\\/01\\\/ETCF0923-Trittstufe-Anti-Rutsch-1.jpg\",\"datePublished\":\"2025-01-29T14:55:54+00:00\",\"dateModified\":\"2025-01-29T14:55:55+00:00\",\"description\":\"Marche pliable avec couche antid\u00e9rapante. D'une hauteur de 23 cm, elle offre un confort optimal pour entrer et sortir de la caravane. Conforme EN4183.\",\"breadcrumb\":{\"@id\":\"https:\\\/\\\/eurotrail.info\\\/fr\\\/producten\\\/caravane-camping-car-bus\\\/accessoires-caravane\\\/marchepied-pliant-pour-caravane\\\/#breadcrumb\"},\"inLanguage\":\"fr-FR\",\"potentialAction\":[{\"@type\":\"ReadAction\",\"target\":[\"https:\\\/\\\/eurotrail.info\\\/fr\\\/producten\\\/caravane-camping-car-bus\\\/accessoires-caravane\\\/marchepied-pliant-pour-caravane\\\/\"]}]},{\"@type\":\"ImageObject\",\"inLanguage\":\"fr-FR\",\"@id\":\"https:\\\/\\\/eurotrail.info\\\/fr\\\/producten\\\/caravane-camping-car-bus\\\/accessoires-caravane\\\/marchepied-pliant-pour-caravane\\\/#primaryimage\",\"url\":\"https:\\\/\\\/eurotrail.info\\\/wp\\\/wp-content\\\/uploads\\\/2025\\\/01\\\/ETCF0923-Trittstufe-Anti-Rutsch-1.jpg\",\"contentUrl\":\"https:\\\/\\\/eurotrail.info\\\/wp\\\/wp-content\\\/uploads\\\/2025\\\/01\\\/ETCF0923-Trittstufe-Anti-Rutsch-1.jpg\",\"width\":2489,\"height\":2213,\"caption\":\"Stap eenvoudig en veilig in je caravan met deze inklapbare opstap\"},{\"@type\":\"BreadcrumbList\",\"@id\":\"https:\\\/\\\/eurotrail.info\\\/fr\\\/producten\\\/caravane-camping-car-bus\\\/accessoires-caravane\\\/marchepied-pliant-pour-caravane\\\/#breadcrumb\",\"itemListElement\":[{\"@type\":\"ListItem\",\"position\":1,\"name\":\"Home\",\"item\":\"https:\\\/\\\/eurotrail.info\\\/fr\\\/\"},{\"@type\":\"ListItem\",\"position\":2,\"name\":\"Produits\",\"item\":\"https:\\\/\\\/eurotrail.info\\\/fr\\\/produits\\\/\"},{\"@type\":\"ListItem\",\"position\":3,\"name\":\"Marchepied pliant pour caravane\"}]},{\"@type\":\"WebSite\",\"@id\":\"https:\\\/\\\/eurotrail.info\\\/#website\",\"url\":\"https:\\\/\\\/eurotrail.info\\\/\",\"name\":\"Eurotrail | The way we camp!\",\"description\":\"\",\"publisher\":{\"@id\":\"https:\\\/\\\/eurotrail.info\\\/#organization\"},\"potentialAction\":[{\"@type\":\"SearchAction\",\"target\":{\"@type\":\"EntryPoint\",\"urlTemplate\":\"https:\\\/\\\/eurotrail.info\\\/?s={search_term_string}\"},\"query-input\":{\"@type\":\"PropertyValueSpecification\",\"valueRequired\":true,\"valueName\":\"search_term_string\"}}],\"inLanguage\":\"fr-FR\"},{\"@type\":\"Organization\",\"@id\":\"https:\\\/\\\/eurotrail.info\\\/#organization\",\"name\":\"Eurotrail | The way we camp!\",\"url\":\"https:\\\/\\\/eurotrail.info\\\/\",\"logo\":{\"@type\":\"ImageObject\",\"inLanguage\":\"fr-FR\",\"@id\":\"https:\\\/\\\/eurotrail.info\\\/#\\\/schema\\\/logo\\\/image\\\/\",\"url\":\"https:\\\/\\\/eurotrail.info\\\/wp\\\/wp-content\\\/uploads\\\/2023\\\/07\\\/ET-logo-quote_NL-scaled.jpg\",\"contentUrl\":\"https:\\\/\\\/eurotrail.info\\\/wp\\\/wp-content\\\/uploads\\\/2023\\\/07\\\/ET-logo-quote_NL-scaled.jpg\",\"width\":2560,\"height\":675,\"caption\":\"Eurotrail | The way we camp!\"},\"image\":{\"@id\":\"https:\\\/\\\/eurotrail.info\\\/#\\\/schema\\\/logo\\\/image\\\/\"}}]}<\/script>\n<!-- \/ Yoast SEO plugin. -->","yoast_head_json":{"title":"Marchepied pliant pour caravane - Eurotrail | The way we camp!","description":"Marche pliable avec couche antid\u00e9rapante. D'une hauteur de 23 cm, elle offre un confort optimal pour entrer et sortir de la caravane. Conforme EN4183.","robots":{"index":"index","follow":"follow","max-snippet":"max-snippet:-1","max-image-preview":"max-image-preview:large","max-video-preview":"max-video-preview:-1"},"canonical":"https:\/\/eurotrail.info\/fr\/producten\/caravane-camping-car-bus\/accessoires-caravane\/marchepied-pliant-pour-caravane\/","og_locale":"fr_FR","og_type":"article","og_title":"Marchepied pliant pour caravane - Eurotrail | The way we camp!","og_description":"Marche pliable avec couche antid\u00e9rapante. D'une hauteur de 23 cm, elle offre un confort optimal pour entrer et sortir de la caravane. Conforme EN4183.","og_url":"https:\/\/eurotrail.info\/fr\/producten\/caravane-camping-car-bus\/accessoires-caravane\/marchepied-pliant-pour-caravane\/","og_site_name":"Eurotrail | The way we camp!","article_modified_time":"2025-01-29T14:55:55+00:00","og_image":[{"width":1152,"height":1024,"url":"https:\/\/eurotrail.info\/wp\/wp-content\/uploads\/2025\/01\/ETCF0923-Trittstufe-Anti-Rutsch-1-1152x1024.jpg","type":"image\/jpeg"}],"twitter_card":"summary_large_image","twitter_misc":{"Dur\u00e9e de lecture estim\u00e9e":"1 minute"},"schema":{"@context":"https:\/\/schema.org","@graph":[{"@type":"WebPage","@id":"https:\/\/eurotrail.info\/fr\/producten\/caravane-camping-car-bus\/accessoires-caravane\/marchepied-pliant-pour-caravane\/","url":"https:\/\/eurotrail.info\/fr\/producten\/caravane-camping-car-bus\/accessoires-caravane\/marchepied-pliant-pour-caravane\/","name":"Marchepied pliant pour caravane - Eurotrail | The way we camp!","isPartOf":{"@id":"https:\/\/eurotrail.info\/#website"},"primaryImageOfPage":{"@id":"https:\/\/eurotrail.info\/fr\/producten\/caravane-camping-car-bus\/accessoires-caravane\/marchepied-pliant-pour-caravane\/#primaryimage"},"image":{"@id":"https:\/\/eurotrail.info\/fr\/producten\/caravane-camping-car-bus\/accessoires-caravane\/marchepied-pliant-pour-caravane\/#primaryimage"},"thumbnailUrl":"https:\/\/eurotrail.info\/wp\/wp-content\/uploads\/2025\/01\/ETCF0923-Trittstufe-Anti-Rutsch-1.jpg","datePublished":"2025-01-29T14:55:54+00:00","dateModified":"2025-01-29T14:55:55+00:00","description":"Marche pliable avec couche antid\u00e9rapante. D'une hauteur de 23 cm, elle offre un confort optimal pour entrer et sortir de la caravane. Conforme EN4183.","breadcrumb":{"@id":"https:\/\/eurotrail.info\/fr\/producten\/caravane-camping-car-bus\/accessoires-caravane\/marchepied-pliant-pour-caravane\/#breadcrumb"},"inLanguage":"fr-FR","potentialAction":[{"@type":"ReadAction","target":["https:\/\/eurotrail.info\/fr\/producten\/caravane-camping-car-bus\/accessoires-caravane\/marchepied-pliant-pour-caravane\/"]}]},{"@type":"ImageObject","inLanguage":"fr-FR","@id":"https:\/\/eurotrail.info\/fr\/producten\/caravane-camping-car-bus\/accessoires-caravane\/marchepied-pliant-pour-caravane\/#primaryimage","url":"https:\/\/eurotrail.info\/wp\/wp-content\/uploads\/2025\/01\/ETCF0923-Trittstufe-Anti-Rutsch-1.jpg","contentUrl":"https:\/\/eurotrail.info\/wp\/wp-content\/uploads\/2025\/01\/ETCF0923-Trittstufe-Anti-Rutsch-1.jpg","width":2489,"height":2213,"caption":"Stap eenvoudig en veilig in je caravan met deze inklapbare opstap"},{"@type":"BreadcrumbList","@id":"https:\/\/eurotrail.info\/fr\/producten\/caravane-camping-car-bus\/accessoires-caravane\/marchepied-pliant-pour-caravane\/#breadcrumb","itemListElement":[{"@type":"ListItem","position":1,"name":"Home","item":"https:\/\/eurotrail.info\/fr\/"},{"@type":"ListItem","position":2,"name":"Produits","item":"https:\/\/eurotrail.info\/fr\/produits\/"},{"@type":"ListItem","position":3,"name":"Marchepied pliant pour caravane"}]},{"@type":"WebSite","@id":"https:\/\/eurotrail.info\/#website","url":"https:\/\/eurotrail.info\/","name":"Eurotrail | The way we camp!","description":"","publisher":{"@id":"https:\/\/eurotrail.info\/#organization"},"potentialAction":[{"@type":"SearchAction","target":{"@type":"EntryPoint","urlTemplate":"https:\/\/eurotrail.info\/?s={search_term_string}"},"query-input":{"@type":"PropertyValueSpecification","valueRequired":true,"valueName":"search_term_string"}}],"inLanguage":"fr-FR"},{"@type":"Organization","@id":"https:\/\/eurotrail.info\/#organization","name":"Eurotrail | The way we camp!","url":"https:\/\/eurotrail.info\/","logo":{"@type":"ImageObject","inLanguage":"fr-FR","@id":"https:\/\/eurotrail.info\/#\/schema\/logo\/image\/","url":"https:\/\/eurotrail.info\/wp\/wp-content\/uploads\/2023\/07\/ET-logo-quote_NL-scaled.jpg","contentUrl":"https:\/\/eurotrail.info\/wp\/wp-content\/uploads\/2023\/07\/ET-logo-quote_NL-scaled.jpg","width":2560,"height":675,"caption":"Eurotrail | The way we camp!"},"image":{"@id":"https:\/\/eurotrail.info\/#\/schema\/logo\/image\/"}}]}},"_links":{"self":[{"href":"https:\/\/eurotrail.info\/fr\/wp-json\/wp\/v2\/product\/23071","targetHints":{"allow":["GET"]}}],"collection":[{"href":"https:\/\/eurotrail.info\/fr\/wp-json\/wp\/v2\/product"}],"about":[{"href":"https:\/\/eurotrail.info\/fr\/wp-json\/wp\/v2\/types\/product"}],"replies":[{"embeddable":true,"href":"https:\/\/eurotrail.info\/fr\/wp-json\/wp\/v2\/comments?post=23071"}],"wp:featuredmedia":[{"embeddable":true,"href":"https:\/\/eurotrail.info\/fr\/wp-json\/wp\/v2\/media\/23056"}],"wp:attachment":[{"href":"https:\/\/eurotrail.info\/fr\/wp-json\/wp\/v2\/media?parent=23071"}],"wp:term":[{"taxonomy":"product_brand","embeddable":true,"href":"https:\/\/eurotrail.info\/fr\/wp-json\/wp\/v2\/product_brand?post=23071"},{"taxonomy":"product_cat","embeddable":true,"href":"https:\/\/eurotrail.info\/fr\/wp-json\/wp\/v2\/product_cat?post=23071"},{"taxonomy":"product_tag","embeddable":true,"href":"https:\/\/eurotrail.info\/fr\/wp-json\/wp\/v2\/product_tag?post=23071"}],"curies":[{"name":"wp","href":"https:\/\/api.w.org\/{rel}","templated":true}]}}