{"id":23295,"date":"2025-04-03T14:28:08","date_gmt":"2025-04-03T13:30:57","guid":{"rendered":"https:\/\/eurotrail.info\/?post_type=product&#038;p=23295"},"modified":"2025-04-03T14:30:58","modified_gmt":"2025-04-03T13:30:58","slug":"lucia-12-pcs-vaisselle-melamine","status":"publish","type":"product","link":"https:\/\/eurotrail.info\/fr\/producten\/articles-menagers\/vaisselle\/lucia-12-pcs-vaisselle-melamine\/","title":{"rendered":"Lucia 12 pcs vaisselle, Melamine"},"content":{"rendered":"<p>Le Lucia est un service de table de 12 pi\u00e8ces. Cet ensemble pr\u00e9sente un design saisissant avec des contours irr\u00e9guliers et est compos\u00e9 \u00e0 100 % de m\u00e9lamine, pratiquement incassable et r\u00e9sistant aux rayures. Cette vaisselle passe au lave-vaisselle et r\u00e9siste \u00e0 la chaleur jusqu&#8217;\u00e0 70 \u00b0C.<br \/>\nSans BPA, lavable au lave-vaisselle, aspect luxueux, r\u00e9sistant aux rayures, pratiquement incassable, r\u00e9sistant jusqu&#8217;\u00e0 70 \u00baC.<\/p>\n<p>Parfait pour une utilisation au camping ou dans le jardin.<\/p>\n<p>Tasses disponibles s\u00e9par\u00e9ment.<\/p>\n<p>4 x Assiette plate, \u00d827,5&#215;1,0 cm, 259 gr.<br \/>\n4 x Assiette petit-d\u00e9jeuner, \u00d823,0&#215;1,0cm, 180 gr.<br \/>\n4 x Assiette creuse, \u00d819,0&#215;4,5cm, 202 gr.<\/p>\n<p>Mat\u00e9riau : 100 % m\u00e9lamine<\/p>\n","protected":false},"excerpt":{"rendered":"<p>Le Lucia est un service de table de 12 pi\u00e8ces. Cet ensemble pr\u00e9sente un design saisissant avec des contours irr\u00e9guliers et est compos\u00e9 \u00e0 100&hellip;<\/p>\n","protected":false},"featured_media":23265,"comment_status":"open","ping_status":"closed","template":"","meta":{"_acf_changed":false},"product_brand":[],"product_cat":[243,247],"product_tag":[],"class_list":{"0":"post-23295","1":"product","2":"type-product","3":"status-publish","4":"has-post-thumbnail","6":"product_cat-articles-menagers","7":"product_cat-vaisselle","9":"first","10":"instock","11":"shipping-taxable","12":"product-type-simple"},"acf":[],"yoast_head":"<!-- This site is optimized with the Yoast SEO plugin v27.4 - https:\/\/yoast.com\/product\/yoast-seo-wordpress\/ -->\n<title>Lucia 12 pcs vaisselle, Melamine - Eurotrail | The way we camp!<\/title>\n<meta name=\"description\" content=\"Cet ensemble pr\u00e9sente un design saisissant avec des contours irr\u00e9guliers et est compos\u00e9 \u00e0 100 % de m\u00e9lamine, pratiquement incassable et r\u00e9sistant aux rayures.\" \/>\n<meta name=\"robots\" content=\"index, follow, max-snippet:-1, max-image-preview:large, max-video-preview:-1\" \/>\n<link rel=\"canonical\" href=\"https:\/\/eurotrail.info\/fr\/producten\/articles-menagers\/vaisselle\/lucia-12-pcs-vaisselle-melamine\/\" \/>\n<meta property=\"og:locale\" content=\"fr_FR\" \/>\n<meta property=\"og:type\" content=\"article\" \/>\n<meta property=\"og:title\" content=\"Lucia 12 pcs vaisselle, Melamine - Eurotrail | The way we camp!\" \/>\n<meta property=\"og:description\" content=\"Cet ensemble pr\u00e9sente un design saisissant avec des contours irr\u00e9guliers et est compos\u00e9 \u00e0 100 % de m\u00e9lamine, pratiquement incassable et r\u00e9sistant aux rayures.\" \/>\n<meta property=\"og:url\" content=\"https:\/\/eurotrail.info\/fr\/producten\/articles-menagers\/vaisselle\/lucia-12-pcs-vaisselle-melamine\/\" \/>\n<meta property=\"og:site_name\" content=\"Eurotrail | The way we camp!\" \/>\n<meta property=\"article:modified_time\" content=\"2025-04-03T13:30:58+00:00\" \/>\n<meta property=\"og:image\" content=\"https:\/\/eurotrail.info\/wp\/wp-content\/uploads\/2025\/04\/set-A4-scaled.jpg\" \/>\n\t<meta property=\"og:image:width\" content=\"2560\" \/>\n\t<meta property=\"og:image:height\" content=\"2529\" \/>\n\t<meta property=\"og:image:type\" content=\"image\/jpeg\" \/>\n<meta name=\"twitter:card\" content=\"summary_large_image\" \/>\n<meta name=\"twitter:label1\" content=\"Dur\u00e9e de lecture estim\u00e9e\" \/>\n\t<meta name=\"twitter:data1\" content=\"1 minute\" \/>\n<script type=\"application\/ld+json\" class=\"yoast-schema-graph\">{\"@context\":\"https:\\\/\\\/schema.org\",\"@graph\":[{\"@type\":\"WebPage\",\"@id\":\"https:\\\/\\\/eurotrail.info\\\/fr\\\/producten\\\/articles-menagers\\\/vaisselle\\\/lucia-12-pcs-vaisselle-melamine\\\/\",\"url\":\"https:\\\/\\\/eurotrail.info\\\/fr\\\/producten\\\/articles-menagers\\\/vaisselle\\\/lucia-12-pcs-vaisselle-melamine\\\/\",\"name\":\"Lucia 12 pcs vaisselle, Melamine - Eurotrail | The way we camp!\",\"isPartOf\":{\"@id\":\"https:\\\/\\\/eurotrail.info\\\/#website\"},\"primaryImageOfPage\":{\"@id\":\"https:\\\/\\\/eurotrail.info\\\/fr\\\/producten\\\/articles-menagers\\\/vaisselle\\\/lucia-12-pcs-vaisselle-melamine\\\/#primaryimage\"},\"image\":{\"@id\":\"https:\\\/\\\/eurotrail.info\\\/fr\\\/producten\\\/articles-menagers\\\/vaisselle\\\/lucia-12-pcs-vaisselle-melamine\\\/#primaryimage\"},\"thumbnailUrl\":\"https:\\\/\\\/eurotrail.info\\\/wp\\\/wp-content\\\/uploads\\\/2025\\\/04\\\/set-A4-scaled.jpg\",\"datePublished\":\"2025-04-03T13:30:57+00:00\",\"dateModified\":\"2025-04-03T13:30:58+00:00\",\"description\":\"Cet ensemble pr\u00e9sente un design saisissant avec des contours irr\u00e9guliers et est compos\u00e9 \u00e0 100 % de m\u00e9lamine, pratiquement incassable et r\u00e9sistant aux rayures.\",\"breadcrumb\":{\"@id\":\"https:\\\/\\\/eurotrail.info\\\/fr\\\/producten\\\/articles-menagers\\\/vaisselle\\\/lucia-12-pcs-vaisselle-melamine\\\/#breadcrumb\"},\"inLanguage\":\"fr-FR\",\"potentialAction\":[{\"@type\":\"ReadAction\",\"target\":[\"https:\\\/\\\/eurotrail.info\\\/fr\\\/producten\\\/articles-menagers\\\/vaisselle\\\/lucia-12-pcs-vaisselle-melamine\\\/\"]}]},{\"@type\":\"ImageObject\",\"inLanguage\":\"fr-FR\",\"@id\":\"https:\\\/\\\/eurotrail.info\\\/fr\\\/producten\\\/articles-menagers\\\/vaisselle\\\/lucia-12-pcs-vaisselle-melamine\\\/#primaryimage\",\"url\":\"https:\\\/\\\/eurotrail.info\\\/wp\\\/wp-content\\\/uploads\\\/2025\\\/04\\\/set-A4-scaled.jpg\",\"contentUrl\":\"https:\\\/\\\/eurotrail.info\\\/wp\\\/wp-content\\\/uploads\\\/2025\\\/04\\\/set-A4-scaled.jpg\",\"width\":2560,\"height\":2529,\"caption\":\"Lucia 12 dlg. tafelservies, melamine\"},{\"@type\":\"BreadcrumbList\",\"@id\":\"https:\\\/\\\/eurotrail.info\\\/fr\\\/producten\\\/articles-menagers\\\/vaisselle\\\/lucia-12-pcs-vaisselle-melamine\\\/#breadcrumb\",\"itemListElement\":[{\"@type\":\"ListItem\",\"position\":1,\"name\":\"Home\",\"item\":\"https:\\\/\\\/eurotrail.info\\\/fr\\\/\"},{\"@type\":\"ListItem\",\"position\":2,\"name\":\"Produits\",\"item\":\"https:\\\/\\\/eurotrail.info\\\/fr\\\/produits\\\/\"},{\"@type\":\"ListItem\",\"position\":3,\"name\":\"Lucia 12 pcs vaisselle, Melamine\"}]},{\"@type\":\"WebSite\",\"@id\":\"https:\\\/\\\/eurotrail.info\\\/#website\",\"url\":\"https:\\\/\\\/eurotrail.info\\\/\",\"name\":\"Eurotrail | The way we camp!\",\"description\":\"\",\"publisher\":{\"@id\":\"https:\\\/\\\/eurotrail.info\\\/#organization\"},\"potentialAction\":[{\"@type\":\"SearchAction\",\"target\":{\"@type\":\"EntryPoint\",\"urlTemplate\":\"https:\\\/\\\/eurotrail.info\\\/?s={search_term_string}\"},\"query-input\":{\"@type\":\"PropertyValueSpecification\",\"valueRequired\":true,\"valueName\":\"search_term_string\"}}],\"inLanguage\":\"fr-FR\"},{\"@type\":\"Organization\",\"@id\":\"https:\\\/\\\/eurotrail.info\\\/#organization\",\"name\":\"Eurotrail | The way we camp!\",\"url\":\"https:\\\/\\\/eurotrail.info\\\/\",\"logo\":{\"@type\":\"ImageObject\",\"inLanguage\":\"fr-FR\",\"@id\":\"https:\\\/\\\/eurotrail.info\\\/#\\\/schema\\\/logo\\\/image\\\/\",\"url\":\"https:\\\/\\\/eurotrail.info\\\/wp\\\/wp-content\\\/uploads\\\/2023\\\/07\\\/ET-logo-quote_NL-scaled.jpg\",\"contentUrl\":\"https:\\\/\\\/eurotrail.info\\\/wp\\\/wp-content\\\/uploads\\\/2023\\\/07\\\/ET-logo-quote_NL-scaled.jpg\",\"width\":2560,\"height\":675,\"caption\":\"Eurotrail | The way we camp!\"},\"image\":{\"@id\":\"https:\\\/\\\/eurotrail.info\\\/#\\\/schema\\\/logo\\\/image\\\/\"}}]}<\/script>\n<!-- \/ Yoast SEO plugin. -->","yoast_head_json":{"title":"Lucia 12 pcs vaisselle, Melamine - Eurotrail | The way we camp!","description":"Cet ensemble pr\u00e9sente un design saisissant avec des contours irr\u00e9guliers et est compos\u00e9 \u00e0 100 % de m\u00e9lamine, pratiquement incassable et r\u00e9sistant aux rayures.","robots":{"index":"index","follow":"follow","max-snippet":"max-snippet:-1","max-image-preview":"max-image-preview:large","max-video-preview":"max-video-preview:-1"},"canonical":"https:\/\/eurotrail.info\/fr\/producten\/articles-menagers\/vaisselle\/lucia-12-pcs-vaisselle-melamine\/","og_locale":"fr_FR","og_type":"article","og_title":"Lucia 12 pcs vaisselle, Melamine - Eurotrail | The way we camp!","og_description":"Cet ensemble pr\u00e9sente un design saisissant avec des contours irr\u00e9guliers et est compos\u00e9 \u00e0 100 % de m\u00e9lamine, pratiquement incassable et r\u00e9sistant aux rayures.","og_url":"https:\/\/eurotrail.info\/fr\/producten\/articles-menagers\/vaisselle\/lucia-12-pcs-vaisselle-melamine\/","og_site_name":"Eurotrail | The way we camp!","article_modified_time":"2025-04-03T13:30:58+00:00","og_image":[{"width":2560,"height":2529,"url":"https:\/\/eurotrail.info\/wp\/wp-content\/uploads\/2025\/04\/set-A4-scaled.jpg","type":"image\/jpeg"}],"twitter_card":"summary_large_image","twitter_misc":{"Dur\u00e9e de lecture estim\u00e9e":"1 minute"},"schema":{"@context":"https:\/\/schema.org","@graph":[{"@type":"WebPage","@id":"https:\/\/eurotrail.info\/fr\/producten\/articles-menagers\/vaisselle\/lucia-12-pcs-vaisselle-melamine\/","url":"https:\/\/eurotrail.info\/fr\/producten\/articles-menagers\/vaisselle\/lucia-12-pcs-vaisselle-melamine\/","name":"Lucia 12 pcs vaisselle, Melamine - Eurotrail | The way we camp!","isPartOf":{"@id":"https:\/\/eurotrail.info\/#website"},"primaryImageOfPage":{"@id":"https:\/\/eurotrail.info\/fr\/producten\/articles-menagers\/vaisselle\/lucia-12-pcs-vaisselle-melamine\/#primaryimage"},"image":{"@id":"https:\/\/eurotrail.info\/fr\/producten\/articles-menagers\/vaisselle\/lucia-12-pcs-vaisselle-melamine\/#primaryimage"},"thumbnailUrl":"https:\/\/eurotrail.info\/wp\/wp-content\/uploads\/2025\/04\/set-A4-scaled.jpg","datePublished":"2025-04-03T13:30:57+00:00","dateModified":"2025-04-03T13:30:58+00:00","description":"Cet ensemble pr\u00e9sente un design saisissant avec des contours irr\u00e9guliers et est compos\u00e9 \u00e0 100 % de m\u00e9lamine, pratiquement incassable et r\u00e9sistant aux rayures.","breadcrumb":{"@id":"https:\/\/eurotrail.info\/fr\/producten\/articles-menagers\/vaisselle\/lucia-12-pcs-vaisselle-melamine\/#breadcrumb"},"inLanguage":"fr-FR","potentialAction":[{"@type":"ReadAction","target":["https:\/\/eurotrail.info\/fr\/producten\/articles-menagers\/vaisselle\/lucia-12-pcs-vaisselle-melamine\/"]}]},{"@type":"ImageObject","inLanguage":"fr-FR","@id":"https:\/\/eurotrail.info\/fr\/producten\/articles-menagers\/vaisselle\/lucia-12-pcs-vaisselle-melamine\/#primaryimage","url":"https:\/\/eurotrail.info\/wp\/wp-content\/uploads\/2025\/04\/set-A4-scaled.jpg","contentUrl":"https:\/\/eurotrail.info\/wp\/wp-content\/uploads\/2025\/04\/set-A4-scaled.jpg","width":2560,"height":2529,"caption":"Lucia 12 dlg. tafelservies, melamine"},{"@type":"BreadcrumbList","@id":"https:\/\/eurotrail.info\/fr\/producten\/articles-menagers\/vaisselle\/lucia-12-pcs-vaisselle-melamine\/#breadcrumb","itemListElement":[{"@type":"ListItem","position":1,"name":"Home","item":"https:\/\/eurotrail.info\/fr\/"},{"@type":"ListItem","position":2,"name":"Produits","item":"https:\/\/eurotrail.info\/fr\/produits\/"},{"@type":"ListItem","position":3,"name":"Lucia 12 pcs vaisselle, Melamine"}]},{"@type":"WebSite","@id":"https:\/\/eurotrail.info\/#website","url":"https:\/\/eurotrail.info\/","name":"Eurotrail | The way we camp!","description":"","publisher":{"@id":"https:\/\/eurotrail.info\/#organization"},"potentialAction":[{"@type":"SearchAction","target":{"@type":"EntryPoint","urlTemplate":"https:\/\/eurotrail.info\/?s={search_term_string}"},"query-input":{"@type":"PropertyValueSpecification","valueRequired":true,"valueName":"search_term_string"}}],"inLanguage":"fr-FR"},{"@type":"Organization","@id":"https:\/\/eurotrail.info\/#organization","name":"Eurotrail | The way we camp!","url":"https:\/\/eurotrail.info\/","logo":{"@type":"ImageObject","inLanguage":"fr-FR","@id":"https:\/\/eurotrail.info\/#\/schema\/logo\/image\/","url":"https:\/\/eurotrail.info\/wp\/wp-content\/uploads\/2023\/07\/ET-logo-quote_NL-scaled.jpg","contentUrl":"https:\/\/eurotrail.info\/wp\/wp-content\/uploads\/2023\/07\/ET-logo-quote_NL-scaled.jpg","width":2560,"height":675,"caption":"Eurotrail | The way we camp!"},"image":{"@id":"https:\/\/eurotrail.info\/#\/schema\/logo\/image\/"}}]}},"_links":{"self":[{"href":"https:\/\/eurotrail.info\/fr\/wp-json\/wp\/v2\/product\/23295","targetHints":{"allow":["GET"]}}],"collection":[{"href":"https:\/\/eurotrail.info\/fr\/wp-json\/wp\/v2\/product"}],"about":[{"href":"https:\/\/eurotrail.info\/fr\/wp-json\/wp\/v2\/types\/product"}],"replies":[{"embeddable":true,"href":"https:\/\/eurotrail.info\/fr\/wp-json\/wp\/v2\/comments?post=23295"}],"wp:featuredmedia":[{"embeddable":true,"href":"https:\/\/eurotrail.info\/fr\/wp-json\/wp\/v2\/media\/23265"}],"wp:attachment":[{"href":"https:\/\/eurotrail.info\/fr\/wp-json\/wp\/v2\/media?parent=23295"}],"wp:term":[{"taxonomy":"product_brand","embeddable":true,"href":"https:\/\/eurotrail.info\/fr\/wp-json\/wp\/v2\/product_brand?post=23295"},{"taxonomy":"product_cat","embeddable":true,"href":"https:\/\/eurotrail.info\/fr\/wp-json\/wp\/v2\/product_cat?post=23295"},{"taxonomy":"product_tag","embeddable":true,"href":"https:\/\/eurotrail.info\/fr\/wp-json\/wp\/v2\/product_tag?post=23295"}],"curies":[{"name":"wp","href":"https:\/\/api.w.org\/{rel}","templated":true}]}}