{"id":28481,"date":"2026-01-07T14:51:52","date_gmt":"2026-01-07T13:51:52","guid":{"rendered":"https:\/\/eurotrail.info\/producten\/non%20class\u00e9\/ventilateur-de-plafond-avec-lampe-telecommande-rechargeable\/"},"modified":"2026-03-19T12:11:16","modified_gmt":"2026-03-19T11:11:16","slug":"ventilateur-de-plafond-avec-lampe-telecommande-rechargeable","status":"publish","type":"product","link":"https:\/\/eurotrail.info\/fr\/producten\/jardin\/eclairage-jardin-terrasse\/ventilateur-de-plafond-avec-lampe-telecommande-rechargeable\/","title":{"rendered":"Ventilateur de plafond avec lampe\/t\u00e9l\u00e9commande rechargeable"},"content":{"rendered":"<p>Ce ventilateur de plafond rechargeable pratique est id\u00e9al pour une utilisation dans l&#8217;auvent, sous l&#8217;auvent ou dans la v\u00e9randa. Gr\u00e2ce \u00e0 ses lames amovibles, il est compact \u00e0 ranger et facile \u00e0 transporter &#8211; parfait pour les campeurs et les amateurs d&#8217;activit\u00e9s de plein air.<br \/>\nComprend une lampe int\u00e9gr\u00e9e avec plusieurs modes d&#8217;\u00e9clairage, pour que vous puissiez toujours cr\u00e9er la bonne ambiance. Gr\u00e2ce \u00e0 la t\u00e9l\u00e9commande fournie, vous pouvez facilement r\u00e9gler la luminosit\u00e9, la vitesse de ventilation et la minuterie.<br \/>\nLe ventilateur est livr\u00e9 avec un crochet pratique pour le fixer \u00e0 un m\u00e2t de tente et une plaque de montage pour le fixer au plafond. Vous b\u00e9n\u00e9ficiez donc toujours d&#8217;un refroidissement et d&#8217;un \u00e9clairage, o\u00f9 que vous soyez.<\/p>\n<p>Le flux d&#8217;air assure non seulement une excellente ventilation, mais il chasse \u00e9galement les moustiques !<\/p>\n<p>Mat\u00e9riau : ABS<br \/>\nTaille : 27,5 x \u00d8 54 cm<br \/>\nVentilateur : \u00d8 54 cm<br \/>\nLumi\u00e8res LED : 36 pcs LED lumi\u00e8re chaude et blanche<br \/>\nAlimentation : 13,5 V, 1,5A<br \/>\nBatterie rechargeable : 1,1V, 2200 mAh, 18650 Lithium Ion battery<br \/>\nDur\u00e9e de fonctionnement du ventilateur : haute 3 h., moyenne 4,5 h., basse 6 h. Tension de charge : 110-220V avec adaptateur (inclus), moyenne 4,5 heures, basse 6 heures<br \/>\nDur\u00e9e de fonctionnement de la lumi\u00e8re : haute 5 heures, moyenne 8 heures, basse 12 heures<br \/>\nTension de charge : 110-220V avec adaptateur (inclus)<\/p>\n","protected":false},"excerpt":{"rendered":"<p>Ce ventilateur de plafond rechargeable pratique est id\u00e9al pour une utilisation dans l&#8217;auvent, sous l&#8217;auvent ou dans la v\u00e9randa. Gr\u00e2ce \u00e0 ses lames amovibles, il&hellip;<\/p>\n","protected":false},"featured_media":28915,"comment_status":"open","ping_status":"closed","template":"","meta":{"_acf_changed":false},"product_brand":[],"product_cat":[243,303,245],"product_tag":[],"class_list":{"0":"post-28481","1":"product","2":"type-product","3":"status-publish","4":"has-post-thumbnail","6":"product_cat-articles-menagers","7":"product_cat-eclairage-jardin-terrasse","8":"product_cat-ventilation","10":"first","11":"instock","12":"shipping-taxable","13":"product-type-simple"},"acf":[],"yoast_head":"<!-- This site is optimized with the Yoast SEO plugin v27.4 - https:\/\/yoast.com\/product\/yoast-seo-wordpress\/ -->\n<title>Ventilateur de plafond avec lampe\/t\u00e9l\u00e9commande rechargeable - Eurotrail | The way we camp!<\/title>\n<meta name=\"description\" content=\"Ventilateur de plafond rechargeable pratique, id\u00e9al pour une utilisation dans l&#039;auvent, la tente de r\u00e9ception ou la v\u00e9randa. Lames amovibles, rangement compact. Ventile et chasse les moustiques ! Parfait pour les campeurs et les amateurs de plein air.\" \/>\n<meta name=\"robots\" content=\"index, follow, max-snippet:-1, max-image-preview:large, max-video-preview:-1\" \/>\n<link rel=\"canonical\" href=\"https:\/\/eurotrail.info\/fr\/producten\/articles-menagers\/ventilation\/ventilateur-de-plafond-avec-lampe-telecommande-rechargeable\/\" \/>\n<meta property=\"og:locale\" content=\"fr_FR\" \/>\n<meta property=\"og:type\" content=\"article\" \/>\n<meta property=\"og:title\" content=\"Ventilateur de plafond avec lampe\/t\u00e9l\u00e9commande rechargeable - Eurotrail | The way we camp!\" \/>\n<meta property=\"og:description\" content=\"Ventilateur de plafond rechargeable pratique, id\u00e9al pour une utilisation dans l&#039;auvent, la tente de r\u00e9ception ou la v\u00e9randa. Lames amovibles, rangement compact. Ventile et chasse les moustiques ! Parfait pour les campeurs et les amateurs de plein air.\" \/>\n<meta property=\"og:url\" content=\"https:\/\/eurotrail.info\/fr\/producten\/articles-menagers\/ventilation\/ventilateur-de-plafond-avec-lampe-telecommande-rechargeable\/\" \/>\n<meta property=\"og:site_name\" content=\"Eurotrail | The way we camp!\" \/>\n<meta property=\"article:modified_time\" content=\"2026-03-19T11:11:16+00:00\" \/>\n<meta property=\"og:image\" content=\"https:\/\/eurotrail.info\/wp\/wp-content\/uploads\/2026\/01\/S03H027-Rendering-001-klein-1.jpg\" \/>\n\t<meta property=\"og:image:width\" content=\"2342\" \/>\n\t<meta property=\"og:image:height\" content=\"1638\" \/>\n\t<meta property=\"og:image:type\" content=\"image\/jpeg\" \/>\n<meta name=\"twitter:card\" content=\"summary_large_image\" \/>\n<meta name=\"twitter:label1\" content=\"Dur\u00e9e de lecture estim\u00e9e\" \/>\n\t<meta name=\"twitter:data1\" content=\"2 minutes\" \/>\n<script type=\"application\/ld+json\" class=\"yoast-schema-graph\">{\"@context\":\"https:\\\/\\\/schema.org\",\"@graph\":[{\"@type\":\"WebPage\",\"@id\":\"https:\\\/\\\/eurotrail.info\\\/fr\\\/producten\\\/articles-menagers\\\/ventilation\\\/ventilateur-de-plafond-avec-lampe-telecommande-rechargeable\\\/\",\"url\":\"https:\\\/\\\/eurotrail.info\\\/fr\\\/producten\\\/articles-menagers\\\/ventilation\\\/ventilateur-de-plafond-avec-lampe-telecommande-rechargeable\\\/\",\"name\":\"Ventilateur de plafond avec lampe\\\/t\u00e9l\u00e9commande rechargeable - Eurotrail | The way we camp!\",\"isPartOf\":{\"@id\":\"https:\\\/\\\/eurotrail.info\\\/#website\"},\"primaryImageOfPage\":{\"@id\":\"https:\\\/\\\/eurotrail.info\\\/fr\\\/producten\\\/articles-menagers\\\/ventilation\\\/ventilateur-de-plafond-avec-lampe-telecommande-rechargeable\\\/#primaryimage\"},\"image\":{\"@id\":\"https:\\\/\\\/eurotrail.info\\\/fr\\\/producten\\\/articles-menagers\\\/ventilation\\\/ventilateur-de-plafond-avec-lampe-telecommande-rechargeable\\\/#primaryimage\"},\"thumbnailUrl\":\"https:\\\/\\\/eurotrail.info\\\/wp\\\/wp-content\\\/uploads\\\/2026\\\/01\\\/S03H027-Rendering-001-klein-1.jpg\",\"datePublished\":\"2026-01-07T13:51:52+00:00\",\"dateModified\":\"2026-03-19T11:11:16+00:00\",\"description\":\"Ventilateur de plafond rechargeable pratique, id\u00e9al pour une utilisation dans l'auvent, la tente de r\u00e9ception ou la v\u00e9randa. Lames amovibles, rangement compact. Ventile et chasse les moustiques ! Parfait pour les campeurs et les amateurs de plein air.\",\"breadcrumb\":{\"@id\":\"https:\\\/\\\/eurotrail.info\\\/fr\\\/producten\\\/articles-menagers\\\/ventilation\\\/ventilateur-de-plafond-avec-lampe-telecommande-rechargeable\\\/#breadcrumb\"},\"inLanguage\":\"fr-FR\",\"potentialAction\":[{\"@type\":\"ReadAction\",\"target\":[\"https:\\\/\\\/eurotrail.info\\\/fr\\\/producten\\\/articles-menagers\\\/ventilation\\\/ventilateur-de-plafond-avec-lampe-telecommande-rechargeable\\\/\"]}]},{\"@type\":\"ImageObject\",\"inLanguage\":\"fr-FR\",\"@id\":\"https:\\\/\\\/eurotrail.info\\\/fr\\\/producten\\\/articles-menagers\\\/ventilation\\\/ventilateur-de-plafond-avec-lampe-telecommande-rechargeable\\\/#primaryimage\",\"url\":\"https:\\\/\\\/eurotrail.info\\\/wp\\\/wp-content\\\/uploads\\\/2026\\\/01\\\/S03H027-Rendering-001-klein-1.jpg\",\"contentUrl\":\"https:\\\/\\\/eurotrail.info\\\/wp\\\/wp-content\\\/uploads\\\/2026\\\/01\\\/S03H027-Rendering-001-klein-1.jpg\",\"width\":2342,\"height\":1638},{\"@type\":\"BreadcrumbList\",\"@id\":\"https:\\\/\\\/eurotrail.info\\\/fr\\\/producten\\\/articles-menagers\\\/ventilation\\\/ventilateur-de-plafond-avec-lampe-telecommande-rechargeable\\\/#breadcrumb\",\"itemListElement\":[{\"@type\":\"ListItem\",\"position\":1,\"name\":\"Home\",\"item\":\"https:\\\/\\\/eurotrail.info\\\/fr\\\/\"},{\"@type\":\"ListItem\",\"position\":2,\"name\":\"Produits\",\"item\":\"https:\\\/\\\/eurotrail.info\\\/fr\\\/produits\\\/\"},{\"@type\":\"ListItem\",\"position\":3,\"name\":\"Ventilateur de plafond avec lampe\\\/t\u00e9l\u00e9commande rechargeable\"}]},{\"@type\":\"WebSite\",\"@id\":\"https:\\\/\\\/eurotrail.info\\\/#website\",\"url\":\"https:\\\/\\\/eurotrail.info\\\/\",\"name\":\"Eurotrail | The way we camp!\",\"description\":\"\",\"publisher\":{\"@id\":\"https:\\\/\\\/eurotrail.info\\\/#organization\"},\"potentialAction\":[{\"@type\":\"SearchAction\",\"target\":{\"@type\":\"EntryPoint\",\"urlTemplate\":\"https:\\\/\\\/eurotrail.info\\\/?s={search_term_string}\"},\"query-input\":{\"@type\":\"PropertyValueSpecification\",\"valueRequired\":true,\"valueName\":\"search_term_string\"}}],\"inLanguage\":\"fr-FR\"},{\"@type\":\"Organization\",\"@id\":\"https:\\\/\\\/eurotrail.info\\\/#organization\",\"name\":\"Eurotrail | The way we camp!\",\"url\":\"https:\\\/\\\/eurotrail.info\\\/\",\"logo\":{\"@type\":\"ImageObject\",\"inLanguage\":\"fr-FR\",\"@id\":\"https:\\\/\\\/eurotrail.info\\\/#\\\/schema\\\/logo\\\/image\\\/\",\"url\":\"https:\\\/\\\/eurotrail.info\\\/wp\\\/wp-content\\\/uploads\\\/2023\\\/07\\\/ET-logo-quote_NL-scaled.jpg\",\"contentUrl\":\"https:\\\/\\\/eurotrail.info\\\/wp\\\/wp-content\\\/uploads\\\/2023\\\/07\\\/ET-logo-quote_NL-scaled.jpg\",\"width\":2560,\"height\":675,\"caption\":\"Eurotrail | The way we camp!\"},\"image\":{\"@id\":\"https:\\\/\\\/eurotrail.info\\\/#\\\/schema\\\/logo\\\/image\\\/\"}}]}<\/script>\n<!-- \/ Yoast SEO plugin. -->","yoast_head_json":{"title":"Ventilateur de plafond avec lampe\/t\u00e9l\u00e9commande rechargeable - Eurotrail | The way we camp!","description":"Ventilateur de plafond rechargeable pratique, id\u00e9al pour une utilisation dans l'auvent, la tente de r\u00e9ception ou la v\u00e9randa. Lames amovibles, rangement compact. Ventile et chasse les moustiques ! Parfait pour les campeurs et les amateurs de plein air.","robots":{"index":"index","follow":"follow","max-snippet":"max-snippet:-1","max-image-preview":"max-image-preview:large","max-video-preview":"max-video-preview:-1"},"canonical":"https:\/\/eurotrail.info\/fr\/producten\/articles-menagers\/ventilation\/ventilateur-de-plafond-avec-lampe-telecommande-rechargeable\/","og_locale":"fr_FR","og_type":"article","og_title":"Ventilateur de plafond avec lampe\/t\u00e9l\u00e9commande rechargeable - Eurotrail | The way we camp!","og_description":"Ventilateur de plafond rechargeable pratique, id\u00e9al pour une utilisation dans l'auvent, la tente de r\u00e9ception ou la v\u00e9randa. Lames amovibles, rangement compact. Ventile et chasse les moustiques ! Parfait pour les campeurs et les amateurs de plein air.","og_url":"https:\/\/eurotrail.info\/fr\/producten\/articles-menagers\/ventilation\/ventilateur-de-plafond-avec-lampe-telecommande-rechargeable\/","og_site_name":"Eurotrail | The way we camp!","article_modified_time":"2026-03-19T11:11:16+00:00","og_image":[{"width":2342,"height":1638,"url":"https:\/\/eurotrail.info\/wp\/wp-content\/uploads\/2026\/01\/S03H027-Rendering-001-klein-1.jpg","type":"image\/jpeg"}],"twitter_card":"summary_large_image","twitter_misc":{"Dur\u00e9e de lecture estim\u00e9e":"2 minutes"},"schema":{"@context":"https:\/\/schema.org","@graph":[{"@type":"WebPage","@id":"https:\/\/eurotrail.info\/fr\/producten\/articles-menagers\/ventilation\/ventilateur-de-plafond-avec-lampe-telecommande-rechargeable\/","url":"https:\/\/eurotrail.info\/fr\/producten\/articles-menagers\/ventilation\/ventilateur-de-plafond-avec-lampe-telecommande-rechargeable\/","name":"Ventilateur de plafond avec lampe\/t\u00e9l\u00e9commande rechargeable - Eurotrail | The way we camp!","isPartOf":{"@id":"https:\/\/eurotrail.info\/#website"},"primaryImageOfPage":{"@id":"https:\/\/eurotrail.info\/fr\/producten\/articles-menagers\/ventilation\/ventilateur-de-plafond-avec-lampe-telecommande-rechargeable\/#primaryimage"},"image":{"@id":"https:\/\/eurotrail.info\/fr\/producten\/articles-menagers\/ventilation\/ventilateur-de-plafond-avec-lampe-telecommande-rechargeable\/#primaryimage"},"thumbnailUrl":"https:\/\/eurotrail.info\/wp\/wp-content\/uploads\/2026\/01\/S03H027-Rendering-001-klein-1.jpg","datePublished":"2026-01-07T13:51:52+00:00","dateModified":"2026-03-19T11:11:16+00:00","description":"Ventilateur de plafond rechargeable pratique, id\u00e9al pour une utilisation dans l'auvent, la tente de r\u00e9ception ou la v\u00e9randa. Lames amovibles, rangement compact. Ventile et chasse les moustiques ! Parfait pour les campeurs et les amateurs de plein air.","breadcrumb":{"@id":"https:\/\/eurotrail.info\/fr\/producten\/articles-menagers\/ventilation\/ventilateur-de-plafond-avec-lampe-telecommande-rechargeable\/#breadcrumb"},"inLanguage":"fr-FR","potentialAction":[{"@type":"ReadAction","target":["https:\/\/eurotrail.info\/fr\/producten\/articles-menagers\/ventilation\/ventilateur-de-plafond-avec-lampe-telecommande-rechargeable\/"]}]},{"@type":"ImageObject","inLanguage":"fr-FR","@id":"https:\/\/eurotrail.info\/fr\/producten\/articles-menagers\/ventilation\/ventilateur-de-plafond-avec-lampe-telecommande-rechargeable\/#primaryimage","url":"https:\/\/eurotrail.info\/wp\/wp-content\/uploads\/2026\/01\/S03H027-Rendering-001-klein-1.jpg","contentUrl":"https:\/\/eurotrail.info\/wp\/wp-content\/uploads\/2026\/01\/S03H027-Rendering-001-klein-1.jpg","width":2342,"height":1638},{"@type":"BreadcrumbList","@id":"https:\/\/eurotrail.info\/fr\/producten\/articles-menagers\/ventilation\/ventilateur-de-plafond-avec-lampe-telecommande-rechargeable\/#breadcrumb","itemListElement":[{"@type":"ListItem","position":1,"name":"Home","item":"https:\/\/eurotrail.info\/fr\/"},{"@type":"ListItem","position":2,"name":"Produits","item":"https:\/\/eurotrail.info\/fr\/produits\/"},{"@type":"ListItem","position":3,"name":"Ventilateur de plafond avec lampe\/t\u00e9l\u00e9commande rechargeable"}]},{"@type":"WebSite","@id":"https:\/\/eurotrail.info\/#website","url":"https:\/\/eurotrail.info\/","name":"Eurotrail | The way we camp!","description":"","publisher":{"@id":"https:\/\/eurotrail.info\/#organization"},"potentialAction":[{"@type":"SearchAction","target":{"@type":"EntryPoint","urlTemplate":"https:\/\/eurotrail.info\/?s={search_term_string}"},"query-input":{"@type":"PropertyValueSpecification","valueRequired":true,"valueName":"search_term_string"}}],"inLanguage":"fr-FR"},{"@type":"Organization","@id":"https:\/\/eurotrail.info\/#organization","name":"Eurotrail | The way we camp!","url":"https:\/\/eurotrail.info\/","logo":{"@type":"ImageObject","inLanguage":"fr-FR","@id":"https:\/\/eurotrail.info\/#\/schema\/logo\/image\/","url":"https:\/\/eurotrail.info\/wp\/wp-content\/uploads\/2023\/07\/ET-logo-quote_NL-scaled.jpg","contentUrl":"https:\/\/eurotrail.info\/wp\/wp-content\/uploads\/2023\/07\/ET-logo-quote_NL-scaled.jpg","width":2560,"height":675,"caption":"Eurotrail | The way we camp!"},"image":{"@id":"https:\/\/eurotrail.info\/#\/schema\/logo\/image\/"}}]}},"_links":{"self":[{"href":"https:\/\/eurotrail.info\/fr\/wp-json\/wp\/v2\/product\/28481","targetHints":{"allow":["GET"]}}],"collection":[{"href":"https:\/\/eurotrail.info\/fr\/wp-json\/wp\/v2\/product"}],"about":[{"href":"https:\/\/eurotrail.info\/fr\/wp-json\/wp\/v2\/types\/product"}],"replies":[{"embeddable":true,"href":"https:\/\/eurotrail.info\/fr\/wp-json\/wp\/v2\/comments?post=28481"}],"wp:featuredmedia":[{"embeddable":true,"href":"https:\/\/eurotrail.info\/fr\/wp-json\/wp\/v2\/media\/28915"}],"wp:attachment":[{"href":"https:\/\/eurotrail.info\/fr\/wp-json\/wp\/v2\/media?parent=28481"}],"wp:term":[{"taxonomy":"product_brand","embeddable":true,"href":"https:\/\/eurotrail.info\/fr\/wp-json\/wp\/v2\/product_brand?post=28481"},{"taxonomy":"product_cat","embeddable":true,"href":"https:\/\/eurotrail.info\/fr\/wp-json\/wp\/v2\/product_cat?post=28481"},{"taxonomy":"product_tag","embeddable":true,"href":"https:\/\/eurotrail.info\/fr\/wp-json\/wp\/v2\/product_tag?post=28481"}],"curies":[{"name":"wp","href":"https:\/\/api.w.org\/{rel}","templated":true}]}}