{"id":28499,"date":"2026-01-07T15:03:39","date_gmt":"2026-01-07T14:03:39","guid":{"rendered":"https:\/\/eurotrail.info\/producten\/non%20class\u00e9\/texel-katoenen-dekenslaapzak\/"},"modified":"2026-01-08T09:31:34","modified_gmt":"2026-01-08T08:31:34","slug":"texel-katoenen-dekenslaapzak","status":"publish","type":"product","link":"https:\/\/eurotrail.info\/fr\/producten\/sacs-de-couchage\/sacs-de-couchage-fr\/texel-katoenen-dekenslaapzak\/","title":{"rendered":"Texel katoenen dekenslaapzak"},"content":{"rendered":"<p>S\u00e9rie de sacs de couchage pour une nuit confortable au camping. Ces sacs de couchage allient fonctionnalit\u00e9 pratique et mat\u00e9riaux de haute qualit\u00e9.<\/p>\n<p>L&#8217;ext\u00e9rieur est fabriqu\u00e9 dans un m\u00e9lange polyester\/coton r\u00e9sistant et respirant, qui r\u00e9siste bien \u00e0 l&#8217;usure et \u00e0 l&#8217;humidit\u00e9. L&#8217;int\u00e9rieur est doubl\u00e9 d&#8217;un coton doux et fin, agr\u00e9able au toucher.<\/p>\n<p>La nouvelle g\u00e9n\u00e9ration de rembourrage en fibres creuses SL-III offre une excellente isolation, m\u00eame par temps humide !<\/p>\n<p>Disponible en 2 tailles : Standard : 80 x 210 cm et Extra Large : 100 x 220 cm &#8211; plus d&#8217;espace pour plus de confort.<\/p>\n<p>D\u00e9tails : poche int\u00e9rieure pour documents : rangement s\u00e9curis\u00e9 du t\u00e9l\u00e9phone, des lunettes ou des papiers, bande anti-blocage derri\u00e8re la fermeture \u00e9clair : ouverture et fermeture faciles sans coincement, connectable, option de ventilation : par temps chaud, ouvrez la fermeture \u00e9clair au pied du sac pour plus de fra\u00eecheur, livr\u00e9 dans une housse de compression pratique : rangement compact et facile \u00e0 transporter.<\/p>\n<p>TEXEL<br \/>\nMat\u00e9riau : ext\u00e9rieur : 65 % polyester \/ 35 % coton &#8211; int\u00e9rieur : 100 % coton doux<br \/>\nRembourrage 300 g SL-III nouvelle g\u00e9n\u00e9ration fibre creuse<br \/>\nDimensions : 80 x 210 cm<br \/>\nEmballage : 40 x \u00d830 cm<br \/>\nPoids : 2,6 kg.<\/p>\n<p>TEXEL XL<br \/>\nMat\u00e9riau : ext\u00e9rieur : polyester\/coton &#8211; int\u00e9rieur : 100 % coton doux.<br \/>\nRembourrage 300 g. SL-III nouvelle g\u00e9n\u00e9ration de fibres creuses.<br \/>\nDimensions 100 x 220 cm.<br \/>\nEmballage 50 x \u00d8 40 cm.<br \/>\nPoids 3,4 kg.<\/p>\n<p>&nbsp;<\/p>\n","protected":false},"excerpt":{"rendered":"<p>S\u00e9rie de sacs de couchage pour une nuit confortable au camping. Ces sacs de couchage allient fonctionnalit\u00e9 pratique et mat\u00e9riaux de haute qualit\u00e9. L&#8217;ext\u00e9rieur est&hellip;<\/p>\n","protected":false},"featured_media":28429,"comment_status":"open","ping_status":"closed","template":"","meta":{"_acf_changed":false},"product_brand":[],"product_cat":[271,272],"product_tag":[],"class_list":{"0":"post-28499","1":"product","2":"type-product","3":"status-publish","4":"has-post-thumbnail","6":"product_cat-sacs-de-couchage","7":"product_cat-sacs-de-couchage-fr","9":"first","10":"instock","11":"shipping-taxable","12":"product-type-simple"},"acf":[],"yoast_head":"<!-- This site is optimized with the Yoast SEO plugin v27.4 - https:\/\/yoast.com\/product\/yoast-seo-wordpress\/ -->\n<title>Texel katoenen dekenslaapzak - Eurotrail | The way we camp!<\/title>\n<meta name=\"description\" content=\"Une gamme de sacs de couchage pour une nuit confortable au camping. Ces sacs de couchage allient fonctionnalit\u00e9 et mat\u00e9riaux de haute qualit\u00e9.\" \/>\n<meta name=\"robots\" content=\"index, follow, max-snippet:-1, max-image-preview:large, max-video-preview:-1\" \/>\n<link rel=\"canonical\" href=\"https:\/\/eurotrail.info\/fr\/producten\/sacs-de-couchage\/sacs-de-couchage-fr\/texel-katoenen-dekenslaapzak\/\" \/>\n<meta property=\"og:locale\" content=\"fr_FR\" \/>\n<meta property=\"og:type\" content=\"article\" \/>\n<meta property=\"og:title\" content=\"Texel katoenen dekenslaapzak - Eurotrail | The way we camp!\" \/>\n<meta property=\"og:description\" content=\"Une gamme de sacs de couchage pour une nuit confortable au camping. Ces sacs de couchage allient fonctionnalit\u00e9 et mat\u00e9riaux de haute qualit\u00e9.\" \/>\n<meta property=\"og:url\" content=\"https:\/\/eurotrail.info\/fr\/producten\/sacs-de-couchage\/sacs-de-couchage-fr\/texel-katoenen-dekenslaapzak\/\" \/>\n<meta property=\"og:site_name\" content=\"Eurotrail | The way we camp!\" \/>\n<meta property=\"article:modified_time\" content=\"2026-01-08T08:31:34+00:00\" \/>\n<meta property=\"og:image\" content=\"https:\/\/eurotrail.info\/wp\/wp-content\/uploads\/2026\/01\/ETSB0236_Slaapzak-Texel-scaled.jpg\" \/>\n\t<meta property=\"og:image:width\" content=\"2560\" \/>\n\t<meta property=\"og:image:height\" content=\"1376\" \/>\n\t<meta property=\"og:image:type\" content=\"image\/jpeg\" \/>\n<meta name=\"twitter:card\" content=\"summary_large_image\" \/>\n<meta name=\"twitter:label1\" content=\"Dur\u00e9e de lecture estim\u00e9e\" \/>\n\t<meta name=\"twitter:data1\" content=\"2 minutes\" \/>\n<script type=\"application\/ld+json\" class=\"yoast-schema-graph\">{\"@context\":\"https:\\\/\\\/schema.org\",\"@graph\":[{\"@type\":\"WebPage\",\"@id\":\"https:\\\/\\\/eurotrail.info\\\/fr\\\/producten\\\/sacs-de-couchage\\\/sacs-de-couchage-fr\\\/texel-katoenen-dekenslaapzak\\\/\",\"url\":\"https:\\\/\\\/eurotrail.info\\\/fr\\\/producten\\\/sacs-de-couchage\\\/sacs-de-couchage-fr\\\/texel-katoenen-dekenslaapzak\\\/\",\"name\":\"Texel katoenen dekenslaapzak - Eurotrail | The way we camp!\",\"isPartOf\":{\"@id\":\"https:\\\/\\\/eurotrail.info\\\/#website\"},\"primaryImageOfPage\":{\"@id\":\"https:\\\/\\\/eurotrail.info\\\/fr\\\/producten\\\/sacs-de-couchage\\\/sacs-de-couchage-fr\\\/texel-katoenen-dekenslaapzak\\\/#primaryimage\"},\"image\":{\"@id\":\"https:\\\/\\\/eurotrail.info\\\/fr\\\/producten\\\/sacs-de-couchage\\\/sacs-de-couchage-fr\\\/texel-katoenen-dekenslaapzak\\\/#primaryimage\"},\"thumbnailUrl\":\"https:\\\/\\\/eurotrail.info\\\/wp\\\/wp-content\\\/uploads\\\/2026\\\/01\\\/ETSB0236_Slaapzak-Texel-scaled.jpg\",\"datePublished\":\"2026-01-07T14:03:39+00:00\",\"dateModified\":\"2026-01-08T08:31:34+00:00\",\"description\":\"Une gamme de sacs de couchage pour une nuit confortable au camping. Ces sacs de couchage allient fonctionnalit\u00e9 et mat\u00e9riaux de haute qualit\u00e9.\",\"breadcrumb\":{\"@id\":\"https:\\\/\\\/eurotrail.info\\\/fr\\\/producten\\\/sacs-de-couchage\\\/sacs-de-couchage-fr\\\/texel-katoenen-dekenslaapzak\\\/#breadcrumb\"},\"inLanguage\":\"fr-FR\",\"potentialAction\":[{\"@type\":\"ReadAction\",\"target\":[\"https:\\\/\\\/eurotrail.info\\\/fr\\\/producten\\\/sacs-de-couchage\\\/sacs-de-couchage-fr\\\/texel-katoenen-dekenslaapzak\\\/\"]}]},{\"@type\":\"ImageObject\",\"inLanguage\":\"fr-FR\",\"@id\":\"https:\\\/\\\/eurotrail.info\\\/fr\\\/producten\\\/sacs-de-couchage\\\/sacs-de-couchage-fr\\\/texel-katoenen-dekenslaapzak\\\/#primaryimage\",\"url\":\"https:\\\/\\\/eurotrail.info\\\/wp\\\/wp-content\\\/uploads\\\/2026\\\/01\\\/ETSB0236_Slaapzak-Texel-scaled.jpg\",\"contentUrl\":\"https:\\\/\\\/eurotrail.info\\\/wp\\\/wp-content\\\/uploads\\\/2026\\\/01\\\/ETSB0236_Slaapzak-Texel-scaled.jpg\",\"width\":2560,\"height\":1376},{\"@type\":\"BreadcrumbList\",\"@id\":\"https:\\\/\\\/eurotrail.info\\\/fr\\\/producten\\\/sacs-de-couchage\\\/sacs-de-couchage-fr\\\/texel-katoenen-dekenslaapzak\\\/#breadcrumb\",\"itemListElement\":[{\"@type\":\"ListItem\",\"position\":1,\"name\":\"Home\",\"item\":\"https:\\\/\\\/eurotrail.info\\\/fr\\\/\"},{\"@type\":\"ListItem\",\"position\":2,\"name\":\"Produits\",\"item\":\"https:\\\/\\\/eurotrail.info\\\/fr\\\/produits\\\/\"},{\"@type\":\"ListItem\",\"position\":3,\"name\":\"Texel katoenen dekenslaapzak\"}]},{\"@type\":\"WebSite\",\"@id\":\"https:\\\/\\\/eurotrail.info\\\/#website\",\"url\":\"https:\\\/\\\/eurotrail.info\\\/\",\"name\":\"Eurotrail | The way we camp!\",\"description\":\"\",\"publisher\":{\"@id\":\"https:\\\/\\\/eurotrail.info\\\/#organization\"},\"potentialAction\":[{\"@type\":\"SearchAction\",\"target\":{\"@type\":\"EntryPoint\",\"urlTemplate\":\"https:\\\/\\\/eurotrail.info\\\/?s={search_term_string}\"},\"query-input\":{\"@type\":\"PropertyValueSpecification\",\"valueRequired\":true,\"valueName\":\"search_term_string\"}}],\"inLanguage\":\"fr-FR\"},{\"@type\":\"Organization\",\"@id\":\"https:\\\/\\\/eurotrail.info\\\/#organization\",\"name\":\"Eurotrail | The way we camp!\",\"url\":\"https:\\\/\\\/eurotrail.info\\\/\",\"logo\":{\"@type\":\"ImageObject\",\"inLanguage\":\"fr-FR\",\"@id\":\"https:\\\/\\\/eurotrail.info\\\/#\\\/schema\\\/logo\\\/image\\\/\",\"url\":\"https:\\\/\\\/eurotrail.info\\\/wp\\\/wp-content\\\/uploads\\\/2023\\\/07\\\/ET-logo-quote_NL-scaled.jpg\",\"contentUrl\":\"https:\\\/\\\/eurotrail.info\\\/wp\\\/wp-content\\\/uploads\\\/2023\\\/07\\\/ET-logo-quote_NL-scaled.jpg\",\"width\":2560,\"height\":675,\"caption\":\"Eurotrail | The way we camp!\"},\"image\":{\"@id\":\"https:\\\/\\\/eurotrail.info\\\/#\\\/schema\\\/logo\\\/image\\\/\"}}]}<\/script>\n<!-- \/ Yoast SEO plugin. -->","yoast_head_json":{"title":"Texel katoenen dekenslaapzak - Eurotrail | The way we camp!","description":"Une gamme de sacs de couchage pour une nuit confortable au camping. Ces sacs de couchage allient fonctionnalit\u00e9 et mat\u00e9riaux de haute qualit\u00e9.","robots":{"index":"index","follow":"follow","max-snippet":"max-snippet:-1","max-image-preview":"max-image-preview:large","max-video-preview":"max-video-preview:-1"},"canonical":"https:\/\/eurotrail.info\/fr\/producten\/sacs-de-couchage\/sacs-de-couchage-fr\/texel-katoenen-dekenslaapzak\/","og_locale":"fr_FR","og_type":"article","og_title":"Texel katoenen dekenslaapzak - Eurotrail | The way we camp!","og_description":"Une gamme de sacs de couchage pour une nuit confortable au camping. Ces sacs de couchage allient fonctionnalit\u00e9 et mat\u00e9riaux de haute qualit\u00e9.","og_url":"https:\/\/eurotrail.info\/fr\/producten\/sacs-de-couchage\/sacs-de-couchage-fr\/texel-katoenen-dekenslaapzak\/","og_site_name":"Eurotrail | The way we camp!","article_modified_time":"2026-01-08T08:31:34+00:00","og_image":[{"width":2560,"height":1376,"url":"https:\/\/eurotrail.info\/wp\/wp-content\/uploads\/2026\/01\/ETSB0236_Slaapzak-Texel-scaled.jpg","type":"image\/jpeg"}],"twitter_card":"summary_large_image","twitter_misc":{"Dur\u00e9e de lecture estim\u00e9e":"2 minutes"},"schema":{"@context":"https:\/\/schema.org","@graph":[{"@type":"WebPage","@id":"https:\/\/eurotrail.info\/fr\/producten\/sacs-de-couchage\/sacs-de-couchage-fr\/texel-katoenen-dekenslaapzak\/","url":"https:\/\/eurotrail.info\/fr\/producten\/sacs-de-couchage\/sacs-de-couchage-fr\/texel-katoenen-dekenslaapzak\/","name":"Texel katoenen dekenslaapzak - Eurotrail | The way we camp!","isPartOf":{"@id":"https:\/\/eurotrail.info\/#website"},"primaryImageOfPage":{"@id":"https:\/\/eurotrail.info\/fr\/producten\/sacs-de-couchage\/sacs-de-couchage-fr\/texel-katoenen-dekenslaapzak\/#primaryimage"},"image":{"@id":"https:\/\/eurotrail.info\/fr\/producten\/sacs-de-couchage\/sacs-de-couchage-fr\/texel-katoenen-dekenslaapzak\/#primaryimage"},"thumbnailUrl":"https:\/\/eurotrail.info\/wp\/wp-content\/uploads\/2026\/01\/ETSB0236_Slaapzak-Texel-scaled.jpg","datePublished":"2026-01-07T14:03:39+00:00","dateModified":"2026-01-08T08:31:34+00:00","description":"Une gamme de sacs de couchage pour une nuit confortable au camping. Ces sacs de couchage allient fonctionnalit\u00e9 et mat\u00e9riaux de haute qualit\u00e9.","breadcrumb":{"@id":"https:\/\/eurotrail.info\/fr\/producten\/sacs-de-couchage\/sacs-de-couchage-fr\/texel-katoenen-dekenslaapzak\/#breadcrumb"},"inLanguage":"fr-FR","potentialAction":[{"@type":"ReadAction","target":["https:\/\/eurotrail.info\/fr\/producten\/sacs-de-couchage\/sacs-de-couchage-fr\/texel-katoenen-dekenslaapzak\/"]}]},{"@type":"ImageObject","inLanguage":"fr-FR","@id":"https:\/\/eurotrail.info\/fr\/producten\/sacs-de-couchage\/sacs-de-couchage-fr\/texel-katoenen-dekenslaapzak\/#primaryimage","url":"https:\/\/eurotrail.info\/wp\/wp-content\/uploads\/2026\/01\/ETSB0236_Slaapzak-Texel-scaled.jpg","contentUrl":"https:\/\/eurotrail.info\/wp\/wp-content\/uploads\/2026\/01\/ETSB0236_Slaapzak-Texel-scaled.jpg","width":2560,"height":1376},{"@type":"BreadcrumbList","@id":"https:\/\/eurotrail.info\/fr\/producten\/sacs-de-couchage\/sacs-de-couchage-fr\/texel-katoenen-dekenslaapzak\/#breadcrumb","itemListElement":[{"@type":"ListItem","position":1,"name":"Home","item":"https:\/\/eurotrail.info\/fr\/"},{"@type":"ListItem","position":2,"name":"Produits","item":"https:\/\/eurotrail.info\/fr\/produits\/"},{"@type":"ListItem","position":3,"name":"Texel katoenen dekenslaapzak"}]},{"@type":"WebSite","@id":"https:\/\/eurotrail.info\/#website","url":"https:\/\/eurotrail.info\/","name":"Eurotrail | The way we camp!","description":"","publisher":{"@id":"https:\/\/eurotrail.info\/#organization"},"potentialAction":[{"@type":"SearchAction","target":{"@type":"EntryPoint","urlTemplate":"https:\/\/eurotrail.info\/?s={search_term_string}"},"query-input":{"@type":"PropertyValueSpecification","valueRequired":true,"valueName":"search_term_string"}}],"inLanguage":"fr-FR"},{"@type":"Organization","@id":"https:\/\/eurotrail.info\/#organization","name":"Eurotrail | The way we camp!","url":"https:\/\/eurotrail.info\/","logo":{"@type":"ImageObject","inLanguage":"fr-FR","@id":"https:\/\/eurotrail.info\/#\/schema\/logo\/image\/","url":"https:\/\/eurotrail.info\/wp\/wp-content\/uploads\/2023\/07\/ET-logo-quote_NL-scaled.jpg","contentUrl":"https:\/\/eurotrail.info\/wp\/wp-content\/uploads\/2023\/07\/ET-logo-quote_NL-scaled.jpg","width":2560,"height":675,"caption":"Eurotrail | The way we camp!"},"image":{"@id":"https:\/\/eurotrail.info\/#\/schema\/logo\/image\/"}}]}},"_links":{"self":[{"href":"https:\/\/eurotrail.info\/fr\/wp-json\/wp\/v2\/product\/28499","targetHints":{"allow":["GET"]}}],"collection":[{"href":"https:\/\/eurotrail.info\/fr\/wp-json\/wp\/v2\/product"}],"about":[{"href":"https:\/\/eurotrail.info\/fr\/wp-json\/wp\/v2\/types\/product"}],"replies":[{"embeddable":true,"href":"https:\/\/eurotrail.info\/fr\/wp-json\/wp\/v2\/comments?post=28499"}],"wp:featuredmedia":[{"embeddable":true,"href":"https:\/\/eurotrail.info\/fr\/wp-json\/wp\/v2\/media\/28429"}],"wp:attachment":[{"href":"https:\/\/eurotrail.info\/fr\/wp-json\/wp\/v2\/media?parent=28499"}],"wp:term":[{"taxonomy":"product_brand","embeddable":true,"href":"https:\/\/eurotrail.info\/fr\/wp-json\/wp\/v2\/product_brand?post=28499"},{"taxonomy":"product_cat","embeddable":true,"href":"https:\/\/eurotrail.info\/fr\/wp-json\/wp\/v2\/product_cat?post=28499"},{"taxonomy":"product_tag","embeddable":true,"href":"https:\/\/eurotrail.info\/fr\/wp-json\/wp\/v2\/product_tag?post=28499"}],"curies":[{"name":"wp","href":"https:\/\/api.w.org\/{rel}","templated":true}]}}