{"id":28507,"date":"2026-01-07T14:57:44","date_gmt":"2026-01-07T13:57:44","guid":{"rendered":"https:\/\/eurotrail.info\/?post_type=product&#038;p=28507"},"modified":"2026-01-09T14:20:52","modified_gmt":"2026-01-09T13:20:52","slug":"haubans-decoratifs-lumineux-rechargeables","status":"publish","type":"product","link":"https:\/\/eurotrail.info\/fr\/producten\/tentes\/pieces-de-poteau\/haubans-decoratifs-lumineux-rechargeables\/","title":{"rendered":"Cordes d\u00e9coratifs lumineux, rechargeables"},"content":{"rendered":"<p>Cordes d&#8217;ancrage lumineuses \u2013 S\u00e9curit\u00e9 dans l&#8217;obscurit\u00e9<\/p>\n<p>Ces cordes d&#8217;ancrage de 5 mm d&#8217;\u00e9paisseur et de 5 m\u00e8tres de long sont \u00e9quip\u00e9es d&#8217;un \u00e9clairage LED lumineux sur toute leur longueur. Id\u00e9ales pour une visibilit\u00e9 et une s\u00e9curit\u00e9 accrues autour de votre tente, b\u00e2che ou auvent. Fini les tr\u00e9buchements dans l&#8217;obscurit\u00e9 !<\/p>\n<p>Fonctionne avec une batterie rechargeable et s&#8217;attache facilement gr\u00e2ce au mousqueton int\u00e9gr\u00e9. La corde LED dispose de pas moins de 8 modes d&#8217;\u00e9clairage diff\u00e9rents, allant d&#8217;une lumi\u00e8re d&#8217;ambiance subtile \u00e0 un clignotement bien visible.<\/p>\n<p>Mat\u00e9riau : corde en nylon avec 33 LED<br \/>\nTaille : 5 mm x 5 m<br \/>\nBatterie : 800 mAH 18650<br \/>\nTemps de charge : \u00b1 2-3 heures<br \/>\nAutonomie : \u00b1 20 heures.<br \/>\nR\u00e9sistance \u00e0 l&#8217;eau : IPX 44<\/p>\n","protected":false},"excerpt":{"rendered":"<p>Cordes d&#8217;ancrage lumineuses \u2013 S\u00e9curit\u00e9 dans l&#8217;obscurit\u00e9 Ces cordes d&#8217;ancrage de 5 mm d&#8217;\u00e9paisseur et de 5 m\u00e8tres de long sont \u00e9quip\u00e9es d&#8217;un \u00e9clairage LED&hellip;<\/p>\n","protected":false},"featured_media":28418,"comment_status":"open","ping_status":"closed","template":"","meta":{"_acf_changed":false},"product_brand":[],"product_cat":[242,283,280,275],"product_tag":[],"class_list":{"0":"post-28507","1":"product","2":"type-product","3":"status-publish","4":"has-post-thumbnail","6":"product_cat-accessoires-caravane","7":"product_cat-lampes-de-camping","8":"product_cat-pieces-de-poteau","9":"product_cat-tentes","11":"first","12":"instock","13":"shipping-taxable","14":"product-type-simple"},"acf":[],"yoast_head":"<!-- This site is optimized with the Yoast SEO plugin v27.4 - https:\/\/yoast.com\/product\/yoast-seo-wordpress\/ -->\n<title>Cordes d\u00e9coratifs lumineux, rechargeables - Eurotrail | The way we camp!<\/title>\n<meta name=\"description\" content=\"Ces haubans de 5 mm d&#039;\u00e9paisseur et de 5 m\u00e8tres de long sont \u00e9quip\u00e9s de LED lumineuses sur toute leur longueur. Id\u00e9aux pour une visibilit\u00e9 et une s\u00e9curit\u00e9 accrues autour de votre tente, b\u00e2che ou auvent.\" \/>\n<meta name=\"robots\" content=\"index, follow, max-snippet:-1, max-image-preview:large, max-video-preview:-1\" \/>\n<link rel=\"canonical\" href=\"https:\/\/eurotrail.info\/fr\/producten\/tentes\/pieces-de-poteau\/haubans-decoratifs-lumineux-rechargeables\/\" \/>\n<meta property=\"og:locale\" content=\"fr_FR\" \/>\n<meta property=\"og:type\" content=\"article\" \/>\n<meta property=\"og:title\" content=\"Cordes d\u00e9coratifs lumineux, rechargeables - Eurotrail | The way we camp!\" \/>\n<meta property=\"og:description\" content=\"Ces haubans de 5 mm d&#039;\u00e9paisseur et de 5 m\u00e8tres de long sont \u00e9quip\u00e9s de LED lumineuses sur toute leur longueur. Id\u00e9aux pour une visibilit\u00e9 et une s\u00e9curit\u00e9 accrues autour de votre tente, b\u00e2che ou auvent.\" \/>\n<meta property=\"og:url\" content=\"https:\/\/eurotrail.info\/fr\/producten\/tentes\/pieces-de-poteau\/haubans-decoratifs-lumineux-rechargeables\/\" \/>\n<meta property=\"og:site_name\" content=\"Eurotrail | The way we camp!\" \/>\n<meta property=\"article:modified_time\" content=\"2026-01-09T13:20:52+00:00\" \/>\n<meta property=\"og:image\" content=\"https:\/\/eurotrail.info\/wp\/wp-content\/uploads\/2026\/01\/Sfeer-1.jpg\" \/>\n\t<meta property=\"og:image:width\" content=\"1512\" \/>\n\t<meta property=\"og:image:height\" content=\"2016\" \/>\n\t<meta property=\"og:image:type\" content=\"image\/jpeg\" \/>\n<meta name=\"twitter:card\" content=\"summary_large_image\" \/>\n<meta name=\"twitter:label1\" content=\"Dur\u00e9e de lecture estim\u00e9e\" \/>\n\t<meta name=\"twitter:data1\" content=\"1 minute\" \/>\n<script type=\"application\/ld+json\" class=\"yoast-schema-graph\">{\"@context\":\"https:\\\/\\\/schema.org\",\"@graph\":[{\"@type\":\"WebPage\",\"@id\":\"https:\\\/\\\/eurotrail.info\\\/fr\\\/producten\\\/tentes\\\/pieces-de-poteau\\\/haubans-decoratifs-lumineux-rechargeables\\\/\",\"url\":\"https:\\\/\\\/eurotrail.info\\\/fr\\\/producten\\\/tentes\\\/pieces-de-poteau\\\/haubans-decoratifs-lumineux-rechargeables\\\/\",\"name\":\"Cordes d\u00e9coratifs lumineux, rechargeables - Eurotrail | The way we camp!\",\"isPartOf\":{\"@id\":\"https:\\\/\\\/eurotrail.info\\\/#website\"},\"primaryImageOfPage\":{\"@id\":\"https:\\\/\\\/eurotrail.info\\\/fr\\\/producten\\\/tentes\\\/pieces-de-poteau\\\/haubans-decoratifs-lumineux-rechargeables\\\/#primaryimage\"},\"image\":{\"@id\":\"https:\\\/\\\/eurotrail.info\\\/fr\\\/producten\\\/tentes\\\/pieces-de-poteau\\\/haubans-decoratifs-lumineux-rechargeables\\\/#primaryimage\"},\"thumbnailUrl\":\"https:\\\/\\\/eurotrail.info\\\/wp\\\/wp-content\\\/uploads\\\/2026\\\/01\\\/Sfeer-1.jpg\",\"datePublished\":\"2026-01-07T13:57:44+00:00\",\"dateModified\":\"2026-01-09T13:20:52+00:00\",\"description\":\"Ces haubans de 5 mm d'\u00e9paisseur et de 5 m\u00e8tres de long sont \u00e9quip\u00e9s de LED lumineuses sur toute leur longueur. Id\u00e9aux pour une visibilit\u00e9 et une s\u00e9curit\u00e9 accrues autour de votre tente, b\u00e2che ou auvent.\",\"breadcrumb\":{\"@id\":\"https:\\\/\\\/eurotrail.info\\\/fr\\\/producten\\\/tentes\\\/pieces-de-poteau\\\/haubans-decoratifs-lumineux-rechargeables\\\/#breadcrumb\"},\"inLanguage\":\"fr-FR\",\"potentialAction\":[{\"@type\":\"ReadAction\",\"target\":[\"https:\\\/\\\/eurotrail.info\\\/fr\\\/producten\\\/tentes\\\/pieces-de-poteau\\\/haubans-decoratifs-lumineux-rechargeables\\\/\"]}]},{\"@type\":\"ImageObject\",\"inLanguage\":\"fr-FR\",\"@id\":\"https:\\\/\\\/eurotrail.info\\\/fr\\\/producten\\\/tentes\\\/pieces-de-poteau\\\/haubans-decoratifs-lumineux-rechargeables\\\/#primaryimage\",\"url\":\"https:\\\/\\\/eurotrail.info\\\/wp\\\/wp-content\\\/uploads\\\/2026\\\/01\\\/Sfeer-1.jpg\",\"contentUrl\":\"https:\\\/\\\/eurotrail.info\\\/wp\\\/wp-content\\\/uploads\\\/2026\\\/01\\\/Sfeer-1.jpg\",\"width\":1512,\"height\":2016},{\"@type\":\"BreadcrumbList\",\"@id\":\"https:\\\/\\\/eurotrail.info\\\/fr\\\/producten\\\/tentes\\\/pieces-de-poteau\\\/haubans-decoratifs-lumineux-rechargeables\\\/#breadcrumb\",\"itemListElement\":[{\"@type\":\"ListItem\",\"position\":1,\"name\":\"Home\",\"item\":\"https:\\\/\\\/eurotrail.info\\\/fr\\\/\"},{\"@type\":\"ListItem\",\"position\":2,\"name\":\"Produits\",\"item\":\"https:\\\/\\\/eurotrail.info\\\/fr\\\/produits\\\/\"},{\"@type\":\"ListItem\",\"position\":3,\"name\":\"Cordes d\u00e9coratifs lumineux, rechargeables\"}]},{\"@type\":\"WebSite\",\"@id\":\"https:\\\/\\\/eurotrail.info\\\/#website\",\"url\":\"https:\\\/\\\/eurotrail.info\\\/\",\"name\":\"Eurotrail | The way we camp!\",\"description\":\"\",\"publisher\":{\"@id\":\"https:\\\/\\\/eurotrail.info\\\/#organization\"},\"potentialAction\":[{\"@type\":\"SearchAction\",\"target\":{\"@type\":\"EntryPoint\",\"urlTemplate\":\"https:\\\/\\\/eurotrail.info\\\/?s={search_term_string}\"},\"query-input\":{\"@type\":\"PropertyValueSpecification\",\"valueRequired\":true,\"valueName\":\"search_term_string\"}}],\"inLanguage\":\"fr-FR\"},{\"@type\":\"Organization\",\"@id\":\"https:\\\/\\\/eurotrail.info\\\/#organization\",\"name\":\"Eurotrail | The way we camp!\",\"url\":\"https:\\\/\\\/eurotrail.info\\\/\",\"logo\":{\"@type\":\"ImageObject\",\"inLanguage\":\"fr-FR\",\"@id\":\"https:\\\/\\\/eurotrail.info\\\/#\\\/schema\\\/logo\\\/image\\\/\",\"url\":\"https:\\\/\\\/eurotrail.info\\\/wp\\\/wp-content\\\/uploads\\\/2023\\\/07\\\/ET-logo-quote_NL-scaled.jpg\",\"contentUrl\":\"https:\\\/\\\/eurotrail.info\\\/wp\\\/wp-content\\\/uploads\\\/2023\\\/07\\\/ET-logo-quote_NL-scaled.jpg\",\"width\":2560,\"height\":675,\"caption\":\"Eurotrail | The way we camp!\"},\"image\":{\"@id\":\"https:\\\/\\\/eurotrail.info\\\/#\\\/schema\\\/logo\\\/image\\\/\"}}]}<\/script>\n<!-- \/ Yoast SEO plugin. -->","yoast_head_json":{"title":"Cordes d\u00e9coratifs lumineux, rechargeables - Eurotrail | The way we camp!","description":"Ces haubans de 5 mm d'\u00e9paisseur et de 5 m\u00e8tres de long sont \u00e9quip\u00e9s de LED lumineuses sur toute leur longueur. Id\u00e9aux pour une visibilit\u00e9 et une s\u00e9curit\u00e9 accrues autour de votre tente, b\u00e2che ou auvent.","robots":{"index":"index","follow":"follow","max-snippet":"max-snippet:-1","max-image-preview":"max-image-preview:large","max-video-preview":"max-video-preview:-1"},"canonical":"https:\/\/eurotrail.info\/fr\/producten\/tentes\/pieces-de-poteau\/haubans-decoratifs-lumineux-rechargeables\/","og_locale":"fr_FR","og_type":"article","og_title":"Cordes d\u00e9coratifs lumineux, rechargeables - Eurotrail | The way we camp!","og_description":"Ces haubans de 5 mm d'\u00e9paisseur et de 5 m\u00e8tres de long sont \u00e9quip\u00e9s de LED lumineuses sur toute leur longueur. Id\u00e9aux pour une visibilit\u00e9 et une s\u00e9curit\u00e9 accrues autour de votre tente, b\u00e2che ou auvent.","og_url":"https:\/\/eurotrail.info\/fr\/producten\/tentes\/pieces-de-poteau\/haubans-decoratifs-lumineux-rechargeables\/","og_site_name":"Eurotrail | The way we camp!","article_modified_time":"2026-01-09T13:20:52+00:00","og_image":[{"width":1512,"height":2016,"url":"https:\/\/eurotrail.info\/wp\/wp-content\/uploads\/2026\/01\/Sfeer-1.jpg","type":"image\/jpeg"}],"twitter_card":"summary_large_image","twitter_misc":{"Dur\u00e9e de lecture estim\u00e9e":"1 minute"},"schema":{"@context":"https:\/\/schema.org","@graph":[{"@type":"WebPage","@id":"https:\/\/eurotrail.info\/fr\/producten\/tentes\/pieces-de-poteau\/haubans-decoratifs-lumineux-rechargeables\/","url":"https:\/\/eurotrail.info\/fr\/producten\/tentes\/pieces-de-poteau\/haubans-decoratifs-lumineux-rechargeables\/","name":"Cordes d\u00e9coratifs lumineux, rechargeables - Eurotrail | The way we camp!","isPartOf":{"@id":"https:\/\/eurotrail.info\/#website"},"primaryImageOfPage":{"@id":"https:\/\/eurotrail.info\/fr\/producten\/tentes\/pieces-de-poteau\/haubans-decoratifs-lumineux-rechargeables\/#primaryimage"},"image":{"@id":"https:\/\/eurotrail.info\/fr\/producten\/tentes\/pieces-de-poteau\/haubans-decoratifs-lumineux-rechargeables\/#primaryimage"},"thumbnailUrl":"https:\/\/eurotrail.info\/wp\/wp-content\/uploads\/2026\/01\/Sfeer-1.jpg","datePublished":"2026-01-07T13:57:44+00:00","dateModified":"2026-01-09T13:20:52+00:00","description":"Ces haubans de 5 mm d'\u00e9paisseur et de 5 m\u00e8tres de long sont \u00e9quip\u00e9s de LED lumineuses sur toute leur longueur. Id\u00e9aux pour une visibilit\u00e9 et une s\u00e9curit\u00e9 accrues autour de votre tente, b\u00e2che ou auvent.","breadcrumb":{"@id":"https:\/\/eurotrail.info\/fr\/producten\/tentes\/pieces-de-poteau\/haubans-decoratifs-lumineux-rechargeables\/#breadcrumb"},"inLanguage":"fr-FR","potentialAction":[{"@type":"ReadAction","target":["https:\/\/eurotrail.info\/fr\/producten\/tentes\/pieces-de-poteau\/haubans-decoratifs-lumineux-rechargeables\/"]}]},{"@type":"ImageObject","inLanguage":"fr-FR","@id":"https:\/\/eurotrail.info\/fr\/producten\/tentes\/pieces-de-poteau\/haubans-decoratifs-lumineux-rechargeables\/#primaryimage","url":"https:\/\/eurotrail.info\/wp\/wp-content\/uploads\/2026\/01\/Sfeer-1.jpg","contentUrl":"https:\/\/eurotrail.info\/wp\/wp-content\/uploads\/2026\/01\/Sfeer-1.jpg","width":1512,"height":2016},{"@type":"BreadcrumbList","@id":"https:\/\/eurotrail.info\/fr\/producten\/tentes\/pieces-de-poteau\/haubans-decoratifs-lumineux-rechargeables\/#breadcrumb","itemListElement":[{"@type":"ListItem","position":1,"name":"Home","item":"https:\/\/eurotrail.info\/fr\/"},{"@type":"ListItem","position":2,"name":"Produits","item":"https:\/\/eurotrail.info\/fr\/produits\/"},{"@type":"ListItem","position":3,"name":"Cordes d\u00e9coratifs lumineux, rechargeables"}]},{"@type":"WebSite","@id":"https:\/\/eurotrail.info\/#website","url":"https:\/\/eurotrail.info\/","name":"Eurotrail | The way we camp!","description":"","publisher":{"@id":"https:\/\/eurotrail.info\/#organization"},"potentialAction":[{"@type":"SearchAction","target":{"@type":"EntryPoint","urlTemplate":"https:\/\/eurotrail.info\/?s={search_term_string}"},"query-input":{"@type":"PropertyValueSpecification","valueRequired":true,"valueName":"search_term_string"}}],"inLanguage":"fr-FR"},{"@type":"Organization","@id":"https:\/\/eurotrail.info\/#organization","name":"Eurotrail | The way we camp!","url":"https:\/\/eurotrail.info\/","logo":{"@type":"ImageObject","inLanguage":"fr-FR","@id":"https:\/\/eurotrail.info\/#\/schema\/logo\/image\/","url":"https:\/\/eurotrail.info\/wp\/wp-content\/uploads\/2023\/07\/ET-logo-quote_NL-scaled.jpg","contentUrl":"https:\/\/eurotrail.info\/wp\/wp-content\/uploads\/2023\/07\/ET-logo-quote_NL-scaled.jpg","width":2560,"height":675,"caption":"Eurotrail | The way we camp!"},"image":{"@id":"https:\/\/eurotrail.info\/#\/schema\/logo\/image\/"}}]}},"_links":{"self":[{"href":"https:\/\/eurotrail.info\/fr\/wp-json\/wp\/v2\/product\/28507","targetHints":{"allow":["GET"]}}],"collection":[{"href":"https:\/\/eurotrail.info\/fr\/wp-json\/wp\/v2\/product"}],"about":[{"href":"https:\/\/eurotrail.info\/fr\/wp-json\/wp\/v2\/types\/product"}],"replies":[{"embeddable":true,"href":"https:\/\/eurotrail.info\/fr\/wp-json\/wp\/v2\/comments?post=28507"}],"wp:featuredmedia":[{"embeddable":true,"href":"https:\/\/eurotrail.info\/fr\/wp-json\/wp\/v2\/media\/28418"}],"wp:attachment":[{"href":"https:\/\/eurotrail.info\/fr\/wp-json\/wp\/v2\/media?parent=28507"}],"wp:term":[{"taxonomy":"product_brand","embeddable":true,"href":"https:\/\/eurotrail.info\/fr\/wp-json\/wp\/v2\/product_brand?post=28507"},{"taxonomy":"product_cat","embeddable":true,"href":"https:\/\/eurotrail.info\/fr\/wp-json\/wp\/v2\/product_cat?post=28507"},{"taxonomy":"product_tag","embeddable":true,"href":"https:\/\/eurotrail.info\/fr\/wp-json\/wp\/v2\/product_tag?post=28507"}],"curies":[{"name":"wp","href":"https:\/\/api.w.org\/{rel}","templated":true}]}}