{"id":28519,"date":"2026-01-07T14:30:41","date_gmt":"2026-01-07T13:30:41","guid":{"rendered":"https:\/\/eurotrail.info\/?post_type=product&#038;p=28519"},"modified":"2026-03-25T12:50:48","modified_gmt":"2026-03-25T11:50:48","slug":"ensemble-de-rincage-complet-rechargeable","status":"publish","type":"product","link":"https:\/\/eurotrail.info\/fr\/producten\/articles-menagers\/articles-de-cuisine-pliants-en-silicone\/ensemble-de-rincage-complet-rechargeable\/","title":{"rendered":"Ensemble de rin\u00e7age complet, rechargeable"},"content":{"rendered":"<p><strong>Propre en un clin d&#8217;\u0153il, partout et \u00e0 tout moment !<\/strong><\/p>\n<p>Avec ce kit de rin\u00e7age intelligent et compact, nettoyez facilement votre voiture, caravane ou v\u00e9lo. Le kit comprend un seau pliable en silicone avec une pompe \u00e0 compresseur rechargeable int\u00e9gr\u00e9e et un tuyau muni d\u2019une buse r\u00e9glable. Le jet d&#8217;eau puissant permet d\u2019\u00e9liminer facilement la salet\u00e9 et la boue.<\/p>\n<p>La buse propose plusieurs modes, dont un mode douche pratique, vous permettant d\u2019adapter le jet \u00e0 chaque t\u00e2che de nettoyage. Le seau souple est enti\u00e8rement pliable, ce qui le rend facile \u00e0 ranger ou \u00e0 emporter. Et gr\u00e2ce \u00e0 la pompe rechargeable, vous n\u2019avez pas besoin de raccordement \u00e0 l\u2019eau : ce kit s\u2019utilise partout, \u00e0 tout moment.<\/p>\n<p>Ce kit de lavage est id\u00e9al pour une utilisation nomade : il peut servir de douche (ajoutez de l&#8217;eau chaude et vous obtenez une douche chaude en un clin d&#8217;\u0153il !), pour rincer votre VTT ou votre chien. Vous pouvez \u00e9galement l&#8217;utiliser \u00e0 la maison, dans le jardin, pour arroser vos plantes !<\/p>\n<p>Dimensions : 36 x 36 x 33 cm<br \/>\nPli\u00e9 : 36 x 36 x 7,5 cm<br \/>\nPoids : 1900 g<br \/>\nMat\u00e9riaux : Silicone \/ PP<br \/>\nBatterie : 2000 mAh<br \/>\nTemps de charge : 6 h (c\u00e2ble USB)<br \/>\nAutonomie : 50 \u00e0 60 minutes<br \/>\nLongueur du tuyau : 5 m<br \/>\nBuse : 7 positions<br \/>\nD\u00e9bit : 3,5 l\/min (jet ouvert)<br \/>\nCapacit\u00e9 : 15 l<br \/>\nPression d&#8217;eau : 87 psi (6 bar)<\/p>\n","protected":false},"excerpt":{"rendered":"<p>Propre en un clin d&#8217;\u0153il, partout et \u00e0 tout moment ! Avec ce kit de rin\u00e7age intelligent et compact, nettoyez facilement votre voiture, caravane ou&hellip;<\/p>\n","protected":false},"featured_media":28334,"comment_status":"open","ping_status":"closed","template":"","meta":{"_acf_changed":false},"product_brand":[],"product_cat":[242,249,237],"product_tag":[],"class_list":{"0":"post-28519","1":"product","2":"type-product","3":"status-publish","4":"has-post-thumbnail","6":"product_cat-accessoires-caravane","7":"product_cat-articles-de-cuisine-pliants-en-silicone","8":"product_cat-caravane-camping-car-bus","10":"first","11":"instock","12":"shipping-taxable","13":"product-type-simple"},"acf":[],"yoast_head":"<!-- This site is optimized with the Yoast SEO plugin v27.3 - https:\/\/yoast.com\/product\/yoast-seo-wordpress\/ -->\n<title>Ensemble de rin\u00e7age complet, rechargeable - Eurotrail | The way we camp!<\/title>\n<meta name=\"description\" content=\"kit de rin\u00e7age comprend un seau pliable en silicone avec une pompe \u00e0 compresseur rechargeable int\u00e9gr\u00e9e et un tuyau muni d\u2019une buse r\u00e9glable.\" \/>\n<meta name=\"robots\" content=\"index, follow, max-snippet:-1, max-image-preview:large, max-video-preview:-1\" \/>\n<link rel=\"canonical\" href=\"https:\/\/eurotrail.info\/de\/?post_type=product&p=30753\" \/>\n<meta property=\"og:locale\" content=\"fr_FR\" \/>\n<meta property=\"og:type\" content=\"article\" \/>\n<meta property=\"og:title\" content=\"Ensemble de rin\u00e7age complet, rechargeable - Eurotrail | The way we camp!\" \/>\n<meta property=\"og:description\" content=\"kit de rin\u00e7age comprend un seau pliable en silicone avec une pompe \u00e0 compresseur rechargeable int\u00e9gr\u00e9e et un tuyau muni d\u2019une buse r\u00e9glable.\" \/>\n<meta property=\"og:url\" content=\"https:\/\/eurotrail.info\/de\/?post_type=product&amp;p=30753\" \/>\n<meta property=\"og:site_name\" content=\"Eurotrail | The way we camp!\" \/>\n<meta property=\"article:modified_time\" content=\"2026-03-25T11:50:48+00:00\" \/>\n<meta property=\"og:image\" content=\"https:\/\/eurotrail.info\/wp\/wp-content\/uploads\/2026\/01\/Afspuitset-1.jpg\" \/>\n\t<meta property=\"og:image:width\" content=\"605\" \/>\n\t<meta property=\"og:image:height\" content=\"481\" \/>\n\t<meta property=\"og:image:type\" content=\"image\/jpeg\" \/>\n<meta name=\"twitter:card\" content=\"summary_large_image\" \/>\n<meta name=\"twitter:label1\" content=\"Dur\u00e9e de lecture estim\u00e9e\" \/>\n\t<meta name=\"twitter:data1\" content=\"2 minutes\" \/>\n<script type=\"application\/ld+json\" class=\"yoast-schema-graph\">{\"@context\":\"https:\\\/\\\/schema.org\",\"@graph\":[{\"@type\":\"WebPage\",\"@id\":\"https:\\\/\\\/eurotrail.info\\\/de\\\/?post_type=product&p=30753\",\"url\":\"https:\\\/\\\/eurotrail.info\\\/de\\\/?post_type=product&p=30753\",\"name\":\"Ensemble de rin\u00e7age complet, rechargeable - Eurotrail | The way we camp!\",\"isPartOf\":{\"@id\":\"https:\\\/\\\/eurotrail.info\\\/#website\"},\"primaryImageOfPage\":{\"@id\":\"https:\\\/\\\/eurotrail.info\\\/de\\\/?post_type=product&p=30753#primaryimage\"},\"image\":{\"@id\":\"https:\\\/\\\/eurotrail.info\\\/de\\\/?post_type=product&p=30753#primaryimage\"},\"thumbnailUrl\":\"https:\\\/\\\/eurotrail.info\\\/wp\\\/wp-content\\\/uploads\\\/2026\\\/01\\\/Afspuitset-1.jpg\",\"datePublished\":\"2026-01-07T13:30:41+00:00\",\"dateModified\":\"2026-03-25T11:50:48+00:00\",\"description\":\"kit de rin\u00e7age comprend un seau pliable en silicone avec une pompe \u00e0 compresseur rechargeable int\u00e9gr\u00e9e et un tuyau muni d\u2019une buse r\u00e9glable.\",\"breadcrumb\":{\"@id\":\"https:\\\/\\\/eurotrail.info\\\/de\\\/?post_type=product&p=30753#breadcrumb\"},\"inLanguage\":\"fr-FR\",\"potentialAction\":[{\"@type\":\"ReadAction\",\"target\":[\"https:\\\/\\\/eurotrail.info\\\/de\\\/?post_type=product&p=30753\"]}]},{\"@type\":\"ImageObject\",\"inLanguage\":\"fr-FR\",\"@id\":\"https:\\\/\\\/eurotrail.info\\\/de\\\/?post_type=product&p=30753#primaryimage\",\"url\":\"https:\\\/\\\/eurotrail.info\\\/wp\\\/wp-content\\\/uploads\\\/2026\\\/01\\\/Afspuitset-1.jpg\",\"contentUrl\":\"https:\\\/\\\/eurotrail.info\\\/wp\\\/wp-content\\\/uploads\\\/2026\\\/01\\\/Afspuitset-1.jpg\",\"width\":605,\"height\":481},{\"@type\":\"BreadcrumbList\",\"@id\":\"https:\\\/\\\/eurotrail.info\\\/de\\\/?post_type=product&p=30753#breadcrumb\",\"itemListElement\":[{\"@type\":\"ListItem\",\"position\":1,\"name\":\"Home\",\"item\":\"https:\\\/\\\/eurotrail.info\\\/fr\\\/\"},{\"@type\":\"ListItem\",\"position\":2,\"name\":\"Produits\",\"item\":\"https:\\\/\\\/eurotrail.info\\\/fr\\\/produits\\\/\"},{\"@type\":\"ListItem\",\"position\":3,\"name\":\"Ensemble de rin\u00e7age complet, rechargeable\"}]},{\"@type\":\"WebSite\",\"@id\":\"https:\\\/\\\/eurotrail.info\\\/#website\",\"url\":\"https:\\\/\\\/eurotrail.info\\\/\",\"name\":\"Eurotrail | The way we camp!\",\"description\":\"\",\"publisher\":{\"@id\":\"https:\\\/\\\/eurotrail.info\\\/#organization\"},\"potentialAction\":[{\"@type\":\"SearchAction\",\"target\":{\"@type\":\"EntryPoint\",\"urlTemplate\":\"https:\\\/\\\/eurotrail.info\\\/?s={search_term_string}\"},\"query-input\":{\"@type\":\"PropertyValueSpecification\",\"valueRequired\":true,\"valueName\":\"search_term_string\"}}],\"inLanguage\":\"fr-FR\"},{\"@type\":\"Organization\",\"@id\":\"https:\\\/\\\/eurotrail.info\\\/#organization\",\"name\":\"Eurotrail | The way we camp!\",\"url\":\"https:\\\/\\\/eurotrail.info\\\/\",\"logo\":{\"@type\":\"ImageObject\",\"inLanguage\":\"fr-FR\",\"@id\":\"https:\\\/\\\/eurotrail.info\\\/#\\\/schema\\\/logo\\\/image\\\/\",\"url\":\"https:\\\/\\\/eurotrail.info\\\/wp\\\/wp-content\\\/uploads\\\/2023\\\/07\\\/ET-logo-quote_NL-scaled.jpg\",\"contentUrl\":\"https:\\\/\\\/eurotrail.info\\\/wp\\\/wp-content\\\/uploads\\\/2023\\\/07\\\/ET-logo-quote_NL-scaled.jpg\",\"width\":2560,\"height\":675,\"caption\":\"Eurotrail | The way we camp!\"},\"image\":{\"@id\":\"https:\\\/\\\/eurotrail.info\\\/#\\\/schema\\\/logo\\\/image\\\/\"}}]}<\/script>\n<!-- \/ Yoast SEO plugin. -->","yoast_head_json":{"title":"Ensemble de rin\u00e7age complet, rechargeable - Eurotrail | The way we camp!","description":"kit de rin\u00e7age comprend un seau pliable en silicone avec une pompe \u00e0 compresseur rechargeable int\u00e9gr\u00e9e et un tuyau muni d\u2019une buse r\u00e9glable.","robots":{"index":"index","follow":"follow","max-snippet":"max-snippet:-1","max-image-preview":"max-image-preview:large","max-video-preview":"max-video-preview:-1"},"canonical":"https:\/\/eurotrail.info\/de\/?post_type=product&p=30753","og_locale":"fr_FR","og_type":"article","og_title":"Ensemble de rin\u00e7age complet, rechargeable - Eurotrail | The way we camp!","og_description":"kit de rin\u00e7age comprend un seau pliable en silicone avec une pompe \u00e0 compresseur rechargeable int\u00e9gr\u00e9e et un tuyau muni d\u2019une buse r\u00e9glable.","og_url":"https:\/\/eurotrail.info\/de\/?post_type=product&p=30753","og_site_name":"Eurotrail | The way we camp!","article_modified_time":"2026-03-25T11:50:48+00:00","og_image":[{"width":605,"height":481,"url":"https:\/\/eurotrail.info\/wp\/wp-content\/uploads\/2026\/01\/Afspuitset-1.jpg","type":"image\/jpeg"}],"twitter_card":"summary_large_image","twitter_misc":{"Dur\u00e9e de lecture estim\u00e9e":"2 minutes"},"schema":{"@context":"https:\/\/schema.org","@graph":[{"@type":"WebPage","@id":"https:\/\/eurotrail.info\/de\/?post_type=product&p=30753","url":"https:\/\/eurotrail.info\/de\/?post_type=product&p=30753","name":"Ensemble de rin\u00e7age complet, rechargeable - Eurotrail | The way we camp!","isPartOf":{"@id":"https:\/\/eurotrail.info\/#website"},"primaryImageOfPage":{"@id":"https:\/\/eurotrail.info\/de\/?post_type=product&p=30753#primaryimage"},"image":{"@id":"https:\/\/eurotrail.info\/de\/?post_type=product&p=30753#primaryimage"},"thumbnailUrl":"https:\/\/eurotrail.info\/wp\/wp-content\/uploads\/2026\/01\/Afspuitset-1.jpg","datePublished":"2026-01-07T13:30:41+00:00","dateModified":"2026-03-25T11:50:48+00:00","description":"kit de rin\u00e7age comprend un seau pliable en silicone avec une pompe \u00e0 compresseur rechargeable int\u00e9gr\u00e9e et un tuyau muni d\u2019une buse r\u00e9glable.","breadcrumb":{"@id":"https:\/\/eurotrail.info\/de\/?post_type=product&p=30753#breadcrumb"},"inLanguage":"fr-FR","potentialAction":[{"@type":"ReadAction","target":["https:\/\/eurotrail.info\/de\/?post_type=product&p=30753"]}]},{"@type":"ImageObject","inLanguage":"fr-FR","@id":"https:\/\/eurotrail.info\/de\/?post_type=product&p=30753#primaryimage","url":"https:\/\/eurotrail.info\/wp\/wp-content\/uploads\/2026\/01\/Afspuitset-1.jpg","contentUrl":"https:\/\/eurotrail.info\/wp\/wp-content\/uploads\/2026\/01\/Afspuitset-1.jpg","width":605,"height":481},{"@type":"BreadcrumbList","@id":"https:\/\/eurotrail.info\/de\/?post_type=product&p=30753#breadcrumb","itemListElement":[{"@type":"ListItem","position":1,"name":"Home","item":"https:\/\/eurotrail.info\/fr\/"},{"@type":"ListItem","position":2,"name":"Produits","item":"https:\/\/eurotrail.info\/fr\/produits\/"},{"@type":"ListItem","position":3,"name":"Ensemble de rin\u00e7age complet, rechargeable"}]},{"@type":"WebSite","@id":"https:\/\/eurotrail.info\/#website","url":"https:\/\/eurotrail.info\/","name":"Eurotrail | The way we camp!","description":"","publisher":{"@id":"https:\/\/eurotrail.info\/#organization"},"potentialAction":[{"@type":"SearchAction","target":{"@type":"EntryPoint","urlTemplate":"https:\/\/eurotrail.info\/?s={search_term_string}"},"query-input":{"@type":"PropertyValueSpecification","valueRequired":true,"valueName":"search_term_string"}}],"inLanguage":"fr-FR"},{"@type":"Organization","@id":"https:\/\/eurotrail.info\/#organization","name":"Eurotrail | The way we camp!","url":"https:\/\/eurotrail.info\/","logo":{"@type":"ImageObject","inLanguage":"fr-FR","@id":"https:\/\/eurotrail.info\/#\/schema\/logo\/image\/","url":"https:\/\/eurotrail.info\/wp\/wp-content\/uploads\/2023\/07\/ET-logo-quote_NL-scaled.jpg","contentUrl":"https:\/\/eurotrail.info\/wp\/wp-content\/uploads\/2023\/07\/ET-logo-quote_NL-scaled.jpg","width":2560,"height":675,"caption":"Eurotrail | The way we camp!"},"image":{"@id":"https:\/\/eurotrail.info\/#\/schema\/logo\/image\/"}}]}},"_links":{"self":[{"href":"https:\/\/eurotrail.info\/fr\/wp-json\/wp\/v2\/product\/28519","targetHints":{"allow":["GET"]}}],"collection":[{"href":"https:\/\/eurotrail.info\/fr\/wp-json\/wp\/v2\/product"}],"about":[{"href":"https:\/\/eurotrail.info\/fr\/wp-json\/wp\/v2\/types\/product"}],"replies":[{"embeddable":true,"href":"https:\/\/eurotrail.info\/fr\/wp-json\/wp\/v2\/comments?post=28519"}],"wp:featuredmedia":[{"embeddable":true,"href":"https:\/\/eurotrail.info\/fr\/wp-json\/wp\/v2\/media\/28334"}],"wp:attachment":[{"href":"https:\/\/eurotrail.info\/fr\/wp-json\/wp\/v2\/media?parent=28519"}],"wp:term":[{"taxonomy":"product_brand","embeddable":true,"href":"https:\/\/eurotrail.info\/fr\/wp-json\/wp\/v2\/product_brand?post=28519"},{"taxonomy":"product_cat","embeddable":true,"href":"https:\/\/eurotrail.info\/fr\/wp-json\/wp\/v2\/product_cat?post=28519"},{"taxonomy":"product_tag","embeddable":true,"href":"https:\/\/eurotrail.info\/fr\/wp-json\/wp\/v2\/product_tag?post=28519"}],"curies":[{"name":"wp","href":"https:\/\/api.w.org\/{rel}","templated":true}]}}