{"id":28529,"date":"2026-01-07T13:33:52","date_gmt":"2026-01-07T12:33:52","guid":{"rendered":"https:\/\/eurotrail.info\/?post_type=product&#038;p=28529"},"modified":"2026-03-19T12:51:22","modified_gmt":"2026-03-19T11:51:22","slug":"string-lampe-de-camping-torche","status":"publish","type":"product","link":"https:\/\/eurotrail.info\/fr\/producten\/lampes-de-camping\/string-lampe-de-camping-torche\/","title":{"rendered":"String \u2013 lampe de camping\/torche"},"content":{"rendered":"<p>Lampe de camping compacte et rechargeable avec lampe en spirale et banque d&#8217;\u00e9nergie<br \/>\nCette lampe de camping compacte et rechargeable est une solution intelligente et \u00e9l\u00e9gante pour tout lieu de camping. La source lumineuse originale en spirale donne un effet atmosph\u00e9rique et vous pouvez facilement choisir entre la lumi\u00e8re chaude, la lumi\u00e8re blanche ou les deux combin\u00e9es &#8211; enti\u00e8rement r\u00e9glables \u00e0 votre guise avec la fonction variateur.<br \/>\nUtilisez la lampe comme \u00e9clairage d&#8217;ambiance ou comme torche. Gr\u00e2ce au lacet fourni, vous pouvez la suspendre n&#8217;importe o\u00f9 : dans la tente, l&#8217;auvent ou sur une branche. \u00c9quip\u00e9e d&#8217;un indicateur de puissance clair et d&#8217;une fonction pratique de banque d&#8217;\u00e9nergie pour charger votre t\u00e9l\u00e9phone ou d&#8217;autres appareils.<br \/>\nId\u00e9ale pour une utilisation dans la tente (lat\u00e9rale) ou sur la route !<\/p>\n<p>Mat\u00e9riaux : ABS + PC, IPX3<br \/>\nLED : COB souple 180 lm + XPG 220 lm<br \/>\nDimensions : 11,5 x \u00d8 5,9 cm<br \/>\nPoids : 158 g<br \/>\nAlimentation : 5 V CC, 1 A (max.), 4 W<br \/>\nBatterie : 1500 mAh 18650<br \/>\nAutonomie : COB souple 4 h, XPG 9 h<br \/>\nChargeur : 4 h, 5 V, 1 A, USB-C<br \/>\nBatterie externe : Sortie USB pour t\u00e9l\u00e9phone portable<\/p>\n","protected":false},"excerpt":{"rendered":"<p>Lampe de camping compacte et rechargeable avec lampe en spirale et banque d&#8217;\u00e9nergie Cette lampe de camping compacte et rechargeable est une solution intelligente et&hellip;<\/p>\n","protected":false},"featured_media":28277,"comment_status":"open","ping_status":"closed","template":"","meta":{"_acf_changed":false},"product_brand":[],"product_cat":[283],"product_tag":[],"class_list":{"0":"post-28529","1":"product","2":"type-product","3":"status-publish","4":"has-post-thumbnail","6":"product_cat-lampes-de-camping","8":"first","9":"instock","10":"shipping-taxable","11":"product-type-simple"},"acf":[],"yoast_head":"<!-- This site is optimized with the Yoast SEO plugin v27.3 - https:\/\/yoast.com\/product\/yoast-seo-wordpress\/ -->\n<title>String \u2013 lampe de camping\/torche - Eurotrail | The way we camp!<\/title>\n<meta name=\"description\" content=\"Cette lampe de camping compacte et rechargeable est une solution intelligente et \u00e9l\u00e9gante pour tout lieu de camping.\" \/>\n<meta name=\"robots\" content=\"index, follow, max-snippet:-1, max-image-preview:large, max-video-preview:-1\" \/>\n<link rel=\"canonical\" href=\"https:\/\/eurotrail.info\/fr\/producten\/lampes-de-camping\/string-lampe-de-camping-torche\/\" \/>\n<meta property=\"og:locale\" content=\"fr_FR\" \/>\n<meta property=\"og:type\" content=\"article\" \/>\n<meta property=\"og:title\" content=\"String \u2013 lampe de camping\/torche - Eurotrail | The way we camp!\" \/>\n<meta property=\"og:description\" content=\"Cette lampe de camping compacte et rechargeable est une solution intelligente et \u00e9l\u00e9gante pour tout lieu de camping.\" \/>\n<meta property=\"og:url\" content=\"https:\/\/eurotrail.info\/fr\/producten\/lampes-de-camping\/string-lampe-de-camping-torche\/\" \/>\n<meta property=\"og:site_name\" content=\"Eurotrail | The way we camp!\" \/>\n<meta property=\"article:modified_time\" content=\"2026-03-19T11:51:22+00:00\" \/>\n<meta property=\"og:image\" content=\"https:\/\/eurotrail.info\/wp\/wp-content\/uploads\/2026\/01\/ETLT1251_STRING-Zaklampje.jpg\" \/>\n\t<meta property=\"og:image:width\" content=\"1781\" \/>\n\t<meta property=\"og:image:height\" content=\"2189\" \/>\n\t<meta property=\"og:image:type\" content=\"image\/jpeg\" \/>\n<meta name=\"twitter:card\" content=\"summary_large_image\" \/>\n<meta name=\"twitter:label1\" content=\"Dur\u00e9e de lecture estim\u00e9e\" \/>\n\t<meta name=\"twitter:data1\" content=\"2 minutes\" \/>\n<script type=\"application\/ld+json\" class=\"yoast-schema-graph\">{\"@context\":\"https:\\\/\\\/schema.org\",\"@graph\":[{\"@type\":\"WebPage\",\"@id\":\"https:\\\/\\\/eurotrail.info\\\/fr\\\/producten\\\/lampes-de-camping\\\/string-lampe-de-camping-torche\\\/\",\"url\":\"https:\\\/\\\/eurotrail.info\\\/fr\\\/producten\\\/lampes-de-camping\\\/string-lampe-de-camping-torche\\\/\",\"name\":\"String \u2013 lampe de camping\\\/torche - Eurotrail | The way we camp!\",\"isPartOf\":{\"@id\":\"https:\\\/\\\/eurotrail.info\\\/#website\"},\"primaryImageOfPage\":{\"@id\":\"https:\\\/\\\/eurotrail.info\\\/fr\\\/producten\\\/lampes-de-camping\\\/string-lampe-de-camping-torche\\\/#primaryimage\"},\"image\":{\"@id\":\"https:\\\/\\\/eurotrail.info\\\/fr\\\/producten\\\/lampes-de-camping\\\/string-lampe-de-camping-torche\\\/#primaryimage\"},\"thumbnailUrl\":\"https:\\\/\\\/eurotrail.info\\\/wp\\\/wp-content\\\/uploads\\\/2026\\\/01\\\/ETLT1251_STRING-Zaklampje.jpg\",\"datePublished\":\"2026-01-07T12:33:52+00:00\",\"dateModified\":\"2026-03-19T11:51:22+00:00\",\"description\":\"Cette lampe de camping compacte et rechargeable est une solution intelligente et \u00e9l\u00e9gante pour tout lieu de camping.\",\"breadcrumb\":{\"@id\":\"https:\\\/\\\/eurotrail.info\\\/fr\\\/producten\\\/lampes-de-camping\\\/string-lampe-de-camping-torche\\\/#breadcrumb\"},\"inLanguage\":\"fr-FR\",\"potentialAction\":[{\"@type\":\"ReadAction\",\"target\":[\"https:\\\/\\\/eurotrail.info\\\/fr\\\/producten\\\/lampes-de-camping\\\/string-lampe-de-camping-torche\\\/\"]}]},{\"@type\":\"ImageObject\",\"inLanguage\":\"fr-FR\",\"@id\":\"https:\\\/\\\/eurotrail.info\\\/fr\\\/producten\\\/lampes-de-camping\\\/string-lampe-de-camping-torche\\\/#primaryimage\",\"url\":\"https:\\\/\\\/eurotrail.info\\\/wp\\\/wp-content\\\/uploads\\\/2026\\\/01\\\/ETLT1251_STRING-Zaklampje.jpg\",\"contentUrl\":\"https:\\\/\\\/eurotrail.info\\\/wp\\\/wp-content\\\/uploads\\\/2026\\\/01\\\/ETLT1251_STRING-Zaklampje.jpg\",\"width\":1781,\"height\":2189},{\"@type\":\"BreadcrumbList\",\"@id\":\"https:\\\/\\\/eurotrail.info\\\/fr\\\/producten\\\/lampes-de-camping\\\/string-lampe-de-camping-torche\\\/#breadcrumb\",\"itemListElement\":[{\"@type\":\"ListItem\",\"position\":1,\"name\":\"Home\",\"item\":\"https:\\\/\\\/eurotrail.info\\\/fr\\\/\"},{\"@type\":\"ListItem\",\"position\":2,\"name\":\"Produits\",\"item\":\"https:\\\/\\\/eurotrail.info\\\/fr\\\/produits\\\/\"},{\"@type\":\"ListItem\",\"position\":3,\"name\":\"String \u2013 lampe de camping\\\/torche\"}]},{\"@type\":\"WebSite\",\"@id\":\"https:\\\/\\\/eurotrail.info\\\/#website\",\"url\":\"https:\\\/\\\/eurotrail.info\\\/\",\"name\":\"Eurotrail | The way we camp!\",\"description\":\"\",\"publisher\":{\"@id\":\"https:\\\/\\\/eurotrail.info\\\/#organization\"},\"potentialAction\":[{\"@type\":\"SearchAction\",\"target\":{\"@type\":\"EntryPoint\",\"urlTemplate\":\"https:\\\/\\\/eurotrail.info\\\/?s={search_term_string}\"},\"query-input\":{\"@type\":\"PropertyValueSpecification\",\"valueRequired\":true,\"valueName\":\"search_term_string\"}}],\"inLanguage\":\"fr-FR\"},{\"@type\":\"Organization\",\"@id\":\"https:\\\/\\\/eurotrail.info\\\/#organization\",\"name\":\"Eurotrail | The way we camp!\",\"url\":\"https:\\\/\\\/eurotrail.info\\\/\",\"logo\":{\"@type\":\"ImageObject\",\"inLanguage\":\"fr-FR\",\"@id\":\"https:\\\/\\\/eurotrail.info\\\/#\\\/schema\\\/logo\\\/image\\\/\",\"url\":\"https:\\\/\\\/eurotrail.info\\\/wp\\\/wp-content\\\/uploads\\\/2023\\\/07\\\/ET-logo-quote_NL-scaled.jpg\",\"contentUrl\":\"https:\\\/\\\/eurotrail.info\\\/wp\\\/wp-content\\\/uploads\\\/2023\\\/07\\\/ET-logo-quote_NL-scaled.jpg\",\"width\":2560,\"height\":675,\"caption\":\"Eurotrail | The way we camp!\"},\"image\":{\"@id\":\"https:\\\/\\\/eurotrail.info\\\/#\\\/schema\\\/logo\\\/image\\\/\"}}]}<\/script>\n<!-- \/ Yoast SEO plugin. -->","yoast_head_json":{"title":"String \u2013 lampe de camping\/torche - Eurotrail | The way we camp!","description":"Cette lampe de camping compacte et rechargeable est une solution intelligente et \u00e9l\u00e9gante pour tout lieu de camping.","robots":{"index":"index","follow":"follow","max-snippet":"max-snippet:-1","max-image-preview":"max-image-preview:large","max-video-preview":"max-video-preview:-1"},"canonical":"https:\/\/eurotrail.info\/fr\/producten\/lampes-de-camping\/string-lampe-de-camping-torche\/","og_locale":"fr_FR","og_type":"article","og_title":"String \u2013 lampe de camping\/torche - Eurotrail | The way we camp!","og_description":"Cette lampe de camping compacte et rechargeable est une solution intelligente et \u00e9l\u00e9gante pour tout lieu de camping.","og_url":"https:\/\/eurotrail.info\/fr\/producten\/lampes-de-camping\/string-lampe-de-camping-torche\/","og_site_name":"Eurotrail | The way we camp!","article_modified_time":"2026-03-19T11:51:22+00:00","og_image":[{"width":1781,"height":2189,"url":"https:\/\/eurotrail.info\/wp\/wp-content\/uploads\/2026\/01\/ETLT1251_STRING-Zaklampje.jpg","type":"image\/jpeg"}],"twitter_card":"summary_large_image","twitter_misc":{"Dur\u00e9e de lecture estim\u00e9e":"2 minutes"},"schema":{"@context":"https:\/\/schema.org","@graph":[{"@type":"WebPage","@id":"https:\/\/eurotrail.info\/fr\/producten\/lampes-de-camping\/string-lampe-de-camping-torche\/","url":"https:\/\/eurotrail.info\/fr\/producten\/lampes-de-camping\/string-lampe-de-camping-torche\/","name":"String \u2013 lampe de camping\/torche - Eurotrail | The way we camp!","isPartOf":{"@id":"https:\/\/eurotrail.info\/#website"},"primaryImageOfPage":{"@id":"https:\/\/eurotrail.info\/fr\/producten\/lampes-de-camping\/string-lampe-de-camping-torche\/#primaryimage"},"image":{"@id":"https:\/\/eurotrail.info\/fr\/producten\/lampes-de-camping\/string-lampe-de-camping-torche\/#primaryimage"},"thumbnailUrl":"https:\/\/eurotrail.info\/wp\/wp-content\/uploads\/2026\/01\/ETLT1251_STRING-Zaklampje.jpg","datePublished":"2026-01-07T12:33:52+00:00","dateModified":"2026-03-19T11:51:22+00:00","description":"Cette lampe de camping compacte et rechargeable est une solution intelligente et \u00e9l\u00e9gante pour tout lieu de camping.","breadcrumb":{"@id":"https:\/\/eurotrail.info\/fr\/producten\/lampes-de-camping\/string-lampe-de-camping-torche\/#breadcrumb"},"inLanguage":"fr-FR","potentialAction":[{"@type":"ReadAction","target":["https:\/\/eurotrail.info\/fr\/producten\/lampes-de-camping\/string-lampe-de-camping-torche\/"]}]},{"@type":"ImageObject","inLanguage":"fr-FR","@id":"https:\/\/eurotrail.info\/fr\/producten\/lampes-de-camping\/string-lampe-de-camping-torche\/#primaryimage","url":"https:\/\/eurotrail.info\/wp\/wp-content\/uploads\/2026\/01\/ETLT1251_STRING-Zaklampje.jpg","contentUrl":"https:\/\/eurotrail.info\/wp\/wp-content\/uploads\/2026\/01\/ETLT1251_STRING-Zaklampje.jpg","width":1781,"height":2189},{"@type":"BreadcrumbList","@id":"https:\/\/eurotrail.info\/fr\/producten\/lampes-de-camping\/string-lampe-de-camping-torche\/#breadcrumb","itemListElement":[{"@type":"ListItem","position":1,"name":"Home","item":"https:\/\/eurotrail.info\/fr\/"},{"@type":"ListItem","position":2,"name":"Produits","item":"https:\/\/eurotrail.info\/fr\/produits\/"},{"@type":"ListItem","position":3,"name":"String \u2013 lampe de camping\/torche"}]},{"@type":"WebSite","@id":"https:\/\/eurotrail.info\/#website","url":"https:\/\/eurotrail.info\/","name":"Eurotrail | The way we camp!","description":"","publisher":{"@id":"https:\/\/eurotrail.info\/#organization"},"potentialAction":[{"@type":"SearchAction","target":{"@type":"EntryPoint","urlTemplate":"https:\/\/eurotrail.info\/?s={search_term_string}"},"query-input":{"@type":"PropertyValueSpecification","valueRequired":true,"valueName":"search_term_string"}}],"inLanguage":"fr-FR"},{"@type":"Organization","@id":"https:\/\/eurotrail.info\/#organization","name":"Eurotrail | The way we camp!","url":"https:\/\/eurotrail.info\/","logo":{"@type":"ImageObject","inLanguage":"fr-FR","@id":"https:\/\/eurotrail.info\/#\/schema\/logo\/image\/","url":"https:\/\/eurotrail.info\/wp\/wp-content\/uploads\/2023\/07\/ET-logo-quote_NL-scaled.jpg","contentUrl":"https:\/\/eurotrail.info\/wp\/wp-content\/uploads\/2023\/07\/ET-logo-quote_NL-scaled.jpg","width":2560,"height":675,"caption":"Eurotrail | The way we camp!"},"image":{"@id":"https:\/\/eurotrail.info\/#\/schema\/logo\/image\/"}}]}},"_links":{"self":[{"href":"https:\/\/eurotrail.info\/fr\/wp-json\/wp\/v2\/product\/28529","targetHints":{"allow":["GET"]}}],"collection":[{"href":"https:\/\/eurotrail.info\/fr\/wp-json\/wp\/v2\/product"}],"about":[{"href":"https:\/\/eurotrail.info\/fr\/wp-json\/wp\/v2\/types\/product"}],"replies":[{"embeddable":true,"href":"https:\/\/eurotrail.info\/fr\/wp-json\/wp\/v2\/comments?post=28529"}],"wp:featuredmedia":[{"embeddable":true,"href":"https:\/\/eurotrail.info\/fr\/wp-json\/wp\/v2\/media\/28277"}],"wp:attachment":[{"href":"https:\/\/eurotrail.info\/fr\/wp-json\/wp\/v2\/media?parent=28529"}],"wp:term":[{"taxonomy":"product_brand","embeddable":true,"href":"https:\/\/eurotrail.info\/fr\/wp-json\/wp\/v2\/product_brand?post=28529"},{"taxonomy":"product_cat","embeddable":true,"href":"https:\/\/eurotrail.info\/fr\/wp-json\/wp\/v2\/product_cat?post=28529"},{"taxonomy":"product_tag","embeddable":true,"href":"https:\/\/eurotrail.info\/fr\/wp-json\/wp\/v2\/product_tag?post=28529"}],"curies":[{"name":"wp","href":"https:\/\/api.w.org\/{rel}","templated":true}]}}