{"id":28539,"date":"2026-01-07T13:25:39","date_gmt":"2026-01-07T12:25:39","guid":{"rendered":"https:\/\/eurotrail.info\/?post_type=product&#038;p=28539"},"modified":"2026-03-19T15:24:02","modified_gmt":"2026-03-19T14:24:02","slug":"lampe-de-camping-rechargeable-tivo","status":"publish","type":"product","link":"https:\/\/eurotrail.info\/fr\/producten\/lampes-de-camping\/lampe-de-camping-rechargeable-tivo\/","title":{"rendered":"Lampe de camping rechargeable Tivo"},"content":{"rendered":"<p>Cette lampe \u00e9l\u00e9gante se distingue par sa structure en fer et son abat-jour original. Gr\u00e2ce \u00e0 sa molette rotative situ\u00e9e sur le dessus, vous pouvez facilement basculer entre lumi\u00e8re chaude et lumi\u00e8re blanche, et r\u00e9gler l&#8217;intensit\u00e9 lumineuse selon vos besoins. Rechargeable, elle est disponible en noir ou ivoire. Son support pratique permet de la suspendre facilement, mais elle tient \u00e9galement bien en place sur une table.<\/p>\n<p>Mat\u00e9riaux : ABS + Fer + PC<br \/>\nLED : 6 LED blanc froid + 2 LED blanc chaud<br \/>\nFlux lumineux : max. 200 lm<br \/>\nDimensions : 14 x \u00d8 9,8 cm<br \/>\nPoids : 239 g<br \/>\nBatterie : 2000 mAh 18650<br \/>\nAutonomie : 3 \u00e0 40 heures<br \/>\nChargeur : 3 \u00e0 4 heures, 5 V, USB-C<br \/>\nFonction : Rotation de la lumi\u00e8re (chaude &#8211; froide &#8211; chaude + froide)<\/p>\n","protected":false},"excerpt":{"rendered":"<p>Cette lampe \u00e9l\u00e9gante se distingue par sa structure en fer et son abat-jour original. Gr\u00e2ce \u00e0 sa molette rotative situ\u00e9e sur le dessus, vous pouvez&hellip;<\/p>\n","protected":false},"featured_media":28250,"comment_status":"open","ping_status":"closed","template":"","meta":{"_acf_changed":false},"product_brand":[],"product_cat":[283],"product_tag":[],"class_list":{"0":"post-28539","1":"product","2":"type-product","3":"status-publish","4":"has-post-thumbnail","6":"product_cat-lampes-de-camping","8":"first","9":"instock","10":"shipping-taxable","11":"product-type-simple"},"acf":[],"yoast_head":"<!-- This site is optimized with the Yoast SEO plugin v27.3 - https:\/\/yoast.com\/product\/yoast-seo-wordpress\/ -->\n<title>Lampe de camping rechargeable Tivo - Eurotrail | The way we camp!<\/title>\n<meta name=\"description\" content=\"Utilisez la molette situ\u00e9e sur le dessus pour basculer facilement entre lumi\u00e8re chaude et lumi\u00e8re blanche, et r\u00e9gler l&#039;intensit\u00e9 lumineuse.\" \/>\n<meta name=\"robots\" content=\"index, follow, max-snippet:-1, max-image-preview:large, max-video-preview:-1\" \/>\n<link rel=\"canonical\" href=\"https:\/\/eurotrail.info\/fr\/producten\/lampes-de-camping\/lampe-de-camping-rechargeable-tivo\/\" \/>\n<meta property=\"og:locale\" content=\"fr_FR\" \/>\n<meta property=\"og:type\" content=\"article\" \/>\n<meta property=\"og:title\" content=\"Lampe de camping rechargeable Tivo - Eurotrail | The way we camp!\" \/>\n<meta property=\"og:description\" content=\"Utilisez la molette situ\u00e9e sur le dessus pour basculer facilement entre lumi\u00e8re chaude et lumi\u00e8re blanche, et r\u00e9gler l&#039;intensit\u00e9 lumineuse.\" \/>\n<meta property=\"og:url\" content=\"https:\/\/eurotrail.info\/fr\/producten\/lampes-de-camping\/lampe-de-camping-rechargeable-tivo\/\" \/>\n<meta property=\"og:site_name\" content=\"Eurotrail | The way we camp!\" \/>\n<meta property=\"article:modified_time\" content=\"2026-03-19T14:24:02+00:00\" \/>\n<meta property=\"og:image\" content=\"https:\/\/eurotrail.info\/wp\/wp-content\/uploads\/2026\/01\/bolletje-zand-1-scaled.jpg\" \/>\n\t<meta property=\"og:image:width\" content=\"1565\" \/>\n\t<meta property=\"og:image:height\" content=\"2560\" \/>\n\t<meta property=\"og:image:type\" content=\"image\/jpeg\" \/>\n<meta name=\"twitter:card\" content=\"summary_large_image\" \/>\n<meta name=\"twitter:label1\" content=\"Dur\u00e9e de lecture estim\u00e9e\" \/>\n\t<meta name=\"twitter:data1\" content=\"1 minute\" \/>\n<script type=\"application\/ld+json\" class=\"yoast-schema-graph\">{\"@context\":\"https:\\\/\\\/schema.org\",\"@graph\":[{\"@type\":\"WebPage\",\"@id\":\"https:\\\/\\\/eurotrail.info\\\/fr\\\/producten\\\/lampes-de-camping\\\/lampe-de-camping-rechargeable-tivo\\\/\",\"url\":\"https:\\\/\\\/eurotrail.info\\\/fr\\\/producten\\\/lampes-de-camping\\\/lampe-de-camping-rechargeable-tivo\\\/\",\"name\":\"Lampe de camping rechargeable Tivo - Eurotrail | The way we camp!\",\"isPartOf\":{\"@id\":\"https:\\\/\\\/eurotrail.info\\\/#website\"},\"primaryImageOfPage\":{\"@id\":\"https:\\\/\\\/eurotrail.info\\\/fr\\\/producten\\\/lampes-de-camping\\\/lampe-de-camping-rechargeable-tivo\\\/#primaryimage\"},\"image\":{\"@id\":\"https:\\\/\\\/eurotrail.info\\\/fr\\\/producten\\\/lampes-de-camping\\\/lampe-de-camping-rechargeable-tivo\\\/#primaryimage\"},\"thumbnailUrl\":\"https:\\\/\\\/eurotrail.info\\\/wp\\\/wp-content\\\/uploads\\\/2026\\\/01\\\/bolletje-zand-1-scaled.jpg\",\"datePublished\":\"2026-01-07T12:25:39+00:00\",\"dateModified\":\"2026-03-19T14:24:02+00:00\",\"description\":\"Utilisez la molette situ\u00e9e sur le dessus pour basculer facilement entre lumi\u00e8re chaude et lumi\u00e8re blanche, et r\u00e9gler l'intensit\u00e9 lumineuse.\",\"breadcrumb\":{\"@id\":\"https:\\\/\\\/eurotrail.info\\\/fr\\\/producten\\\/lampes-de-camping\\\/lampe-de-camping-rechargeable-tivo\\\/#breadcrumb\"},\"inLanguage\":\"fr-FR\",\"potentialAction\":[{\"@type\":\"ReadAction\",\"target\":[\"https:\\\/\\\/eurotrail.info\\\/fr\\\/producten\\\/lampes-de-camping\\\/lampe-de-camping-rechargeable-tivo\\\/\"]}]},{\"@type\":\"ImageObject\",\"inLanguage\":\"fr-FR\",\"@id\":\"https:\\\/\\\/eurotrail.info\\\/fr\\\/producten\\\/lampes-de-camping\\\/lampe-de-camping-rechargeable-tivo\\\/#primaryimage\",\"url\":\"https:\\\/\\\/eurotrail.info\\\/wp\\\/wp-content\\\/uploads\\\/2026\\\/01\\\/bolletje-zand-1-scaled.jpg\",\"contentUrl\":\"https:\\\/\\\/eurotrail.info\\\/wp\\\/wp-content\\\/uploads\\\/2026\\\/01\\\/bolletje-zand-1-scaled.jpg\",\"width\":1565,\"height\":2560},{\"@type\":\"BreadcrumbList\",\"@id\":\"https:\\\/\\\/eurotrail.info\\\/fr\\\/producten\\\/lampes-de-camping\\\/lampe-de-camping-rechargeable-tivo\\\/#breadcrumb\",\"itemListElement\":[{\"@type\":\"ListItem\",\"position\":1,\"name\":\"Home\",\"item\":\"https:\\\/\\\/eurotrail.info\\\/fr\\\/\"},{\"@type\":\"ListItem\",\"position\":2,\"name\":\"Produits\",\"item\":\"https:\\\/\\\/eurotrail.info\\\/fr\\\/produits\\\/\"},{\"@type\":\"ListItem\",\"position\":3,\"name\":\"Lampe de camping rechargeable Tivo\"}]},{\"@type\":\"WebSite\",\"@id\":\"https:\\\/\\\/eurotrail.info\\\/#website\",\"url\":\"https:\\\/\\\/eurotrail.info\\\/\",\"name\":\"Eurotrail | The way we camp!\",\"description\":\"\",\"publisher\":{\"@id\":\"https:\\\/\\\/eurotrail.info\\\/#organization\"},\"potentialAction\":[{\"@type\":\"SearchAction\",\"target\":{\"@type\":\"EntryPoint\",\"urlTemplate\":\"https:\\\/\\\/eurotrail.info\\\/?s={search_term_string}\"},\"query-input\":{\"@type\":\"PropertyValueSpecification\",\"valueRequired\":true,\"valueName\":\"search_term_string\"}}],\"inLanguage\":\"fr-FR\"},{\"@type\":\"Organization\",\"@id\":\"https:\\\/\\\/eurotrail.info\\\/#organization\",\"name\":\"Eurotrail | The way we camp!\",\"url\":\"https:\\\/\\\/eurotrail.info\\\/\",\"logo\":{\"@type\":\"ImageObject\",\"inLanguage\":\"fr-FR\",\"@id\":\"https:\\\/\\\/eurotrail.info\\\/#\\\/schema\\\/logo\\\/image\\\/\",\"url\":\"https:\\\/\\\/eurotrail.info\\\/wp\\\/wp-content\\\/uploads\\\/2023\\\/07\\\/ET-logo-quote_NL-scaled.jpg\",\"contentUrl\":\"https:\\\/\\\/eurotrail.info\\\/wp\\\/wp-content\\\/uploads\\\/2023\\\/07\\\/ET-logo-quote_NL-scaled.jpg\",\"width\":2560,\"height\":675,\"caption\":\"Eurotrail | The way we camp!\"},\"image\":{\"@id\":\"https:\\\/\\\/eurotrail.info\\\/#\\\/schema\\\/logo\\\/image\\\/\"}}]}<\/script>\n<!-- \/ Yoast SEO plugin. -->","yoast_head_json":{"title":"Lampe de camping rechargeable Tivo - Eurotrail | The way we camp!","description":"Utilisez la molette situ\u00e9e sur le dessus pour basculer facilement entre lumi\u00e8re chaude et lumi\u00e8re blanche, et r\u00e9gler l'intensit\u00e9 lumineuse.","robots":{"index":"index","follow":"follow","max-snippet":"max-snippet:-1","max-image-preview":"max-image-preview:large","max-video-preview":"max-video-preview:-1"},"canonical":"https:\/\/eurotrail.info\/fr\/producten\/lampes-de-camping\/lampe-de-camping-rechargeable-tivo\/","og_locale":"fr_FR","og_type":"article","og_title":"Lampe de camping rechargeable Tivo - Eurotrail | The way we camp!","og_description":"Utilisez la molette situ\u00e9e sur le dessus pour basculer facilement entre lumi\u00e8re chaude et lumi\u00e8re blanche, et r\u00e9gler l'intensit\u00e9 lumineuse.","og_url":"https:\/\/eurotrail.info\/fr\/producten\/lampes-de-camping\/lampe-de-camping-rechargeable-tivo\/","og_site_name":"Eurotrail | The way we camp!","article_modified_time":"2026-03-19T14:24:02+00:00","og_image":[{"width":1565,"height":2560,"url":"https:\/\/eurotrail.info\/wp\/wp-content\/uploads\/2026\/01\/bolletje-zand-1-scaled.jpg","type":"image\/jpeg"}],"twitter_card":"summary_large_image","twitter_misc":{"Dur\u00e9e de lecture estim\u00e9e":"1 minute"},"schema":{"@context":"https:\/\/schema.org","@graph":[{"@type":"WebPage","@id":"https:\/\/eurotrail.info\/fr\/producten\/lampes-de-camping\/lampe-de-camping-rechargeable-tivo\/","url":"https:\/\/eurotrail.info\/fr\/producten\/lampes-de-camping\/lampe-de-camping-rechargeable-tivo\/","name":"Lampe de camping rechargeable Tivo - Eurotrail | The way we camp!","isPartOf":{"@id":"https:\/\/eurotrail.info\/#website"},"primaryImageOfPage":{"@id":"https:\/\/eurotrail.info\/fr\/producten\/lampes-de-camping\/lampe-de-camping-rechargeable-tivo\/#primaryimage"},"image":{"@id":"https:\/\/eurotrail.info\/fr\/producten\/lampes-de-camping\/lampe-de-camping-rechargeable-tivo\/#primaryimage"},"thumbnailUrl":"https:\/\/eurotrail.info\/wp\/wp-content\/uploads\/2026\/01\/bolletje-zand-1-scaled.jpg","datePublished":"2026-01-07T12:25:39+00:00","dateModified":"2026-03-19T14:24:02+00:00","description":"Utilisez la molette situ\u00e9e sur le dessus pour basculer facilement entre lumi\u00e8re chaude et lumi\u00e8re blanche, et r\u00e9gler l'intensit\u00e9 lumineuse.","breadcrumb":{"@id":"https:\/\/eurotrail.info\/fr\/producten\/lampes-de-camping\/lampe-de-camping-rechargeable-tivo\/#breadcrumb"},"inLanguage":"fr-FR","potentialAction":[{"@type":"ReadAction","target":["https:\/\/eurotrail.info\/fr\/producten\/lampes-de-camping\/lampe-de-camping-rechargeable-tivo\/"]}]},{"@type":"ImageObject","inLanguage":"fr-FR","@id":"https:\/\/eurotrail.info\/fr\/producten\/lampes-de-camping\/lampe-de-camping-rechargeable-tivo\/#primaryimage","url":"https:\/\/eurotrail.info\/wp\/wp-content\/uploads\/2026\/01\/bolletje-zand-1-scaled.jpg","contentUrl":"https:\/\/eurotrail.info\/wp\/wp-content\/uploads\/2026\/01\/bolletje-zand-1-scaled.jpg","width":1565,"height":2560},{"@type":"BreadcrumbList","@id":"https:\/\/eurotrail.info\/fr\/producten\/lampes-de-camping\/lampe-de-camping-rechargeable-tivo\/#breadcrumb","itemListElement":[{"@type":"ListItem","position":1,"name":"Home","item":"https:\/\/eurotrail.info\/fr\/"},{"@type":"ListItem","position":2,"name":"Produits","item":"https:\/\/eurotrail.info\/fr\/produits\/"},{"@type":"ListItem","position":3,"name":"Lampe de camping rechargeable Tivo"}]},{"@type":"WebSite","@id":"https:\/\/eurotrail.info\/#website","url":"https:\/\/eurotrail.info\/","name":"Eurotrail | The way we camp!","description":"","publisher":{"@id":"https:\/\/eurotrail.info\/#organization"},"potentialAction":[{"@type":"SearchAction","target":{"@type":"EntryPoint","urlTemplate":"https:\/\/eurotrail.info\/?s={search_term_string}"},"query-input":{"@type":"PropertyValueSpecification","valueRequired":true,"valueName":"search_term_string"}}],"inLanguage":"fr-FR"},{"@type":"Organization","@id":"https:\/\/eurotrail.info\/#organization","name":"Eurotrail | The way we camp!","url":"https:\/\/eurotrail.info\/","logo":{"@type":"ImageObject","inLanguage":"fr-FR","@id":"https:\/\/eurotrail.info\/#\/schema\/logo\/image\/","url":"https:\/\/eurotrail.info\/wp\/wp-content\/uploads\/2023\/07\/ET-logo-quote_NL-scaled.jpg","contentUrl":"https:\/\/eurotrail.info\/wp\/wp-content\/uploads\/2023\/07\/ET-logo-quote_NL-scaled.jpg","width":2560,"height":675,"caption":"Eurotrail | The way we camp!"},"image":{"@id":"https:\/\/eurotrail.info\/#\/schema\/logo\/image\/"}}]}},"_links":{"self":[{"href":"https:\/\/eurotrail.info\/fr\/wp-json\/wp\/v2\/product\/28539","targetHints":{"allow":["GET"]}}],"collection":[{"href":"https:\/\/eurotrail.info\/fr\/wp-json\/wp\/v2\/product"}],"about":[{"href":"https:\/\/eurotrail.info\/fr\/wp-json\/wp\/v2\/types\/product"}],"replies":[{"embeddable":true,"href":"https:\/\/eurotrail.info\/fr\/wp-json\/wp\/v2\/comments?post=28539"}],"wp:featuredmedia":[{"embeddable":true,"href":"https:\/\/eurotrail.info\/fr\/wp-json\/wp\/v2\/media\/28250"}],"wp:attachment":[{"href":"https:\/\/eurotrail.info\/fr\/wp-json\/wp\/v2\/media?parent=28539"}],"wp:term":[{"taxonomy":"product_brand","embeddable":true,"href":"https:\/\/eurotrail.info\/fr\/wp-json\/wp\/v2\/product_brand?post=28539"},{"taxonomy":"product_cat","embeddable":true,"href":"https:\/\/eurotrail.info\/fr\/wp-json\/wp\/v2\/product_cat?post=28539"},{"taxonomy":"product_tag","embeddable":true,"href":"https:\/\/eurotrail.info\/fr\/wp-json\/wp\/v2\/product_tag?post=28539"}],"curies":[{"name":"wp","href":"https:\/\/api.w.org\/{rel}","templated":true}]}}