{"id":28543,"date":"2026-01-07T13:12:09","date_gmt":"2026-01-07T12:12:09","guid":{"rendered":"https:\/\/eurotrail.info\/?post_type=product&#038;p=28543"},"modified":"2026-03-19T12:27:43","modified_gmt":"2026-03-19T11:27:43","slug":"orix-lampe-de-camping-rechargeable","status":"publish","type":"product","link":"https:\/\/eurotrail.info\/fr\/producten\/lampes-de-camping\/orix-lampe-de-camping-rechargeable\/","title":{"rendered":"ORIX &#8211; lampe de camping rechargeable"},"content":{"rendered":"<p>Cette lampe de camping robuste, dot\u00e9e d&#8217;un cadre en fer robuste et d&#8217;un capot original, est un v\u00e9ritable accroche-regard.<\/p>\n<p>Son look classique s&#8217;allie au confort moderne\u00a0: rechargeable par USB et facile \u00e0 utiliser gr\u00e2ce au bouton rotatif situ\u00e9 sur le dessus. Celui-ci vous permet d&#8217;allumer et d&#8217;\u00e9teindre la lampe, de choisir entre une lumi\u00e8re chaude ou blanche et de la tamiser en continu. Une lampe d&#8217;ambiance et pratique, pleine de caract\u00e8re, pour tout espace ext\u00e9rieur. Fonction batterie externe incluse.<\/p>\n<p>Mat\u00e9riaux : ABS + PP<br \/>\nLED : 6 LED blanc froid + 3 LED blanc chaud<br \/>\nFlux lumineux : max. 400 lm<br \/>\nDimensions : 18 x \u00d8 14 cm<br \/>\nPoids : 225 g<br \/>\nBatterie : 2000 mAh 18650<br \/>\nAutonomie : 3 \u00e0 40 h<br \/>\nCharge : 3 \u00e0 4 h, 5 V, USB-C<br \/>\nFonction : Rotation lumi\u00e8re chaude \u2013 lumi\u00e8re froide \u2013 lumi\u00e8re chaude + froide<br \/>\nUSB : entr\u00e9e et sortie<\/p>\n","protected":false},"excerpt":{"rendered":"<p>Cette lampe de camping robuste, dot\u00e9e d&#8217;un cadre en fer robuste et d&#8217;un capot original, est un v\u00e9ritable accroche-regard. Son look classique s&#8217;allie au confort&hellip;<\/p>\n","protected":false},"featured_media":28219,"comment_status":"open","ping_status":"closed","template":"","meta":{"_acf_changed":false},"product_brand":[],"product_cat":[283],"product_tag":[],"class_list":{"0":"post-28543","1":"product","2":"type-product","3":"status-publish","4":"has-post-thumbnail","6":"product_cat-lampes-de-camping","8":"first","9":"instock","10":"shipping-taxable","11":"product-type-simple"},"acf":[],"yoast_head":"<!-- This site is optimized with the Yoast SEO plugin v27.3 - https:\/\/yoast.com\/product\/yoast-seo-wordpress\/ -->\n<title>ORIX - lampe de camping rechargeable - Eurotrail | The way we camp!<\/title>\n<meta name=\"description\" content=\"Cette lampe de camping robuste, dot\u00e9e d&#039;un cadre en fer robuste et d&#039;un capot original, est un v\u00e9ritable accroche-regard.\" \/>\n<meta name=\"robots\" content=\"index, follow, max-snippet:-1, max-image-preview:large, max-video-preview:-1\" \/>\n<link rel=\"canonical\" href=\"https:\/\/eurotrail.info\/fr\/producten\/lampes-de-camping\/orix-lampe-de-camping-rechargeable\/\" \/>\n<meta property=\"og:locale\" content=\"fr_FR\" \/>\n<meta property=\"og:type\" content=\"article\" \/>\n<meta property=\"og:title\" content=\"ORIX - lampe de camping rechargeable - Eurotrail | The way we camp!\" \/>\n<meta property=\"og:description\" content=\"Cette lampe de camping robuste, dot\u00e9e d&#039;un cadre en fer robuste et d&#039;un capot original, est un v\u00e9ritable accroche-regard.\" \/>\n<meta property=\"og:url\" content=\"https:\/\/eurotrail.info\/fr\/producten\/lampes-de-camping\/orix-lampe-de-camping-rechargeable\/\" \/>\n<meta property=\"og:site_name\" content=\"Eurotrail | The way we camp!\" \/>\n<meta property=\"article:modified_time\" content=\"2026-03-19T11:27:43+00:00\" \/>\n<meta property=\"og:image\" content=\"https:\/\/eurotrail.info\/wp\/wp-content\/uploads\/2026\/01\/ETLT1266_ORIX-Copper-scaled.jpg\" \/>\n\t<meta property=\"og:image:width\" content=\"1628\" \/>\n\t<meta property=\"og:image:height\" content=\"2560\" \/>\n\t<meta property=\"og:image:type\" content=\"image\/jpeg\" \/>\n<meta name=\"twitter:card\" content=\"summary_large_image\" \/>\n<meta name=\"twitter:label1\" content=\"Dur\u00e9e de lecture estim\u00e9e\" \/>\n\t<meta name=\"twitter:data1\" content=\"1 minute\" \/>\n<script type=\"application\/ld+json\" class=\"yoast-schema-graph\">{\"@context\":\"https:\\\/\\\/schema.org\",\"@graph\":[{\"@type\":\"WebPage\",\"@id\":\"https:\\\/\\\/eurotrail.info\\\/fr\\\/producten\\\/lampes-de-camping\\\/orix-lampe-de-camping-rechargeable\\\/\",\"url\":\"https:\\\/\\\/eurotrail.info\\\/fr\\\/producten\\\/lampes-de-camping\\\/orix-lampe-de-camping-rechargeable\\\/\",\"name\":\"ORIX - lampe de camping rechargeable - Eurotrail | The way we camp!\",\"isPartOf\":{\"@id\":\"https:\\\/\\\/eurotrail.info\\\/#website\"},\"primaryImageOfPage\":{\"@id\":\"https:\\\/\\\/eurotrail.info\\\/fr\\\/producten\\\/lampes-de-camping\\\/orix-lampe-de-camping-rechargeable\\\/#primaryimage\"},\"image\":{\"@id\":\"https:\\\/\\\/eurotrail.info\\\/fr\\\/producten\\\/lampes-de-camping\\\/orix-lampe-de-camping-rechargeable\\\/#primaryimage\"},\"thumbnailUrl\":\"https:\\\/\\\/eurotrail.info\\\/wp\\\/wp-content\\\/uploads\\\/2026\\\/01\\\/ETLT1266_ORIX-Copper-scaled.jpg\",\"datePublished\":\"2026-01-07T12:12:09+00:00\",\"dateModified\":\"2026-03-19T11:27:43+00:00\",\"description\":\"Cette lampe de camping robuste, dot\u00e9e d'un cadre en fer robuste et d'un capot original, est un v\u00e9ritable accroche-regard.\",\"breadcrumb\":{\"@id\":\"https:\\\/\\\/eurotrail.info\\\/fr\\\/producten\\\/lampes-de-camping\\\/orix-lampe-de-camping-rechargeable\\\/#breadcrumb\"},\"inLanguage\":\"fr-FR\",\"potentialAction\":[{\"@type\":\"ReadAction\",\"target\":[\"https:\\\/\\\/eurotrail.info\\\/fr\\\/producten\\\/lampes-de-camping\\\/orix-lampe-de-camping-rechargeable\\\/\"]}]},{\"@type\":\"ImageObject\",\"inLanguage\":\"fr-FR\",\"@id\":\"https:\\\/\\\/eurotrail.info\\\/fr\\\/producten\\\/lampes-de-camping\\\/orix-lampe-de-camping-rechargeable\\\/#primaryimage\",\"url\":\"https:\\\/\\\/eurotrail.info\\\/wp\\\/wp-content\\\/uploads\\\/2026\\\/01\\\/ETLT1266_ORIX-Copper-scaled.jpg\",\"contentUrl\":\"https:\\\/\\\/eurotrail.info\\\/wp\\\/wp-content\\\/uploads\\\/2026\\\/01\\\/ETLT1266_ORIX-Copper-scaled.jpg\",\"width\":1628,\"height\":2560},{\"@type\":\"BreadcrumbList\",\"@id\":\"https:\\\/\\\/eurotrail.info\\\/fr\\\/producten\\\/lampes-de-camping\\\/orix-lampe-de-camping-rechargeable\\\/#breadcrumb\",\"itemListElement\":[{\"@type\":\"ListItem\",\"position\":1,\"name\":\"Home\",\"item\":\"https:\\\/\\\/eurotrail.info\\\/fr\\\/\"},{\"@type\":\"ListItem\",\"position\":2,\"name\":\"Produits\",\"item\":\"https:\\\/\\\/eurotrail.info\\\/fr\\\/produits\\\/\"},{\"@type\":\"ListItem\",\"position\":3,\"name\":\"ORIX &#8211; lampe de camping rechargeable\"}]},{\"@type\":\"WebSite\",\"@id\":\"https:\\\/\\\/eurotrail.info\\\/#website\",\"url\":\"https:\\\/\\\/eurotrail.info\\\/\",\"name\":\"Eurotrail | The way we camp!\",\"description\":\"\",\"publisher\":{\"@id\":\"https:\\\/\\\/eurotrail.info\\\/#organization\"},\"potentialAction\":[{\"@type\":\"SearchAction\",\"target\":{\"@type\":\"EntryPoint\",\"urlTemplate\":\"https:\\\/\\\/eurotrail.info\\\/?s={search_term_string}\"},\"query-input\":{\"@type\":\"PropertyValueSpecification\",\"valueRequired\":true,\"valueName\":\"search_term_string\"}}],\"inLanguage\":\"fr-FR\"},{\"@type\":\"Organization\",\"@id\":\"https:\\\/\\\/eurotrail.info\\\/#organization\",\"name\":\"Eurotrail | The way we camp!\",\"url\":\"https:\\\/\\\/eurotrail.info\\\/\",\"logo\":{\"@type\":\"ImageObject\",\"inLanguage\":\"fr-FR\",\"@id\":\"https:\\\/\\\/eurotrail.info\\\/#\\\/schema\\\/logo\\\/image\\\/\",\"url\":\"https:\\\/\\\/eurotrail.info\\\/wp\\\/wp-content\\\/uploads\\\/2023\\\/07\\\/ET-logo-quote_NL-scaled.jpg\",\"contentUrl\":\"https:\\\/\\\/eurotrail.info\\\/wp\\\/wp-content\\\/uploads\\\/2023\\\/07\\\/ET-logo-quote_NL-scaled.jpg\",\"width\":2560,\"height\":675,\"caption\":\"Eurotrail | The way we camp!\"},\"image\":{\"@id\":\"https:\\\/\\\/eurotrail.info\\\/#\\\/schema\\\/logo\\\/image\\\/\"}}]}<\/script>\n<!-- \/ Yoast SEO plugin. -->","yoast_head_json":{"title":"ORIX - lampe de camping rechargeable - Eurotrail | The way we camp!","description":"Cette lampe de camping robuste, dot\u00e9e d'un cadre en fer robuste et d'un capot original, est un v\u00e9ritable accroche-regard.","robots":{"index":"index","follow":"follow","max-snippet":"max-snippet:-1","max-image-preview":"max-image-preview:large","max-video-preview":"max-video-preview:-1"},"canonical":"https:\/\/eurotrail.info\/fr\/producten\/lampes-de-camping\/orix-lampe-de-camping-rechargeable\/","og_locale":"fr_FR","og_type":"article","og_title":"ORIX - lampe de camping rechargeable - Eurotrail | The way we camp!","og_description":"Cette lampe de camping robuste, dot\u00e9e d'un cadre en fer robuste et d'un capot original, est un v\u00e9ritable accroche-regard.","og_url":"https:\/\/eurotrail.info\/fr\/producten\/lampes-de-camping\/orix-lampe-de-camping-rechargeable\/","og_site_name":"Eurotrail | The way we camp!","article_modified_time":"2026-03-19T11:27:43+00:00","og_image":[{"width":1628,"height":2560,"url":"https:\/\/eurotrail.info\/wp\/wp-content\/uploads\/2026\/01\/ETLT1266_ORIX-Copper-scaled.jpg","type":"image\/jpeg"}],"twitter_card":"summary_large_image","twitter_misc":{"Dur\u00e9e de lecture estim\u00e9e":"1 minute"},"schema":{"@context":"https:\/\/schema.org","@graph":[{"@type":"WebPage","@id":"https:\/\/eurotrail.info\/fr\/producten\/lampes-de-camping\/orix-lampe-de-camping-rechargeable\/","url":"https:\/\/eurotrail.info\/fr\/producten\/lampes-de-camping\/orix-lampe-de-camping-rechargeable\/","name":"ORIX - lampe de camping rechargeable - Eurotrail | The way we camp!","isPartOf":{"@id":"https:\/\/eurotrail.info\/#website"},"primaryImageOfPage":{"@id":"https:\/\/eurotrail.info\/fr\/producten\/lampes-de-camping\/orix-lampe-de-camping-rechargeable\/#primaryimage"},"image":{"@id":"https:\/\/eurotrail.info\/fr\/producten\/lampes-de-camping\/orix-lampe-de-camping-rechargeable\/#primaryimage"},"thumbnailUrl":"https:\/\/eurotrail.info\/wp\/wp-content\/uploads\/2026\/01\/ETLT1266_ORIX-Copper-scaled.jpg","datePublished":"2026-01-07T12:12:09+00:00","dateModified":"2026-03-19T11:27:43+00:00","description":"Cette lampe de camping robuste, dot\u00e9e d'un cadre en fer robuste et d'un capot original, est un v\u00e9ritable accroche-regard.","breadcrumb":{"@id":"https:\/\/eurotrail.info\/fr\/producten\/lampes-de-camping\/orix-lampe-de-camping-rechargeable\/#breadcrumb"},"inLanguage":"fr-FR","potentialAction":[{"@type":"ReadAction","target":["https:\/\/eurotrail.info\/fr\/producten\/lampes-de-camping\/orix-lampe-de-camping-rechargeable\/"]}]},{"@type":"ImageObject","inLanguage":"fr-FR","@id":"https:\/\/eurotrail.info\/fr\/producten\/lampes-de-camping\/orix-lampe-de-camping-rechargeable\/#primaryimage","url":"https:\/\/eurotrail.info\/wp\/wp-content\/uploads\/2026\/01\/ETLT1266_ORIX-Copper-scaled.jpg","contentUrl":"https:\/\/eurotrail.info\/wp\/wp-content\/uploads\/2026\/01\/ETLT1266_ORIX-Copper-scaled.jpg","width":1628,"height":2560},{"@type":"BreadcrumbList","@id":"https:\/\/eurotrail.info\/fr\/producten\/lampes-de-camping\/orix-lampe-de-camping-rechargeable\/#breadcrumb","itemListElement":[{"@type":"ListItem","position":1,"name":"Home","item":"https:\/\/eurotrail.info\/fr\/"},{"@type":"ListItem","position":2,"name":"Produits","item":"https:\/\/eurotrail.info\/fr\/produits\/"},{"@type":"ListItem","position":3,"name":"ORIX &#8211; lampe de camping rechargeable"}]},{"@type":"WebSite","@id":"https:\/\/eurotrail.info\/#website","url":"https:\/\/eurotrail.info\/","name":"Eurotrail | The way we camp!","description":"","publisher":{"@id":"https:\/\/eurotrail.info\/#organization"},"potentialAction":[{"@type":"SearchAction","target":{"@type":"EntryPoint","urlTemplate":"https:\/\/eurotrail.info\/?s={search_term_string}"},"query-input":{"@type":"PropertyValueSpecification","valueRequired":true,"valueName":"search_term_string"}}],"inLanguage":"fr-FR"},{"@type":"Organization","@id":"https:\/\/eurotrail.info\/#organization","name":"Eurotrail | The way we camp!","url":"https:\/\/eurotrail.info\/","logo":{"@type":"ImageObject","inLanguage":"fr-FR","@id":"https:\/\/eurotrail.info\/#\/schema\/logo\/image\/","url":"https:\/\/eurotrail.info\/wp\/wp-content\/uploads\/2023\/07\/ET-logo-quote_NL-scaled.jpg","contentUrl":"https:\/\/eurotrail.info\/wp\/wp-content\/uploads\/2023\/07\/ET-logo-quote_NL-scaled.jpg","width":2560,"height":675,"caption":"Eurotrail | The way we camp!"},"image":{"@id":"https:\/\/eurotrail.info\/#\/schema\/logo\/image\/"}}]}},"_links":{"self":[{"href":"https:\/\/eurotrail.info\/fr\/wp-json\/wp\/v2\/product\/28543","targetHints":{"allow":["GET"]}}],"collection":[{"href":"https:\/\/eurotrail.info\/fr\/wp-json\/wp\/v2\/product"}],"about":[{"href":"https:\/\/eurotrail.info\/fr\/wp-json\/wp\/v2\/types\/product"}],"replies":[{"embeddable":true,"href":"https:\/\/eurotrail.info\/fr\/wp-json\/wp\/v2\/comments?post=28543"}],"wp:featuredmedia":[{"embeddable":true,"href":"https:\/\/eurotrail.info\/fr\/wp-json\/wp\/v2\/media\/28219"}],"wp:attachment":[{"href":"https:\/\/eurotrail.info\/fr\/wp-json\/wp\/v2\/media?parent=28543"}],"wp:term":[{"taxonomy":"product_brand","embeddable":true,"href":"https:\/\/eurotrail.info\/fr\/wp-json\/wp\/v2\/product_brand?post=28543"},{"taxonomy":"product_cat","embeddable":true,"href":"https:\/\/eurotrail.info\/fr\/wp-json\/wp\/v2\/product_cat?post=28543"},{"taxonomy":"product_tag","embeddable":true,"href":"https:\/\/eurotrail.info\/fr\/wp-json\/wp\/v2\/product_tag?post=28543"}],"curies":[{"name":"wp","href":"https:\/\/api.w.org\/{rel}","templated":true}]}}