{"id":28546,"date":"2026-01-07T12:21:11","date_gmt":"2026-01-07T11:21:11","guid":{"rendered":"https:\/\/eurotrail.info\/?post_type=product&#038;p=28546"},"modified":"2026-01-08T11:14:53","modified_gmt":"2026-01-08T10:14:53","slug":"stone-poele-avec-poignee-amovible","status":"publish","type":"product","link":"https:\/\/eurotrail.info\/fr\/producten\/articles-menagers\/poeles-a-frire-wok\/stone-poele-avec-poignee-amovible\/","title":{"rendered":"Stone, Po\u00eale avec poign\u00e9e amovible"},"content":{"rendered":"<p><strong>Po\u00eale avec poign\u00e9e amovible (convient \u00e0 l\u2019induction)<\/strong><\/p>\n<p>Cette po\u00eale allie un design astucieux \u00e0 des mat\u00e9riaux de haute qualit\u00e9. Gr\u00e2ce \u00e0 sa poign\u00e9e amovible, elle prend moins de place dans vos placards ou en camping, ce qui la rend facile \u00e0 ranger et \u00e0 transporter.<br \/>\nElle est compatible avec toutes les sources de chaleur, y compris l\u2019induction, et disponible en deux tailles pratiques.<\/p>\n<p>L\u2019ext\u00e9rieur arbore un design \u00e9l\u00e9gant aspect pierre, tandis que l\u2019int\u00e9rieur est recouvert d\u2019un rev\u00eatement antiadh\u00e9sif c\u00e9ramique \u00e0 effet marbre. Ce rev\u00eatement durable emp\u00eache les aliments de coller et facilite grandement le nettoyage.<\/p>\n<p>Gr\u00e2ce \u00e0 ses excellentes propri\u00e9t\u00e9s antiadh\u00e9sives, cette po\u00eale est id\u00e9ale pour une cuisson pauvre en mati\u00e8res grasses \u2013 vous avez besoin de beaucoup moins d\u2019huile ou de beurre. Que vous pr\u00e9pariez de la viande, du poisson ou des l\u00e9gumes, cette po\u00eale vous aide \u00e0 cuisiner plus sainement et plus facilement.<\/p>\n<p>Mat\u00e9riau : aluminium 3003 avec fond \u00e0 induction en acier, poign\u00e9e en bak\u00e9lite<\/p>\n<p>\u00d8 24 x 4,8 cm, poids : 695 gr.<br \/>\n\u00d8 28 x 5,3 cm, poids : 842 gr.<\/p>\n","protected":false},"excerpt":{"rendered":"<p>Po\u00eale avec poign\u00e9e amovible (convient \u00e0 l\u2019induction) Cette po\u00eale allie un design astucieux \u00e0 des mat\u00e9riaux de haute qualit\u00e9. Gr\u00e2ce \u00e0 sa poign\u00e9e amovible, elle&hellip;<\/p>\n","protected":false},"featured_media":28188,"comment_status":"open","ping_status":"closed","template":"","meta":{"_acf_changed":false},"product_brand":[],"product_cat":[243,244],"product_tag":[],"class_list":{"0":"post-28546","1":"product","2":"type-product","3":"status-publish","4":"has-post-thumbnail","6":"product_cat-articles-menagers","7":"product_cat-poeles-a-frire-wok","9":"first","10":"instock","11":"shipping-taxable","12":"product-type-simple"},"acf":[],"yoast_head":"<!-- This site is optimized with the Yoast SEO plugin v27.3 - https:\/\/yoast.com\/product\/yoast-seo-wordpress\/ -->\n<title>Stone, Po\u00eale avec poign\u00e9e amovible - Eurotrail | The way we camp!<\/title>\n<meta name=\"description\" content=\"Cette po\u00eale allie un design astucieux \u00e0 des mat\u00e9riaux de haute qualit\u00e9. Gr\u00e2ce \u00e0 sa poign\u00e9e amovible, elle prend moins de place dans vos placards ou en camping, ce qui la rend facile \u00e0 ranger et \u00e0 transporter.\" \/>\n<meta name=\"robots\" content=\"index, follow, max-snippet:-1, max-image-preview:large, max-video-preview:-1\" \/>\n<link rel=\"canonical\" href=\"https:\/\/eurotrail.info\/fr\/producten\/articles-menagers\/poeles-a-frire-wok\/stone-poele-avec-poignee-amovible\/\" \/>\n<meta property=\"og:locale\" content=\"fr_FR\" \/>\n<meta property=\"og:type\" content=\"article\" \/>\n<meta property=\"og:title\" content=\"Stone, Po\u00eale avec poign\u00e9e amovible - Eurotrail | The way we camp!\" \/>\n<meta property=\"og:description\" content=\"Cette po\u00eale allie un design astucieux \u00e0 des mat\u00e9riaux de haute qualit\u00e9. Gr\u00e2ce \u00e0 sa poign\u00e9e amovible, elle prend moins de place dans vos placards ou en camping, ce qui la rend facile \u00e0 ranger et \u00e0 transporter.\" \/>\n<meta property=\"og:url\" content=\"https:\/\/eurotrail.info\/fr\/producten\/articles-menagers\/poeles-a-frire-wok\/stone-poele-avec-poignee-amovible\/\" \/>\n<meta property=\"og:site_name\" content=\"Eurotrail | The way we camp!\" \/>\n<meta property=\"article:modified_time\" content=\"2026-01-08T10:14:53+00:00\" \/>\n<meta property=\"og:image\" content=\"https:\/\/eurotrail.info\/wp\/wp-content\/uploads\/2026\/01\/ETKW5551_Koekepan-Stone-scaled.jpg\" \/>\n\t<meta property=\"og:image:width\" content=\"2560\" \/>\n\t<meta property=\"og:image:height\" content=\"706\" \/>\n\t<meta property=\"og:image:type\" content=\"image\/jpeg\" \/>\n<meta name=\"twitter:card\" content=\"summary_large_image\" \/>\n<meta name=\"twitter:label1\" content=\"Dur\u00e9e de lecture estim\u00e9e\" \/>\n\t<meta name=\"twitter:data1\" content=\"1 minute\" \/>\n<script type=\"application\/ld+json\" class=\"yoast-schema-graph\">{\"@context\":\"https:\\\/\\\/schema.org\",\"@graph\":[{\"@type\":\"WebPage\",\"@id\":\"https:\\\/\\\/eurotrail.info\\\/fr\\\/producten\\\/articles-menagers\\\/poeles-a-frire-wok\\\/stone-poele-avec-poignee-amovible\\\/\",\"url\":\"https:\\\/\\\/eurotrail.info\\\/fr\\\/producten\\\/articles-menagers\\\/poeles-a-frire-wok\\\/stone-poele-avec-poignee-amovible\\\/\",\"name\":\"Stone, Po\u00eale avec poign\u00e9e amovible - Eurotrail | The way we camp!\",\"isPartOf\":{\"@id\":\"https:\\\/\\\/eurotrail.info\\\/#website\"},\"primaryImageOfPage\":{\"@id\":\"https:\\\/\\\/eurotrail.info\\\/fr\\\/producten\\\/articles-menagers\\\/poeles-a-frire-wok\\\/stone-poele-avec-poignee-amovible\\\/#primaryimage\"},\"image\":{\"@id\":\"https:\\\/\\\/eurotrail.info\\\/fr\\\/producten\\\/articles-menagers\\\/poeles-a-frire-wok\\\/stone-poele-avec-poignee-amovible\\\/#primaryimage\"},\"thumbnailUrl\":\"https:\\\/\\\/eurotrail.info\\\/wp\\\/wp-content\\\/uploads\\\/2026\\\/01\\\/ETKW5551_Koekepan-Stone-scaled.jpg\",\"datePublished\":\"2026-01-07T11:21:11+00:00\",\"dateModified\":\"2026-01-08T10:14:53+00:00\",\"description\":\"Cette po\u00eale allie un design astucieux \u00e0 des mat\u00e9riaux de haute qualit\u00e9. Gr\u00e2ce \u00e0 sa poign\u00e9e amovible, elle prend moins de place dans vos placards ou en camping, ce qui la rend facile \u00e0 ranger et \u00e0 transporter.\",\"breadcrumb\":{\"@id\":\"https:\\\/\\\/eurotrail.info\\\/fr\\\/producten\\\/articles-menagers\\\/poeles-a-frire-wok\\\/stone-poele-avec-poignee-amovible\\\/#breadcrumb\"},\"inLanguage\":\"fr-FR\",\"potentialAction\":[{\"@type\":\"ReadAction\",\"target\":[\"https:\\\/\\\/eurotrail.info\\\/fr\\\/producten\\\/articles-menagers\\\/poeles-a-frire-wok\\\/stone-poele-avec-poignee-amovible\\\/\"]}]},{\"@type\":\"ImageObject\",\"inLanguage\":\"fr-FR\",\"@id\":\"https:\\\/\\\/eurotrail.info\\\/fr\\\/producten\\\/articles-menagers\\\/poeles-a-frire-wok\\\/stone-poele-avec-poignee-amovible\\\/#primaryimage\",\"url\":\"https:\\\/\\\/eurotrail.info\\\/wp\\\/wp-content\\\/uploads\\\/2026\\\/01\\\/ETKW5551_Koekepan-Stone-scaled.jpg\",\"contentUrl\":\"https:\\\/\\\/eurotrail.info\\\/wp\\\/wp-content\\\/uploads\\\/2026\\\/01\\\/ETKW5551_Koekepan-Stone-scaled.jpg\",\"width\":2560,\"height\":706},{\"@type\":\"BreadcrumbList\",\"@id\":\"https:\\\/\\\/eurotrail.info\\\/fr\\\/producten\\\/articles-menagers\\\/poeles-a-frire-wok\\\/stone-poele-avec-poignee-amovible\\\/#breadcrumb\",\"itemListElement\":[{\"@type\":\"ListItem\",\"position\":1,\"name\":\"Home\",\"item\":\"https:\\\/\\\/eurotrail.info\\\/fr\\\/\"},{\"@type\":\"ListItem\",\"position\":2,\"name\":\"Produits\",\"item\":\"https:\\\/\\\/eurotrail.info\\\/fr\\\/produits\\\/\"},{\"@type\":\"ListItem\",\"position\":3,\"name\":\"Stone, Po\u00eale avec poign\u00e9e amovible\"}]},{\"@type\":\"WebSite\",\"@id\":\"https:\\\/\\\/eurotrail.info\\\/#website\",\"url\":\"https:\\\/\\\/eurotrail.info\\\/\",\"name\":\"Eurotrail | The way we camp!\",\"description\":\"\",\"publisher\":{\"@id\":\"https:\\\/\\\/eurotrail.info\\\/#organization\"},\"potentialAction\":[{\"@type\":\"SearchAction\",\"target\":{\"@type\":\"EntryPoint\",\"urlTemplate\":\"https:\\\/\\\/eurotrail.info\\\/?s={search_term_string}\"},\"query-input\":{\"@type\":\"PropertyValueSpecification\",\"valueRequired\":true,\"valueName\":\"search_term_string\"}}],\"inLanguage\":\"fr-FR\"},{\"@type\":\"Organization\",\"@id\":\"https:\\\/\\\/eurotrail.info\\\/#organization\",\"name\":\"Eurotrail | The way we camp!\",\"url\":\"https:\\\/\\\/eurotrail.info\\\/\",\"logo\":{\"@type\":\"ImageObject\",\"inLanguage\":\"fr-FR\",\"@id\":\"https:\\\/\\\/eurotrail.info\\\/#\\\/schema\\\/logo\\\/image\\\/\",\"url\":\"https:\\\/\\\/eurotrail.info\\\/wp\\\/wp-content\\\/uploads\\\/2023\\\/07\\\/ET-logo-quote_NL-scaled.jpg\",\"contentUrl\":\"https:\\\/\\\/eurotrail.info\\\/wp\\\/wp-content\\\/uploads\\\/2023\\\/07\\\/ET-logo-quote_NL-scaled.jpg\",\"width\":2560,\"height\":675,\"caption\":\"Eurotrail | The way we camp!\"},\"image\":{\"@id\":\"https:\\\/\\\/eurotrail.info\\\/#\\\/schema\\\/logo\\\/image\\\/\"}}]}<\/script>\n<!-- \/ Yoast SEO plugin. -->","yoast_head_json":{"title":"Stone, Po\u00eale avec poign\u00e9e amovible - Eurotrail | The way we camp!","description":"Cette po\u00eale allie un design astucieux \u00e0 des mat\u00e9riaux de haute qualit\u00e9. Gr\u00e2ce \u00e0 sa poign\u00e9e amovible, elle prend moins de place dans vos placards ou en camping, ce qui la rend facile \u00e0 ranger et \u00e0 transporter.","robots":{"index":"index","follow":"follow","max-snippet":"max-snippet:-1","max-image-preview":"max-image-preview:large","max-video-preview":"max-video-preview:-1"},"canonical":"https:\/\/eurotrail.info\/fr\/producten\/articles-menagers\/poeles-a-frire-wok\/stone-poele-avec-poignee-amovible\/","og_locale":"fr_FR","og_type":"article","og_title":"Stone, Po\u00eale avec poign\u00e9e amovible - Eurotrail | The way we camp!","og_description":"Cette po\u00eale allie un design astucieux \u00e0 des mat\u00e9riaux de haute qualit\u00e9. Gr\u00e2ce \u00e0 sa poign\u00e9e amovible, elle prend moins de place dans vos placards ou en camping, ce qui la rend facile \u00e0 ranger et \u00e0 transporter.","og_url":"https:\/\/eurotrail.info\/fr\/producten\/articles-menagers\/poeles-a-frire-wok\/stone-poele-avec-poignee-amovible\/","og_site_name":"Eurotrail | The way we camp!","article_modified_time":"2026-01-08T10:14:53+00:00","og_image":[{"width":2560,"height":706,"url":"https:\/\/eurotrail.info\/wp\/wp-content\/uploads\/2026\/01\/ETKW5551_Koekepan-Stone-scaled.jpg","type":"image\/jpeg"}],"twitter_card":"summary_large_image","twitter_misc":{"Dur\u00e9e de lecture estim\u00e9e":"1 minute"},"schema":{"@context":"https:\/\/schema.org","@graph":[{"@type":"WebPage","@id":"https:\/\/eurotrail.info\/fr\/producten\/articles-menagers\/poeles-a-frire-wok\/stone-poele-avec-poignee-amovible\/","url":"https:\/\/eurotrail.info\/fr\/producten\/articles-menagers\/poeles-a-frire-wok\/stone-poele-avec-poignee-amovible\/","name":"Stone, Po\u00eale avec poign\u00e9e amovible - Eurotrail | The way we camp!","isPartOf":{"@id":"https:\/\/eurotrail.info\/#website"},"primaryImageOfPage":{"@id":"https:\/\/eurotrail.info\/fr\/producten\/articles-menagers\/poeles-a-frire-wok\/stone-poele-avec-poignee-amovible\/#primaryimage"},"image":{"@id":"https:\/\/eurotrail.info\/fr\/producten\/articles-menagers\/poeles-a-frire-wok\/stone-poele-avec-poignee-amovible\/#primaryimage"},"thumbnailUrl":"https:\/\/eurotrail.info\/wp\/wp-content\/uploads\/2026\/01\/ETKW5551_Koekepan-Stone-scaled.jpg","datePublished":"2026-01-07T11:21:11+00:00","dateModified":"2026-01-08T10:14:53+00:00","description":"Cette po\u00eale allie un design astucieux \u00e0 des mat\u00e9riaux de haute qualit\u00e9. Gr\u00e2ce \u00e0 sa poign\u00e9e amovible, elle prend moins de place dans vos placards ou en camping, ce qui la rend facile \u00e0 ranger et \u00e0 transporter.","breadcrumb":{"@id":"https:\/\/eurotrail.info\/fr\/producten\/articles-menagers\/poeles-a-frire-wok\/stone-poele-avec-poignee-amovible\/#breadcrumb"},"inLanguage":"fr-FR","potentialAction":[{"@type":"ReadAction","target":["https:\/\/eurotrail.info\/fr\/producten\/articles-menagers\/poeles-a-frire-wok\/stone-poele-avec-poignee-amovible\/"]}]},{"@type":"ImageObject","inLanguage":"fr-FR","@id":"https:\/\/eurotrail.info\/fr\/producten\/articles-menagers\/poeles-a-frire-wok\/stone-poele-avec-poignee-amovible\/#primaryimage","url":"https:\/\/eurotrail.info\/wp\/wp-content\/uploads\/2026\/01\/ETKW5551_Koekepan-Stone-scaled.jpg","contentUrl":"https:\/\/eurotrail.info\/wp\/wp-content\/uploads\/2026\/01\/ETKW5551_Koekepan-Stone-scaled.jpg","width":2560,"height":706},{"@type":"BreadcrumbList","@id":"https:\/\/eurotrail.info\/fr\/producten\/articles-menagers\/poeles-a-frire-wok\/stone-poele-avec-poignee-amovible\/#breadcrumb","itemListElement":[{"@type":"ListItem","position":1,"name":"Home","item":"https:\/\/eurotrail.info\/fr\/"},{"@type":"ListItem","position":2,"name":"Produits","item":"https:\/\/eurotrail.info\/fr\/produits\/"},{"@type":"ListItem","position":3,"name":"Stone, Po\u00eale avec poign\u00e9e amovible"}]},{"@type":"WebSite","@id":"https:\/\/eurotrail.info\/#website","url":"https:\/\/eurotrail.info\/","name":"Eurotrail | The way we camp!","description":"","publisher":{"@id":"https:\/\/eurotrail.info\/#organization"},"potentialAction":[{"@type":"SearchAction","target":{"@type":"EntryPoint","urlTemplate":"https:\/\/eurotrail.info\/?s={search_term_string}"},"query-input":{"@type":"PropertyValueSpecification","valueRequired":true,"valueName":"search_term_string"}}],"inLanguage":"fr-FR"},{"@type":"Organization","@id":"https:\/\/eurotrail.info\/#organization","name":"Eurotrail | The way we camp!","url":"https:\/\/eurotrail.info\/","logo":{"@type":"ImageObject","inLanguage":"fr-FR","@id":"https:\/\/eurotrail.info\/#\/schema\/logo\/image\/","url":"https:\/\/eurotrail.info\/wp\/wp-content\/uploads\/2023\/07\/ET-logo-quote_NL-scaled.jpg","contentUrl":"https:\/\/eurotrail.info\/wp\/wp-content\/uploads\/2023\/07\/ET-logo-quote_NL-scaled.jpg","width":2560,"height":675,"caption":"Eurotrail | The way we camp!"},"image":{"@id":"https:\/\/eurotrail.info\/#\/schema\/logo\/image\/"}}]}},"_links":{"self":[{"href":"https:\/\/eurotrail.info\/fr\/wp-json\/wp\/v2\/product\/28546","targetHints":{"allow":["GET"]}}],"collection":[{"href":"https:\/\/eurotrail.info\/fr\/wp-json\/wp\/v2\/product"}],"about":[{"href":"https:\/\/eurotrail.info\/fr\/wp-json\/wp\/v2\/types\/product"}],"replies":[{"embeddable":true,"href":"https:\/\/eurotrail.info\/fr\/wp-json\/wp\/v2\/comments?post=28546"}],"wp:featuredmedia":[{"embeddable":true,"href":"https:\/\/eurotrail.info\/fr\/wp-json\/wp\/v2\/media\/28188"}],"wp:attachment":[{"href":"https:\/\/eurotrail.info\/fr\/wp-json\/wp\/v2\/media?parent=28546"}],"wp:term":[{"taxonomy":"product_brand","embeddable":true,"href":"https:\/\/eurotrail.info\/fr\/wp-json\/wp\/v2\/product_brand?post=28546"},{"taxonomy":"product_cat","embeddable":true,"href":"https:\/\/eurotrail.info\/fr\/wp-json\/wp\/v2\/product_cat?post=28546"},{"taxonomy":"product_tag","embeddable":true,"href":"https:\/\/eurotrail.info\/fr\/wp-json\/wp\/v2\/product_tag?post=28546"}],"curies":[{"name":"wp","href":"https:\/\/api.w.org\/{rel}","templated":true}]}}