{"id":28551,"date":"2026-01-07T11:58:21","date_gmt":"2026-01-07T10:58:21","guid":{"rendered":"https:\/\/eurotrail.info\/producten\/non%20class\u00e9\/havanna-inductie-percolator-koffie-maker-3-6\/"},"modified":"2026-01-08T11:26:23","modified_gmt":"2026-01-08T10:26:23","slug":"havanna-inductie-percolator-koffie-maker-3-6","status":"publish","type":"product","link":"https:\/\/eurotrail.info\/fr\/producten\/articles-menagers\/cafetiere-percolateur\/havanna-inductie-percolator-koffie-maker-3-6\/","title":{"rendered":"Havana percolateur induction 3\/6"},"content":{"rendered":"<p>Faites le meilleur caf\u00e9 avec le percolateur <em>Havana<\/em>. Le percolateur convient aux plaques de cuisson \u00e0 gaz, en c\u00e9ramique, \u00e9lectriques, halog\u00e8nes et l&#8217;induction.<\/p>\n<p>Le pot en aluminium octogonal frappant est facile \u00e0 utiliser et pr\u00e9pare votre caf\u00e9 de mani\u00e8re authentique. Remplissez le fond du r\u00e9servoir d&#8217;eau, mettez du caf\u00e9 moulu dans le filtre, vissez-le et placez-le sur une source de chaleur. L&#8217;eau bouillonne lentement \u00e0 travers le caf\u00e9, produisant un caf\u00e9 riche, d\u00e9licieux et aromatique en quelques minutes seulement. Le pot en aluminium peut \u00eatre d\u00e9mont\u00e9 pour un nettoyage facile.<\/p>\n<p>La s\u00e9rie <em>Havana<\/em> est disponible pour 3 ou 6 petites tasses de caf\u00e9. La poign\u00e9e est de forme ergonomique et offre donc une grande adh\u00e9rence. La poign\u00e9e et le bouton du couvercle sont en plastique et restent donc froids pendant le brassage.<\/p>\n<p>Mati\u00e8re : Partie sup\u00e9rieure en aluminium, partie inf\u00e9rieure en acier inoxydable et fond avec fonction induction.<\/p>\n<p>Havana Percolator 3, 150 ml, \u00d8 10-16cm x 15 cm, 428 gr, 3 expresso&#8217;s (\u00b1 2 large)<br \/>\nHavana Percolator 6, 350 ml, \u00d810-17cm x 19 cm, 531gr, 6 expresso&#8217;s (\u00b1 3 large)<\/p>\n<p><a href=\"https:\/\/eurotrail.info\/wp\/wp-content\/uploads\/2023\/12\/ETKW5616-5621-Percolator-manual-24.pdf\">Manual Percolator<\/a><\/p>\n","protected":false},"excerpt":{"rendered":"<p>Faites le meilleur caf\u00e9 avec le percolateur Havana. Le percolateur convient aux plaques de cuisson \u00e0 gaz, en c\u00e9ramique, \u00e9lectriques, halog\u00e8nes et l&#8217;induction. Le pot&hellip;<\/p>\n","protected":false},"featured_media":28155,"comment_status":"open","ping_status":"closed","template":"","meta":{"_acf_changed":false},"product_brand":[],"product_cat":[243,385],"product_tag":[],"class_list":{"0":"post-28551","1":"product","2":"type-product","3":"status-publish","4":"has-post-thumbnail","6":"product_cat-articles-menagers","7":"product_cat-cafetiere-percolateur","9":"first","10":"instock","11":"shipping-taxable","12":"product-type-simple"},"acf":[],"yoast_head":"<!-- This site is optimized with the Yoast SEO plugin v27.3 - https:\/\/yoast.com\/product\/yoast-seo-wordpress\/ -->\n<title>Havana percolateur induction 3\/6 - Eurotrail | The way we camp!<\/title>\n<meta name=\"description\" content=\".Faites le meilleur caf\u00e9 avec le percolateur Havana. Le percolateur convient aux plaques de cuisson \u00e0 gaz, en c\u00e9ramique, \u00e9lectriques, halog\u00e8nes et l&#039;induction.\" \/>\n<meta name=\"robots\" content=\"index, follow, max-snippet:-1, max-image-preview:large, max-video-preview:-1\" \/>\n<link rel=\"canonical\" href=\"https:\/\/eurotrail.info\/fr\/producten\/articles-menagers\/cafetiere-percolateur\/havanna-inductie-percolator-koffie-maker-3-6\/\" \/>\n<meta property=\"og:locale\" content=\"fr_FR\" \/>\n<meta property=\"og:type\" content=\"article\" \/>\n<meta property=\"og:title\" content=\"Havana percolateur induction 3\/6 - Eurotrail | The way we camp!\" \/>\n<meta property=\"og:description\" content=\".Faites le meilleur caf\u00e9 avec le percolateur Havana. Le percolateur convient aux plaques de cuisson \u00e0 gaz, en c\u00e9ramique, \u00e9lectriques, halog\u00e8nes et l&#039;induction.\" \/>\n<meta property=\"og:url\" content=\"https:\/\/eurotrail.info\/fr\/producten\/articles-menagers\/cafetiere-percolateur\/havanna-inductie-percolator-koffie-maker-3-6\/\" \/>\n<meta property=\"og:site_name\" content=\"Eurotrail | The way we camp!\" \/>\n<meta property=\"article:modified_time\" content=\"2026-01-08T10:26:23+00:00\" \/>\n<meta property=\"og:image\" content=\"https:\/\/eurotrail.info\/wp\/wp-content\/uploads\/2026\/01\/perco-zwart-1-scaled.jpg\" \/>\n\t<meta property=\"og:image:width\" content=\"1809\" \/>\n\t<meta property=\"og:image:height\" content=\"2560\" \/>\n\t<meta property=\"og:image:type\" content=\"image\/jpeg\" \/>\n<meta name=\"twitter:card\" content=\"summary_large_image\" \/>\n<meta name=\"twitter:label1\" content=\"Dur\u00e9e de lecture estim\u00e9e\" \/>\n\t<meta name=\"twitter:data1\" content=\"2 minutes\" \/>\n<script type=\"application\/ld+json\" class=\"yoast-schema-graph\">{\"@context\":\"https:\\\/\\\/schema.org\",\"@graph\":[{\"@type\":\"WebPage\",\"@id\":\"https:\\\/\\\/eurotrail.info\\\/fr\\\/producten\\\/articles-menagers\\\/cafetiere-percolateur\\\/havanna-inductie-percolator-koffie-maker-3-6\\\/\",\"url\":\"https:\\\/\\\/eurotrail.info\\\/fr\\\/producten\\\/articles-menagers\\\/cafetiere-percolateur\\\/havanna-inductie-percolator-koffie-maker-3-6\\\/\",\"name\":\"Havana percolateur induction 3\\\/6 - Eurotrail | The way we camp!\",\"isPartOf\":{\"@id\":\"https:\\\/\\\/eurotrail.info\\\/#website\"},\"primaryImageOfPage\":{\"@id\":\"https:\\\/\\\/eurotrail.info\\\/fr\\\/producten\\\/articles-menagers\\\/cafetiere-percolateur\\\/havanna-inductie-percolator-koffie-maker-3-6\\\/#primaryimage\"},\"image\":{\"@id\":\"https:\\\/\\\/eurotrail.info\\\/fr\\\/producten\\\/articles-menagers\\\/cafetiere-percolateur\\\/havanna-inductie-percolator-koffie-maker-3-6\\\/#primaryimage\"},\"thumbnailUrl\":\"https:\\\/\\\/eurotrail.info\\\/wp\\\/wp-content\\\/uploads\\\/2026\\\/01\\\/perco-zwart-1-scaled.jpg\",\"datePublished\":\"2026-01-07T10:58:21+00:00\",\"dateModified\":\"2026-01-08T10:26:23+00:00\",\"description\":\".Faites le meilleur caf\u00e9 avec le percolateur Havana. Le percolateur convient aux plaques de cuisson \u00e0 gaz, en c\u00e9ramique, \u00e9lectriques, halog\u00e8nes et l'induction.\",\"breadcrumb\":{\"@id\":\"https:\\\/\\\/eurotrail.info\\\/fr\\\/producten\\\/articles-menagers\\\/cafetiere-percolateur\\\/havanna-inductie-percolator-koffie-maker-3-6\\\/#breadcrumb\"},\"inLanguage\":\"fr-FR\",\"potentialAction\":[{\"@type\":\"ReadAction\",\"target\":[\"https:\\\/\\\/eurotrail.info\\\/fr\\\/producten\\\/articles-menagers\\\/cafetiere-percolateur\\\/havanna-inductie-percolator-koffie-maker-3-6\\\/\"]}]},{\"@type\":\"ImageObject\",\"inLanguage\":\"fr-FR\",\"@id\":\"https:\\\/\\\/eurotrail.info\\\/fr\\\/producten\\\/articles-menagers\\\/cafetiere-percolateur\\\/havanna-inductie-percolator-koffie-maker-3-6\\\/#primaryimage\",\"url\":\"https:\\\/\\\/eurotrail.info\\\/wp\\\/wp-content\\\/uploads\\\/2026\\\/01\\\/perco-zwart-1-scaled.jpg\",\"contentUrl\":\"https:\\\/\\\/eurotrail.info\\\/wp\\\/wp-content\\\/uploads\\\/2026\\\/01\\\/perco-zwart-1-scaled.jpg\",\"width\":1809,\"height\":2560},{\"@type\":\"BreadcrumbList\",\"@id\":\"https:\\\/\\\/eurotrail.info\\\/fr\\\/producten\\\/articles-menagers\\\/cafetiere-percolateur\\\/havanna-inductie-percolator-koffie-maker-3-6\\\/#breadcrumb\",\"itemListElement\":[{\"@type\":\"ListItem\",\"position\":1,\"name\":\"Home\",\"item\":\"https:\\\/\\\/eurotrail.info\\\/fr\\\/\"},{\"@type\":\"ListItem\",\"position\":2,\"name\":\"Produits\",\"item\":\"https:\\\/\\\/eurotrail.info\\\/fr\\\/produits\\\/\"},{\"@type\":\"ListItem\",\"position\":3,\"name\":\"Havana percolateur induction 3\\\/6\"}]},{\"@type\":\"WebSite\",\"@id\":\"https:\\\/\\\/eurotrail.info\\\/#website\",\"url\":\"https:\\\/\\\/eurotrail.info\\\/\",\"name\":\"Eurotrail | The way we camp!\",\"description\":\"\",\"publisher\":{\"@id\":\"https:\\\/\\\/eurotrail.info\\\/#organization\"},\"potentialAction\":[{\"@type\":\"SearchAction\",\"target\":{\"@type\":\"EntryPoint\",\"urlTemplate\":\"https:\\\/\\\/eurotrail.info\\\/?s={search_term_string}\"},\"query-input\":{\"@type\":\"PropertyValueSpecification\",\"valueRequired\":true,\"valueName\":\"search_term_string\"}}],\"inLanguage\":\"fr-FR\"},{\"@type\":\"Organization\",\"@id\":\"https:\\\/\\\/eurotrail.info\\\/#organization\",\"name\":\"Eurotrail | The way we camp!\",\"url\":\"https:\\\/\\\/eurotrail.info\\\/\",\"logo\":{\"@type\":\"ImageObject\",\"inLanguage\":\"fr-FR\",\"@id\":\"https:\\\/\\\/eurotrail.info\\\/#\\\/schema\\\/logo\\\/image\\\/\",\"url\":\"https:\\\/\\\/eurotrail.info\\\/wp\\\/wp-content\\\/uploads\\\/2023\\\/07\\\/ET-logo-quote_NL-scaled.jpg\",\"contentUrl\":\"https:\\\/\\\/eurotrail.info\\\/wp\\\/wp-content\\\/uploads\\\/2023\\\/07\\\/ET-logo-quote_NL-scaled.jpg\",\"width\":2560,\"height\":675,\"caption\":\"Eurotrail | The way we camp!\"},\"image\":{\"@id\":\"https:\\\/\\\/eurotrail.info\\\/#\\\/schema\\\/logo\\\/image\\\/\"}}]}<\/script>\n<!-- \/ Yoast SEO plugin. -->","yoast_head_json":{"title":"Havana percolateur induction 3\/6 - Eurotrail | The way we camp!","description":".Faites le meilleur caf\u00e9 avec le percolateur Havana. Le percolateur convient aux plaques de cuisson \u00e0 gaz, en c\u00e9ramique, \u00e9lectriques, halog\u00e8nes et l'induction.","robots":{"index":"index","follow":"follow","max-snippet":"max-snippet:-1","max-image-preview":"max-image-preview:large","max-video-preview":"max-video-preview:-1"},"canonical":"https:\/\/eurotrail.info\/fr\/producten\/articles-menagers\/cafetiere-percolateur\/havanna-inductie-percolator-koffie-maker-3-6\/","og_locale":"fr_FR","og_type":"article","og_title":"Havana percolateur induction 3\/6 - Eurotrail | The way we camp!","og_description":".Faites le meilleur caf\u00e9 avec le percolateur Havana. Le percolateur convient aux plaques de cuisson \u00e0 gaz, en c\u00e9ramique, \u00e9lectriques, halog\u00e8nes et l'induction.","og_url":"https:\/\/eurotrail.info\/fr\/producten\/articles-menagers\/cafetiere-percolateur\/havanna-inductie-percolator-koffie-maker-3-6\/","og_site_name":"Eurotrail | The way we camp!","article_modified_time":"2026-01-08T10:26:23+00:00","og_image":[{"width":1809,"height":2560,"url":"https:\/\/eurotrail.info\/wp\/wp-content\/uploads\/2026\/01\/perco-zwart-1-scaled.jpg","type":"image\/jpeg"}],"twitter_card":"summary_large_image","twitter_misc":{"Dur\u00e9e de lecture estim\u00e9e":"2 minutes"},"schema":{"@context":"https:\/\/schema.org","@graph":[{"@type":"WebPage","@id":"https:\/\/eurotrail.info\/fr\/producten\/articles-menagers\/cafetiere-percolateur\/havanna-inductie-percolator-koffie-maker-3-6\/","url":"https:\/\/eurotrail.info\/fr\/producten\/articles-menagers\/cafetiere-percolateur\/havanna-inductie-percolator-koffie-maker-3-6\/","name":"Havana percolateur induction 3\/6 - Eurotrail | The way we camp!","isPartOf":{"@id":"https:\/\/eurotrail.info\/#website"},"primaryImageOfPage":{"@id":"https:\/\/eurotrail.info\/fr\/producten\/articles-menagers\/cafetiere-percolateur\/havanna-inductie-percolator-koffie-maker-3-6\/#primaryimage"},"image":{"@id":"https:\/\/eurotrail.info\/fr\/producten\/articles-menagers\/cafetiere-percolateur\/havanna-inductie-percolator-koffie-maker-3-6\/#primaryimage"},"thumbnailUrl":"https:\/\/eurotrail.info\/wp\/wp-content\/uploads\/2026\/01\/perco-zwart-1-scaled.jpg","datePublished":"2026-01-07T10:58:21+00:00","dateModified":"2026-01-08T10:26:23+00:00","description":".Faites le meilleur caf\u00e9 avec le percolateur Havana. Le percolateur convient aux plaques de cuisson \u00e0 gaz, en c\u00e9ramique, \u00e9lectriques, halog\u00e8nes et l'induction.","breadcrumb":{"@id":"https:\/\/eurotrail.info\/fr\/producten\/articles-menagers\/cafetiere-percolateur\/havanna-inductie-percolator-koffie-maker-3-6\/#breadcrumb"},"inLanguage":"fr-FR","potentialAction":[{"@type":"ReadAction","target":["https:\/\/eurotrail.info\/fr\/producten\/articles-menagers\/cafetiere-percolateur\/havanna-inductie-percolator-koffie-maker-3-6\/"]}]},{"@type":"ImageObject","inLanguage":"fr-FR","@id":"https:\/\/eurotrail.info\/fr\/producten\/articles-menagers\/cafetiere-percolateur\/havanna-inductie-percolator-koffie-maker-3-6\/#primaryimage","url":"https:\/\/eurotrail.info\/wp\/wp-content\/uploads\/2026\/01\/perco-zwart-1-scaled.jpg","contentUrl":"https:\/\/eurotrail.info\/wp\/wp-content\/uploads\/2026\/01\/perco-zwart-1-scaled.jpg","width":1809,"height":2560},{"@type":"BreadcrumbList","@id":"https:\/\/eurotrail.info\/fr\/producten\/articles-menagers\/cafetiere-percolateur\/havanna-inductie-percolator-koffie-maker-3-6\/#breadcrumb","itemListElement":[{"@type":"ListItem","position":1,"name":"Home","item":"https:\/\/eurotrail.info\/fr\/"},{"@type":"ListItem","position":2,"name":"Produits","item":"https:\/\/eurotrail.info\/fr\/produits\/"},{"@type":"ListItem","position":3,"name":"Havana percolateur induction 3\/6"}]},{"@type":"WebSite","@id":"https:\/\/eurotrail.info\/#website","url":"https:\/\/eurotrail.info\/","name":"Eurotrail | The way we camp!","description":"","publisher":{"@id":"https:\/\/eurotrail.info\/#organization"},"potentialAction":[{"@type":"SearchAction","target":{"@type":"EntryPoint","urlTemplate":"https:\/\/eurotrail.info\/?s={search_term_string}"},"query-input":{"@type":"PropertyValueSpecification","valueRequired":true,"valueName":"search_term_string"}}],"inLanguage":"fr-FR"},{"@type":"Organization","@id":"https:\/\/eurotrail.info\/#organization","name":"Eurotrail | The way we camp!","url":"https:\/\/eurotrail.info\/","logo":{"@type":"ImageObject","inLanguage":"fr-FR","@id":"https:\/\/eurotrail.info\/#\/schema\/logo\/image\/","url":"https:\/\/eurotrail.info\/wp\/wp-content\/uploads\/2023\/07\/ET-logo-quote_NL-scaled.jpg","contentUrl":"https:\/\/eurotrail.info\/wp\/wp-content\/uploads\/2023\/07\/ET-logo-quote_NL-scaled.jpg","width":2560,"height":675,"caption":"Eurotrail | The way we camp!"},"image":{"@id":"https:\/\/eurotrail.info\/#\/schema\/logo\/image\/"}}]}},"_links":{"self":[{"href":"https:\/\/eurotrail.info\/fr\/wp-json\/wp\/v2\/product\/28551","targetHints":{"allow":["GET"]}}],"collection":[{"href":"https:\/\/eurotrail.info\/fr\/wp-json\/wp\/v2\/product"}],"about":[{"href":"https:\/\/eurotrail.info\/fr\/wp-json\/wp\/v2\/types\/product"}],"replies":[{"embeddable":true,"href":"https:\/\/eurotrail.info\/fr\/wp-json\/wp\/v2\/comments?post=28551"}],"wp:featuredmedia":[{"embeddable":true,"href":"https:\/\/eurotrail.info\/fr\/wp-json\/wp\/v2\/media\/28155"}],"wp:attachment":[{"href":"https:\/\/eurotrail.info\/fr\/wp-json\/wp\/v2\/media?parent=28551"}],"wp:term":[{"taxonomy":"product_brand","embeddable":true,"href":"https:\/\/eurotrail.info\/fr\/wp-json\/wp\/v2\/product_brand?post=28551"},{"taxonomy":"product_cat","embeddable":true,"href":"https:\/\/eurotrail.info\/fr\/wp-json\/wp\/v2\/product_cat?post=28551"},{"taxonomy":"product_tag","embeddable":true,"href":"https:\/\/eurotrail.info\/fr\/wp-json\/wp\/v2\/product_tag?post=28551"}],"curies":[{"name":"wp","href":"https:\/\/api.w.org\/{rel}","templated":true}]}}