{"id":28559,"date":"2026-01-07T11:33:04","date_gmt":"2026-01-07T10:33:04","guid":{"rendered":"https:\/\/eurotrail.info\/?post_type=product&#038;p=28559"},"modified":"2026-01-08T11:42:08","modified_gmt":"2026-01-08T10:42:08","slug":"trento-12-pcs-service-de-table-recycle","status":"publish","type":"product","link":"https:\/\/eurotrail.info\/fr\/producten\/articles-menagers\/vaisselle\/trento-12-pcs-service-de-table-recycle\/","title":{"rendered":"Trento 12 pcs. service de table recycl\u00e9"},"content":{"rendered":"<p>Vaisselle RPET \u2013 \u00c9l\u00e9gante, s\u00fbre et responsable<\/p>\n<p>Nouvelle vaisselle fabriqu\u00e9e \u00e0 partir de RPET 100 % recycl\u00e9. Ces produits innovants et \u00e9cologiques sont fabriqu\u00e9s \u00e0 partir de bouteilles d&#8217;eau PET recycl\u00e9es et offrent une alternative durable \u00e0 la vaisselle traditionnelle.<\/p>\n<p>La vaisselle RPET est non seulement robuste et l\u00e9g\u00e8re \u2013 id\u00e9ale pour le camping \u2013 mais aussi r\u00e9sistante \u00e0 la chaleur jusqu&#8217;\u00e0 120 \u00b0C et compatible lave-vaisselle. Gr\u00e2ce \u00e0 une technologie de renforcement, elle est plus durable que le PET standard et r\u00e9siste longtemps, m\u00eame \u00e0 un usage quotidien intensif.<\/p>\n<p>De plus, le mat\u00e9riau RPET r\u00e9pond aux normes europ\u00e9ennes les plus strictes en mati\u00e8re de s\u00e9curit\u00e9 alimentaire (certifications LFGB et EFSA), est exempt de BPA\/PVC, de plastifiants et de m\u00e9taux lourds, et contribue \u00e0 une \u00e9conomie circulaire gr\u00e2ce \u00e0 sa r\u00e9utilisabilit\u00e9 et sa recyclabilit\u00e9.<\/p>\n<p>Avec cette vaisselle, nous offrons aux amateurs de camping un choix responsable qui allie confort, s\u00e9curit\u00e9 et durabilit\u00e9.<\/p>\n<p>Tasses assorties disponibles en option.<\/p>\n<p>Composition : 82 % RPET, 6 % PP, 12 % silicates<br \/>\nAssiette plate \u00d8 27,5 x 2,2 cm, 379 g<br \/>\nPetite assiette \u00d8 22 x 2,1 cm, 225 g<br \/>\nBol \u00d8 14 x 5,6 cm, 172 g<\/p>\n<p>&nbsp;<\/p>\n<p>&nbsp;<\/p>\n","protected":false},"excerpt":{"rendered":"<p>Vaisselle RPET \u2013 \u00c9l\u00e9gante, s\u00fbre et responsable Nouvelle vaisselle fabriqu\u00e9e \u00e0 partir de RPET 100 % recycl\u00e9. Ces produits innovants et \u00e9cologiques sont fabriqu\u00e9s \u00e0&hellip;<\/p>\n","protected":false},"featured_media":28137,"comment_status":"open","ping_status":"closed","template":"","meta":{"_acf_changed":false},"product_brand":[],"product_cat":[243,247],"product_tag":[],"class_list":{"0":"post-28559","1":"product","2":"type-product","3":"status-publish","4":"has-post-thumbnail","6":"product_cat-articles-menagers","7":"product_cat-vaisselle","9":"first","10":"instock","11":"shipping-taxable","12":"product-type-simple"},"acf":[],"yoast_head":"<!-- This site is optimized with the Yoast SEO plugin v27.3 - https:\/\/yoast.com\/product\/yoast-seo-wordpress\/ -->\n<title>Trento 12 pcs. service de table recycl\u00e9 - Eurotrail | The way we camp!<\/title>\n<meta name=\"description\" content=\"Vaisselle fabriqu\u00e9e \u00e0 partir de RPET 100 % recycl\u00e9, offrant une alternative durable \u00e0 la vaisselle traditionnelle.\" \/>\n<meta name=\"robots\" content=\"index, follow, max-snippet:-1, max-image-preview:large, max-video-preview:-1\" \/>\n<link rel=\"canonical\" href=\"https:\/\/eurotrail.info\/fr\/producten\/articles-menagers\/vaisselle\/trento-12-pcs-service-de-table-recycle\/\" \/>\n<meta property=\"og:locale\" content=\"fr_FR\" \/>\n<meta property=\"og:type\" content=\"article\" \/>\n<meta property=\"og:title\" content=\"Trento 12 pcs. service de table recycl\u00e9 - Eurotrail | The way we camp!\" \/>\n<meta property=\"og:description\" content=\"Vaisselle fabriqu\u00e9e \u00e0 partir de RPET 100 % recycl\u00e9, offrant une alternative durable \u00e0 la vaisselle traditionnelle.\" \/>\n<meta property=\"og:url\" content=\"https:\/\/eurotrail.info\/fr\/producten\/articles-menagers\/vaisselle\/trento-12-pcs-service-de-table-recycle\/\" \/>\n<meta property=\"og:site_name\" content=\"Eurotrail | The way we camp!\" \/>\n<meta property=\"article:modified_time\" content=\"2026-01-08T10:42:08+00:00\" \/>\n<meta property=\"og:image\" content=\"https:\/\/eurotrail.info\/wp\/wp-content\/uploads\/2026\/01\/set-E2-scaled.jpg\" \/>\n\t<meta property=\"og:image:width\" content=\"2560\" \/>\n\t<meta property=\"og:image:height\" content=\"2281\" \/>\n\t<meta property=\"og:image:type\" content=\"image\/jpeg\" \/>\n<meta name=\"twitter:card\" content=\"summary_large_image\" \/>\n<meta name=\"twitter:label1\" content=\"Dur\u00e9e de lecture estim\u00e9e\" \/>\n\t<meta name=\"twitter:data1\" content=\"1 minute\" \/>\n<script type=\"application\/ld+json\" class=\"yoast-schema-graph\">{\"@context\":\"https:\\\/\\\/schema.org\",\"@graph\":[{\"@type\":\"WebPage\",\"@id\":\"https:\\\/\\\/eurotrail.info\\\/fr\\\/producten\\\/articles-menagers\\\/vaisselle\\\/trento-12-pcs-service-de-table-recycle\\\/\",\"url\":\"https:\\\/\\\/eurotrail.info\\\/fr\\\/producten\\\/articles-menagers\\\/vaisselle\\\/trento-12-pcs-service-de-table-recycle\\\/\",\"name\":\"Trento 12 pcs. service de table recycl\u00e9 - Eurotrail | The way we camp!\",\"isPartOf\":{\"@id\":\"https:\\\/\\\/eurotrail.info\\\/#website\"},\"primaryImageOfPage\":{\"@id\":\"https:\\\/\\\/eurotrail.info\\\/fr\\\/producten\\\/articles-menagers\\\/vaisselle\\\/trento-12-pcs-service-de-table-recycle\\\/#primaryimage\"},\"image\":{\"@id\":\"https:\\\/\\\/eurotrail.info\\\/fr\\\/producten\\\/articles-menagers\\\/vaisselle\\\/trento-12-pcs-service-de-table-recycle\\\/#primaryimage\"},\"thumbnailUrl\":\"https:\\\/\\\/eurotrail.info\\\/wp\\\/wp-content\\\/uploads\\\/2026\\\/01\\\/set-E2-scaled.jpg\",\"datePublished\":\"2026-01-07T10:33:04+00:00\",\"dateModified\":\"2026-01-08T10:42:08+00:00\",\"description\":\"Vaisselle fabriqu\u00e9e \u00e0 partir de RPET 100 % recycl\u00e9, offrant une alternative durable \u00e0 la vaisselle traditionnelle.\",\"breadcrumb\":{\"@id\":\"https:\\\/\\\/eurotrail.info\\\/fr\\\/producten\\\/articles-menagers\\\/vaisselle\\\/trento-12-pcs-service-de-table-recycle\\\/#breadcrumb\"},\"inLanguage\":\"fr-FR\",\"potentialAction\":[{\"@type\":\"ReadAction\",\"target\":[\"https:\\\/\\\/eurotrail.info\\\/fr\\\/producten\\\/articles-menagers\\\/vaisselle\\\/trento-12-pcs-service-de-table-recycle\\\/\"]}]},{\"@type\":\"ImageObject\",\"inLanguage\":\"fr-FR\",\"@id\":\"https:\\\/\\\/eurotrail.info\\\/fr\\\/producten\\\/articles-menagers\\\/vaisselle\\\/trento-12-pcs-service-de-table-recycle\\\/#primaryimage\",\"url\":\"https:\\\/\\\/eurotrail.info\\\/wp\\\/wp-content\\\/uploads\\\/2026\\\/01\\\/set-E2-scaled.jpg\",\"contentUrl\":\"https:\\\/\\\/eurotrail.info\\\/wp\\\/wp-content\\\/uploads\\\/2026\\\/01\\\/set-E2-scaled.jpg\",\"width\":2560,\"height\":2281},{\"@type\":\"BreadcrumbList\",\"@id\":\"https:\\\/\\\/eurotrail.info\\\/fr\\\/producten\\\/articles-menagers\\\/vaisselle\\\/trento-12-pcs-service-de-table-recycle\\\/#breadcrumb\",\"itemListElement\":[{\"@type\":\"ListItem\",\"position\":1,\"name\":\"Home\",\"item\":\"https:\\\/\\\/eurotrail.info\\\/fr\\\/\"},{\"@type\":\"ListItem\",\"position\":2,\"name\":\"Produits\",\"item\":\"https:\\\/\\\/eurotrail.info\\\/fr\\\/produits\\\/\"},{\"@type\":\"ListItem\",\"position\":3,\"name\":\"Trento 12 pcs. service de table recycl\u00e9\"}]},{\"@type\":\"WebSite\",\"@id\":\"https:\\\/\\\/eurotrail.info\\\/#website\",\"url\":\"https:\\\/\\\/eurotrail.info\\\/\",\"name\":\"Eurotrail | The way we camp!\",\"description\":\"\",\"publisher\":{\"@id\":\"https:\\\/\\\/eurotrail.info\\\/#organization\"},\"potentialAction\":[{\"@type\":\"SearchAction\",\"target\":{\"@type\":\"EntryPoint\",\"urlTemplate\":\"https:\\\/\\\/eurotrail.info\\\/?s={search_term_string}\"},\"query-input\":{\"@type\":\"PropertyValueSpecification\",\"valueRequired\":true,\"valueName\":\"search_term_string\"}}],\"inLanguage\":\"fr-FR\"},{\"@type\":\"Organization\",\"@id\":\"https:\\\/\\\/eurotrail.info\\\/#organization\",\"name\":\"Eurotrail | The way we camp!\",\"url\":\"https:\\\/\\\/eurotrail.info\\\/\",\"logo\":{\"@type\":\"ImageObject\",\"inLanguage\":\"fr-FR\",\"@id\":\"https:\\\/\\\/eurotrail.info\\\/#\\\/schema\\\/logo\\\/image\\\/\",\"url\":\"https:\\\/\\\/eurotrail.info\\\/wp\\\/wp-content\\\/uploads\\\/2023\\\/07\\\/ET-logo-quote_NL-scaled.jpg\",\"contentUrl\":\"https:\\\/\\\/eurotrail.info\\\/wp\\\/wp-content\\\/uploads\\\/2023\\\/07\\\/ET-logo-quote_NL-scaled.jpg\",\"width\":2560,\"height\":675,\"caption\":\"Eurotrail | The way we camp!\"},\"image\":{\"@id\":\"https:\\\/\\\/eurotrail.info\\\/#\\\/schema\\\/logo\\\/image\\\/\"}}]}<\/script>\n<!-- \/ Yoast SEO plugin. -->","yoast_head_json":{"title":"Trento 12 pcs. service de table recycl\u00e9 - Eurotrail | The way we camp!","description":"Vaisselle fabriqu\u00e9e \u00e0 partir de RPET 100 % recycl\u00e9, offrant une alternative durable \u00e0 la vaisselle traditionnelle.","robots":{"index":"index","follow":"follow","max-snippet":"max-snippet:-1","max-image-preview":"max-image-preview:large","max-video-preview":"max-video-preview:-1"},"canonical":"https:\/\/eurotrail.info\/fr\/producten\/articles-menagers\/vaisselle\/trento-12-pcs-service-de-table-recycle\/","og_locale":"fr_FR","og_type":"article","og_title":"Trento 12 pcs. service de table recycl\u00e9 - Eurotrail | The way we camp!","og_description":"Vaisselle fabriqu\u00e9e \u00e0 partir de RPET 100 % recycl\u00e9, offrant une alternative durable \u00e0 la vaisselle traditionnelle.","og_url":"https:\/\/eurotrail.info\/fr\/producten\/articles-menagers\/vaisselle\/trento-12-pcs-service-de-table-recycle\/","og_site_name":"Eurotrail | The way we camp!","article_modified_time":"2026-01-08T10:42:08+00:00","og_image":[{"width":2560,"height":2281,"url":"https:\/\/eurotrail.info\/wp\/wp-content\/uploads\/2026\/01\/set-E2-scaled.jpg","type":"image\/jpeg"}],"twitter_card":"summary_large_image","twitter_misc":{"Dur\u00e9e de lecture estim\u00e9e":"1 minute"},"schema":{"@context":"https:\/\/schema.org","@graph":[{"@type":"WebPage","@id":"https:\/\/eurotrail.info\/fr\/producten\/articles-menagers\/vaisselle\/trento-12-pcs-service-de-table-recycle\/","url":"https:\/\/eurotrail.info\/fr\/producten\/articles-menagers\/vaisselle\/trento-12-pcs-service-de-table-recycle\/","name":"Trento 12 pcs. service de table recycl\u00e9 - Eurotrail | The way we camp!","isPartOf":{"@id":"https:\/\/eurotrail.info\/#website"},"primaryImageOfPage":{"@id":"https:\/\/eurotrail.info\/fr\/producten\/articles-menagers\/vaisselle\/trento-12-pcs-service-de-table-recycle\/#primaryimage"},"image":{"@id":"https:\/\/eurotrail.info\/fr\/producten\/articles-menagers\/vaisselle\/trento-12-pcs-service-de-table-recycle\/#primaryimage"},"thumbnailUrl":"https:\/\/eurotrail.info\/wp\/wp-content\/uploads\/2026\/01\/set-E2-scaled.jpg","datePublished":"2026-01-07T10:33:04+00:00","dateModified":"2026-01-08T10:42:08+00:00","description":"Vaisselle fabriqu\u00e9e \u00e0 partir de RPET 100 % recycl\u00e9, offrant une alternative durable \u00e0 la vaisselle traditionnelle.","breadcrumb":{"@id":"https:\/\/eurotrail.info\/fr\/producten\/articles-menagers\/vaisselle\/trento-12-pcs-service-de-table-recycle\/#breadcrumb"},"inLanguage":"fr-FR","potentialAction":[{"@type":"ReadAction","target":["https:\/\/eurotrail.info\/fr\/producten\/articles-menagers\/vaisselle\/trento-12-pcs-service-de-table-recycle\/"]}]},{"@type":"ImageObject","inLanguage":"fr-FR","@id":"https:\/\/eurotrail.info\/fr\/producten\/articles-menagers\/vaisselle\/trento-12-pcs-service-de-table-recycle\/#primaryimage","url":"https:\/\/eurotrail.info\/wp\/wp-content\/uploads\/2026\/01\/set-E2-scaled.jpg","contentUrl":"https:\/\/eurotrail.info\/wp\/wp-content\/uploads\/2026\/01\/set-E2-scaled.jpg","width":2560,"height":2281},{"@type":"BreadcrumbList","@id":"https:\/\/eurotrail.info\/fr\/producten\/articles-menagers\/vaisselle\/trento-12-pcs-service-de-table-recycle\/#breadcrumb","itemListElement":[{"@type":"ListItem","position":1,"name":"Home","item":"https:\/\/eurotrail.info\/fr\/"},{"@type":"ListItem","position":2,"name":"Produits","item":"https:\/\/eurotrail.info\/fr\/produits\/"},{"@type":"ListItem","position":3,"name":"Trento 12 pcs. service de table recycl\u00e9"}]},{"@type":"WebSite","@id":"https:\/\/eurotrail.info\/#website","url":"https:\/\/eurotrail.info\/","name":"Eurotrail | The way we camp!","description":"","publisher":{"@id":"https:\/\/eurotrail.info\/#organization"},"potentialAction":[{"@type":"SearchAction","target":{"@type":"EntryPoint","urlTemplate":"https:\/\/eurotrail.info\/?s={search_term_string}"},"query-input":{"@type":"PropertyValueSpecification","valueRequired":true,"valueName":"search_term_string"}}],"inLanguage":"fr-FR"},{"@type":"Organization","@id":"https:\/\/eurotrail.info\/#organization","name":"Eurotrail | The way we camp!","url":"https:\/\/eurotrail.info\/","logo":{"@type":"ImageObject","inLanguage":"fr-FR","@id":"https:\/\/eurotrail.info\/#\/schema\/logo\/image\/","url":"https:\/\/eurotrail.info\/wp\/wp-content\/uploads\/2023\/07\/ET-logo-quote_NL-scaled.jpg","contentUrl":"https:\/\/eurotrail.info\/wp\/wp-content\/uploads\/2023\/07\/ET-logo-quote_NL-scaled.jpg","width":2560,"height":675,"caption":"Eurotrail | The way we camp!"},"image":{"@id":"https:\/\/eurotrail.info\/#\/schema\/logo\/image\/"}}]}},"_links":{"self":[{"href":"https:\/\/eurotrail.info\/fr\/wp-json\/wp\/v2\/product\/28559","targetHints":{"allow":["GET"]}}],"collection":[{"href":"https:\/\/eurotrail.info\/fr\/wp-json\/wp\/v2\/product"}],"about":[{"href":"https:\/\/eurotrail.info\/fr\/wp-json\/wp\/v2\/types\/product"}],"replies":[{"embeddable":true,"href":"https:\/\/eurotrail.info\/fr\/wp-json\/wp\/v2\/comments?post=28559"}],"wp:featuredmedia":[{"embeddable":true,"href":"https:\/\/eurotrail.info\/fr\/wp-json\/wp\/v2\/media\/28137"}],"wp:attachment":[{"href":"https:\/\/eurotrail.info\/fr\/wp-json\/wp\/v2\/media?parent=28559"}],"wp:term":[{"taxonomy":"product_brand","embeddable":true,"href":"https:\/\/eurotrail.info\/fr\/wp-json\/wp\/v2\/product_brand?post=28559"},{"taxonomy":"product_cat","embeddable":true,"href":"https:\/\/eurotrail.info\/fr\/wp-json\/wp\/v2\/product_cat?post=28559"},{"taxonomy":"product_tag","embeddable":true,"href":"https:\/\/eurotrail.info\/fr\/wp-json\/wp\/v2\/product_tag?post=28559"}],"curies":[{"name":"wp","href":"https:\/\/api.w.org\/{rel}","templated":true}]}}