{"id":28587,"date":"2026-01-07T10:48:48","date_gmt":"2026-01-07T09:48:48","guid":{"rendered":"https:\/\/eurotrail.info\/?post_type=product&#038;p=28587"},"modified":"2026-01-08T12:29:45","modified_gmt":"2026-01-08T11:29:45","slug":"tabouret-bari-avec-plateau","status":"publish","type":"product","link":"https:\/\/eurotrail.info\/fr\/producten\/meubles\/tabouret\/tabouret-bari-avec-plateau\/","title":{"rendered":"Tabouret Bari avec plateau"},"content":{"rendered":"<p>Tabouret pratique avec plateau \u2013 Compact et polyvalent<\/p>\n<p>Ce tabouret astucieux, dot\u00e9 d&#8217;un plateau robuste, est un accessoire indispensable pour tout campeur. Sa structure en U stable l&#8217;emp\u00eache de s&#8217;enfoncer dans les sols meubles, et son rebord sur\u00e9lev\u00e9 maintient vos affaires en place.<\/p>\n<p>Apr\u00e8s utilisation, le tabouret se plie facilement et de fa\u00e7on compacte \u2013 id\u00e9al pour les d\u00e9placements ou comme si\u00e8ge d&#8217;appoint ou table d&#8217;appoint au camping.<\/p>\n<p>Composition : 100 % polyester<br \/>\nStructure : Acier \u00d8 12 mm<br \/>\nDimensions d\u00e9pli\u00e9 : 39 x 39 x 47,5 cm<br \/>\nDimensions pli\u00e9 : 65 x 41 x 7 cm<br \/>\nPoids : 1,7 kg<br \/>\nCharge maximale : 80 kg<\/p>\n","protected":false},"excerpt":{"rendered":"<p>Tabouret pratique avec plateau \u2013 Compact et polyvalent Ce tabouret astucieux, dot\u00e9 d&#8217;un plateau robuste, est un accessoire indispensable pour tout campeur. Sa structure en&hellip;<\/p>\n","protected":false},"featured_media":28105,"comment_status":"open","ping_status":"closed","template":"","meta":{"_acf_changed":false},"product_brand":[],"product_cat":[253,263],"product_tag":[],"class_list":{"0":"post-28587","1":"product","2":"type-product","3":"status-publish","4":"has-post-thumbnail","6":"product_cat-meubles","7":"product_cat-tabouret","9":"first","10":"instock","11":"shipping-taxable","12":"product-type-simple"},"acf":[],"yoast_head":"<!-- This site is optimized with the Yoast SEO plugin v27.4 - https:\/\/yoast.com\/product\/yoast-seo-wordpress\/ -->\n<title>Tabouret Bari avec plateau - Eurotrail | The way we camp!<\/title>\n<meta name=\"description\" content=\"Ce tabouret astucieux, dot\u00e9 d&#039;un plateau robuste, est un accessoire indispensable pour tout campeur. Sa structure en U stable l&#039;emp\u00eache de s&#039;enfoncer dans les sols meubles, et son rebord sur\u00e9lev\u00e9 maintient vos affaires en place.\" \/>\n<meta name=\"robots\" content=\"index, follow, max-snippet:-1, max-image-preview:large, max-video-preview:-1\" \/>\n<link rel=\"canonical\" href=\"https:\/\/eurotrail.info\/fr\/producten\/meubles\/tabouret\/tabouret-bari-avec-plateau\/\" \/>\n<meta property=\"og:locale\" content=\"fr_FR\" \/>\n<meta property=\"og:type\" content=\"article\" \/>\n<meta property=\"og:title\" content=\"Tabouret Bari avec plateau - Eurotrail | The way we camp!\" \/>\n<meta property=\"og:description\" content=\"Ce tabouret astucieux, dot\u00e9 d&#039;un plateau robuste, est un accessoire indispensable pour tout campeur. Sa structure en U stable l&#039;emp\u00eache de s&#039;enfoncer dans les sols meubles, et son rebord sur\u00e9lev\u00e9 maintient vos affaires en place.\" \/>\n<meta property=\"og:url\" content=\"https:\/\/eurotrail.info\/fr\/producten\/meubles\/tabouret\/tabouret-bari-avec-plateau\/\" \/>\n<meta property=\"og:site_name\" content=\"Eurotrail | The way we camp!\" \/>\n<meta property=\"article:modified_time\" content=\"2026-01-08T11:29:45+00:00\" \/>\n<meta property=\"og:image\" content=\"https:\/\/eurotrail.info\/wp\/wp-content\/uploads\/2026\/01\/tafelkrukje-3-scaled.jpg\" \/>\n\t<meta property=\"og:image:width\" content=\"2141\" \/>\n\t<meta property=\"og:image:height\" content=\"2560\" \/>\n\t<meta property=\"og:image:type\" content=\"image\/jpeg\" \/>\n<meta name=\"twitter:card\" content=\"summary_large_image\" \/>\n<meta name=\"twitter:label1\" content=\"Dur\u00e9e de lecture estim\u00e9e\" \/>\n\t<meta name=\"twitter:data1\" content=\"1 minute\" \/>\n<script type=\"application\/ld+json\" class=\"yoast-schema-graph\">{\"@context\":\"https:\\\/\\\/schema.org\",\"@graph\":[{\"@type\":\"WebPage\",\"@id\":\"https:\\\/\\\/eurotrail.info\\\/fr\\\/producten\\\/meubles\\\/tabouret\\\/tabouret-bari-avec-plateau\\\/\",\"url\":\"https:\\\/\\\/eurotrail.info\\\/fr\\\/producten\\\/meubles\\\/tabouret\\\/tabouret-bari-avec-plateau\\\/\",\"name\":\"Tabouret Bari avec plateau - Eurotrail | The way we camp!\",\"isPartOf\":{\"@id\":\"https:\\\/\\\/eurotrail.info\\\/#website\"},\"primaryImageOfPage\":{\"@id\":\"https:\\\/\\\/eurotrail.info\\\/fr\\\/producten\\\/meubles\\\/tabouret\\\/tabouret-bari-avec-plateau\\\/#primaryimage\"},\"image\":{\"@id\":\"https:\\\/\\\/eurotrail.info\\\/fr\\\/producten\\\/meubles\\\/tabouret\\\/tabouret-bari-avec-plateau\\\/#primaryimage\"},\"thumbnailUrl\":\"https:\\\/\\\/eurotrail.info\\\/wp\\\/wp-content\\\/uploads\\\/2026\\\/01\\\/tafelkrukje-3-scaled.jpg\",\"datePublished\":\"2026-01-07T09:48:48+00:00\",\"dateModified\":\"2026-01-08T11:29:45+00:00\",\"description\":\"Ce tabouret astucieux, dot\u00e9 d'un plateau robuste, est un accessoire indispensable pour tout campeur. Sa structure en U stable l'emp\u00eache de s'enfoncer dans les sols meubles, et son rebord sur\u00e9lev\u00e9 maintient vos affaires en place.\",\"breadcrumb\":{\"@id\":\"https:\\\/\\\/eurotrail.info\\\/fr\\\/producten\\\/meubles\\\/tabouret\\\/tabouret-bari-avec-plateau\\\/#breadcrumb\"},\"inLanguage\":\"fr-FR\",\"potentialAction\":[{\"@type\":\"ReadAction\",\"target\":[\"https:\\\/\\\/eurotrail.info\\\/fr\\\/producten\\\/meubles\\\/tabouret\\\/tabouret-bari-avec-plateau\\\/\"]}]},{\"@type\":\"ImageObject\",\"inLanguage\":\"fr-FR\",\"@id\":\"https:\\\/\\\/eurotrail.info\\\/fr\\\/producten\\\/meubles\\\/tabouret\\\/tabouret-bari-avec-plateau\\\/#primaryimage\",\"url\":\"https:\\\/\\\/eurotrail.info\\\/wp\\\/wp-content\\\/uploads\\\/2026\\\/01\\\/tafelkrukje-3-scaled.jpg\",\"contentUrl\":\"https:\\\/\\\/eurotrail.info\\\/wp\\\/wp-content\\\/uploads\\\/2026\\\/01\\\/tafelkrukje-3-scaled.jpg\",\"width\":2141,\"height\":2560},{\"@type\":\"BreadcrumbList\",\"@id\":\"https:\\\/\\\/eurotrail.info\\\/fr\\\/producten\\\/meubles\\\/tabouret\\\/tabouret-bari-avec-plateau\\\/#breadcrumb\",\"itemListElement\":[{\"@type\":\"ListItem\",\"position\":1,\"name\":\"Home\",\"item\":\"https:\\\/\\\/eurotrail.info\\\/fr\\\/\"},{\"@type\":\"ListItem\",\"position\":2,\"name\":\"Produits\",\"item\":\"https:\\\/\\\/eurotrail.info\\\/fr\\\/produits\\\/\"},{\"@type\":\"ListItem\",\"position\":3,\"name\":\"Tabouret Bari avec plateau\"}]},{\"@type\":\"WebSite\",\"@id\":\"https:\\\/\\\/eurotrail.info\\\/#website\",\"url\":\"https:\\\/\\\/eurotrail.info\\\/\",\"name\":\"Eurotrail | The way we camp!\",\"description\":\"\",\"publisher\":{\"@id\":\"https:\\\/\\\/eurotrail.info\\\/#organization\"},\"potentialAction\":[{\"@type\":\"SearchAction\",\"target\":{\"@type\":\"EntryPoint\",\"urlTemplate\":\"https:\\\/\\\/eurotrail.info\\\/?s={search_term_string}\"},\"query-input\":{\"@type\":\"PropertyValueSpecification\",\"valueRequired\":true,\"valueName\":\"search_term_string\"}}],\"inLanguage\":\"fr-FR\"},{\"@type\":\"Organization\",\"@id\":\"https:\\\/\\\/eurotrail.info\\\/#organization\",\"name\":\"Eurotrail | The way we camp!\",\"url\":\"https:\\\/\\\/eurotrail.info\\\/\",\"logo\":{\"@type\":\"ImageObject\",\"inLanguage\":\"fr-FR\",\"@id\":\"https:\\\/\\\/eurotrail.info\\\/#\\\/schema\\\/logo\\\/image\\\/\",\"url\":\"https:\\\/\\\/eurotrail.info\\\/wp\\\/wp-content\\\/uploads\\\/2023\\\/07\\\/ET-logo-quote_NL-scaled.jpg\",\"contentUrl\":\"https:\\\/\\\/eurotrail.info\\\/wp\\\/wp-content\\\/uploads\\\/2023\\\/07\\\/ET-logo-quote_NL-scaled.jpg\",\"width\":2560,\"height\":675,\"caption\":\"Eurotrail | The way we camp!\"},\"image\":{\"@id\":\"https:\\\/\\\/eurotrail.info\\\/#\\\/schema\\\/logo\\\/image\\\/\"}}]}<\/script>\n<!-- \/ Yoast SEO plugin. -->","yoast_head_json":{"title":"Tabouret Bari avec plateau - Eurotrail | The way we camp!","description":"Ce tabouret astucieux, dot\u00e9 d'un plateau robuste, est un accessoire indispensable pour tout campeur. Sa structure en U stable l'emp\u00eache de s'enfoncer dans les sols meubles, et son rebord sur\u00e9lev\u00e9 maintient vos affaires en place.","robots":{"index":"index","follow":"follow","max-snippet":"max-snippet:-1","max-image-preview":"max-image-preview:large","max-video-preview":"max-video-preview:-1"},"canonical":"https:\/\/eurotrail.info\/fr\/producten\/meubles\/tabouret\/tabouret-bari-avec-plateau\/","og_locale":"fr_FR","og_type":"article","og_title":"Tabouret Bari avec plateau - Eurotrail | The way we camp!","og_description":"Ce tabouret astucieux, dot\u00e9 d'un plateau robuste, est un accessoire indispensable pour tout campeur. Sa structure en U stable l'emp\u00eache de s'enfoncer dans les sols meubles, et son rebord sur\u00e9lev\u00e9 maintient vos affaires en place.","og_url":"https:\/\/eurotrail.info\/fr\/producten\/meubles\/tabouret\/tabouret-bari-avec-plateau\/","og_site_name":"Eurotrail | The way we camp!","article_modified_time":"2026-01-08T11:29:45+00:00","og_image":[{"width":2141,"height":2560,"url":"https:\/\/eurotrail.info\/wp\/wp-content\/uploads\/2026\/01\/tafelkrukje-3-scaled.jpg","type":"image\/jpeg"}],"twitter_card":"summary_large_image","twitter_misc":{"Dur\u00e9e de lecture estim\u00e9e":"1 minute"},"schema":{"@context":"https:\/\/schema.org","@graph":[{"@type":"WebPage","@id":"https:\/\/eurotrail.info\/fr\/producten\/meubles\/tabouret\/tabouret-bari-avec-plateau\/","url":"https:\/\/eurotrail.info\/fr\/producten\/meubles\/tabouret\/tabouret-bari-avec-plateau\/","name":"Tabouret Bari avec plateau - Eurotrail | The way we camp!","isPartOf":{"@id":"https:\/\/eurotrail.info\/#website"},"primaryImageOfPage":{"@id":"https:\/\/eurotrail.info\/fr\/producten\/meubles\/tabouret\/tabouret-bari-avec-plateau\/#primaryimage"},"image":{"@id":"https:\/\/eurotrail.info\/fr\/producten\/meubles\/tabouret\/tabouret-bari-avec-plateau\/#primaryimage"},"thumbnailUrl":"https:\/\/eurotrail.info\/wp\/wp-content\/uploads\/2026\/01\/tafelkrukje-3-scaled.jpg","datePublished":"2026-01-07T09:48:48+00:00","dateModified":"2026-01-08T11:29:45+00:00","description":"Ce tabouret astucieux, dot\u00e9 d'un plateau robuste, est un accessoire indispensable pour tout campeur. Sa structure en U stable l'emp\u00eache de s'enfoncer dans les sols meubles, et son rebord sur\u00e9lev\u00e9 maintient vos affaires en place.","breadcrumb":{"@id":"https:\/\/eurotrail.info\/fr\/producten\/meubles\/tabouret\/tabouret-bari-avec-plateau\/#breadcrumb"},"inLanguage":"fr-FR","potentialAction":[{"@type":"ReadAction","target":["https:\/\/eurotrail.info\/fr\/producten\/meubles\/tabouret\/tabouret-bari-avec-plateau\/"]}]},{"@type":"ImageObject","inLanguage":"fr-FR","@id":"https:\/\/eurotrail.info\/fr\/producten\/meubles\/tabouret\/tabouret-bari-avec-plateau\/#primaryimage","url":"https:\/\/eurotrail.info\/wp\/wp-content\/uploads\/2026\/01\/tafelkrukje-3-scaled.jpg","contentUrl":"https:\/\/eurotrail.info\/wp\/wp-content\/uploads\/2026\/01\/tafelkrukje-3-scaled.jpg","width":2141,"height":2560},{"@type":"BreadcrumbList","@id":"https:\/\/eurotrail.info\/fr\/producten\/meubles\/tabouret\/tabouret-bari-avec-plateau\/#breadcrumb","itemListElement":[{"@type":"ListItem","position":1,"name":"Home","item":"https:\/\/eurotrail.info\/fr\/"},{"@type":"ListItem","position":2,"name":"Produits","item":"https:\/\/eurotrail.info\/fr\/produits\/"},{"@type":"ListItem","position":3,"name":"Tabouret Bari avec plateau"}]},{"@type":"WebSite","@id":"https:\/\/eurotrail.info\/#website","url":"https:\/\/eurotrail.info\/","name":"Eurotrail | The way we camp!","description":"","publisher":{"@id":"https:\/\/eurotrail.info\/#organization"},"potentialAction":[{"@type":"SearchAction","target":{"@type":"EntryPoint","urlTemplate":"https:\/\/eurotrail.info\/?s={search_term_string}"},"query-input":{"@type":"PropertyValueSpecification","valueRequired":true,"valueName":"search_term_string"}}],"inLanguage":"fr-FR"},{"@type":"Organization","@id":"https:\/\/eurotrail.info\/#organization","name":"Eurotrail | The way we camp!","url":"https:\/\/eurotrail.info\/","logo":{"@type":"ImageObject","inLanguage":"fr-FR","@id":"https:\/\/eurotrail.info\/#\/schema\/logo\/image\/","url":"https:\/\/eurotrail.info\/wp\/wp-content\/uploads\/2023\/07\/ET-logo-quote_NL-scaled.jpg","contentUrl":"https:\/\/eurotrail.info\/wp\/wp-content\/uploads\/2023\/07\/ET-logo-quote_NL-scaled.jpg","width":2560,"height":675,"caption":"Eurotrail | The way we camp!"},"image":{"@id":"https:\/\/eurotrail.info\/#\/schema\/logo\/image\/"}}]}},"_links":{"self":[{"href":"https:\/\/eurotrail.info\/fr\/wp-json\/wp\/v2\/product\/28587","targetHints":{"allow":["GET"]}}],"collection":[{"href":"https:\/\/eurotrail.info\/fr\/wp-json\/wp\/v2\/product"}],"about":[{"href":"https:\/\/eurotrail.info\/fr\/wp-json\/wp\/v2\/types\/product"}],"replies":[{"embeddable":true,"href":"https:\/\/eurotrail.info\/fr\/wp-json\/wp\/v2\/comments?post=28587"}],"wp:featuredmedia":[{"embeddable":true,"href":"https:\/\/eurotrail.info\/fr\/wp-json\/wp\/v2\/media\/28105"}],"wp:attachment":[{"href":"https:\/\/eurotrail.info\/fr\/wp-json\/wp\/v2\/media?parent=28587"}],"wp:term":[{"taxonomy":"product_brand","embeddable":true,"href":"https:\/\/eurotrail.info\/fr\/wp-json\/wp\/v2\/product_brand?post=28587"},{"taxonomy":"product_cat","embeddable":true,"href":"https:\/\/eurotrail.info\/fr\/wp-json\/wp\/v2\/product_cat?post=28587"},{"taxonomy":"product_tag","embeddable":true,"href":"https:\/\/eurotrail.info\/fr\/wp-json\/wp\/v2\/product_tag?post=28587"}],"curies":[{"name":"wp","href":"https:\/\/api.w.org\/{rel}","templated":true}]}}