{"id":28741,"date":"2026-01-09T11:27:36","date_gmt":"2026-01-09T10:27:36","guid":{"rendered":"https:\/\/eurotrail.info\/?post_type=product&#038;p=28741"},"modified":"2026-01-22T10:24:51","modified_gmt":"2026-01-22T09:24:51","slug":"verre-a-cocktail-640-ml","status":"publish","type":"product","link":"https:\/\/eurotrail.info\/fr\/producten\/articles-menagers\/verrerie\/verre-a-cocktail-640-ml\/","title":{"rendered":"Verre \u00e0 cocktail 640 ml"},"content":{"rendered":"<p>Ce nouveau verre \u00e0 cocktail allie \u00e9l\u00e9gance et praticit\u00e9. Fabriqu\u00e9 en Tritan de haute qualit\u00e9, un mat\u00e9riau quasiment incassable et garanti sans BPA, il est id\u00e9al pour le camping, le jardinage ou pour profiter d&#8217;une douce soir\u00e9e d&#8217;\u00e9t\u00e9 en plein air.<\/p>\n<p>Avec sa g\u00e9n\u00e9reuse contenance de 640 ml, ce verre offre un espace suffisant pour vos cocktails, long drinks ou mocktails rafra\u00eechissants.<\/p>\n<p>Mat\u00e9riau\u00a0: Plastique Tritan<br \/>\nContenance\u00a0: 640 ml<br \/>\nPoids\u00a0: 138 g<\/p>\n","protected":false},"excerpt":{"rendered":"<p>Ce nouveau verre \u00e0 cocktail allie \u00e9l\u00e9gance et praticit\u00e9. Fabriqu\u00e9 en Tritan de haute qualit\u00e9, un mat\u00e9riau quasiment incassable et garanti sans BPA, il est&hellip;<\/p>\n","protected":false},"featured_media":30866,"comment_status":"open","ping_status":"closed","template":"","meta":{"_acf_changed":false},"product_brand":[],"product_cat":[243,250],"product_tag":[],"class_list":{"0":"post-28741","1":"product","2":"type-product","3":"status-publish","4":"has-post-thumbnail","6":"product_cat-articles-menagers","7":"product_cat-verrerie","9":"first","10":"instock","11":"shipping-taxable","12":"product-type-simple"},"acf":[],"yoast_head":"<!-- This site is optimized with the Yoast SEO plugin v27.3 - https:\/\/yoast.com\/product\/yoast-seo-wordpress\/ -->\n<title>Verre \u00e0 cocktail 640 ml - Eurotrail | The way we camp!<\/title>\n<meta name=\"description\" content=\"Le verre id\u00e9al pour tous vos cocktails.Parfait pour un Aperol rafra\u00eechissant ou un d\u00e9licieux gin tonic !\" \/>\n<meta name=\"robots\" content=\"index, follow, max-snippet:-1, max-image-preview:large, max-video-preview:-1\" \/>\n<link rel=\"canonical\" href=\"https:\/\/eurotrail.info\/fr\/producten\/articles-menagers\/verrerie\/verre-a-cocktail-640-ml\/\" \/>\n<meta property=\"og:locale\" content=\"fr_FR\" \/>\n<meta property=\"og:type\" content=\"article\" \/>\n<meta property=\"og:title\" content=\"Verre \u00e0 cocktail 640 ml - Eurotrail | The way we camp!\" \/>\n<meta property=\"og:description\" content=\"Le verre id\u00e9al pour tous vos cocktails.Parfait pour un Aperol rafra\u00eechissant ou un d\u00e9licieux gin tonic !\" \/>\n<meta property=\"og:url\" content=\"https:\/\/eurotrail.info\/fr\/producten\/articles-menagers\/verrerie\/verre-a-cocktail-640-ml\/\" \/>\n<meta property=\"og:site_name\" content=\"Eurotrail | The way we camp!\" \/>\n<meta property=\"article:modified_time\" content=\"2026-01-22T09:24:51+00:00\" \/>\n<meta property=\"og:image\" content=\"https:\/\/eurotrail.info\/wp\/wp-content\/uploads\/2026\/01\/ChatGPT-Image-8-jan-2026-14_23_02.png\" \/>\n\t<meta property=\"og:image:width\" content=\"1024\" \/>\n\t<meta property=\"og:image:height\" content=\"1536\" \/>\n\t<meta property=\"og:image:type\" content=\"image\/png\" \/>\n<meta name=\"twitter:card\" content=\"summary_large_image\" \/>\n<meta name=\"twitter:label1\" content=\"Dur\u00e9e de lecture estim\u00e9e\" \/>\n\t<meta name=\"twitter:data1\" content=\"1 minute\" \/>\n<script type=\"application\/ld+json\" class=\"yoast-schema-graph\">{\"@context\":\"https:\\\/\\\/schema.org\",\"@graph\":[{\"@type\":\"WebPage\",\"@id\":\"https:\\\/\\\/eurotrail.info\\\/fr\\\/producten\\\/articles-menagers\\\/verrerie\\\/verre-a-cocktail-640-ml\\\/\",\"url\":\"https:\\\/\\\/eurotrail.info\\\/fr\\\/producten\\\/articles-menagers\\\/verrerie\\\/verre-a-cocktail-640-ml\\\/\",\"name\":\"Verre \u00e0 cocktail 640 ml - Eurotrail | The way we camp!\",\"isPartOf\":{\"@id\":\"https:\\\/\\\/eurotrail.info\\\/#website\"},\"primaryImageOfPage\":{\"@id\":\"https:\\\/\\\/eurotrail.info\\\/fr\\\/producten\\\/articles-menagers\\\/verrerie\\\/verre-a-cocktail-640-ml\\\/#primaryimage\"},\"image\":{\"@id\":\"https:\\\/\\\/eurotrail.info\\\/fr\\\/producten\\\/articles-menagers\\\/verrerie\\\/verre-a-cocktail-640-ml\\\/#primaryimage\"},\"thumbnailUrl\":\"https:\\\/\\\/eurotrail.info\\\/wp\\\/wp-content\\\/uploads\\\/2026\\\/01\\\/Aperol-Spritz-op-een-campingtafel.png\",\"datePublished\":\"2026-01-09T10:27:36+00:00\",\"dateModified\":\"2026-01-22T09:24:51+00:00\",\"description\":\"Le verre id\u00e9al pour tous vos cocktails.Parfait pour un Aperol rafra\u00eechissant ou un d\u00e9licieux gin tonic !\",\"breadcrumb\":{\"@id\":\"https:\\\/\\\/eurotrail.info\\\/fr\\\/producten\\\/articles-menagers\\\/verrerie\\\/verre-a-cocktail-640-ml\\\/#breadcrumb\"},\"inLanguage\":\"fr-FR\",\"potentialAction\":[{\"@type\":\"ReadAction\",\"target\":[\"https:\\\/\\\/eurotrail.info\\\/fr\\\/producten\\\/articles-menagers\\\/verrerie\\\/verre-a-cocktail-640-ml\\\/\"]}]},{\"@type\":\"ImageObject\",\"inLanguage\":\"fr-FR\",\"@id\":\"https:\\\/\\\/eurotrail.info\\\/fr\\\/producten\\\/articles-menagers\\\/verrerie\\\/verre-a-cocktail-640-ml\\\/#primaryimage\",\"url\":\"https:\\\/\\\/eurotrail.info\\\/wp\\\/wp-content\\\/uploads\\\/2026\\\/01\\\/Aperol-Spritz-op-een-campingtafel.png\",\"contentUrl\":\"https:\\\/\\\/eurotrail.info\\\/wp\\\/wp-content\\\/uploads\\\/2026\\\/01\\\/Aperol-Spritz-op-een-campingtafel.png\",\"width\":1024,\"height\":1536},{\"@type\":\"BreadcrumbList\",\"@id\":\"https:\\\/\\\/eurotrail.info\\\/fr\\\/producten\\\/articles-menagers\\\/verrerie\\\/verre-a-cocktail-640-ml\\\/#breadcrumb\",\"itemListElement\":[{\"@type\":\"ListItem\",\"position\":1,\"name\":\"Home\",\"item\":\"https:\\\/\\\/eurotrail.info\\\/fr\\\/\"},{\"@type\":\"ListItem\",\"position\":2,\"name\":\"Produits\",\"item\":\"https:\\\/\\\/eurotrail.info\\\/fr\\\/produits\\\/\"},{\"@type\":\"ListItem\",\"position\":3,\"name\":\"Verre \u00e0 cocktail 640 ml\"}]},{\"@type\":\"WebSite\",\"@id\":\"https:\\\/\\\/eurotrail.info\\\/#website\",\"url\":\"https:\\\/\\\/eurotrail.info\\\/\",\"name\":\"Eurotrail | The way we camp!\",\"description\":\"\",\"publisher\":{\"@id\":\"https:\\\/\\\/eurotrail.info\\\/#organization\"},\"potentialAction\":[{\"@type\":\"SearchAction\",\"target\":{\"@type\":\"EntryPoint\",\"urlTemplate\":\"https:\\\/\\\/eurotrail.info\\\/?s={search_term_string}\"},\"query-input\":{\"@type\":\"PropertyValueSpecification\",\"valueRequired\":true,\"valueName\":\"search_term_string\"}}],\"inLanguage\":\"fr-FR\"},{\"@type\":\"Organization\",\"@id\":\"https:\\\/\\\/eurotrail.info\\\/#organization\",\"name\":\"Eurotrail | The way we camp!\",\"url\":\"https:\\\/\\\/eurotrail.info\\\/\",\"logo\":{\"@type\":\"ImageObject\",\"inLanguage\":\"fr-FR\",\"@id\":\"https:\\\/\\\/eurotrail.info\\\/#\\\/schema\\\/logo\\\/image\\\/\",\"url\":\"https:\\\/\\\/eurotrail.info\\\/wp\\\/wp-content\\\/uploads\\\/2023\\\/07\\\/ET-logo-quote_NL-scaled.jpg\",\"contentUrl\":\"https:\\\/\\\/eurotrail.info\\\/wp\\\/wp-content\\\/uploads\\\/2023\\\/07\\\/ET-logo-quote_NL-scaled.jpg\",\"width\":2560,\"height\":675,\"caption\":\"Eurotrail | The way we camp!\"},\"image\":{\"@id\":\"https:\\\/\\\/eurotrail.info\\\/#\\\/schema\\\/logo\\\/image\\\/\"}}]}<\/script>\n<!-- \/ Yoast SEO plugin. -->","yoast_head_json":{"title":"Verre \u00e0 cocktail 640 ml - Eurotrail | The way we camp!","description":"Le verre id\u00e9al pour tous vos cocktails.Parfait pour un Aperol rafra\u00eechissant ou un d\u00e9licieux gin tonic !","robots":{"index":"index","follow":"follow","max-snippet":"max-snippet:-1","max-image-preview":"max-image-preview:large","max-video-preview":"max-video-preview:-1"},"canonical":"https:\/\/eurotrail.info\/fr\/producten\/articles-menagers\/verrerie\/verre-a-cocktail-640-ml\/","og_locale":"fr_FR","og_type":"article","og_title":"Verre \u00e0 cocktail 640 ml - Eurotrail | The way we camp!","og_description":"Le verre id\u00e9al pour tous vos cocktails.Parfait pour un Aperol rafra\u00eechissant ou un d\u00e9licieux gin tonic !","og_url":"https:\/\/eurotrail.info\/fr\/producten\/articles-menagers\/verrerie\/verre-a-cocktail-640-ml\/","og_site_name":"Eurotrail | The way we camp!","article_modified_time":"2026-01-22T09:24:51+00:00","og_image":[{"width":1024,"height":1536,"url":"https:\/\/eurotrail.info\/wp\/wp-content\/uploads\/2026\/01\/ChatGPT-Image-8-jan-2026-14_23_02.png","type":"image\/png"}],"twitter_card":"summary_large_image","twitter_misc":{"Dur\u00e9e de lecture estim\u00e9e":"1 minute"},"schema":{"@context":"https:\/\/schema.org","@graph":[{"@type":"WebPage","@id":"https:\/\/eurotrail.info\/fr\/producten\/articles-menagers\/verrerie\/verre-a-cocktail-640-ml\/","url":"https:\/\/eurotrail.info\/fr\/producten\/articles-menagers\/verrerie\/verre-a-cocktail-640-ml\/","name":"Verre \u00e0 cocktail 640 ml - Eurotrail | The way we camp!","isPartOf":{"@id":"https:\/\/eurotrail.info\/#website"},"primaryImageOfPage":{"@id":"https:\/\/eurotrail.info\/fr\/producten\/articles-menagers\/verrerie\/verre-a-cocktail-640-ml\/#primaryimage"},"image":{"@id":"https:\/\/eurotrail.info\/fr\/producten\/articles-menagers\/verrerie\/verre-a-cocktail-640-ml\/#primaryimage"},"thumbnailUrl":"https:\/\/eurotrail.info\/wp\/wp-content\/uploads\/2026\/01\/Aperol-Spritz-op-een-campingtafel.png","datePublished":"2026-01-09T10:27:36+00:00","dateModified":"2026-01-22T09:24:51+00:00","description":"Le verre id\u00e9al pour tous vos cocktails.Parfait pour un Aperol rafra\u00eechissant ou un d\u00e9licieux gin tonic !","breadcrumb":{"@id":"https:\/\/eurotrail.info\/fr\/producten\/articles-menagers\/verrerie\/verre-a-cocktail-640-ml\/#breadcrumb"},"inLanguage":"fr-FR","potentialAction":[{"@type":"ReadAction","target":["https:\/\/eurotrail.info\/fr\/producten\/articles-menagers\/verrerie\/verre-a-cocktail-640-ml\/"]}]},{"@type":"ImageObject","inLanguage":"fr-FR","@id":"https:\/\/eurotrail.info\/fr\/producten\/articles-menagers\/verrerie\/verre-a-cocktail-640-ml\/#primaryimage","url":"https:\/\/eurotrail.info\/wp\/wp-content\/uploads\/2026\/01\/Aperol-Spritz-op-een-campingtafel.png","contentUrl":"https:\/\/eurotrail.info\/wp\/wp-content\/uploads\/2026\/01\/Aperol-Spritz-op-een-campingtafel.png","width":1024,"height":1536},{"@type":"BreadcrumbList","@id":"https:\/\/eurotrail.info\/fr\/producten\/articles-menagers\/verrerie\/verre-a-cocktail-640-ml\/#breadcrumb","itemListElement":[{"@type":"ListItem","position":1,"name":"Home","item":"https:\/\/eurotrail.info\/fr\/"},{"@type":"ListItem","position":2,"name":"Produits","item":"https:\/\/eurotrail.info\/fr\/produits\/"},{"@type":"ListItem","position":3,"name":"Verre \u00e0 cocktail 640 ml"}]},{"@type":"WebSite","@id":"https:\/\/eurotrail.info\/#website","url":"https:\/\/eurotrail.info\/","name":"Eurotrail | The way we camp!","description":"","publisher":{"@id":"https:\/\/eurotrail.info\/#organization"},"potentialAction":[{"@type":"SearchAction","target":{"@type":"EntryPoint","urlTemplate":"https:\/\/eurotrail.info\/?s={search_term_string}"},"query-input":{"@type":"PropertyValueSpecification","valueRequired":true,"valueName":"search_term_string"}}],"inLanguage":"fr-FR"},{"@type":"Organization","@id":"https:\/\/eurotrail.info\/#organization","name":"Eurotrail | The way we camp!","url":"https:\/\/eurotrail.info\/","logo":{"@type":"ImageObject","inLanguage":"fr-FR","@id":"https:\/\/eurotrail.info\/#\/schema\/logo\/image\/","url":"https:\/\/eurotrail.info\/wp\/wp-content\/uploads\/2023\/07\/ET-logo-quote_NL-scaled.jpg","contentUrl":"https:\/\/eurotrail.info\/wp\/wp-content\/uploads\/2023\/07\/ET-logo-quote_NL-scaled.jpg","width":2560,"height":675,"caption":"Eurotrail | The way we camp!"},"image":{"@id":"https:\/\/eurotrail.info\/#\/schema\/logo\/image\/"}}]}},"_links":{"self":[{"href":"https:\/\/eurotrail.info\/fr\/wp-json\/wp\/v2\/product\/28741","targetHints":{"allow":["GET"]}}],"collection":[{"href":"https:\/\/eurotrail.info\/fr\/wp-json\/wp\/v2\/product"}],"about":[{"href":"https:\/\/eurotrail.info\/fr\/wp-json\/wp\/v2\/types\/product"}],"replies":[{"embeddable":true,"href":"https:\/\/eurotrail.info\/fr\/wp-json\/wp\/v2\/comments?post=28741"}],"wp:featuredmedia":[{"embeddable":true,"href":"https:\/\/eurotrail.info\/fr\/wp-json\/wp\/v2\/media\/30866"}],"wp:attachment":[{"href":"https:\/\/eurotrail.info\/fr\/wp-json\/wp\/v2\/media?parent=28741"}],"wp:term":[{"taxonomy":"product_brand","embeddable":true,"href":"https:\/\/eurotrail.info\/fr\/wp-json\/wp\/v2\/product_brand?post=28741"},{"taxonomy":"product_cat","embeddable":true,"href":"https:\/\/eurotrail.info\/fr\/wp-json\/wp\/v2\/product_cat?post=28741"},{"taxonomy":"product_tag","embeddable":true,"href":"https:\/\/eurotrail.info\/fr\/wp-json\/wp\/v2\/product_tag?post=28741"}],"curies":[{"name":"wp","href":"https:\/\/api.w.org\/{rel}","templated":true}]}}