{"id":29475,"date":"2026-02-03T10:27:16","date_gmt":"2026-02-03T09:27:16","guid":{"rendered":"https:\/\/eurotrail.info\/?post_type=product&#038;p=29475"},"modified":"2026-03-19T12:04:04","modified_gmt":"2026-03-19T11:04:04","slug":"pompe-a-compresseur-rechargeable-gonfler-les-tentes","status":"publish","type":"product","link":"https:\/\/eurotrail.info\/fr\/producten\/accessoires-fr\/pompes\/pompe-a-compresseur-rechargeable-gonfler-les-tentes\/","title":{"rendered":"Pompe \u00e0 compresseur rechargeable gonfler les tentes"},"content":{"rendered":"<p>Pompe \u00e0 haute pression compacte<\/p>\n<p>Pompe \u00e0 compresseur sp\u00e9ciale, rechargeable et tr\u00e8s compacte, id\u00e9ale pour gonfler les tentes. Il suffit de visser la pompe sur la valve, puis de gonfler la chambre \u00e0 air. D\u00e8s que la pression maximale (6PSI) est atteinte, la pompe s&#8217;arr\u00eate automatiquement.<\/p>\n<p>La pompe est tr\u00e8s compacte, rechargeable et tr\u00e8s maniable ! (elle n&#8217;est pas \u00e9quip\u00e9e d&#8217;une soupape de surpression).<\/p>\n<p>Raccord de valve\u00a0: \u00d8 22,5 mm<br \/>\nPression d&#8217;air\u00a0: 6 PSI<br \/>\nPuissance\u00a0: 23 W<br \/>\nBatterie lithium\u00a0: 2\u00a0000 mAh, 7,4 V CC \/ 5 V &#8211; 1 A<br \/>\nChargement\u00a0: USB-C<br \/>\nD\u00e9bit d&#8217;air\u00a0: 30 litres\/min<br \/>\nNiveau sonore\u00a0: inf\u00e9rieur \u00e0 80 dB<br \/>\nDimensions\u00a0: 16 \u00d7 8,5 \u00d7 8 cm<br \/>\nMat\u00e9riau\u00a0: ABS<br \/>\nPoids\u00a0: 600 g<br \/>\nAutonomie\u00a0: 25 \u00e0 30 minutes<br \/>\nTemps de charge\u00a0: 3 \u00e0 4 heures<\/p>\n","protected":false},"excerpt":{"rendered":"<p>Pompe \u00e0 haute pression compacte Pompe \u00e0 compresseur sp\u00e9ciale, rechargeable et tr\u00e8s compacte, id\u00e9ale pour gonfler les tentes. Il suffit de visser la pompe sur&hellip;<\/p>\n","protected":false},"featured_media":29470,"comment_status":"open","ping_status":"closed","template":"","meta":{"_acf_changed":false},"product_brand":[],"product_cat":[234,276],"product_tag":[],"class_list":{"0":"post-29475","1":"product","2":"type-product","3":"status-publish","4":"has-post-thumbnail","6":"product_cat-pompes","7":"product_cat-tentes-gonflables-airtube","9":"first","10":"instock","11":"shipping-taxable","12":"product-type-simple"},"acf":[],"yoast_head":"<!-- This site is optimized with the Yoast SEO plugin v27.3 - https:\/\/yoast.com\/product\/yoast-seo-wordpress\/ -->\n<title>Pompe \u00e0 compresseur rechargeable gonfler les tentes - Eurotrail | The way we camp!<\/title>\n<meta name=\"description\" content=\"Pompe \u00e0 compresseur sp\u00e9ciale, rechargeable et tr\u00e8s compacte, id\u00e9ale pour gonfler les tentes. Il suffit de visser la pompe sur la valve, puis de gonfler la chambre \u00e0 air.\" \/>\n<meta name=\"robots\" content=\"index, follow, max-snippet:-1, max-image-preview:large, max-video-preview:-1\" \/>\n<link rel=\"canonical\" href=\"https:\/\/eurotrail.info\/fr\/producten\/accessoires-fr\/pompes\/pompe-a-compresseur-rechargeable-gonfler-les-tentes\/\" \/>\n<meta property=\"og:locale\" content=\"fr_FR\" \/>\n<meta property=\"og:type\" content=\"article\" \/>\n<meta property=\"og:title\" content=\"Pompe \u00e0 compresseur rechargeable gonfler les tentes - Eurotrail | The way we camp!\" \/>\n<meta property=\"og:description\" content=\"Pompe \u00e0 compresseur sp\u00e9ciale, rechargeable et tr\u00e8s compacte, id\u00e9ale pour gonfler les tentes. Il suffit de visser la pompe sur la valve, puis de gonfler la chambre \u00e0 air.\" \/>\n<meta property=\"og:url\" content=\"https:\/\/eurotrail.info\/fr\/producten\/accessoires-fr\/pompes\/pompe-a-compresseur-rechargeable-gonfler-les-tentes\/\" \/>\n<meta property=\"og:site_name\" content=\"Eurotrail | The way we camp!\" \/>\n<meta property=\"article:modified_time\" content=\"2026-03-19T11:04:04+00:00\" \/>\n<meta property=\"og:image\" content=\"https:\/\/eurotrail.info\/wp\/wp-content\/uploads\/2026\/02\/ETIC2024-Pressure-Pump_Acc_25-scaled.jpg\" \/>\n\t<meta property=\"og:image:width\" content=\"2151\" \/>\n\t<meta property=\"og:image:height\" content=\"2560\" \/>\n\t<meta property=\"og:image:type\" content=\"image\/jpeg\" \/>\n<meta name=\"twitter:card\" content=\"summary_large_image\" \/>\n<meta name=\"twitter:label1\" content=\"Dur\u00e9e de lecture estim\u00e9e\" \/>\n\t<meta name=\"twitter:data1\" content=\"1 minute\" \/>\n<script type=\"application\/ld+json\" class=\"yoast-schema-graph\">{\"@context\":\"https:\\\/\\\/schema.org\",\"@graph\":[{\"@type\":\"WebPage\",\"@id\":\"https:\\\/\\\/eurotrail.info\\\/fr\\\/producten\\\/accessoires-fr\\\/pompes\\\/pompe-a-compresseur-rechargeable-gonfler-les-tentes\\\/\",\"url\":\"https:\\\/\\\/eurotrail.info\\\/fr\\\/producten\\\/accessoires-fr\\\/pompes\\\/pompe-a-compresseur-rechargeable-gonfler-les-tentes\\\/\",\"name\":\"Pompe \u00e0 compresseur rechargeable gonfler les tentes - Eurotrail | The way we camp!\",\"isPartOf\":{\"@id\":\"https:\\\/\\\/eurotrail.info\\\/#website\"},\"primaryImageOfPage\":{\"@id\":\"https:\\\/\\\/eurotrail.info\\\/fr\\\/producten\\\/accessoires-fr\\\/pompes\\\/pompe-a-compresseur-rechargeable-gonfler-les-tentes\\\/#primaryimage\"},\"image\":{\"@id\":\"https:\\\/\\\/eurotrail.info\\\/fr\\\/producten\\\/accessoires-fr\\\/pompes\\\/pompe-a-compresseur-rechargeable-gonfler-les-tentes\\\/#primaryimage\"},\"thumbnailUrl\":\"https:\\\/\\\/eurotrail.info\\\/wp\\\/wp-content\\\/uploads\\\/2026\\\/02\\\/ETIC2024-Pressure-Pump_Acc_25-scaled.jpg\",\"datePublished\":\"2026-02-03T09:27:16+00:00\",\"dateModified\":\"2026-03-19T11:04:04+00:00\",\"description\":\"Pompe \u00e0 compresseur sp\u00e9ciale, rechargeable et tr\u00e8s compacte, id\u00e9ale pour gonfler les tentes. Il suffit de visser la pompe sur la valve, puis de gonfler la chambre \u00e0 air.\",\"breadcrumb\":{\"@id\":\"https:\\\/\\\/eurotrail.info\\\/fr\\\/producten\\\/accessoires-fr\\\/pompes\\\/pompe-a-compresseur-rechargeable-gonfler-les-tentes\\\/#breadcrumb\"},\"inLanguage\":\"fr-FR\",\"potentialAction\":[{\"@type\":\"ReadAction\",\"target\":[\"https:\\\/\\\/eurotrail.info\\\/fr\\\/producten\\\/accessoires-fr\\\/pompes\\\/pompe-a-compresseur-rechargeable-gonfler-les-tentes\\\/\"]}]},{\"@type\":\"ImageObject\",\"inLanguage\":\"fr-FR\",\"@id\":\"https:\\\/\\\/eurotrail.info\\\/fr\\\/producten\\\/accessoires-fr\\\/pompes\\\/pompe-a-compresseur-rechargeable-gonfler-les-tentes\\\/#primaryimage\",\"url\":\"https:\\\/\\\/eurotrail.info\\\/wp\\\/wp-content\\\/uploads\\\/2026\\\/02\\\/ETIC2024-Pressure-Pump_Acc_25-scaled.jpg\",\"contentUrl\":\"https:\\\/\\\/eurotrail.info\\\/wp\\\/wp-content\\\/uploads\\\/2026\\\/02\\\/ETIC2024-Pressure-Pump_Acc_25-scaled.jpg\",\"width\":2151,\"height\":2560},{\"@type\":\"BreadcrumbList\",\"@id\":\"https:\\\/\\\/eurotrail.info\\\/fr\\\/producten\\\/accessoires-fr\\\/pompes\\\/pompe-a-compresseur-rechargeable-gonfler-les-tentes\\\/#breadcrumb\",\"itemListElement\":[{\"@type\":\"ListItem\",\"position\":1,\"name\":\"Home\",\"item\":\"https:\\\/\\\/eurotrail.info\\\/fr\\\/\"},{\"@type\":\"ListItem\",\"position\":2,\"name\":\"Produits\",\"item\":\"https:\\\/\\\/eurotrail.info\\\/fr\\\/produits\\\/\"},{\"@type\":\"ListItem\",\"position\":3,\"name\":\"Pompe \u00e0 compresseur rechargeable gonfler les tentes\"}]},{\"@type\":\"WebSite\",\"@id\":\"https:\\\/\\\/eurotrail.info\\\/#website\",\"url\":\"https:\\\/\\\/eurotrail.info\\\/\",\"name\":\"Eurotrail | The way we camp!\",\"description\":\"\",\"publisher\":{\"@id\":\"https:\\\/\\\/eurotrail.info\\\/#organization\"},\"potentialAction\":[{\"@type\":\"SearchAction\",\"target\":{\"@type\":\"EntryPoint\",\"urlTemplate\":\"https:\\\/\\\/eurotrail.info\\\/?s={search_term_string}\"},\"query-input\":{\"@type\":\"PropertyValueSpecification\",\"valueRequired\":true,\"valueName\":\"search_term_string\"}}],\"inLanguage\":\"fr-FR\"},{\"@type\":\"Organization\",\"@id\":\"https:\\\/\\\/eurotrail.info\\\/#organization\",\"name\":\"Eurotrail | The way we camp!\",\"url\":\"https:\\\/\\\/eurotrail.info\\\/\",\"logo\":{\"@type\":\"ImageObject\",\"inLanguage\":\"fr-FR\",\"@id\":\"https:\\\/\\\/eurotrail.info\\\/#\\\/schema\\\/logo\\\/image\\\/\",\"url\":\"https:\\\/\\\/eurotrail.info\\\/wp\\\/wp-content\\\/uploads\\\/2023\\\/07\\\/ET-logo-quote_NL-scaled.jpg\",\"contentUrl\":\"https:\\\/\\\/eurotrail.info\\\/wp\\\/wp-content\\\/uploads\\\/2023\\\/07\\\/ET-logo-quote_NL-scaled.jpg\",\"width\":2560,\"height\":675,\"caption\":\"Eurotrail | The way we camp!\"},\"image\":{\"@id\":\"https:\\\/\\\/eurotrail.info\\\/#\\\/schema\\\/logo\\\/image\\\/\"}}]}<\/script>\n<!-- \/ Yoast SEO plugin. -->","yoast_head_json":{"title":"Pompe \u00e0 compresseur rechargeable gonfler les tentes - Eurotrail | The way we camp!","description":"Pompe \u00e0 compresseur sp\u00e9ciale, rechargeable et tr\u00e8s compacte, id\u00e9ale pour gonfler les tentes. Il suffit de visser la pompe sur la valve, puis de gonfler la chambre \u00e0 air.","robots":{"index":"index","follow":"follow","max-snippet":"max-snippet:-1","max-image-preview":"max-image-preview:large","max-video-preview":"max-video-preview:-1"},"canonical":"https:\/\/eurotrail.info\/fr\/producten\/accessoires-fr\/pompes\/pompe-a-compresseur-rechargeable-gonfler-les-tentes\/","og_locale":"fr_FR","og_type":"article","og_title":"Pompe \u00e0 compresseur rechargeable gonfler les tentes - Eurotrail | The way we camp!","og_description":"Pompe \u00e0 compresseur sp\u00e9ciale, rechargeable et tr\u00e8s compacte, id\u00e9ale pour gonfler les tentes. Il suffit de visser la pompe sur la valve, puis de gonfler la chambre \u00e0 air.","og_url":"https:\/\/eurotrail.info\/fr\/producten\/accessoires-fr\/pompes\/pompe-a-compresseur-rechargeable-gonfler-les-tentes\/","og_site_name":"Eurotrail | The way we camp!","article_modified_time":"2026-03-19T11:04:04+00:00","og_image":[{"width":2151,"height":2560,"url":"https:\/\/eurotrail.info\/wp\/wp-content\/uploads\/2026\/02\/ETIC2024-Pressure-Pump_Acc_25-scaled.jpg","type":"image\/jpeg"}],"twitter_card":"summary_large_image","twitter_misc":{"Dur\u00e9e de lecture estim\u00e9e":"1 minute"},"schema":{"@context":"https:\/\/schema.org","@graph":[{"@type":"WebPage","@id":"https:\/\/eurotrail.info\/fr\/producten\/accessoires-fr\/pompes\/pompe-a-compresseur-rechargeable-gonfler-les-tentes\/","url":"https:\/\/eurotrail.info\/fr\/producten\/accessoires-fr\/pompes\/pompe-a-compresseur-rechargeable-gonfler-les-tentes\/","name":"Pompe \u00e0 compresseur rechargeable gonfler les tentes - Eurotrail | The way we camp!","isPartOf":{"@id":"https:\/\/eurotrail.info\/#website"},"primaryImageOfPage":{"@id":"https:\/\/eurotrail.info\/fr\/producten\/accessoires-fr\/pompes\/pompe-a-compresseur-rechargeable-gonfler-les-tentes\/#primaryimage"},"image":{"@id":"https:\/\/eurotrail.info\/fr\/producten\/accessoires-fr\/pompes\/pompe-a-compresseur-rechargeable-gonfler-les-tentes\/#primaryimage"},"thumbnailUrl":"https:\/\/eurotrail.info\/wp\/wp-content\/uploads\/2026\/02\/ETIC2024-Pressure-Pump_Acc_25-scaled.jpg","datePublished":"2026-02-03T09:27:16+00:00","dateModified":"2026-03-19T11:04:04+00:00","description":"Pompe \u00e0 compresseur sp\u00e9ciale, rechargeable et tr\u00e8s compacte, id\u00e9ale pour gonfler les tentes. Il suffit de visser la pompe sur la valve, puis de gonfler la chambre \u00e0 air.","breadcrumb":{"@id":"https:\/\/eurotrail.info\/fr\/producten\/accessoires-fr\/pompes\/pompe-a-compresseur-rechargeable-gonfler-les-tentes\/#breadcrumb"},"inLanguage":"fr-FR","potentialAction":[{"@type":"ReadAction","target":["https:\/\/eurotrail.info\/fr\/producten\/accessoires-fr\/pompes\/pompe-a-compresseur-rechargeable-gonfler-les-tentes\/"]}]},{"@type":"ImageObject","inLanguage":"fr-FR","@id":"https:\/\/eurotrail.info\/fr\/producten\/accessoires-fr\/pompes\/pompe-a-compresseur-rechargeable-gonfler-les-tentes\/#primaryimage","url":"https:\/\/eurotrail.info\/wp\/wp-content\/uploads\/2026\/02\/ETIC2024-Pressure-Pump_Acc_25-scaled.jpg","contentUrl":"https:\/\/eurotrail.info\/wp\/wp-content\/uploads\/2026\/02\/ETIC2024-Pressure-Pump_Acc_25-scaled.jpg","width":2151,"height":2560},{"@type":"BreadcrumbList","@id":"https:\/\/eurotrail.info\/fr\/producten\/accessoires-fr\/pompes\/pompe-a-compresseur-rechargeable-gonfler-les-tentes\/#breadcrumb","itemListElement":[{"@type":"ListItem","position":1,"name":"Home","item":"https:\/\/eurotrail.info\/fr\/"},{"@type":"ListItem","position":2,"name":"Produits","item":"https:\/\/eurotrail.info\/fr\/produits\/"},{"@type":"ListItem","position":3,"name":"Pompe \u00e0 compresseur rechargeable gonfler les tentes"}]},{"@type":"WebSite","@id":"https:\/\/eurotrail.info\/#website","url":"https:\/\/eurotrail.info\/","name":"Eurotrail | The way we camp!","description":"","publisher":{"@id":"https:\/\/eurotrail.info\/#organization"},"potentialAction":[{"@type":"SearchAction","target":{"@type":"EntryPoint","urlTemplate":"https:\/\/eurotrail.info\/?s={search_term_string}"},"query-input":{"@type":"PropertyValueSpecification","valueRequired":true,"valueName":"search_term_string"}}],"inLanguage":"fr-FR"},{"@type":"Organization","@id":"https:\/\/eurotrail.info\/#organization","name":"Eurotrail | The way we camp!","url":"https:\/\/eurotrail.info\/","logo":{"@type":"ImageObject","inLanguage":"fr-FR","@id":"https:\/\/eurotrail.info\/#\/schema\/logo\/image\/","url":"https:\/\/eurotrail.info\/wp\/wp-content\/uploads\/2023\/07\/ET-logo-quote_NL-scaled.jpg","contentUrl":"https:\/\/eurotrail.info\/wp\/wp-content\/uploads\/2023\/07\/ET-logo-quote_NL-scaled.jpg","width":2560,"height":675,"caption":"Eurotrail | The way we camp!"},"image":{"@id":"https:\/\/eurotrail.info\/#\/schema\/logo\/image\/"}}]}},"_links":{"self":[{"href":"https:\/\/eurotrail.info\/fr\/wp-json\/wp\/v2\/product\/29475","targetHints":{"allow":["GET"]}}],"collection":[{"href":"https:\/\/eurotrail.info\/fr\/wp-json\/wp\/v2\/product"}],"about":[{"href":"https:\/\/eurotrail.info\/fr\/wp-json\/wp\/v2\/types\/product"}],"replies":[{"embeddable":true,"href":"https:\/\/eurotrail.info\/fr\/wp-json\/wp\/v2\/comments?post=29475"}],"wp:featuredmedia":[{"embeddable":true,"href":"https:\/\/eurotrail.info\/fr\/wp-json\/wp\/v2\/media\/29470"}],"wp:attachment":[{"href":"https:\/\/eurotrail.info\/fr\/wp-json\/wp\/v2\/media?parent=29475"}],"wp:term":[{"taxonomy":"product_brand","embeddable":true,"href":"https:\/\/eurotrail.info\/fr\/wp-json\/wp\/v2\/product_brand?post=29475"},{"taxonomy":"product_cat","embeddable":true,"href":"https:\/\/eurotrail.info\/fr\/wp-json\/wp\/v2\/product_cat?post=29475"},{"taxonomy":"product_tag","embeddable":true,"href":"https:\/\/eurotrail.info\/fr\/wp-json\/wp\/v2\/product_tag?post=29475"}],"curies":[{"name":"wp","href":"https:\/\/api.w.org\/{rel}","templated":true}]}}