{"id":9160,"date":"2016-03-30T10:40:58","date_gmt":"2016-03-30T09:40:58","guid":{"rendered":"http:\/\/eurotrail.info\/producten\/compresseur-air-tube-pompe-12v\/"},"modified":"2020-12-18T13:08:54","modified_gmt":"2020-12-18T12:08:54","slug":"compresseur-air-tube-pompe-12v","status":"publish","type":"product","link":"https:\/\/eurotrail.info\/fr\/producten\/matelas-auto-gonflables\/pompes-a-air\/compresseur-air-tube-pompe-12v\/","title":{"rendered":"Compresseur Air-Tube pompe 12V"},"content":{"rendered":"<p>Pompe pratique \u00e9quip\u00e9 d&#8217;un compresseur puissant avec suffisamment de puissance pour gonfler les conduits d&#8217;air AirTube. Facile \u00e0 utiliser et super pratique.<\/p>\n<p>La pompe est aliment\u00e9e par une prise 12V qui s&#8217;ins\u00e8re, par exemple, facilement dans l&#8217;allume-cigare de la voiture. Le long cordon d&#8217;alimentation vous permet de vous rapprocher de la tente.<br \/>\nLa pompe a un certain nombre de buses qui s&#8217;adaptent \u00e0 n&#8217;importe quelle valve sur presque tous les articles gonflables. La soupape de surpression garantit que lorsque la pression maximale (8 PSI = 0,6 bar) est atteinte, l&#8217;air peut s&#8217;\u00e9chapper et le tube ne se gonfle pas davantage. La vidange du tube peut \u00e9galement se faire via cette pompe.<\/p>\n<p>Y compris 4 adaptateurs diff\u00e9rents, un c\u00e2ble 12V et \u00e9tui de transport de luxe.<\/p>\n<p>Position 1<br \/>\nCapacit\u00e9 : 0,5 psi<br \/>\nBruit : &lt;85 dB<br \/>\nTension : 12 V \/ 110 W<br \/>\nD\u00e9bit d&#8217;air : 170 l \/ min<\/p>\n<p>Position 2<br \/>\nCapacit\u00e9 : 15 psi<br \/>\nBruit : &lt;85 dB<br \/>\nTension : 12 V \/ 180 W<br \/>\nD\u00e9bit d&#8217;air : 40 l \/ min<\/p>\n","protected":false},"excerpt":{"rendered":"<p>Pompe pratique \u00e9quip\u00e9 d&#8217;un compresseur puissant avec suffisamment de puissance pour gonfler les conduits d&#8217;air AirTube. Facile \u00e0 utiliser et super pratique. La pompe est&hellip;<\/p>\n","protected":false},"featured_media":9164,"comment_status":"open","ping_status":"closed","template":"","meta":{"_acf_changed":false},"product_brand":[],"product_cat":[242,234,270,276],"product_tag":[],"class_list":{"0":"post-9160","1":"product","2":"type-product","3":"status-publish","4":"has-post-thumbnail","6":"product_cat-accessoires-caravane","7":"product_cat-pompes","8":"product_cat-pompes-a-air","9":"product_cat-tentes-gonflables-airtube","11":"first","12":"instock","13":"shipping-taxable","14":"product-type-external"},"acf":[],"yoast_head":"<!-- This site is optimized with the Yoast SEO plugin v27.4 - https:\/\/yoast.com\/product\/yoast-seo-wordpress\/ -->\n<title>Compresseur Air-Tube pompe 12V - Eurotrail | The way we camp!<\/title>\n<meta name=\"robots\" content=\"index, follow, max-snippet:-1, max-image-preview:large, max-video-preview:-1\" \/>\n<link rel=\"canonical\" href=\"https:\/\/eurotrail.info\/fr\/producten\/matelas-auto-gonflables\/pompes-a-air\/compresseur-air-tube-pompe-12v\/\" \/>\n<meta property=\"og:locale\" content=\"fr_FR\" \/>\n<meta property=\"og:type\" content=\"article\" \/>\n<meta property=\"og:title\" content=\"Compresseur Air-Tube pompe 12V - Eurotrail | The way we camp!\" \/>\n<meta property=\"og:description\" content=\"Pompe pratique \u00e9quip\u00e9 d&#8217;un compresseur puissant avec suffisamment de puissance pour gonfler les conduits d&#8217;air AirTube. Facile \u00e0 utiliser et super pratique. La pompe est&hellip;\" \/>\n<meta property=\"og:url\" content=\"https:\/\/eurotrail.info\/fr\/producten\/matelas-auto-gonflables\/pompes-a-air\/compresseur-air-tube-pompe-12v\/\" \/>\n<meta property=\"og:site_name\" content=\"Eurotrail | The way we camp!\" \/>\n<meta property=\"article:modified_time\" content=\"2020-12-18T12:08:54+00:00\" \/>\n<meta property=\"og:image\" content=\"https:\/\/eurotrail.info\/wp\/wp-content\/uploads\/2016\/03\/ETIC2022-pressure-pump.jpg\" \/>\n\t<meta property=\"og:image:width\" content=\"2194\" \/>\n\t<meta property=\"og:image:height\" content=\"1548\" \/>\n\t<meta property=\"og:image:type\" content=\"image\/jpeg\" \/>\n<meta name=\"twitter:card\" content=\"summary_large_image\" \/>\n<meta name=\"twitter:label1\" content=\"Dur\u00e9e de lecture estim\u00e9e\" \/>\n\t<meta name=\"twitter:data1\" content=\"1 minute\" \/>\n<script type=\"application\/ld+json\" class=\"yoast-schema-graph\">{\"@context\":\"https:\\\/\\\/schema.org\",\"@graph\":[{\"@type\":\"WebPage\",\"@id\":\"https:\\\/\\\/eurotrail.info\\\/fr\\\/producten\\\/matelas-auto-gonflables\\\/pompes-a-air\\\/compresseur-air-tube-pompe-12v\\\/\",\"url\":\"https:\\\/\\\/eurotrail.info\\\/fr\\\/producten\\\/matelas-auto-gonflables\\\/pompes-a-air\\\/compresseur-air-tube-pompe-12v\\\/\",\"name\":\"Compresseur Air-Tube pompe 12V - Eurotrail | The way we camp!\",\"isPartOf\":{\"@id\":\"https:\\\/\\\/eurotrail.info\\\/#website\"},\"primaryImageOfPage\":{\"@id\":\"https:\\\/\\\/eurotrail.info\\\/fr\\\/producten\\\/matelas-auto-gonflables\\\/pompes-a-air\\\/compresseur-air-tube-pompe-12v\\\/#primaryimage\"},\"image\":{\"@id\":\"https:\\\/\\\/eurotrail.info\\\/fr\\\/producten\\\/matelas-auto-gonflables\\\/pompes-a-air\\\/compresseur-air-tube-pompe-12v\\\/#primaryimage\"},\"thumbnailUrl\":\"https:\\\/\\\/eurotrail.info\\\/wp\\\/wp-content\\\/uploads\\\/2016\\\/03\\\/ETIC2022-pressure-pump.jpg\",\"datePublished\":\"2016-03-30T09:40:58+00:00\",\"dateModified\":\"2020-12-18T12:08:54+00:00\",\"breadcrumb\":{\"@id\":\"https:\\\/\\\/eurotrail.info\\\/fr\\\/producten\\\/matelas-auto-gonflables\\\/pompes-a-air\\\/compresseur-air-tube-pompe-12v\\\/#breadcrumb\"},\"inLanguage\":\"fr-FR\",\"potentialAction\":[{\"@type\":\"ReadAction\",\"target\":[\"https:\\\/\\\/eurotrail.info\\\/fr\\\/producten\\\/matelas-auto-gonflables\\\/pompes-a-air\\\/compresseur-air-tube-pompe-12v\\\/\"]}]},{\"@type\":\"ImageObject\",\"inLanguage\":\"fr-FR\",\"@id\":\"https:\\\/\\\/eurotrail.info\\\/fr\\\/producten\\\/matelas-auto-gonflables\\\/pompes-a-air\\\/compresseur-air-tube-pompe-12v\\\/#primaryimage\",\"url\":\"https:\\\/\\\/eurotrail.info\\\/wp\\\/wp-content\\\/uploads\\\/2016\\\/03\\\/ETIC2022-pressure-pump.jpg\",\"contentUrl\":\"https:\\\/\\\/eurotrail.info\\\/wp\\\/wp-content\\\/uploads\\\/2016\\\/03\\\/ETIC2022-pressure-pump.jpg\",\"width\":2194,\"height\":1548,\"caption\":\"Compresseur Air-Tube pompe 12V\"},{\"@type\":\"BreadcrumbList\",\"@id\":\"https:\\\/\\\/eurotrail.info\\\/fr\\\/producten\\\/matelas-auto-gonflables\\\/pompes-a-air\\\/compresseur-air-tube-pompe-12v\\\/#breadcrumb\",\"itemListElement\":[{\"@type\":\"ListItem\",\"position\":1,\"name\":\"Home\",\"item\":\"https:\\\/\\\/eurotrail.info\\\/fr\\\/\"},{\"@type\":\"ListItem\",\"position\":2,\"name\":\"Produits\",\"item\":\"https:\\\/\\\/eurotrail.info\\\/fr\\\/produits\\\/\"},{\"@type\":\"ListItem\",\"position\":3,\"name\":\"Compresseur Air-Tube pompe 12V\"}]},{\"@type\":\"WebSite\",\"@id\":\"https:\\\/\\\/eurotrail.info\\\/#website\",\"url\":\"https:\\\/\\\/eurotrail.info\\\/\",\"name\":\"Eurotrail | The way we camp!\",\"description\":\"\",\"publisher\":{\"@id\":\"https:\\\/\\\/eurotrail.info\\\/#organization\"},\"potentialAction\":[{\"@type\":\"SearchAction\",\"target\":{\"@type\":\"EntryPoint\",\"urlTemplate\":\"https:\\\/\\\/eurotrail.info\\\/?s={search_term_string}\"},\"query-input\":{\"@type\":\"PropertyValueSpecification\",\"valueRequired\":true,\"valueName\":\"search_term_string\"}}],\"inLanguage\":\"fr-FR\"},{\"@type\":\"Organization\",\"@id\":\"https:\\\/\\\/eurotrail.info\\\/#organization\",\"name\":\"Eurotrail | The way we camp!\",\"url\":\"https:\\\/\\\/eurotrail.info\\\/\",\"logo\":{\"@type\":\"ImageObject\",\"inLanguage\":\"fr-FR\",\"@id\":\"https:\\\/\\\/eurotrail.info\\\/#\\\/schema\\\/logo\\\/image\\\/\",\"url\":\"https:\\\/\\\/eurotrail.info\\\/wp\\\/wp-content\\\/uploads\\\/2023\\\/07\\\/ET-logo-quote_NL-scaled.jpg\",\"contentUrl\":\"https:\\\/\\\/eurotrail.info\\\/wp\\\/wp-content\\\/uploads\\\/2023\\\/07\\\/ET-logo-quote_NL-scaled.jpg\",\"width\":2560,\"height\":675,\"caption\":\"Eurotrail | The way we camp!\"},\"image\":{\"@id\":\"https:\\\/\\\/eurotrail.info\\\/#\\\/schema\\\/logo\\\/image\\\/\"}}]}<\/script>\n<!-- \/ Yoast SEO plugin. -->","yoast_head_json":{"title":"Compresseur Air-Tube pompe 12V - Eurotrail | The way we camp!","robots":{"index":"index","follow":"follow","max-snippet":"max-snippet:-1","max-image-preview":"max-image-preview:large","max-video-preview":"max-video-preview:-1"},"canonical":"https:\/\/eurotrail.info\/fr\/producten\/matelas-auto-gonflables\/pompes-a-air\/compresseur-air-tube-pompe-12v\/","og_locale":"fr_FR","og_type":"article","og_title":"Compresseur Air-Tube pompe 12V - Eurotrail | The way we camp!","og_description":"Pompe pratique \u00e9quip\u00e9 d&#8217;un compresseur puissant avec suffisamment de puissance pour gonfler les conduits d&#8217;air AirTube. Facile \u00e0 utiliser et super pratique. La pompe est&hellip;","og_url":"https:\/\/eurotrail.info\/fr\/producten\/matelas-auto-gonflables\/pompes-a-air\/compresseur-air-tube-pompe-12v\/","og_site_name":"Eurotrail | The way we camp!","article_modified_time":"2020-12-18T12:08:54+00:00","og_image":[{"width":2194,"height":1548,"url":"https:\/\/eurotrail.info\/wp\/wp-content\/uploads\/2016\/03\/ETIC2022-pressure-pump.jpg","type":"image\/jpeg"}],"twitter_card":"summary_large_image","twitter_misc":{"Dur\u00e9e de lecture estim\u00e9e":"1 minute"},"schema":{"@context":"https:\/\/schema.org","@graph":[{"@type":"WebPage","@id":"https:\/\/eurotrail.info\/fr\/producten\/matelas-auto-gonflables\/pompes-a-air\/compresseur-air-tube-pompe-12v\/","url":"https:\/\/eurotrail.info\/fr\/producten\/matelas-auto-gonflables\/pompes-a-air\/compresseur-air-tube-pompe-12v\/","name":"Compresseur Air-Tube pompe 12V - Eurotrail | The way we camp!","isPartOf":{"@id":"https:\/\/eurotrail.info\/#website"},"primaryImageOfPage":{"@id":"https:\/\/eurotrail.info\/fr\/producten\/matelas-auto-gonflables\/pompes-a-air\/compresseur-air-tube-pompe-12v\/#primaryimage"},"image":{"@id":"https:\/\/eurotrail.info\/fr\/producten\/matelas-auto-gonflables\/pompes-a-air\/compresseur-air-tube-pompe-12v\/#primaryimage"},"thumbnailUrl":"https:\/\/eurotrail.info\/wp\/wp-content\/uploads\/2016\/03\/ETIC2022-pressure-pump.jpg","datePublished":"2016-03-30T09:40:58+00:00","dateModified":"2020-12-18T12:08:54+00:00","breadcrumb":{"@id":"https:\/\/eurotrail.info\/fr\/producten\/matelas-auto-gonflables\/pompes-a-air\/compresseur-air-tube-pompe-12v\/#breadcrumb"},"inLanguage":"fr-FR","potentialAction":[{"@type":"ReadAction","target":["https:\/\/eurotrail.info\/fr\/producten\/matelas-auto-gonflables\/pompes-a-air\/compresseur-air-tube-pompe-12v\/"]}]},{"@type":"ImageObject","inLanguage":"fr-FR","@id":"https:\/\/eurotrail.info\/fr\/producten\/matelas-auto-gonflables\/pompes-a-air\/compresseur-air-tube-pompe-12v\/#primaryimage","url":"https:\/\/eurotrail.info\/wp\/wp-content\/uploads\/2016\/03\/ETIC2022-pressure-pump.jpg","contentUrl":"https:\/\/eurotrail.info\/wp\/wp-content\/uploads\/2016\/03\/ETIC2022-pressure-pump.jpg","width":2194,"height":1548,"caption":"Compresseur Air-Tube pompe 12V"},{"@type":"BreadcrumbList","@id":"https:\/\/eurotrail.info\/fr\/producten\/matelas-auto-gonflables\/pompes-a-air\/compresseur-air-tube-pompe-12v\/#breadcrumb","itemListElement":[{"@type":"ListItem","position":1,"name":"Home","item":"https:\/\/eurotrail.info\/fr\/"},{"@type":"ListItem","position":2,"name":"Produits","item":"https:\/\/eurotrail.info\/fr\/produits\/"},{"@type":"ListItem","position":3,"name":"Compresseur Air-Tube pompe 12V"}]},{"@type":"WebSite","@id":"https:\/\/eurotrail.info\/#website","url":"https:\/\/eurotrail.info\/","name":"Eurotrail | The way we camp!","description":"","publisher":{"@id":"https:\/\/eurotrail.info\/#organization"},"potentialAction":[{"@type":"SearchAction","target":{"@type":"EntryPoint","urlTemplate":"https:\/\/eurotrail.info\/?s={search_term_string}"},"query-input":{"@type":"PropertyValueSpecification","valueRequired":true,"valueName":"search_term_string"}}],"inLanguage":"fr-FR"},{"@type":"Organization","@id":"https:\/\/eurotrail.info\/#organization","name":"Eurotrail | The way we camp!","url":"https:\/\/eurotrail.info\/","logo":{"@type":"ImageObject","inLanguage":"fr-FR","@id":"https:\/\/eurotrail.info\/#\/schema\/logo\/image\/","url":"https:\/\/eurotrail.info\/wp\/wp-content\/uploads\/2023\/07\/ET-logo-quote_NL-scaled.jpg","contentUrl":"https:\/\/eurotrail.info\/wp\/wp-content\/uploads\/2023\/07\/ET-logo-quote_NL-scaled.jpg","width":2560,"height":675,"caption":"Eurotrail | The way we camp!"},"image":{"@id":"https:\/\/eurotrail.info\/#\/schema\/logo\/image\/"}}]}},"_links":{"self":[{"href":"https:\/\/eurotrail.info\/fr\/wp-json\/wp\/v2\/product\/9160","targetHints":{"allow":["GET"]}}],"collection":[{"href":"https:\/\/eurotrail.info\/fr\/wp-json\/wp\/v2\/product"}],"about":[{"href":"https:\/\/eurotrail.info\/fr\/wp-json\/wp\/v2\/types\/product"}],"replies":[{"embeddable":true,"href":"https:\/\/eurotrail.info\/fr\/wp-json\/wp\/v2\/comments?post=9160"}],"wp:featuredmedia":[{"embeddable":true,"href":"https:\/\/eurotrail.info\/fr\/wp-json\/wp\/v2\/media\/9164"}],"wp:attachment":[{"href":"https:\/\/eurotrail.info\/fr\/wp-json\/wp\/v2\/media?parent=9160"}],"wp:term":[{"taxonomy":"product_brand","embeddable":true,"href":"https:\/\/eurotrail.info\/fr\/wp-json\/wp\/v2\/product_brand?post=9160"},{"taxonomy":"product_cat","embeddable":true,"href":"https:\/\/eurotrail.info\/fr\/wp-json\/wp\/v2\/product_cat?post=9160"},{"taxonomy":"product_tag","embeddable":true,"href":"https:\/\/eurotrail.info\/fr\/wp-json\/wp\/v2\/product_tag?post=9160"}],"curies":[{"name":"wp","href":"https:\/\/api.w.org\/{rel}","templated":true}]}}