{"id":9167,"date":"2016-04-13T15:17:46","date_gmt":"2016-04-13T14:17:46","guid":{"rendered":"http:\/\/eurotrail.info\/producten\/housse-pour-caravane\/"},"modified":"2020-11-26T08:49:34","modified_gmt":"2020-11-26T07:49:34","slug":"housse-pour-caravane","status":"publish","type":"product","link":"https:\/\/eurotrail.info\/fr\/producten\/housses-de-caravane\/housses-de-protection-caravane\/housse-pour-caravane\/","title":{"rendered":"Housse pour caravane"},"content":{"rendered":"<p>Housse de protection pour caravane en mat\u00e9riau SFS-3 de 160 grammes.<br \/>\nLa meilleure protection contre toutes les conditions m\u00e9t\u00e9orologiques de l&#8217;ext\u00e9rieur, mais \u00e9galement id\u00e9ale pour une utilisation en stockage d&#8217;hiver.<br \/>\nAu moyen de fermetures \u00e9clair sur le c\u00f4t\u00e9, la caravane reste accessible. Disponible en diff\u00e9rentes tailles et complet avec sangles de montage.<\/p>\n<p>Les couvertures font 250 cm de large et pour les caravanes jusqu&#8217;\u00e0 220 cm de haut. Avec les sangles incluses, vous pouvez facilement serrer le couvercle pour qu&#8217;il s&#8217;adapte bien au-dessus de la caravane.<\/p>\n<p>(Remarque: si vous avez un porte-v\u00e9los \u00e0 l&#8217;arri\u00e8re de la caravane, il est pr\u00e9f\u00e9rable de prendre une taille plus grande.)<\/p>\n<p>Art. La longueur du corps<\/p>\n<p>ETCC0011 400-450cm<br \/>\nETCC0016 450-500cm<br \/>\nETCC0021 500-550cm<br \/>\nETCC0026 550-600cm<br \/>\nETCC0031 600-650cm<br \/>\nETCC0036 650-700cm<br \/>\nETCC0041 700-750cm<br \/>\nETCC0046 750-800cm<br \/>\nETCC0051 800-850cm<\/p>\n","protected":false},"excerpt":{"rendered":"<p>Housse de protection pour caravane en mat\u00e9riau SFS-3 de 160 grammes. La meilleure protection contre toutes les conditions m\u00e9t\u00e9orologiques de l&#8217;ext\u00e9rieur, mais \u00e9galement id\u00e9ale pour&hellip;<\/p>\n","protected":false},"featured_media":9168,"comment_status":"open","ping_status":"closed","template":"","meta":{"_acf_changed":false},"product_brand":[],"product_cat":[236],"product_tag":[],"class_list":{"0":"post-9167","1":"product","2":"type-product","3":"status-publish","4":"has-post-thumbnail","6":"product_cat-housses-de-protection-caravane","8":"first","9":"instock","10":"shipping-taxable","11":"product-type-simple"},"acf":[],"yoast_head":"<!-- This site is optimized with the Yoast SEO plugin v27.3 - https:\/\/yoast.com\/product\/yoast-seo-wordpress\/ -->\n<title>Housse pour caravane - Eurotrail | The way we camp!<\/title>\n<meta name=\"robots\" content=\"index, follow, max-snippet:-1, max-image-preview:large, max-video-preview:-1\" \/>\n<link rel=\"canonical\" href=\"https:\/\/eurotrail.info\/fr\/producten\/housses-de-caravane\/housses-de-protection-caravane\/housse-pour-caravane\/\" \/>\n<meta property=\"og:locale\" content=\"fr_FR\" \/>\n<meta property=\"og:type\" content=\"article\" \/>\n<meta property=\"og:title\" content=\"Housse pour caravane - Eurotrail | The way we camp!\" \/>\n<meta property=\"og:description\" content=\"Housse de protection pour caravane en mat\u00e9riau SFS-3 de 160 grammes. La meilleure protection contre toutes les conditions m\u00e9t\u00e9orologiques de l&#8217;ext\u00e9rieur, mais \u00e9galement id\u00e9ale pour&hellip;\" \/>\n<meta property=\"og:url\" content=\"https:\/\/eurotrail.info\/fr\/producten\/housses-de-caravane\/housses-de-protection-caravane\/housse-pour-caravane\/\" \/>\n<meta property=\"og:site_name\" content=\"Eurotrail | The way we camp!\" \/>\n<meta property=\"article:modified_time\" content=\"2020-11-26T07:49:34+00:00\" \/>\n<meta property=\"og:image\" content=\"https:\/\/eurotrail.info\/wp\/wp-content\/uploads\/2016\/04\/ETCC0011-Caravan-cover.jpg\" \/>\n\t<meta property=\"og:image:width\" content=\"482\" \/>\n\t<meta property=\"og:image:height\" content=\"340\" \/>\n\t<meta property=\"og:image:type\" content=\"image\/jpeg\" \/>\n<meta name=\"twitter:card\" content=\"summary_large_image\" \/>\n<meta name=\"twitter:label1\" content=\"Dur\u00e9e de lecture estim\u00e9e\" \/>\n\t<meta name=\"twitter:data1\" content=\"1 minute\" \/>\n<script type=\"application\/ld+json\" class=\"yoast-schema-graph\">{\"@context\":\"https:\\\/\\\/schema.org\",\"@graph\":[{\"@type\":\"WebPage\",\"@id\":\"https:\\\/\\\/eurotrail.info\\\/fr\\\/producten\\\/housses-de-caravane\\\/housses-de-protection-caravane\\\/housse-pour-caravane\\\/\",\"url\":\"https:\\\/\\\/eurotrail.info\\\/fr\\\/producten\\\/housses-de-caravane\\\/housses-de-protection-caravane\\\/housse-pour-caravane\\\/\",\"name\":\"Housse pour caravane - Eurotrail | The way we camp!\",\"isPartOf\":{\"@id\":\"https:\\\/\\\/eurotrail.info\\\/#website\"},\"primaryImageOfPage\":{\"@id\":\"https:\\\/\\\/eurotrail.info\\\/fr\\\/producten\\\/housses-de-caravane\\\/housses-de-protection-caravane\\\/housse-pour-caravane\\\/#primaryimage\"},\"image\":{\"@id\":\"https:\\\/\\\/eurotrail.info\\\/fr\\\/producten\\\/housses-de-caravane\\\/housses-de-protection-caravane\\\/housse-pour-caravane\\\/#primaryimage\"},\"thumbnailUrl\":\"https:\\\/\\\/eurotrail.info\\\/wp\\\/wp-content\\\/uploads\\\/2016\\\/04\\\/ETCC0011-Caravan-cover.jpg\",\"datePublished\":\"2016-04-13T14:17:46+00:00\",\"dateModified\":\"2020-11-26T07:49:34+00:00\",\"breadcrumb\":{\"@id\":\"https:\\\/\\\/eurotrail.info\\\/fr\\\/producten\\\/housses-de-caravane\\\/housses-de-protection-caravane\\\/housse-pour-caravane\\\/#breadcrumb\"},\"inLanguage\":\"fr-FR\",\"potentialAction\":[{\"@type\":\"ReadAction\",\"target\":[\"https:\\\/\\\/eurotrail.info\\\/fr\\\/producten\\\/housses-de-caravane\\\/housses-de-protection-caravane\\\/housse-pour-caravane\\\/\"]}]},{\"@type\":\"ImageObject\",\"inLanguage\":\"fr-FR\",\"@id\":\"https:\\\/\\\/eurotrail.info\\\/fr\\\/producten\\\/housses-de-caravane\\\/housses-de-protection-caravane\\\/housse-pour-caravane\\\/#primaryimage\",\"url\":\"https:\\\/\\\/eurotrail.info\\\/wp\\\/wp-content\\\/uploads\\\/2016\\\/04\\\/ETCC0011-Caravan-cover.jpg\",\"contentUrl\":\"https:\\\/\\\/eurotrail.info\\\/wp\\\/wp-content\\\/uploads\\\/2016\\\/04\\\/ETCC0011-Caravan-cover.jpg\",\"width\":482,\"height\":340,\"caption\":\"Housse pour caravane\"},{\"@type\":\"BreadcrumbList\",\"@id\":\"https:\\\/\\\/eurotrail.info\\\/fr\\\/producten\\\/housses-de-caravane\\\/housses-de-protection-caravane\\\/housse-pour-caravane\\\/#breadcrumb\",\"itemListElement\":[{\"@type\":\"ListItem\",\"position\":1,\"name\":\"Home\",\"item\":\"https:\\\/\\\/eurotrail.info\\\/fr\\\/\"},{\"@type\":\"ListItem\",\"position\":2,\"name\":\"Produits\",\"item\":\"https:\\\/\\\/eurotrail.info\\\/fr\\\/produits\\\/\"},{\"@type\":\"ListItem\",\"position\":3,\"name\":\"Housse pour caravane\"}]},{\"@type\":\"WebSite\",\"@id\":\"https:\\\/\\\/eurotrail.info\\\/#website\",\"url\":\"https:\\\/\\\/eurotrail.info\\\/\",\"name\":\"Eurotrail | The way we camp!\",\"description\":\"\",\"publisher\":{\"@id\":\"https:\\\/\\\/eurotrail.info\\\/#organization\"},\"potentialAction\":[{\"@type\":\"SearchAction\",\"target\":{\"@type\":\"EntryPoint\",\"urlTemplate\":\"https:\\\/\\\/eurotrail.info\\\/?s={search_term_string}\"},\"query-input\":{\"@type\":\"PropertyValueSpecification\",\"valueRequired\":true,\"valueName\":\"search_term_string\"}}],\"inLanguage\":\"fr-FR\"},{\"@type\":\"Organization\",\"@id\":\"https:\\\/\\\/eurotrail.info\\\/#organization\",\"name\":\"Eurotrail | The way we camp!\",\"url\":\"https:\\\/\\\/eurotrail.info\\\/\",\"logo\":{\"@type\":\"ImageObject\",\"inLanguage\":\"fr-FR\",\"@id\":\"https:\\\/\\\/eurotrail.info\\\/#\\\/schema\\\/logo\\\/image\\\/\",\"url\":\"https:\\\/\\\/eurotrail.info\\\/wp\\\/wp-content\\\/uploads\\\/2023\\\/07\\\/ET-logo-quote_NL-scaled.jpg\",\"contentUrl\":\"https:\\\/\\\/eurotrail.info\\\/wp\\\/wp-content\\\/uploads\\\/2023\\\/07\\\/ET-logo-quote_NL-scaled.jpg\",\"width\":2560,\"height\":675,\"caption\":\"Eurotrail | The way we camp!\"},\"image\":{\"@id\":\"https:\\\/\\\/eurotrail.info\\\/#\\\/schema\\\/logo\\\/image\\\/\"}}]}<\/script>\n<!-- \/ Yoast SEO plugin. -->","yoast_head_json":{"title":"Housse pour caravane - Eurotrail | The way we camp!","robots":{"index":"index","follow":"follow","max-snippet":"max-snippet:-1","max-image-preview":"max-image-preview:large","max-video-preview":"max-video-preview:-1"},"canonical":"https:\/\/eurotrail.info\/fr\/producten\/housses-de-caravane\/housses-de-protection-caravane\/housse-pour-caravane\/","og_locale":"fr_FR","og_type":"article","og_title":"Housse pour caravane - Eurotrail | The way we camp!","og_description":"Housse de protection pour caravane en mat\u00e9riau SFS-3 de 160 grammes. La meilleure protection contre toutes les conditions m\u00e9t\u00e9orologiques de l&#8217;ext\u00e9rieur, mais \u00e9galement id\u00e9ale pour&hellip;","og_url":"https:\/\/eurotrail.info\/fr\/producten\/housses-de-caravane\/housses-de-protection-caravane\/housse-pour-caravane\/","og_site_name":"Eurotrail | The way we camp!","article_modified_time":"2020-11-26T07:49:34+00:00","og_image":[{"width":482,"height":340,"url":"https:\/\/eurotrail.info\/wp\/wp-content\/uploads\/2016\/04\/ETCC0011-Caravan-cover.jpg","type":"image\/jpeg"}],"twitter_card":"summary_large_image","twitter_misc":{"Dur\u00e9e de lecture estim\u00e9e":"1 minute"},"schema":{"@context":"https:\/\/schema.org","@graph":[{"@type":"WebPage","@id":"https:\/\/eurotrail.info\/fr\/producten\/housses-de-caravane\/housses-de-protection-caravane\/housse-pour-caravane\/","url":"https:\/\/eurotrail.info\/fr\/producten\/housses-de-caravane\/housses-de-protection-caravane\/housse-pour-caravane\/","name":"Housse pour caravane - Eurotrail | The way we camp!","isPartOf":{"@id":"https:\/\/eurotrail.info\/#website"},"primaryImageOfPage":{"@id":"https:\/\/eurotrail.info\/fr\/producten\/housses-de-caravane\/housses-de-protection-caravane\/housse-pour-caravane\/#primaryimage"},"image":{"@id":"https:\/\/eurotrail.info\/fr\/producten\/housses-de-caravane\/housses-de-protection-caravane\/housse-pour-caravane\/#primaryimage"},"thumbnailUrl":"https:\/\/eurotrail.info\/wp\/wp-content\/uploads\/2016\/04\/ETCC0011-Caravan-cover.jpg","datePublished":"2016-04-13T14:17:46+00:00","dateModified":"2020-11-26T07:49:34+00:00","breadcrumb":{"@id":"https:\/\/eurotrail.info\/fr\/producten\/housses-de-caravane\/housses-de-protection-caravane\/housse-pour-caravane\/#breadcrumb"},"inLanguage":"fr-FR","potentialAction":[{"@type":"ReadAction","target":["https:\/\/eurotrail.info\/fr\/producten\/housses-de-caravane\/housses-de-protection-caravane\/housse-pour-caravane\/"]}]},{"@type":"ImageObject","inLanguage":"fr-FR","@id":"https:\/\/eurotrail.info\/fr\/producten\/housses-de-caravane\/housses-de-protection-caravane\/housse-pour-caravane\/#primaryimage","url":"https:\/\/eurotrail.info\/wp\/wp-content\/uploads\/2016\/04\/ETCC0011-Caravan-cover.jpg","contentUrl":"https:\/\/eurotrail.info\/wp\/wp-content\/uploads\/2016\/04\/ETCC0011-Caravan-cover.jpg","width":482,"height":340,"caption":"Housse pour caravane"},{"@type":"BreadcrumbList","@id":"https:\/\/eurotrail.info\/fr\/producten\/housses-de-caravane\/housses-de-protection-caravane\/housse-pour-caravane\/#breadcrumb","itemListElement":[{"@type":"ListItem","position":1,"name":"Home","item":"https:\/\/eurotrail.info\/fr\/"},{"@type":"ListItem","position":2,"name":"Produits","item":"https:\/\/eurotrail.info\/fr\/produits\/"},{"@type":"ListItem","position":3,"name":"Housse pour caravane"}]},{"@type":"WebSite","@id":"https:\/\/eurotrail.info\/#website","url":"https:\/\/eurotrail.info\/","name":"Eurotrail | The way we camp!","description":"","publisher":{"@id":"https:\/\/eurotrail.info\/#organization"},"potentialAction":[{"@type":"SearchAction","target":{"@type":"EntryPoint","urlTemplate":"https:\/\/eurotrail.info\/?s={search_term_string}"},"query-input":{"@type":"PropertyValueSpecification","valueRequired":true,"valueName":"search_term_string"}}],"inLanguage":"fr-FR"},{"@type":"Organization","@id":"https:\/\/eurotrail.info\/#organization","name":"Eurotrail | The way we camp!","url":"https:\/\/eurotrail.info\/","logo":{"@type":"ImageObject","inLanguage":"fr-FR","@id":"https:\/\/eurotrail.info\/#\/schema\/logo\/image\/","url":"https:\/\/eurotrail.info\/wp\/wp-content\/uploads\/2023\/07\/ET-logo-quote_NL-scaled.jpg","contentUrl":"https:\/\/eurotrail.info\/wp\/wp-content\/uploads\/2023\/07\/ET-logo-quote_NL-scaled.jpg","width":2560,"height":675,"caption":"Eurotrail | The way we camp!"},"image":{"@id":"https:\/\/eurotrail.info\/#\/schema\/logo\/image\/"}}]}},"_links":{"self":[{"href":"https:\/\/eurotrail.info\/fr\/wp-json\/wp\/v2\/product\/9167","targetHints":{"allow":["GET"]}}],"collection":[{"href":"https:\/\/eurotrail.info\/fr\/wp-json\/wp\/v2\/product"}],"about":[{"href":"https:\/\/eurotrail.info\/fr\/wp-json\/wp\/v2\/types\/product"}],"replies":[{"embeddable":true,"href":"https:\/\/eurotrail.info\/fr\/wp-json\/wp\/v2\/comments?post=9167"}],"wp:featuredmedia":[{"embeddable":true,"href":"https:\/\/eurotrail.info\/fr\/wp-json\/wp\/v2\/media\/9168"}],"wp:attachment":[{"href":"https:\/\/eurotrail.info\/fr\/wp-json\/wp\/v2\/media?parent=9167"}],"wp:term":[{"taxonomy":"product_brand","embeddable":true,"href":"https:\/\/eurotrail.info\/fr\/wp-json\/wp\/v2\/product_brand?post=9167"},{"taxonomy":"product_cat","embeddable":true,"href":"https:\/\/eurotrail.info\/fr\/wp-json\/wp\/v2\/product_cat?post=9167"},{"taxonomy":"product_tag","embeddable":true,"href":"https:\/\/eurotrail.info\/fr\/wp-json\/wp\/v2\/product_tag?post=9167"}],"curies":[{"name":"wp","href":"https:\/\/api.w.org\/{rel}","templated":true}]}}