{"id":9169,"date":"2016-04-13T15:19:53","date_gmt":"2016-04-13T14:19:53","guid":{"rendered":"http:\/\/eurotrail.info\/producten\/housse-toit-de-caravane\/"},"modified":"2020-12-01T12:11:36","modified_gmt":"2020-12-01T11:11:36","slug":"housse-toit-de-caravane","status":"publish","type":"product","link":"https:\/\/eurotrail.info\/fr\/producten\/housses-de-caravane\/housses-de-protection-caravane\/housse-toit-de-caravane\/","title":{"rendered":"Housse toit de caravane"},"content":{"rendered":"<p>Housse de protection pour le toit de la caravane en mat\u00e9riau SFS-3 160 grammes. La meilleure protection contre toutes les conditions m\u00e9t\u00e9orologiques de l&#8217;ext\u00e9rieur, mais \u00e9galement id\u00e9ale pour une utilisation en stockage d&#8217;hiver.<br \/>\nLes housses ont une largeur standard de 300 cm et avec les pneus fournis, vous pouvez facilement resserrer le toit pour qu&#8217;il s&#8217;adapte bien au-dessus de la caravane.<\/p>\n<p>Mat\u00e9riau : SFS 160 gr \/ m\u00b2, construction 3 couches.<\/p>\n<p>Art.no. La longueur du corps<br \/>\nETCC0111 350-400cm<br \/>\nETCC0116 400-450cm<br \/>\nETCC0121 450-500cm<br \/>\nETCC0126 500-550cm<br \/>\nETCC0131 550-600cm<br \/>\nETCC0136 600-650cm<br \/>\nETCC0141 650-700cm<br \/>\nETCC0146 700-750cm<br \/>\nETCC0151 750-800cm<br \/>\nETCC0156 800-850cm<br \/>\nETCC0161 850-1000cm<\/p>\n","protected":false},"excerpt":{"rendered":"<p>Housse de protection pour le toit de la caravane en mat\u00e9riau SFS-3 160 grammes. La meilleure protection contre toutes les conditions m\u00e9t\u00e9orologiques de l&#8217;ext\u00e9rieur, mais&hellip;<\/p>\n","protected":false},"featured_media":9170,"comment_status":"open","ping_status":"closed","template":"","meta":{"_acf_changed":false},"product_brand":[],"product_cat":[236],"product_tag":[],"class_list":{"0":"post-9169","1":"product","2":"type-product","3":"status-publish","4":"has-post-thumbnail","6":"product_cat-housses-de-protection-caravane","8":"first","9":"instock","10":"shipping-taxable","11":"product-type-simple"},"acf":[],"yoast_head":"<!-- This site is optimized with the Yoast SEO plugin v27.3 - https:\/\/yoast.com\/product\/yoast-seo-wordpress\/ -->\n<title>Housse toit de caravane - Eurotrail | The way we camp!<\/title>\n<meta name=\"robots\" content=\"index, follow, max-snippet:-1, max-image-preview:large, max-video-preview:-1\" \/>\n<link rel=\"canonical\" href=\"https:\/\/eurotrail.info\/fr\/producten\/housses-de-caravane\/housses-de-protection-caravane\/housse-toit-de-caravane\/\" \/>\n<meta property=\"og:locale\" content=\"fr_FR\" \/>\n<meta property=\"og:type\" content=\"article\" \/>\n<meta property=\"og:title\" content=\"Housse toit de caravane - Eurotrail | The way we camp!\" \/>\n<meta property=\"og:description\" content=\"Housse de protection pour le toit de la caravane en mat\u00e9riau SFS-3 160 grammes. La meilleure protection contre toutes les conditions m\u00e9t\u00e9orologiques de l&#8217;ext\u00e9rieur, mais&hellip;\" \/>\n<meta property=\"og:url\" content=\"https:\/\/eurotrail.info\/fr\/producten\/housses-de-caravane\/housses-de-protection-caravane\/housse-toit-de-caravane\/\" \/>\n<meta property=\"og:site_name\" content=\"Eurotrail | The way we camp!\" \/>\n<meta property=\"article:modified_time\" content=\"2020-12-01T11:11:36+00:00\" \/>\n<meta property=\"og:image\" content=\"https:\/\/eurotrail.info\/wp\/wp-content\/uploads\/2016\/04\/ETCC0111-Roofcover.jpg\" \/>\n\t<meta property=\"og:image:width\" content=\"545\" \/>\n\t<meta property=\"og:image:height\" content=\"363\" \/>\n\t<meta property=\"og:image:type\" content=\"image\/jpeg\" \/>\n<meta name=\"twitter:card\" content=\"summary_large_image\" \/>\n<meta name=\"twitter:label1\" content=\"Dur\u00e9e de lecture estim\u00e9e\" \/>\n\t<meta name=\"twitter:data1\" content=\"1 minute\" \/>\n<script type=\"application\/ld+json\" class=\"yoast-schema-graph\">{\"@context\":\"https:\\\/\\\/schema.org\",\"@graph\":[{\"@type\":\"WebPage\",\"@id\":\"https:\\\/\\\/eurotrail.info\\\/fr\\\/producten\\\/housses-de-caravane\\\/housses-de-protection-caravane\\\/housse-toit-de-caravane\\\/\",\"url\":\"https:\\\/\\\/eurotrail.info\\\/fr\\\/producten\\\/housses-de-caravane\\\/housses-de-protection-caravane\\\/housse-toit-de-caravane\\\/\",\"name\":\"Housse toit de caravane - Eurotrail | The way we camp!\",\"isPartOf\":{\"@id\":\"https:\\\/\\\/eurotrail.info\\\/#website\"},\"primaryImageOfPage\":{\"@id\":\"https:\\\/\\\/eurotrail.info\\\/fr\\\/producten\\\/housses-de-caravane\\\/housses-de-protection-caravane\\\/housse-toit-de-caravane\\\/#primaryimage\"},\"image\":{\"@id\":\"https:\\\/\\\/eurotrail.info\\\/fr\\\/producten\\\/housses-de-caravane\\\/housses-de-protection-caravane\\\/housse-toit-de-caravane\\\/#primaryimage\"},\"thumbnailUrl\":\"https:\\\/\\\/eurotrail.info\\\/wp\\\/wp-content\\\/uploads\\\/2016\\\/04\\\/ETCC0111-Roofcover.jpg\",\"datePublished\":\"2016-04-13T14:19:53+00:00\",\"dateModified\":\"2020-12-01T11:11:36+00:00\",\"breadcrumb\":{\"@id\":\"https:\\\/\\\/eurotrail.info\\\/fr\\\/producten\\\/housses-de-caravane\\\/housses-de-protection-caravane\\\/housse-toit-de-caravane\\\/#breadcrumb\"},\"inLanguage\":\"fr-FR\",\"potentialAction\":[{\"@type\":\"ReadAction\",\"target\":[\"https:\\\/\\\/eurotrail.info\\\/fr\\\/producten\\\/housses-de-caravane\\\/housses-de-protection-caravane\\\/housse-toit-de-caravane\\\/\"]}]},{\"@type\":\"ImageObject\",\"inLanguage\":\"fr-FR\",\"@id\":\"https:\\\/\\\/eurotrail.info\\\/fr\\\/producten\\\/housses-de-caravane\\\/housses-de-protection-caravane\\\/housse-toit-de-caravane\\\/#primaryimage\",\"url\":\"https:\\\/\\\/eurotrail.info\\\/wp\\\/wp-content\\\/uploads\\\/2016\\\/04\\\/ETCC0111-Roofcover.jpg\",\"contentUrl\":\"https:\\\/\\\/eurotrail.info\\\/wp\\\/wp-content\\\/uploads\\\/2016\\\/04\\\/ETCC0111-Roofcover.jpg\",\"width\":545,\"height\":363,\"caption\":\"Housse toit de caravane\"},{\"@type\":\"BreadcrumbList\",\"@id\":\"https:\\\/\\\/eurotrail.info\\\/fr\\\/producten\\\/housses-de-caravane\\\/housses-de-protection-caravane\\\/housse-toit-de-caravane\\\/#breadcrumb\",\"itemListElement\":[{\"@type\":\"ListItem\",\"position\":1,\"name\":\"Home\",\"item\":\"https:\\\/\\\/eurotrail.info\\\/fr\\\/\"},{\"@type\":\"ListItem\",\"position\":2,\"name\":\"Produits\",\"item\":\"https:\\\/\\\/eurotrail.info\\\/fr\\\/produits\\\/\"},{\"@type\":\"ListItem\",\"position\":3,\"name\":\"Housse toit de caravane\"}]},{\"@type\":\"WebSite\",\"@id\":\"https:\\\/\\\/eurotrail.info\\\/#website\",\"url\":\"https:\\\/\\\/eurotrail.info\\\/\",\"name\":\"Eurotrail | The way we camp!\",\"description\":\"\",\"publisher\":{\"@id\":\"https:\\\/\\\/eurotrail.info\\\/#organization\"},\"potentialAction\":[{\"@type\":\"SearchAction\",\"target\":{\"@type\":\"EntryPoint\",\"urlTemplate\":\"https:\\\/\\\/eurotrail.info\\\/?s={search_term_string}\"},\"query-input\":{\"@type\":\"PropertyValueSpecification\",\"valueRequired\":true,\"valueName\":\"search_term_string\"}}],\"inLanguage\":\"fr-FR\"},{\"@type\":\"Organization\",\"@id\":\"https:\\\/\\\/eurotrail.info\\\/#organization\",\"name\":\"Eurotrail | The way we camp!\",\"url\":\"https:\\\/\\\/eurotrail.info\\\/\",\"logo\":{\"@type\":\"ImageObject\",\"inLanguage\":\"fr-FR\",\"@id\":\"https:\\\/\\\/eurotrail.info\\\/#\\\/schema\\\/logo\\\/image\\\/\",\"url\":\"https:\\\/\\\/eurotrail.info\\\/wp\\\/wp-content\\\/uploads\\\/2023\\\/07\\\/ET-logo-quote_NL-scaled.jpg\",\"contentUrl\":\"https:\\\/\\\/eurotrail.info\\\/wp\\\/wp-content\\\/uploads\\\/2023\\\/07\\\/ET-logo-quote_NL-scaled.jpg\",\"width\":2560,\"height\":675,\"caption\":\"Eurotrail | The way we camp!\"},\"image\":{\"@id\":\"https:\\\/\\\/eurotrail.info\\\/#\\\/schema\\\/logo\\\/image\\\/\"}}]}<\/script>\n<!-- \/ Yoast SEO plugin. -->","yoast_head_json":{"title":"Housse toit de caravane - Eurotrail | The way we camp!","robots":{"index":"index","follow":"follow","max-snippet":"max-snippet:-1","max-image-preview":"max-image-preview:large","max-video-preview":"max-video-preview:-1"},"canonical":"https:\/\/eurotrail.info\/fr\/producten\/housses-de-caravane\/housses-de-protection-caravane\/housse-toit-de-caravane\/","og_locale":"fr_FR","og_type":"article","og_title":"Housse toit de caravane - Eurotrail | The way we camp!","og_description":"Housse de protection pour le toit de la caravane en mat\u00e9riau SFS-3 160 grammes. La meilleure protection contre toutes les conditions m\u00e9t\u00e9orologiques de l&#8217;ext\u00e9rieur, mais&hellip;","og_url":"https:\/\/eurotrail.info\/fr\/producten\/housses-de-caravane\/housses-de-protection-caravane\/housse-toit-de-caravane\/","og_site_name":"Eurotrail | The way we camp!","article_modified_time":"2020-12-01T11:11:36+00:00","og_image":[{"width":545,"height":363,"url":"https:\/\/eurotrail.info\/wp\/wp-content\/uploads\/2016\/04\/ETCC0111-Roofcover.jpg","type":"image\/jpeg"}],"twitter_card":"summary_large_image","twitter_misc":{"Dur\u00e9e de lecture estim\u00e9e":"1 minute"},"schema":{"@context":"https:\/\/schema.org","@graph":[{"@type":"WebPage","@id":"https:\/\/eurotrail.info\/fr\/producten\/housses-de-caravane\/housses-de-protection-caravane\/housse-toit-de-caravane\/","url":"https:\/\/eurotrail.info\/fr\/producten\/housses-de-caravane\/housses-de-protection-caravane\/housse-toit-de-caravane\/","name":"Housse toit de caravane - Eurotrail | The way we camp!","isPartOf":{"@id":"https:\/\/eurotrail.info\/#website"},"primaryImageOfPage":{"@id":"https:\/\/eurotrail.info\/fr\/producten\/housses-de-caravane\/housses-de-protection-caravane\/housse-toit-de-caravane\/#primaryimage"},"image":{"@id":"https:\/\/eurotrail.info\/fr\/producten\/housses-de-caravane\/housses-de-protection-caravane\/housse-toit-de-caravane\/#primaryimage"},"thumbnailUrl":"https:\/\/eurotrail.info\/wp\/wp-content\/uploads\/2016\/04\/ETCC0111-Roofcover.jpg","datePublished":"2016-04-13T14:19:53+00:00","dateModified":"2020-12-01T11:11:36+00:00","breadcrumb":{"@id":"https:\/\/eurotrail.info\/fr\/producten\/housses-de-caravane\/housses-de-protection-caravane\/housse-toit-de-caravane\/#breadcrumb"},"inLanguage":"fr-FR","potentialAction":[{"@type":"ReadAction","target":["https:\/\/eurotrail.info\/fr\/producten\/housses-de-caravane\/housses-de-protection-caravane\/housse-toit-de-caravane\/"]}]},{"@type":"ImageObject","inLanguage":"fr-FR","@id":"https:\/\/eurotrail.info\/fr\/producten\/housses-de-caravane\/housses-de-protection-caravane\/housse-toit-de-caravane\/#primaryimage","url":"https:\/\/eurotrail.info\/wp\/wp-content\/uploads\/2016\/04\/ETCC0111-Roofcover.jpg","contentUrl":"https:\/\/eurotrail.info\/wp\/wp-content\/uploads\/2016\/04\/ETCC0111-Roofcover.jpg","width":545,"height":363,"caption":"Housse toit de caravane"},{"@type":"BreadcrumbList","@id":"https:\/\/eurotrail.info\/fr\/producten\/housses-de-caravane\/housses-de-protection-caravane\/housse-toit-de-caravane\/#breadcrumb","itemListElement":[{"@type":"ListItem","position":1,"name":"Home","item":"https:\/\/eurotrail.info\/fr\/"},{"@type":"ListItem","position":2,"name":"Produits","item":"https:\/\/eurotrail.info\/fr\/produits\/"},{"@type":"ListItem","position":3,"name":"Housse toit de caravane"}]},{"@type":"WebSite","@id":"https:\/\/eurotrail.info\/#website","url":"https:\/\/eurotrail.info\/","name":"Eurotrail | The way we camp!","description":"","publisher":{"@id":"https:\/\/eurotrail.info\/#organization"},"potentialAction":[{"@type":"SearchAction","target":{"@type":"EntryPoint","urlTemplate":"https:\/\/eurotrail.info\/?s={search_term_string}"},"query-input":{"@type":"PropertyValueSpecification","valueRequired":true,"valueName":"search_term_string"}}],"inLanguage":"fr-FR"},{"@type":"Organization","@id":"https:\/\/eurotrail.info\/#organization","name":"Eurotrail | The way we camp!","url":"https:\/\/eurotrail.info\/","logo":{"@type":"ImageObject","inLanguage":"fr-FR","@id":"https:\/\/eurotrail.info\/#\/schema\/logo\/image\/","url":"https:\/\/eurotrail.info\/wp\/wp-content\/uploads\/2023\/07\/ET-logo-quote_NL-scaled.jpg","contentUrl":"https:\/\/eurotrail.info\/wp\/wp-content\/uploads\/2023\/07\/ET-logo-quote_NL-scaled.jpg","width":2560,"height":675,"caption":"Eurotrail | The way we camp!"},"image":{"@id":"https:\/\/eurotrail.info\/#\/schema\/logo\/image\/"}}]}},"_links":{"self":[{"href":"https:\/\/eurotrail.info\/fr\/wp-json\/wp\/v2\/product\/9169","targetHints":{"allow":["GET"]}}],"collection":[{"href":"https:\/\/eurotrail.info\/fr\/wp-json\/wp\/v2\/product"}],"about":[{"href":"https:\/\/eurotrail.info\/fr\/wp-json\/wp\/v2\/types\/product"}],"replies":[{"embeddable":true,"href":"https:\/\/eurotrail.info\/fr\/wp-json\/wp\/v2\/comments?post=9169"}],"wp:featuredmedia":[{"embeddable":true,"href":"https:\/\/eurotrail.info\/fr\/wp-json\/wp\/v2\/media\/9170"}],"wp:attachment":[{"href":"https:\/\/eurotrail.info\/fr\/wp-json\/wp\/v2\/media?parent=9169"}],"wp:term":[{"taxonomy":"product_brand","embeddable":true,"href":"https:\/\/eurotrail.info\/fr\/wp-json\/wp\/v2\/product_brand?post=9169"},{"taxonomy":"product_cat","embeddable":true,"href":"https:\/\/eurotrail.info\/fr\/wp-json\/wp\/v2\/product_cat?post=9169"},{"taxonomy":"product_tag","embeddable":true,"href":"https:\/\/eurotrail.info\/fr\/wp-json\/wp\/v2\/product_tag?post=9169"}],"curies":[{"name":"wp","href":"https:\/\/api.w.org\/{rel}","templated":true}]}}