{"id":9272,"date":"2020-02-20T14:20:00","date_gmt":"2020-02-20T13:20:00","guid":{"rendered":"http:\/\/eurotrail.info\/producten\/tente-de-bus-ancona-air\/"},"modified":"2023-01-13T12:14:09","modified_gmt":"2023-01-13T11:14:09","slug":"tente-de-bus-ancona-air","status":"publish","type":"product","link":"https:\/\/eurotrail.info\/fr\/producten\/caravane-camping-car-bus\/tentes-de-bus\/tente-de-bus-ancona-air\/","title":{"rendered":"Tente de bus Ancona gonflable"},"content":{"rendered":"<p>L&#8217;Ancona Air est une tente autoportante \u00e9quip\u00e9e du syst\u00e8me AirTube pour une installation rapide et facile. La tente est fournie avec 3 tubes de stabilisation ou de temp\u00eate suppl\u00e9mentaires qui sont plac\u00e9s entre les Airtubes de base et offrent une stabilit\u00e9 suppl\u00e9mentaire. L&#8217;Ancona Air peut \u00eatre facilement d\u00e9connect\u00e9 du bus sans casser la tente. Cela vous permet de partir et de quitter la tente. Un c\u00f4t\u00e9 de la tente a une grande fen\u00eatre transparente avec une partie de moustiquaire et une couverture. L&#8217;autre c\u00f4t\u00e9 peut \u00eatre enti\u00e8rement enroul\u00e9 pour cr\u00e9er un petit auvent \/ terrasse et un endroit suppl\u00e9mentaire pour s&#8217;asseoir. La paroi avant avec porte d&#8217;acc\u00e8s a une grande fen\u00eatre avec couvercle et est enti\u00e8rement d\u00e9tachable. Le petit auvent \u00e0 l&#8217;avant vous prot\u00e8ge de la pluie lors de l&#8217;entr\u00e9e dans la tente et offre une ombre suppl\u00e9mentaire. Le panneau arri\u00e8re est amovible. Le tapis de sol fixe garantit que l&#8217;eau et la vermine n&#8217;ont aucune chance.<\/p>\n<p>Configuration: La tente a un double tendon d\u00e9tachable de 7,5 mm et 6 mm. La cha\u00eene de 7,5 mm est utilis\u00e9e pour le multi-rail et le 4 mm peut \u00eatre utilis\u00e9 pour fixer la tente \u00e0 la face inf\u00e9rieure du store \u00e0 cassette. La tente peut \u00e9galement \u00eatre mont\u00e9e \u00e0 l&#8217;aide des pinces de barre de toit \/ ventouse fournies (non fournies) sur le toit de la camionnette ou avec une barre de toit et un velcro attach\u00e9s \u00e0 la barre de toit de la voiture. L&#8217;Ancona Air est la tente id\u00e9ale pour une utilisation le week-end ou les courtes vacances. Incl. pompe, chevilles, cordes, barre de toit, pinces et sac de transport. Longueur du tendon 230 cm, hauteur de connexion jusqu&#8217;\u00e0 180 &#8211; 210 cm.<\/p>\n<p>Mat\u00e9riau de toit 210D, colonne d&#8217;eau 5000 mm.<br \/>\nMat\u00e9riau du mur: polyester 185T, colonne d&#8217;eau 3000 mm<br \/>\nTapis de sol: feuille PE<br \/>\nTaille: 250x200x200cm,<br \/>\nEmball\u00e9: 75x40x30cm.<br \/>\nPoids: 21,5 kg<\/p>\n","protected":false},"excerpt":{"rendered":"<p>L&#8217;Ancona Air est une tente autoportante \u00e9quip\u00e9e du syst\u00e8me AirTube pour une installation rapide et facile. La tente est fournie avec 3 tubes de stabilisation&hellip;<\/p>\n","protected":false},"featured_media":9273,"comment_status":"open","ping_status":"closed","template":"","meta":{"_acf_changed":false},"product_brand":[],"product_cat":[237,239],"product_tag":[],"class_list":{"0":"post-9272","1":"product","2":"type-product","3":"status-publish","4":"has-post-thumbnail","6":"product_cat-caravane-camping-car-bus","7":"product_cat-tentes-de-bus","9":"first","10":"instock","11":"shipping-taxable","12":"product-type-simple"},"acf":[],"yoast_head":"<!-- This site is optimized with the Yoast SEO plugin v27.4 - https:\/\/yoast.com\/product\/yoast-seo-wordpress\/ -->\n<title>Tente de bus Ancona gonflable - Eurotrail | The way we camp!<\/title>\n<meta name=\"description\" content=\"Tente autoportante \u00e9quip\u00e9e du syst\u00e8me AirTube pour un montage simple et rapide. avec 3 tubes de stabilisation ou d&#039;orage suppl\u00e9mentaires.\" \/>\n<meta name=\"robots\" content=\"index, follow, max-snippet:-1, max-image-preview:large, max-video-preview:-1\" \/>\n<link rel=\"canonical\" href=\"https:\/\/eurotrail.info\/fr\/producten\/caravane-camping-car-bus\/tentes-de-bus\/tente-de-bus-ancona-air\/\" \/>\n<meta property=\"og:locale\" content=\"fr_FR\" \/>\n<meta property=\"og:type\" content=\"article\" \/>\n<meta property=\"og:title\" content=\"Tente de bus Ancona gonflable - Eurotrail | The way we camp!\" \/>\n<meta property=\"og:description\" content=\"Tente autoportante \u00e9quip\u00e9e du syst\u00e8me AirTube pour un montage simple et rapide. avec 3 tubes de stabilisation ou d&#039;orage suppl\u00e9mentaires.\" \/>\n<meta property=\"og:url\" content=\"https:\/\/eurotrail.info\/fr\/producten\/caravane-camping-car-bus\/tentes-de-bus\/tente-de-bus-ancona-air\/\" \/>\n<meta property=\"og:site_name\" content=\"Eurotrail | The way we camp!\" \/>\n<meta property=\"article:modified_time\" content=\"2023-01-13T11:14:09+00:00\" \/>\n<meta property=\"og:image\" content=\"https:\/\/eurotrail.info\/wp\/wp-content\/uploads\/2020\/02\/ETCT0170-Ancona-19.jpg\" \/>\n\t<meta property=\"og:image:width\" content=\"1772\" \/>\n\t<meta property=\"og:image:height\" content=\"1182\" \/>\n\t<meta property=\"og:image:type\" content=\"image\/jpeg\" \/>\n<meta name=\"twitter:card\" content=\"summary_large_image\" \/>\n<meta name=\"twitter:label1\" content=\"Dur\u00e9e de lecture estim\u00e9e\" \/>\n\t<meta name=\"twitter:data1\" content=\"2 minutes\" \/>\n<script type=\"application\/ld+json\" class=\"yoast-schema-graph\">{\"@context\":\"https:\\\/\\\/schema.org\",\"@graph\":[{\"@type\":\"WebPage\",\"@id\":\"https:\\\/\\\/eurotrail.info\\\/fr\\\/producten\\\/caravane-camping-car-bus\\\/tentes-de-bus\\\/tente-de-bus-ancona-air\\\/\",\"url\":\"https:\\\/\\\/eurotrail.info\\\/fr\\\/producten\\\/caravane-camping-car-bus\\\/tentes-de-bus\\\/tente-de-bus-ancona-air\\\/\",\"name\":\"Tente de bus Ancona gonflable - Eurotrail | The way we camp!\",\"isPartOf\":{\"@id\":\"https:\\\/\\\/eurotrail.info\\\/#website\"},\"primaryImageOfPage\":{\"@id\":\"https:\\\/\\\/eurotrail.info\\\/fr\\\/producten\\\/caravane-camping-car-bus\\\/tentes-de-bus\\\/tente-de-bus-ancona-air\\\/#primaryimage\"},\"image\":{\"@id\":\"https:\\\/\\\/eurotrail.info\\\/fr\\\/producten\\\/caravane-camping-car-bus\\\/tentes-de-bus\\\/tente-de-bus-ancona-air\\\/#primaryimage\"},\"thumbnailUrl\":\"https:\\\/\\\/eurotrail.info\\\/wp\\\/wp-content\\\/uploads\\\/2020\\\/02\\\/ETCT0170-Ancona-19.jpg\",\"datePublished\":\"2020-02-20T13:20:00+00:00\",\"dateModified\":\"2023-01-13T11:14:09+00:00\",\"description\":\"Tente autoportante \u00e9quip\u00e9e du syst\u00e8me AirTube pour un montage simple et rapide. avec 3 tubes de stabilisation ou d'orage suppl\u00e9mentaires.\",\"breadcrumb\":{\"@id\":\"https:\\\/\\\/eurotrail.info\\\/fr\\\/producten\\\/caravane-camping-car-bus\\\/tentes-de-bus\\\/tente-de-bus-ancona-air\\\/#breadcrumb\"},\"inLanguage\":\"fr-FR\",\"potentialAction\":[{\"@type\":\"ReadAction\",\"target\":[\"https:\\\/\\\/eurotrail.info\\\/fr\\\/producten\\\/caravane-camping-car-bus\\\/tentes-de-bus\\\/tente-de-bus-ancona-air\\\/\"]}]},{\"@type\":\"ImageObject\",\"inLanguage\":\"fr-FR\",\"@id\":\"https:\\\/\\\/eurotrail.info\\\/fr\\\/producten\\\/caravane-camping-car-bus\\\/tentes-de-bus\\\/tente-de-bus-ancona-air\\\/#primaryimage\",\"url\":\"https:\\\/\\\/eurotrail.info\\\/wp\\\/wp-content\\\/uploads\\\/2020\\\/02\\\/ETCT0170-Ancona-19.jpg\",\"contentUrl\":\"https:\\\/\\\/eurotrail.info\\\/wp\\\/wp-content\\\/uploads\\\/2020\\\/02\\\/ETCT0170-Ancona-19.jpg\",\"width\":1772,\"height\":1182,\"caption\":\"Tente de bus Ancona gonflable\"},{\"@type\":\"BreadcrumbList\",\"@id\":\"https:\\\/\\\/eurotrail.info\\\/fr\\\/producten\\\/caravane-camping-car-bus\\\/tentes-de-bus\\\/tente-de-bus-ancona-air\\\/#breadcrumb\",\"itemListElement\":[{\"@type\":\"ListItem\",\"position\":1,\"name\":\"Home\",\"item\":\"https:\\\/\\\/eurotrail.info\\\/fr\\\/\"},{\"@type\":\"ListItem\",\"position\":2,\"name\":\"Produits\",\"item\":\"https:\\\/\\\/eurotrail.info\\\/fr\\\/produits\\\/\"},{\"@type\":\"ListItem\",\"position\":3,\"name\":\"Tente de bus Ancona gonflable\"}]},{\"@type\":\"WebSite\",\"@id\":\"https:\\\/\\\/eurotrail.info\\\/#website\",\"url\":\"https:\\\/\\\/eurotrail.info\\\/\",\"name\":\"Eurotrail | The way we camp!\",\"description\":\"\",\"publisher\":{\"@id\":\"https:\\\/\\\/eurotrail.info\\\/#organization\"},\"potentialAction\":[{\"@type\":\"SearchAction\",\"target\":{\"@type\":\"EntryPoint\",\"urlTemplate\":\"https:\\\/\\\/eurotrail.info\\\/?s={search_term_string}\"},\"query-input\":{\"@type\":\"PropertyValueSpecification\",\"valueRequired\":true,\"valueName\":\"search_term_string\"}}],\"inLanguage\":\"fr-FR\"},{\"@type\":\"Organization\",\"@id\":\"https:\\\/\\\/eurotrail.info\\\/#organization\",\"name\":\"Eurotrail | The way we camp!\",\"url\":\"https:\\\/\\\/eurotrail.info\\\/\",\"logo\":{\"@type\":\"ImageObject\",\"inLanguage\":\"fr-FR\",\"@id\":\"https:\\\/\\\/eurotrail.info\\\/#\\\/schema\\\/logo\\\/image\\\/\",\"url\":\"https:\\\/\\\/eurotrail.info\\\/wp\\\/wp-content\\\/uploads\\\/2023\\\/07\\\/ET-logo-quote_NL-scaled.jpg\",\"contentUrl\":\"https:\\\/\\\/eurotrail.info\\\/wp\\\/wp-content\\\/uploads\\\/2023\\\/07\\\/ET-logo-quote_NL-scaled.jpg\",\"width\":2560,\"height\":675,\"caption\":\"Eurotrail | The way we camp!\"},\"image\":{\"@id\":\"https:\\\/\\\/eurotrail.info\\\/#\\\/schema\\\/logo\\\/image\\\/\"}}]}<\/script>\n<!-- \/ Yoast SEO plugin. -->","yoast_head_json":{"title":"Tente de bus Ancona gonflable - Eurotrail | The way we camp!","description":"Tente autoportante \u00e9quip\u00e9e du syst\u00e8me AirTube pour un montage simple et rapide. avec 3 tubes de stabilisation ou d'orage suppl\u00e9mentaires.","robots":{"index":"index","follow":"follow","max-snippet":"max-snippet:-1","max-image-preview":"max-image-preview:large","max-video-preview":"max-video-preview:-1"},"canonical":"https:\/\/eurotrail.info\/fr\/producten\/caravane-camping-car-bus\/tentes-de-bus\/tente-de-bus-ancona-air\/","og_locale":"fr_FR","og_type":"article","og_title":"Tente de bus Ancona gonflable - Eurotrail | The way we camp!","og_description":"Tente autoportante \u00e9quip\u00e9e du syst\u00e8me AirTube pour un montage simple et rapide. avec 3 tubes de stabilisation ou d'orage suppl\u00e9mentaires.","og_url":"https:\/\/eurotrail.info\/fr\/producten\/caravane-camping-car-bus\/tentes-de-bus\/tente-de-bus-ancona-air\/","og_site_name":"Eurotrail | The way we camp!","article_modified_time":"2023-01-13T11:14:09+00:00","og_image":[{"width":1772,"height":1182,"url":"https:\/\/eurotrail.info\/wp\/wp-content\/uploads\/2020\/02\/ETCT0170-Ancona-19.jpg","type":"image\/jpeg"}],"twitter_card":"summary_large_image","twitter_misc":{"Dur\u00e9e de lecture estim\u00e9e":"2 minutes"},"schema":{"@context":"https:\/\/schema.org","@graph":[{"@type":"WebPage","@id":"https:\/\/eurotrail.info\/fr\/producten\/caravane-camping-car-bus\/tentes-de-bus\/tente-de-bus-ancona-air\/","url":"https:\/\/eurotrail.info\/fr\/producten\/caravane-camping-car-bus\/tentes-de-bus\/tente-de-bus-ancona-air\/","name":"Tente de bus Ancona gonflable - Eurotrail | The way we camp!","isPartOf":{"@id":"https:\/\/eurotrail.info\/#website"},"primaryImageOfPage":{"@id":"https:\/\/eurotrail.info\/fr\/producten\/caravane-camping-car-bus\/tentes-de-bus\/tente-de-bus-ancona-air\/#primaryimage"},"image":{"@id":"https:\/\/eurotrail.info\/fr\/producten\/caravane-camping-car-bus\/tentes-de-bus\/tente-de-bus-ancona-air\/#primaryimage"},"thumbnailUrl":"https:\/\/eurotrail.info\/wp\/wp-content\/uploads\/2020\/02\/ETCT0170-Ancona-19.jpg","datePublished":"2020-02-20T13:20:00+00:00","dateModified":"2023-01-13T11:14:09+00:00","description":"Tente autoportante \u00e9quip\u00e9e du syst\u00e8me AirTube pour un montage simple et rapide. avec 3 tubes de stabilisation ou d'orage suppl\u00e9mentaires.","breadcrumb":{"@id":"https:\/\/eurotrail.info\/fr\/producten\/caravane-camping-car-bus\/tentes-de-bus\/tente-de-bus-ancona-air\/#breadcrumb"},"inLanguage":"fr-FR","potentialAction":[{"@type":"ReadAction","target":["https:\/\/eurotrail.info\/fr\/producten\/caravane-camping-car-bus\/tentes-de-bus\/tente-de-bus-ancona-air\/"]}]},{"@type":"ImageObject","inLanguage":"fr-FR","@id":"https:\/\/eurotrail.info\/fr\/producten\/caravane-camping-car-bus\/tentes-de-bus\/tente-de-bus-ancona-air\/#primaryimage","url":"https:\/\/eurotrail.info\/wp\/wp-content\/uploads\/2020\/02\/ETCT0170-Ancona-19.jpg","contentUrl":"https:\/\/eurotrail.info\/wp\/wp-content\/uploads\/2020\/02\/ETCT0170-Ancona-19.jpg","width":1772,"height":1182,"caption":"Tente de bus Ancona gonflable"},{"@type":"BreadcrumbList","@id":"https:\/\/eurotrail.info\/fr\/producten\/caravane-camping-car-bus\/tentes-de-bus\/tente-de-bus-ancona-air\/#breadcrumb","itemListElement":[{"@type":"ListItem","position":1,"name":"Home","item":"https:\/\/eurotrail.info\/fr\/"},{"@type":"ListItem","position":2,"name":"Produits","item":"https:\/\/eurotrail.info\/fr\/produits\/"},{"@type":"ListItem","position":3,"name":"Tente de bus Ancona gonflable"}]},{"@type":"WebSite","@id":"https:\/\/eurotrail.info\/#website","url":"https:\/\/eurotrail.info\/","name":"Eurotrail | The way we camp!","description":"","publisher":{"@id":"https:\/\/eurotrail.info\/#organization"},"potentialAction":[{"@type":"SearchAction","target":{"@type":"EntryPoint","urlTemplate":"https:\/\/eurotrail.info\/?s={search_term_string}"},"query-input":{"@type":"PropertyValueSpecification","valueRequired":true,"valueName":"search_term_string"}}],"inLanguage":"fr-FR"},{"@type":"Organization","@id":"https:\/\/eurotrail.info\/#organization","name":"Eurotrail | The way we camp!","url":"https:\/\/eurotrail.info\/","logo":{"@type":"ImageObject","inLanguage":"fr-FR","@id":"https:\/\/eurotrail.info\/#\/schema\/logo\/image\/","url":"https:\/\/eurotrail.info\/wp\/wp-content\/uploads\/2023\/07\/ET-logo-quote_NL-scaled.jpg","contentUrl":"https:\/\/eurotrail.info\/wp\/wp-content\/uploads\/2023\/07\/ET-logo-quote_NL-scaled.jpg","width":2560,"height":675,"caption":"Eurotrail | The way we camp!"},"image":{"@id":"https:\/\/eurotrail.info\/#\/schema\/logo\/image\/"}}]}},"_links":{"self":[{"href":"https:\/\/eurotrail.info\/fr\/wp-json\/wp\/v2\/product\/9272","targetHints":{"allow":["GET"]}}],"collection":[{"href":"https:\/\/eurotrail.info\/fr\/wp-json\/wp\/v2\/product"}],"about":[{"href":"https:\/\/eurotrail.info\/fr\/wp-json\/wp\/v2\/types\/product"}],"replies":[{"embeddable":true,"href":"https:\/\/eurotrail.info\/fr\/wp-json\/wp\/v2\/comments?post=9272"}],"wp:featuredmedia":[{"embeddable":true,"href":"https:\/\/eurotrail.info\/fr\/wp-json\/wp\/v2\/media\/9273"}],"wp:attachment":[{"href":"https:\/\/eurotrail.info\/fr\/wp-json\/wp\/v2\/media?parent=9272"}],"wp:term":[{"taxonomy":"product_brand","embeddable":true,"href":"https:\/\/eurotrail.info\/fr\/wp-json\/wp\/v2\/product_brand?post=9272"},{"taxonomy":"product_cat","embeddable":true,"href":"https:\/\/eurotrail.info\/fr\/wp-json\/wp\/v2\/product_cat?post=9272"},{"taxonomy":"product_tag","embeddable":true,"href":"https:\/\/eurotrail.info\/fr\/wp-json\/wp\/v2\/product_tag?post=9272"}],"curies":[{"name":"wp","href":"https:\/\/api.w.org\/{rel}","templated":true}]}}