{"id":9280,"date":"2016-02-26T16:30:19","date_gmt":"2016-02-26T15:30:19","guid":{"rendered":"http:\/\/eurotrail.info\/producten\/auvent-bergen-cs\/"},"modified":"2016-02-26T16:30:19","modified_gmt":"2016-02-26T15:30:19","slug":"auvent-bergen-cs","status":"publish","type":"product","link":"https:\/\/eurotrail.info\/fr\/producten\/caravane-camping-car-bus\/auvents-de-caravane\/auvent-bergen-cs\/","title":{"rendered":"Auvent Bergen CS"},"content":{"rendered":"<p>La chambre \u00e0 baldaquin Bergen transforme votre auvent Caravanstore en un espace de vie confortable.<br \/>\nLa paroi avant est fix\u00e9e \u00e0 l&#8217;auvent au moyen d&#8217;un tendon et les parois lat\u00e9rales sont accroch\u00e9es au poteau de chevron fourni, puis les parois lat\u00e9rales sont zipp\u00e9es sur la paroi avant. Cela cr\u00e9e une tente auvent avec suffisamment d&#8217;espace pour, par exemple, une table et des chaises. Mais vous ne pouvez \u00e9galement placer qu&#8217;un mur lat\u00e9ral afin de cr\u00e9er un endroit abrit\u00e9, \u00e0 l&#8217;abri du vent et \u00e0 l&#8217;ombre. (la paroi lat\u00e9rale et la toiture ne sont pas li\u00e9es l&#8217;une \u00e0 l&#8217;autre)<\/p>\n<p>Le Bergen CS est disponible en diff\u00e9rentes tailles:<br \/>\nMOUNTAINS CS 284<br \/>\nMOUNTAINS CS 334<br \/>\nMOUNTAINS CS 384<br \/>\nMOUNTAINS CS 414<\/p>\n<p>D\u00e9tails: grandes fen\u00eatres avec maille et rabat de couverture, porte d&#8217;entr\u00e9e, Velcro pour la fixation aux m\u00e2ts de store. Incl. M\u00e2ts d&#8217;auvent de t\u00e9lescope, sac de rangement et tendeurs d&#8217;\u00e9chelle.<\/p>\n<p>Hauteur de connexion jusqu&#8217;\u00e0 235\/250 cm.<br \/>\nMati\u00e8re: 100% polyester avec rev\u00eatement PVC<br \/>\nPoteaux: poteau de chevron r\u00e9glable en aluminium 2x<\/p>\n<p><a href=\"http:\/\/eurotrail.info\/wp\/wp-content\/uploads\/2016\/02\/Manual-Aufbauanleitung-Opzetschema-Bergen-CS.docx\">Manuel-Aufbauanleitung-Sch\u00e9ma de conception Bergen CS<\/a><\/p>\n","protected":false},"excerpt":{"rendered":"<p>La chambre \u00e0 baldaquin Bergen transforme votre auvent Caravanstore en un espace de vie confortable. La paroi avant est fix\u00e9e \u00e0 l&#8217;auvent au moyen d&#8217;un&hellip;<\/p>\n","protected":false},"featured_media":9281,"comment_status":"open","ping_status":"closed","template":"","meta":{"_acf_changed":false},"product_brand":[],"product_cat":[240],"product_tag":[],"class_list":{"0":"post-9280","1":"product","2":"type-product","3":"status-publish","4":"has-post-thumbnail","6":"product_cat-auvents-de-caravane","8":"first","9":"instock","10":"shipping-taxable","11":"product-type-simple"},"acf":[],"yoast_head":"<!-- This site is optimized with the Yoast SEO plugin v27.4 - https:\/\/yoast.com\/product\/yoast-seo-wordpress\/ -->\n<title>Auvent Bergen CS - Eurotrail | The way we camp!<\/title>\n<meta name=\"robots\" content=\"index, follow, max-snippet:-1, max-image-preview:large, max-video-preview:-1\" \/>\n<link rel=\"canonical\" href=\"https:\/\/eurotrail.info\/fr\/producten\/caravane-camping-car-bus\/auvents-de-caravane\/auvent-bergen-cs\/\" \/>\n<meta property=\"og:locale\" content=\"fr_FR\" \/>\n<meta property=\"og:type\" content=\"article\" \/>\n<meta property=\"og:title\" content=\"Auvent Bergen CS - Eurotrail | The way we camp!\" \/>\n<meta property=\"og:description\" content=\"La chambre \u00e0 baldaquin Bergen transforme votre auvent Caravanstore en un espace de vie confortable. La paroi avant est fix\u00e9e \u00e0 l&#8217;auvent au moyen d&#8217;un&hellip;\" \/>\n<meta property=\"og:url\" content=\"https:\/\/eurotrail.info\/fr\/producten\/caravane-camping-car-bus\/auvents-de-caravane\/auvent-bergen-cs\/\" \/>\n<meta property=\"og:site_name\" content=\"Eurotrail | The way we camp!\" \/>\n<meta property=\"og:image\" content=\"https:\/\/eurotrail.info\/wp\/wp-content\/uploads\/2016\/02\/Eurotrail-Bergen-CS-canopy-room-1-1280x897.jpg\" \/>\n\t<meta property=\"og:image:width\" content=\"1280\" \/>\n\t<meta property=\"og:image:height\" content=\"897\" \/>\n\t<meta property=\"og:image:type\" content=\"image\/jpeg\" \/>\n<meta name=\"twitter:card\" content=\"summary_large_image\" \/>\n<meta name=\"twitter:label1\" content=\"Dur\u00e9e de lecture estim\u00e9e\" \/>\n\t<meta name=\"twitter:data1\" content=\"1 minute\" \/>\n<script type=\"application\/ld+json\" class=\"yoast-schema-graph\">{\"@context\":\"https:\\\/\\\/schema.org\",\"@graph\":[{\"@type\":\"WebPage\",\"@id\":\"https:\\\/\\\/eurotrail.info\\\/fr\\\/producten\\\/caravane-camping-car-bus\\\/auvents-de-caravane\\\/auvent-bergen-cs\\\/\",\"url\":\"https:\\\/\\\/eurotrail.info\\\/fr\\\/producten\\\/caravane-camping-car-bus\\\/auvents-de-caravane\\\/auvent-bergen-cs\\\/\",\"name\":\"Auvent Bergen CS - Eurotrail | The way we camp!\",\"isPartOf\":{\"@id\":\"https:\\\/\\\/eurotrail.info\\\/#website\"},\"primaryImageOfPage\":{\"@id\":\"https:\\\/\\\/eurotrail.info\\\/fr\\\/producten\\\/caravane-camping-car-bus\\\/auvents-de-caravane\\\/auvent-bergen-cs\\\/#primaryimage\"},\"image\":{\"@id\":\"https:\\\/\\\/eurotrail.info\\\/fr\\\/producten\\\/caravane-camping-car-bus\\\/auvents-de-caravane\\\/auvent-bergen-cs\\\/#primaryimage\"},\"thumbnailUrl\":\"https:\\\/\\\/eurotrail.info\\\/wp\\\/wp-content\\\/uploads\\\/2016\\\/02\\\/Eurotrail-Bergen-CS-canopy-room-1.jpg\",\"datePublished\":\"2016-02-26T15:30:19+00:00\",\"breadcrumb\":{\"@id\":\"https:\\\/\\\/eurotrail.info\\\/fr\\\/producten\\\/caravane-camping-car-bus\\\/auvents-de-caravane\\\/auvent-bergen-cs\\\/#breadcrumb\"},\"inLanguage\":\"fr-FR\",\"potentialAction\":[{\"@type\":\"ReadAction\",\"target\":[\"https:\\\/\\\/eurotrail.info\\\/fr\\\/producten\\\/caravane-camping-car-bus\\\/auvents-de-caravane\\\/auvent-bergen-cs\\\/\"]}]},{\"@type\":\"ImageObject\",\"inLanguage\":\"fr-FR\",\"@id\":\"https:\\\/\\\/eurotrail.info\\\/fr\\\/producten\\\/caravane-camping-car-bus\\\/auvents-de-caravane\\\/auvent-bergen-cs\\\/#primaryimage\",\"url\":\"https:\\\/\\\/eurotrail.info\\\/wp\\\/wp-content\\\/uploads\\\/2016\\\/02\\\/Eurotrail-Bergen-CS-canopy-room-1.jpg\",\"contentUrl\":\"https:\\\/\\\/eurotrail.info\\\/wp\\\/wp-content\\\/uploads\\\/2016\\\/02\\\/Eurotrail-Bergen-CS-canopy-room-1.jpg\",\"width\":2592,\"height\":1816,\"caption\":\"Auvent Bergen CS\"},{\"@type\":\"BreadcrumbList\",\"@id\":\"https:\\\/\\\/eurotrail.info\\\/fr\\\/producten\\\/caravane-camping-car-bus\\\/auvents-de-caravane\\\/auvent-bergen-cs\\\/#breadcrumb\",\"itemListElement\":[{\"@type\":\"ListItem\",\"position\":1,\"name\":\"Home\",\"item\":\"https:\\\/\\\/eurotrail.info\\\/fr\\\/\"},{\"@type\":\"ListItem\",\"position\":2,\"name\":\"Produits\",\"item\":\"https:\\\/\\\/eurotrail.info\\\/fr\\\/produits\\\/\"},{\"@type\":\"ListItem\",\"position\":3,\"name\":\"Auvent Bergen CS\"}]},{\"@type\":\"WebSite\",\"@id\":\"https:\\\/\\\/eurotrail.info\\\/#website\",\"url\":\"https:\\\/\\\/eurotrail.info\\\/\",\"name\":\"Eurotrail | The way we camp!\",\"description\":\"\",\"publisher\":{\"@id\":\"https:\\\/\\\/eurotrail.info\\\/#organization\"},\"potentialAction\":[{\"@type\":\"SearchAction\",\"target\":{\"@type\":\"EntryPoint\",\"urlTemplate\":\"https:\\\/\\\/eurotrail.info\\\/?s={search_term_string}\"},\"query-input\":{\"@type\":\"PropertyValueSpecification\",\"valueRequired\":true,\"valueName\":\"search_term_string\"}}],\"inLanguage\":\"fr-FR\"},{\"@type\":\"Organization\",\"@id\":\"https:\\\/\\\/eurotrail.info\\\/#organization\",\"name\":\"Eurotrail | The way we camp!\",\"url\":\"https:\\\/\\\/eurotrail.info\\\/\",\"logo\":{\"@type\":\"ImageObject\",\"inLanguage\":\"fr-FR\",\"@id\":\"https:\\\/\\\/eurotrail.info\\\/#\\\/schema\\\/logo\\\/image\\\/\",\"url\":\"https:\\\/\\\/eurotrail.info\\\/wp\\\/wp-content\\\/uploads\\\/2023\\\/07\\\/ET-logo-quote_NL-scaled.jpg\",\"contentUrl\":\"https:\\\/\\\/eurotrail.info\\\/wp\\\/wp-content\\\/uploads\\\/2023\\\/07\\\/ET-logo-quote_NL-scaled.jpg\",\"width\":2560,\"height\":675,\"caption\":\"Eurotrail | The way we camp!\"},\"image\":{\"@id\":\"https:\\\/\\\/eurotrail.info\\\/#\\\/schema\\\/logo\\\/image\\\/\"}}]}<\/script>\n<!-- \/ Yoast SEO plugin. -->","yoast_head_json":{"title":"Auvent Bergen CS - Eurotrail | The way we camp!","robots":{"index":"index","follow":"follow","max-snippet":"max-snippet:-1","max-image-preview":"max-image-preview:large","max-video-preview":"max-video-preview:-1"},"canonical":"https:\/\/eurotrail.info\/fr\/producten\/caravane-camping-car-bus\/auvents-de-caravane\/auvent-bergen-cs\/","og_locale":"fr_FR","og_type":"article","og_title":"Auvent Bergen CS - Eurotrail | The way we camp!","og_description":"La chambre \u00e0 baldaquin Bergen transforme votre auvent Caravanstore en un espace de vie confortable. La paroi avant est fix\u00e9e \u00e0 l&#8217;auvent au moyen d&#8217;un&hellip;","og_url":"https:\/\/eurotrail.info\/fr\/producten\/caravane-camping-car-bus\/auvents-de-caravane\/auvent-bergen-cs\/","og_site_name":"Eurotrail | The way we camp!","og_image":[{"width":1280,"height":897,"url":"https:\/\/eurotrail.info\/wp\/wp-content\/uploads\/2016\/02\/Eurotrail-Bergen-CS-canopy-room-1-1280x897.jpg","type":"image\/jpeg"}],"twitter_card":"summary_large_image","twitter_misc":{"Dur\u00e9e de lecture estim\u00e9e":"1 minute"},"schema":{"@context":"https:\/\/schema.org","@graph":[{"@type":"WebPage","@id":"https:\/\/eurotrail.info\/fr\/producten\/caravane-camping-car-bus\/auvents-de-caravane\/auvent-bergen-cs\/","url":"https:\/\/eurotrail.info\/fr\/producten\/caravane-camping-car-bus\/auvents-de-caravane\/auvent-bergen-cs\/","name":"Auvent Bergen CS - Eurotrail | The way we camp!","isPartOf":{"@id":"https:\/\/eurotrail.info\/#website"},"primaryImageOfPage":{"@id":"https:\/\/eurotrail.info\/fr\/producten\/caravane-camping-car-bus\/auvents-de-caravane\/auvent-bergen-cs\/#primaryimage"},"image":{"@id":"https:\/\/eurotrail.info\/fr\/producten\/caravane-camping-car-bus\/auvents-de-caravane\/auvent-bergen-cs\/#primaryimage"},"thumbnailUrl":"https:\/\/eurotrail.info\/wp\/wp-content\/uploads\/2016\/02\/Eurotrail-Bergen-CS-canopy-room-1.jpg","datePublished":"2016-02-26T15:30:19+00:00","breadcrumb":{"@id":"https:\/\/eurotrail.info\/fr\/producten\/caravane-camping-car-bus\/auvents-de-caravane\/auvent-bergen-cs\/#breadcrumb"},"inLanguage":"fr-FR","potentialAction":[{"@type":"ReadAction","target":["https:\/\/eurotrail.info\/fr\/producten\/caravane-camping-car-bus\/auvents-de-caravane\/auvent-bergen-cs\/"]}]},{"@type":"ImageObject","inLanguage":"fr-FR","@id":"https:\/\/eurotrail.info\/fr\/producten\/caravane-camping-car-bus\/auvents-de-caravane\/auvent-bergen-cs\/#primaryimage","url":"https:\/\/eurotrail.info\/wp\/wp-content\/uploads\/2016\/02\/Eurotrail-Bergen-CS-canopy-room-1.jpg","contentUrl":"https:\/\/eurotrail.info\/wp\/wp-content\/uploads\/2016\/02\/Eurotrail-Bergen-CS-canopy-room-1.jpg","width":2592,"height":1816,"caption":"Auvent Bergen CS"},{"@type":"BreadcrumbList","@id":"https:\/\/eurotrail.info\/fr\/producten\/caravane-camping-car-bus\/auvents-de-caravane\/auvent-bergen-cs\/#breadcrumb","itemListElement":[{"@type":"ListItem","position":1,"name":"Home","item":"https:\/\/eurotrail.info\/fr\/"},{"@type":"ListItem","position":2,"name":"Produits","item":"https:\/\/eurotrail.info\/fr\/produits\/"},{"@type":"ListItem","position":3,"name":"Auvent Bergen CS"}]},{"@type":"WebSite","@id":"https:\/\/eurotrail.info\/#website","url":"https:\/\/eurotrail.info\/","name":"Eurotrail | The way we camp!","description":"","publisher":{"@id":"https:\/\/eurotrail.info\/#organization"},"potentialAction":[{"@type":"SearchAction","target":{"@type":"EntryPoint","urlTemplate":"https:\/\/eurotrail.info\/?s={search_term_string}"},"query-input":{"@type":"PropertyValueSpecification","valueRequired":true,"valueName":"search_term_string"}}],"inLanguage":"fr-FR"},{"@type":"Organization","@id":"https:\/\/eurotrail.info\/#organization","name":"Eurotrail | The way we camp!","url":"https:\/\/eurotrail.info\/","logo":{"@type":"ImageObject","inLanguage":"fr-FR","@id":"https:\/\/eurotrail.info\/#\/schema\/logo\/image\/","url":"https:\/\/eurotrail.info\/wp\/wp-content\/uploads\/2023\/07\/ET-logo-quote_NL-scaled.jpg","contentUrl":"https:\/\/eurotrail.info\/wp\/wp-content\/uploads\/2023\/07\/ET-logo-quote_NL-scaled.jpg","width":2560,"height":675,"caption":"Eurotrail | The way we camp!"},"image":{"@id":"https:\/\/eurotrail.info\/#\/schema\/logo\/image\/"}}]}},"_links":{"self":[{"href":"https:\/\/eurotrail.info\/fr\/wp-json\/wp\/v2\/product\/9280","targetHints":{"allow":["GET"]}}],"collection":[{"href":"https:\/\/eurotrail.info\/fr\/wp-json\/wp\/v2\/product"}],"about":[{"href":"https:\/\/eurotrail.info\/fr\/wp-json\/wp\/v2\/types\/product"}],"replies":[{"embeddable":true,"href":"https:\/\/eurotrail.info\/fr\/wp-json\/wp\/v2\/comments?post=9280"}],"wp:featuredmedia":[{"embeddable":true,"href":"https:\/\/eurotrail.info\/fr\/wp-json\/wp\/v2\/media\/9281"}],"wp:attachment":[{"href":"https:\/\/eurotrail.info\/fr\/wp-json\/wp\/v2\/media?parent=9280"}],"wp:term":[{"taxonomy":"product_brand","embeddable":true,"href":"https:\/\/eurotrail.info\/fr\/wp-json\/wp\/v2\/product_brand?post=9280"},{"taxonomy":"product_cat","embeddable":true,"href":"https:\/\/eurotrail.info\/fr\/wp-json\/wp\/v2\/product_cat?post=9280"},{"taxonomy":"product_tag","embeddable":true,"href":"https:\/\/eurotrail.info\/fr\/wp-json\/wp\/v2\/product_tag?post=9280"}],"curies":[{"name":"wp","href":"https:\/\/api.w.org\/{rel}","templated":true}]}}