{"id":9406,"date":"2020-01-23T16:07:31","date_gmt":"2020-01-23T15:07:31","guid":{"rendered":"http:\/\/eurotrail.info\/producten\/ventilateur-de-plafond-pliable\/"},"modified":"2026-01-14T10:52:09","modified_gmt":"2026-01-14T09:52:09","slug":"ventilateur-de-plafond-pliable","status":"publish","type":"product","link":"https:\/\/eurotrail.info\/fr\/producten\/articles-menagers\/ventilation\/ventilateur-de-plafond-pliable\/","title":{"rendered":"Ventilateur de plafond pliable"},"content":{"rendered":"<p>Ventilateur de plafond pliable \u2013 Silencieux et puissant<\/p>\n<p>Ce ventilateur de plafond pliable est la solution id\u00e9ale pour rafra\u00eechir votre tente, auvent, caravane, camping-car ou votre maison. Gr\u00e2ce \u00e0 son fonctionnement ultra-silencieux et \u00e0 son flux d&#8217;air \u00e9lev\u00e9, il cr\u00e9e une atmosph\u00e8re agr\u00e9able, m\u00eame par temps chaud et doux.<\/p>\n<p>\u00c9quip\u00e9 de 5 pales amovibles, il se plie de fa\u00e7on tr\u00e8s compacte apr\u00e8s utilisation et prend un minimum de place lors du transport ou du rangement. Ce ventilateur compact est donc parfait pour les campeurs soucieux de l&#8217;espace. Son montage facile et son crochet de suspension pratique permettent une utilisation en quelques minutes.<\/p>\n<p>Avec son c\u00e2ble d&#8217;alimentation de 3 m\u00e8tres, il peut \u00eatre positionn\u00e9 o\u00f9 vous le souhaitez. En plus de rafra\u00eechir, la circulation de l&#8217;air \u00e9loigne les moustiques et les mouches, qui n&#8217;appr\u00e9cient pas les courants d&#8217;air. Profitez ainsi d&#8217;un air frais sans insectes ind\u00e9sirables.<\/p>\n<p>Ce ventilateur de plafond ultra-silencieux allie confort, facilit\u00e9 d&#8217;utilisation et compacit\u00e9, ce qui en fait un choix pratique pour tous les campeurs et pour une utilisation en int\u00e9rieur.<\/p>\n<p>Taille: \u00d8 60cm<br \/>\nTension: 230V<br \/>\nPuissance du ventilateur: 10 W<br \/>\nRotation: 272 r \/ m<br \/>\nNiveau sonore: 50\/60 Hz<br \/>\nMat\u00e9riel: ABS \/ PP<br \/>\nPoids: 420 gr.<\/p>\n","protected":false},"excerpt":{"rendered":"<p>Ventilateur de plafond pliable \u2013 Silencieux et puissant Ce ventilateur de plafond pliable est la solution id\u00e9ale pour rafra\u00eechir votre tente, auvent, caravane, camping-car ou&hellip;<\/p>\n","protected":false},"featured_media":9407,"comment_status":"open","ping_status":"closed","template":"","meta":{"_acf_changed":false},"product_brand":[],"product_cat":[243,245],"product_tag":[],"class_list":{"0":"post-9406","1":"product","2":"type-product","3":"status-publish","4":"has-post-thumbnail","6":"product_cat-articles-menagers","7":"product_cat-ventilation","9":"first","10":"instock","11":"shipping-taxable","12":"product-type-simple"},"acf":[],"yoast_head":"<!-- This site is optimized with the Yoast SEO plugin v27.4 - https:\/\/yoast.com\/product\/yoast-seo-wordpress\/ -->\n<title>Ventilateur de plafond pliable - Eurotrail | The way we camp!<\/title>\n<meta name=\"description\" content=\"Ventilateur de plafond pliable. Silencieux avec un d\u00e9bit d&#039;air \u00e9lev\u00e9. Lames sont amovibles et donc l&#039;ensemble a un petit volume d&#039;emballage.\" \/>\n<meta name=\"robots\" content=\"index, follow, max-snippet:-1, max-image-preview:large, max-video-preview:-1\" \/>\n<link rel=\"canonical\" href=\"https:\/\/eurotrail.info\/fr\/producten\/articles-menagers\/ventilation\/ventilateur-de-plafond-pliable\/\" \/>\n<meta property=\"og:locale\" content=\"fr_FR\" \/>\n<meta property=\"og:type\" content=\"article\" \/>\n<meta property=\"og:title\" content=\"Ventilateur de plafond pliable - Eurotrail | The way we camp!\" \/>\n<meta property=\"og:description\" content=\"Ventilateur de plafond pliable. Silencieux avec un d\u00e9bit d&#039;air \u00e9lev\u00e9. Lames sont amovibles et donc l&#039;ensemble a un petit volume d&#039;emballage.\" \/>\n<meta property=\"og:url\" content=\"https:\/\/eurotrail.info\/fr\/producten\/articles-menagers\/ventilation\/ventilateur-de-plafond-pliable\/\" \/>\n<meta property=\"og:site_name\" content=\"Eurotrail | The way we camp!\" \/>\n<meta property=\"article:modified_time\" content=\"2026-01-14T09:52:09+00:00\" \/>\n<meta property=\"og:image\" content=\"https:\/\/eurotrail.info\/wp\/wp-content\/uploads\/2020\/01\/ETLT1411_0400_1-1280x897.jpg\" \/>\n\t<meta property=\"og:image:width\" content=\"1280\" \/>\n\t<meta property=\"og:image:height\" content=\"897\" \/>\n\t<meta property=\"og:image:type\" content=\"image\/jpeg\" \/>\n<meta name=\"twitter:card\" content=\"summary_large_image\" \/>\n<meta name=\"twitter:label1\" content=\"Dur\u00e9e de lecture estim\u00e9e\" \/>\n\t<meta name=\"twitter:data1\" content=\"2 minutes\" \/>\n<script type=\"application\/ld+json\" class=\"yoast-schema-graph\">{\"@context\":\"https:\\\/\\\/schema.org\",\"@graph\":[{\"@type\":\"WebPage\",\"@id\":\"https:\\\/\\\/eurotrail.info\\\/fr\\\/producten\\\/articles-menagers\\\/ventilation\\\/ventilateur-de-plafond-pliable\\\/\",\"url\":\"https:\\\/\\\/eurotrail.info\\\/fr\\\/producten\\\/articles-menagers\\\/ventilation\\\/ventilateur-de-plafond-pliable\\\/\",\"name\":\"Ventilateur de plafond pliable - Eurotrail | The way we camp!\",\"isPartOf\":{\"@id\":\"https:\\\/\\\/eurotrail.info\\\/#website\"},\"primaryImageOfPage\":{\"@id\":\"https:\\\/\\\/eurotrail.info\\\/fr\\\/producten\\\/articles-menagers\\\/ventilation\\\/ventilateur-de-plafond-pliable\\\/#primaryimage\"},\"image\":{\"@id\":\"https:\\\/\\\/eurotrail.info\\\/fr\\\/producten\\\/articles-menagers\\\/ventilation\\\/ventilateur-de-plafond-pliable\\\/#primaryimage\"},\"thumbnailUrl\":\"https:\\\/\\\/eurotrail.info\\\/wp\\\/wp-content\\\/uploads\\\/2020\\\/01\\\/ETLT1411_0400_1.jpg\",\"datePublished\":\"2020-01-23T15:07:31+00:00\",\"dateModified\":\"2026-01-14T09:52:09+00:00\",\"description\":\"Ventilateur de plafond pliable. Silencieux avec un d\u00e9bit d'air \u00e9lev\u00e9. Lames sont amovibles et donc l'ensemble a un petit volume d'emballage.\",\"breadcrumb\":{\"@id\":\"https:\\\/\\\/eurotrail.info\\\/fr\\\/producten\\\/articles-menagers\\\/ventilation\\\/ventilateur-de-plafond-pliable\\\/#breadcrumb\"},\"inLanguage\":\"fr-FR\",\"potentialAction\":[{\"@type\":\"ReadAction\",\"target\":[\"https:\\\/\\\/eurotrail.info\\\/fr\\\/producten\\\/articles-menagers\\\/ventilation\\\/ventilateur-de-plafond-pliable\\\/\"]}]},{\"@type\":\"ImageObject\",\"inLanguage\":\"fr-FR\",\"@id\":\"https:\\\/\\\/eurotrail.info\\\/fr\\\/producten\\\/articles-menagers\\\/ventilation\\\/ventilateur-de-plafond-pliable\\\/#primaryimage\",\"url\":\"https:\\\/\\\/eurotrail.info\\\/wp\\\/wp-content\\\/uploads\\\/2020\\\/01\\\/ETLT1411_0400_1.jpg\",\"contentUrl\":\"https:\\\/\\\/eurotrail.info\\\/wp\\\/wp-content\\\/uploads\\\/2020\\\/01\\\/ETLT1411_0400_1.jpg\",\"width\":3263,\"height\":2286},{\"@type\":\"BreadcrumbList\",\"@id\":\"https:\\\/\\\/eurotrail.info\\\/fr\\\/producten\\\/articles-menagers\\\/ventilation\\\/ventilateur-de-plafond-pliable\\\/#breadcrumb\",\"itemListElement\":[{\"@type\":\"ListItem\",\"position\":1,\"name\":\"Home\",\"item\":\"https:\\\/\\\/eurotrail.info\\\/fr\\\/\"},{\"@type\":\"ListItem\",\"position\":2,\"name\":\"Produits\",\"item\":\"https:\\\/\\\/eurotrail.info\\\/fr\\\/produits\\\/\"},{\"@type\":\"ListItem\",\"position\":3,\"name\":\"Ventilateur de plafond pliable\"}]},{\"@type\":\"WebSite\",\"@id\":\"https:\\\/\\\/eurotrail.info\\\/#website\",\"url\":\"https:\\\/\\\/eurotrail.info\\\/\",\"name\":\"Eurotrail | The way we camp!\",\"description\":\"\",\"publisher\":{\"@id\":\"https:\\\/\\\/eurotrail.info\\\/#organization\"},\"potentialAction\":[{\"@type\":\"SearchAction\",\"target\":{\"@type\":\"EntryPoint\",\"urlTemplate\":\"https:\\\/\\\/eurotrail.info\\\/?s={search_term_string}\"},\"query-input\":{\"@type\":\"PropertyValueSpecification\",\"valueRequired\":true,\"valueName\":\"search_term_string\"}}],\"inLanguage\":\"fr-FR\"},{\"@type\":\"Organization\",\"@id\":\"https:\\\/\\\/eurotrail.info\\\/#organization\",\"name\":\"Eurotrail | The way we camp!\",\"url\":\"https:\\\/\\\/eurotrail.info\\\/\",\"logo\":{\"@type\":\"ImageObject\",\"inLanguage\":\"fr-FR\",\"@id\":\"https:\\\/\\\/eurotrail.info\\\/#\\\/schema\\\/logo\\\/image\\\/\",\"url\":\"https:\\\/\\\/eurotrail.info\\\/wp\\\/wp-content\\\/uploads\\\/2023\\\/07\\\/ET-logo-quote_NL-scaled.jpg\",\"contentUrl\":\"https:\\\/\\\/eurotrail.info\\\/wp\\\/wp-content\\\/uploads\\\/2023\\\/07\\\/ET-logo-quote_NL-scaled.jpg\",\"width\":2560,\"height\":675,\"caption\":\"Eurotrail | The way we camp!\"},\"image\":{\"@id\":\"https:\\\/\\\/eurotrail.info\\\/#\\\/schema\\\/logo\\\/image\\\/\"}}]}<\/script>\n<!-- \/ Yoast SEO plugin. -->","yoast_head_json":{"title":"Ventilateur de plafond pliable - Eurotrail | The way we camp!","description":"Ventilateur de plafond pliable. Silencieux avec un d\u00e9bit d'air \u00e9lev\u00e9. Lames sont amovibles et donc l'ensemble a un petit volume d'emballage.","robots":{"index":"index","follow":"follow","max-snippet":"max-snippet:-1","max-image-preview":"max-image-preview:large","max-video-preview":"max-video-preview:-1"},"canonical":"https:\/\/eurotrail.info\/fr\/producten\/articles-menagers\/ventilation\/ventilateur-de-plafond-pliable\/","og_locale":"fr_FR","og_type":"article","og_title":"Ventilateur de plafond pliable - Eurotrail | The way we camp!","og_description":"Ventilateur de plafond pliable. Silencieux avec un d\u00e9bit d'air \u00e9lev\u00e9. Lames sont amovibles et donc l'ensemble a un petit volume d'emballage.","og_url":"https:\/\/eurotrail.info\/fr\/producten\/articles-menagers\/ventilation\/ventilateur-de-plafond-pliable\/","og_site_name":"Eurotrail | The way we camp!","article_modified_time":"2026-01-14T09:52:09+00:00","og_image":[{"width":1280,"height":897,"url":"https:\/\/eurotrail.info\/wp\/wp-content\/uploads\/2020\/01\/ETLT1411_0400_1-1280x897.jpg","type":"image\/jpeg"}],"twitter_card":"summary_large_image","twitter_misc":{"Dur\u00e9e de lecture estim\u00e9e":"2 minutes"},"schema":{"@context":"https:\/\/schema.org","@graph":[{"@type":"WebPage","@id":"https:\/\/eurotrail.info\/fr\/producten\/articles-menagers\/ventilation\/ventilateur-de-plafond-pliable\/","url":"https:\/\/eurotrail.info\/fr\/producten\/articles-menagers\/ventilation\/ventilateur-de-plafond-pliable\/","name":"Ventilateur de plafond pliable - Eurotrail | The way we camp!","isPartOf":{"@id":"https:\/\/eurotrail.info\/#website"},"primaryImageOfPage":{"@id":"https:\/\/eurotrail.info\/fr\/producten\/articles-menagers\/ventilation\/ventilateur-de-plafond-pliable\/#primaryimage"},"image":{"@id":"https:\/\/eurotrail.info\/fr\/producten\/articles-menagers\/ventilation\/ventilateur-de-plafond-pliable\/#primaryimage"},"thumbnailUrl":"https:\/\/eurotrail.info\/wp\/wp-content\/uploads\/2020\/01\/ETLT1411_0400_1.jpg","datePublished":"2020-01-23T15:07:31+00:00","dateModified":"2026-01-14T09:52:09+00:00","description":"Ventilateur de plafond pliable. Silencieux avec un d\u00e9bit d'air \u00e9lev\u00e9. Lames sont amovibles et donc l'ensemble a un petit volume d'emballage.","breadcrumb":{"@id":"https:\/\/eurotrail.info\/fr\/producten\/articles-menagers\/ventilation\/ventilateur-de-plafond-pliable\/#breadcrumb"},"inLanguage":"fr-FR","potentialAction":[{"@type":"ReadAction","target":["https:\/\/eurotrail.info\/fr\/producten\/articles-menagers\/ventilation\/ventilateur-de-plafond-pliable\/"]}]},{"@type":"ImageObject","inLanguage":"fr-FR","@id":"https:\/\/eurotrail.info\/fr\/producten\/articles-menagers\/ventilation\/ventilateur-de-plafond-pliable\/#primaryimage","url":"https:\/\/eurotrail.info\/wp\/wp-content\/uploads\/2020\/01\/ETLT1411_0400_1.jpg","contentUrl":"https:\/\/eurotrail.info\/wp\/wp-content\/uploads\/2020\/01\/ETLT1411_0400_1.jpg","width":3263,"height":2286},{"@type":"BreadcrumbList","@id":"https:\/\/eurotrail.info\/fr\/producten\/articles-menagers\/ventilation\/ventilateur-de-plafond-pliable\/#breadcrumb","itemListElement":[{"@type":"ListItem","position":1,"name":"Home","item":"https:\/\/eurotrail.info\/fr\/"},{"@type":"ListItem","position":2,"name":"Produits","item":"https:\/\/eurotrail.info\/fr\/produits\/"},{"@type":"ListItem","position":3,"name":"Ventilateur de plafond pliable"}]},{"@type":"WebSite","@id":"https:\/\/eurotrail.info\/#website","url":"https:\/\/eurotrail.info\/","name":"Eurotrail | The way we camp!","description":"","publisher":{"@id":"https:\/\/eurotrail.info\/#organization"},"potentialAction":[{"@type":"SearchAction","target":{"@type":"EntryPoint","urlTemplate":"https:\/\/eurotrail.info\/?s={search_term_string}"},"query-input":{"@type":"PropertyValueSpecification","valueRequired":true,"valueName":"search_term_string"}}],"inLanguage":"fr-FR"},{"@type":"Organization","@id":"https:\/\/eurotrail.info\/#organization","name":"Eurotrail | The way we camp!","url":"https:\/\/eurotrail.info\/","logo":{"@type":"ImageObject","inLanguage":"fr-FR","@id":"https:\/\/eurotrail.info\/#\/schema\/logo\/image\/","url":"https:\/\/eurotrail.info\/wp\/wp-content\/uploads\/2023\/07\/ET-logo-quote_NL-scaled.jpg","contentUrl":"https:\/\/eurotrail.info\/wp\/wp-content\/uploads\/2023\/07\/ET-logo-quote_NL-scaled.jpg","width":2560,"height":675,"caption":"Eurotrail | The way we camp!"},"image":{"@id":"https:\/\/eurotrail.info\/#\/schema\/logo\/image\/"}}]}},"_links":{"self":[{"href":"https:\/\/eurotrail.info\/fr\/wp-json\/wp\/v2\/product\/9406","targetHints":{"allow":["GET"]}}],"collection":[{"href":"https:\/\/eurotrail.info\/fr\/wp-json\/wp\/v2\/product"}],"about":[{"href":"https:\/\/eurotrail.info\/fr\/wp-json\/wp\/v2\/types\/product"}],"replies":[{"embeddable":true,"href":"https:\/\/eurotrail.info\/fr\/wp-json\/wp\/v2\/comments?post=9406"}],"wp:featuredmedia":[{"embeddable":true,"href":"https:\/\/eurotrail.info\/fr\/wp-json\/wp\/v2\/media\/9407"}],"wp:attachment":[{"href":"https:\/\/eurotrail.info\/fr\/wp-json\/wp\/v2\/media?parent=9406"}],"wp:term":[{"taxonomy":"product_brand","embeddable":true,"href":"https:\/\/eurotrail.info\/fr\/wp-json\/wp\/v2\/product_brand?post=9406"},{"taxonomy":"product_cat","embeddable":true,"href":"https:\/\/eurotrail.info\/fr\/wp-json\/wp\/v2\/product_cat?post=9406"},{"taxonomy":"product_tag","embeddable":true,"href":"https:\/\/eurotrail.info\/fr\/wp-json\/wp\/v2\/product_tag?post=9406"}],"curies":[{"name":"wp","href":"https:\/\/api.w.org\/{rel}","templated":true}]}}