{"id":9418,"date":"2019-01-21T13:03:27","date_gmt":"2019-01-21T12:03:27","guid":{"rendered":"http:\/\/eurotrail.info\/producten\/lampe-moustique-rechargeable\/"},"modified":"2021-04-22T12:20:42","modified_gmt":"2021-04-22T11:20:42","slug":"lampe-moustique-rechargeable","status":"publish","type":"product","link":"https:\/\/eurotrail.info\/fr\/producten\/articles-menagers\/lampe-moustique\/lampe-moustique-rechargeable\/","title":{"rendered":"Lampe moustique rechargeable"},"content":{"rendered":"<p>Lampe moustique rechargeable pratique avec une fonction 2-1. La lampe donne une lumi\u00e8re vive et fonctionne \u00e9galement comme un pi\u00e8ge \u00e0 moustiques avec la lumi\u00e8re UV. La lumi\u00e8re bleue UV-LED attire les moustiques dans un rayon de 5 m\u00e8tres, qui sont ensuite automatiquement tu\u00e9s par la spirale. La lampe fonctionne sans produits chimiques ni liquides et est 100% s\u00fbre pour les enfants et les animaux. \u00c9quip\u00e9 d&#8217;un crochet suspendu, r\u00e9sistant aux \u00e9claboussures (IP44) et facile \u00e0 nettoyer. Id\u00e9al pour une utilisation en ext\u00e9rieur dans de petits espaces tels que des tentes en d\u00f4me ou des cabines de couchage. Dur\u00e9e de fonctionnement: lampe 7 heures, lumi\u00e8re ultraviolette 8 heures. Temps de charge 3 heures.<\/p>\n<p>Puissance: \u00e9clairage 3W, LED UV Mosquito 365-395nm, 2W<br \/>\nChargement: USB DC5v 1000MA<br \/>\nR\u00e9seau: tension 2000V<br \/>\nZone efficace: 5 mtr. diam\u00e8tre<br \/>\nMat\u00e9riel: ABS avec capuchon en silicone<br \/>\nLampe: SMD 2835<br \/>\nLumen: 70LM<br \/>\nBatterie: 2000MAH<\/p>\n","protected":false},"excerpt":{"rendered":"<p>Lampe moustique rechargeable pratique avec une fonction 2-1. La lampe donne une lumi\u00e8re vive et fonctionne \u00e9galement comme un pi\u00e8ge \u00e0 moustiques avec la lumi\u00e8re&hellip;<\/p>\n","protected":false},"featured_media":9424,"comment_status":"open","ping_status":"closed","template":"","meta":{"_acf_changed":false},"product_brand":[],"product_cat":[243,246],"product_tag":[],"class_list":{"0":"post-9418","1":"product","2":"type-product","3":"status-publish","4":"has-post-thumbnail","6":"product_cat-articles-menagers","7":"product_cat-lampe-moustique","9":"first","10":"instock","11":"shipping-taxable","12":"product-type-simple"},"acf":[],"yoast_head":"<!-- This site is optimized with the Yoast SEO plugin v27.4 - https:\/\/yoast.com\/product\/yoast-seo-wordpress\/ -->\n<title>Lampe moustique rechargeable - Eurotrail | The way we camp!<\/title>\n<meta name=\"description\" content=\"Lampe moustique rechargeable pratique avec une fonction 2-1. La lampe donne une lumi\u00e8re vive et fonctionne \u00e9galement comme un pi\u00e8ge \u00e0 moustiques avec la lumi\u00e8re UV.\" \/>\n<meta name=\"robots\" content=\"index, follow, max-snippet:-1, max-image-preview:large, max-video-preview:-1\" \/>\n<link rel=\"canonical\" href=\"https:\/\/eurotrail.info\/fr\/producten\/articles-menagers\/lampe-moustique\/lampe-moustique-rechargeable\/\" \/>\n<meta property=\"og:locale\" content=\"fr_FR\" \/>\n<meta property=\"og:type\" content=\"article\" \/>\n<meta property=\"og:title\" content=\"Lampe moustique rechargeable - Eurotrail | The way we camp!\" \/>\n<meta property=\"og:description\" content=\"Lampe moustique rechargeable pratique avec une fonction 2-1. La lampe donne une lumi\u00e8re vive et fonctionne \u00e9galement comme un pi\u00e8ge \u00e0 moustiques avec la lumi\u00e8re UV.\" \/>\n<meta property=\"og:url\" content=\"https:\/\/eurotrail.info\/fr\/producten\/articles-menagers\/lampe-moustique\/lampe-moustique-rechargeable\/\" \/>\n<meta property=\"og:site_name\" content=\"Eurotrail | The way we camp!\" \/>\n<meta property=\"article:modified_time\" content=\"2021-04-22T11:20:42+00:00\" \/>\n<meta property=\"og:image\" content=\"https:\/\/eurotrail.info\/wp\/wp-content\/uploads\/2019\/01\/ETLT1511-Mosquito-killer-UV-on.jpg\" \/>\n\t<meta property=\"og:image:width\" content=\"633\" \/>\n\t<meta property=\"og:image:height\" content=\"993\" \/>\n\t<meta property=\"og:image:type\" content=\"image\/jpeg\" \/>\n<meta name=\"twitter:card\" content=\"summary_large_image\" \/>\n<meta name=\"twitter:label1\" content=\"Dur\u00e9e de lecture estim\u00e9e\" \/>\n\t<meta name=\"twitter:data1\" content=\"1 minute\" \/>\n<script type=\"application\/ld+json\" class=\"yoast-schema-graph\">{\"@context\":\"https:\\\/\\\/schema.org\",\"@graph\":[{\"@type\":\"WebPage\",\"@id\":\"https:\\\/\\\/eurotrail.info\\\/fr\\\/producten\\\/articles-menagers\\\/lampe-moustique\\\/lampe-moustique-rechargeable\\\/\",\"url\":\"https:\\\/\\\/eurotrail.info\\\/fr\\\/producten\\\/articles-menagers\\\/lampe-moustique\\\/lampe-moustique-rechargeable\\\/\",\"name\":\"Lampe moustique rechargeable - Eurotrail | The way we camp!\",\"isPartOf\":{\"@id\":\"https:\\\/\\\/eurotrail.info\\\/#website\"},\"primaryImageOfPage\":{\"@id\":\"https:\\\/\\\/eurotrail.info\\\/fr\\\/producten\\\/articles-menagers\\\/lampe-moustique\\\/lampe-moustique-rechargeable\\\/#primaryimage\"},\"image\":{\"@id\":\"https:\\\/\\\/eurotrail.info\\\/fr\\\/producten\\\/articles-menagers\\\/lampe-moustique\\\/lampe-moustique-rechargeable\\\/#primaryimage\"},\"thumbnailUrl\":\"https:\\\/\\\/eurotrail.info\\\/wp\\\/wp-content\\\/uploads\\\/2019\\\/01\\\/ETLT1511-Mosquito-killer-UV-on.jpg\",\"datePublished\":\"2019-01-21T12:03:27+00:00\",\"dateModified\":\"2021-04-22T11:20:42+00:00\",\"description\":\"Lampe moustique rechargeable pratique avec une fonction 2-1. La lampe donne une lumi\u00e8re vive et fonctionne \u00e9galement comme un pi\u00e8ge \u00e0 moustiques avec la lumi\u00e8re UV.\",\"breadcrumb\":{\"@id\":\"https:\\\/\\\/eurotrail.info\\\/fr\\\/producten\\\/articles-menagers\\\/lampe-moustique\\\/lampe-moustique-rechargeable\\\/#breadcrumb\"},\"inLanguage\":\"fr-FR\",\"potentialAction\":[{\"@type\":\"ReadAction\",\"target\":[\"https:\\\/\\\/eurotrail.info\\\/fr\\\/producten\\\/articles-menagers\\\/lampe-moustique\\\/lampe-moustique-rechargeable\\\/\"]}]},{\"@type\":\"ImageObject\",\"inLanguage\":\"fr-FR\",\"@id\":\"https:\\\/\\\/eurotrail.info\\\/fr\\\/producten\\\/articles-menagers\\\/lampe-moustique\\\/lampe-moustique-rechargeable\\\/#primaryimage\",\"url\":\"https:\\\/\\\/eurotrail.info\\\/wp\\\/wp-content\\\/uploads\\\/2019\\\/01\\\/ETLT1511-Mosquito-killer-UV-on.jpg\",\"contentUrl\":\"https:\\\/\\\/eurotrail.info\\\/wp\\\/wp-content\\\/uploads\\\/2019\\\/01\\\/ETLT1511-Mosquito-killer-UV-on.jpg\",\"width\":633,\"height\":993},{\"@type\":\"BreadcrumbList\",\"@id\":\"https:\\\/\\\/eurotrail.info\\\/fr\\\/producten\\\/articles-menagers\\\/lampe-moustique\\\/lampe-moustique-rechargeable\\\/#breadcrumb\",\"itemListElement\":[{\"@type\":\"ListItem\",\"position\":1,\"name\":\"Home\",\"item\":\"https:\\\/\\\/eurotrail.info\\\/fr\\\/\"},{\"@type\":\"ListItem\",\"position\":2,\"name\":\"Produits\",\"item\":\"https:\\\/\\\/eurotrail.info\\\/fr\\\/produits\\\/\"},{\"@type\":\"ListItem\",\"position\":3,\"name\":\"Lampe moustique rechargeable\"}]},{\"@type\":\"WebSite\",\"@id\":\"https:\\\/\\\/eurotrail.info\\\/#website\",\"url\":\"https:\\\/\\\/eurotrail.info\\\/\",\"name\":\"Eurotrail | The way we camp!\",\"description\":\"\",\"publisher\":{\"@id\":\"https:\\\/\\\/eurotrail.info\\\/#organization\"},\"potentialAction\":[{\"@type\":\"SearchAction\",\"target\":{\"@type\":\"EntryPoint\",\"urlTemplate\":\"https:\\\/\\\/eurotrail.info\\\/?s={search_term_string}\"},\"query-input\":{\"@type\":\"PropertyValueSpecification\",\"valueRequired\":true,\"valueName\":\"search_term_string\"}}],\"inLanguage\":\"fr-FR\"},{\"@type\":\"Organization\",\"@id\":\"https:\\\/\\\/eurotrail.info\\\/#organization\",\"name\":\"Eurotrail | The way we camp!\",\"url\":\"https:\\\/\\\/eurotrail.info\\\/\",\"logo\":{\"@type\":\"ImageObject\",\"inLanguage\":\"fr-FR\",\"@id\":\"https:\\\/\\\/eurotrail.info\\\/#\\\/schema\\\/logo\\\/image\\\/\",\"url\":\"https:\\\/\\\/eurotrail.info\\\/wp\\\/wp-content\\\/uploads\\\/2023\\\/07\\\/ET-logo-quote_NL-scaled.jpg\",\"contentUrl\":\"https:\\\/\\\/eurotrail.info\\\/wp\\\/wp-content\\\/uploads\\\/2023\\\/07\\\/ET-logo-quote_NL-scaled.jpg\",\"width\":2560,\"height\":675,\"caption\":\"Eurotrail | The way we camp!\"},\"image\":{\"@id\":\"https:\\\/\\\/eurotrail.info\\\/#\\\/schema\\\/logo\\\/image\\\/\"}}]}<\/script>\n<!-- \/ Yoast SEO plugin. -->","yoast_head_json":{"title":"Lampe moustique rechargeable - Eurotrail | The way we camp!","description":"Lampe moustique rechargeable pratique avec une fonction 2-1. La lampe donne une lumi\u00e8re vive et fonctionne \u00e9galement comme un pi\u00e8ge \u00e0 moustiques avec la lumi\u00e8re UV.","robots":{"index":"index","follow":"follow","max-snippet":"max-snippet:-1","max-image-preview":"max-image-preview:large","max-video-preview":"max-video-preview:-1"},"canonical":"https:\/\/eurotrail.info\/fr\/producten\/articles-menagers\/lampe-moustique\/lampe-moustique-rechargeable\/","og_locale":"fr_FR","og_type":"article","og_title":"Lampe moustique rechargeable - Eurotrail | The way we camp!","og_description":"Lampe moustique rechargeable pratique avec une fonction 2-1. La lampe donne une lumi\u00e8re vive et fonctionne \u00e9galement comme un pi\u00e8ge \u00e0 moustiques avec la lumi\u00e8re UV.","og_url":"https:\/\/eurotrail.info\/fr\/producten\/articles-menagers\/lampe-moustique\/lampe-moustique-rechargeable\/","og_site_name":"Eurotrail | The way we camp!","article_modified_time":"2021-04-22T11:20:42+00:00","og_image":[{"width":633,"height":993,"url":"https:\/\/eurotrail.info\/wp\/wp-content\/uploads\/2019\/01\/ETLT1511-Mosquito-killer-UV-on.jpg","type":"image\/jpeg"}],"twitter_card":"summary_large_image","twitter_misc":{"Dur\u00e9e de lecture estim\u00e9e":"1 minute"},"schema":{"@context":"https:\/\/schema.org","@graph":[{"@type":"WebPage","@id":"https:\/\/eurotrail.info\/fr\/producten\/articles-menagers\/lampe-moustique\/lampe-moustique-rechargeable\/","url":"https:\/\/eurotrail.info\/fr\/producten\/articles-menagers\/lampe-moustique\/lampe-moustique-rechargeable\/","name":"Lampe moustique rechargeable - Eurotrail | The way we camp!","isPartOf":{"@id":"https:\/\/eurotrail.info\/#website"},"primaryImageOfPage":{"@id":"https:\/\/eurotrail.info\/fr\/producten\/articles-menagers\/lampe-moustique\/lampe-moustique-rechargeable\/#primaryimage"},"image":{"@id":"https:\/\/eurotrail.info\/fr\/producten\/articles-menagers\/lampe-moustique\/lampe-moustique-rechargeable\/#primaryimage"},"thumbnailUrl":"https:\/\/eurotrail.info\/wp\/wp-content\/uploads\/2019\/01\/ETLT1511-Mosquito-killer-UV-on.jpg","datePublished":"2019-01-21T12:03:27+00:00","dateModified":"2021-04-22T11:20:42+00:00","description":"Lampe moustique rechargeable pratique avec une fonction 2-1. La lampe donne une lumi\u00e8re vive et fonctionne \u00e9galement comme un pi\u00e8ge \u00e0 moustiques avec la lumi\u00e8re UV.","breadcrumb":{"@id":"https:\/\/eurotrail.info\/fr\/producten\/articles-menagers\/lampe-moustique\/lampe-moustique-rechargeable\/#breadcrumb"},"inLanguage":"fr-FR","potentialAction":[{"@type":"ReadAction","target":["https:\/\/eurotrail.info\/fr\/producten\/articles-menagers\/lampe-moustique\/lampe-moustique-rechargeable\/"]}]},{"@type":"ImageObject","inLanguage":"fr-FR","@id":"https:\/\/eurotrail.info\/fr\/producten\/articles-menagers\/lampe-moustique\/lampe-moustique-rechargeable\/#primaryimage","url":"https:\/\/eurotrail.info\/wp\/wp-content\/uploads\/2019\/01\/ETLT1511-Mosquito-killer-UV-on.jpg","contentUrl":"https:\/\/eurotrail.info\/wp\/wp-content\/uploads\/2019\/01\/ETLT1511-Mosquito-killer-UV-on.jpg","width":633,"height":993},{"@type":"BreadcrumbList","@id":"https:\/\/eurotrail.info\/fr\/producten\/articles-menagers\/lampe-moustique\/lampe-moustique-rechargeable\/#breadcrumb","itemListElement":[{"@type":"ListItem","position":1,"name":"Home","item":"https:\/\/eurotrail.info\/fr\/"},{"@type":"ListItem","position":2,"name":"Produits","item":"https:\/\/eurotrail.info\/fr\/produits\/"},{"@type":"ListItem","position":3,"name":"Lampe moustique rechargeable"}]},{"@type":"WebSite","@id":"https:\/\/eurotrail.info\/#website","url":"https:\/\/eurotrail.info\/","name":"Eurotrail | The way we camp!","description":"","publisher":{"@id":"https:\/\/eurotrail.info\/#organization"},"potentialAction":[{"@type":"SearchAction","target":{"@type":"EntryPoint","urlTemplate":"https:\/\/eurotrail.info\/?s={search_term_string}"},"query-input":{"@type":"PropertyValueSpecification","valueRequired":true,"valueName":"search_term_string"}}],"inLanguage":"fr-FR"},{"@type":"Organization","@id":"https:\/\/eurotrail.info\/#organization","name":"Eurotrail | The way we camp!","url":"https:\/\/eurotrail.info\/","logo":{"@type":"ImageObject","inLanguage":"fr-FR","@id":"https:\/\/eurotrail.info\/#\/schema\/logo\/image\/","url":"https:\/\/eurotrail.info\/wp\/wp-content\/uploads\/2023\/07\/ET-logo-quote_NL-scaled.jpg","contentUrl":"https:\/\/eurotrail.info\/wp\/wp-content\/uploads\/2023\/07\/ET-logo-quote_NL-scaled.jpg","width":2560,"height":675,"caption":"Eurotrail | The way we camp!"},"image":{"@id":"https:\/\/eurotrail.info\/#\/schema\/logo\/image\/"}}]}},"_links":{"self":[{"href":"https:\/\/eurotrail.info\/fr\/wp-json\/wp\/v2\/product\/9418","targetHints":{"allow":["GET"]}}],"collection":[{"href":"https:\/\/eurotrail.info\/fr\/wp-json\/wp\/v2\/product"}],"about":[{"href":"https:\/\/eurotrail.info\/fr\/wp-json\/wp\/v2\/types\/product"}],"replies":[{"embeddable":true,"href":"https:\/\/eurotrail.info\/fr\/wp-json\/wp\/v2\/comments?post=9418"}],"wp:featuredmedia":[{"embeddable":true,"href":"https:\/\/eurotrail.info\/fr\/wp-json\/wp\/v2\/media\/9424"}],"wp:attachment":[{"href":"https:\/\/eurotrail.info\/fr\/wp-json\/wp\/v2\/media?parent=9418"}],"wp:term":[{"taxonomy":"product_brand","embeddable":true,"href":"https:\/\/eurotrail.info\/fr\/wp-json\/wp\/v2\/product_brand?post=9418"},{"taxonomy":"product_cat","embeddable":true,"href":"https:\/\/eurotrail.info\/fr\/wp-json\/wp\/v2\/product_cat?post=9418"},{"taxonomy":"product_tag","embeddable":true,"href":"https:\/\/eurotrail.info\/fr\/wp-json\/wp\/v2\/product_tag?post=9418"}],"curies":[{"name":"wp","href":"https:\/\/api.w.org\/{rel}","templated":true}]}}