{"id":9512,"date":"2020-01-23T13:31:34","date_gmt":"2020-01-23T12:31:34","guid":{"rendered":"http:\/\/eurotrail.info\/producten\/verre-a-vin-380ml\/"},"modified":"2026-01-23T14:13:03","modified_gmt":"2026-01-23T13:13:03","slug":"verre-a-vin-380ml","status":"publish","type":"product","link":"https:\/\/eurotrail.info\/fr\/producten\/articles-menagers\/verrerie\/verre-a-vin-380ml\/","title":{"rendered":"Verre \u00e0 vin 290\/380ml"},"content":{"rendered":"<p>Verre \u00e0 vin \u00e9l\u00e9gant \u2013 Tritan | 290 ml et 380 ml<\/p>\n<p>Ce verre \u00e0 vin chic allie un design \u00e9l\u00e9gant \u00e0 une fonctionnalit\u00e9 optimale. Sa forme originale et \u00e9pur\u00e9e permet une pr\u00e9sentation raffin\u00e9e des vins rouges et blancs, tandis que le Tritan, mat\u00e9riau cristallin, sublime la couleur et la limpidit\u00e9 du vin.<\/p>\n<p>Disponible en deux formats\u00a0: 290 ml pour un service classique et le g\u00e9n\u00e9reux verre bordelais de 380 ml pour les v\u00e9ritables amateurs de vin. Gr\u00e2ce \u00e0 la qualit\u00e9 du Tritan, ce verre est l\u00e9ger, quasiment incassable et compatible lave-vaisselle. Id\u00e9al \u00e0 la maison, en bateau, au jardin ou au camping, il vous accompagnera avec style.<\/p>\n<p>**Pourquoi ce verre \u00e0 vin est un incontournable\u00a0:**<\/p>\n<p>* \u2714 Apparence chic et \u00e9l\u00e9gante<br \/>\n* \u2714 Forme unique<br \/>\n* \u2714 Mat\u00e9riau Tritan transparent comme du cristal<br \/>\n* \u2714 L\u00e9ger et pratiquement incassable<br \/>\n* \u2714 Compatible lave-vaisselle<br \/>\n* \u2714 Disponible en 290\u00a0ml et 380\u00a0ml<\/p>\n<p>Savourez votre vin avec style, o\u00f9 que vous soyez\u00a0\u2728\ud83c\udf77<\/p>\n","protected":false},"excerpt":{"rendered":"<p>Verre \u00e0 vin \u00e9l\u00e9gant \u2013 Tritan | 290 ml et 380 ml Ce verre \u00e0 vin chic allie un design \u00e9l\u00e9gant \u00e0 une fonctionnalit\u00e9 optimale.&hellip;<\/p>\n","protected":false},"featured_media":9511,"comment_status":"open","ping_status":"closed","template":"","meta":{"_acf_changed":false},"product_brand":[],"product_cat":[250],"product_tag":[],"class_list":{"0":"post-9512","1":"product","2":"type-product","3":"status-publish","4":"has-post-thumbnail","6":"product_cat-verrerie","8":"first","9":"instock","10":"shipping-taxable","11":"product-type-simple"},"acf":[],"yoast_head":"<!-- This site is optimized with the Yoast SEO plugin v27.4 - https:\/\/yoast.com\/product\/yoast-seo-wordpress\/ -->\n<title>Verre \u00e0 vin 290\/380ml - Eurotrail | The way we camp!<\/title>\n<meta name=\"description\" content=\"Verre \u00e0 vin tendance en plastique transparent.Magnifique verre \u00e0 vin pour vin rouge ou blanc. L\u00e9ger et quasiment incassable.\" \/>\n<meta name=\"robots\" content=\"index, follow, max-snippet:-1, max-image-preview:large, max-video-preview:-1\" \/>\n<link rel=\"canonical\" href=\"https:\/\/eurotrail.info\/fr\/producten\/articles-menagers\/verrerie\/verre-a-vin-380ml\/\" \/>\n<meta property=\"og:locale\" content=\"fr_FR\" \/>\n<meta property=\"og:type\" content=\"article\" \/>\n<meta property=\"og:title\" content=\"Verre \u00e0 vin 290\/380ml - Eurotrail | The way we camp!\" \/>\n<meta property=\"og:description\" content=\"Verre \u00e0 vin tendance en plastique transparent.Magnifique verre \u00e0 vin pour vin rouge ou blanc. L\u00e9ger et quasiment incassable.\" \/>\n<meta property=\"og:url\" content=\"https:\/\/eurotrail.info\/fr\/producten\/articles-menagers\/verrerie\/verre-a-vin-380ml\/\" \/>\n<meta property=\"og:site_name\" content=\"Eurotrail | The way we camp!\" \/>\n<meta property=\"article:modified_time\" content=\"2026-01-23T13:13:03+00:00\" \/>\n<meta property=\"og:image\" content=\"https:\/\/eurotrail.info\/wp\/wp-content\/uploads\/2020\/01\/glas-klein-040-1.jpg\" \/>\n\t<meta property=\"og:image:width\" content=\"1371\" \/>\n\t<meta property=\"og:image:height\" content=\"3095\" \/>\n\t<meta property=\"og:image:type\" content=\"image\/jpeg\" \/>\n<meta name=\"twitter:card\" content=\"summary_large_image\" \/>\n<meta name=\"twitter:label1\" content=\"Dur\u00e9e de lecture estim\u00e9e\" \/>\n\t<meta name=\"twitter:data1\" content=\"2 minutes\" \/>\n<script type=\"application\/ld+json\" class=\"yoast-schema-graph\">{\"@context\":\"https:\\\/\\\/schema.org\",\"@graph\":[{\"@type\":\"WebPage\",\"@id\":\"https:\\\/\\\/eurotrail.info\\\/fr\\\/producten\\\/articles-menagers\\\/verrerie\\\/verre-a-vin-380ml\\\/\",\"url\":\"https:\\\/\\\/eurotrail.info\\\/fr\\\/producten\\\/articles-menagers\\\/verrerie\\\/verre-a-vin-380ml\\\/\",\"name\":\"Verre \u00e0 vin 290\\\/380ml - Eurotrail | The way we camp!\",\"isPartOf\":{\"@id\":\"https:\\\/\\\/eurotrail.info\\\/#website\"},\"primaryImageOfPage\":{\"@id\":\"https:\\\/\\\/eurotrail.info\\\/fr\\\/producten\\\/articles-menagers\\\/verrerie\\\/verre-a-vin-380ml\\\/#primaryimage\"},\"image\":{\"@id\":\"https:\\\/\\\/eurotrail.info\\\/fr\\\/producten\\\/articles-menagers\\\/verrerie\\\/verre-a-vin-380ml\\\/#primaryimage\"},\"thumbnailUrl\":\"https:\\\/\\\/eurotrail.info\\\/wp\\\/wp-content\\\/uploads\\\/2020\\\/01\\\/glas-klein-040-1.jpg\",\"datePublished\":\"2020-01-23T12:31:34+00:00\",\"dateModified\":\"2026-01-23T13:13:03+00:00\",\"description\":\"Verre \u00e0 vin tendance en plastique transparent.Magnifique verre \u00e0 vin pour vin rouge ou blanc. L\u00e9ger et quasiment incassable.\",\"breadcrumb\":{\"@id\":\"https:\\\/\\\/eurotrail.info\\\/fr\\\/producten\\\/articles-menagers\\\/verrerie\\\/verre-a-vin-380ml\\\/#breadcrumb\"},\"inLanguage\":\"fr-FR\",\"potentialAction\":[{\"@type\":\"ReadAction\",\"target\":[\"https:\\\/\\\/eurotrail.info\\\/fr\\\/producten\\\/articles-menagers\\\/verrerie\\\/verre-a-vin-380ml\\\/\"]}]},{\"@type\":\"ImageObject\",\"inLanguage\":\"fr-FR\",\"@id\":\"https:\\\/\\\/eurotrail.info\\\/fr\\\/producten\\\/articles-menagers\\\/verrerie\\\/verre-a-vin-380ml\\\/#primaryimage\",\"url\":\"https:\\\/\\\/eurotrail.info\\\/wp\\\/wp-content\\\/uploads\\\/2020\\\/01\\\/glas-klein-040-1.jpg\",\"contentUrl\":\"https:\\\/\\\/eurotrail.info\\\/wp\\\/wp-content\\\/uploads\\\/2020\\\/01\\\/glas-klein-040-1.jpg\",\"width\":1371,\"height\":3095,\"caption\":\"Wijnglas 380m;, uit polycarbonaat\"},{\"@type\":\"BreadcrumbList\",\"@id\":\"https:\\\/\\\/eurotrail.info\\\/fr\\\/producten\\\/articles-menagers\\\/verrerie\\\/verre-a-vin-380ml\\\/#breadcrumb\",\"itemListElement\":[{\"@type\":\"ListItem\",\"position\":1,\"name\":\"Home\",\"item\":\"https:\\\/\\\/eurotrail.info\\\/fr\\\/\"},{\"@type\":\"ListItem\",\"position\":2,\"name\":\"Produits\",\"item\":\"https:\\\/\\\/eurotrail.info\\\/fr\\\/produits\\\/\"},{\"@type\":\"ListItem\",\"position\":3,\"name\":\"Verre \u00e0 vin 290\\\/380ml\"}]},{\"@type\":\"WebSite\",\"@id\":\"https:\\\/\\\/eurotrail.info\\\/#website\",\"url\":\"https:\\\/\\\/eurotrail.info\\\/\",\"name\":\"Eurotrail | The way we camp!\",\"description\":\"\",\"publisher\":{\"@id\":\"https:\\\/\\\/eurotrail.info\\\/#organization\"},\"potentialAction\":[{\"@type\":\"SearchAction\",\"target\":{\"@type\":\"EntryPoint\",\"urlTemplate\":\"https:\\\/\\\/eurotrail.info\\\/?s={search_term_string}\"},\"query-input\":{\"@type\":\"PropertyValueSpecification\",\"valueRequired\":true,\"valueName\":\"search_term_string\"}}],\"inLanguage\":\"fr-FR\"},{\"@type\":\"Organization\",\"@id\":\"https:\\\/\\\/eurotrail.info\\\/#organization\",\"name\":\"Eurotrail | The way we camp!\",\"url\":\"https:\\\/\\\/eurotrail.info\\\/\",\"logo\":{\"@type\":\"ImageObject\",\"inLanguage\":\"fr-FR\",\"@id\":\"https:\\\/\\\/eurotrail.info\\\/#\\\/schema\\\/logo\\\/image\\\/\",\"url\":\"https:\\\/\\\/eurotrail.info\\\/wp\\\/wp-content\\\/uploads\\\/2023\\\/07\\\/ET-logo-quote_NL-scaled.jpg\",\"contentUrl\":\"https:\\\/\\\/eurotrail.info\\\/wp\\\/wp-content\\\/uploads\\\/2023\\\/07\\\/ET-logo-quote_NL-scaled.jpg\",\"width\":2560,\"height\":675,\"caption\":\"Eurotrail | The way we camp!\"},\"image\":{\"@id\":\"https:\\\/\\\/eurotrail.info\\\/#\\\/schema\\\/logo\\\/image\\\/\"}}]}<\/script>\n<!-- \/ Yoast SEO plugin. -->","yoast_head_json":{"title":"Verre \u00e0 vin 290\/380ml - Eurotrail | The way we camp!","description":"Verre \u00e0 vin tendance en plastique transparent.Magnifique verre \u00e0 vin pour vin rouge ou blanc. L\u00e9ger et quasiment incassable.","robots":{"index":"index","follow":"follow","max-snippet":"max-snippet:-1","max-image-preview":"max-image-preview:large","max-video-preview":"max-video-preview:-1"},"canonical":"https:\/\/eurotrail.info\/fr\/producten\/articles-menagers\/verrerie\/verre-a-vin-380ml\/","og_locale":"fr_FR","og_type":"article","og_title":"Verre \u00e0 vin 290\/380ml - Eurotrail | The way we camp!","og_description":"Verre \u00e0 vin tendance en plastique transparent.Magnifique verre \u00e0 vin pour vin rouge ou blanc. L\u00e9ger et quasiment incassable.","og_url":"https:\/\/eurotrail.info\/fr\/producten\/articles-menagers\/verrerie\/verre-a-vin-380ml\/","og_site_name":"Eurotrail | The way we camp!","article_modified_time":"2026-01-23T13:13:03+00:00","og_image":[{"width":1371,"height":3095,"url":"https:\/\/eurotrail.info\/wp\/wp-content\/uploads\/2020\/01\/glas-klein-040-1.jpg","type":"image\/jpeg"}],"twitter_card":"summary_large_image","twitter_misc":{"Dur\u00e9e de lecture estim\u00e9e":"2 minutes"},"schema":{"@context":"https:\/\/schema.org","@graph":[{"@type":"WebPage","@id":"https:\/\/eurotrail.info\/fr\/producten\/articles-menagers\/verrerie\/verre-a-vin-380ml\/","url":"https:\/\/eurotrail.info\/fr\/producten\/articles-menagers\/verrerie\/verre-a-vin-380ml\/","name":"Verre \u00e0 vin 290\/380ml - Eurotrail | The way we camp!","isPartOf":{"@id":"https:\/\/eurotrail.info\/#website"},"primaryImageOfPage":{"@id":"https:\/\/eurotrail.info\/fr\/producten\/articles-menagers\/verrerie\/verre-a-vin-380ml\/#primaryimage"},"image":{"@id":"https:\/\/eurotrail.info\/fr\/producten\/articles-menagers\/verrerie\/verre-a-vin-380ml\/#primaryimage"},"thumbnailUrl":"https:\/\/eurotrail.info\/wp\/wp-content\/uploads\/2020\/01\/glas-klein-040-1.jpg","datePublished":"2020-01-23T12:31:34+00:00","dateModified":"2026-01-23T13:13:03+00:00","description":"Verre \u00e0 vin tendance en plastique transparent.Magnifique verre \u00e0 vin pour vin rouge ou blanc. L\u00e9ger et quasiment incassable.","breadcrumb":{"@id":"https:\/\/eurotrail.info\/fr\/producten\/articles-menagers\/verrerie\/verre-a-vin-380ml\/#breadcrumb"},"inLanguage":"fr-FR","potentialAction":[{"@type":"ReadAction","target":["https:\/\/eurotrail.info\/fr\/producten\/articles-menagers\/verrerie\/verre-a-vin-380ml\/"]}]},{"@type":"ImageObject","inLanguage":"fr-FR","@id":"https:\/\/eurotrail.info\/fr\/producten\/articles-menagers\/verrerie\/verre-a-vin-380ml\/#primaryimage","url":"https:\/\/eurotrail.info\/wp\/wp-content\/uploads\/2020\/01\/glas-klein-040-1.jpg","contentUrl":"https:\/\/eurotrail.info\/wp\/wp-content\/uploads\/2020\/01\/glas-klein-040-1.jpg","width":1371,"height":3095,"caption":"Wijnglas 380m;, uit polycarbonaat"},{"@type":"BreadcrumbList","@id":"https:\/\/eurotrail.info\/fr\/producten\/articles-menagers\/verrerie\/verre-a-vin-380ml\/#breadcrumb","itemListElement":[{"@type":"ListItem","position":1,"name":"Home","item":"https:\/\/eurotrail.info\/fr\/"},{"@type":"ListItem","position":2,"name":"Produits","item":"https:\/\/eurotrail.info\/fr\/produits\/"},{"@type":"ListItem","position":3,"name":"Verre \u00e0 vin 290\/380ml"}]},{"@type":"WebSite","@id":"https:\/\/eurotrail.info\/#website","url":"https:\/\/eurotrail.info\/","name":"Eurotrail | The way we camp!","description":"","publisher":{"@id":"https:\/\/eurotrail.info\/#organization"},"potentialAction":[{"@type":"SearchAction","target":{"@type":"EntryPoint","urlTemplate":"https:\/\/eurotrail.info\/?s={search_term_string}"},"query-input":{"@type":"PropertyValueSpecification","valueRequired":true,"valueName":"search_term_string"}}],"inLanguage":"fr-FR"},{"@type":"Organization","@id":"https:\/\/eurotrail.info\/#organization","name":"Eurotrail | The way we camp!","url":"https:\/\/eurotrail.info\/","logo":{"@type":"ImageObject","inLanguage":"fr-FR","@id":"https:\/\/eurotrail.info\/#\/schema\/logo\/image\/","url":"https:\/\/eurotrail.info\/wp\/wp-content\/uploads\/2023\/07\/ET-logo-quote_NL-scaled.jpg","contentUrl":"https:\/\/eurotrail.info\/wp\/wp-content\/uploads\/2023\/07\/ET-logo-quote_NL-scaled.jpg","width":2560,"height":675,"caption":"Eurotrail | The way we camp!"},"image":{"@id":"https:\/\/eurotrail.info\/#\/schema\/logo\/image\/"}}]}},"_links":{"self":[{"href":"https:\/\/eurotrail.info\/fr\/wp-json\/wp\/v2\/product\/9512","targetHints":{"allow":["GET"]}}],"collection":[{"href":"https:\/\/eurotrail.info\/fr\/wp-json\/wp\/v2\/product"}],"about":[{"href":"https:\/\/eurotrail.info\/fr\/wp-json\/wp\/v2\/types\/product"}],"replies":[{"embeddable":true,"href":"https:\/\/eurotrail.info\/fr\/wp-json\/wp\/v2\/comments?post=9512"}],"wp:featuredmedia":[{"embeddable":true,"href":"https:\/\/eurotrail.info\/fr\/wp-json\/wp\/v2\/media\/9511"}],"wp:attachment":[{"href":"https:\/\/eurotrail.info\/fr\/wp-json\/wp\/v2\/media?parent=9512"}],"wp:term":[{"taxonomy":"product_brand","embeddable":true,"href":"https:\/\/eurotrail.info\/fr\/wp-json\/wp\/v2\/product_brand?post=9512"},{"taxonomy":"product_cat","embeddable":true,"href":"https:\/\/eurotrail.info\/fr\/wp-json\/wp\/v2\/product_cat?post=9512"},{"taxonomy":"product_tag","embeddable":true,"href":"https:\/\/eurotrail.info\/fr\/wp-json\/wp\/v2\/product_tag?post=9512"}],"curies":[{"name":"wp","href":"https:\/\/api.w.org\/{rel}","templated":true}]}}