{"id":9562,"date":"2019-01-17T16:31:14","date_gmt":"2019-01-17T15:31:14","guid":{"rendered":"http:\/\/eurotrail.info\/producten\/chateau-chaise-de-camping-3d-mesh\/"},"modified":"2020-08-19T12:17:47","modified_gmt":"2020-08-19T11:17:47","slug":"chateau-chaise-de-camping-3d-mesh","status":"publish","type":"product","link":"https:\/\/eurotrail.info\/fr\/producten\/meubles\/chaises-de-camping\/chateau-chaise-de-camping-3d-mesh\/","title":{"rendered":"Chateau Chaise de camping 3D-Mesh"},"content":{"rendered":"<p>CNouveau mod\u00e8le de chaise de camping avec oreiller extensible. Le tissue st compos\u00e9 d\u2019une maille 3D respirant avec de la mouse polyester perm\u00e9able \u00e0 l\u2019eau. S\u00e9chage rapide, confortable et facile \u00e0 entretenir. Le nouveau cadre ovale en aluminium avec rev\u00eatement \u00e9poxy se plie facilement en une taille pratique pour emporter dans le caravane. L\u2019oreiller coulissant r\u00e9duit la hauteur de pliage de 3 cm. La chaise a une charni\u00e8re en aluminium robuste avec une capacit\u00e9 de charge de max. 140 kg. Le dossier est r\u00e9glable en 7 positions. Le repose-pieds est disponible en option.<\/p>\n<p>Mat\u00e9riel : 100% 3D Mesh Polyester<br \/>\nCadre : Cadre D en alu avec charni\u00e8re en alu<br \/>\nCouleurs disponibles : noir, anthracite\u00a0<br \/>\nDimensions : 51 x 42 x 48 x 110\/123 cm<br \/>\nPli\u00e9 : 93 x 63 x 0 cm<br \/>\nCharge max.: 140 kg<br \/>\nPoids : 5,2 kg<\/p>\n","protected":false},"excerpt":{"rendered":"<p>CNouveau mod\u00e8le de chaise de camping avec oreiller extensible. Le tissue st compos\u00e9 d\u2019une maille 3D respirant avec de la mouse polyester perm\u00e9able \u00e0 l\u2019eau.&hellip;<\/p>\n","protected":false},"featured_media":9563,"comment_status":"open","ping_status":"closed","template":"","meta":{"_acf_changed":false},"product_brand":[],"product_cat":[254,253],"product_tag":[],"class_list":{"0":"post-9562","1":"product","2":"type-product","3":"status-publish","4":"has-post-thumbnail","6":"product_cat-chaises-de-camping","7":"product_cat-meubles","9":"first","10":"instock","11":"shipping-taxable","12":"product-type-simple"},"acf":[],"yoast_head":"<!-- This site is optimized with the Yoast SEO plugin v27.4 - https:\/\/yoast.com\/product\/yoast-seo-wordpress\/ -->\n<title>Chateau Chaise de camping 3D-Mesh - Eurotrail | The way we camp!<\/title>\n<meta name=\"robots\" content=\"index, follow, max-snippet:-1, max-image-preview:large, max-video-preview:-1\" \/>\n<link rel=\"canonical\" href=\"https:\/\/eurotrail.info\/fr\/producten\/meubles\/chaises-de-camping\/chateau-chaise-de-camping-3d-mesh\/\" \/>\n<meta property=\"og:locale\" content=\"fr_FR\" \/>\n<meta property=\"og:type\" content=\"article\" \/>\n<meta property=\"og:title\" content=\"Chateau Chaise de camping 3D-Mesh - Eurotrail | The way we camp!\" \/>\n<meta property=\"og:description\" content=\"CNouveau mod\u00e8le de chaise de camping avec oreiller extensible. Le tissue st compos\u00e9 d\u2019une maille 3D respirant avec de la mouse polyester perm\u00e9able \u00e0 l\u2019eau.&hellip;\" \/>\n<meta property=\"og:url\" content=\"https:\/\/eurotrail.info\/fr\/producten\/meubles\/chaises-de-camping\/chateau-chaise-de-camping-3d-mesh\/\" \/>\n<meta property=\"og:site_name\" content=\"Eurotrail | The way we camp!\" \/>\n<meta property=\"article:modified_time\" content=\"2020-08-19T11:17:47+00:00\" \/>\n<meta property=\"og:image\" content=\"https:\/\/eurotrail.info\/wp\/wp-content\/uploads\/2019\/01\/ETCF1349-Chateau-Pillow-up-19.jpg\" \/>\n\t<meta property=\"og:image:width\" content=\"1188\" \/>\n\t<meta property=\"og:image:height\" content=\"1772\" \/>\n\t<meta property=\"og:image:type\" content=\"image\/jpeg\" \/>\n<meta name=\"twitter:card\" content=\"summary_large_image\" \/>\n<meta name=\"twitter:label1\" content=\"Dur\u00e9e de lecture estim\u00e9e\" \/>\n\t<meta name=\"twitter:data1\" content=\"1 minute\" \/>\n<script type=\"application\/ld+json\" class=\"yoast-schema-graph\">{\"@context\":\"https:\\\/\\\/schema.org\",\"@graph\":[{\"@type\":\"WebPage\",\"@id\":\"https:\\\/\\\/eurotrail.info\\\/fr\\\/producten\\\/meubles\\\/chaises-de-camping\\\/chateau-chaise-de-camping-3d-mesh\\\/\",\"url\":\"https:\\\/\\\/eurotrail.info\\\/fr\\\/producten\\\/meubles\\\/chaises-de-camping\\\/chateau-chaise-de-camping-3d-mesh\\\/\",\"name\":\"Chateau Chaise de camping 3D-Mesh - Eurotrail | The way we camp!\",\"isPartOf\":{\"@id\":\"https:\\\/\\\/eurotrail.info\\\/#website\"},\"primaryImageOfPage\":{\"@id\":\"https:\\\/\\\/eurotrail.info\\\/fr\\\/producten\\\/meubles\\\/chaises-de-camping\\\/chateau-chaise-de-camping-3d-mesh\\\/#primaryimage\"},\"image\":{\"@id\":\"https:\\\/\\\/eurotrail.info\\\/fr\\\/producten\\\/meubles\\\/chaises-de-camping\\\/chateau-chaise-de-camping-3d-mesh\\\/#primaryimage\"},\"thumbnailUrl\":\"https:\\\/\\\/eurotrail.info\\\/wp\\\/wp-content\\\/uploads\\\/2019\\\/01\\\/ETCF1349-Chateau-Pillow-up-19.jpg\",\"datePublished\":\"2019-01-17T15:31:14+00:00\",\"dateModified\":\"2020-08-19T11:17:47+00:00\",\"breadcrumb\":{\"@id\":\"https:\\\/\\\/eurotrail.info\\\/fr\\\/producten\\\/meubles\\\/chaises-de-camping\\\/chateau-chaise-de-camping-3d-mesh\\\/#breadcrumb\"},\"inLanguage\":\"fr-FR\",\"potentialAction\":[{\"@type\":\"ReadAction\",\"target\":[\"https:\\\/\\\/eurotrail.info\\\/fr\\\/producten\\\/meubles\\\/chaises-de-camping\\\/chateau-chaise-de-camping-3d-mesh\\\/\"]}]},{\"@type\":\"ImageObject\",\"inLanguage\":\"fr-FR\",\"@id\":\"https:\\\/\\\/eurotrail.info\\\/fr\\\/producten\\\/meubles\\\/chaises-de-camping\\\/chateau-chaise-de-camping-3d-mesh\\\/#primaryimage\",\"url\":\"https:\\\/\\\/eurotrail.info\\\/wp\\\/wp-content\\\/uploads\\\/2019\\\/01\\\/ETCF1349-Chateau-Pillow-up-19.jpg\",\"contentUrl\":\"https:\\\/\\\/eurotrail.info\\\/wp\\\/wp-content\\\/uploads\\\/2019\\\/01\\\/ETCF1349-Chateau-Pillow-up-19.jpg\",\"width\":1188,\"height\":1772,\"caption\":\"Eurotrail Chateau chaise de camping maille 3D, noir\"},{\"@type\":\"BreadcrumbList\",\"@id\":\"https:\\\/\\\/eurotrail.info\\\/fr\\\/producten\\\/meubles\\\/chaises-de-camping\\\/chateau-chaise-de-camping-3d-mesh\\\/#breadcrumb\",\"itemListElement\":[{\"@type\":\"ListItem\",\"position\":1,\"name\":\"Home\",\"item\":\"https:\\\/\\\/eurotrail.info\\\/fr\\\/\"},{\"@type\":\"ListItem\",\"position\":2,\"name\":\"Produits\",\"item\":\"https:\\\/\\\/eurotrail.info\\\/fr\\\/produits\\\/\"},{\"@type\":\"ListItem\",\"position\":3,\"name\":\"Chateau Chaise de camping 3D-Mesh\"}]},{\"@type\":\"WebSite\",\"@id\":\"https:\\\/\\\/eurotrail.info\\\/#website\",\"url\":\"https:\\\/\\\/eurotrail.info\\\/\",\"name\":\"Eurotrail | The way we camp!\",\"description\":\"\",\"publisher\":{\"@id\":\"https:\\\/\\\/eurotrail.info\\\/#organization\"},\"potentialAction\":[{\"@type\":\"SearchAction\",\"target\":{\"@type\":\"EntryPoint\",\"urlTemplate\":\"https:\\\/\\\/eurotrail.info\\\/?s={search_term_string}\"},\"query-input\":{\"@type\":\"PropertyValueSpecification\",\"valueRequired\":true,\"valueName\":\"search_term_string\"}}],\"inLanguage\":\"fr-FR\"},{\"@type\":\"Organization\",\"@id\":\"https:\\\/\\\/eurotrail.info\\\/#organization\",\"name\":\"Eurotrail | The way we camp!\",\"url\":\"https:\\\/\\\/eurotrail.info\\\/\",\"logo\":{\"@type\":\"ImageObject\",\"inLanguage\":\"fr-FR\",\"@id\":\"https:\\\/\\\/eurotrail.info\\\/#\\\/schema\\\/logo\\\/image\\\/\",\"url\":\"https:\\\/\\\/eurotrail.info\\\/wp\\\/wp-content\\\/uploads\\\/2023\\\/07\\\/ET-logo-quote_NL-scaled.jpg\",\"contentUrl\":\"https:\\\/\\\/eurotrail.info\\\/wp\\\/wp-content\\\/uploads\\\/2023\\\/07\\\/ET-logo-quote_NL-scaled.jpg\",\"width\":2560,\"height\":675,\"caption\":\"Eurotrail | The way we camp!\"},\"image\":{\"@id\":\"https:\\\/\\\/eurotrail.info\\\/#\\\/schema\\\/logo\\\/image\\\/\"}}]}<\/script>\n<!-- \/ Yoast SEO plugin. -->","yoast_head_json":{"title":"Chateau Chaise de camping 3D-Mesh - Eurotrail | The way we camp!","robots":{"index":"index","follow":"follow","max-snippet":"max-snippet:-1","max-image-preview":"max-image-preview:large","max-video-preview":"max-video-preview:-1"},"canonical":"https:\/\/eurotrail.info\/fr\/producten\/meubles\/chaises-de-camping\/chateau-chaise-de-camping-3d-mesh\/","og_locale":"fr_FR","og_type":"article","og_title":"Chateau Chaise de camping 3D-Mesh - Eurotrail | The way we camp!","og_description":"CNouveau mod\u00e8le de chaise de camping avec oreiller extensible. Le tissue st compos\u00e9 d\u2019une maille 3D respirant avec de la mouse polyester perm\u00e9able \u00e0 l\u2019eau.&hellip;","og_url":"https:\/\/eurotrail.info\/fr\/producten\/meubles\/chaises-de-camping\/chateau-chaise-de-camping-3d-mesh\/","og_site_name":"Eurotrail | The way we camp!","article_modified_time":"2020-08-19T11:17:47+00:00","og_image":[{"width":1188,"height":1772,"url":"https:\/\/eurotrail.info\/wp\/wp-content\/uploads\/2019\/01\/ETCF1349-Chateau-Pillow-up-19.jpg","type":"image\/jpeg"}],"twitter_card":"summary_large_image","twitter_misc":{"Dur\u00e9e de lecture estim\u00e9e":"1 minute"},"schema":{"@context":"https:\/\/schema.org","@graph":[{"@type":"WebPage","@id":"https:\/\/eurotrail.info\/fr\/producten\/meubles\/chaises-de-camping\/chateau-chaise-de-camping-3d-mesh\/","url":"https:\/\/eurotrail.info\/fr\/producten\/meubles\/chaises-de-camping\/chateau-chaise-de-camping-3d-mesh\/","name":"Chateau Chaise de camping 3D-Mesh - Eurotrail | The way we camp!","isPartOf":{"@id":"https:\/\/eurotrail.info\/#website"},"primaryImageOfPage":{"@id":"https:\/\/eurotrail.info\/fr\/producten\/meubles\/chaises-de-camping\/chateau-chaise-de-camping-3d-mesh\/#primaryimage"},"image":{"@id":"https:\/\/eurotrail.info\/fr\/producten\/meubles\/chaises-de-camping\/chateau-chaise-de-camping-3d-mesh\/#primaryimage"},"thumbnailUrl":"https:\/\/eurotrail.info\/wp\/wp-content\/uploads\/2019\/01\/ETCF1349-Chateau-Pillow-up-19.jpg","datePublished":"2019-01-17T15:31:14+00:00","dateModified":"2020-08-19T11:17:47+00:00","breadcrumb":{"@id":"https:\/\/eurotrail.info\/fr\/producten\/meubles\/chaises-de-camping\/chateau-chaise-de-camping-3d-mesh\/#breadcrumb"},"inLanguage":"fr-FR","potentialAction":[{"@type":"ReadAction","target":["https:\/\/eurotrail.info\/fr\/producten\/meubles\/chaises-de-camping\/chateau-chaise-de-camping-3d-mesh\/"]}]},{"@type":"ImageObject","inLanguage":"fr-FR","@id":"https:\/\/eurotrail.info\/fr\/producten\/meubles\/chaises-de-camping\/chateau-chaise-de-camping-3d-mesh\/#primaryimage","url":"https:\/\/eurotrail.info\/wp\/wp-content\/uploads\/2019\/01\/ETCF1349-Chateau-Pillow-up-19.jpg","contentUrl":"https:\/\/eurotrail.info\/wp\/wp-content\/uploads\/2019\/01\/ETCF1349-Chateau-Pillow-up-19.jpg","width":1188,"height":1772,"caption":"Eurotrail Chateau chaise de camping maille 3D, noir"},{"@type":"BreadcrumbList","@id":"https:\/\/eurotrail.info\/fr\/producten\/meubles\/chaises-de-camping\/chateau-chaise-de-camping-3d-mesh\/#breadcrumb","itemListElement":[{"@type":"ListItem","position":1,"name":"Home","item":"https:\/\/eurotrail.info\/fr\/"},{"@type":"ListItem","position":2,"name":"Produits","item":"https:\/\/eurotrail.info\/fr\/produits\/"},{"@type":"ListItem","position":3,"name":"Chateau Chaise de camping 3D-Mesh"}]},{"@type":"WebSite","@id":"https:\/\/eurotrail.info\/#website","url":"https:\/\/eurotrail.info\/","name":"Eurotrail | The way we camp!","description":"","publisher":{"@id":"https:\/\/eurotrail.info\/#organization"},"potentialAction":[{"@type":"SearchAction","target":{"@type":"EntryPoint","urlTemplate":"https:\/\/eurotrail.info\/?s={search_term_string}"},"query-input":{"@type":"PropertyValueSpecification","valueRequired":true,"valueName":"search_term_string"}}],"inLanguage":"fr-FR"},{"@type":"Organization","@id":"https:\/\/eurotrail.info\/#organization","name":"Eurotrail | The way we camp!","url":"https:\/\/eurotrail.info\/","logo":{"@type":"ImageObject","inLanguage":"fr-FR","@id":"https:\/\/eurotrail.info\/#\/schema\/logo\/image\/","url":"https:\/\/eurotrail.info\/wp\/wp-content\/uploads\/2023\/07\/ET-logo-quote_NL-scaled.jpg","contentUrl":"https:\/\/eurotrail.info\/wp\/wp-content\/uploads\/2023\/07\/ET-logo-quote_NL-scaled.jpg","width":2560,"height":675,"caption":"Eurotrail | The way we camp!"},"image":{"@id":"https:\/\/eurotrail.info\/#\/schema\/logo\/image\/"}}]}},"_links":{"self":[{"href":"https:\/\/eurotrail.info\/fr\/wp-json\/wp\/v2\/product\/9562","targetHints":{"allow":["GET"]}}],"collection":[{"href":"https:\/\/eurotrail.info\/fr\/wp-json\/wp\/v2\/product"}],"about":[{"href":"https:\/\/eurotrail.info\/fr\/wp-json\/wp\/v2\/types\/product"}],"replies":[{"embeddable":true,"href":"https:\/\/eurotrail.info\/fr\/wp-json\/wp\/v2\/comments?post=9562"}],"wp:featuredmedia":[{"embeddable":true,"href":"https:\/\/eurotrail.info\/fr\/wp-json\/wp\/v2\/media\/9563"}],"wp:attachment":[{"href":"https:\/\/eurotrail.info\/fr\/wp-json\/wp\/v2\/media?parent=9562"}],"wp:term":[{"taxonomy":"product_brand","embeddable":true,"href":"https:\/\/eurotrail.info\/fr\/wp-json\/wp\/v2\/product_brand?post=9562"},{"taxonomy":"product_cat","embeddable":true,"href":"https:\/\/eurotrail.info\/fr\/wp-json\/wp\/v2\/product_cat?post=9562"},{"taxonomy":"product_tag","embeddable":true,"href":"https:\/\/eurotrail.info\/fr\/wp-json\/wp\/v2\/product_tag?post=9562"}],"curies":[{"name":"wp","href":"https:\/\/api.w.org\/{rel}","templated":true}]}}