{"id":9606,"date":"2016-01-20T16:35:11","date_gmt":"2016-01-20T15:35:11","guid":{"rendered":"http:\/\/eurotrail.info\/producten\/acapulco\/"},"modified":"2026-02-06T11:39:09","modified_gmt":"2026-02-06T10:39:09","slug":"acapulco","status":"publish","type":"product","link":"https:\/\/eurotrail.info\/fr\/producten\/meubles\/chaises-de-plage\/acapulco\/","title":{"rendered":"Acapulco"},"content":{"rendered":"<p>\u2600\ufe0f Chaise longue Acapulco \u2013 Se d\u00e9tendre avec style<\/p>\n<p>La chaise longue Acapulco est votre compagnon id\u00e9al pour les journ\u00e9es ensoleill\u00e9es \u00e0 la plage, pr\u00e8s de la tente ou dans le jardin. Cette chaise longue confortable a un design bas et un dossier r\u00e9glable en plusieurs positions qui peut m\u00eame \u00eatre compl\u00e8tement rabattu. Vous pouvez ainsi transformer la chaise en un lit de plage confortable pour profiter pleinement du soleil.<\/p>\n<p>Gr\u00e2ce \u00e0 ses accoudoirs confortables et \u00e0 son coussin r\u00e9glable, vous pouvez toujours vous asseoir ou vous allonger exactement comme vous le souhaitez. La toile en textil\u00e8ne durable est sp\u00e9cialement con\u00e7ue pour une utilisation en ext\u00e9rieur : l&#8217;eau et le sable s&#8217;\u00e9coulent facilement, ce qui permet \u00e0 la chaise de s\u00e9cher rapidement et d&#8217;\u00eatre facile \u00e0 nettoyer.<\/p>\n<p>\u00c9l\u00e9gante, pratique et merveilleusement relaxante, la chaise longue Acapulco vous offre une sensation de vacances ultime chez vous.<\/p>\n<p>Taille: 60x55x20 \/ 74cm<br \/>\nPli\u00e9: 77x56x21cm<br \/>\nMati\u00e8re: 100% textil\u00e8ne<br \/>\nCadre: aluminium<br \/>\nCharge maximale 100 kg.<br \/>\nPoids: 2,5 kg.<\/p>\n","protected":false},"excerpt":{"rendered":"<p>\u2600\ufe0f Chaise longue Acapulco \u2013 Se d\u00e9tendre avec style La chaise longue Acapulco est votre compagnon id\u00e9al pour les journ\u00e9es ensoleill\u00e9es \u00e0 la plage, pr\u00e8s&hellip;<\/p>\n","protected":false},"featured_media":28700,"comment_status":"open","ping_status":"closed","template":"","meta":{"_acf_changed":false},"product_brand":[],"product_cat":[256],"product_tag":[],"class_list":{"0":"post-9606","1":"product","2":"type-product","3":"status-publish","4":"has-post-thumbnail","6":"product_cat-chaises-de-plage","8":"first","9":"instock","10":"shipping-taxable","11":"product-type-simple"},"acf":[],"yoast_head":"<!-- This site is optimized with the Yoast SEO plugin v27.4 - https:\/\/yoast.com\/product\/yoast-seo-wordpress\/ -->\n<title>Acapulco - Eurotrail | The way we camp!<\/title>\n<meta name=\"description\" content=\"Chaise longue Acapulco confortable avec dossier, accoudoirs et coussin r\u00e9glables. S\u00e8che rapidement gr\u00e2ce \u00e0 sa toile en textil\u00e8ne. Id\u00e9ale pour la plage et le camping.\" \/>\n<meta name=\"robots\" content=\"index, follow, max-snippet:-1, max-image-preview:large, max-video-preview:-1\" \/>\n<link rel=\"canonical\" href=\"https:\/\/eurotrail.info\/fr\/producten\/meubles\/chaises-de-plage\/acapulco\/\" \/>\n<meta property=\"og:locale\" content=\"fr_FR\" \/>\n<meta property=\"og:type\" content=\"article\" \/>\n<meta property=\"og:title\" content=\"Acapulco - Eurotrail | The way we camp!\" \/>\n<meta property=\"og:description\" content=\"Chaise longue Acapulco confortable avec dossier, accoudoirs et coussin r\u00e9glables. S\u00e8che rapidement gr\u00e2ce \u00e0 sa toile en textil\u00e8ne. Id\u00e9ale pour la plage et le camping.\" \/>\n<meta property=\"og:url\" content=\"https:\/\/eurotrail.info\/fr\/producten\/meubles\/chaises-de-plage\/acapulco\/\" \/>\n<meta property=\"og:site_name\" content=\"Eurotrail | The way we camp!\" \/>\n<meta property=\"article:modified_time\" content=\"2026-02-06T10:39:09+00:00\" \/>\n<meta property=\"og:image\" content=\"https:\/\/eurotrail.info\/wp\/wp-content\/uploads\/2016\/01\/ETCF5021-Acapulco-red-2S0-1.jpg\" \/>\n\t<meta property=\"og:image:width\" content=\"1586\" \/>\n\t<meta property=\"og:image:height\" content=\"1772\" \/>\n\t<meta property=\"og:image:type\" content=\"image\/jpeg\" \/>\n<meta name=\"twitter:card\" content=\"summary_large_image\" \/>\n<meta name=\"twitter:label1\" content=\"Dur\u00e9e de lecture estim\u00e9e\" \/>\n\t<meta name=\"twitter:data1\" content=\"1 minute\" \/>\n<script type=\"application\/ld+json\" class=\"yoast-schema-graph\">{\"@context\":\"https:\\\/\\\/schema.org\",\"@graph\":[{\"@type\":\"WebPage\",\"@id\":\"https:\\\/\\\/eurotrail.info\\\/fr\\\/producten\\\/meubles\\\/chaises-de-plage\\\/acapulco\\\/\",\"url\":\"https:\\\/\\\/eurotrail.info\\\/fr\\\/producten\\\/meubles\\\/chaises-de-plage\\\/acapulco\\\/\",\"name\":\"Acapulco - Eurotrail | The way we camp!\",\"isPartOf\":{\"@id\":\"https:\\\/\\\/eurotrail.info\\\/#website\"},\"primaryImageOfPage\":{\"@id\":\"https:\\\/\\\/eurotrail.info\\\/fr\\\/producten\\\/meubles\\\/chaises-de-plage\\\/acapulco\\\/#primaryimage\"},\"image\":{\"@id\":\"https:\\\/\\\/eurotrail.info\\\/fr\\\/producten\\\/meubles\\\/chaises-de-plage\\\/acapulco\\\/#primaryimage\"},\"thumbnailUrl\":\"https:\\\/\\\/eurotrail.info\\\/wp\\\/wp-content\\\/uploads\\\/2016\\\/01\\\/ETCF5021-Acapulco-red-2S0-1.jpg\",\"datePublished\":\"2016-01-20T15:35:11+00:00\",\"dateModified\":\"2026-02-06T10:39:09+00:00\",\"description\":\"Chaise longue Acapulco confortable avec dossier, accoudoirs et coussin r\u00e9glables. S\u00e8che rapidement gr\u00e2ce \u00e0 sa toile en textil\u00e8ne. Id\u00e9ale pour la plage et le camping.\",\"breadcrumb\":{\"@id\":\"https:\\\/\\\/eurotrail.info\\\/fr\\\/producten\\\/meubles\\\/chaises-de-plage\\\/acapulco\\\/#breadcrumb\"},\"inLanguage\":\"fr-FR\",\"potentialAction\":[{\"@type\":\"ReadAction\",\"target\":[\"https:\\\/\\\/eurotrail.info\\\/fr\\\/producten\\\/meubles\\\/chaises-de-plage\\\/acapulco\\\/\"]}]},{\"@type\":\"ImageObject\",\"inLanguage\":\"fr-FR\",\"@id\":\"https:\\\/\\\/eurotrail.info\\\/fr\\\/producten\\\/meubles\\\/chaises-de-plage\\\/acapulco\\\/#primaryimage\",\"url\":\"https:\\\/\\\/eurotrail.info\\\/wp\\\/wp-content\\\/uploads\\\/2016\\\/01\\\/ETCF5021-Acapulco-red-2S0-1.jpg\",\"contentUrl\":\"https:\\\/\\\/eurotrail.info\\\/wp\\\/wp-content\\\/uploads\\\/2016\\\/01\\\/ETCF5021-Acapulco-red-2S0-1.jpg\",\"width\":1586,\"height\":1772},{\"@type\":\"BreadcrumbList\",\"@id\":\"https:\\\/\\\/eurotrail.info\\\/fr\\\/producten\\\/meubles\\\/chaises-de-plage\\\/acapulco\\\/#breadcrumb\",\"itemListElement\":[{\"@type\":\"ListItem\",\"position\":1,\"name\":\"Home\",\"item\":\"https:\\\/\\\/eurotrail.info\\\/fr\\\/\"},{\"@type\":\"ListItem\",\"position\":2,\"name\":\"Produits\",\"item\":\"https:\\\/\\\/eurotrail.info\\\/fr\\\/produits\\\/\"},{\"@type\":\"ListItem\",\"position\":3,\"name\":\"Acapulco\"}]},{\"@type\":\"WebSite\",\"@id\":\"https:\\\/\\\/eurotrail.info\\\/#website\",\"url\":\"https:\\\/\\\/eurotrail.info\\\/\",\"name\":\"Eurotrail | The way we camp!\",\"description\":\"\",\"publisher\":{\"@id\":\"https:\\\/\\\/eurotrail.info\\\/#organization\"},\"potentialAction\":[{\"@type\":\"SearchAction\",\"target\":{\"@type\":\"EntryPoint\",\"urlTemplate\":\"https:\\\/\\\/eurotrail.info\\\/?s={search_term_string}\"},\"query-input\":{\"@type\":\"PropertyValueSpecification\",\"valueRequired\":true,\"valueName\":\"search_term_string\"}}],\"inLanguage\":\"fr-FR\"},{\"@type\":\"Organization\",\"@id\":\"https:\\\/\\\/eurotrail.info\\\/#organization\",\"name\":\"Eurotrail | The way we camp!\",\"url\":\"https:\\\/\\\/eurotrail.info\\\/\",\"logo\":{\"@type\":\"ImageObject\",\"inLanguage\":\"fr-FR\",\"@id\":\"https:\\\/\\\/eurotrail.info\\\/#\\\/schema\\\/logo\\\/image\\\/\",\"url\":\"https:\\\/\\\/eurotrail.info\\\/wp\\\/wp-content\\\/uploads\\\/2023\\\/07\\\/ET-logo-quote_NL-scaled.jpg\",\"contentUrl\":\"https:\\\/\\\/eurotrail.info\\\/wp\\\/wp-content\\\/uploads\\\/2023\\\/07\\\/ET-logo-quote_NL-scaled.jpg\",\"width\":2560,\"height\":675,\"caption\":\"Eurotrail | The way we camp!\"},\"image\":{\"@id\":\"https:\\\/\\\/eurotrail.info\\\/#\\\/schema\\\/logo\\\/image\\\/\"}}]}<\/script>\n<!-- \/ Yoast SEO plugin. -->","yoast_head_json":{"title":"Acapulco - Eurotrail | The way we camp!","description":"Chaise longue Acapulco confortable avec dossier, accoudoirs et coussin r\u00e9glables. S\u00e8che rapidement gr\u00e2ce \u00e0 sa toile en textil\u00e8ne. Id\u00e9ale pour la plage et le camping.","robots":{"index":"index","follow":"follow","max-snippet":"max-snippet:-1","max-image-preview":"max-image-preview:large","max-video-preview":"max-video-preview:-1"},"canonical":"https:\/\/eurotrail.info\/fr\/producten\/meubles\/chaises-de-plage\/acapulco\/","og_locale":"fr_FR","og_type":"article","og_title":"Acapulco - Eurotrail | The way we camp!","og_description":"Chaise longue Acapulco confortable avec dossier, accoudoirs et coussin r\u00e9glables. S\u00e8che rapidement gr\u00e2ce \u00e0 sa toile en textil\u00e8ne. Id\u00e9ale pour la plage et le camping.","og_url":"https:\/\/eurotrail.info\/fr\/producten\/meubles\/chaises-de-plage\/acapulco\/","og_site_name":"Eurotrail | The way we camp!","article_modified_time":"2026-02-06T10:39:09+00:00","og_image":[{"width":1586,"height":1772,"url":"https:\/\/eurotrail.info\/wp\/wp-content\/uploads\/2016\/01\/ETCF5021-Acapulco-red-2S0-1.jpg","type":"image\/jpeg"}],"twitter_card":"summary_large_image","twitter_misc":{"Dur\u00e9e de lecture estim\u00e9e":"1 minute"},"schema":{"@context":"https:\/\/schema.org","@graph":[{"@type":"WebPage","@id":"https:\/\/eurotrail.info\/fr\/producten\/meubles\/chaises-de-plage\/acapulco\/","url":"https:\/\/eurotrail.info\/fr\/producten\/meubles\/chaises-de-plage\/acapulco\/","name":"Acapulco - Eurotrail | The way we camp!","isPartOf":{"@id":"https:\/\/eurotrail.info\/#website"},"primaryImageOfPage":{"@id":"https:\/\/eurotrail.info\/fr\/producten\/meubles\/chaises-de-plage\/acapulco\/#primaryimage"},"image":{"@id":"https:\/\/eurotrail.info\/fr\/producten\/meubles\/chaises-de-plage\/acapulco\/#primaryimage"},"thumbnailUrl":"https:\/\/eurotrail.info\/wp\/wp-content\/uploads\/2016\/01\/ETCF5021-Acapulco-red-2S0-1.jpg","datePublished":"2016-01-20T15:35:11+00:00","dateModified":"2026-02-06T10:39:09+00:00","description":"Chaise longue Acapulco confortable avec dossier, accoudoirs et coussin r\u00e9glables. S\u00e8che rapidement gr\u00e2ce \u00e0 sa toile en textil\u00e8ne. Id\u00e9ale pour la plage et le camping.","breadcrumb":{"@id":"https:\/\/eurotrail.info\/fr\/producten\/meubles\/chaises-de-plage\/acapulco\/#breadcrumb"},"inLanguage":"fr-FR","potentialAction":[{"@type":"ReadAction","target":["https:\/\/eurotrail.info\/fr\/producten\/meubles\/chaises-de-plage\/acapulco\/"]}]},{"@type":"ImageObject","inLanguage":"fr-FR","@id":"https:\/\/eurotrail.info\/fr\/producten\/meubles\/chaises-de-plage\/acapulco\/#primaryimage","url":"https:\/\/eurotrail.info\/wp\/wp-content\/uploads\/2016\/01\/ETCF5021-Acapulco-red-2S0-1.jpg","contentUrl":"https:\/\/eurotrail.info\/wp\/wp-content\/uploads\/2016\/01\/ETCF5021-Acapulco-red-2S0-1.jpg","width":1586,"height":1772},{"@type":"BreadcrumbList","@id":"https:\/\/eurotrail.info\/fr\/producten\/meubles\/chaises-de-plage\/acapulco\/#breadcrumb","itemListElement":[{"@type":"ListItem","position":1,"name":"Home","item":"https:\/\/eurotrail.info\/fr\/"},{"@type":"ListItem","position":2,"name":"Produits","item":"https:\/\/eurotrail.info\/fr\/produits\/"},{"@type":"ListItem","position":3,"name":"Acapulco"}]},{"@type":"WebSite","@id":"https:\/\/eurotrail.info\/#website","url":"https:\/\/eurotrail.info\/","name":"Eurotrail | The way we camp!","description":"","publisher":{"@id":"https:\/\/eurotrail.info\/#organization"},"potentialAction":[{"@type":"SearchAction","target":{"@type":"EntryPoint","urlTemplate":"https:\/\/eurotrail.info\/?s={search_term_string}"},"query-input":{"@type":"PropertyValueSpecification","valueRequired":true,"valueName":"search_term_string"}}],"inLanguage":"fr-FR"},{"@type":"Organization","@id":"https:\/\/eurotrail.info\/#organization","name":"Eurotrail | The way we camp!","url":"https:\/\/eurotrail.info\/","logo":{"@type":"ImageObject","inLanguage":"fr-FR","@id":"https:\/\/eurotrail.info\/#\/schema\/logo\/image\/","url":"https:\/\/eurotrail.info\/wp\/wp-content\/uploads\/2023\/07\/ET-logo-quote_NL-scaled.jpg","contentUrl":"https:\/\/eurotrail.info\/wp\/wp-content\/uploads\/2023\/07\/ET-logo-quote_NL-scaled.jpg","width":2560,"height":675,"caption":"Eurotrail | The way we camp!"},"image":{"@id":"https:\/\/eurotrail.info\/#\/schema\/logo\/image\/"}}]}},"_links":{"self":[{"href":"https:\/\/eurotrail.info\/fr\/wp-json\/wp\/v2\/product\/9606","targetHints":{"allow":["GET"]}}],"collection":[{"href":"https:\/\/eurotrail.info\/fr\/wp-json\/wp\/v2\/product"}],"about":[{"href":"https:\/\/eurotrail.info\/fr\/wp-json\/wp\/v2\/types\/product"}],"replies":[{"embeddable":true,"href":"https:\/\/eurotrail.info\/fr\/wp-json\/wp\/v2\/comments?post=9606"}],"wp:featuredmedia":[{"embeddable":true,"href":"https:\/\/eurotrail.info\/fr\/wp-json\/wp\/v2\/media\/28700"}],"wp:attachment":[{"href":"https:\/\/eurotrail.info\/fr\/wp-json\/wp\/v2\/media?parent=9606"}],"wp:term":[{"taxonomy":"product_brand","embeddable":true,"href":"https:\/\/eurotrail.info\/fr\/wp-json\/wp\/v2\/product_brand?post=9606"},{"taxonomy":"product_cat","embeddable":true,"href":"https:\/\/eurotrail.info\/fr\/wp-json\/wp\/v2\/product_cat?post=9606"},{"taxonomy":"product_tag","embeddable":true,"href":"https:\/\/eurotrail.info\/fr\/wp-json\/wp\/v2\/product_tag?post=9606"}],"curies":[{"name":"wp","href":"https:\/\/api.w.org\/{rel}","templated":true}]}}