{"id":9755,"date":"2020-01-23T10:50:47","date_gmt":"2020-01-23T09:50:47","guid":{"rendered":"http:\/\/eurotrail.info\/producten\/royaal-lit-de-repos\/"},"modified":"2026-02-10T14:50:34","modified_gmt":"2026-02-10T13:50:34","slug":"royaal-lit-de-repos","status":"publish","type":"product","link":"https:\/\/eurotrail.info\/fr\/producten\/meubles\/chaises-longues\/royaal-lit-de-repos\/","title":{"rendered":"Royal lit de repos"},"content":{"rendered":"<p><strong>D\u00e9tente absolue et style<\/strong><\/p>\n<p>Cette chaise longue luxueuse est con\u00e7ue pour tous ceux qui souhaitent se relaxer confortablement au jardin, au camping ou au bord de la piscine. Son dossier r\u00e9glable vous permet de trouver la position id\u00e9ale, que ce soit pour lire assis ou pour profiter pleinement du soleil.<\/p>\n<p>Sa structure robuste en acier lui conf\u00e8re une excellente stabilit\u00e9 et une grande durabilit\u00e9. Pour plus de praticit\u00e9, le dossier est \u00e9quip\u00e9 d&#8217;un pied de support r\u00e9glable, assurant un maintien optimal quelle que soit votre position.<\/p>\n<p>L&#8217;assise de la chaise longue est en polyester rembourr\u00e9 r\u00e9sistant et d&#8217;une douceur incomparable. Le coussin appui-t\u00eate int\u00e9gr\u00e9 renforce le confort et vous permet de vous d\u00e9tendre pleinement.<\/p>\n<p>Apr\u00e8s utilisation, la chaise longue se plie facilement et se range dans un format compact et facile \u00e0 transporter.<\/p>\n<p>Taille: 200x75x35cm<br \/>\nPli\u00e9: 80x68x18cm<br \/>\nMati\u00e8re: 100% polyester rembourr\u00e9<br \/>\nCadre: acier peint par poudrage<br \/>\nCharge maximale: 120 kg.<br \/>\nPoids: 7,4 kg.:<\/p>\n","protected":false},"excerpt":{"rendered":"<p>D\u00e9tente absolue et style Cette chaise longue luxueuse est con\u00e7ue pour tous ceux qui souhaitent se relaxer confortablement au jardin, au camping ou au bord&hellip;<\/p>\n","protected":false},"featured_media":10037,"comment_status":"open","ping_status":"closed","template":"","meta":{"_acf_changed":false},"product_brand":[],"product_cat":[262,253],"product_tag":[],"class_list":{"0":"post-9755","1":"product","2":"type-product","3":"status-publish","4":"has-post-thumbnail","6":"product_cat-chaises-longues","7":"product_cat-meubles","9":"first","10":"instock","11":"shipping-taxable","12":"product-type-simple"},"acf":[],"yoast_head":"<!-- This site is optimized with the Yoast SEO plugin v27.4 - https:\/\/yoast.com\/product\/yoast-seo-wordpress\/ -->\n<title>Royal lit de repos - Eurotrail | The way we camp!<\/title>\n<meta name=\"robots\" content=\"index, follow, max-snippet:-1, max-image-preview:large, max-video-preview:-1\" \/>\n<link rel=\"canonical\" href=\"https:\/\/eurotrail.info\/fr\/producten\/meubles\/chaises-longues\/royaal-lit-de-repos\/\" \/>\n<meta property=\"og:locale\" content=\"fr_FR\" \/>\n<meta property=\"og:type\" content=\"article\" \/>\n<meta property=\"og:title\" content=\"Royal lit de repos - Eurotrail | The way we camp!\" \/>\n<meta property=\"og:description\" content=\"D\u00e9tente absolue et style Cette chaise longue luxueuse est con\u00e7ue pour tous ceux qui souhaitent se relaxer confortablement au jardin, au camping ou au bord&hellip;\" \/>\n<meta property=\"og:url\" content=\"https:\/\/eurotrail.info\/fr\/producten\/meubles\/chaises-longues\/royaal-lit-de-repos\/\" \/>\n<meta property=\"og:site_name\" content=\"Eurotrail | The way we camp!\" \/>\n<meta property=\"article:modified_time\" content=\"2026-02-10T13:50:34+00:00\" \/>\n<meta property=\"og:image\" content=\"https:\/\/eurotrail.info\/wp\/wp-content\/uploads\/2020\/01\/ETCF0085_0201_1-2.jpg\" \/>\n\t<meta property=\"og:image:width\" content=\"2560\" \/>\n\t<meta property=\"og:image:height\" content=\"1291\" \/>\n\t<meta property=\"og:image:type\" content=\"image\/jpeg\" \/>\n<meta name=\"twitter:card\" content=\"summary_large_image\" \/>\n<meta name=\"twitter:label1\" content=\"Dur\u00e9e de lecture estim\u00e9e\" \/>\n\t<meta name=\"twitter:data1\" content=\"1 minute\" \/>\n<script type=\"application\/ld+json\" class=\"yoast-schema-graph\">{\"@context\":\"https:\\\/\\\/schema.org\",\"@graph\":[{\"@type\":\"WebPage\",\"@id\":\"https:\\\/\\\/eurotrail.info\\\/fr\\\/producten\\\/meubles\\\/chaises-longues\\\/royaal-lit-de-repos\\\/\",\"url\":\"https:\\\/\\\/eurotrail.info\\\/fr\\\/producten\\\/meubles\\\/chaises-longues\\\/royaal-lit-de-repos\\\/\",\"name\":\"Royal lit de repos - Eurotrail | The way we camp!\",\"isPartOf\":{\"@id\":\"https:\\\/\\\/eurotrail.info\\\/#website\"},\"primaryImageOfPage\":{\"@id\":\"https:\\\/\\\/eurotrail.info\\\/fr\\\/producten\\\/meubles\\\/chaises-longues\\\/royaal-lit-de-repos\\\/#primaryimage\"},\"image\":{\"@id\":\"https:\\\/\\\/eurotrail.info\\\/fr\\\/producten\\\/meubles\\\/chaises-longues\\\/royaal-lit-de-repos\\\/#primaryimage\"},\"thumbnailUrl\":\"https:\\\/\\\/eurotrail.info\\\/wp\\\/wp-content\\\/uploads\\\/2020\\\/01\\\/ETCF0085_0201_1-2.jpg\",\"datePublished\":\"2020-01-23T09:50:47+00:00\",\"dateModified\":\"2026-02-10T13:50:34+00:00\",\"breadcrumb\":{\"@id\":\"https:\\\/\\\/eurotrail.info\\\/fr\\\/producten\\\/meubles\\\/chaises-longues\\\/royaal-lit-de-repos\\\/#breadcrumb\"},\"inLanguage\":\"fr-FR\",\"potentialAction\":[{\"@type\":\"ReadAction\",\"target\":[\"https:\\\/\\\/eurotrail.info\\\/fr\\\/producten\\\/meubles\\\/chaises-longues\\\/royaal-lit-de-repos\\\/\"]}]},{\"@type\":\"ImageObject\",\"inLanguage\":\"fr-FR\",\"@id\":\"https:\\\/\\\/eurotrail.info\\\/fr\\\/producten\\\/meubles\\\/chaises-longues\\\/royaal-lit-de-repos\\\/#primaryimage\",\"url\":\"https:\\\/\\\/eurotrail.info\\\/wp\\\/wp-content\\\/uploads\\\/2020\\\/01\\\/ETCF0085_0201_1-2.jpg\",\"contentUrl\":\"https:\\\/\\\/eurotrail.info\\\/wp\\\/wp-content\\\/uploads\\\/2020\\\/01\\\/ETCF0085_0201_1-2.jpg\",\"width\":2560,\"height\":1291,\"caption\":\"Materiaal: 100% polycarbonaat Inhoud: 340 ml Gewicht: 115 gr.\"},{\"@type\":\"BreadcrumbList\",\"@id\":\"https:\\\/\\\/eurotrail.info\\\/fr\\\/producten\\\/meubles\\\/chaises-longues\\\/royaal-lit-de-repos\\\/#breadcrumb\",\"itemListElement\":[{\"@type\":\"ListItem\",\"position\":1,\"name\":\"Home\",\"item\":\"https:\\\/\\\/eurotrail.info\\\/fr\\\/\"},{\"@type\":\"ListItem\",\"position\":2,\"name\":\"Produits\",\"item\":\"https:\\\/\\\/eurotrail.info\\\/fr\\\/produits\\\/\"},{\"@type\":\"ListItem\",\"position\":3,\"name\":\"Royal lit de repos\"}]},{\"@type\":\"WebSite\",\"@id\":\"https:\\\/\\\/eurotrail.info\\\/#website\",\"url\":\"https:\\\/\\\/eurotrail.info\\\/\",\"name\":\"Eurotrail | The way we camp!\",\"description\":\"\",\"publisher\":{\"@id\":\"https:\\\/\\\/eurotrail.info\\\/#organization\"},\"potentialAction\":[{\"@type\":\"SearchAction\",\"target\":{\"@type\":\"EntryPoint\",\"urlTemplate\":\"https:\\\/\\\/eurotrail.info\\\/?s={search_term_string}\"},\"query-input\":{\"@type\":\"PropertyValueSpecification\",\"valueRequired\":true,\"valueName\":\"search_term_string\"}}],\"inLanguage\":\"fr-FR\"},{\"@type\":\"Organization\",\"@id\":\"https:\\\/\\\/eurotrail.info\\\/#organization\",\"name\":\"Eurotrail | The way we camp!\",\"url\":\"https:\\\/\\\/eurotrail.info\\\/\",\"logo\":{\"@type\":\"ImageObject\",\"inLanguage\":\"fr-FR\",\"@id\":\"https:\\\/\\\/eurotrail.info\\\/#\\\/schema\\\/logo\\\/image\\\/\",\"url\":\"https:\\\/\\\/eurotrail.info\\\/wp\\\/wp-content\\\/uploads\\\/2023\\\/07\\\/ET-logo-quote_NL-scaled.jpg\",\"contentUrl\":\"https:\\\/\\\/eurotrail.info\\\/wp\\\/wp-content\\\/uploads\\\/2023\\\/07\\\/ET-logo-quote_NL-scaled.jpg\",\"width\":2560,\"height\":675,\"caption\":\"Eurotrail | The way we camp!\"},\"image\":{\"@id\":\"https:\\\/\\\/eurotrail.info\\\/#\\\/schema\\\/logo\\\/image\\\/\"}}]}<\/script>\n<!-- \/ Yoast SEO plugin. -->","yoast_head_json":{"title":"Royal lit de repos - Eurotrail | The way we camp!","robots":{"index":"index","follow":"follow","max-snippet":"max-snippet:-1","max-image-preview":"max-image-preview:large","max-video-preview":"max-video-preview:-1"},"canonical":"https:\/\/eurotrail.info\/fr\/producten\/meubles\/chaises-longues\/royaal-lit-de-repos\/","og_locale":"fr_FR","og_type":"article","og_title":"Royal lit de repos - Eurotrail | The way we camp!","og_description":"D\u00e9tente absolue et style Cette chaise longue luxueuse est con\u00e7ue pour tous ceux qui souhaitent se relaxer confortablement au jardin, au camping ou au bord&hellip;","og_url":"https:\/\/eurotrail.info\/fr\/producten\/meubles\/chaises-longues\/royaal-lit-de-repos\/","og_site_name":"Eurotrail | The way we camp!","article_modified_time":"2026-02-10T13:50:34+00:00","og_image":[{"width":2560,"height":1291,"url":"https:\/\/eurotrail.info\/wp\/wp-content\/uploads\/2020\/01\/ETCF0085_0201_1-2.jpg","type":"image\/jpeg"}],"twitter_card":"summary_large_image","twitter_misc":{"Dur\u00e9e de lecture estim\u00e9e":"1 minute"},"schema":{"@context":"https:\/\/schema.org","@graph":[{"@type":"WebPage","@id":"https:\/\/eurotrail.info\/fr\/producten\/meubles\/chaises-longues\/royaal-lit-de-repos\/","url":"https:\/\/eurotrail.info\/fr\/producten\/meubles\/chaises-longues\/royaal-lit-de-repos\/","name":"Royal lit de repos - Eurotrail | The way we camp!","isPartOf":{"@id":"https:\/\/eurotrail.info\/#website"},"primaryImageOfPage":{"@id":"https:\/\/eurotrail.info\/fr\/producten\/meubles\/chaises-longues\/royaal-lit-de-repos\/#primaryimage"},"image":{"@id":"https:\/\/eurotrail.info\/fr\/producten\/meubles\/chaises-longues\/royaal-lit-de-repos\/#primaryimage"},"thumbnailUrl":"https:\/\/eurotrail.info\/wp\/wp-content\/uploads\/2020\/01\/ETCF0085_0201_1-2.jpg","datePublished":"2020-01-23T09:50:47+00:00","dateModified":"2026-02-10T13:50:34+00:00","breadcrumb":{"@id":"https:\/\/eurotrail.info\/fr\/producten\/meubles\/chaises-longues\/royaal-lit-de-repos\/#breadcrumb"},"inLanguage":"fr-FR","potentialAction":[{"@type":"ReadAction","target":["https:\/\/eurotrail.info\/fr\/producten\/meubles\/chaises-longues\/royaal-lit-de-repos\/"]}]},{"@type":"ImageObject","inLanguage":"fr-FR","@id":"https:\/\/eurotrail.info\/fr\/producten\/meubles\/chaises-longues\/royaal-lit-de-repos\/#primaryimage","url":"https:\/\/eurotrail.info\/wp\/wp-content\/uploads\/2020\/01\/ETCF0085_0201_1-2.jpg","contentUrl":"https:\/\/eurotrail.info\/wp\/wp-content\/uploads\/2020\/01\/ETCF0085_0201_1-2.jpg","width":2560,"height":1291,"caption":"Materiaal: 100% polycarbonaat Inhoud: 340 ml Gewicht: 115 gr."},{"@type":"BreadcrumbList","@id":"https:\/\/eurotrail.info\/fr\/producten\/meubles\/chaises-longues\/royaal-lit-de-repos\/#breadcrumb","itemListElement":[{"@type":"ListItem","position":1,"name":"Home","item":"https:\/\/eurotrail.info\/fr\/"},{"@type":"ListItem","position":2,"name":"Produits","item":"https:\/\/eurotrail.info\/fr\/produits\/"},{"@type":"ListItem","position":3,"name":"Royal lit de repos"}]},{"@type":"WebSite","@id":"https:\/\/eurotrail.info\/#website","url":"https:\/\/eurotrail.info\/","name":"Eurotrail | The way we camp!","description":"","publisher":{"@id":"https:\/\/eurotrail.info\/#organization"},"potentialAction":[{"@type":"SearchAction","target":{"@type":"EntryPoint","urlTemplate":"https:\/\/eurotrail.info\/?s={search_term_string}"},"query-input":{"@type":"PropertyValueSpecification","valueRequired":true,"valueName":"search_term_string"}}],"inLanguage":"fr-FR"},{"@type":"Organization","@id":"https:\/\/eurotrail.info\/#organization","name":"Eurotrail | The way we camp!","url":"https:\/\/eurotrail.info\/","logo":{"@type":"ImageObject","inLanguage":"fr-FR","@id":"https:\/\/eurotrail.info\/#\/schema\/logo\/image\/","url":"https:\/\/eurotrail.info\/wp\/wp-content\/uploads\/2023\/07\/ET-logo-quote_NL-scaled.jpg","contentUrl":"https:\/\/eurotrail.info\/wp\/wp-content\/uploads\/2023\/07\/ET-logo-quote_NL-scaled.jpg","width":2560,"height":675,"caption":"Eurotrail | The way we camp!"},"image":{"@id":"https:\/\/eurotrail.info\/#\/schema\/logo\/image\/"}}]}},"_links":{"self":[{"href":"https:\/\/eurotrail.info\/fr\/wp-json\/wp\/v2\/product\/9755","targetHints":{"allow":["GET"]}}],"collection":[{"href":"https:\/\/eurotrail.info\/fr\/wp-json\/wp\/v2\/product"}],"about":[{"href":"https:\/\/eurotrail.info\/fr\/wp-json\/wp\/v2\/types\/product"}],"replies":[{"embeddable":true,"href":"https:\/\/eurotrail.info\/fr\/wp-json\/wp\/v2\/comments?post=9755"}],"wp:featuredmedia":[{"embeddable":true,"href":"https:\/\/eurotrail.info\/fr\/wp-json\/wp\/v2\/media\/10037"}],"wp:attachment":[{"href":"https:\/\/eurotrail.info\/fr\/wp-json\/wp\/v2\/media?parent=9755"}],"wp:term":[{"taxonomy":"product_brand","embeddable":true,"href":"https:\/\/eurotrail.info\/fr\/wp-json\/wp\/v2\/product_brand?post=9755"},{"taxonomy":"product_cat","embeddable":true,"href":"https:\/\/eurotrail.info\/fr\/wp-json\/wp\/v2\/product_cat?post=9755"},{"taxonomy":"product_tag","embeddable":true,"href":"https:\/\/eurotrail.info\/fr\/wp-json\/wp\/v2\/product_tag?post=9755"}],"curies":[{"name":"wp","href":"https:\/\/api.w.org\/{rel}","templated":true}]}}