{"id":9773,"date":"2017-01-19T17:24:54","date_gmt":"2017-01-19T16:24:54","guid":{"rendered":"http:\/\/eurotrail.info\/producten\/alaska\/"},"modified":"2020-12-18T12:58:55","modified_gmt":"2020-12-18T11:58:55","slug":"alaska","status":"publish","type":"product","link":"https:\/\/eurotrail.info\/fr\/producten\/sacs-de-couchage\/sacs-de-couchage-fr\/alaska\/","title":{"rendered":"Alaska &#8211; Sac de couchage"},"content":{"rendered":"<p>Sac de couchage mod\u00e8le couverture en polyester sp\u00e9cialement trait\u00e9 (finition p\u00eache) tr\u00e8s doux et agr\u00e9able sur la peau, respirant et hydrofuge. Equip\u00e9 d&#8217;un remplissage en fibre creuse SLII (Supreme Loft II). Ce rembourrage garantit que vous restez agr\u00e9ablement au chaud la nuit. Le meilleur confort ou temp\u00e9rature ambiante de ce sac de couchage est d&#8217;environ 0 \u00b0 C.<\/p>\n<p>Le sac de couchage Alaska est zipp\u00e9 et donc facile \u00e0 combiner en un sac de couchage double. Le sac de couchage id\u00e9al \u00e0 emporter avec vous pendant vos vacances en camping ou lorsque vous s\u00e9journez quelque part. Apr\u00e8s utilisation, le sac de couchage convient au lavage dans la machine. \u00a0Nous vous conseillons de ne pas les essorer et de les laisser s\u00e9cher \u00e0 l&#8217;air. Facile et pratique \u00e0 ranger dans la housse de compression fourni.<\/p>\n<p>Dimensions : 200 x 80 cm<br \/>\nRev\u00eatement ext\u00e9rieur : PES Soft touch Polyester 230 T.<br \/>\nDoublure int\u00e9rieure : polyester PES soft touch 210 T.<br \/>\nRembourrage : 350 gr \/ m\u00b2 SLII Construction 2 couches en fibres creuses<br \/>\nPoids : 1750 gr<\/p>\n<p>Plage de temp\u00e9rature : 20\/0 \/ -5 \u00baC<\/p>\n<p>Remarque : la valeur d&#8217;isolation indiqu\u00e9e comprend le confort, la tol\u00e9rance et une valeur extr\u00eame. Les valeurs ne sont que des indications, le froid et la chaleur sont ressentis diff\u00e9remment par chaque personne et d\u00e9pendent fortement de la condition physique, de la surface, du tapis de couchage, du vent, de l&#8217;humidit\u00e9, etc.<\/p>\n","protected":false},"excerpt":{"rendered":"<p>Sac de couchage mod\u00e8le couverture en polyester sp\u00e9cialement trait\u00e9 (finition p\u00eache) tr\u00e8s doux et agr\u00e9able sur la peau, respirant et hydrofuge. Equip\u00e9 d&#8217;un remplissage en&hellip;<\/p>\n","protected":false},"featured_media":9774,"comment_status":"open","ping_status":"closed","template":"","meta":{"_acf_changed":false},"product_brand":[],"product_cat":[272],"product_tag":[],"class_list":{"0":"post-9773","1":"product","2":"type-product","3":"status-publish","4":"has-post-thumbnail","6":"product_cat-sacs-de-couchage-fr","8":"first","9":"instock","10":"shipping-taxable","11":"product-type-simple"},"acf":[],"yoast_head":"<!-- This site is optimized with the Yoast SEO plugin v27.3 - https:\/\/yoast.com\/product\/yoast-seo-wordpress\/ -->\n<title>Alaska - Sac de couchage - Eurotrail | The way we camp!<\/title>\n<meta name=\"robots\" content=\"index, follow, max-snippet:-1, max-image-preview:large, max-video-preview:-1\" \/>\n<link rel=\"canonical\" href=\"https:\/\/eurotrail.info\/fr\/producten\/sacs-de-couchage\/sacs-de-couchage-fr\/alaska\/\" \/>\n<meta property=\"og:locale\" content=\"fr_FR\" \/>\n<meta property=\"og:type\" content=\"article\" \/>\n<meta property=\"og:title\" content=\"Alaska - Sac de couchage - Eurotrail | The way we camp!\" \/>\n<meta property=\"og:description\" content=\"Sac de couchage mod\u00e8le couverture en polyester sp\u00e9cialement trait\u00e9 (finition p\u00eache) tr\u00e8s doux et agr\u00e9able sur la peau, respirant et hydrofuge. Equip\u00e9 d&#8217;un remplissage en&hellip;\" \/>\n<meta property=\"og:url\" content=\"https:\/\/eurotrail.info\/fr\/producten\/sacs-de-couchage\/sacs-de-couchage-fr\/alaska\/\" \/>\n<meta property=\"og:site_name\" content=\"Eurotrail | The way we camp!\" \/>\n<meta property=\"article:modified_time\" content=\"2020-12-18T11:58:55+00:00\" \/>\n<meta property=\"og:image\" content=\"https:\/\/eurotrail.info\/wp\/wp-content\/uploads\/2017\/01\/ETSB0136-Alaska-14.jpg\" \/>\n\t<meta property=\"og:image:width\" content=\"1654\" \/>\n\t<meta property=\"og:image:height\" content=\"919\" \/>\n\t<meta property=\"og:image:type\" content=\"image\/jpeg\" \/>\n<meta name=\"twitter:card\" content=\"summary_large_image\" \/>\n<meta name=\"twitter:label1\" content=\"Dur\u00e9e de lecture estim\u00e9e\" \/>\n\t<meta name=\"twitter:data1\" content=\"1 minute\" \/>\n<script type=\"application\/ld+json\" class=\"yoast-schema-graph\">{\"@context\":\"https:\\\/\\\/schema.org\",\"@graph\":[{\"@type\":\"WebPage\",\"@id\":\"https:\\\/\\\/eurotrail.info\\\/fr\\\/producten\\\/sacs-de-couchage\\\/sacs-de-couchage-fr\\\/alaska\\\/\",\"url\":\"https:\\\/\\\/eurotrail.info\\\/fr\\\/producten\\\/sacs-de-couchage\\\/sacs-de-couchage-fr\\\/alaska\\\/\",\"name\":\"Alaska - Sac de couchage - Eurotrail | The way we camp!\",\"isPartOf\":{\"@id\":\"https:\\\/\\\/eurotrail.info\\\/#website\"},\"primaryImageOfPage\":{\"@id\":\"https:\\\/\\\/eurotrail.info\\\/fr\\\/producten\\\/sacs-de-couchage\\\/sacs-de-couchage-fr\\\/alaska\\\/#primaryimage\"},\"image\":{\"@id\":\"https:\\\/\\\/eurotrail.info\\\/fr\\\/producten\\\/sacs-de-couchage\\\/sacs-de-couchage-fr\\\/alaska\\\/#primaryimage\"},\"thumbnailUrl\":\"https:\\\/\\\/eurotrail.info\\\/wp\\\/wp-content\\\/uploads\\\/2017\\\/01\\\/ETSB0136-Alaska-14.jpg\",\"datePublished\":\"2017-01-19T16:24:54+00:00\",\"dateModified\":\"2020-12-18T11:58:55+00:00\",\"breadcrumb\":{\"@id\":\"https:\\\/\\\/eurotrail.info\\\/fr\\\/producten\\\/sacs-de-couchage\\\/sacs-de-couchage-fr\\\/alaska\\\/#breadcrumb\"},\"inLanguage\":\"fr-FR\",\"potentialAction\":[{\"@type\":\"ReadAction\",\"target\":[\"https:\\\/\\\/eurotrail.info\\\/fr\\\/producten\\\/sacs-de-couchage\\\/sacs-de-couchage-fr\\\/alaska\\\/\"]}]},{\"@type\":\"ImageObject\",\"inLanguage\":\"fr-FR\",\"@id\":\"https:\\\/\\\/eurotrail.info\\\/fr\\\/producten\\\/sacs-de-couchage\\\/sacs-de-couchage-fr\\\/alaska\\\/#primaryimage\",\"url\":\"https:\\\/\\\/eurotrail.info\\\/wp\\\/wp-content\\\/uploads\\\/2017\\\/01\\\/ETSB0136-Alaska-14.jpg\",\"contentUrl\":\"https:\\\/\\\/eurotrail.info\\\/wp\\\/wp-content\\\/uploads\\\/2017\\\/01\\\/ETSB0136-Alaska-14.jpg\",\"width\":1654,\"height\":919},{\"@type\":\"BreadcrumbList\",\"@id\":\"https:\\\/\\\/eurotrail.info\\\/fr\\\/producten\\\/sacs-de-couchage\\\/sacs-de-couchage-fr\\\/alaska\\\/#breadcrumb\",\"itemListElement\":[{\"@type\":\"ListItem\",\"position\":1,\"name\":\"Home\",\"item\":\"https:\\\/\\\/eurotrail.info\\\/fr\\\/\"},{\"@type\":\"ListItem\",\"position\":2,\"name\":\"Produits\",\"item\":\"https:\\\/\\\/eurotrail.info\\\/fr\\\/produits\\\/\"},{\"@type\":\"ListItem\",\"position\":3,\"name\":\"Alaska &#8211; Sac de couchage\"}]},{\"@type\":\"WebSite\",\"@id\":\"https:\\\/\\\/eurotrail.info\\\/#website\",\"url\":\"https:\\\/\\\/eurotrail.info\\\/\",\"name\":\"Eurotrail | The way we camp!\",\"description\":\"\",\"publisher\":{\"@id\":\"https:\\\/\\\/eurotrail.info\\\/#organization\"},\"potentialAction\":[{\"@type\":\"SearchAction\",\"target\":{\"@type\":\"EntryPoint\",\"urlTemplate\":\"https:\\\/\\\/eurotrail.info\\\/?s={search_term_string}\"},\"query-input\":{\"@type\":\"PropertyValueSpecification\",\"valueRequired\":true,\"valueName\":\"search_term_string\"}}],\"inLanguage\":\"fr-FR\"},{\"@type\":\"Organization\",\"@id\":\"https:\\\/\\\/eurotrail.info\\\/#organization\",\"name\":\"Eurotrail | The way we camp!\",\"url\":\"https:\\\/\\\/eurotrail.info\\\/\",\"logo\":{\"@type\":\"ImageObject\",\"inLanguage\":\"fr-FR\",\"@id\":\"https:\\\/\\\/eurotrail.info\\\/#\\\/schema\\\/logo\\\/image\\\/\",\"url\":\"https:\\\/\\\/eurotrail.info\\\/wp\\\/wp-content\\\/uploads\\\/2023\\\/07\\\/ET-logo-quote_NL-scaled.jpg\",\"contentUrl\":\"https:\\\/\\\/eurotrail.info\\\/wp\\\/wp-content\\\/uploads\\\/2023\\\/07\\\/ET-logo-quote_NL-scaled.jpg\",\"width\":2560,\"height\":675,\"caption\":\"Eurotrail | The way we camp!\"},\"image\":{\"@id\":\"https:\\\/\\\/eurotrail.info\\\/#\\\/schema\\\/logo\\\/image\\\/\"}}]}<\/script>\n<!-- \/ Yoast SEO plugin. -->","yoast_head_json":{"title":"Alaska - Sac de couchage - Eurotrail | The way we camp!","robots":{"index":"index","follow":"follow","max-snippet":"max-snippet:-1","max-image-preview":"max-image-preview:large","max-video-preview":"max-video-preview:-1"},"canonical":"https:\/\/eurotrail.info\/fr\/producten\/sacs-de-couchage\/sacs-de-couchage-fr\/alaska\/","og_locale":"fr_FR","og_type":"article","og_title":"Alaska - Sac de couchage - Eurotrail | The way we camp!","og_description":"Sac de couchage mod\u00e8le couverture en polyester sp\u00e9cialement trait\u00e9 (finition p\u00eache) tr\u00e8s doux et agr\u00e9able sur la peau, respirant et hydrofuge. Equip\u00e9 d&#8217;un remplissage en&hellip;","og_url":"https:\/\/eurotrail.info\/fr\/producten\/sacs-de-couchage\/sacs-de-couchage-fr\/alaska\/","og_site_name":"Eurotrail | The way we camp!","article_modified_time":"2020-12-18T11:58:55+00:00","og_image":[{"width":1654,"height":919,"url":"https:\/\/eurotrail.info\/wp\/wp-content\/uploads\/2017\/01\/ETSB0136-Alaska-14.jpg","type":"image\/jpeg"}],"twitter_card":"summary_large_image","twitter_misc":{"Dur\u00e9e de lecture estim\u00e9e":"1 minute"},"schema":{"@context":"https:\/\/schema.org","@graph":[{"@type":"WebPage","@id":"https:\/\/eurotrail.info\/fr\/producten\/sacs-de-couchage\/sacs-de-couchage-fr\/alaska\/","url":"https:\/\/eurotrail.info\/fr\/producten\/sacs-de-couchage\/sacs-de-couchage-fr\/alaska\/","name":"Alaska - Sac de couchage - Eurotrail | The way we camp!","isPartOf":{"@id":"https:\/\/eurotrail.info\/#website"},"primaryImageOfPage":{"@id":"https:\/\/eurotrail.info\/fr\/producten\/sacs-de-couchage\/sacs-de-couchage-fr\/alaska\/#primaryimage"},"image":{"@id":"https:\/\/eurotrail.info\/fr\/producten\/sacs-de-couchage\/sacs-de-couchage-fr\/alaska\/#primaryimage"},"thumbnailUrl":"https:\/\/eurotrail.info\/wp\/wp-content\/uploads\/2017\/01\/ETSB0136-Alaska-14.jpg","datePublished":"2017-01-19T16:24:54+00:00","dateModified":"2020-12-18T11:58:55+00:00","breadcrumb":{"@id":"https:\/\/eurotrail.info\/fr\/producten\/sacs-de-couchage\/sacs-de-couchage-fr\/alaska\/#breadcrumb"},"inLanguage":"fr-FR","potentialAction":[{"@type":"ReadAction","target":["https:\/\/eurotrail.info\/fr\/producten\/sacs-de-couchage\/sacs-de-couchage-fr\/alaska\/"]}]},{"@type":"ImageObject","inLanguage":"fr-FR","@id":"https:\/\/eurotrail.info\/fr\/producten\/sacs-de-couchage\/sacs-de-couchage-fr\/alaska\/#primaryimage","url":"https:\/\/eurotrail.info\/wp\/wp-content\/uploads\/2017\/01\/ETSB0136-Alaska-14.jpg","contentUrl":"https:\/\/eurotrail.info\/wp\/wp-content\/uploads\/2017\/01\/ETSB0136-Alaska-14.jpg","width":1654,"height":919},{"@type":"BreadcrumbList","@id":"https:\/\/eurotrail.info\/fr\/producten\/sacs-de-couchage\/sacs-de-couchage-fr\/alaska\/#breadcrumb","itemListElement":[{"@type":"ListItem","position":1,"name":"Home","item":"https:\/\/eurotrail.info\/fr\/"},{"@type":"ListItem","position":2,"name":"Produits","item":"https:\/\/eurotrail.info\/fr\/produits\/"},{"@type":"ListItem","position":3,"name":"Alaska &#8211; Sac de couchage"}]},{"@type":"WebSite","@id":"https:\/\/eurotrail.info\/#website","url":"https:\/\/eurotrail.info\/","name":"Eurotrail | The way we camp!","description":"","publisher":{"@id":"https:\/\/eurotrail.info\/#organization"},"potentialAction":[{"@type":"SearchAction","target":{"@type":"EntryPoint","urlTemplate":"https:\/\/eurotrail.info\/?s={search_term_string}"},"query-input":{"@type":"PropertyValueSpecification","valueRequired":true,"valueName":"search_term_string"}}],"inLanguage":"fr-FR"},{"@type":"Organization","@id":"https:\/\/eurotrail.info\/#organization","name":"Eurotrail | The way we camp!","url":"https:\/\/eurotrail.info\/","logo":{"@type":"ImageObject","inLanguage":"fr-FR","@id":"https:\/\/eurotrail.info\/#\/schema\/logo\/image\/","url":"https:\/\/eurotrail.info\/wp\/wp-content\/uploads\/2023\/07\/ET-logo-quote_NL-scaled.jpg","contentUrl":"https:\/\/eurotrail.info\/wp\/wp-content\/uploads\/2023\/07\/ET-logo-quote_NL-scaled.jpg","width":2560,"height":675,"caption":"Eurotrail | The way we camp!"},"image":{"@id":"https:\/\/eurotrail.info\/#\/schema\/logo\/image\/"}}]}},"_links":{"self":[{"href":"https:\/\/eurotrail.info\/fr\/wp-json\/wp\/v2\/product\/9773","targetHints":{"allow":["GET"]}}],"collection":[{"href":"https:\/\/eurotrail.info\/fr\/wp-json\/wp\/v2\/product"}],"about":[{"href":"https:\/\/eurotrail.info\/fr\/wp-json\/wp\/v2\/types\/product"}],"replies":[{"embeddable":true,"href":"https:\/\/eurotrail.info\/fr\/wp-json\/wp\/v2\/comments?post=9773"}],"wp:featuredmedia":[{"embeddable":true,"href":"https:\/\/eurotrail.info\/fr\/wp-json\/wp\/v2\/media\/9774"}],"wp:attachment":[{"href":"https:\/\/eurotrail.info\/fr\/wp-json\/wp\/v2\/media?parent=9773"}],"wp:term":[{"taxonomy":"product_brand","embeddable":true,"href":"https:\/\/eurotrail.info\/fr\/wp-json\/wp\/v2\/product_brand?post=9773"},{"taxonomy":"product_cat","embeddable":true,"href":"https:\/\/eurotrail.info\/fr\/wp-json\/wp\/v2\/product_cat?post=9773"},{"taxonomy":"product_tag","embeddable":true,"href":"https:\/\/eurotrail.info\/fr\/wp-json\/wp\/v2\/product_tag?post=9773"}],"curies":[{"name":"wp","href":"https:\/\/api.w.org\/{rel}","templated":true}]}}